{"id":1299,"date":"2012-12-07T11:56:59","date_gmt":"2012-12-07T11:56:59","guid":{"rendered":"https:\/\/fgti-distribution.fr\/?page_id=1299"},"modified":"2023-07-05T12:11:56","modified_gmt":"2023-07-05T12:11:56","slug":"generalities","status":"publish","type":"page","link":"https:\/\/fgti-distribution.fr\/en\/joints-detancheite\/generalites\/","title":{"rendered":"Function of a composite seal"},"content":{"rendered":"<section id=\"bt_bb_section69f4de9ed5939\" class=\"bt_bb_section bt_bb_layout_boxed_1200\"  data-bt-override-class=\"null\"><div class=\"bt_bb_port\"><div class=\"bt_bb_cell\"><div class=\"bt_bb_cell_inner\"><div class=\"bt_bb_row\"  data-bt-override-class=\"{}\"><div class=\"bt_bb_row_holder\" ><div  class=\"bt_bb_column col-xxl-12 col-xl-12 col-xs-12 col-sm-12 col-md-12 col-lg-12 bt_bb_vertical_align_top bt_bb_align_left bt_bb_padding_normal\" style=\"; --column-width:12;\" data-width=\"12\" data-bt-override-class=\"{}\"><div class=\"bt_bb_column_content\"><div class=\"bt_bb_column_content_inner\"><div class=\"bt_bb_raw_content\"><div class=\"bt_bb_wrapper\"><div id=\"pl-1299\" class=\"panel-layout\">\n<div id=\"pg-1299-0\" class=\"panel-grid panel-no-style\">\n<div id=\"pgc-1299-0-0\" class=\"panel-grid-cell\" data-weight=\"1\">\n<div id=\"panel-1299-0-0-0\" class=\"so-panel widget widget_custom_html panel-first-child panel-last-child\" data-index=\"0\" data-style=\"{\"background_image_attachment\":false,\"background_display\":\"tile\"}\"><div class=\"textwidget custom-html-widget\"><div style=\"color: #BABABA; font-size: 12px;\">FGTI-Distribution &gt; Sealing Gaskets &gt; Function of a Composite Gasket<\/div>\n<br><br>\n<table style=\"font-size: 12px; border: none; width: 100%;\">\n<tbody><tr>\n<td colspan=\"2\" style=\"font-size: 22px; vertical-align: top; font-weight: bold; border-bottom: 1px solid #58B6FE; border-top-color: white;\">\nFunction of a composite joint\n<\/td><td style=\"text-align: right; border-bottom: 1px solid #58B6FE; border-top-color: white;\">\n<a target=\"_blank\" href=\"https:\/\/fgti-distribution.fr\/en\/wp-content\/themes\/twentyeleven\/images\/FGTI-Distribution_IDG-Fonction-joint-composite-2019.pdf\/\" rel=\"noopener\"><img decoding=\"async\" src=\"https:\/\/fgti-distribution.fr\/wp-content\/themes\/twentyeleven\/images\/pdficon_large.png\"><\/a>\n<\/td>\n<\/tr>\n\n<tr>\n<td style=\"width: 200px; vertical-align: top; font-weight: bold; border-color: #FFFFFF;padding-top: 20px;\">\nConstruction principle\n<\/td>\n<td style=\"padding-bottom: 20px; width: 280px; vertical-align: top; text-align: justify; border-bottom: 1px solid #58B6FE; border-top-color: white; padding-top: 20px; padding-right: 25px;\">\nComposite seals are usually made up of two elements.<br>\nThe seal ring is machined from a filled PTFE, which is particularly resistant to wear. Thanks to the qualities of this material, the seals can withstand pressure, speed and resist significant temperature variations.<br>\n<img decoding=\"async\" style=\"text-align: left;\" src=\"https:\/\/fgti-distribution.fr\/wp-content\/themes\/twentyeleven\/images\/joint-etancheite-composite1.jpg\">\n<\/td>\n<td style=\"padding-bottom: 20px; width: 280px; vertical-align: top; text-align: justify; border-bottom: 1px solid #58B6FE; border-top-color: white; padding-top: 20px; padding-left: 20px;\">\nInasmuch as maximum values are only reached by the addition of different parameters, preliminary tests are necessary in certain extreme applications.<br>\nAn elastic prestressing element provides the necessary pressure to ensure sealing between the friction surface and the opposing surface, thereby guaranteeing the longevity of the seal. The prestress is applied by an elastomer O-ring or a profiled steel spring. O-rings also provide static sealing at the groove bottom.<br>\nWhen selecting the materials for the sealing ring and the prestressing element, operating conditions must be taken into account.\n<\/td>\n<\/tr>\n\n<tr>\n<td style=\"width: 200px; vertical-align: top; font-weight: bold; border-color: #FFFFFF;\">\nInternal or external waterproofing\n<\/td>\n<td style=\"padding-bottom: 20px; width: 280px; vertical-align: top; text-align: justify; border-bottom: 1px solid #58B6FE; border-top-color: white; padding-right: 25px;\">\nAll seals providing radial sealing can be designed to ensure either internal or external sealing.<br>\n<img decoding=\"async\" style=\"text-align: left;\" src=\"https:\/\/fgti-distribution.fr\/wp-content\/themes\/twentyeleven\/images\/joint-etancheite-composite2.jpg\">Exterior sealing, for example MANOY\u00ae piston seal profile 112\n<\/td>\n<td style=\"padding-bottom: 20px; width: 280px; vertical-align: top; text-align: justify; border-bottom: 1px solid #58B6FE; border-top-color: white; padding-left: 20px;\">\n<img decoding=\"async\" style=\"text-align: left; padding-top: 72px;\" src=\"https:\/\/fgti-distribution.fr\/wp-content\/themes\/twentyeleven\/images\/joint-etancheite-composite3.jpg\">\nInternal sealing, for example for a MANOY\u00ae stem seal, profile 120\n<\/td>\n<\/tr>\n\n<tr>\n<td style=\"width: 200px; vertical-align: top; font-weight: bold; border-color: #FFFFFF;\">\nHow waterproofing works<\/td>\n<td style=\"padding-bottom: 20px; width: 280px; vertical-align: top; text-align: justify; border-bottom: 1px solid #58B6FE; border-top-color: white; padding-right: 25px;\">\n<img decoding=\"async\" style=\"text-align: left; max-width: none;\" src=\"https:\/\/fgti-distribution.fr\/wp-content\/themes\/twentyeleven\/images\/joint-etancheite-composite4.jpg\">MANOY composite seals and lip seals are activated by fluid pressure. Through the elasticity of its gland profile, the O-ring ensures static sealing in the gland profile and pushes the dynamic seal onto the opposing surface.\n<\/td>\n<td style=\"padding-bottom: 20px; width: 280px; vertical-align: top; text-align: justify; border-bottom: 1px solid #58B6FE; border-top-color: white; padding-bottom: 20px; padding-left: 20px;\">\n<img decoding=\"async\" style=\"text-align: left; max-width: none;\" src=\"https:\/\/fgti-distribution.fr\/wp-content\/themes\/twentyeleven\/images\/joint-etancheite-composite5.jpg\">\nThe fluid pressure exerts additional pre-stress on the piston seal.\nThus, the pressure required to ensure sealing is balanced by the pressure supplied by the fluid.\nUp to approximately 2MPa, the sealing force is achieved almost solely thanks to the thrust of the pre-stressing element. \n<\/td>\n<\/tr>\n\n<tr>\n<td style=\"width: 200px; vertical-align: top; font-weight: bold; border-color: #FFFFFF;\">\nProfile selection<\/td>\n<td style=\"padding-bottom: 20px; width: 280px; vertical-align: top; text-align: justify; border-bottom: 1px solid #58B6FE; border-top-color: white; padding-right: 25px;\">\n<img decoding=\"async\" style=\"text-align: left; max-width: none;\" src=\"https:\/\/fgti-distribution.fr\/wp-content\/themes\/twentyeleven\/images\/joint-etancheite-composite6.jpg\">\n<\/td>\n<td style=\"padding-bottom: 20px; width: 280px; vertical-align: top; text-align: justify; border-bottom: 1px solid #58B6FE; border-top-color: white; padding-left: 20px;\">\nThe choice of seal ring profile essentially depends on the movement, direction, and pressure value, as well as the fluid quality.\n<\/td>\n<\/tr>\n\n<tr>\n<td style=\"width: 200px; vertical-align: top; font-weight: bold; border-color: #FFFFFF;\">\nO-ring pre-tightening<\/td>\n<td style=\"padding-bottom: 20px; width: 280px; vertical-align: top; text-align: justify; border-bottom: 1px solid #58B6FE; border-top-color: white; padding-right: 25px;\">\nIn order to ensure a good seal, the housings are positioned so that an average prestress is exerted by the O-ring or by the spring.<br>\nA shallower groove depth ensures greater pre-stressing and thus improves sealing at low (up to approximately 2MPa) or non-existent pressures.\nA deeper groove depth allows for some operational flexibility which will, however, be at the expense of sealing.\n<\/td>\n<td style=\"padding-bottom: 20px; width: 280px; vertical-align: top; text-align: justify; border-bottom: 1px solid #58B6FE; border-top-color: white; padding-left: 20px;\">\n<img decoding=\"async\" style=\"text-align: left; max-width: none;\" src=\"https:\/\/fgti-distribution.fr\/wp-content\/themes\/twentyeleven\/images\/joint-etancheite-composite7.jpg\">\n<\/td>\n<\/tr>\n\n\n<tr>\n<td style=\"width: 200px; vertical-align: top; font-weight: bold; border-color: #FFFFFF;\">\nOperating game value<\/td>\n<td style=\"padding-bottom: 20px; width: 280px; vertical-align: top; text-align: justify; border-bottom: 1px solid #58B6FE; border-top-color: white; padding-right: 25px;\">\nThe minimum required play depends on the guidance accuracy and other mounting parameters. Therefore, potential increases in pressure and thermal expansion must be taken into account.<br>\nOn the opposite side to the pressure, weak plays should be favoured, whereas on the pressure side, a high play helps to avoid particle build-up.<br>\nFor pressures exceeding 40 MPa, adherence to H8\/f8 tolerance values for bore\/piston and liner\/rod diameters is imperative.\n<\/td>\n<td style=\"padding-bottom: 20px; width: 280px; vertical-align: top; text-align: justify; border-bottom: 1px solid #58B6FE; border-top-color: white; padding-left: 20px;\">\n<img decoding=\"async\" style=\"text-align: left; max-width: none;\" src=\"https:\/\/fgti-distribution.fr\/wp-content\/themes\/twentyeleven\/images\/joint-etancheite-composite8.jpg\">\n<\/td>\n<\/tr>\n\n<tr>\n<td style=\"width: 200px; vertical-align: top; font-weight: bold; border-color: #FFFFFF;\">\nWaterproofing<\/td>\n<td style=\"padding-bottom: 20px; width: 280px; vertical-align: top; text-align: justify;border-top-color: white; padding-right: 25px;\">\nA seal can only be perfectly leak-tight if it is static. When in motion, sealing is more difficult. Completely dry operation would lead to wear of all sealing elements. In dynamic sealing, light lubrication by the fluid on the opposing surface will ensure proper functioning of the seal.\n<\/td>\n<td style=\"padding-bottom: 20px; width: 280px; vertical-align: top; text-align: justify; border-top-color: white; padding-left: 20px;\">\n \n<\/td>\n<\/tr>\n\n<\/tbody><\/table>\n\n<div style=\"text-align: right; font-size: 12px;\">\n<a href=\"#haut\" style=\"text-decoration: none; color: #AAAAAA;\">Top<\/a>\n<\/div>\n<\/div><\/div>\n<\/div>\n<\/div>\n<\/div>\n<\/div><\/div><\/div><\/div><\/div><\/div><\/div><\/div><!-- cell_inner --><\/div><!-- cell --><\/div><!-- port --><\/section>","protected":false},"excerpt":{"rendered":"","protected":false},"author":1,"featured_media":0,"parent":8,"menu_order":0,"comment_status":"closed","ping_status":"closed","template":"","meta":{"footnotes":""},"class_list":["post-1299","page","type-page","status-publish","hentry"],"yoast_head":"<!-- This site is optimized with the Yoast SEO plugin v27.3 - https:\/\/yoast.com\/product\/yoast-seo-wordpress\/ -->\n<title>FGTI Distribution - Fonction d&#039;un joint d&#039;\u00e9tanch\u00e9it\u00e9 composite<\/title>\n<meta name=\"description\" content=\"Fiche produit IDG par FGTI distribution : fonction d&#039;un joint d&#039;\u00e9tanch\u00e9it\u00e9 composite\" \/>\n<meta name=\"robots\" content=\"index, follow, max-snippet:-1, max-image-preview:large, max-video-preview:-1\" \/>\n<link rel=\"canonical\" href=\"https:\/\/fgti-distribution.fr\/en\/seal-joints\/generalities\/\" \/>\n<meta property=\"og:locale\" content=\"en_GB\" \/>\n<meta property=\"og:type\" content=\"article\" \/>\n<meta property=\"og:title\" content=\"FGTI Distribution - Fonction d&#039;un joint d&#039;\u00e9tanch\u00e9it\u00e9 composite\" \/>\n<meta property=\"og:description\" content=\"Fiche produit IDG par FGTI distribution : fonction d&#039;un joint d&#039;\u00e9tanch\u00e9it\u00e9 composite\" \/>\n<meta property=\"og:url\" content=\"https:\/\/fgti-distribution.fr\/en\/seal-joints\/generalities\/\" \/>\n<meta property=\"og:site_name\" content=\"FGTI Distribution\" \/>\n<meta property=\"article:modified_time\" content=\"2023-07-05T12:11:56+00:00\" \/>\n<meta name=\"twitter:card\" content=\"summary_large_image\" \/>\n<meta name=\"twitter:label1\" content=\"Estimated reading time\" \/>\n\t<meta name=\"twitter:data1\" content=\"1 minute\" \/>\n<script type=\"application\/ld+json\" class=\"yoast-schema-graph\">{\"@context\":\"https:\\\/\\\/schema.org\",\"@graph\":[{\"@type\":\"WebPage\",\"@id\":\"https:\\\/\\\/fgti-distribution.fr\\\/joints-detancheite\\\/generalites\\\/\",\"url\":\"https:\\\/\\\/fgti-distribution.fr\\\/joints-detancheite\\\/generalites\\\/\",\"name\":\"FGTI Distribution - Fonction d'un joint d'\u00e9tanch\u00e9it\u00e9 composite\",\"isPartOf\":{\"@id\":\"https:\\\/\\\/fgti-distribution.fr\\\/#website\"},\"datePublished\":\"2012-12-07T11:56:59+00:00\",\"dateModified\":\"2023-07-05T12:11:56+00:00\",\"description\":\"Fiche produit IDG par FGTI distribution : fonction d'un joint d'\u00e9tanch\u00e9it\u00e9 composite\",\"breadcrumb\":{\"@id\":\"https:\\\/\\\/fgti-distribution.fr\\\/joints-detancheite\\\/generalites\\\/#breadcrumb\"},\"inLanguage\":\"en-GB\",\"potentialAction\":[{\"@type\":\"ReadAction\",\"target\":[\"https:\\\/\\\/fgti-distribution.fr\\\/joints-detancheite\\\/generalites\\\/\"]}]},{\"@type\":\"BreadcrumbList\",\"@id\":\"https:\\\/\\\/fgti-distribution.fr\\\/joints-detancheite\\\/generalites\\\/#breadcrumb\",\"itemListElement\":[{\"@type\":\"ListItem\",\"position\":1,\"name\":\"Home\",\"item\":\"https:\\\/\\\/fgti-distribution.fr\\\/\"},{\"@type\":\"ListItem\",\"position\":2,\"name\":\"Joints d&rsquo;\u00e9tanch\u00e9it\u00e9\",\"item\":\"https:\\\/\\\/fgti-distribution.fr\\\/joints-detancheite\\\/\"},{\"@type\":\"ListItem\",\"position\":3,\"name\":\"Fonction d&rsquo;un joint composite\"}]},{\"@type\":\"WebSite\",\"@id\":\"https:\\\/\\\/fgti-distribution.fr\\\/#website\",\"url\":\"https:\\\/\\\/fgti-distribution.fr\\\/\",\"name\":\"FGTI Distribution\",\"description\":\"Pi\u00e8ces techniques et services \u00e0 forte valeur ajout\u00e9e\",\"publisher\":{\"@id\":\"https:\\\/\\\/fgti-distribution.fr\\\/#organization\"},\"alternateName\":\"FGTI Distribution\",\"potentialAction\":[{\"@type\":\"SearchAction\",\"target\":{\"@type\":\"EntryPoint\",\"urlTemplate\":\"https:\\\/\\\/fgti-distribution.fr\\\/?s={search_term_string}\"},\"query-input\":{\"@type\":\"PropertyValueSpecification\",\"valueRequired\":true,\"valueName\":\"search_term_string\"}}],\"inLanguage\":\"en-GB\"},{\"@type\":\"Organization\",\"@id\":\"https:\\\/\\\/fgti-distribution.fr\\\/#organization\",\"name\":\"FGTI Distribution\",\"alternateName\":\"FGTI Distribution\",\"url\":\"https:\\\/\\\/fgti-distribution.fr\\\/\",\"logo\":{\"@type\":\"ImageObject\",\"inLanguage\":\"en-GB\",\"@id\":\"https:\\\/\\\/fgti-distribution.fr\\\/#\\\/schema\\\/logo\\\/image\\\/\",\"url\":\"https:\\\/\\\/fgti-distribution.fr\\\/wp-content\\\/uploads\\\/2022\\\/12\\\/logo.png\",\"contentUrl\":\"https:\\\/\\\/fgti-distribution.fr\\\/wp-content\\\/uploads\\\/2022\\\/12\\\/logo.png\",\"width\":500,\"height\":228,\"caption\":\"FGTI Distribution\"},\"image\":{\"@id\":\"https:\\\/\\\/fgti-distribution.fr\\\/#\\\/schema\\\/logo\\\/image\\\/\"},\"sameAs\":[\"https:\\\/\\\/www.linkedin.com\\\/company\\\/fgti-distribution\\\/\"]}]}<\/script>\n<!-- \/ Yoast SEO plugin. -->","yoast_head_json":{"title":"FGTI Distribution - Function of a composite gasket","description":"Product Sheet IDG by FGTI Distribution: Function of a Composite Seal","robots":{"index":"index","follow":"follow","max-snippet":"max-snippet:-1","max-image-preview":"max-image-preview:large","max-video-preview":"max-video-preview:-1"},"canonical":"https:\/\/fgti-distribution.fr\/en\/seal-joints\/generalities\/","og_locale":"en_GB","og_type":"article","og_title":"FGTI Distribution - Fonction d'un joint d'\u00e9tanch\u00e9it\u00e9 composite","og_description":"Fiche produit IDG par FGTI distribution : fonction d'un joint d'\u00e9tanch\u00e9it\u00e9 composite","og_url":"https:\/\/fgti-distribution.fr\/en\/seal-joints\/generalities\/","og_site_name":"FGTI Distribution","article_modified_time":"2023-07-05T12:11:56+00:00","twitter_card":"summary_large_image","twitter_misc":{"Estimated reading time":"1 minute"},"schema":{"@context":"https:\/\/schema.org","@graph":[{"@type":"WebPage","@id":"https:\/\/fgti-distribution.fr\/joints-detancheite\/generalites\/","url":"https:\/\/fgti-distribution.fr\/joints-detancheite\/generalites\/","name":"FGTI Distribution - Function of a composite gasket","isPartOf":{"@id":"https:\/\/fgti-distribution.fr\/#website"},"datePublished":"2012-12-07T11:56:59+00:00","dateModified":"2023-07-05T12:11:56+00:00","description":"Product Sheet IDG by FGTI Distribution: Function of a Composite Seal","breadcrumb":{"@id":"https:\/\/fgti-distribution.fr\/joints-detancheite\/generalites\/#breadcrumb"},"inLanguage":"en-GB","potentialAction":[{"@type":"ReadAction","target":["https:\/\/fgti-distribution.fr\/joints-detancheite\/generalites\/"]}]},{"@type":"BreadcrumbList","@id":"https:\/\/fgti-distribution.fr\/joints-detancheite\/generalites\/#breadcrumb","itemListElement":[{"@type":"ListItem","position":1,"name":"Home","item":"https:\/\/fgti-distribution.fr\/"},{"@type":"ListItem","position":2,"name":"Joints d&rsquo;\u00e9tanch\u00e9it\u00e9","item":"https:\/\/fgti-distribution.fr\/joints-detancheite\/"},{"@type":"ListItem","position":3,"name":"Fonction d&rsquo;un joint composite"}]},{"@type":"WebSite","@id":"https:\/\/fgti-distribution.fr\/#website","url":"https:\/\/fgti-distribution.fr\/","name":"FGTI Distribution","description":"Technical parts and high-value-added services","publisher":{"@id":"https:\/\/fgti-distribution.fr\/#organization"},"alternateName":"FGTI Distribution","potentialAction":[{"@type":"SearchAction","target":{"@type":"EntryPoint","urlTemplate":"https:\/\/fgti-distribution.fr\/?s={search_term_string}"},"query-input":{"@type":"PropertyValueSpecification","valueRequired":true,"valueName":"search_term_string"}}],"inLanguage":"en-GB"},{"@type":"Organization","@id":"https:\/\/fgti-distribution.fr\/#organization","name":"FGTI Distribution","alternateName":"FGTI Distribution","url":"https:\/\/fgti-distribution.fr\/","logo":{"@type":"ImageObject","inLanguage":"en-GB","@id":"https:\/\/fgti-distribution.fr\/#\/schema\/logo\/image\/","url":"https:\/\/fgti-distribution.fr\/wp-content\/uploads\/2022\/12\/logo.png","contentUrl":"https:\/\/fgti-distribution.fr\/wp-content\/uploads\/2022\/12\/logo.png","width":500,"height":228,"caption":"FGTI Distribution"},"image":{"@id":"https:\/\/fgti-distribution.fr\/#\/schema\/logo\/image\/"},"sameAs":["https:\/\/www.linkedin.com\/company\/fgti-distribution\/"]}]}},"_links":{"self":[{"href":"https:\/\/fgti-distribution.fr\/en\/wp-json\/wp\/v2\/pages\/1299","targetHints":{"allow":["GET"]}}],"collection":[{"href":"https:\/\/fgti-distribution.fr\/en\/wp-json\/wp\/v2\/pages"}],"about":[{"href":"https:\/\/fgti-distribution.fr\/en\/wp-json\/wp\/v2\/types\/page"}],"author":[{"embeddable":true,"href":"https:\/\/fgti-distribution.fr\/en\/wp-json\/wp\/v2\/users\/1"}],"replies":[{"embeddable":true,"href":"https:\/\/fgti-distribution.fr\/en\/wp-json\/wp\/v2\/comments?post=1299"}],"version-history":[{"count":9,"href":"https:\/\/fgti-distribution.fr\/en\/wp-json\/wp\/v2\/pages\/1299\/revisions"}],"predecessor-version":[{"id":7993,"href":"https:\/\/fgti-distribution.fr\/en\/wp-json\/wp\/v2\/pages\/1299\/revisions\/7993"}],"up":[{"embeddable":true,"href":"https:\/\/fgti-distribution.fr\/en\/wp-json\/wp\/v2\/pages\/8"}],"wp:attachment":[{"href":"https:\/\/fgti-distribution.fr\/en\/wp-json\/wp\/v2\/media?parent=1299"}],"curies":[{"name":"wp","href":"https:\/\/api.w.org\/{rel}","templated":true}]}}