{"id":1398,"date":"2012-12-07T17:10:29","date_gmt":"2012-12-07T17:10:29","guid":{"rendered":"https:\/\/fgti-distribution.fr\/?page_id=1398"},"modified":"2023-07-05T12:12:45","modified_gmt":"2023-07-05T12:12:45","slug":"sealant-assembly","status":"publish","type":"page","link":"https:\/\/fgti-distribution.fr\/en\/joints-detancheite\/montage-joints-etancheite\/","title":{"rendered":"General terms and conditions for assembly"},"content":{"rendered":"<section id=\"bt_bb_section69eaacb1aba32\" class=\"bt_bb_section bt_bb_layout_boxed_1200\"  data-bt-override-class=\"null\"><div class=\"bt_bb_port\"><div class=\"bt_bb_cell\"><div class=\"bt_bb_cell_inner\"><div class=\"bt_bb_row\"  data-bt-override-class=\"{}\"><div class=\"bt_bb_row_holder\" ><div  class=\"bt_bb_column col-xxl-12 col-xl-12 col-xs-12 col-sm-12 col-md-12 col-lg-12 bt_bb_vertical_align_top bt_bb_align_left bt_bb_padding_normal\" style=\"; --column-width:12;\" data-width=\"12\" data-bt-override-class=\"{}\"><div class=\"bt_bb_column_content\"><div class=\"bt_bb_column_content_inner\"><div class=\"bt_bb_raw_content\"><div class=\"bt_bb_wrapper\"><div id=\"pl-1398\" class=\"panel-layout\">\n<div id=\"pg-1398-0\" class=\"panel-grid panel-no-style\">\n<div id=\"pgc-1398-0-0\" class=\"panel-grid-cell\" data-weight=\"1\">\n<div id=\"panel-1398-0-0-0\" class=\"so-panel widget widget_custom_html panel-first-child panel-last-child\" data-index=\"0\" data-style=\"{\"background_image_attachment\":false,\"background_display\":\"tile\"}\"><div class=\"textwidget custom-html-widget\"><div style=\"color: #BABABA; font-size: 12px;\">FGTI-Distribution &gt; Seals &gt; General conditions of installation<\/div>\n<br><br>\n<table style=\"font-size: 12px; border: none; width: 100%;\">\n<tbody><tr>\n<td colspan=\"2\" style=\"font-size: 22px; vertical-align: top; font-weight: bold; border-bottom: 1px solid #58B6FE; border-top-color: white;\">\nGeneral terms and conditions for assembly\n<\/td><td style=\"text-align: right; border-bottom: 1px solid #58B6FE; border-top-color: white;\">\n<a target=\"_blank\" href=\"https:\/\/fgti-distribution.fr\/en\/wp-content\/themes\/twentyeleven\/images\/FGTI-Distribution_IDG-Conditions-generales-montage-2019.pdf\/\" rel=\"noopener\"><img decoding=\"async\" src=\"https:\/\/fgti-distribution.fr\/wp-content\/themes\/twentyeleven\/images\/pdficon_large.png\"><\/a>\n<\/td>\n<\/tr>\n<tr>\n<td style=\"width: 200px; vertical-align: top; font-weight: bold; border-color: #FFFFFF;padding-top: 20px;\">\nFriction\n<\/td>\n<td style=\"padding-bottom: 20px; width: 280px; vertical-align: top; text-align: justify; border-bottom: 1px solid #58B6FE; border-top-color: white; padding-top: 20px; padding-right: 25px;\">\nIDG uses PTFE-based materials, thus favouring very low adhesion and very low starting friction.<br>\nIndeed, pure PTFE has a low coefficient of friction, which can be modulated according to loads.\n<\/td>\n<td style=\"padding-bottom: 20px; width: 280px; vertical-align: top; text-align: justify; border-bottom: 1px solid #58B6FE; border-top-color: white; padding-top: 20px; padding-left: 20px;\">\nOther factors influence the coefficient of friction, including the material of the opposing surface, its roughness and hardness, the speed of friction, as well as temperature and lubrication.<br>\nIDG materials with a PTFE base are distinguished by smooth, jerk-free sliding.\n<\/td>\n<\/tr>\n\n<tr>\n<td style=\"width: 200px; vertical-align: top; font-weight: bold; border-color: #FFFFFF;padding-top: 20px;\">\nImpact of the opposing surface\n<\/td>\n<td style=\"padding-bottom: 20px; width: 280px; vertical-align: top; text-align: justify; border-bottom: 1px solid #58B6FE; border-top-color: white; padding-top: 20px; padding-right: 25px;\">\nThe roughness and conformity of the mating surface have a significant impact on the risk of leakage and service life. The load-bearing area of the mating surface must be of good quality. This result is achieved through grinding, honing, and lapping. Machining marks and sharp edges are thus smoothed. This latter point is particularly important in the case of very hard mating surfaces.\n<\/td>\n<td style=\"padding-bottom: 20px; width: 280px; vertical-align: top; text-align: justify; border-bottom: 1px solid #58B6FE; border-top-color: white; padding-top: 20px; padding-left: 20px;\">\nSurface smoothing obtained by cold working or rolling can be irregular and will be particularly unfavourable to the operation of composite joints.<br>\nOn rotating or oscillating movements, the opposing surface must be as smooth as possible, whilst avoiding machining marks during grinding.\n<\/td>\n<\/tr>\n\n<tr>\n<td style=\"width: 200px; vertical-align: top; font-weight: bold; border-color: #FFFFFF;padding-top: 20px;\">\nMaximum roughness for surface conditions,\nmaterial ratio\n<\/td>\n<td style=\"padding-bottom: 20px; width: 280px; vertical-align: top; text-align: justify; border-bottom: none; border-top-color: white; padding-top: 20px; padding-right: 25px;\">\n<strong>Surface roughness of opposing surface according to standard DIN EN ISO 4287<\/strong>\nThe gasket and the opposite surface must always be considered as a unit. Indeed, the proper functioning and service life of a gasket depend essentially on the quality of the surface finish.<br>\nConcentric or helical machining marks and irregularities, scratches or scoring, or other imperfections are not acceptable.\n<\/td>\n<td style=\"padding-bottom: 0px; width: 280px; vertical-align: top; text-align: justify; border-bottom: none; border-top-color: white; padding-top: 20px; padding-left: 20px;\">\nIn general, surface finish quality is more important for dynamic applications than for static ones.<br>\nThe DIN EN ISO 4287 standard defines the usual values for surface states (Rz, Rt, Ra). As these values are not sufficient in certain cases, a material ratio (Rmr) is also defined.<br>\nThe material portion (Rmr) is crucial for defining a surface finish profile. It also depends on production and machining conditions.\n<\/td>\n<\/tr>\n\n<tr>\n<td style=\"width: 200px; vertical-align: top; font-weight: bold; border-color: #FFFFFF;padding-top: 20px;\">\n\u00a0\n<\/td>\n<td colspan=\"2\" style=\"width: 560px; vertical-align: top; text-align: justify; border-top-color: white; padding-top: 0px; border-bottom: 1px solid #58B6FE;\">\n<img decoding=\"async\" style=\"text-align: left; max-width: 100%;\" src=\"https:\/\/fgti-distribution.fr\/wp-content\/themes\/twentyeleven\/images\/joint-etancheite-composite9.jpg\">\n<\/td>\n<\/tr>\n\n<tr>\n<td style=\"width: 200px; vertical-align: top; font-weight: bold; border-color: #FFFFFF;padding-top: 20px;\">\nProtection against hydrodynamic drive pressure\n<\/td>\n<td style=\"padding-bottom: 20px; width: 280px; vertical-align: top; text-align: justify; border-bottom: 1px solid #58B6FE; border-top-color: white; padding-top: 20px; padding-right: 25px;\">\nDuring linear guidance with a small clearance between a static sleeve at rest and a moving friction surface, a hydrodynamic fluid drive current is created.<br>\nIf this flow is interrupted by a joint, the pressure increases and raises the correlated system pressure, particularly in the case of \u00ablong\u00bb movements.\n<\/td>\n<td style=\"padding-bottom: 20px; width: 280px; vertical-align: top; text-align: justify; border-bottom: 1px solid #58B6FE; border-top-color: white; padding-top: 20px; padding-left: 20px;\">\nThat's why the seal housing must be as large as possible.<br>\nIf this is not sufficient, a relief groove or MANOY grooved guide bushes or guide strips can be used.\nThe critical pressure increase at the seal is thus avoided.\n<\/td>\n<\/tr>\n\n<tr>\n<td style=\"width: 200px; vertical-align: top; font-weight: bold; border-color: #FFFFFF;padding-top: 20px;\">\nPolishing, lapping\n<\/td>\n<td style=\"padding-bottom: 20px; width: 280px; vertical-align: top; text-align: justify; border-bottom: 1px solid #58B6FE; border-top-color: white; padding-top: 20px; padding-right: 25px;\">\nDuring the run-in, the opposite surface is polished by the seals and the guide elements.<br>\nHowever, rapid, short-stroke or oscillating movements can promote the appearance of unwanted wear grooves.\n<\/td>\n<td style=\"padding-bottom: 20px; width: 280px; vertical-align: top; text-align: justify; border-bottom: 1px solid #58B6FE; border-top-color: white; padding-top: 20px; padding-left: 20px;\">\nExternal vibrations can produce the same effect.<br>\nTo prevent this premature wear as much as possible, the opposing surface must be hard.\n<\/td>\n<\/tr>\n\n<tr>\n<td style=\"width: 200px; vertical-align: top; font-weight: bold; border-color: #FFFFFF;padding-top: 20px;\">\nSurface hardness\nopposite\n<\/td>\n<td style=\"padding-bottom: 20px; width: 280px; vertical-align: top; text-align: justify; border-bottom: 1px solid #58B6FE; border-top-color: white; padding-top: 20px; padding-right: 25px;\">\nIn general, joint wear is lower on hard opposing surfaces than on soft ones.<br>\nThe risk of wear due to the appearance of contact grooves is particularly significant in rotary motion.\n<\/td>\n<td style=\"padding-bottom: 20px; width: 280px; vertical-align: top; text-align: justify; border-bottom: 1px solid #58B6FE; border-top-color: white; padding-top: 20px; padding-left: 20px;\">\nIf the opposing surfaces are not sufficiently hard, particles ripped away by the seal will exacerbate damage to the friction surface. The risk of leakage is unavoidable.<br>\nThe minimum hardness must be above 58HRC for linear movement, and above 62HRC for rotational use.\n<\/td>\n<\/tr>\n\n<tr>\n<td style=\"width: 200px; vertical-align: top; font-weight: bold; border-color: #FFFFFF;padding-top: 20px;\">\nGuides, centres\n<\/td>\n<td style=\"padding-bottom: 20px; width: 280px; vertical-align: top; text-align: justify; border-bottom: 1px solid #58B6FE; border-top-color: white; padding-top: 20px; padding-right: 25px;\">\nAll metal contact between the piston, rod and liner must be avoided. During operation, existing grooves will widen and damage the seal, guide and scraper. Leaks will appear sooner or later.<br>\nNeither the joint nor the scraper can fulfil the guidance functions.<br>\nSeparate guiding elements with sufficient range are therefore required.\n<\/td>\n<td style=\"padding-bottom: 20px; width: 280px; vertical-align: top; text-align: justify; border-bottom: 1px solid #58B6FE; border-top-color: white; padding-top: 20px; padding-left: 20px;\">\n<img decoding=\"async\" style=\"text-align: left; max-width: 100%;\" src=\"https:\/\/fgti-distribution.fr\/wp-content\/themes\/twentyeleven\/images\/joint-etancheite-composite10.jpg\">\n<\/td>\n<\/tr>\n\n<tr>\n<td style=\"width: 200px; vertical-align: top; font-weight: bold; border-color: #FFFFFF;padding-top: 20px;\">\nLubrication,\ndry running\n<\/td>\n<td style=\"padding-bottom: 20px; width: 280px; vertical-align: top; text-align: justify; border-bottom: 1px solid #58B6FE; border-top-color: white; padding-top: 20px; padding-right: 25px;\">\nAlmost all IDG PTFE-based materials can run dry.<br>\nHowever, running dry reduces the lifespan of the seal\/mating surface system.<br>\nBy using a closed-circuit lubrication film in the space created for the play, friction is reduced. The lowest friction is obtained with lubricating or hydraulic oil.\n<\/td>\n<td style=\"padding-bottom: 20px; width: 280px; vertical-align: top; text-align: justify; border-bottom: 1px solid #58B6FE; border-top-color: white; padding-top: 20px; padding-left: 20px;\">\nThe use of a lubricating film reduces temperature rise and increases the seal's lifespan.<br>\nFor pneumatic cylinders or guide rods, lubrication at assembly is sufficient. \n<\/td>\n<\/tr>\n\n<tr>\n<td style=\"width: 200px; vertical-align: top; font-weight: bold; border-color: #FFFFFF;padding-top: 20px;\">\nAbrasive particles in the fluid\n<\/td>\n<td style=\"padding-bottom: 20px; width: 280px; vertical-align: top; text-align: justify; border-bottom: 1px solid #58B6FE; border-top-color: white; padding-top: 20px; padding-right: 25px;\">\nParticles are not usually the main cause of a leak, but they do cause wear to the seal\/opposite surface system and lead to premature seal failure. The determining factors in the wear of a sealing system are the size, but also the number of particles in suspension.<br>\nWith a lubrication film of 0.5 \u03bcm thickness, only small particles are removed; larger ones will lead to wear of the seal and the opposing surface.\n<\/td>\n<td style=\"padding-bottom: 20px; width: 280px; vertical-align: top; text-align: justify; border-bottom: 1px solid #58B6FE; border-top-color: white; padding-top: 20px; padding-left: 20px;\">\nThanks to upstream modifications (e.g. a filtering technique), the number of particles can be reduced.<br>\nISO 4406 and NAS 1638 standards are used to qualify and quantify fluid purity. \n<\/td>\n<\/tr>\n\n<\/tbody><\/table>\n\n<div style=\"text-align: right; font-size: 12px;\">\n<a href=\"#haut\" style=\"text-decoration: none; color: #AAAAAA;\">Top<\/a>\n<\/div>\n<\/div><\/div>\n<\/div>\n<\/div>\n<\/div>\n<\/div><\/div><\/div><\/div><\/div><\/div><\/div><\/div><!-- cell_inner --><\/div><!-- cell --><\/div><!-- port --><\/section>","protected":false},"excerpt":{"rendered":"","protected":false},"author":1,"featured_media":0,"parent":8,"menu_order":0,"comment_status":"closed","ping_status":"closed","template":"","meta":{"footnotes":""},"class_list":["post-1398","page","type-page","status-publish","hentry"],"yoast_head":"<!-- This site is optimized with the Yoast SEO plugin v27.3 - https:\/\/yoast.com\/product\/yoast-seo-wordpress\/ -->\n<title>FGTI Distribution - Montage des joints d&#039;\u00e9tanch\u00e9it\u00e9<\/title>\n<meta name=\"description\" content=\"Fiche produit IDG par FGTI distribution : les conditions g\u00e9n\u00e9rales de montage des joints d&#039;\u00e9tanch\u00e9it\u00e9 IDG\" \/>\n<meta name=\"robots\" content=\"index, follow, max-snippet:-1, max-image-preview:large, max-video-preview:-1\" \/>\n<link rel=\"canonical\" href=\"https:\/\/fgti-distribution.fr\/en\/seal-joints\/sealant-assembly\/\" \/>\n<meta property=\"og:locale\" content=\"en_GB\" \/>\n<meta property=\"og:type\" content=\"article\" \/>\n<meta property=\"og:title\" content=\"FGTI Distribution - Montage des joints d&#039;\u00e9tanch\u00e9it\u00e9\" \/>\n<meta property=\"og:description\" content=\"Fiche produit IDG par FGTI distribution : les conditions g\u00e9n\u00e9rales de montage des joints d&#039;\u00e9tanch\u00e9it\u00e9 IDG\" \/>\n<meta property=\"og:url\" content=\"https:\/\/fgti-distribution.fr\/en\/seal-joints\/sealant-assembly\/\" \/>\n<meta property=\"og:site_name\" content=\"FGTI Distribution\" \/>\n<meta property=\"article:modified_time\" content=\"2023-07-05T12:12:45+00:00\" \/>\n<meta name=\"twitter:card\" content=\"summary_large_image\" \/>\n<meta name=\"twitter:label1\" content=\"Estimated reading time\" \/>\n\t<meta name=\"twitter:data1\" content=\"1 minute\" \/>\n<script type=\"application\/ld+json\" class=\"yoast-schema-graph\">{\"@context\":\"https:\\\/\\\/schema.org\",\"@graph\":[{\"@type\":\"WebPage\",\"@id\":\"https:\\\/\\\/fgti-distribution.fr\\\/joints-detancheite\\\/montage-joints-etancheite\\\/\",\"url\":\"https:\\\/\\\/fgti-distribution.fr\\\/joints-detancheite\\\/montage-joints-etancheite\\\/\",\"name\":\"FGTI Distribution - Montage des joints d'\u00e9tanch\u00e9it\u00e9\",\"isPartOf\":{\"@id\":\"https:\\\/\\\/fgti-distribution.fr\\\/#website\"},\"datePublished\":\"2012-12-07T17:10:29+00:00\",\"dateModified\":\"2023-07-05T12:12:45+00:00\",\"description\":\"Fiche produit IDG par FGTI distribution : les conditions g\u00e9n\u00e9rales de montage des joints d'\u00e9tanch\u00e9it\u00e9 IDG\",\"breadcrumb\":{\"@id\":\"https:\\\/\\\/fgti-distribution.fr\\\/joints-detancheite\\\/montage-joints-etancheite\\\/#breadcrumb\"},\"inLanguage\":\"en-GB\",\"potentialAction\":[{\"@type\":\"ReadAction\",\"target\":[\"https:\\\/\\\/fgti-distribution.fr\\\/joints-detancheite\\\/montage-joints-etancheite\\\/\"]}]},{\"@type\":\"BreadcrumbList\",\"@id\":\"https:\\\/\\\/fgti-distribution.fr\\\/joints-detancheite\\\/montage-joints-etancheite\\\/#breadcrumb\",\"itemListElement\":[{\"@type\":\"ListItem\",\"position\":1,\"name\":\"Home\",\"item\":\"https:\\\/\\\/fgti-distribution.fr\\\/\"},{\"@type\":\"ListItem\",\"position\":2,\"name\":\"Joints d&rsquo;\u00e9tanch\u00e9it\u00e9\",\"item\":\"https:\\\/\\\/fgti-distribution.fr\\\/joints-detancheite\\\/\"},{\"@type\":\"ListItem\",\"position\":3,\"name\":\"Conditions g\u00e9n\u00e9rales de montage\"}]},{\"@type\":\"WebSite\",\"@id\":\"https:\\\/\\\/fgti-distribution.fr\\\/#website\",\"url\":\"https:\\\/\\\/fgti-distribution.fr\\\/\",\"name\":\"FGTI Distribution\",\"description\":\"Pi\u00e8ces techniques et services \u00e0 forte valeur ajout\u00e9e\",\"publisher\":{\"@id\":\"https:\\\/\\\/fgti-distribution.fr\\\/#organization\"},\"alternateName\":\"FGTI Distribution\",\"potentialAction\":[{\"@type\":\"SearchAction\",\"target\":{\"@type\":\"EntryPoint\",\"urlTemplate\":\"https:\\\/\\\/fgti-distribution.fr\\\/?s={search_term_string}\"},\"query-input\":{\"@type\":\"PropertyValueSpecification\",\"valueRequired\":true,\"valueName\":\"search_term_string\"}}],\"inLanguage\":\"en-GB\"},{\"@type\":\"Organization\",\"@id\":\"https:\\\/\\\/fgti-distribution.fr\\\/#organization\",\"name\":\"FGTI Distribution\",\"alternateName\":\"FGTI Distribution\",\"url\":\"https:\\\/\\\/fgti-distribution.fr\\\/\",\"logo\":{\"@type\":\"ImageObject\",\"inLanguage\":\"en-GB\",\"@id\":\"https:\\\/\\\/fgti-distribution.fr\\\/#\\\/schema\\\/logo\\\/image\\\/\",\"url\":\"https:\\\/\\\/fgti-distribution.fr\\\/wp-content\\\/uploads\\\/2022\\\/12\\\/logo.png\",\"contentUrl\":\"https:\\\/\\\/fgti-distribution.fr\\\/wp-content\\\/uploads\\\/2022\\\/12\\\/logo.png\",\"width\":500,\"height\":228,\"caption\":\"FGTI Distribution\"},\"image\":{\"@id\":\"https:\\\/\\\/fgti-distribution.fr\\\/#\\\/schema\\\/logo\\\/image\\\/\"},\"sameAs\":[\"https:\\\/\\\/www.linkedin.com\\\/company\\\/fgti-distribution\\\/\"]}]}<\/script>\n<!-- \/ Yoast SEO plugin. -->","yoast_head_json":{"title":"FGTI Distribution - Sealing Gasket Assembly","description":"Product Sheet IDG by FGTI Distribution: General conditions for the assembly of IDG sealing joints","robots":{"index":"index","follow":"follow","max-snippet":"max-snippet:-1","max-image-preview":"max-image-preview:large","max-video-preview":"max-video-preview:-1"},"canonical":"https:\/\/fgti-distribution.fr\/en\/seal-joints\/sealant-assembly\/","og_locale":"en_GB","og_type":"article","og_title":"FGTI Distribution - Montage des joints d'\u00e9tanch\u00e9it\u00e9","og_description":"Fiche produit IDG par FGTI distribution : les conditions g\u00e9n\u00e9rales de montage des joints d'\u00e9tanch\u00e9it\u00e9 IDG","og_url":"https:\/\/fgti-distribution.fr\/en\/seal-joints\/sealant-assembly\/","og_site_name":"FGTI Distribution","article_modified_time":"2023-07-05T12:12:45+00:00","twitter_card":"summary_large_image","twitter_misc":{"Estimated reading time":"1 minute"},"schema":{"@context":"https:\/\/schema.org","@graph":[{"@type":"WebPage","@id":"https:\/\/fgti-distribution.fr\/joints-detancheite\/montage-joints-etancheite\/","url":"https:\/\/fgti-distribution.fr\/joints-detancheite\/montage-joints-etancheite\/","name":"FGTI Distribution - Sealing Gasket Assembly","isPartOf":{"@id":"https:\/\/fgti-distribution.fr\/#website"},"datePublished":"2012-12-07T17:10:29+00:00","dateModified":"2023-07-05T12:12:45+00:00","description":"Product Sheet IDG by FGTI Distribution: General conditions for the assembly of IDG sealing joints","breadcrumb":{"@id":"https:\/\/fgti-distribution.fr\/joints-detancheite\/montage-joints-etancheite\/#breadcrumb"},"inLanguage":"en-GB","potentialAction":[{"@type":"ReadAction","target":["https:\/\/fgti-distribution.fr\/joints-detancheite\/montage-joints-etancheite\/"]}]},{"@type":"BreadcrumbList","@id":"https:\/\/fgti-distribution.fr\/joints-detancheite\/montage-joints-etancheite\/#breadcrumb","itemListElement":[{"@type":"ListItem","position":1,"name":"Home","item":"https:\/\/fgti-distribution.fr\/"},{"@type":"ListItem","position":2,"name":"Joints d&rsquo;\u00e9tanch\u00e9it\u00e9","item":"https:\/\/fgti-distribution.fr\/joints-detancheite\/"},{"@type":"ListItem","position":3,"name":"Conditions g\u00e9n\u00e9rales de montage"}]},{"@type":"WebSite","@id":"https:\/\/fgti-distribution.fr\/#website","url":"https:\/\/fgti-distribution.fr\/","name":"FGTI Distribution","description":"Technical parts and high-value-added services","publisher":{"@id":"https:\/\/fgti-distribution.fr\/#organization"},"alternateName":"FGTI Distribution","potentialAction":[{"@type":"SearchAction","target":{"@type":"EntryPoint","urlTemplate":"https:\/\/fgti-distribution.fr\/?s={search_term_string}"},"query-input":{"@type":"PropertyValueSpecification","valueRequired":true,"valueName":"search_term_string"}}],"inLanguage":"en-GB"},{"@type":"Organization","@id":"https:\/\/fgti-distribution.fr\/#organization","name":"FGTI Distribution","alternateName":"FGTI Distribution","url":"https:\/\/fgti-distribution.fr\/","logo":{"@type":"ImageObject","inLanguage":"en-GB","@id":"https:\/\/fgti-distribution.fr\/#\/schema\/logo\/image\/","url":"https:\/\/fgti-distribution.fr\/wp-content\/uploads\/2022\/12\/logo.png","contentUrl":"https:\/\/fgti-distribution.fr\/wp-content\/uploads\/2022\/12\/logo.png","width":500,"height":228,"caption":"FGTI Distribution"},"image":{"@id":"https:\/\/fgti-distribution.fr\/#\/schema\/logo\/image\/"},"sameAs":["https:\/\/www.linkedin.com\/company\/fgti-distribution\/"]}]}},"_links":{"self":[{"href":"https:\/\/fgti-distribution.fr\/en\/wp-json\/wp\/v2\/pages\/1398","targetHints":{"allow":["GET"]}}],"collection":[{"href":"https:\/\/fgti-distribution.fr\/en\/wp-json\/wp\/v2\/pages"}],"about":[{"href":"https:\/\/fgti-distribution.fr\/en\/wp-json\/wp\/v2\/types\/page"}],"author":[{"embeddable":true,"href":"https:\/\/fgti-distribution.fr\/en\/wp-json\/wp\/v2\/users\/1"}],"replies":[{"embeddable":true,"href":"https:\/\/fgti-distribution.fr\/en\/wp-json\/wp\/v2\/comments?post=1398"}],"version-history":[{"count":8,"href":"https:\/\/fgti-distribution.fr\/en\/wp-json\/wp\/v2\/pages\/1398\/revisions"}],"predecessor-version":[{"id":7994,"href":"https:\/\/fgti-distribution.fr\/en\/wp-json\/wp\/v2\/pages\/1398\/revisions\/7994"}],"up":[{"embeddable":true,"href":"https:\/\/fgti-distribution.fr\/en\/wp-json\/wp\/v2\/pages\/8"}],"wp:attachment":[{"href":"https:\/\/fgti-distribution.fr\/en\/wp-json\/wp\/v2\/media?parent=1398"}],"curies":[{"name":"wp","href":"https:\/\/api.w.org\/{rel}","templated":true}]}}