{"id":1909,"date":"2014-01-12T17:01:11","date_gmt":"2014-01-12T17:01:11","guid":{"rendered":"https:\/\/fgti-distribution.fr\/?page_id=1909"},"modified":"2026-04-10T11:37:19","modified_gmt":"2026-04-10T11:37:19","slug":"lanieres-simples-a-raymond","status":"publish","type":"page","link":"https:\/\/fgti-distribution.fr\/en\/fixation-araymond\/lanieres-simples-a-raymond\/","title":{"rendered":"A.Raymond Straps"},"content":{"rendered":"<section id=\"bt_bb_section69e94fea6fbe3\" class=\"bt_bb_section bt_bb_layout_boxed_1200\"  data-bt-override-class=\"null\"><div class=\"bt_bb_port\"><div class=\"bt_bb_cell\"><div class=\"bt_bb_cell_inner\"><div class=\"bt_bb_row\"  data-bt-override-class=\"{}\"><div class=\"bt_bb_row_holder\" ><div  class=\"bt_bb_column col-xxl-12 col-xl-12 col-xs-12 col-sm-12 col-md-12 col-lg-12 bt_bb_vertical_align_top bt_bb_align_left bt_bb_padding_normal\" style=\"; --column-width:12;\" data-width=\"12\" data-bt-override-class=\"{}\"><div class=\"bt_bb_column_content\"><div class=\"bt_bb_column_content_inner\"><div class=\"bt_bb_raw_content\"><div style=\"color: #BABABA; font-size: 12px; margin-bottom: 20px;\">FGTI-Distribution &gt; ARaymond Fasteners &gt; Technical details &gt; Single straps<\/div>\n<a style=\"border: 0 none;\" href=\"https:\/\/fgti-distribution.fr\/wp-content\/img\/fiches-techniques-raymond\/lanieres-simples.pdf\" target=\"_blank\"><img decoding=\"async\" src=\"https:\/\/fgti-distribution.fr\/wp-content\/img\/images\/pdficon_large.png\"><\/a>\n<br>\n<h2 style=\"text-transform: none;\"><span style=\"color: #E82C2E; font-weight: bold; font-size: 20px;\">Straps<\/span> simple<\/h2>\n\n<div style=\"text-align: right; font-size: 10px; padding: 0;\">\n<img decoding=\"async\" src=\"https:\/\/fgti-distribution.fr\/wp-content\/img\/images\/cables-ou-tubes.jpg\" alt=\"Simple straps on cables or tubes\"><br>\n<h3 style=\"font-size: 12px;\">On cables or pipes<\/h3>\n<\/div>\n\n<p><img decoding=\"async\" src=\"https:\/\/fgti-distribution.fr\/wp-content\/img\/fiches-techniques-raymond\/lanieres-simples-FGTI-photo.jpg\" alt=\"Raymond single strap photo\"><\/p>\n\n<p><img decoding=\"async\" src=\"https:\/\/fgti-distribution.fr\/wp-content\/img\/fiches-techniques-raymond\/lanieres-simples-FGTI-schema.jpg\" alt=\"Simple strap Raymond diagram\"><\/p>\n\n<div style=\"vertical-align: top; text-align: center; font-size: 10px;\">All dimensions are in mm and angles in \u00b0 \/ Other dimensions and variations available on request<br>\n<img decoding=\"async\" src=\"https:\/\/fgti-distribution.fr\/wp-content\/img\/fiches-techniques-raymond\/lanieres-simples-FGTI-tableau.jpg\" alt=\"Raymond single strip dimensions\">\n<\/div>\n\n<div style=\"vertical-align: top; text-align: left; font-size: 10px;\"><img decoding=\"async\" src=\"https:\/\/fgti-distribution.fr\/wp-content\/img\/fiches-techniques-raymond\/lanieres-simples-FGTI-info.jpg\" alt=\"info lani\u00e8res simples Raymond\"><br>\nFor use alone or with ARaymond adapters<br>\nMIL-S-23190 compliant<br>\nApproved R.I.Na N.5\/043\/93\n<\/div>\n\n<div style=\"vertical-align: top; font-size: 10px;\">\n<img decoding=\"async\" src=\"https:\/\/fgti-distribution.fr\/wp-content\/img\/fiches-techniques-raymond\/lanieres-demontables-FGTI-complement.jpg\" alt=\"Detachable straps Raymond\"><br>\n<a href=\"https:\/\/fgti-distribution.fr\/en\/raymond-fixation\/lanieres-simples-a-raymond\/\"><h3 class=\"complement\">Push-in adaptors with a hole<\/h3><\/a>\n<a href=\"https:\/\/fgti-distribution.fr\/en\/raymond-fixation\/raymond-lanieres-adapters-for-mounting-panel-edges\/\"><h3 class=\"complement\">Panel edge mounting adapters for straps<\/h3><\/a>\n<a href=\"https:\/\/fgti-distribution.fr\/en\/raymond-fixation\/cable-glands-or-pipe-fittings-for-mounting-on-panel-edges\/\"><h3 class=\"complement\">Panel-mount edge adapters for straps and\/or tube holders<\/h3><\/a>\n<\/div>\n<\/div><\/div><\/div><\/div><\/div><\/div><\/div><!-- cell_inner --><\/div><!-- cell --><\/div><!-- port --><\/section>","protected":false},"excerpt":{"rendered":"","protected":false},"author":1,"featured_media":0,"parent":10,"menu_order":0,"comment_status":"closed","ping_status":"closed","template":"","meta":{"footnotes":""},"class_list":["post-1909","page","type-page","status-publish","hentry"],"yoast_head":"<!-- This site is optimized with the Yoast SEO plugin v27.3 - https:\/\/yoast.com\/product\/yoast-seo-wordpress\/ -->\n<title>FGTI Distribution - Lani\u00e8res simples A.Raymond<\/title>\n<meta name=\"description\" content=\"FGTI Distribution, expert en solutions de fixation, vous propose la fiche technique d\u00e9taill\u00e9e des lani\u00e8res simples ARaymond\" \/>\n<meta name=\"robots\" content=\"index, follow, max-snippet:-1, max-image-preview:large, max-video-preview:-1\" \/>\n<link rel=\"canonical\" href=\"https:\/\/fgti-distribution.fr\/en\/raymond-fixation\/lanieres-simples-a-raymond\/\" \/>\n<meta property=\"og:locale\" content=\"en_GB\" \/>\n<meta property=\"og:type\" content=\"article\" \/>\n<meta property=\"og:title\" content=\"FGTI Distribution - Lani\u00e8res simples A.Raymond\" \/>\n<meta property=\"og:description\" content=\"FGTI Distribution, expert en solutions de fixation, vous propose la fiche technique d\u00e9taill\u00e9e des lani\u00e8res simples ARaymond\" \/>\n<meta property=\"og:url\" content=\"https:\/\/fgti-distribution.fr\/en\/raymond-fixation\/lanieres-simples-a-raymond\/\" \/>\n<meta property=\"og:site_name\" content=\"FGTI Distribution\" \/>\n<meta property=\"article:modified_time\" content=\"2026-04-10T11:37:19+00:00\" \/>\n<meta name=\"twitter:card\" content=\"summary_large_image\" \/>\n<meta name=\"twitter:label1\" content=\"Estimated reading time\" \/>\n\t<meta name=\"twitter:data1\" content=\"2 minutes\" \/>\n<script type=\"application\/ld+json\" class=\"yoast-schema-graph\">{\"@context\":\"https:\\\/\\\/schema.org\",\"@graph\":[{\"@type\":\"WebPage\",\"@id\":\"https:\\\/\\\/fgti-distribution.fr\\\/fixation-araymond\\\/lanieres-simples-a-raymond\\\/\",\"url\":\"https:\\\/\\\/fgti-distribution.fr\\\/fixation-araymond\\\/lanieres-simples-a-raymond\\\/\",\"name\":\"FGTI Distribution - Lani\u00e8res simples A.Raymond\",\"isPartOf\":{\"@id\":\"https:\\\/\\\/fgti-distribution.fr\\\/#website\"},\"datePublished\":\"2014-01-12T17:01:11+00:00\",\"dateModified\":\"2026-04-10T11:37:19+00:00\",\"description\":\"FGTI Distribution, expert en solutions de fixation, vous propose la fiche technique d\u00e9taill\u00e9e des lani\u00e8res simples ARaymond\",\"breadcrumb\":{\"@id\":\"https:\\\/\\\/fgti-distribution.fr\\\/fixation-araymond\\\/lanieres-simples-a-raymond\\\/#breadcrumb\"},\"inLanguage\":\"en-GB\",\"potentialAction\":[{\"@type\":\"ReadAction\",\"target\":[\"https:\\\/\\\/fgti-distribution.fr\\\/fixation-araymond\\\/lanieres-simples-a-raymond\\\/\"]}]},{\"@type\":\"BreadcrumbList\",\"@id\":\"https:\\\/\\\/fgti-distribution.fr\\\/fixation-araymond\\\/lanieres-simples-a-raymond\\\/#breadcrumb\",\"itemListElement\":[{\"@type\":\"ListItem\",\"position\":1,\"name\":\"Home\",\"item\":\"https:\\\/\\\/fgti-distribution.fr\\\/\"},{\"@type\":\"ListItem\",\"position\":2,\"name\":\"Fixations ARaymond\",\"item\":\"https:\\\/\\\/fgti-distribution.fr\\\/fixation-araymond\\\/\"},{\"@type\":\"ListItem\",\"position\":3,\"name\":\"Lani\u00e8res simples A.Raymond\"}]},{\"@type\":\"WebSite\",\"@id\":\"https:\\\/\\\/fgti-distribution.fr\\\/#website\",\"url\":\"https:\\\/\\\/fgti-distribution.fr\\\/\",\"name\":\"FGTI Distribution\",\"description\":\"Pi\u00e8ces techniques et services \u00e0 forte valeur ajout\u00e9e\",\"publisher\":{\"@id\":\"https:\\\/\\\/fgti-distribution.fr\\\/#organization\"},\"alternateName\":\"FGTI Distribution\",\"potentialAction\":[{\"@type\":\"SearchAction\",\"target\":{\"@type\":\"EntryPoint\",\"urlTemplate\":\"https:\\\/\\\/fgti-distribution.fr\\\/?s={search_term_string}\"},\"query-input\":{\"@type\":\"PropertyValueSpecification\",\"valueRequired\":true,\"valueName\":\"search_term_string\"}}],\"inLanguage\":\"en-GB\"},{\"@type\":\"Organization\",\"@id\":\"https:\\\/\\\/fgti-distribution.fr\\\/#organization\",\"name\":\"FGTI Distribution\",\"alternateName\":\"FGTI Distribution\",\"url\":\"https:\\\/\\\/fgti-distribution.fr\\\/\",\"logo\":{\"@type\":\"ImageObject\",\"inLanguage\":\"en-GB\",\"@id\":\"https:\\\/\\\/fgti-distribution.fr\\\/#\\\/schema\\\/logo\\\/image\\\/\",\"url\":\"https:\\\/\\\/fgti-distribution.fr\\\/wp-content\\\/uploads\\\/2022\\\/12\\\/logo.png\",\"contentUrl\":\"https:\\\/\\\/fgti-distribution.fr\\\/wp-content\\\/uploads\\\/2022\\\/12\\\/logo.png\",\"width\":500,\"height\":228,\"caption\":\"FGTI Distribution\"},\"image\":{\"@id\":\"https:\\\/\\\/fgti-distribution.fr\\\/#\\\/schema\\\/logo\\\/image\\\/\"},\"sameAs\":[\"https:\\\/\\\/www.linkedin.com\\\/company\\\/fgti-distribution\\\/\"]}]}<\/script>\n<!-- \/ Yoast SEO plugin. -->","yoast_head_json":{"title":"FGTI Distribution - Lani\u00e8res simples A.Raymond","description":"FGTI Distribution, experts in fastening solutions, can provide you with a detailed technical data sheet for ARaymond single straps.","robots":{"index":"index","follow":"follow","max-snippet":"max-snippet:-1","max-image-preview":"max-image-preview:large","max-video-preview":"max-video-preview:-1"},"canonical":"https:\/\/fgti-distribution.fr\/en\/raymond-fixation\/lanieres-simples-a-raymond\/","og_locale":"en_GB","og_type":"article","og_title":"FGTI Distribution - Lani\u00e8res simples A.Raymond","og_description":"FGTI Distribution, expert en solutions de fixation, vous propose la fiche technique d\u00e9taill\u00e9e des lani\u00e8res simples ARaymond","og_url":"https:\/\/fgti-distribution.fr\/en\/raymond-fixation\/lanieres-simples-a-raymond\/","og_site_name":"FGTI Distribution","article_modified_time":"2026-04-10T11:37:19+00:00","twitter_card":"summary_large_image","twitter_misc":{"Estimated reading time":"2 minutes"},"schema":{"@context":"https:\/\/schema.org","@graph":[{"@type":"WebPage","@id":"https:\/\/fgti-distribution.fr\/fixation-araymond\/lanieres-simples-a-raymond\/","url":"https:\/\/fgti-distribution.fr\/fixation-araymond\/lanieres-simples-a-raymond\/","name":"FGTI Distribution - Lani\u00e8res simples A.Raymond","isPartOf":{"@id":"https:\/\/fgti-distribution.fr\/#website"},"datePublished":"2014-01-12T17:01:11+00:00","dateModified":"2026-04-10T11:37:19+00:00","description":"FGTI Distribution, experts in fastening solutions, can provide you with a detailed technical data sheet for ARaymond single straps.","breadcrumb":{"@id":"https:\/\/fgti-distribution.fr\/fixation-araymond\/lanieres-simples-a-raymond\/#breadcrumb"},"inLanguage":"en-GB","potentialAction":[{"@type":"ReadAction","target":["https:\/\/fgti-distribution.fr\/fixation-araymond\/lanieres-simples-a-raymond\/"]}]},{"@type":"BreadcrumbList","@id":"https:\/\/fgti-distribution.fr\/fixation-araymond\/lanieres-simples-a-raymond\/#breadcrumb","itemListElement":[{"@type":"ListItem","position":1,"name":"Home","item":"https:\/\/fgti-distribution.fr\/"},{"@type":"ListItem","position":2,"name":"Fixations ARaymond","item":"https:\/\/fgti-distribution.fr\/fixation-araymond\/"},{"@type":"ListItem","position":3,"name":"Lani\u00e8res simples A.Raymond"}]},{"@type":"WebSite","@id":"https:\/\/fgti-distribution.fr\/#website","url":"https:\/\/fgti-distribution.fr\/","name":"FGTI Distribution","description":"Technical parts and high-value-added services","publisher":{"@id":"https:\/\/fgti-distribution.fr\/#organization"},"alternateName":"FGTI Distribution","potentialAction":[{"@type":"SearchAction","target":{"@type":"EntryPoint","urlTemplate":"https:\/\/fgti-distribution.fr\/?s={search_term_string}"},"query-input":{"@type":"PropertyValueSpecification","valueRequired":true,"valueName":"search_term_string"}}],"inLanguage":"en-GB"},{"@type":"Organization","@id":"https:\/\/fgti-distribution.fr\/#organization","name":"FGTI Distribution","alternateName":"FGTI Distribution","url":"https:\/\/fgti-distribution.fr\/","logo":{"@type":"ImageObject","inLanguage":"en-GB","@id":"https:\/\/fgti-distribution.fr\/#\/schema\/logo\/image\/","url":"https:\/\/fgti-distribution.fr\/wp-content\/uploads\/2022\/12\/logo.png","contentUrl":"https:\/\/fgti-distribution.fr\/wp-content\/uploads\/2022\/12\/logo.png","width":500,"height":228,"caption":"FGTI Distribution"},"image":{"@id":"https:\/\/fgti-distribution.fr\/#\/schema\/logo\/image\/"},"sameAs":["https:\/\/www.linkedin.com\/company\/fgti-distribution\/"]}]}},"_links":{"self":[{"href":"https:\/\/fgti-distribution.fr\/en\/wp-json\/wp\/v2\/pages\/1909","targetHints":{"allow":["GET"]}}],"collection":[{"href":"https:\/\/fgti-distribution.fr\/en\/wp-json\/wp\/v2\/pages"}],"about":[{"href":"https:\/\/fgti-distribution.fr\/en\/wp-json\/wp\/v2\/types\/page"}],"author":[{"embeddable":true,"href":"https:\/\/fgti-distribution.fr\/en\/wp-json\/wp\/v2\/users\/1"}],"replies":[{"embeddable":true,"href":"https:\/\/fgti-distribution.fr\/en\/wp-json\/wp\/v2\/comments?post=1909"}],"version-history":[{"count":20,"href":"https:\/\/fgti-distribution.fr\/en\/wp-json\/wp\/v2\/pages\/1909\/revisions"}],"predecessor-version":[{"id":10082,"href":"https:\/\/fgti-distribution.fr\/en\/wp-json\/wp\/v2\/pages\/1909\/revisions\/10082"}],"up":[{"embeddable":true,"href":"https:\/\/fgti-distribution.fr\/en\/wp-json\/wp\/v2\/pages\/10"}],"wp:attachment":[{"href":"https:\/\/fgti-distribution.fr\/en\/wp-json\/wp\/v2\/media?parent=1909"}],"curies":[{"name":"wp","href":"https:\/\/api.w.org\/{rel}","templated":true}]}}