{"id":2066,"date":"2014-01-12T20:08:28","date_gmt":"2014-01-12T20:08:28","guid":{"rendered":"https:\/\/fgti-distribution.fr\/?page_id=2066"},"modified":"2026-04-10T11:31:11","modified_gmt":"2026-04-10T11:31:11","slug":"supports-pour-tubes-a-double-pivotement-leds-raymound","status":"publish","type":"page","link":"https:\/\/fgti-distribution.fr\/en\/fixation-araymond\/supports-tubes-trou-double-pivotant-a-raymond\/","title":{"rendered":"Clip-on support tube with double pivot A Raymond"},"content":{"rendered":"<section data-bb-version=\"4.8.2\" id=\"bt_bb_section69f563426b78f\" class=\"bt_bb_section bt_bb_layout_boxed_1200\"  data-bt-override-class=\"null\"><div class=\"bt_bb_port\"><div class=\"bt_bb_cell\"><div class=\"bt_bb_cell_inner\"><div class=\"bt_bb_row\"  data-bt-override-class=\"{}\"><div class=\"bt_bb_row_holder\" ><div data-bb-version=\"4.8.2\"  class=\"bt_bb_column col-xxl-12 col-xl-12 col-xs-12 col-sm-12 col-md-12 col-lg-12 bt_bb_vertical_align_top bt_bb_align_left bt_bb_padding_normal\" style=\"; --column-width:12;\" data-width=\"12\" data-bt-override-class=\"{}\"><div class=\"bt_bb_column_content\"><div class=\"bt_bb_column_content_inner\"><div class=\"bt_bb_raw_content\"><div style=\"color: #bababa; font-size: 12px; margin-bottom: 20px;\">FGTI-Distribution &gt; ARaymond Fixings &gt; Detailed technical datasheets &gt; Plastic tube clips &gt; Double swivel clips for tubes in a hole<\/div>\n<table style=\"border: 0 none;\">\n<tbody>\n<tr>\n<td style=\"vertical-align: top;\"><a style=\"border: 0 none;\" href=\"https:\/\/fgti-distribution.fr\/wp-content\/img\/fiches-techniques-raymond\/supports-tubes-trou-double-pivotant-a-raymond.pdf\" target=\"_blank\" rel=\"noopener\"><img decoding=\"async\" src=\"https:\/\/fgti-distribution.fr\/FGTI_images\/pdficon_large.png\" \/><\/a><\/td>\n<td style=\"text-align: left; vertical-align: top;\">\n<h2 style=\"text-transform: none;\"><span style=\"color: #e82c2e; font-weight: bold; font-size: 20px;\">Tube supports<\/span>\nClip-on support tube in a double swivel hole<\/h2>\n<\/td>\n<td style=\"text-align: right; font-size: 10px; padding: 0 40px;\"><img decoding=\"async\" src=\"https:\/\/fgti-distribution.fr\/FGTI_images\/dans-trou.jpg\" alt=\"brackets to clip into a hole\" \/>\n<h3 style=\"font-size: 10px;\">Clip-on bracket for a hole<\/h3>\n<\/td>\n<\/tr>\n<tr>\n<td style=\"vertical-align: top;\" colspan=\"2\"><img decoding=\"async\" src=\"https:\/\/fgti-distribution.fr\/wp-content\/img\/fiches-techniques-raymond\/supports-tubes-trou-double-pivotant-a-raymond-FGTI-photo.jpg\" alt=\"Picture supports for clip-on tubes, double pivot, Raymond\" \/><\/td>\n<td style=\"vertical-align: top;\"><img decoding=\"async\" src=\"https:\/\/fgti-distribution.fr\/wp-content\/img\/fiches-techniques-raymond\/supports-tubes-trou-double-pivotant-a-raymond-FGTI-schema.jpg\" alt=\"Clip-on tube support bracket with double swivel, Raymond\" \/><\/td>\n<\/tr>\n<tr>\n<td style=\"vertical-align: top; text-align: center; font-size: 10px;\" colspan=\"3\">\n<h3>Dimensions - Clip-on support tube with double swivel<\/h3>\nAll dimensions are in mm and angles in \u00b0 \/ Other dimensions and variations available on request\n<img decoding=\"async\" src=\"https:\/\/fgti-distribution.fr\/wp-content\/img\/fiches-techniques-raymond\/supports-tubes-trou-double-pivotant-a-raymond-FGTI-tableau.jpg\" alt=\"Clip-on support tube for double pivoting Raymond hole\" \/><\/td>\n<\/tr>\n<tr>\n<td style=\"vertical-align: top; text-align: left; font-size: 10px;\" colspan=\"3\"><img decoding=\"async\" src=\"https:\/\/fgti-distribution.fr\/wp-content\/img\/fiches-techniques-raymond\/supports-tubes-trou-double-pivotant-a-raymond-FGTI-info.jpg\" alt=\"Clip-in tube information, double swivel bracket, Raymond\" \/>\n- To attach two cables\/tubes to a perforated panel\n- With swivel function<\/td>\n<\/tr>\n<\/tbody>\n<\/table><\/div><\/div><\/div><\/div><\/div><\/div><\/div><!-- cell_inner --><\/div><!-- cell --><\/div><!-- port --><\/section>","protected":false},"excerpt":{"rendered":"","protected":false},"author":1,"featured_media":0,"parent":10,"menu_order":0,"comment_status":"closed","ping_status":"closed","template":"","meta":{"footnotes":""},"class_list":["post-2066","page","type-page","status-publish","hentry"],"yoast_head":"<!-- This site is optimized with the Yoast SEO plugin v27.3 - https:\/\/yoast.com\/product\/yoast-seo-wordpress\/ -->\n<title>Support tube \u00e0 clipper dans un trou<\/title>\n<meta name=\"description\" content=\"Fiche technique du support tube \u00e0 clipper dans un trou double pivotant A Raymond. N&#039;h\u00e9sitez pas \u00e0 nous contacter.\" \/>\n<meta name=\"robots\" content=\"index, follow, max-snippet:-1, max-image-preview:large, max-video-preview:-1\" \/>\n<link rel=\"canonical\" href=\"https:\/\/fgti-distribution.fr\/en\/raymond-fixation\/supports-pour-tubes-a-double-pivotement-leds-raymound\/\" \/>\n<meta property=\"og:locale\" content=\"en_GB\" \/>\n<meta property=\"og:type\" content=\"article\" \/>\n<meta property=\"og:title\" content=\"Support tube \u00e0 clipper dans un trou\" \/>\n<meta property=\"og:description\" content=\"Fiche technique du support tube \u00e0 clipper dans un trou double pivotant A Raymond. N&#039;h\u00e9sitez pas \u00e0 nous contacter.\" \/>\n<meta property=\"og:url\" content=\"https:\/\/fgti-distribution.fr\/en\/raymond-fixation\/supports-pour-tubes-a-double-pivotement-leds-raymound\/\" \/>\n<meta property=\"og:site_name\" content=\"FGTI Distribution\" \/>\n<meta property=\"article:modified_time\" content=\"2026-04-10T11:31:11+00:00\" \/>\n<meta name=\"twitter:card\" content=\"summary_large_image\" \/>\n<meta name=\"twitter:label1\" content=\"Estimated reading time\" \/>\n\t<meta name=\"twitter:data1\" content=\"2 minutes\" \/>\n<script type=\"application\/ld+json\" class=\"yoast-schema-graph\">{\"@context\":\"https:\\\/\\\/schema.org\",\"@graph\":[{\"@type\":\"WebPage\",\"@id\":\"https:\\\/\\\/fgti-distribution.fr\\\/fixation-araymond\\\/supports-tubes-trou-double-pivotant-a-raymond\\\/\",\"url\":\"https:\\\/\\\/fgti-distribution.fr\\\/fixation-araymond\\\/supports-tubes-trou-double-pivotant-a-raymond\\\/\",\"name\":\"Support tube \u00e0 clipper dans un trou\",\"isPartOf\":{\"@id\":\"https:\\\/\\\/fgti-distribution.fr\\\/#website\"},\"datePublished\":\"2014-01-12T20:08:28+00:00\",\"dateModified\":\"2026-04-10T11:31:11+00:00\",\"description\":\"Fiche technique du support tube \u00e0 clipper dans un trou double pivotant A Raymond. N'h\u00e9sitez pas \u00e0 nous contacter.\",\"breadcrumb\":{\"@id\":\"https:\\\/\\\/fgti-distribution.fr\\\/fixation-araymond\\\/supports-tubes-trou-double-pivotant-a-raymond\\\/#breadcrumb\"},\"inLanguage\":\"en-GB\",\"potentialAction\":[{\"@type\":\"ReadAction\",\"target\":[\"https:\\\/\\\/fgti-distribution.fr\\\/fixation-araymond\\\/supports-tubes-trou-double-pivotant-a-raymond\\\/\"]}]},{\"@type\":\"BreadcrumbList\",\"@id\":\"https:\\\/\\\/fgti-distribution.fr\\\/fixation-araymond\\\/supports-tubes-trou-double-pivotant-a-raymond\\\/#breadcrumb\",\"itemListElement\":[{\"@type\":\"ListItem\",\"position\":1,\"name\":\"Home\",\"item\":\"https:\\\/\\\/fgti-distribution.fr\\\/\"},{\"@type\":\"ListItem\",\"position\":2,\"name\":\"Fixations ARaymond\",\"item\":\"https:\\\/\\\/fgti-distribution.fr\\\/fixation-araymond\\\/\"},{\"@type\":\"ListItem\",\"position\":3,\"name\":\"Support tube \u00e0 clipper dans un trou double pivotant A Raymond\"}]},{\"@type\":\"WebSite\",\"@id\":\"https:\\\/\\\/fgti-distribution.fr\\\/#website\",\"url\":\"https:\\\/\\\/fgti-distribution.fr\\\/\",\"name\":\"FGTI Distribution\",\"description\":\"Pi\u00e8ces techniques et services \u00e0 forte valeur ajout\u00e9e\",\"publisher\":{\"@id\":\"https:\\\/\\\/fgti-distribution.fr\\\/#organization\"},\"alternateName\":\"FGTI Distribution\",\"potentialAction\":[{\"@type\":\"SearchAction\",\"target\":{\"@type\":\"EntryPoint\",\"urlTemplate\":\"https:\\\/\\\/fgti-distribution.fr\\\/?s={search_term_string}\"},\"query-input\":{\"@type\":\"PropertyValueSpecification\",\"valueRequired\":true,\"valueName\":\"search_term_string\"}}],\"inLanguage\":\"en-GB\"},{\"@type\":\"Organization\",\"@id\":\"https:\\\/\\\/fgti-distribution.fr\\\/#organization\",\"name\":\"FGTI Distribution\",\"alternateName\":\"FGTI Distribution\",\"url\":\"https:\\\/\\\/fgti-distribution.fr\\\/\",\"logo\":{\"@type\":\"ImageObject\",\"inLanguage\":\"en-GB\",\"@id\":\"https:\\\/\\\/fgti-distribution.fr\\\/#\\\/schema\\\/logo\\\/image\\\/\",\"url\":\"https:\\\/\\\/fgti-distribution.fr\\\/wp-content\\\/uploads\\\/2022\\\/12\\\/logo.png\",\"contentUrl\":\"https:\\\/\\\/fgti-distribution.fr\\\/wp-content\\\/uploads\\\/2022\\\/12\\\/logo.png\",\"width\":500,\"height\":228,\"caption\":\"FGTI Distribution\"},\"image\":{\"@id\":\"https:\\\/\\\/fgti-distribution.fr\\\/#\\\/schema\\\/logo\\\/image\\\/\"},\"sameAs\":[\"https:\\\/\\\/www.linkedin.com\\\/company\\\/fgti-distribution\\\/\"]}]}<\/script>\n<!-- \/ Yoast SEO plugin. -->","yoast_head_json":{"title":"Clip-on tube support in a hole","description":"A Raymond Snap-fit Tube Clip Technical Data Sheet Double Swivel in a Hole. Do not hesitate to contact us.","robots":{"index":"index","follow":"follow","max-snippet":"max-snippet:-1","max-image-preview":"max-image-preview:large","max-video-preview":"max-video-preview:-1"},"canonical":"https:\/\/fgti-distribution.fr\/en\/raymond-fixation\/supports-pour-tubes-a-double-pivotement-leds-raymound\/","og_locale":"en_GB","og_type":"article","og_title":"Support tube \u00e0 clipper dans un trou","og_description":"Fiche technique du support tube \u00e0 clipper dans un trou double pivotant A Raymond. N'h\u00e9sitez pas \u00e0 nous contacter.","og_url":"https:\/\/fgti-distribution.fr\/en\/raymond-fixation\/supports-pour-tubes-a-double-pivotement-leds-raymound\/","og_site_name":"FGTI Distribution","article_modified_time":"2026-04-10T11:31:11+00:00","twitter_card":"summary_large_image","twitter_misc":{"Estimated reading time":"2 minutes"},"schema":{"@context":"https:\/\/schema.org","@graph":[{"@type":"WebPage","@id":"https:\/\/fgti-distribution.fr\/fixation-araymond\/supports-tubes-trou-double-pivotant-a-raymond\/","url":"https:\/\/fgti-distribution.fr\/fixation-araymond\/supports-tubes-trou-double-pivotant-a-raymond\/","name":"Clip-on tube support in a hole","isPartOf":{"@id":"https:\/\/fgti-distribution.fr\/#website"},"datePublished":"2014-01-12T20:08:28+00:00","dateModified":"2026-04-10T11:31:11+00:00","description":"A Raymond Snap-fit Tube Clip Technical Data Sheet Double Swivel in a Hole. Do not hesitate to contact us.","breadcrumb":{"@id":"https:\/\/fgti-distribution.fr\/fixation-araymond\/supports-tubes-trou-double-pivotant-a-raymond\/#breadcrumb"},"inLanguage":"en-GB","potentialAction":[{"@type":"ReadAction","target":["https:\/\/fgti-distribution.fr\/fixation-araymond\/supports-tubes-trou-double-pivotant-a-raymond\/"]}]},{"@type":"BreadcrumbList","@id":"https:\/\/fgti-distribution.fr\/fixation-araymond\/supports-tubes-trou-double-pivotant-a-raymond\/#breadcrumb","itemListElement":[{"@type":"ListItem","position":1,"name":"Home","item":"https:\/\/fgti-distribution.fr\/"},{"@type":"ListItem","position":2,"name":"Fixations ARaymond","item":"https:\/\/fgti-distribution.fr\/fixation-araymond\/"},{"@type":"ListItem","position":3,"name":"Support tube \u00e0 clipper dans un trou double pivotant A Raymond"}]},{"@type":"WebSite","@id":"https:\/\/fgti-distribution.fr\/#website","url":"https:\/\/fgti-distribution.fr\/","name":"FGTI Distribution","description":"Technical parts and high-value-added services","publisher":{"@id":"https:\/\/fgti-distribution.fr\/#organization"},"alternateName":"FGTI Distribution","potentialAction":[{"@type":"SearchAction","target":{"@type":"EntryPoint","urlTemplate":"https:\/\/fgti-distribution.fr\/?s={search_term_string}"},"query-input":{"@type":"PropertyValueSpecification","valueRequired":true,"valueName":"search_term_string"}}],"inLanguage":"en-GB"},{"@type":"Organization","@id":"https:\/\/fgti-distribution.fr\/#organization","name":"FGTI Distribution","alternateName":"FGTI Distribution","url":"https:\/\/fgti-distribution.fr\/","logo":{"@type":"ImageObject","inLanguage":"en-GB","@id":"https:\/\/fgti-distribution.fr\/#\/schema\/logo\/image\/","url":"https:\/\/fgti-distribution.fr\/wp-content\/uploads\/2022\/12\/logo.png","contentUrl":"https:\/\/fgti-distribution.fr\/wp-content\/uploads\/2022\/12\/logo.png","width":500,"height":228,"caption":"FGTI Distribution"},"image":{"@id":"https:\/\/fgti-distribution.fr\/#\/schema\/logo\/image\/"},"sameAs":["https:\/\/www.linkedin.com\/company\/fgti-distribution\/"]}]}},"_links":{"self":[{"href":"https:\/\/fgti-distribution.fr\/en\/wp-json\/wp\/v2\/pages\/2066","targetHints":{"allow":["GET"]}}],"collection":[{"href":"https:\/\/fgti-distribution.fr\/en\/wp-json\/wp\/v2\/pages"}],"about":[{"href":"https:\/\/fgti-distribution.fr\/en\/wp-json\/wp\/v2\/types\/page"}],"author":[{"embeddable":true,"href":"https:\/\/fgti-distribution.fr\/en\/wp-json\/wp\/v2\/users\/1"}],"replies":[{"embeddable":true,"href":"https:\/\/fgti-distribution.fr\/en\/wp-json\/wp\/v2\/comments?post=2066"}],"version-history":[{"count":4,"href":"https:\/\/fgti-distribution.fr\/en\/wp-json\/wp\/v2\/pages\/2066\/revisions"}],"predecessor-version":[{"id":10070,"href":"https:\/\/fgti-distribution.fr\/en\/wp-json\/wp\/v2\/pages\/2066\/revisions\/10070"}],"up":[{"embeddable":true,"href":"https:\/\/fgti-distribution.fr\/en\/wp-json\/wp\/v2\/pages\/10"}],"wp:attachment":[{"href":"https:\/\/fgti-distribution.fr\/en\/wp-json\/wp\/v2\/media?parent=2066"}],"curies":[{"name":"wp","href":"https:\/\/api.w.org\/{rel}","templated":true}]}}