{"id":2142,"date":"2014-01-13T17:26:19","date_gmt":"2014-01-13T17:26:19","guid":{"rendered":"https:\/\/fgti-distribution.fr\/?page_id=2142"},"modified":"2026-04-10T11:43:29","modified_gmt":"2026-04-10T11:43:29","slug":"adaptors-to-mount-on-panel-edges-parallel-tubes","status":"publish","type":"page","link":"https:\/\/fgti-distribution.fr\/en\/fixation-araymond\/adaptateurs-a-monter-bords-panneaux-tubes-paralleles\/","title":{"rendered":"Adapter to mount in panel edges \/ With tubes parallel to the panel"},"content":{"rendered":"<div style=\"color: #bababa; font-size: 12px; margin-bottom: 20px;\">FGTI-Distribution &gt; ARaymond Fixings &gt; Detailed Technical Data Sheets &gt; Adapters for Straps and Tube Holders &gt; Adapters for Mounting on Panel Edges for Tube Holders with Tubes Parallel to the Panel<\/div>\n<table style=\"border: 0 none;\">\n<tbody>\n<tr>\n<td style=\"vertical-align: top; width: 60px;\"><a style=\"border: 0 none;\" href=\"https:\/\/fgti-distribution.fr\/wp-content\/img\/fiches-techniques-raymond\/adaptateurs-a-monter-bords-panneaux-tubes-paralleles.pdf\" target=\"_blank\" rel=\"noopener\"><img decoding=\"async\" src=\"https:\/\/fgti-distribution.fr\/FGTI_images\/pdficon_large.png\" \/><\/a><\/td>\n<td style=\"text-align: left; vertical-align: top;\">\n<h1 style=\"text-transform: none;\"><span style=\"color: #e82c2e; font-weight: bold; font-size: 20px;\">Panel edge mounting adaptors<\/span><br \/>\nParallel tube holder bracket to panel<\/h1>\n<\/td>\n<td style=\"text-align: right; font-size: 10px; padding: 0 40px;\"><img decoding=\"async\" src=\"https:\/\/fgti-distribution.fr\/FGTI_images\/bords-de-panneaux.jpg\" alt=\"Panel edge trim strips\" \/><\/p>\n<h2 style=\"font-size: 10px;\">On panel surfaces<\/h2>\n<\/td>\n<\/tr>\n<tr>\n<td style=\"vertical-align: top;\" colspan=\"2\"><img decoding=\"async\" src=\"https:\/\/fgti-distribution.fr\/wp-content\/img\/fiches-techniques-raymond\/adaptateurs-a-monter-bords-panneaux-tubes-paralleles-FGTI-photo.jpg\" alt=\"Photo adapter, parallel tube holder to the panel\" \/><\/td>\n<td style=\"vertical-align: top;\"><img decoding=\"async\" src=\"https:\/\/fgti-distribution.fr\/wp-content\/img\/fiches-techniques-raymond\/adaptateurs-a-monter-bords-panneaux-tubes-paralleles-FGTI-schema.jpg\" alt=\"Parallel tube holder adapter bracket\" \/><\/td>\n<\/tr>\n<tr>\n<td style=\"vertical-align: top; text-align: center; font-size: 10px;\" colspan=\"3\">\n<h3>Dimensions \u2013 Adapter for parallel tube support to panel<\/h3>\n<p>All dimensions are in mm and angles in \u00b0 \/ Other dimensions and variations available on request<br \/>\n<img decoding=\"async\" src=\"https:\/\/fgti-distribution.fr\/wp-content\/img\/fiches-techniques-raymond\/adaptateurs-a-monter-bords-panneaux-tubes-paralleles-FGTI-tableau.jpg\" alt=\"Adapter dimensions\" \/><\/td>\n<\/tr>\n<tr>\n<td style=\"vertical-align: top; text-align: left; font-size: 10px;\" colspan=\"2\"><img decoding=\"async\" src=\"https:\/\/fgti-distribution.fr\/wp-content\/img\/fiches-techniques-raymond\/adaptateurs-a-monter-bords-panneaux-tubes-paralleles-FGTI-info.jpg\" alt=\"Information: Parallel tube support adapter to the panel\" \/><br \/>\n\u2013 Multi-function terminal block for mounting on panel edges<br \/>\n- Suitable for all ARaymond clips for \u00d86.5 to 6.7 mm holes<br \/>\n\u2013 With retaining claws<\/td>\n<td style=\"vertical-align: top; font-size: 10px;\"><img decoding=\"async\" src=\"https:\/\/fgti-distribution.fr\/wp-content\/img\/fiches-techniques-raymond\/adaptateurs-a-monter-bords-panneaux-tubes-paralleles-FGTI-complement.jpg\" alt=\"Alternative products, Raymond adapters for panel edges, for supporting tubes with tubes parallel to the panel.\" \/><\/p>\n<div style=\"width: 80px; display: inline-block; text-align: center; line-height: 15px;\">\n<p>&nbsp;<\/p>\n<h3 class=\"complement\">Supports for clips-on tubes in a hole<\/h3>\n<p>&nbsp;<\/p>\n<\/div>\n<div style=\"width: 80px; display: inline-block; text-align: center; line-height: 15px;\"><\/div>\n<div style=\"width: 80px; display: inline-block; text-align: center; line-height: 15px;\"><\/div>\n<\/td>\n<\/tr>\n<\/tbody>\n<\/table>","protected":false},"excerpt":{"rendered":"<p>FGTI-Distribution &gt; Fixations ARaymond &gt; Fiches techniques d\u00e9taill\u00e9es &gt; Adaptateurs pour lani\u00e8res et supports tubes &gt; Adaptateurs \u00e0 monter sur bords de panneaux pour supports tube avec tubes parall\u00e8les au panneau Adaptateurs \u00e0 monter sur bords de panneaux Adaptateur support tube parall\u00e8le au panneau Sur bords de panneaux&lt;\/h2 Dimensions &#8211; Adaptateur support tube parall\u00e8le au&#8230;<\/p>","protected":false},"author":1,"featured_media":0,"parent":10,"menu_order":0,"comment_status":"closed","ping_status":"closed","template":"","meta":{"footnotes":""},"class_list":["post-2142","page","type-page","status-publish","hentry"],"yoast_head":"<!-- This site is optimized with the Yoast SEO plugin v27.3 - https:\/\/yoast.com\/product\/yoast-seo-wordpress\/ -->\n<title>Adaptateur support tube bords de toles parall\u00e8les au panneau<\/title>\n<meta name=\"description\" content=\"FGTI Distribution vous propose la fiche technique d\u00e9taill\u00e9e de l&#039;adaptateur support tube \u00e0 monter en bords de panneaux, parall\u00e8les au panneau.\" \/>\n<meta name=\"robots\" content=\"index, follow, max-snippet:-1, max-image-preview:large, max-video-preview:-1\" \/>\n<link rel=\"canonical\" href=\"https:\/\/fgti-distribution.fr\/en\/raymond-fixation\/adaptors-to-mount-on-panel-edges-parallel-tubes\/\" \/>\n<meta property=\"og:locale\" content=\"en_GB\" \/>\n<meta property=\"og:type\" content=\"article\" \/>\n<meta property=\"og:title\" content=\"Adaptateur support tube bords de toles parall\u00e8les au panneau\" \/>\n<meta property=\"og:description\" content=\"FGTI Distribution vous propose la fiche technique d\u00e9taill\u00e9e de l&#039;adaptateur support tube \u00e0 monter en bords de panneaux, parall\u00e8les au panneau.\" \/>\n<meta property=\"og:url\" content=\"https:\/\/fgti-distribution.fr\/en\/raymond-fixation\/adaptors-to-mount-on-panel-edges-parallel-tubes\/\" \/>\n<meta property=\"og:site_name\" content=\"FGTI Distribution\" \/>\n<meta property=\"article:modified_time\" content=\"2026-04-10T11:43:29+00:00\" \/>\n<meta property=\"og:image\" content=\"https:\/\/fgti-distribution.fr\/FGTI_images\/pdficon_large.png\" \/>\n<meta name=\"twitter:card\" content=\"summary_large_image\" \/>\n<meta name=\"twitter:label1\" content=\"Estimated reading time\" \/>\n\t<meta name=\"twitter:data1\" content=\"2 minutes\" \/>\n<script type=\"application\/ld+json\" class=\"yoast-schema-graph\">{\"@context\":\"https:\\\/\\\/schema.org\",\"@graph\":[{\"@type\":\"WebPage\",\"@id\":\"https:\\\/\\\/fgti-distribution.fr\\\/fixation-araymond\\\/adaptateurs-a-monter-bords-panneaux-tubes-paralleles\\\/\",\"url\":\"https:\\\/\\\/fgti-distribution.fr\\\/fixation-araymond\\\/adaptateurs-a-monter-bords-panneaux-tubes-paralleles\\\/\",\"name\":\"Adaptateur support tube bords de toles parall\u00e8les au panneau\",\"isPartOf\":{\"@id\":\"https:\\\/\\\/fgti-distribution.fr\\\/#website\"},\"primaryImageOfPage\":{\"@id\":\"https:\\\/\\\/fgti-distribution.fr\\\/fixation-araymond\\\/adaptateurs-a-monter-bords-panneaux-tubes-paralleles\\\/#primaryimage\"},\"image\":{\"@id\":\"https:\\\/\\\/fgti-distribution.fr\\\/fixation-araymond\\\/adaptateurs-a-monter-bords-panneaux-tubes-paralleles\\\/#primaryimage\"},\"thumbnailUrl\":\"https:\\\/\\\/fgti-distribution.fr\\\/FGTI_images\\\/pdficon_large.png\",\"datePublished\":\"2014-01-13T17:26:19+00:00\",\"dateModified\":\"2026-04-10T11:43:29+00:00\",\"description\":\"FGTI Distribution vous propose la fiche technique d\u00e9taill\u00e9e de l'adaptateur support tube \u00e0 monter en bords de panneaux, parall\u00e8les au panneau.\",\"breadcrumb\":{\"@id\":\"https:\\\/\\\/fgti-distribution.fr\\\/fixation-araymond\\\/adaptateurs-a-monter-bords-panneaux-tubes-paralleles\\\/#breadcrumb\"},\"inLanguage\":\"en-GB\",\"potentialAction\":[{\"@type\":\"ReadAction\",\"target\":[\"https:\\\/\\\/fgti-distribution.fr\\\/fixation-araymond\\\/adaptateurs-a-monter-bords-panneaux-tubes-paralleles\\\/\"]}]},{\"@type\":\"ImageObject\",\"inLanguage\":\"en-GB\",\"@id\":\"https:\\\/\\\/fgti-distribution.fr\\\/fixation-araymond\\\/adaptateurs-a-monter-bords-panneaux-tubes-paralleles\\\/#primaryimage\",\"url\":\"https:\\\/\\\/fgti-distribution.fr\\\/FGTI_images\\\/pdficon_large.png\",\"contentUrl\":\"https:\\\/\\\/fgti-distribution.fr\\\/FGTI_images\\\/pdficon_large.png\"},{\"@type\":\"BreadcrumbList\",\"@id\":\"https:\\\/\\\/fgti-distribution.fr\\\/fixation-araymond\\\/adaptateurs-a-monter-bords-panneaux-tubes-paralleles\\\/#breadcrumb\",\"itemListElement\":[{\"@type\":\"ListItem\",\"position\":1,\"name\":\"Home\",\"item\":\"https:\\\/\\\/fgti-distribution.fr\\\/\"},{\"@type\":\"ListItem\",\"position\":2,\"name\":\"Fixations ARaymond\",\"item\":\"https:\\\/\\\/fgti-distribution.fr\\\/fixation-araymond\\\/\"},{\"@type\":\"ListItem\",\"position\":3,\"name\":\"Adaptateur support tube \u00e0 monter en bords de panneaux \\\/ Avec tubes parall\u00e8les au panneau\"}]},{\"@type\":\"WebSite\",\"@id\":\"https:\\\/\\\/fgti-distribution.fr\\\/#website\",\"url\":\"https:\\\/\\\/fgti-distribution.fr\\\/\",\"name\":\"FGTI Distribution\",\"description\":\"Pi\u00e8ces techniques et services \u00e0 forte valeur ajout\u00e9e\",\"publisher\":{\"@id\":\"https:\\\/\\\/fgti-distribution.fr\\\/#organization\"},\"alternateName\":\"FGTI Distribution\",\"potentialAction\":[{\"@type\":\"SearchAction\",\"target\":{\"@type\":\"EntryPoint\",\"urlTemplate\":\"https:\\\/\\\/fgti-distribution.fr\\\/?s={search_term_string}\"},\"query-input\":{\"@type\":\"PropertyValueSpecification\",\"valueRequired\":true,\"valueName\":\"search_term_string\"}}],\"inLanguage\":\"en-GB\"},{\"@type\":\"Organization\",\"@id\":\"https:\\\/\\\/fgti-distribution.fr\\\/#organization\",\"name\":\"FGTI Distribution\",\"alternateName\":\"FGTI Distribution\",\"url\":\"https:\\\/\\\/fgti-distribution.fr\\\/\",\"logo\":{\"@type\":\"ImageObject\",\"inLanguage\":\"en-GB\",\"@id\":\"https:\\\/\\\/fgti-distribution.fr\\\/#\\\/schema\\\/logo\\\/image\\\/\",\"url\":\"https:\\\/\\\/fgti-distribution.fr\\\/wp-content\\\/uploads\\\/2022\\\/12\\\/logo.png\",\"contentUrl\":\"https:\\\/\\\/fgti-distribution.fr\\\/wp-content\\\/uploads\\\/2022\\\/12\\\/logo.png\",\"width\":500,\"height\":228,\"caption\":\"FGTI Distribution\"},\"image\":{\"@id\":\"https:\\\/\\\/fgti-distribution.fr\\\/#\\\/schema\\\/logo\\\/image\\\/\"},\"sameAs\":[\"https:\\\/\\\/www.linkedin.com\\\/company\\\/fgti-distribution\\\/\"]}]}<\/script>\n<!-- \/ Yoast SEO plugin. -->","yoast_head_json":{"title":"Bracket for tube with edges parallel to the sheet metal panel","description":"FGTI Distribution offers you the detailed technical sheet for the tube holder adapter to be mounted on panel edges, parallel to the panel.","robots":{"index":"index","follow":"follow","max-snippet":"max-snippet:-1","max-image-preview":"max-image-preview:large","max-video-preview":"max-video-preview:-1"},"canonical":"https:\/\/fgti-distribution.fr\/en\/raymond-fixation\/adaptors-to-mount-on-panel-edges-parallel-tubes\/","og_locale":"en_GB","og_type":"article","og_title":"Adaptateur support tube bords de toles parall\u00e8les au panneau","og_description":"FGTI Distribution vous propose la fiche technique d\u00e9taill\u00e9e de l'adaptateur support tube \u00e0 monter en bords de panneaux, parall\u00e8les au panneau.","og_url":"https:\/\/fgti-distribution.fr\/en\/raymond-fixation\/adaptors-to-mount-on-panel-edges-parallel-tubes\/","og_site_name":"FGTI Distribution","article_modified_time":"2026-04-10T11:43:29+00:00","og_image":[{"url":"https:\/\/fgti-distribution.fr\/FGTI_images\/pdficon_large.png","type":"","width":"","height":""}],"twitter_card":"summary_large_image","twitter_misc":{"Estimated reading time":"2 minutes"},"schema":{"@context":"https:\/\/schema.org","@graph":[{"@type":"WebPage","@id":"https:\/\/fgti-distribution.fr\/fixation-araymond\/adaptateurs-a-monter-bords-panneaux-tubes-paralleles\/","url":"https:\/\/fgti-distribution.fr\/fixation-araymond\/adaptateurs-a-monter-bords-panneaux-tubes-paralleles\/","name":"Bracket for tube with edges parallel to the sheet metal panel","isPartOf":{"@id":"https:\/\/fgti-distribution.fr\/#website"},"primaryImageOfPage":{"@id":"https:\/\/fgti-distribution.fr\/fixation-araymond\/adaptateurs-a-monter-bords-panneaux-tubes-paralleles\/#primaryimage"},"image":{"@id":"https:\/\/fgti-distribution.fr\/fixation-araymond\/adaptateurs-a-monter-bords-panneaux-tubes-paralleles\/#primaryimage"},"thumbnailUrl":"https:\/\/fgti-distribution.fr\/FGTI_images\/pdficon_large.png","datePublished":"2014-01-13T17:26:19+00:00","dateModified":"2026-04-10T11:43:29+00:00","description":"FGTI Distribution offers you the detailed technical sheet for the tube holder adapter to be mounted on panel edges, parallel to the panel.","breadcrumb":{"@id":"https:\/\/fgti-distribution.fr\/fixation-araymond\/adaptateurs-a-monter-bords-panneaux-tubes-paralleles\/#breadcrumb"},"inLanguage":"en-GB","potentialAction":[{"@type":"ReadAction","target":["https:\/\/fgti-distribution.fr\/fixation-araymond\/adaptateurs-a-monter-bords-panneaux-tubes-paralleles\/"]}]},{"@type":"ImageObject","inLanguage":"en-GB","@id":"https:\/\/fgti-distribution.fr\/fixation-araymond\/adaptateurs-a-monter-bords-panneaux-tubes-paralleles\/#primaryimage","url":"https:\/\/fgti-distribution.fr\/FGTI_images\/pdficon_large.png","contentUrl":"https:\/\/fgti-distribution.fr\/FGTI_images\/pdficon_large.png"},{"@type":"BreadcrumbList","@id":"https:\/\/fgti-distribution.fr\/fixation-araymond\/adaptateurs-a-monter-bords-panneaux-tubes-paralleles\/#breadcrumb","itemListElement":[{"@type":"ListItem","position":1,"name":"Home","item":"https:\/\/fgti-distribution.fr\/"},{"@type":"ListItem","position":2,"name":"Fixations ARaymond","item":"https:\/\/fgti-distribution.fr\/fixation-araymond\/"},{"@type":"ListItem","position":3,"name":"Adaptateur support tube \u00e0 monter en bords de panneaux \/ Avec tubes parall\u00e8les au panneau"}]},{"@type":"WebSite","@id":"https:\/\/fgti-distribution.fr\/#website","url":"https:\/\/fgti-distribution.fr\/","name":"FGTI Distribution","description":"Technical parts and high-value-added services","publisher":{"@id":"https:\/\/fgti-distribution.fr\/#organization"},"alternateName":"FGTI Distribution","potentialAction":[{"@type":"SearchAction","target":{"@type":"EntryPoint","urlTemplate":"https:\/\/fgti-distribution.fr\/?s={search_term_string}"},"query-input":{"@type":"PropertyValueSpecification","valueRequired":true,"valueName":"search_term_string"}}],"inLanguage":"en-GB"},{"@type":"Organization","@id":"https:\/\/fgti-distribution.fr\/#organization","name":"FGTI Distribution","alternateName":"FGTI Distribution","url":"https:\/\/fgti-distribution.fr\/","logo":{"@type":"ImageObject","inLanguage":"en-GB","@id":"https:\/\/fgti-distribution.fr\/#\/schema\/logo\/image\/","url":"https:\/\/fgti-distribution.fr\/wp-content\/uploads\/2022\/12\/logo.png","contentUrl":"https:\/\/fgti-distribution.fr\/wp-content\/uploads\/2022\/12\/logo.png","width":500,"height":228,"caption":"FGTI Distribution"},"image":{"@id":"https:\/\/fgti-distribution.fr\/#\/schema\/logo\/image\/"},"sameAs":["https:\/\/www.linkedin.com\/company\/fgti-distribution\/"]}]}},"_links":{"self":[{"href":"https:\/\/fgti-distribution.fr\/en\/wp-json\/wp\/v2\/pages\/2142","targetHints":{"allow":["GET"]}}],"collection":[{"href":"https:\/\/fgti-distribution.fr\/en\/wp-json\/wp\/v2\/pages"}],"about":[{"href":"https:\/\/fgti-distribution.fr\/en\/wp-json\/wp\/v2\/types\/page"}],"author":[{"embeddable":true,"href":"https:\/\/fgti-distribution.fr\/en\/wp-json\/wp\/v2\/users\/1"}],"replies":[{"embeddable":true,"href":"https:\/\/fgti-distribution.fr\/en\/wp-json\/wp\/v2\/comments?post=2142"}],"version-history":[{"count":2,"href":"https:\/\/fgti-distribution.fr\/en\/wp-json\/wp\/v2\/pages\/2142\/revisions"}],"predecessor-version":[{"id":10096,"href":"https:\/\/fgti-distribution.fr\/en\/wp-json\/wp\/v2\/pages\/2142\/revisions\/10096"}],"up":[{"embeddable":true,"href":"https:\/\/fgti-distribution.fr\/en\/wp-json\/wp\/v2\/pages\/10"}],"wp:attachment":[{"href":"https:\/\/fgti-distribution.fr\/en\/wp-json\/wp\/v2\/media?parent=2142"}],"curies":[{"name":"wp","href":"https:\/\/api.w.org\/{rel}","templated":true}]}}