{"id":2211,"date":"2014-01-17T17:04:41","date_gmt":"2014-01-17T17:04:41","guid":{"rendered":"https:\/\/fgti-distribution.fr\/?page_id=2211"},"modified":"2026-04-10T11:56:20","modified_gmt":"2026-04-10T11:56:20","slug":"raymond-quick-couplings-for-rubber-hoses","status":"publish","type":"page","link":"https:\/\/fgti-distribution.fr\/en\/fixation-araymond\/raccords-rapides-raymond-pour-tuyaux-caoutchoucs\/","title":{"rendered":"A. Raymond quick release couplings with olive hose tails"},"content":{"rendered":"<div style=\"color: #bababa; font-size: 12px; margin-bottom: 20px;\">FGTI-Distribution &gt; ARaymond Fixings &gt; Detailed Technical Data Sheets &gt; Quick Connectors for Fluids &gt; Olive Head Quick Connectors for Rubber Hoses<\/div>\n<table style=\"border: 0 none;\">\n<tbody>\n<tr>\n<td style=\"vertical-align: top;\"><a style=\"border: 0 none;\" href=\"https:\/\/fgti-distribution.fr\/wp-content\/img\/fiches-techniques-raymond\/raccords-rapides-raymond-pour-tuyaux-caoutchoucs.pdf\" target=\"_blank\" rel=\"noopener\"><img decoding=\"async\" src=\"https:\/\/fgti-distribution.fr\/FGTI_images\/pdficon_large.png\" \/><\/a><\/td>\n<td style=\"text-align: left; vertical-align: top;\"><span style=\"color: #e82c2e; font-weight: bold; font-size: 20px;\">Olive-shaped quick connectors<\/span><br \/>\nFor rubber hoses<\/td>\n<td style=\"text-align: right; font-size: 10px; padding: 0 40px;\"><img decoding=\"async\" src=\"https:\/\/fgti-distribution.fr\/FGTI_images\/cables-ou-tubes.jpg\" alt=\"on cables or pipes\" \/><br \/>\nOn cables or pipes<\/td>\n<\/tr>\n<tr>\n<td style=\"vertical-align: top;\" colspan=\"2\"><img decoding=\"async\" src=\"https:\/\/fgti-distribution.fr\/wp-content\/img\/fiches-techniques-raymond\/raccords-rapides-raymond-pour-tuyaux-caoutchoucs-FGTI-photo.jpg\" alt=\"A Raymond quick connect photo fittings for fluids\" \/><\/td>\n<td style=\"vertical-align: top;\"><img decoding=\"async\" src=\"https:\/\/fgti-distribution.fr\/wp-content\/img\/fiches-techniques-raymond\/raccords-rapides-raymond-pour-tuyaux-caoutchoucs-FGTI-schema.jpg\" alt=\"A Raymond quick connectors for fluids diagram\" \/><\/td>\n<\/tr>\n<tr>\n<td style=\"vertical-align: top; text-align: center; font-size: 10px;\" colspan=\"3\">All dimensions are in mm and angles in \u00b0 \/ Other dimensions and variations available on request<br \/>\n<img decoding=\"async\" src=\"https:\/\/fgti-distribution.fr\/wp-content\/img\/fiches-techniques-raymond\/raccords-rapides-raymond-pour-tuyaux-caoutchoucs-FGTI-tableau.jpg\" alt=\"A Raymond quick connectors dimensions for fluids\" \/><br \/>\nThese products are subject to automotive safety standards according to specification SAE J2044, please specify the product's intended use when placing your order.<br \/>\nSpecial studies are possible to adapt the quick-release coupling to your application (materials, temperature, pressure, fluid type, etc.).<\/td>\n<\/tr>\n<tr>\n<td style=\"vertical-align: top; text-align: left; font-size: 10px;\" colspan=\"2\"><img decoding=\"async\" src=\"https:\/\/fgti-distribution.fr\/wp-content\/img\/fiches-techniques-raymond\/raccords-rapides-raymond-pour-tuyaux-caoutchoucs-FGTI-info.jpg\" alt=\"Information on A Raymond quick connectors for fluids\" \/><br \/>\nHose to connect to the olive tail with a clamp<br \/>\n\u2013 Tube material: rubber<br \/>\nOlive tail connection<br \/>\nIn order to most accurately meet your needs, we need to know your specifications and assembly operations:<br \/>\nContact us to obtain the product that suits your application<br \/>\n\u2013 Quick connectors are not stocked and are produced to order<\/td>\n<td style=\"vertical-align: top; font-size: 10px;\"><\/td>\n<\/tr>\n<\/tbody>\n<\/table>","protected":false},"excerpt":{"rendered":"<p>FGTI-Distribution &gt; Fixations ARaymond &gt; Fiches techniques d\u00e9taill\u00e9es &gt; Raccords rapides pour fluides &gt; Raccords rapides en queues oliv\u00e9es pour tuyaux caoutchoucs Raccords rapides en queues oliv\u00e9es Pour tuyaux caoutchoucs Sur c\u00e2bles ou tubes Toutes les dimensions sont en mm et angles en \u00b0 \/ Autres dimensions et variantes sur demande *Ces produits sont soumis&#8230;<\/p>","protected":false},"author":1,"featured_media":0,"parent":10,"menu_order":0,"comment_status":"closed","ping_status":"closed","template":"","meta":{"footnotes":""},"class_list":["post-2211","page","type-page","status-publish","hentry"],"yoast_head":"<!-- This site is optimized with the Yoast SEO plugin v27.3 - https:\/\/yoast.com\/product\/yoast-seo-wordpress\/ -->\n<title>Raccords rapides pour fluides A Raymond pour tuyaux caoutchoucs<\/title>\n<meta name=\"description\" content=\"Fiche technique d\u00e9taill\u00e9e des raccords rapides pour fluides A Raymond pour tuyaux caoutchoucs\" \/>\n<meta name=\"robots\" content=\"index, follow, max-snippet:-1, max-image-preview:large, max-video-preview:-1\" \/>\n<link rel=\"canonical\" href=\"https:\/\/fgti-distribution.fr\/en\/raymond-fixation\/raymond-quick-couplings-for-rubber-hoses\/\" \/>\n<meta property=\"og:locale\" content=\"en_GB\" \/>\n<meta property=\"og:type\" content=\"article\" \/>\n<meta property=\"og:title\" content=\"Raccords rapides pour fluides A Raymond pour tuyaux caoutchoucs\" \/>\n<meta property=\"og:description\" content=\"Fiche technique d\u00e9taill\u00e9e des raccords rapides pour fluides A Raymond pour tuyaux caoutchoucs\" \/>\n<meta property=\"og:url\" content=\"https:\/\/fgti-distribution.fr\/en\/raymond-fixation\/raymond-quick-couplings-for-rubber-hoses\/\" \/>\n<meta property=\"og:site_name\" content=\"FGTI Distribution\" \/>\n<meta property=\"article:modified_time\" content=\"2026-04-10T11:56:20+00:00\" \/>\n<meta property=\"og:image\" content=\"https:\/\/fgti-distribution.fr\/FGTI_images\/pdficon_large.png\" \/>\n<meta name=\"twitter:card\" content=\"summary_large_image\" \/>\n<meta name=\"twitter:label1\" content=\"Estimated reading time\" \/>\n\t<meta name=\"twitter:data1\" content=\"2 minutes\" \/>\n<script type=\"application\/ld+json\" class=\"yoast-schema-graph\">{\"@context\":\"https:\\\/\\\/schema.org\",\"@graph\":[{\"@type\":\"WebPage\",\"@id\":\"https:\\\/\\\/fgti-distribution.fr\\\/fixation-araymond\\\/raccords-rapides-raymond-pour-tuyaux-caoutchoucs\\\/\",\"url\":\"https:\\\/\\\/fgti-distribution.fr\\\/fixation-araymond\\\/raccords-rapides-raymond-pour-tuyaux-caoutchoucs\\\/\",\"name\":\"Raccords rapides pour fluides A Raymond pour tuyaux caoutchoucs\",\"isPartOf\":{\"@id\":\"https:\\\/\\\/fgti-distribution.fr\\\/#website\"},\"primaryImageOfPage\":{\"@id\":\"https:\\\/\\\/fgti-distribution.fr\\\/fixation-araymond\\\/raccords-rapides-raymond-pour-tuyaux-caoutchoucs\\\/#primaryimage\"},\"image\":{\"@id\":\"https:\\\/\\\/fgti-distribution.fr\\\/fixation-araymond\\\/raccords-rapides-raymond-pour-tuyaux-caoutchoucs\\\/#primaryimage\"},\"thumbnailUrl\":\"https:\\\/\\\/fgti-distribution.fr\\\/FGTI_images\\\/pdficon_large.png\",\"datePublished\":\"2014-01-17T17:04:41+00:00\",\"dateModified\":\"2026-04-10T11:56:20+00:00\",\"description\":\"Fiche technique d\u00e9taill\u00e9e des raccords rapides pour fluides A Raymond pour tuyaux caoutchoucs\",\"breadcrumb\":{\"@id\":\"https:\\\/\\\/fgti-distribution.fr\\\/fixation-araymond\\\/raccords-rapides-raymond-pour-tuyaux-caoutchoucs\\\/#breadcrumb\"},\"inLanguage\":\"en-GB\",\"potentialAction\":[{\"@type\":\"ReadAction\",\"target\":[\"https:\\\/\\\/fgti-distribution.fr\\\/fixation-araymond\\\/raccords-rapides-raymond-pour-tuyaux-caoutchoucs\\\/\"]}]},{\"@type\":\"ImageObject\",\"inLanguage\":\"en-GB\",\"@id\":\"https:\\\/\\\/fgti-distribution.fr\\\/fixation-araymond\\\/raccords-rapides-raymond-pour-tuyaux-caoutchoucs\\\/#primaryimage\",\"url\":\"https:\\\/\\\/fgti-distribution.fr\\\/FGTI_images\\\/pdficon_large.png\",\"contentUrl\":\"https:\\\/\\\/fgti-distribution.fr\\\/FGTI_images\\\/pdficon_large.png\"},{\"@type\":\"BreadcrumbList\",\"@id\":\"https:\\\/\\\/fgti-distribution.fr\\\/fixation-araymond\\\/raccords-rapides-raymond-pour-tuyaux-caoutchoucs\\\/#breadcrumb\",\"itemListElement\":[{\"@type\":\"ListItem\",\"position\":1,\"name\":\"Home\",\"item\":\"https:\\\/\\\/fgti-distribution.fr\\\/\"},{\"@type\":\"ListItem\",\"position\":2,\"name\":\"Fixations ARaymond\",\"item\":\"https:\\\/\\\/fgti-distribution.fr\\\/fixation-araymond\\\/\"},{\"@type\":\"ListItem\",\"position\":3,\"name\":\"Raccords rapides A Raymond en queues oliv\u00e9es pour tuyaux caoutchoucs\"}]},{\"@type\":\"WebSite\",\"@id\":\"https:\\\/\\\/fgti-distribution.fr\\\/#website\",\"url\":\"https:\\\/\\\/fgti-distribution.fr\\\/\",\"name\":\"FGTI Distribution\",\"description\":\"Pi\u00e8ces techniques et services \u00e0 forte valeur ajout\u00e9e\",\"publisher\":{\"@id\":\"https:\\\/\\\/fgti-distribution.fr\\\/#organization\"},\"alternateName\":\"FGTI Distribution\",\"potentialAction\":[{\"@type\":\"SearchAction\",\"target\":{\"@type\":\"EntryPoint\",\"urlTemplate\":\"https:\\\/\\\/fgti-distribution.fr\\\/?s={search_term_string}\"},\"query-input\":{\"@type\":\"PropertyValueSpecification\",\"valueRequired\":true,\"valueName\":\"search_term_string\"}}],\"inLanguage\":\"en-GB\"},{\"@type\":\"Organization\",\"@id\":\"https:\\\/\\\/fgti-distribution.fr\\\/#organization\",\"name\":\"FGTI Distribution\",\"alternateName\":\"FGTI Distribution\",\"url\":\"https:\\\/\\\/fgti-distribution.fr\\\/\",\"logo\":{\"@type\":\"ImageObject\",\"inLanguage\":\"en-GB\",\"@id\":\"https:\\\/\\\/fgti-distribution.fr\\\/#\\\/schema\\\/logo\\\/image\\\/\",\"url\":\"https:\\\/\\\/fgti-distribution.fr\\\/wp-content\\\/uploads\\\/2022\\\/12\\\/logo.png\",\"contentUrl\":\"https:\\\/\\\/fgti-distribution.fr\\\/wp-content\\\/uploads\\\/2022\\\/12\\\/logo.png\",\"width\":500,\"height\":228,\"caption\":\"FGTI Distribution\"},\"image\":{\"@id\":\"https:\\\/\\\/fgti-distribution.fr\\\/#\\\/schema\\\/logo\\\/image\\\/\"},\"sameAs\":[\"https:\\\/\\\/www.linkedin.com\\\/company\\\/fgti-distribution\\\/\"]}]}<\/script>\n<!-- \/ Yoast SEO plugin. -->","yoast_head_json":{"title":"A Raymond rapid couplings for rubber hoses","description":"Detailed technical data sheet for A Raymond fluid quick connectors for rubber hoses","robots":{"index":"index","follow":"follow","max-snippet":"max-snippet:-1","max-image-preview":"max-image-preview:large","max-video-preview":"max-video-preview:-1"},"canonical":"https:\/\/fgti-distribution.fr\/en\/raymond-fixation\/raymond-quick-couplings-for-rubber-hoses\/","og_locale":"en_GB","og_type":"article","og_title":"Raccords rapides pour fluides A Raymond pour tuyaux caoutchoucs","og_description":"Fiche technique d\u00e9taill\u00e9e des raccords rapides pour fluides A Raymond pour tuyaux caoutchoucs","og_url":"https:\/\/fgti-distribution.fr\/en\/raymond-fixation\/raymond-quick-couplings-for-rubber-hoses\/","og_site_name":"FGTI Distribution","article_modified_time":"2026-04-10T11:56:20+00:00","og_image":[{"url":"https:\/\/fgti-distribution.fr\/FGTI_images\/pdficon_large.png","type":"","width":"","height":""}],"twitter_card":"summary_large_image","twitter_misc":{"Estimated reading time":"2 minutes"},"schema":{"@context":"https:\/\/schema.org","@graph":[{"@type":"WebPage","@id":"https:\/\/fgti-distribution.fr\/fixation-araymond\/raccords-rapides-raymond-pour-tuyaux-caoutchoucs\/","url":"https:\/\/fgti-distribution.fr\/fixation-araymond\/raccords-rapides-raymond-pour-tuyaux-caoutchoucs\/","name":"A Raymond rapid couplings for rubber hoses","isPartOf":{"@id":"https:\/\/fgti-distribution.fr\/#website"},"primaryImageOfPage":{"@id":"https:\/\/fgti-distribution.fr\/fixation-araymond\/raccords-rapides-raymond-pour-tuyaux-caoutchoucs\/#primaryimage"},"image":{"@id":"https:\/\/fgti-distribution.fr\/fixation-araymond\/raccords-rapides-raymond-pour-tuyaux-caoutchoucs\/#primaryimage"},"thumbnailUrl":"https:\/\/fgti-distribution.fr\/FGTI_images\/pdficon_large.png","datePublished":"2014-01-17T17:04:41+00:00","dateModified":"2026-04-10T11:56:20+00:00","description":"Detailed technical data sheet for A Raymond fluid quick connectors for rubber hoses","breadcrumb":{"@id":"https:\/\/fgti-distribution.fr\/fixation-araymond\/raccords-rapides-raymond-pour-tuyaux-caoutchoucs\/#breadcrumb"},"inLanguage":"en-GB","potentialAction":[{"@type":"ReadAction","target":["https:\/\/fgti-distribution.fr\/fixation-araymond\/raccords-rapides-raymond-pour-tuyaux-caoutchoucs\/"]}]},{"@type":"ImageObject","inLanguage":"en-GB","@id":"https:\/\/fgti-distribution.fr\/fixation-araymond\/raccords-rapides-raymond-pour-tuyaux-caoutchoucs\/#primaryimage","url":"https:\/\/fgti-distribution.fr\/FGTI_images\/pdficon_large.png","contentUrl":"https:\/\/fgti-distribution.fr\/FGTI_images\/pdficon_large.png"},{"@type":"BreadcrumbList","@id":"https:\/\/fgti-distribution.fr\/fixation-araymond\/raccords-rapides-raymond-pour-tuyaux-caoutchoucs\/#breadcrumb","itemListElement":[{"@type":"ListItem","position":1,"name":"Home","item":"https:\/\/fgti-distribution.fr\/"},{"@type":"ListItem","position":2,"name":"Fixations ARaymond","item":"https:\/\/fgti-distribution.fr\/fixation-araymond\/"},{"@type":"ListItem","position":3,"name":"Raccords rapides A Raymond en queues oliv\u00e9es pour tuyaux caoutchoucs"}]},{"@type":"WebSite","@id":"https:\/\/fgti-distribution.fr\/#website","url":"https:\/\/fgti-distribution.fr\/","name":"FGTI Distribution","description":"Technical parts and high-value-added services","publisher":{"@id":"https:\/\/fgti-distribution.fr\/#organization"},"alternateName":"FGTI Distribution","potentialAction":[{"@type":"SearchAction","target":{"@type":"EntryPoint","urlTemplate":"https:\/\/fgti-distribution.fr\/?s={search_term_string}"},"query-input":{"@type":"PropertyValueSpecification","valueRequired":true,"valueName":"search_term_string"}}],"inLanguage":"en-GB"},{"@type":"Organization","@id":"https:\/\/fgti-distribution.fr\/#organization","name":"FGTI Distribution","alternateName":"FGTI Distribution","url":"https:\/\/fgti-distribution.fr\/","logo":{"@type":"ImageObject","inLanguage":"en-GB","@id":"https:\/\/fgti-distribution.fr\/#\/schema\/logo\/image\/","url":"https:\/\/fgti-distribution.fr\/wp-content\/uploads\/2022\/12\/logo.png","contentUrl":"https:\/\/fgti-distribution.fr\/wp-content\/uploads\/2022\/12\/logo.png","width":500,"height":228,"caption":"FGTI Distribution"},"image":{"@id":"https:\/\/fgti-distribution.fr\/#\/schema\/logo\/image\/"},"sameAs":["https:\/\/www.linkedin.com\/company\/fgti-distribution\/"]}]}},"_links":{"self":[{"href":"https:\/\/fgti-distribution.fr\/en\/wp-json\/wp\/v2\/pages\/2211","targetHints":{"allow":["GET"]}}],"collection":[{"href":"https:\/\/fgti-distribution.fr\/en\/wp-json\/wp\/v2\/pages"}],"about":[{"href":"https:\/\/fgti-distribution.fr\/en\/wp-json\/wp\/v2\/types\/page"}],"author":[{"embeddable":true,"href":"https:\/\/fgti-distribution.fr\/en\/wp-json\/wp\/v2\/users\/1"}],"replies":[{"embeddable":true,"href":"https:\/\/fgti-distribution.fr\/en\/wp-json\/wp\/v2\/comments?post=2211"}],"version-history":[{"count":2,"href":"https:\/\/fgti-distribution.fr\/en\/wp-json\/wp\/v2\/pages\/2211\/revisions"}],"predecessor-version":[{"id":10138,"href":"https:\/\/fgti-distribution.fr\/en\/wp-json\/wp\/v2\/pages\/2211\/revisions\/10138"}],"up":[{"embeddable":true,"href":"https:\/\/fgti-distribution.fr\/en\/wp-json\/wp\/v2\/pages\/10"}],"wp:attachment":[{"href":"https:\/\/fgti-distribution.fr\/en\/wp-json\/wp\/v2\/media?parent=2211"}],"curies":[{"name":"wp","href":"https:\/\/api.w.org\/{rel}","templated":true}]}}