{"id":2220,"date":"2014-01-17T17:42:30","date_gmt":"2014-01-17T17:42:30","guid":{"rendered":"https:\/\/fgti-distribution.fr\/?page_id=2220"},"modified":"2026-04-10T11:57:52","modified_gmt":"2026-04-10T11:57:52","slug":"electric-staples-raymond-earthing","status":"publish","type":"page","link":"https:\/\/fgti-distribution.fr\/en\/fixation-araymond\/agrafes-electriques-raymond-mise-a-la-terre\/","title":{"rendered":"Self-stripping earth clamp A Raymond"},"content":{"rendered":"<div style=\"color: #bababa; font-size: 12px; margin-bottom: 20px;\">FGTI-Distribution &gt; ARaymond Fixings &gt; Detailed technical data sheets &gt; Electrical clips &gt; Earthing clips<\/div>\n<table style=\"border: 0 none;\">\n<tbody>\n<tr>\n<td style=\"vertical-align: top;\"><a style=\"border: 0 none;\" href=\"https:\/\/fgti-distribution.fr\/wp-content\/img\/fiches-techniques-raymond\/agrafes-electriques-raymond-mise-a-la-terre.pdf\" target=\"_blank\" rel=\"noopener\"><img decoding=\"async\" src=\"https:\/\/fgti-distribution.fr\/FGTI_images\/pdficon_large.png\" \/><\/a><\/td>\n<td style=\"text-align: left; vertical-align: top;\">\n<h1 style=\"text-transform: none;\"><span style=\"color: #e82c2e; font-weight: bold; font-size: 20px;\">Earth clamps<\/span><br \/>\nSelf-stripping earth clamp<\/h1>\n<\/td>\n<td style=\"text-align: right; font-size: 10px; padding: 0 40px;\"><img decoding=\"async\" src=\"https:\/\/fgti-distribution.fr\/FGTI_images\/bords-de-panneaux.jpg\" alt=\"on the edges of panels\" \/><\/p>\n<h2 style=\"font-size: 10px;\">On panel edges<\/h2>\n<\/td>\n<\/tr>\n<tr>\n<td style=\"vertical-align: top;\" colspan=\"2\"><img decoding=\"async\" src=\"https:\/\/fgti-distribution.fr\/wp-content\/img\/fiches-techniques-raymond\/agrafes-electriques-raymond-mise-a-la-terre-FGTI-photo.jpg\" alt=\"photo Self-stripping earthing clip\" \/><\/td>\n<td style=\"vertical-align: top;\"><img decoding=\"async\" src=\"https:\/\/fgti-distribution.fr\/wp-content\/img\/fiches-techniques-raymond\/agrafes-electriques-raymond-mise-a-la-terre-FGTI-schema.jpg\" alt=\"Self-stripping earth clamp diagram\" \/><\/td>\n<\/tr>\n<tr>\n<td style=\"vertical-align: top; text-align: center; font-size: 10px;\" colspan=\"3\">\n<h3>Dimensions \u2013 Earth Clamp<\/h3>\n<p>All dimensions are in mm and angles in \u00b0 \/ Other dimensions and variations available on request<br \/>\n<img decoding=\"async\" src=\"https:\/\/fgti-distribution.fr\/wp-content\/img\/fiches-techniques-raymond\/agrafes-electriques-raymond-mise-a-la-terre-FGTI-tableau.jpg\" alt=\"Self-stripping earthing clamp dimensions\" \/><\/td>\n<\/tr>\n<tr>\n<td style=\"vertical-align: top; text-align: left; font-size: 10px;\" colspan=\"3\"><img decoding=\"async\" src=\"https:\/\/fgti-distribution.fr\/wp-content\/img\/fiches-techniques-raymond\/agrafes-electriques-raymond-mise-a-la-terre-FGTI-info.jpg\" alt=\"Self-stripping earthing cleat Agrafes A Raymond\" \/><\/td>\n<\/tr>\n<tr>\n<td style=\"vertical-align: top; text-align: left; font-size: 10px;\" colspan=\"2\"><img decoding=\"async\" src=\"https:\/\/fgti-distribution.fr\/wp-content\/img\/fiches-techniques-raymond\/agrafes-electriques-raymond-mise-a-la-terre-FGTI-info1.jpg\" alt=\"Self-stripping earthing cleat Agrafes A Raymond\" \/><br \/>\n\u2013 To be used only on the aluminium frames of panels (e.g. solar panels)<br \/>\n\u2013 To ensure conductivity between an aluminium frame and flexible stranded electrical wires of type H07V-K6<br \/>\n\u2013 Optimal electrical connection thanks to the clip design which penetrates the frame's anodisation layer and pierces the insulation<br \/>\n- To be used with ARaymond assembly tool, reference 222717000<\/td>\n<td style=\"vertical-align: top; text-align: left; font-size: 10px;\"><img decoding=\"async\" src=\"https:\/\/fgti-distribution.fr\/wp-content\/img\/fiches-techniques-raymond\/agrafes-electriques-raymond-mise-a-la-terre-FGTI-info2.jpg\" alt=\"Self-stripping earthing cleat Agrafes A Raymond\" \/><br \/>\nPhotos of the part being mounted on a solar panel, as an example<\/td>\n<\/tr>\n<\/tbody>\n<\/table>","protected":false},"excerpt":{"rendered":"<p>FGTI-Distribution &gt; Fixations ARaymond &gt; Fiches techniques d\u00e9taill\u00e9es &gt; Agrafes \u00e9lectriques &gt; Agrafes de mise \u00e0 la terre Agrafes de mise \u00e0 la terre Agrafe de mise a la terre auto d\u00e9nudable Sur bords de panneaux Dimensions &#8211; Agrafe de mise a la terre Toutes les dimensions sont en mm et angles en \u00b0 \/&#8230;<\/p>","protected":false},"author":1,"featured_media":0,"parent":10,"menu_order":0,"comment_status":"closed","ping_status":"closed","template":"","meta":{"footnotes":""},"class_list":["post-2220","page","type-page","status-publish","hentry"],"yoast_head":"<!-- This site is optimized with the Yoast SEO plugin v27.3 - https:\/\/yoast.com\/product\/yoast-seo-wordpress\/ -->\n<title>Agrafe de mise a la terre auto-d\u00e9nudable A Raymond<\/title>\n<meta name=\"description\" content=\"A consulter : la fiche technique de l&#039;agrafe de mise a la terre auto-d\u00e9nudable A Raymond. N&#039;h\u00e9sitez pas \u00e0 nous contacter. \u2705 Accompagnement technique.\" \/>\n<meta name=\"robots\" content=\"index, follow, max-snippet:-1, max-image-preview:large, max-video-preview:-1\" \/>\n<link rel=\"canonical\" href=\"https:\/\/fgti-distribution.fr\/en\/raymond-fixation\/electric-staples-raymond-earthing\/\" \/>\n<meta property=\"og:locale\" content=\"en_GB\" \/>\n<meta property=\"og:type\" content=\"article\" \/>\n<meta property=\"og:title\" content=\"Agrafe de mise a la terre auto-d\u00e9nudable A Raymond\" \/>\n<meta property=\"og:description\" content=\"A consulter : la fiche technique de l&#039;agrafe de mise a la terre auto-d\u00e9nudable A Raymond. N&#039;h\u00e9sitez pas \u00e0 nous contacter. \u2705 Accompagnement technique.\" \/>\n<meta property=\"og:url\" content=\"https:\/\/fgti-distribution.fr\/en\/raymond-fixation\/electric-staples-raymond-earthing\/\" \/>\n<meta property=\"og:site_name\" content=\"FGTI Distribution\" \/>\n<meta property=\"article:modified_time\" content=\"2026-04-10T11:57:52+00:00\" \/>\n<meta property=\"og:image\" content=\"https:\/\/fgti-distribution.fr\/FGTI_images\/pdficon_large.png\" \/>\n<meta name=\"twitter:card\" content=\"summary_large_image\" \/>\n<meta name=\"twitter:label1\" content=\"Estimated reading time\" \/>\n\t<meta name=\"twitter:data1\" content=\"3 minutes\" \/>\n<script type=\"application\/ld+json\" class=\"yoast-schema-graph\">{\"@context\":\"https:\\\/\\\/schema.org\",\"@graph\":[{\"@type\":\"WebPage\",\"@id\":\"https:\\\/\\\/fgti-distribution.fr\\\/fixation-araymond\\\/agrafes-electriques-raymond-mise-a-la-terre\\\/\",\"url\":\"https:\\\/\\\/fgti-distribution.fr\\\/fixation-araymond\\\/agrafes-electriques-raymond-mise-a-la-terre\\\/\",\"name\":\"Agrafe de mise a la terre auto-d\u00e9nudable A Raymond\",\"isPartOf\":{\"@id\":\"https:\\\/\\\/fgti-distribution.fr\\\/#website\"},\"primaryImageOfPage\":{\"@id\":\"https:\\\/\\\/fgti-distribution.fr\\\/fixation-araymond\\\/agrafes-electriques-raymond-mise-a-la-terre\\\/#primaryimage\"},\"image\":{\"@id\":\"https:\\\/\\\/fgti-distribution.fr\\\/fixation-araymond\\\/agrafes-electriques-raymond-mise-a-la-terre\\\/#primaryimage\"},\"thumbnailUrl\":\"https:\\\/\\\/fgti-distribution.fr\\\/FGTI_images\\\/pdficon_large.png\",\"datePublished\":\"2014-01-17T17:42:30+00:00\",\"dateModified\":\"2026-04-10T11:57:52+00:00\",\"description\":\"A consulter : la fiche technique de l'agrafe de mise a la terre auto-d\u00e9nudable A Raymond. N'h\u00e9sitez pas \u00e0 nous contacter. \u2705 Accompagnement technique.\",\"breadcrumb\":{\"@id\":\"https:\\\/\\\/fgti-distribution.fr\\\/fixation-araymond\\\/agrafes-electriques-raymond-mise-a-la-terre\\\/#breadcrumb\"},\"inLanguage\":\"en-GB\",\"potentialAction\":[{\"@type\":\"ReadAction\",\"target\":[\"https:\\\/\\\/fgti-distribution.fr\\\/fixation-araymond\\\/agrafes-electriques-raymond-mise-a-la-terre\\\/\"]}]},{\"@type\":\"ImageObject\",\"inLanguage\":\"en-GB\",\"@id\":\"https:\\\/\\\/fgti-distribution.fr\\\/fixation-araymond\\\/agrafes-electriques-raymond-mise-a-la-terre\\\/#primaryimage\",\"url\":\"https:\\\/\\\/fgti-distribution.fr\\\/FGTI_images\\\/pdficon_large.png\",\"contentUrl\":\"https:\\\/\\\/fgti-distribution.fr\\\/FGTI_images\\\/pdficon_large.png\"},{\"@type\":\"BreadcrumbList\",\"@id\":\"https:\\\/\\\/fgti-distribution.fr\\\/fixation-araymond\\\/agrafes-electriques-raymond-mise-a-la-terre\\\/#breadcrumb\",\"itemListElement\":[{\"@type\":\"ListItem\",\"position\":1,\"name\":\"Home\",\"item\":\"https:\\\/\\\/fgti-distribution.fr\\\/\"},{\"@type\":\"ListItem\",\"position\":2,\"name\":\"Fixations ARaymond\",\"item\":\"https:\\\/\\\/fgti-distribution.fr\\\/fixation-araymond\\\/\"},{\"@type\":\"ListItem\",\"position\":3,\"name\":\"Agrafe de mise a la terre auto d\u00e9nudable A Raymond\"}]},{\"@type\":\"WebSite\",\"@id\":\"https:\\\/\\\/fgti-distribution.fr\\\/#website\",\"url\":\"https:\\\/\\\/fgti-distribution.fr\\\/\",\"name\":\"FGTI Distribution\",\"description\":\"Pi\u00e8ces techniques et services \u00e0 forte valeur ajout\u00e9e\",\"publisher\":{\"@id\":\"https:\\\/\\\/fgti-distribution.fr\\\/#organization\"},\"alternateName\":\"FGTI Distribution\",\"potentialAction\":[{\"@type\":\"SearchAction\",\"target\":{\"@type\":\"EntryPoint\",\"urlTemplate\":\"https:\\\/\\\/fgti-distribution.fr\\\/?s={search_term_string}\"},\"query-input\":{\"@type\":\"PropertyValueSpecification\",\"valueRequired\":true,\"valueName\":\"search_term_string\"}}],\"inLanguage\":\"en-GB\"},{\"@type\":\"Organization\",\"@id\":\"https:\\\/\\\/fgti-distribution.fr\\\/#organization\",\"name\":\"FGTI Distribution\",\"alternateName\":\"FGTI Distribution\",\"url\":\"https:\\\/\\\/fgti-distribution.fr\\\/\",\"logo\":{\"@type\":\"ImageObject\",\"inLanguage\":\"en-GB\",\"@id\":\"https:\\\/\\\/fgti-distribution.fr\\\/#\\\/schema\\\/logo\\\/image\\\/\",\"url\":\"https:\\\/\\\/fgti-distribution.fr\\\/wp-content\\\/uploads\\\/2022\\\/12\\\/logo.png\",\"contentUrl\":\"https:\\\/\\\/fgti-distribution.fr\\\/wp-content\\\/uploads\\\/2022\\\/12\\\/logo.png\",\"width\":500,\"height\":228,\"caption\":\"FGTI Distribution\"},\"image\":{\"@id\":\"https:\\\/\\\/fgti-distribution.fr\\\/#\\\/schema\\\/logo\\\/image\\\/\"},\"sameAs\":[\"https:\\\/\\\/www.linkedin.com\\\/company\\\/fgti-distribution\\\/\"]}]}<\/script>\n<!-- \/ Yoast SEO plugin. -->","yoast_head_json":{"title":"Self-stripping earthing clip A Raymond","description":"To consult: the A Raymond self-stripping earthing clip datasheet. Do not hesitate to contact us. \u2705 Technical support.","robots":{"index":"index","follow":"follow","max-snippet":"max-snippet:-1","max-image-preview":"max-image-preview:large","max-video-preview":"max-video-preview:-1"},"canonical":"https:\/\/fgti-distribution.fr\/en\/raymond-fixation\/electric-staples-raymond-earthing\/","og_locale":"en_GB","og_type":"article","og_title":"Agrafe de mise a la terre auto-d\u00e9nudable A Raymond","og_description":"A consulter : la fiche technique de l'agrafe de mise a la terre auto-d\u00e9nudable A Raymond. N'h\u00e9sitez pas \u00e0 nous contacter. \u2705 Accompagnement technique.","og_url":"https:\/\/fgti-distribution.fr\/en\/raymond-fixation\/electric-staples-raymond-earthing\/","og_site_name":"FGTI Distribution","article_modified_time":"2026-04-10T11:57:52+00:00","og_image":[{"url":"https:\/\/fgti-distribution.fr\/FGTI_images\/pdficon_large.png","type":"","width":"","height":""}],"twitter_card":"summary_large_image","twitter_misc":{"Estimated reading time":"3 minutes"},"schema":{"@context":"https:\/\/schema.org","@graph":[{"@type":"WebPage","@id":"https:\/\/fgti-distribution.fr\/fixation-araymond\/agrafes-electriques-raymond-mise-a-la-terre\/","url":"https:\/\/fgti-distribution.fr\/fixation-araymond\/agrafes-electriques-raymond-mise-a-la-terre\/","name":"Self-stripping earthing clip A Raymond","isPartOf":{"@id":"https:\/\/fgti-distribution.fr\/#website"},"primaryImageOfPage":{"@id":"https:\/\/fgti-distribution.fr\/fixation-araymond\/agrafes-electriques-raymond-mise-a-la-terre\/#primaryimage"},"image":{"@id":"https:\/\/fgti-distribution.fr\/fixation-araymond\/agrafes-electriques-raymond-mise-a-la-terre\/#primaryimage"},"thumbnailUrl":"https:\/\/fgti-distribution.fr\/FGTI_images\/pdficon_large.png","datePublished":"2014-01-17T17:42:30+00:00","dateModified":"2026-04-10T11:57:52+00:00","description":"To consult: the A Raymond self-stripping earthing clip datasheet. Do not hesitate to contact us. \u2705 Technical support.","breadcrumb":{"@id":"https:\/\/fgti-distribution.fr\/fixation-araymond\/agrafes-electriques-raymond-mise-a-la-terre\/#breadcrumb"},"inLanguage":"en-GB","potentialAction":[{"@type":"ReadAction","target":["https:\/\/fgti-distribution.fr\/fixation-araymond\/agrafes-electriques-raymond-mise-a-la-terre\/"]}]},{"@type":"ImageObject","inLanguage":"en-GB","@id":"https:\/\/fgti-distribution.fr\/fixation-araymond\/agrafes-electriques-raymond-mise-a-la-terre\/#primaryimage","url":"https:\/\/fgti-distribution.fr\/FGTI_images\/pdficon_large.png","contentUrl":"https:\/\/fgti-distribution.fr\/FGTI_images\/pdficon_large.png"},{"@type":"BreadcrumbList","@id":"https:\/\/fgti-distribution.fr\/fixation-araymond\/agrafes-electriques-raymond-mise-a-la-terre\/#breadcrumb","itemListElement":[{"@type":"ListItem","position":1,"name":"Home","item":"https:\/\/fgti-distribution.fr\/"},{"@type":"ListItem","position":2,"name":"Fixations ARaymond","item":"https:\/\/fgti-distribution.fr\/fixation-araymond\/"},{"@type":"ListItem","position":3,"name":"Agrafe de mise a la terre auto d\u00e9nudable A Raymond"}]},{"@type":"WebSite","@id":"https:\/\/fgti-distribution.fr\/#website","url":"https:\/\/fgti-distribution.fr\/","name":"FGTI Distribution","description":"Technical parts and high-value-added services","publisher":{"@id":"https:\/\/fgti-distribution.fr\/#organization"},"alternateName":"FGTI Distribution","potentialAction":[{"@type":"SearchAction","target":{"@type":"EntryPoint","urlTemplate":"https:\/\/fgti-distribution.fr\/?s={search_term_string}"},"query-input":{"@type":"PropertyValueSpecification","valueRequired":true,"valueName":"search_term_string"}}],"inLanguage":"en-GB"},{"@type":"Organization","@id":"https:\/\/fgti-distribution.fr\/#organization","name":"FGTI Distribution","alternateName":"FGTI Distribution","url":"https:\/\/fgti-distribution.fr\/","logo":{"@type":"ImageObject","inLanguage":"en-GB","@id":"https:\/\/fgti-distribution.fr\/#\/schema\/logo\/image\/","url":"https:\/\/fgti-distribution.fr\/wp-content\/uploads\/2022\/12\/logo.png","contentUrl":"https:\/\/fgti-distribution.fr\/wp-content\/uploads\/2022\/12\/logo.png","width":500,"height":228,"caption":"FGTI Distribution"},"image":{"@id":"https:\/\/fgti-distribution.fr\/#\/schema\/logo\/image\/"},"sameAs":["https:\/\/www.linkedin.com\/company\/fgti-distribution\/"]}]}},"_links":{"self":[{"href":"https:\/\/fgti-distribution.fr\/en\/wp-json\/wp\/v2\/pages\/2220","targetHints":{"allow":["GET"]}}],"collection":[{"href":"https:\/\/fgti-distribution.fr\/en\/wp-json\/wp\/v2\/pages"}],"about":[{"href":"https:\/\/fgti-distribution.fr\/en\/wp-json\/wp\/v2\/types\/page"}],"author":[{"embeddable":true,"href":"https:\/\/fgti-distribution.fr\/en\/wp-json\/wp\/v2\/users\/1"}],"replies":[{"embeddable":true,"href":"https:\/\/fgti-distribution.fr\/en\/wp-json\/wp\/v2\/comments?post=2220"}],"version-history":[{"count":2,"href":"https:\/\/fgti-distribution.fr\/en\/wp-json\/wp\/v2\/pages\/2220\/revisions"}],"predecessor-version":[{"id":10141,"href":"https:\/\/fgti-distribution.fr\/en\/wp-json\/wp\/v2\/pages\/2220\/revisions\/10141"}],"up":[{"embeddable":true,"href":"https:\/\/fgti-distribution.fr\/en\/wp-json\/wp\/v2\/pages\/10"}],"wp:attachment":[{"href":"https:\/\/fgti-distribution.fr\/en\/wp-json\/wp\/v2\/media?parent=2220"}],"curies":[{"name":"wp","href":"https:\/\/api.w.org\/{rel}","templated":true}]}}