{"id":2659,"date":"2015-03-13T14:59:12","date_gmt":"2015-03-13T14:59:12","guid":{"rendered":"https:\/\/fgti-distribution.fr\/?page_id=2659"},"modified":"2023-05-15T16:18:47","modified_gmt":"2023-05-15T16:18:47","slug":"hollow-rivets","status":"publish","type":"page","link":"https:\/\/fgti-distribution.fr\/en\/rivets-tubulaires\/rivets-creux\/","title":{"rendered":"Rivets creux en inox, laiton, cuivre, aluminium ou acier"},"content":{"rendered":"<section id=\"bt_bb_section69f2a8429f57a\" class=\"bt_bb_section bt_bb_layout_boxed_1200\"  data-bt-override-class=\"null\"><div class=\"bt_bb_port\"><div class=\"bt_bb_cell\"><div class=\"bt_bb_cell_inner\"><div class=\"bt_bb_row\"  data-bt-override-class=\"{}\"><div class=\"bt_bb_row_holder\" ><div  class=\"bt_bb_column col-xxl-12 col-xl-12 col-xs-12 col-sm-12 col-md-12 col-lg-12 bt_bb_vertical_align_top bt_bb_align_left bt_bb_padding_normal\" style=\"; --column-width:12;\" data-width=\"12\" data-bt-override-class=\"{}\"><div class=\"bt_bb_column_content\"><div class=\"bt_bb_column_content_inner\"><div class=\"bt_bb_raw_content\"><div id=\"pl-2659\" class=\"panel-layout\">\n<div id=\"pg-2659-0\" class=\"panel-grid panel-no-style\">\n<div id=\"pgc-2659-0-0\" class=\"panel-grid-cell\" data-weight=\"1\">\n<div id=\"panel-2659-0-0-0\" class=\"so-panel widget widget_text panel-first-child panel-last-child\" data-index=\"0\" data-style=\"{\"background_display\":\"tile\"}\">\n<div class=\"textwidget\">\n<div style=\"color: #bababa; font-size: 12px; padding-bottom: 20px;\">FGTI-Distribution > Rivets tubulaires > Rivets creux<\/div>\n<h1>FGTI Distribution, distributeur d'entretoises tubulaires - rivets creux et de pi\u00e8ces de pr\u00e9cision tubulaires selon la norme DIN 7340 :<\/h1>\n<\/div>\n<\/div>\n<\/div>\n<\/div>\n<div id=\"pg-2659-1\" class=\"panel-grid panel-no-style\" data-style=\"{\"background_display\":\"tile\"}\">\n<div id=\"pgc-2659-1-0\" class=\"panel-grid-cell\" data-weight=\"0.55\">\n<div id=\"panel-2659-1-0-0\" class=\"so-panel widget widget_text panel-first-child panel-last-child\" data-index=\"1\" data-style=\"{\"background_image_attachment\":false,\"background_display\":\"tile\"}\">\n<div class=\"textwidget\">\n\nLe gros atout du rivet creux est qu'il permet un assemblage tr\u00e8s r\u00e9sistant et de faible encombrement.\nMais les rivets creux pr\u00e9sentent \u00e9galement des avantages \u00e0 prendre en compte en fonction du besoin d\u2019assemblage :\n<ul>\n \t<li class=\"tiret\">Alternative particuli\u00e8rement performante aux rivets pleins ou rivets aveugles : passage de c\u00e2ble<\/li>\n \t<li class=\"tiret\">Alternative \u00e0 la soudure : mise en \u0153uvre plus pratique et plus \u00e9conomique<\/li>\n \t<li class=\"tiret\">Sertissage de plusieurs \u00e9l\u00e9ments en une seule op\u00e9rationLe rivet creux est tr\u00e8s utile dans de nombreuses applications : la m\u00e9canique, la domotique, l\u2019\u00e9lectrom\u00e9nager, la papeterie, la nautisme, l\u2019assemblage m\u00e9tallique et l\u2019industrie globalement.<\/li>\n<\/ul>\nGr\u00e2ce \u00e0 son expertise technique des rivets creux (rivets tubulaires), FGTI Distribution vous propose des solutions :\n> Des rivets creux en inox, laiton, cuivre, aluminium ou acier\n> De la petite s\u00e9rie \u00e0 la grande s\u00e9rie (de 1000 \u00e0 plusieurs millions de pi\u00e8ces)\n> En livraisons directes d\u00e9part usines\n\nT\u00e9l\u00e9chargez le pdf Norme DIN 7340 - rivets creux : <a href=\"https:\/\/fgti-distribution.fr\/en\/wp-content\/themes\/twentyeleven\/images\/rivets-creux-norme-DIN-7340-FGTI.pdf\/\" target=\"_blank\" rel=\"noopener\"><img decoding=\"async\" src=\"https:\/\/fgti-distribution.fr\/wp-content\/themes\/twentyeleven\/images\/pdficon_large.png\" alt=\"\" \/><\/a>\n<p style=\"text-align: left;\">Pour vos besoins en rivets creux, le m\u00e9tal \u00e0 choisir d\u00e9pend de la r\u00e9sistance exig\u00e9e et de la natures des mat\u00e9riaux \u00e0 assembler, par exemples :<\/p>\n\n<ul>\n \t<li class=\"tiret\"><a href=\"https:\/\/fgti-distribution.fr\/en\/tubular-rivets\/rivets-creux-laiton\/\">Rivets creux laiton (rivets tubes ou tubulaires laiton)<\/a><\/li>\n \t<li class=\"tiret\"><a href=\"https:\/\/fgti-distribution.fr\/en\/tubular-rivets\/rivets-creux-inox\/\">Rivets creux inox (rivets tubes ou tubulaires inox)<\/a><\/li>\n \t<li class=\"tiret\"><a href=\"https:\/\/fgti-distribution.fr\/en\/tubular-rivets\/rivets-creux-cuivre\/\">Rivets creux cuivre (rivets tubes ou tubulaires cuivre)<\/a><\/li>\n \t<li class=\"tiret\"><a href=\"https:\/\/fgti-distribution.fr\/en\/tubular-rivets\/rivets-creux-aluminium\/\">Rivets creux aluminium (rivets tubes ou tubulaires aluminium)<\/a><\/li>\n \t<li class=\"tiret\"><a href=\"https:\/\/fgti-distribution.fr\/en\/tubular-rivets\/rivets-creux-acier\/\">Rivets creux acier (rivets tubes ou tubulaires acier)<\/a><\/li>\n<\/ul>\n<\/div>\n<\/div>\n<\/div>\n<div id=\"pgc-2659-1-1\" class=\"panel-grid-cell\" data-weight=\"0.45\">\n<div id=\"panel-2659-1-1-0\" class=\"so-panel widget widget_text panel-first-child panel-last-child\" data-index=\"2\" data-style=\"{\"background_image_attachment\":false,\"background_display\":\"tile\"}\">\n<div class=\"textwidget\">\n\n<img decoding=\"async\" src=\"https:\/\/fgti-distribution.fr\/wp-content\/themes\/twentyeleven\/images\/rivets-tubulaires.jpg\" alt=\"tubular rivets\" \/>\n\n<img decoding=\"async\" src=\"https:\/\/fgti-distribution.fr\/wp-content\/themes\/twentyeleven\/images\/rivets-creux.jpg\" alt=\"hollow rivets\" \/>\n\n<\/div>\n<\/div>\n<\/div>\n<\/div>\n<\/div><\/div><\/div><\/div><\/div><\/div><\/div><\/div><!-- cell_inner --><\/div><!-- cell --><\/div><!-- port --><\/section>","protected":false},"excerpt":{"rendered":"","protected":false},"author":1,"featured_media":7170,"parent":12,"menu_order":0,"comment_status":"closed","ping_status":"closed","template":"","meta":{"footnotes":""},"class_list":["post-2659","page","type-page","status-publish","has-post-thumbnail","hentry"],"yoast_head":"<!-- This site is optimized with the Yoast SEO plugin v27.3 - https:\/\/yoast.com\/product\/yoast-seo-wordpress\/ -->\n<title>Rivets creux en inox, laiton, cuivre, aluminium ou acier<\/title>\n<meta name=\"description\" content=\"Gr\u00e2ce \u00e0 son expertise technique des rivets creux (rivets tubulaires), FGTI Distribution vous propose des solutions : des rivets creux en inox, laiton, cuivre, aluminium ou acier, de la petite \u00e0 la grande s\u00e9rie (de 1000 \u00e0 plusieurs millions de pi\u00e8ces) en livraisons directes d\u00e9part usines.\" \/>\n<meta name=\"robots\" content=\"index, follow, max-snippet:-1, max-image-preview:large, max-video-preview:-1\" \/>\n<link rel=\"canonical\" href=\"https:\/\/fgti-distribution.fr\/en\/tubular-rivets\/hollow-rivets\/\" \/>\n<meta property=\"og:locale\" content=\"en_GB\" \/>\n<meta property=\"og:type\" content=\"article\" \/>\n<meta property=\"og:title\" content=\"Rivets creux en inox, laiton, cuivre, aluminium ou acier\" \/>\n<meta property=\"og:description\" content=\"Gr\u00e2ce \u00e0 son expertise technique des rivets creux (rivets tubulaires), FGTI Distribution vous propose des solutions : des rivets creux en inox, laiton, cuivre, aluminium ou acier, de la petite \u00e0 la grande s\u00e9rie (de 1000 \u00e0 plusieurs millions de pi\u00e8ces) en livraisons directes d\u00e9part usines.\" \/>\n<meta property=\"og:url\" content=\"https:\/\/fgti-distribution.fr\/en\/tubular-rivets\/hollow-rivets\/\" \/>\n<meta property=\"og:site_name\" content=\"FGTI Distribution\" \/>\n<meta property=\"article:modified_time\" content=\"2023-05-15T16:18:47+00:00\" \/>\n<meta property=\"og:image\" content=\"https:\/\/fgti-distribution.fr\/wp-content\/uploads\/2023\/02\/rivets-tubulaires.jpg\" \/>\n\t<meta property=\"og:image:width\" content=\"1600\" \/>\n\t<meta property=\"og:image:height\" content=\"430\" \/>\n\t<meta property=\"og:image:type\" content=\"image\/jpeg\" \/>\n<meta name=\"twitter:card\" content=\"summary_large_image\" \/>\n<meta name=\"twitter:label1\" content=\"Estimated reading time\" \/>\n\t<meta name=\"twitter:data1\" content=\"1 minute\" \/>\n<script type=\"application\/ld+json\" class=\"yoast-schema-graph\">{\"@context\":\"https:\\\/\\\/schema.org\",\"@graph\":[{\"@type\":\"WebPage\",\"@id\":\"https:\\\/\\\/fgti-distribution.fr\\\/rivets-tubulaires\\\/rivets-creux\\\/\",\"url\":\"https:\\\/\\\/fgti-distribution.fr\\\/rivets-tubulaires\\\/rivets-creux\\\/\",\"name\":\"Rivets creux en inox, laiton, cuivre, aluminium ou acier\",\"isPartOf\":{\"@id\":\"https:\\\/\\\/fgti-distribution.fr\\\/#website\"},\"primaryImageOfPage\":{\"@id\":\"https:\\\/\\\/fgti-distribution.fr\\\/rivets-tubulaires\\\/rivets-creux\\\/#primaryimage\"},\"image\":{\"@id\":\"https:\\\/\\\/fgti-distribution.fr\\\/rivets-tubulaires\\\/rivets-creux\\\/#primaryimage\"},\"thumbnailUrl\":\"https:\\\/\\\/fgti-distribution.fr\\\/wp-content\\\/uploads\\\/2023\\\/02\\\/rivets-tubulaires.jpg\",\"datePublished\":\"2015-03-13T14:59:12+00:00\",\"dateModified\":\"2023-05-15T16:18:47+00:00\",\"description\":\"Gr\u00e2ce \u00e0 son expertise technique des rivets creux (rivets tubulaires), FGTI Distribution vous propose des solutions : des rivets creux en inox, laiton, cuivre, aluminium ou acier, de la petite \u00e0 la grande s\u00e9rie (de 1000 \u00e0 plusieurs millions de pi\u00e8ces) en livraisons directes d\u00e9part usines.\",\"breadcrumb\":{\"@id\":\"https:\\\/\\\/fgti-distribution.fr\\\/rivets-tubulaires\\\/rivets-creux\\\/#breadcrumb\"},\"inLanguage\":\"en-GB\",\"potentialAction\":[{\"@type\":\"ReadAction\",\"target\":[\"https:\\\/\\\/fgti-distribution.fr\\\/rivets-tubulaires\\\/rivets-creux\\\/\"]}]},{\"@type\":\"ImageObject\",\"inLanguage\":\"en-GB\",\"@id\":\"https:\\\/\\\/fgti-distribution.fr\\\/rivets-tubulaires\\\/rivets-creux\\\/#primaryimage\",\"url\":\"https:\\\/\\\/fgti-distribution.fr\\\/wp-content\\\/uploads\\\/2023\\\/02\\\/rivets-tubulaires.jpg\",\"contentUrl\":\"https:\\\/\\\/fgti-distribution.fr\\\/wp-content\\\/uploads\\\/2023\\\/02\\\/rivets-tubulaires.jpg\",\"width\":1600,\"height\":430,\"caption\":\"rivets tubulaires\"},{\"@type\":\"BreadcrumbList\",\"@id\":\"https:\\\/\\\/fgti-distribution.fr\\\/rivets-tubulaires\\\/rivets-creux\\\/#breadcrumb\",\"itemListElement\":[{\"@type\":\"ListItem\",\"position\":1,\"name\":\"Home\",\"item\":\"https:\\\/\\\/fgti-distribution.fr\\\/\"},{\"@type\":\"ListItem\",\"position\":2,\"name\":\"Rivets tubulaires\",\"item\":\"https:\\\/\\\/fgti-distribution.fr\\\/rivets-tubulaires\\\/\"},{\"@type\":\"ListItem\",\"position\":3,\"name\":\"Rivets creux en inox, laiton, cuivre, aluminium ou acier\"}]},{\"@type\":\"WebSite\",\"@id\":\"https:\\\/\\\/fgti-distribution.fr\\\/#website\",\"url\":\"https:\\\/\\\/fgti-distribution.fr\\\/\",\"name\":\"FGTI Distribution\",\"description\":\"Pi\u00e8ces techniques et services \u00e0 forte valeur ajout\u00e9e\",\"publisher\":{\"@id\":\"https:\\\/\\\/fgti-distribution.fr\\\/#organization\"},\"alternateName\":\"FGTI Distribution\",\"potentialAction\":[{\"@type\":\"SearchAction\",\"target\":{\"@type\":\"EntryPoint\",\"urlTemplate\":\"https:\\\/\\\/fgti-distribution.fr\\\/?s={search_term_string}\"},\"query-input\":{\"@type\":\"PropertyValueSpecification\",\"valueRequired\":true,\"valueName\":\"search_term_string\"}}],\"inLanguage\":\"en-GB\"},{\"@type\":\"Organization\",\"@id\":\"https:\\\/\\\/fgti-distribution.fr\\\/#organization\",\"name\":\"FGTI Distribution\",\"alternateName\":\"FGTI Distribution\",\"url\":\"https:\\\/\\\/fgti-distribution.fr\\\/\",\"logo\":{\"@type\":\"ImageObject\",\"inLanguage\":\"en-GB\",\"@id\":\"https:\\\/\\\/fgti-distribution.fr\\\/#\\\/schema\\\/logo\\\/image\\\/\",\"url\":\"https:\\\/\\\/fgti-distribution.fr\\\/wp-content\\\/uploads\\\/2022\\\/12\\\/logo.png\",\"contentUrl\":\"https:\\\/\\\/fgti-distribution.fr\\\/wp-content\\\/uploads\\\/2022\\\/12\\\/logo.png\",\"width\":500,\"height\":228,\"caption\":\"FGTI Distribution\"},\"image\":{\"@id\":\"https:\\\/\\\/fgti-distribution.fr\\\/#\\\/schema\\\/logo\\\/image\\\/\"},\"sameAs\":[\"https:\\\/\\\/www.linkedin.com\\\/company\\\/fgti-distribution\\\/\"]}]}<\/script>\n<!-- \/ Yoast SEO plugin. -->","yoast_head_json":{"title":"Rivets creux en inox, laiton, cuivre, aluminium ou acier","description":"Gr\u00e2ce \u00e0 son expertise technique des rivets creux (rivets tubulaires), FGTI Distribution vous propose des solutions : des rivets creux en inox, laiton, cuivre, aluminium ou acier, de la petite \u00e0 la grande s\u00e9rie (de 1000 \u00e0 plusieurs millions de pi\u00e8ces) en livraisons directes d\u00e9part usines.","robots":{"index":"index","follow":"follow","max-snippet":"max-snippet:-1","max-image-preview":"max-image-preview:large","max-video-preview":"max-video-preview:-1"},"canonical":"https:\/\/fgti-distribution.fr\/en\/tubular-rivets\/hollow-rivets\/","og_locale":"en_GB","og_type":"article","og_title":"Rivets creux en inox, laiton, cuivre, aluminium ou acier","og_description":"Gr\u00e2ce \u00e0 son expertise technique des rivets creux (rivets tubulaires), FGTI Distribution vous propose des solutions : des rivets creux en inox, laiton, cuivre, aluminium ou acier, de la petite \u00e0 la grande s\u00e9rie (de 1000 \u00e0 plusieurs millions de pi\u00e8ces) en livraisons directes d\u00e9part usines.","og_url":"https:\/\/fgti-distribution.fr\/en\/tubular-rivets\/hollow-rivets\/","og_site_name":"FGTI Distribution","article_modified_time":"2023-05-15T16:18:47+00:00","og_image":[{"width":1600,"height":430,"url":"https:\/\/fgti-distribution.fr\/wp-content\/uploads\/2023\/02\/rivets-tubulaires.jpg","type":"image\/jpeg"}],"twitter_card":"summary_large_image","twitter_misc":{"Estimated reading time":"1 minute"},"schema":{"@context":"https:\/\/schema.org","@graph":[{"@type":"WebPage","@id":"https:\/\/fgti-distribution.fr\/rivets-tubulaires\/rivets-creux\/","url":"https:\/\/fgti-distribution.fr\/rivets-tubulaires\/rivets-creux\/","name":"Rivets creux en inox, laiton, cuivre, aluminium ou acier","isPartOf":{"@id":"https:\/\/fgti-distribution.fr\/#website"},"primaryImageOfPage":{"@id":"https:\/\/fgti-distribution.fr\/rivets-tubulaires\/rivets-creux\/#primaryimage"},"image":{"@id":"https:\/\/fgti-distribution.fr\/rivets-tubulaires\/rivets-creux\/#primaryimage"},"thumbnailUrl":"https:\/\/fgti-distribution.fr\/wp-content\/uploads\/2023\/02\/rivets-tubulaires.jpg","datePublished":"2015-03-13T14:59:12+00:00","dateModified":"2023-05-15T16:18:47+00:00","description":"Gr\u00e2ce \u00e0 son expertise technique des rivets creux (rivets tubulaires), FGTI Distribution vous propose des solutions : des rivets creux en inox, laiton, cuivre, aluminium ou acier, de la petite \u00e0 la grande s\u00e9rie (de 1000 \u00e0 plusieurs millions de pi\u00e8ces) en livraisons directes d\u00e9part usines.","breadcrumb":{"@id":"https:\/\/fgti-distribution.fr\/rivets-tubulaires\/rivets-creux\/#breadcrumb"},"inLanguage":"en-GB","potentialAction":[{"@type":"ReadAction","target":["https:\/\/fgti-distribution.fr\/rivets-tubulaires\/rivets-creux\/"]}]},{"@type":"ImageObject","inLanguage":"en-GB","@id":"https:\/\/fgti-distribution.fr\/rivets-tubulaires\/rivets-creux\/#primaryimage","url":"https:\/\/fgti-distribution.fr\/wp-content\/uploads\/2023\/02\/rivets-tubulaires.jpg","contentUrl":"https:\/\/fgti-distribution.fr\/wp-content\/uploads\/2023\/02\/rivets-tubulaires.jpg","width":1600,"height":430,"caption":"rivets tubulaires"},{"@type":"BreadcrumbList","@id":"https:\/\/fgti-distribution.fr\/rivets-tubulaires\/rivets-creux\/#breadcrumb","itemListElement":[{"@type":"ListItem","position":1,"name":"Home","item":"https:\/\/fgti-distribution.fr\/"},{"@type":"ListItem","position":2,"name":"Rivets tubulaires","item":"https:\/\/fgti-distribution.fr\/rivets-tubulaires\/"},{"@type":"ListItem","position":3,"name":"Rivets creux en inox, laiton, cuivre, aluminium ou acier"}]},{"@type":"WebSite","@id":"https:\/\/fgti-distribution.fr\/#website","url":"https:\/\/fgti-distribution.fr\/","name":"FGTI Distribution","description":"Technical parts and high-value-added services","publisher":{"@id":"https:\/\/fgti-distribution.fr\/#organization"},"alternateName":"FGTI Distribution","potentialAction":[{"@type":"SearchAction","target":{"@type":"EntryPoint","urlTemplate":"https:\/\/fgti-distribution.fr\/?s={search_term_string}"},"query-input":{"@type":"PropertyValueSpecification","valueRequired":true,"valueName":"search_term_string"}}],"inLanguage":"en-GB"},{"@type":"Organization","@id":"https:\/\/fgti-distribution.fr\/#organization","name":"FGTI Distribution","alternateName":"FGTI Distribution","url":"https:\/\/fgti-distribution.fr\/","logo":{"@type":"ImageObject","inLanguage":"en-GB","@id":"https:\/\/fgti-distribution.fr\/#\/schema\/logo\/image\/","url":"https:\/\/fgti-distribution.fr\/wp-content\/uploads\/2022\/12\/logo.png","contentUrl":"https:\/\/fgti-distribution.fr\/wp-content\/uploads\/2022\/12\/logo.png","width":500,"height":228,"caption":"FGTI Distribution"},"image":{"@id":"https:\/\/fgti-distribution.fr\/#\/schema\/logo\/image\/"},"sameAs":["https:\/\/www.linkedin.com\/company\/fgti-distribution\/"]}]}},"_links":{"self":[{"href":"https:\/\/fgti-distribution.fr\/en\/wp-json\/wp\/v2\/pages\/2659","targetHints":{"allow":["GET"]}}],"collection":[{"href":"https:\/\/fgti-distribution.fr\/en\/wp-json\/wp\/v2\/pages"}],"about":[{"href":"https:\/\/fgti-distribution.fr\/en\/wp-json\/wp\/v2\/types\/page"}],"author":[{"embeddable":true,"href":"https:\/\/fgti-distribution.fr\/en\/wp-json\/wp\/v2\/users\/1"}],"replies":[{"embeddable":true,"href":"https:\/\/fgti-distribution.fr\/en\/wp-json\/wp\/v2\/comments?post=2659"}],"version-history":[{"count":5,"href":"https:\/\/fgti-distribution.fr\/en\/wp-json\/wp\/v2\/pages\/2659\/revisions"}],"predecessor-version":[{"id":7914,"href":"https:\/\/fgti-distribution.fr\/en\/wp-json\/wp\/v2\/pages\/2659\/revisions\/7914"}],"up":[{"embeddable":true,"href":"https:\/\/fgti-distribution.fr\/en\/wp-json\/wp\/v2\/pages\/12"}],"wp:featuredmedia":[{"embeddable":true,"href":"https:\/\/fgti-distribution.fr\/en\/wp-json\/wp\/v2\/media\/7170"}],"wp:attachment":[{"href":"https:\/\/fgti-distribution.fr\/en\/wp-json\/wp\/v2\/media?parent=2659"}],"curies":[{"name":"wp","href":"https:\/\/api.w.org\/{rel}","templated":true}]}}