{"id":3550,"date":"2015-12-16T09:02:03","date_gmt":"2015-12-16T09:02:03","guid":{"rendered":"https:\/\/fgti-distribution.fr\/?page_id=3550"},"modified":"2026-04-10T12:02:04","modified_gmt":"2026-04-10T12:02:04","slug":"to-assemble-cables-or-tubes-into-a-hole","status":"publish","type":"page","link":"https:\/\/fgti-distribution.fr\/en\/fixation-araymond\/araymond-recherche-par-fonction\/assembler-des-cables-ou-des-tubes-dans-trou\/","title":{"rendered":"Fitting cables or pipes into a hole"},"content":{"rendered":"<section data-bb-version=\"4.7.6\" id=\"bt_bb_section69f4a7d2092d7\" class=\"bt_bb_section bt_bb_layout_boxed_1200\"  data-bt-override-class=\"null\"><div class=\"bt_bb_port\"><div class=\"bt_bb_cell\"><div class=\"bt_bb_cell_inner\"><div class=\"bt_bb_row\"  data-bt-override-class=\"{}\"><div class=\"bt_bb_row_holder\" ><div data-bb-version=\"4.7.6\"  class=\"bt_bb_column col-xxl-12 col-xl-12 col-xs-12 col-sm-12 col-md-12 col-lg-12 bt_bb_vertical_align_top bt_bb_align_left bt_bb_padding_normal\" style=\"; --column-width:12;\" data-width=\"12\" data-bt-override-class=\"{}\"><div class=\"bt_bb_column_content\"><div class=\"bt_bb_column_content_inner\"><div class=\"bt_bb_raw_content\">FGTI-Distribution &gt; ARaymond Fixings &gt; Search by function &gt; Assembling cables or tubes in a hole\n\n<h2>Push-in adaptors with a hole<\/h2>\n\u00a0\n<h3>Strap adaptors<\/h3>\n<a href=\"https:\/\/fgti-distribution.fr\/en\/raymond-fixation\/adaptateurs-raymond-lanieres-a-pressionner-trou\/\">View product sheet<\/a>\n<a href=\"https:\/\/fgti-distribution.fr\/en\/raymond-fixation\/lanyards-to-mount-raymond-hole\/\"><img decoding=\"async\" src=\"https:\/\/fgti-distribution.fr\/wp-content\/img\/lanieres-a-monter-dans-un-trou.jpg\" \/><\/a>\n\n\u00a0\n<h3>Adapters for mounting in a hole for lanyards<\/h3>\n<a href=\"https:\/\/fgti-distribution.fr\/en\/raymond-fixation\/lanyards-to-mount-raymond-hole\/\">View product sheet<\/a>\n<a href=\"https:\/\/fgti-distribution.fr\/en\/raymond-fixation\/supports-tubes-a-riveter-visser-forme-p\/\"><img decoding=\"async\" src=\"https:\/\/fgti-distribution.fr\/wp-content\/img\/Supports-tubes-riveter-visser-FormeP.jpg\" \/><\/a>\n<h2>Supports for rivet or screw tubes<\/h2>\n\u00a0\n<h3>Supports for riveting or screw-in tubes - P shape<\/h3>\n<a href=\"https:\/\/fgti-distribution.fr\/en\/raymond-fixation\/supports-tubes-a-riveter-visser-forme-p\/\">View product sheet<\/a>\n<a href=\"https:\/\/fgti-distribution.fr\/en\/raymond-fixation\/supports-tubes-a-riveter-visser-lyre\/\"><img decoding=\"async\" src=\"https:\/\/fgti-distribution.fr\/wp-content\/img\/Supports-tubes-riveter-visser-Lyre.jpg\" \/><\/a>\n\n\u00a0\n<h3>Supports for riveting or screw-in tubes - Lyre<\/h3>\n<a href=\"https:\/\/fgti-distribution.fr\/en\/raymond-fixation\/supports-tubes-a-riveter-visser-lyre\/\">View product sheet<\/a>\n<a href=\"https:\/\/fgti-distribution.fr\/en\/raymond-fixation\/supports-for-raymond-plastic-tubes\/supports-tubes-a-clipper-dans-un-trou-a-diametres-variables\/\"><img decoding=\"async\" src=\"https:\/\/fgti-distribution.fr\/wp-content\/img\/Supports-tubes-a-clipper-trou-diametres-variables.jpg\" \/><\/a>\n<h2>Supports for clips-on tubes in a hole<\/h2>\n\u00a0\n<h3>Supports for clip-in tubes with variable diameters<\/h3>\n<a href=\"https:\/\/fgti-distribution.fr\/en\/raymond-fixation\/supports-for-raymond-plastic-tubes\/supports-tubes-a-clipper-dans-un-trou-a-diametres-variables\/\">View product sheet<\/a>\n<a href=\"https:\/\/fgti-distribution.fr\/en\/raymond-fixation\/supports-trouble-tubes-variable-raymond\/\"><img decoding=\"async\" src=\"https:\/\/fgti-distribution.fr\/wp-content\/img\/supports-tubes-clipper-trou-diametre-variable-verrouillage-auto.jpg\" \/><\/a>\n\u00a0\n<h3>Supports for clipping tubes into holes of variable diameters with automatic locking<\/h3>\n<a href=\"https:\/\/fgti-distribution.fr\/en\/raymond-fixation\/supports-trouble-tubes-variable-raymond\/\">View product sheet<\/a>\n<a href=\"https:\/\/fgti-distribution.fr\/en\/raymond-fixation\/supports-for-raymond-plastic-tubes\/supports-tubes-with-variable-diameters-and-automatic-fir-tree-pin-locking\/\"><img decoding=\"async\" src=\"https:\/\/fgti-distribution.fr\/wp-content\/img\/supports-tubes-verrouillage-auto-pion-sapin.jpg\" alt=\"Auto-locking tube with dowel pin\" \/><\/a>\n\u00a0\n<h3>Supports for clip-in tubes in a hole with variable diameters and automatic locking \/ Sapin dowel<\/h3>\n<a href=\"https:\/\/fgti-distribution.fr\/en\/raymond-fixation\/supports-for-raymond-plastic-tubes\/supports-tubes-with-variable-diameters-and-automatic-fir-tree-pin-locking\/\">View product sheet<\/a>\n<a href=\"https:\/\/fgti-distribution.fr\/en\/raymond-fixation\/supports-de-tube-a-verrouillage-rayonne\/\"><img decoding=\"async\" src=\"https:\/\/fgti-distribution.fr\/wp-content\/img\/supports-tubes-clipper-trou-verrouillage-manuel.jpg\" alt=\"supports de tubes \u00e0 clipser - verrouillage manuel\" \/><\/a>\n\u00a0\n<h3>Supports for clip-in tubes with manual locking<\/h3>\n<a href=\"https:\/\/fgti-distribution.fr\/en\/raymond-fixation\/supports-de-tube-a-verrouillage-rayonne\/\">View product sheet<\/a>\n<a href=\"https:\/\/fgti-distribution.fr\/en\/raymond-fixation\/raymond-double-hole-tube-supports\/\"><img decoding=\"async\" src=\"https:\/\/fgti-distribution.fr\/wp-content\/img\/Supports-tubes-a-clipper-trou-double.jpg\" alt=\"Support tubes, a clipper, through double\" \/><\/a>\n\u00a0\n<h3>Supports for clip-on tubes in a double hole<\/h3>\n<a href=\"https:\/\/fgti-distribution.fr\/en\/raymond-fixation\/raymond-double-hole-tube-supports\/\">View product sheet<\/a>\n<a href=\"https:\/\/fgti-distribution.fr\/en\/raymond-fixation\/supports-pour-tubes-a-double-pivotement-leds-raymound\/\"><img decoding=\"async\" src=\"https:\/\/fgti-distribution.fr\/wp-content\/img\/Supports-tubes-a-clipper-trou-double-pivotant.jpg\" alt=\"Support tubes \u00e0 pince double pivotant\" \/><\/a>\n\u00a0\n<h3>Supports for clip-in tubes in a double hole \/ Swivelling<\/h3>\n<a href=\"https:\/\/fgti-distribution.fr\/en\/raymond-fixation\/supports-pour-tubes-a-double-pivotement-leds-raymound\/\">View product sheet<\/a>\n<a href=\"https:\/\/fgti-distribution.fr\/en\/raymond-fixation\/supports-tubes-trou-omega-a-raymond\/\"><img decoding=\"async\" src=\"https:\/\/fgti-distribution.fr\/wp-content\/img\/Supports-tubes-a-clipper-trou-omega.jpg\" alt=\"Supports tubes a clipper trou double omega\" \/><\/a>\n\u00a0\n<h3>Supports for clips to be inserted into an Omega hole<\/h3>\n<a href=\"https:\/\/fgti-distribution.fr\/en\/raymond-fixation\/supports-tubes-trou-omega-a-raymond\/\">View product sheet<\/a>\n<a href=\"https:\/\/fgti-distribution.fr\/en\/raymond-fixation\/supports-for-simple-tube-trou-raymond\/\"><img decoding=\"async\" src=\"https:\/\/fgti-distribution.fr\/wp-content\/img\/Supports-tubes-a-clipper-trou-simple.jpg\" alt=\"Support tubes a clipper trou double simple\" \/><\/a>\n\u00a0\n<h3>Supports for clip-in tubes in a simple hole<\/h3>\n<a href=\"https:\/\/fgti-distribution.fr\/en\/raymond-fixation\/supports-for-simple-tube-trou-raymond\/\">View product sheet<\/a>\n<a href=\"https:\/\/fgti-distribution.fr\/en\/raymond-fixation\/supports-tubes-trou-simple-pivotant-a-raymonde\/\"><img decoding=\"async\" src=\"https:\/\/fgti-distribution.fr\/wp-content\/img\/Supports-tubes-a-clipper-trou-simple-pivotant.jpg\" alt=\"Pivotant double, support de tube \u00e0 pince\" \/><\/a>\n\u00a0\n<h3>Supports for clipping tubes into a hole (single\/swivelling)<\/h3>\n<a href=\"https:\/\/fgti-distribution.fr\/en\/raymond-fixation\/supports-tubes-trou-simple-pivotant-a-raymonde\/\">View product sheet<\/a>\n<a href=\"https:\/\/fgti-distribution.fr\/en\/raymond-fixation\/supports-for-tubes-to-press-through-multiple-holes-at-a-raymond\/\"><img decoding=\"async\" src=\"https:\/\/fgti-distribution.fr\/wp-content\/img\/Supports-tubes-a-pressionner-trou-multiple.jpg\" alt=\"Squeeze-tube-with-multiple-openings\" \/><\/a>\n<h2>Supports for pressing tubes into a hole<\/h2>\n\u00a0\n<h3>Supports for pressing tubes into a multi-hole fitting<\/h3>\n<a href=\"https:\/\/fgti-distribution.fr\/en\/raymond-fixation\/supports-for-tubes-to-press-through-multiple-holes-at-a-raymond\/\">View product sheet<\/a>\n<a href=\"https:\/\/fgti-distribution.fr\/en\/raymond-fixation\/pressure-tube-support-simple-hole-raymond\/\"><img decoding=\"async\" src=\"https:\/\/fgti-distribution.fr\/wp-content\/img\/Supports-tubes-a-pressionner-trou-simple.jpg\" alt=\"Press-fit simple hole support tubes\" \/><\/a>\n\u00a0\n<h3>Supports for pressing tubes into a single hole<\/h3>\n<a href=\"https:\/\/fgti-distribution.fr\/en\/raymond-fixation\/pressure-tube-support-simple-hole-raymond\/\">View product sheet<\/a><\/div><\/div><\/div><\/div><\/div><\/div><\/div><!-- cell_inner --><\/div><!-- cell --><\/div><!-- port --><\/section>","protected":false},"excerpt":{"rendered":"","protected":false},"author":1,"featured_media":0,"parent":3519,"menu_order":0,"comment_status":"closed","ping_status":"closed","template":"","meta":{"footnotes":""},"class_list":["post-3550","page","type-page","status-publish","hentry"],"yoast_head":"<!-- This site is optimized with the Yoast SEO plugin v27.3 - https:\/\/yoast.com\/product\/yoast-seo-wordpress\/ -->\n<title>FGTI Distribution - Assembler des c\u00e2bles ou des tubes dans un trou<\/title>\n<meta name=\"description\" content=\"FGTI Distribution - Assembler des c\u00e2bles ou des tubes dans un trou -\" \/>\n<meta name=\"robots\" content=\"index, follow, max-snippet:-1, max-image-preview:large, max-video-preview:-1\" \/>\n<link rel=\"canonical\" href=\"https:\/\/fgti-distribution.fr\/en\/raymond-fixation\/a-raymond-searches-by-function\/to-assemble-cables-or-tubes-into-a-hole\/\" \/>\n<meta property=\"og:locale\" content=\"en_GB\" \/>\n<meta property=\"og:type\" content=\"article\" \/>\n<meta property=\"og:title\" content=\"FGTI Distribution - Assembler des c\u00e2bles ou des tubes dans un trou\" \/>\n<meta property=\"og:description\" content=\"FGTI Distribution - Assembler des c\u00e2bles ou des tubes dans un trou -\" \/>\n<meta property=\"og:url\" content=\"https:\/\/fgti-distribution.fr\/en\/raymond-fixation\/a-raymond-searches-by-function\/to-assemble-cables-or-tubes-into-a-hole\/\" \/>\n<meta property=\"og:site_name\" content=\"FGTI Distribution\" \/>\n<meta property=\"article:modified_time\" content=\"2026-04-10T12:02:04+00:00\" \/>\n<meta name=\"twitter:card\" content=\"summary_large_image\" \/>\n<meta name=\"twitter:label1\" content=\"Estimated reading time\" \/>\n\t<meta name=\"twitter:data1\" content=\"5 minutes\" \/>\n<script type=\"application\/ld+json\" class=\"yoast-schema-graph\">{\"@context\":\"https:\\\/\\\/schema.org\",\"@graph\":[{\"@type\":\"WebPage\",\"@id\":\"https:\\\/\\\/fgti-distribution.fr\\\/fixation-araymond\\\/araymond-recherche-par-fonction\\\/assembler-des-cables-ou-des-tubes-dans-trou\\\/\",\"url\":\"https:\\\/\\\/fgti-distribution.fr\\\/fixation-araymond\\\/araymond-recherche-par-fonction\\\/assembler-des-cables-ou-des-tubes-dans-trou\\\/\",\"name\":\"FGTI Distribution - Assembler des c\u00e2bles ou des tubes dans un trou\",\"isPartOf\":{\"@id\":\"https:\\\/\\\/fgti-distribution.fr\\\/#website\"},\"datePublished\":\"2015-12-16T09:02:03+00:00\",\"dateModified\":\"2026-04-10T12:02:04+00:00\",\"description\":\"FGTI Distribution - Assembler des c\u00e2bles ou des tubes dans un trou -\",\"breadcrumb\":{\"@id\":\"https:\\\/\\\/fgti-distribution.fr\\\/fixation-araymond\\\/araymond-recherche-par-fonction\\\/assembler-des-cables-ou-des-tubes-dans-trou\\\/#breadcrumb\"},\"inLanguage\":\"en-GB\",\"potentialAction\":[{\"@type\":\"ReadAction\",\"target\":[\"https:\\\/\\\/fgti-distribution.fr\\\/fixation-araymond\\\/araymond-recherche-par-fonction\\\/assembler-des-cables-ou-des-tubes-dans-trou\\\/\"]}]},{\"@type\":\"BreadcrumbList\",\"@id\":\"https:\\\/\\\/fgti-distribution.fr\\\/fixation-araymond\\\/araymond-recherche-par-fonction\\\/assembler-des-cables-ou-des-tubes-dans-trou\\\/#breadcrumb\",\"itemListElement\":[{\"@type\":\"ListItem\",\"position\":1,\"name\":\"Home\",\"item\":\"https:\\\/\\\/fgti-distribution.fr\\\/\"},{\"@type\":\"ListItem\",\"position\":2,\"name\":\"Fixations ARaymond\",\"item\":\"https:\\\/\\\/fgti-distribution.fr\\\/fixation-araymond\\\/\"},{\"@type\":\"ListItem\",\"position\":3,\"name\":\"ARaymond Recherche par fonction\",\"item\":\"https:\\\/\\\/fgti-distribution.fr\\\/fixation-araymond\\\/araymond-recherche-par-fonction\\\/\"},{\"@type\":\"ListItem\",\"position\":4,\"name\":\"Assembler des c\u00e2bles ou des tubes dans un trou\"}]},{\"@type\":\"WebSite\",\"@id\":\"https:\\\/\\\/fgti-distribution.fr\\\/#website\",\"url\":\"https:\\\/\\\/fgti-distribution.fr\\\/\",\"name\":\"FGTI Distribution\",\"description\":\"Pi\u00e8ces techniques et services \u00e0 forte valeur ajout\u00e9e\",\"publisher\":{\"@id\":\"https:\\\/\\\/fgti-distribution.fr\\\/#organization\"},\"alternateName\":\"FGTI Distribution\",\"potentialAction\":[{\"@type\":\"SearchAction\",\"target\":{\"@type\":\"EntryPoint\",\"urlTemplate\":\"https:\\\/\\\/fgti-distribution.fr\\\/?s={search_term_string}\"},\"query-input\":{\"@type\":\"PropertyValueSpecification\",\"valueRequired\":true,\"valueName\":\"search_term_string\"}}],\"inLanguage\":\"en-GB\"},{\"@type\":\"Organization\",\"@id\":\"https:\\\/\\\/fgti-distribution.fr\\\/#organization\",\"name\":\"FGTI Distribution\",\"alternateName\":\"FGTI Distribution\",\"url\":\"https:\\\/\\\/fgti-distribution.fr\\\/\",\"logo\":{\"@type\":\"ImageObject\",\"inLanguage\":\"en-GB\",\"@id\":\"https:\\\/\\\/fgti-distribution.fr\\\/#\\\/schema\\\/logo\\\/image\\\/\",\"url\":\"https:\\\/\\\/fgti-distribution.fr\\\/wp-content\\\/uploads\\\/2022\\\/12\\\/logo.png\",\"contentUrl\":\"https:\\\/\\\/fgti-distribution.fr\\\/wp-content\\\/uploads\\\/2022\\\/12\\\/logo.png\",\"width\":500,\"height\":228,\"caption\":\"FGTI Distribution\"},\"image\":{\"@id\":\"https:\\\/\\\/fgti-distribution.fr\\\/#\\\/schema\\\/logo\\\/image\\\/\"},\"sameAs\":[\"https:\\\/\\\/www.linkedin.com\\\/company\\\/fgti-distribution\\\/\"]}]}<\/script>\n<!-- \/ Yoast SEO plugin. -->","yoast_head_json":{"title":"FGTI Distribution - Assembling cables or tubes in a hole","description":"FGTI Distribution - Assembling cables or tubes in a hole","robots":{"index":"index","follow":"follow","max-snippet":"max-snippet:-1","max-image-preview":"max-image-preview:large","max-video-preview":"max-video-preview:-1"},"canonical":"https:\/\/fgti-distribution.fr\/en\/raymond-fixation\/a-raymond-searches-by-function\/to-assemble-cables-or-tubes-into-a-hole\/","og_locale":"en_GB","og_type":"article","og_title":"FGTI Distribution - Assembler des c\u00e2bles ou des tubes dans un trou","og_description":"FGTI Distribution - Assembler des c\u00e2bles ou des tubes dans un trou -","og_url":"https:\/\/fgti-distribution.fr\/en\/raymond-fixation\/a-raymond-searches-by-function\/to-assemble-cables-or-tubes-into-a-hole\/","og_site_name":"FGTI Distribution","article_modified_time":"2026-04-10T12:02:04+00:00","twitter_card":"summary_large_image","twitter_misc":{"Estimated reading time":"5 minutes"},"schema":{"@context":"https:\/\/schema.org","@graph":[{"@type":"WebPage","@id":"https:\/\/fgti-distribution.fr\/fixation-araymond\/araymond-recherche-par-fonction\/assembler-des-cables-ou-des-tubes-dans-trou\/","url":"https:\/\/fgti-distribution.fr\/fixation-araymond\/araymond-recherche-par-fonction\/assembler-des-cables-ou-des-tubes-dans-trou\/","name":"FGTI Distribution - Assembling cables or tubes in a hole","isPartOf":{"@id":"https:\/\/fgti-distribution.fr\/#website"},"datePublished":"2015-12-16T09:02:03+00:00","dateModified":"2026-04-10T12:02:04+00:00","description":"FGTI Distribution - Assembling cables or tubes in a hole","breadcrumb":{"@id":"https:\/\/fgti-distribution.fr\/fixation-araymond\/araymond-recherche-par-fonction\/assembler-des-cables-ou-des-tubes-dans-trou\/#breadcrumb"},"inLanguage":"en-GB","potentialAction":[{"@type":"ReadAction","target":["https:\/\/fgti-distribution.fr\/fixation-araymond\/araymond-recherche-par-fonction\/assembler-des-cables-ou-des-tubes-dans-trou\/"]}]},{"@type":"BreadcrumbList","@id":"https:\/\/fgti-distribution.fr\/fixation-araymond\/araymond-recherche-par-fonction\/assembler-des-cables-ou-des-tubes-dans-trou\/#breadcrumb","itemListElement":[{"@type":"ListItem","position":1,"name":"Home","item":"https:\/\/fgti-distribution.fr\/"},{"@type":"ListItem","position":2,"name":"Fixations ARaymond","item":"https:\/\/fgti-distribution.fr\/fixation-araymond\/"},{"@type":"ListItem","position":3,"name":"ARaymond Recherche par fonction","item":"https:\/\/fgti-distribution.fr\/fixation-araymond\/araymond-recherche-par-fonction\/"},{"@type":"ListItem","position":4,"name":"Assembler des c\u00e2bles ou des tubes dans un trou"}]},{"@type":"WebSite","@id":"https:\/\/fgti-distribution.fr\/#website","url":"https:\/\/fgti-distribution.fr\/","name":"FGTI Distribution","description":"Technical parts and high-value-added services","publisher":{"@id":"https:\/\/fgti-distribution.fr\/#organization"},"alternateName":"FGTI Distribution","potentialAction":[{"@type":"SearchAction","target":{"@type":"EntryPoint","urlTemplate":"https:\/\/fgti-distribution.fr\/?s={search_term_string}"},"query-input":{"@type":"PropertyValueSpecification","valueRequired":true,"valueName":"search_term_string"}}],"inLanguage":"en-GB"},{"@type":"Organization","@id":"https:\/\/fgti-distribution.fr\/#organization","name":"FGTI Distribution","alternateName":"FGTI Distribution","url":"https:\/\/fgti-distribution.fr\/","logo":{"@type":"ImageObject","inLanguage":"en-GB","@id":"https:\/\/fgti-distribution.fr\/#\/schema\/logo\/image\/","url":"https:\/\/fgti-distribution.fr\/wp-content\/uploads\/2022\/12\/logo.png","contentUrl":"https:\/\/fgti-distribution.fr\/wp-content\/uploads\/2022\/12\/logo.png","width":500,"height":228,"caption":"FGTI Distribution"},"image":{"@id":"https:\/\/fgti-distribution.fr\/#\/schema\/logo\/image\/"},"sameAs":["https:\/\/www.linkedin.com\/company\/fgti-distribution\/"]}]}},"_links":{"self":[{"href":"https:\/\/fgti-distribution.fr\/en\/wp-json\/wp\/v2\/pages\/3550","targetHints":{"allow":["GET"]}}],"collection":[{"href":"https:\/\/fgti-distribution.fr\/en\/wp-json\/wp\/v2\/pages"}],"about":[{"href":"https:\/\/fgti-distribution.fr\/en\/wp-json\/wp\/v2\/types\/page"}],"author":[{"embeddable":true,"href":"https:\/\/fgti-distribution.fr\/en\/wp-json\/wp\/v2\/users\/1"}],"replies":[{"embeddable":true,"href":"https:\/\/fgti-distribution.fr\/en\/wp-json\/wp\/v2\/comments?post=3550"}],"version-history":[{"count":5,"href":"https:\/\/fgti-distribution.fr\/en\/wp-json\/wp\/v2\/pages\/3550\/revisions"}],"predecessor-version":[{"id":10148,"href":"https:\/\/fgti-distribution.fr\/en\/wp-json\/wp\/v2\/pages\/3550\/revisions\/10148"}],"up":[{"embeddable":true,"href":"https:\/\/fgti-distribution.fr\/en\/wp-json\/wp\/v2\/pages\/3519"}],"wp:attachment":[{"href":"https:\/\/fgti-distribution.fr\/en\/wp-json\/wp\/v2\/media?parent=3550"}],"curies":[{"name":"wp","href":"https:\/\/api.w.org\/{rel}","templated":true}]}}