{"id":3650,"date":"2015-12-16T14:03:15","date_gmt":"2015-12-16T14:03:15","guid":{"rendered":"https:\/\/fgti-distribution.fr\/?page_id=3650"},"modified":"2026-04-10T12:04:01","modified_gmt":"2026-04-10T12:04:01","slug":"assemble","status":"publish","type":"page","link":"https:\/\/fgti-distribution.fr\/en\/fixation-araymond\/araymond-recherche-par-fonction\/assembler-tiges-lisses-vis-goujons-dans-trou\/","title":{"rendered":"Assemblee axle circlips onto smooth rods or studs in a hole"},"content":{"rendered":"<section data-bb-version=\"4.7.6\" id=\"bt_bb_section69eaaca5623e3\" class=\"bt_bb_section bt_bb_layout_boxed_1200\"  data-bt-override-class=\"null\"><div class=\"bt_bb_port\"><div class=\"bt_bb_cell\"><div class=\"bt_bb_cell_inner\"><div class=\"bt_bb_row\"  data-bt-override-class=\"{}\"><div class=\"bt_bb_row_holder\" ><div data-bb-version=\"4.7.6\"  class=\"bt_bb_column col-xxl-12 col-xl-12 col-xs-12 col-sm-12 col-md-12 col-lg-12 bt_bb_vertical_align_top bt_bb_align_left bt_bb_padding_normal\" style=\"; --column-width:12;\" data-width=\"12\" data-bt-override-class=\"{}\"><div class=\"bt_bb_column_content\"><div class=\"bt_bb_column_content_inner\"><div class=\"bt_bb_raw_content\"><div style=\"color: #bababa; font-size: 12px; margin-bottom: 20px;\">FGTI-Distribution &gt; ARaymond Fixings &gt; Search by function &gt; Assembling axle retaining clips onto smooth shafts or studs in a hole<\/div>\n<div style=\"background-color: #888888; color: white; padding: 5px; text-align: center; width: 100%; text-transform: uppercase;\">Shaft retaining circlips for smooth shafts or studs into a hole<\/div>\n\n<div class=\"textwidget\"><a href=\"https:\/\/fgti-distribution.fr\/en\/raymond-fixation\/raymond-axle-stop-in-groove\/\"><img decoding=\"async\" src=\"https:\/\/fgti-distribution.fr\/wp-content\/img\/arrets-axe-gorge.jpg\" alt=\"stop axle gorge\" \/><\/a><\/div>\n\n<div class=\"textwidget\">\n<h2>Axis stops<\/h2>\n<h3>In a gorge<\/h3>\n<a href=\"https:\/\/fgti-distribution.fr\/en\/raymond-fixation\/raymond-axle-stop-in-groove\/\">View product sheet<\/a>\n<\/div>\n\n<div class=\"textwidget\"><a href=\"https:\/\/fgti-distribution.fr\/en\/raymond-fixation\/rectangular-axis-stop-raymond-smooth-rods\/\"><img decoding=\"async\" src=\"https:\/\/fgti-distribution.fr\/wp-content\/img\/arrets-axe-rectangulaire.jpg\" alt=\"Rectangular axle stops\" \/><\/a><\/div>\n\n<div class=\"textwidget\">\n<h3>Rectangular\/ To be pushed onto smooth rods<\/h3>\n<a href=\"https:\/\/fgti-distribution.fr\/en\/raymond-fixation\/rectangular-axis-stop-raymond-smooth-rods\/\">View product sheet<\/a>\n<\/div>\n\n<div class=\"textwidget\"><a href=\"https:\/\/fgti-distribution.fr\/en\/raymond-fixation\/raymond-axle-bearing-threaded-studs\/\"><img decoding=\"async\" src=\"https:\/\/fgti-distribution.fr\/wp-content\/img\/arrets-axe-rondelles-goujons-filetes.jpg\" alt=\"Stop discs threaded studs\" \/><\/a><\/div>\n\n<div class=\"textwidget\">\n<h3>Push-on washers for threaded studs<\/h3>\n<a href=\"https:\/\/fgti-distribution.fr\/en\/raymond-fixation\/raymond-axle-bearing-threaded-studs\/\">View product sheet<\/a>\n<\/div>\n\n<div class=\"textwidget\"><a href=\"https:\/\/fgti-distribution.fr\/en\/raymond-fixation\/arret-daxe-raymond-rond-tiges-lisses\/\"><img decoding=\"async\" src=\"https:\/\/fgti-distribution.fr\/wp-content\/img\/arrets-axe-rondelles-charges-legeres.jpg\" alt=\"light duty disc brake washers\" \/><\/a><\/div>\n\n<div class=\"textwidget\">\n<h3>Push-on washers for smooth rods \/ Light loads<\/h3>\n<a href=\"https:\/\/fgti-distribution.fr\/en\/raymond-fixation\/arret-daxe-raymond-rond-tiges-lisses\/\">View product sheet<\/a>\n<\/div>\n\n<div class=\"textwidget\"><a href=\"https:\/\/fgti-distribution.fr\/en\/raymond-fixation\/raymond-shaft-locking-washers-reinforced-smooth-rods\/\"><img decoding=\"async\" src=\"https:\/\/fgti-distribution.fr\/wp-content\/img\/arrets-axe-rondelles-renforcees.jpg\" alt=\"brake discs reinforced washers\" \/><\/a><\/div>\n\n<div class=\"textwidget\">\n<h3>Push-on washers for smooth\/reinforced shafts<\/h3>\n<a href=\"https:\/\/fgti-distribution.fr\/en\/raymond-fixation\/raymond-shaft-locking-washers-reinforced-smooth-rods\/\">View product sheet<\/a>\n<\/div>\n\n<div class=\"textwidget\"><a href=\"https:\/\/fgti-distribution.fr\/en\/raymond-fixation\/raymond-threaded-stud-nuts\/\"><img decoding=\"async\" src=\"https:\/\/fgti-distribution.fr\/wp-content\/img\/Ecrous-goujons-filetes.jpg\" alt=\"threaded stud bolts\" \/><\/a><\/div>\n\n<div class=\"textwidget\">\n<h2>Nuts<\/h2>\n<h3>For threaded studs<\/h3>\n<a href=\"https:\/\/fgti-distribution.fr\/en\/raymond-fixation\/raymond-threaded-stud-nuts\/\">View product sheet<\/a>\n<\/div>\n\n<div class=\"textwidget\"><a href=\"https:\/\/fgti-distribution.fr\/en\/raymond-fixation\/raymond-smooth-rod-nut\/\"><img decoding=\"async\" src=\"https:\/\/fgti-distribution.fr\/wp-content\/img\/Ecrous-tiges-lisses.jpg\" alt=\"Smooth rod nuts\" \/><\/a><\/div>\n\n<div class=\"textwidget\">\n<h3>For smooth rods<\/h3>\n<a href=\"https:\/\/fgti-distribution.fr\/en\/raymond-fixation\/raymond-smooth-rod-nut\/\">View product sheet<\/a>\n<\/div>\n\n<div class=\"textwidget\"><a href=\"https:\/\/fgti-distribution.fr\/en\/raymond-fixation\/ecrou-metal-ecrous-cage-raymond\/\"><img decoding=\"async\" src=\"https:\/\/fgti-distribution.fr\/wp-content\/img\/Ecrous-metal-cages.jpg\" alt=\"Metal cage nuts\" \/><\/a><\/div>\n\n<div class=\"textwidget\">\n<h2>Metal press-in nuts<\/h2>\n<h3>Cage nuts<\/h3>\n<a href=\"https:\/\/fgti-distribution.fr\/en\/raymond-fixation\/ecrou-metal-ecrous-cage-raymond\/\">View product sheet<\/a>\n<\/div>\n\n<div class=\"textwidget\"><a href=\"https:\/\/fgti-distribution.fr\/en\/raymond-fixation\/raymond-metal-metric-nut-screw\/\"><img decoding=\"async\" src=\"https:\/\/fgti-distribution.fr\/wp-content\/img\/Ecrous-metal-vis-metriques.jpg\" alt=\"Metal nuts metric screws\" \/><\/a><\/div>\n\n<div class=\"textwidget\">\n<h3>For metric screws<\/h3>\n<a href=\"https:\/\/fgti-distribution.fr\/en\/raymond-fixation\/raymond-metal-metric-nut-screw\/\">View product sheet<\/a>\n<\/div>\n\n\n<div class=\"textwidget\"><a href=\"https:\/\/fgti-distribution.fr\/en\/raymond-fixation\/plastic-square-nut-raymond\/\"><img decoding=\"async\" src=\"https:\/\/fgti-distribution.fr\/wp-content\/img\/Ecrous-plastique-trous-carres.jpg\" alt=\"Plastic nuts square holes\" \/><\/a><\/div>\n\n<div class=\"textwidget\">\n<h2>Push-fit plastic nuts<\/h2>\n<h3>For square holes<\/h3>\n<a href=\"https:\/\/fgti-distribution.fr\/en\/raymond-fixation\/plastic-square-nut-raymond\/\">View product sheet<\/a>\n<\/div>\n\n<div class=\"textwidget\"><a href=\"https:\/\/fgti-distribution.fr\/en\/raymond-fixation\/plastic-nut-with-slotted-holes\/\"><img decoding=\"async\" src=\"https:\/\/fgti-distribution.fr\/wp-content\/img\/Ecrous-plastique-trous-oblongs.jpg\" alt=\"Plastic nuts for slotted holes\" \/><\/a><\/div>\n\n<div class=\"textwidget\">\n<h3>For oblong holes<\/h3>\n<a href=\"https:\/\/fgti-distribution.fr\/en\/raymond-fixation\/plastic-nut-with-slotted-holes\/\">View product sheet<\/a>\n<\/div><\/div><\/div><\/div><\/div><\/div><\/div><\/div><!-- cell_inner --><\/div><!-- cell --><\/div><!-- port --><\/section>","protected":false},"excerpt":{"rendered":"","protected":false},"author":1,"featured_media":0,"parent":3519,"menu_order":0,"comment_status":"closed","ping_status":"closed","template":"","meta":{"footnotes":""},"class_list":["post-3650","page","type-page","status-publish","hentry"],"yoast_head":"<!-- This site is optimized with the Yoast SEO plugin v27.3 - https:\/\/yoast.com\/product\/yoast-seo-wordpress\/ -->\n<title>FGTI Distribution - Assembler clips d&#039;arr\u00eat d&#039;axe sur tiges lisses ou goujons dans un trou<\/title>\n<meta name=\"description\" content=\"FGTI Distribution - Assembler clips d&#039;arr\u00eat d&#039;axe sur tiges lisses ou goujons dans un trou -\" \/>\n<meta name=\"robots\" content=\"index, follow, max-snippet:-1, max-image-preview:large, max-video-preview:-1\" \/>\n<link rel=\"canonical\" href=\"https:\/\/fgti-distribution.fr\/en\/raymond-fixation\/a-raymond-searches-by-function\/assemble\/\" \/>\n<meta property=\"og:locale\" content=\"en_GB\" \/>\n<meta property=\"og:type\" content=\"article\" \/>\n<meta property=\"og:title\" content=\"FGTI Distribution - Assembler clips d&#039;arr\u00eat d&#039;axe sur tiges lisses ou goujons dans un trou\" \/>\n<meta property=\"og:description\" content=\"FGTI Distribution - Assembler clips d&#039;arr\u00eat d&#039;axe sur tiges lisses ou goujons dans un trou -\" \/>\n<meta property=\"og:url\" content=\"https:\/\/fgti-distribution.fr\/en\/raymond-fixation\/a-raymond-searches-by-function\/assemble\/\" \/>\n<meta property=\"og:site_name\" content=\"FGTI Distribution\" \/>\n<meta property=\"article:modified_time\" content=\"2026-04-10T12:04:01+00:00\" \/>\n<meta name=\"twitter:card\" content=\"summary_large_image\" \/>\n<meta name=\"twitter:label1\" content=\"Estimated reading time\" \/>\n\t<meta name=\"twitter:data1\" content=\"3 minutes\" \/>\n<script type=\"application\/ld+json\" class=\"yoast-schema-graph\">{\"@context\":\"https:\\\/\\\/schema.org\",\"@graph\":[{\"@type\":\"WebPage\",\"@id\":\"https:\\\/\\\/fgti-distribution.fr\\\/fixation-araymond\\\/araymond-recherche-par-fonction\\\/assembler-tiges-lisses-vis-goujons-dans-trou\\\/\",\"url\":\"https:\\\/\\\/fgti-distribution.fr\\\/fixation-araymond\\\/araymond-recherche-par-fonction\\\/assembler-tiges-lisses-vis-goujons-dans-trou\\\/\",\"name\":\"FGTI Distribution - Assembler clips d'arr\u00eat d'axe sur tiges lisses ou goujons dans un trou\",\"isPartOf\":{\"@id\":\"https:\\\/\\\/fgti-distribution.fr\\\/#website\"},\"datePublished\":\"2015-12-16T14:03:15+00:00\",\"dateModified\":\"2026-04-10T12:04:01+00:00\",\"description\":\"FGTI Distribution - Assembler clips d'arr\u00eat d'axe sur tiges lisses ou goujons dans un trou -\",\"breadcrumb\":{\"@id\":\"https:\\\/\\\/fgti-distribution.fr\\\/fixation-araymond\\\/araymond-recherche-par-fonction\\\/assembler-tiges-lisses-vis-goujons-dans-trou\\\/#breadcrumb\"},\"inLanguage\":\"en-GB\",\"potentialAction\":[{\"@type\":\"ReadAction\",\"target\":[\"https:\\\/\\\/fgti-distribution.fr\\\/fixation-araymond\\\/araymond-recherche-par-fonction\\\/assembler-tiges-lisses-vis-goujons-dans-trou\\\/\"]}]},{\"@type\":\"BreadcrumbList\",\"@id\":\"https:\\\/\\\/fgti-distribution.fr\\\/fixation-araymond\\\/araymond-recherche-par-fonction\\\/assembler-tiges-lisses-vis-goujons-dans-trou\\\/#breadcrumb\",\"itemListElement\":[{\"@type\":\"ListItem\",\"position\":1,\"name\":\"Home\",\"item\":\"https:\\\/\\\/fgti-distribution.fr\\\/\"},{\"@type\":\"ListItem\",\"position\":2,\"name\":\"Fixations ARaymond\",\"item\":\"https:\\\/\\\/fgti-distribution.fr\\\/fixation-araymond\\\/\"},{\"@type\":\"ListItem\",\"position\":3,\"name\":\"ARaymond Recherche par fonction\",\"item\":\"https:\\\/\\\/fgti-distribution.fr\\\/fixation-araymond\\\/araymond-recherche-par-fonction\\\/\"},{\"@type\":\"ListItem\",\"position\":4,\"name\":\"Assembler clips d&rsquo;arr\u00eat d&rsquo;axe sur tiges lisses ou goujons dans un trou\"}]},{\"@type\":\"WebSite\",\"@id\":\"https:\\\/\\\/fgti-distribution.fr\\\/#website\",\"url\":\"https:\\\/\\\/fgti-distribution.fr\\\/\",\"name\":\"FGTI Distribution\",\"description\":\"Pi\u00e8ces techniques et services \u00e0 forte valeur ajout\u00e9e\",\"publisher\":{\"@id\":\"https:\\\/\\\/fgti-distribution.fr\\\/#organization\"},\"alternateName\":\"FGTI Distribution\",\"potentialAction\":[{\"@type\":\"SearchAction\",\"target\":{\"@type\":\"EntryPoint\",\"urlTemplate\":\"https:\\\/\\\/fgti-distribution.fr\\\/?s={search_term_string}\"},\"query-input\":{\"@type\":\"PropertyValueSpecification\",\"valueRequired\":true,\"valueName\":\"search_term_string\"}}],\"inLanguage\":\"en-GB\"},{\"@type\":\"Organization\",\"@id\":\"https:\\\/\\\/fgti-distribution.fr\\\/#organization\",\"name\":\"FGTI Distribution\",\"alternateName\":\"FGTI Distribution\",\"url\":\"https:\\\/\\\/fgti-distribution.fr\\\/\",\"logo\":{\"@type\":\"ImageObject\",\"inLanguage\":\"en-GB\",\"@id\":\"https:\\\/\\\/fgti-distribution.fr\\\/#\\\/schema\\\/logo\\\/image\\\/\",\"url\":\"https:\\\/\\\/fgti-distribution.fr\\\/wp-content\\\/uploads\\\/2022\\\/12\\\/logo.png\",\"contentUrl\":\"https:\\\/\\\/fgti-distribution.fr\\\/wp-content\\\/uploads\\\/2022\\\/12\\\/logo.png\",\"width\":500,\"height\":228,\"caption\":\"FGTI Distribution\"},\"image\":{\"@id\":\"https:\\\/\\\/fgti-distribution.fr\\\/#\\\/schema\\\/logo\\\/image\\\/\"},\"sameAs\":[\"https:\\\/\\\/www.linkedin.com\\\/company\\\/fgti-distribution\\\/\"]}]}<\/script>\n<!-- \/ Yoast SEO plugin. -->","yoast_head_json":{"title":"FGTI Distribution - Axle stop clip assembly on smooth rods or studs in a hole","description":"FG","robots":{"index":"index","follow":"follow","max-snippet":"max-snippet:-1","max-image-preview":"max-image-preview:large","max-video-preview":"max-video-preview:-1"},"canonical":"https:\/\/fgti-distribution.fr\/en\/raymond-fixation\/a-raymond-searches-by-function\/assemble\/","og_locale":"en_GB","og_type":"article","og_title":"FGTI Distribution - Assembler clips d'arr\u00eat d'axe sur tiges lisses ou goujons dans un trou","og_description":"FGTI Distribution - Assembler clips d'arr\u00eat d'axe sur tiges lisses ou goujons dans un trou -","og_url":"https:\/\/fgti-distribution.fr\/en\/raymond-fixation\/a-raymond-searches-by-function\/assemble\/","og_site_name":"FGTI Distribution","article_modified_time":"2026-04-10T12:04:01+00:00","twitter_card":"summary_large_image","twitter_misc":{"Estimated reading time":"3 minutes"},"schema":{"@context":"https:\/\/schema.org","@graph":[{"@type":"WebPage","@id":"https:\/\/fgti-distribution.fr\/fixation-araymond\/araymond-recherche-par-fonction\/assembler-tiges-lisses-vis-goujons-dans-trou\/","url":"https:\/\/fgti-distribution.fr\/fixation-araymond\/araymond-recherche-par-fonction\/assembler-tiges-lisses-vis-goujons-dans-trou\/","name":"FGTI Distribution - Axle stop clip assembly on smooth rods or studs in a hole","isPartOf":{"@id":"https:\/\/fgti-distribution.fr\/#website"},"datePublished":"2015-12-16T14:03:15+00:00","dateModified":"2026-04-10T12:04:01+00:00","description":"FG","breadcrumb":{"@id":"https:\/\/fgti-distribution.fr\/fixation-araymond\/araymond-recherche-par-fonction\/assembler-tiges-lisses-vis-goujons-dans-trou\/#breadcrumb"},"inLanguage":"en-GB","potentialAction":[{"@type":"ReadAction","target":["https:\/\/fgti-distribution.fr\/fixation-araymond\/araymond-recherche-par-fonction\/assembler-tiges-lisses-vis-goujons-dans-trou\/"]}]},{"@type":"BreadcrumbList","@id":"https:\/\/fgti-distribution.fr\/fixation-araymond\/araymond-recherche-par-fonction\/assembler-tiges-lisses-vis-goujons-dans-trou\/#breadcrumb","itemListElement":[{"@type":"ListItem","position":1,"name":"Home","item":"https:\/\/fgti-distribution.fr\/"},{"@type":"ListItem","position":2,"name":"Fixations ARaymond","item":"https:\/\/fgti-distribution.fr\/fixation-araymond\/"},{"@type":"ListItem","position":3,"name":"ARaymond Recherche par fonction","item":"https:\/\/fgti-distribution.fr\/fixation-araymond\/araymond-recherche-par-fonction\/"},{"@type":"ListItem","position":4,"name":"Assembler clips d&rsquo;arr\u00eat d&rsquo;axe sur tiges lisses ou goujons dans un trou"}]},{"@type":"WebSite","@id":"https:\/\/fgti-distribution.fr\/#website","url":"https:\/\/fgti-distribution.fr\/","name":"FGTI Distribution","description":"Technical parts and high-value-added services","publisher":{"@id":"https:\/\/fgti-distribution.fr\/#organization"},"alternateName":"FGTI Distribution","potentialAction":[{"@type":"SearchAction","target":{"@type":"EntryPoint","urlTemplate":"https:\/\/fgti-distribution.fr\/?s={search_term_string}"},"query-input":{"@type":"PropertyValueSpecification","valueRequired":true,"valueName":"search_term_string"}}],"inLanguage":"en-GB"},{"@type":"Organization","@id":"https:\/\/fgti-distribution.fr\/#organization","name":"FGTI Distribution","alternateName":"FGTI Distribution","url":"https:\/\/fgti-distribution.fr\/","logo":{"@type":"ImageObject","inLanguage":"en-GB","@id":"https:\/\/fgti-distribution.fr\/#\/schema\/logo\/image\/","url":"https:\/\/fgti-distribution.fr\/wp-content\/uploads\/2022\/12\/logo.png","contentUrl":"https:\/\/fgti-distribution.fr\/wp-content\/uploads\/2022\/12\/logo.png","width":500,"height":228,"caption":"FGTI Distribution"},"image":{"@id":"https:\/\/fgti-distribution.fr\/#\/schema\/logo\/image\/"},"sameAs":["https:\/\/www.linkedin.com\/company\/fgti-distribution\/"]}]}},"_links":{"self":[{"href":"https:\/\/fgti-distribution.fr\/en\/wp-json\/wp\/v2\/pages\/3650","targetHints":{"allow":["GET"]}}],"collection":[{"href":"https:\/\/fgti-distribution.fr\/en\/wp-json\/wp\/v2\/pages"}],"about":[{"href":"https:\/\/fgti-distribution.fr\/en\/wp-json\/wp\/v2\/types\/page"}],"author":[{"embeddable":true,"href":"https:\/\/fgti-distribution.fr\/en\/wp-json\/wp\/v2\/users\/1"}],"replies":[{"embeddable":true,"href":"https:\/\/fgti-distribution.fr\/en\/wp-json\/wp\/v2\/comments?post=3650"}],"version-history":[{"count":6,"href":"https:\/\/fgti-distribution.fr\/en\/wp-json\/wp\/v2\/pages\/3650\/revisions"}],"predecessor-version":[{"id":10152,"href":"https:\/\/fgti-distribution.fr\/en\/wp-json\/wp\/v2\/pages\/3650\/revisions\/10152"}],"up":[{"embeddable":true,"href":"https:\/\/fgti-distribution.fr\/en\/wp-json\/wp\/v2\/pages\/3519"}],"wp:attachment":[{"href":"https:\/\/fgti-distribution.fr\/en\/wp-json\/wp\/v2\/media?parent=3650"}],"curies":[{"name":"wp","href":"https:\/\/api.w.org\/{rel}","templated":true}]}}