{"id":39,"date":"2021-10-12T08:28:40","date_gmt":"2021-10-12T08:28:40","guid":{"rendered":"https:\/\/korsel.bold-themes.com\/main-demo\/?page_id=39"},"modified":"2024-02-07T13:59:34","modified_gmt":"2024-02-07T13:59:34","slug":"acts","status":"publish","type":"page","link":"https:\/\/fgti-distribution.fr\/en\/actus\/","title":{"rendered":"News"},"content":{"rendered":"<section id=\"bt_bb_section69e94f6ed7ff2\" class=\"bt_bb_section bt_bb_layout_boxed_1400 bt_bb_vertical_align_top bt_bb_top_spacing_large bt_bb_bottom_spacing_large\"  data-bt-override-class=\"{&quot;bt_bb_top_spacing_&quot;:{&quot;current_class&quot;:&quot;bt_bb_top_spacing_large&quot;,&quot;def&quot;:&quot;large&quot;,&quot;xl&quot;:&quot;large&quot;},&quot;bt_bb_bottom_spacing_&quot;:{&quot;current_class&quot;:&quot;bt_bb_bottom_spacing_large&quot;,&quot;def&quot;:&quot;large&quot;,&quot;xl&quot;:&quot;large&quot;}}\"><div class=\"bt_bb_port\"><div class=\"bt_bb_cell\"><div class=\"bt_bb_cell_inner\"><div data-bb-version=\"4.7.6\" class=\"bt_bb_row\"  data-bt-override-class=\"{}\"><div class=\"bt_bb_row_holder\" ><div  class=\"bt_bb_column col-xxl-12 col-xl-12 col-xs-12 col-sm-12 col-md-12 col-lg-12 bt_bb_vertical_align_top bt_bb_align_left bt_bb_padding_normal\" style=\"; --column-width:12;\" data-width=\"12\" data-bt-override-class=\"{}\"><div class=\"bt_bb_column_content\"><div class=\"bt_bb_column_content_inner\"><div class=\"bt_bb_latest_posts bt_bb_columns_4 bt_bb_gap_normal bt_bb_image_shape_square\" style=\"margin: 0 30px;\"><div class=\"bt_bb_latest_posts_item\"><div class=\"bt_bb_latest_posts_item_image\"><a href=\"https:\/\/fgti-distribution.fr\/en\/systemes-detancheite-pour-centrales-hydroelectriques\/\" target=\"_self\"><img decoding=\"async\" src=\"https:\/\/fgti-distribution.fr\/wp-content\/uploads\/2024\/06\/Capture-decran-2024-06-12-100545-640x360.png\" alt=\"Water power station sealing systems\" title=\"Water power station sealing systems\" \"><\/a><\/div><div class=\"bt_bb_latest_posts_item_content\"><h5 class=\"bt_bb_latest_posts_item_title\"><a href=\"https:\/\/fgti-distribution.fr\/en\/systemes-detancheite-pour-centrales-hydroelectriques\/\" target=\"_self\">Water power station sealing systems<\/a><\/h5><div class=\"bt_bb_latest_posts_item_excerpt\">Come and discover our bespoke waterproofing systems for hydroelectric power stations at the next France Hydro trade show on 18 and 19 June in Agen. In the meantime, here is a presentation of a waterproofing solution for Kaplan turbine blades. &gt;&gt;&gt; Find more information on our website: Specific range for hydroelectric power stations<\/div><\/div><\/div><div class=\"bt_bb_latest_posts_item\"><div class=\"bt_bb_latest_posts_item_image\"><a href=\"https:\/\/fgti-distribution.fr\/en\/clips-et-rondelles-darret-daxe-araymond-un-maintien-securise-sans-outil-de-montage\/\" target=\"_self\"><img decoding=\"async\" src=\"https:\/\/fgti-distribution.fr\/wp-content\/uploads\/2024\/05\/Image-article-FGTI-640x512.jpg\" alt=\"ARaymond axle retaining clips and washers: secure fixing without mounting tools\" title=\"ARaymond axle retaining clips and washers: secure fixing without mounting tools\" \"><\/a><\/div><div class=\"bt_bb_latest_posts_item_content\"><h5 class=\"bt_bb_latest_posts_item_title\"><a href=\"https:\/\/fgti-distribution.fr\/en\/clips-et-rondelles-darret-daxe-araymond-un-maintien-securise-sans-outil-de-montage\/\" target=\"_self\">ARaymond axle retaining clips and washers: secure fixing without mounting tools<\/a><\/h5><div class=\"bt_bb_latest_posts_item_excerpt\">Axle retaining clips and washers are small, quite flat metal pieces that ensure parts mounted on a smooth or threaded rod stay in place, even with vibrations or shocks. They can also, for example, hold a screw or bolt in place before the nut is...<\/div><\/div><\/div><div class=\"bt_bb_latest_posts_item\"><div class=\"bt_bb_latest_posts_item_image\"><a href=\"https:\/\/fgti-distribution.fr\/en\/certifie-iso-9001\/\" target=\"_self\"><img decoding=\"async\" src=\"https:\/\/fgti-distribution.fr\/wp-content\/uploads\/2024\/03\/Afaq_9001-640x591.jpg\" alt=\"\ud83c\udfc6 FGTI certified ISO 9001!\" title=\"\ud83c\udfc6 FGTI certified ISO 9001!\" \"><\/a><\/div><div class=\"bt_bb_latest_posts_item_content\"><h5 class=\"bt_bb_latest_posts_item_title\"><a href=\"https:\/\/fgti-distribution.fr\/en\/certifie-iso-9001\/\" target=\"_self\">\ud83c\udfc6 FGTI certified ISO 9001!<\/a><\/h5><div class=\"bt_bb_latest_posts_item_excerpt\">We are proud to announce that we have obtained ISO 9001 certification for our quality management system in the trading of industrial products. This certification reinforces and rewards the quality approach implemented by FGTI for years. It is the culmination of several months of formalising our processes...<\/div><\/div><\/div><div class=\"bt_bb_latest_posts_item\"><div class=\"bt_bb_latest_posts_item_image\"><a href=\"https:\/\/fgti-distribution.fr\/en\/distributeur-historique-des-raccords-rapides-araymond-%f0%9f%8f%85\/\" target=\"_self\"><img decoding=\"async\" src=\"https:\/\/fgti-distribution.fr\/wp-content\/uploads\/2024\/02\/raccords-ARaymond.jpg\" alt=\"FGTI: historic distributor of ARAYMOND quick connectors \ud83c\udfc5\" title=\"FGTI: historic distributor of ARAYMOND quick connectors \ud83c\udfc5\" \"><\/a><\/div><div class=\"bt_bb_latest_posts_item_content\"><h5 class=\"bt_bb_latest_posts_item_title\"><a href=\"https:\/\/fgti-distribution.fr\/en\/distributeur-historique-des-raccords-rapides-araymond-%f0%9f%8f%85\/\" target=\"_self\">FGTI: historic distributor of ARAYMOND quick connectors \ud83c\udfc5<\/a><\/h5><div class=\"bt_bb_latest_posts_item_excerpt\"><\/div><\/div><\/div><div class=\"bt_bb_latest_posts_item\"><div class=\"bt_bb_latest_posts_item_image\"><a href=\"https:\/\/fgti-distribution.fr\/en\/les-serre-cables-pivotants-araymond-une-modularite-a-toute-epreuve\/\" target=\"_self\"><img decoding=\"async\" src=\"https:\/\/fgti-distribution.fr\/wp-content\/uploads\/2024\/01\/clip-pivotant-640x640.jpg\" alt=\"Araymond swivel cable clamps: unshakeable modularity!\" title=\"Araymond swivel cable clamps: unshakeable modularity!\" \"><\/a><\/div><div class=\"bt_bb_latest_posts_item_content\"><h5 class=\"bt_bb_latest_posts_item_title\"><a href=\"https:\/\/fgti-distribution.fr\/en\/les-serre-cables-pivotants-araymond-une-modularite-a-toute-epreuve\/\" target=\"_self\">Araymond swivel cable clamps: unshakeable modularity!<\/a><\/h5><div class=\"bt_bb_latest_posts_item_excerpt\">&nbsp; The ARaymond\u2122 swivel clip range is made up of male and female parts that can be combined to create bespoke fasteners. This offers valuable flexibility when securing tubes, cables and electrical harnesses. Other benefits include: \u2714 a wide range of diameters and design configurations. \u2714 compatible with multi-directional mounts,...<\/div><\/div><\/div><div class=\"bt_bb_latest_posts_item\"><div class=\"bt_bb_latest_posts_item_image\"><a href=\"https:\/\/fgti-distribution.fr\/en\/notre-partenaire-idg-demenage\/\" target=\"_self\"><img decoding=\"async\" src=\"https:\/\/fgti-distribution.fr\/wp-content\/uploads\/2023\/12\/Nouveau-batiment-IDG-640x427.jpg\" alt=\"Our partner IDG is moving!\" title=\"Our partner IDG is moving!\" \"><\/a><\/div><div class=\"bt_bb_latest_posts_item_content\"><h5 class=\"bt_bb_latest_posts_item_title\"><a href=\"https:\/\/fgti-distribution.fr\/en\/notre-partenaire-idg-demenage\/\" target=\"_self\">Our partner IDG is moving!<\/a><\/h5><div class=\"bt_bb_latest_posts_item_excerpt\">To support its continued growth, our partner IDG will be moving into a brand-new building at the end of 2023.<\/div><\/div><\/div><div class=\"bt_bb_latest_posts_item\"><div class=\"bt_bb_latest_posts_item_image\"><a href=\"https:\/\/fgti-distribution.fr\/en\/clip-bord-de-tole\/\" target=\"_self\"><img decoding=\"async\" src=\"https:\/\/fgti-distribution.fr\/wp-content\/uploads\/2023\/02\/support-tube-clip-bord-tole.jpg\" alt=\"Sheet metal clip\" title=\"Sheet metal clip\" \"><\/a><\/div><div class=\"bt_bb_latest_posts_item_content\"><h5 class=\"bt_bb_latest_posts_item_title\"><a href=\"https:\/\/fgti-distribution.fr\/en\/clip-bord-de-tole\/\" target=\"_self\">Sheet metal clip<\/a><\/h5><div class=\"bt_bb_latest_posts_item_excerpt\">Find all the detailed technical data sheets for the A Raymond tube support and metal or plastic sheet edge clip models.<\/div><\/div><\/div><div class=\"bt_bb_latest_posts_item\"><div class=\"bt_bb_latest_posts_item_image\"><a href=\"https:\/\/fgti-distribution.fr\/en\/solutions-detancheite-innovantes-lindustrie-alimentaire\/\" target=\"_self\"><img decoding=\"async\" src=\"https:\/\/fgti-distribution.fr\/wp-content\/uploads\/2019\/07\/joints-etancheite-alimentaire-640x427.jpg\" alt=\"Innovative sealing solutions for the food industry\" title=\"Innovative sealing solutions for the food industry\" \"><\/a><\/div><div class=\"bt_bb_latest_posts_item_content\"><h5 class=\"bt_bb_latest_posts_item_title\"><a href=\"https:\/\/fgti-distribution.fr\/en\/solutions-detancheite-innovantes-lindustrie-alimentaire\/\" target=\"_self\">Innovative sealing solutions for the food industry<\/a><\/h5><div class=\"bt_bb_latest_posts_item_excerpt\">Consumer health is the priority in the food industry. For this reason, sealing systems in food production must meet very specific requirements...<\/div><\/div><\/div><div class=\"bt_bb_latest_posts_item\"><div class=\"bt_bb_latest_posts_item_image\"><a href=\"https:\/\/fgti-distribution.fr\/en\/assembler-panneaux\/\" target=\"_self\"><img decoding=\"async\" src=\"https:\/\/fgti-distribution.fr\/wp-content\/uploads\/2017\/02\/ecrous-bord-de-tole.jpg\" alt=\"Assembling your panels is a piece of cake with U-nuts that pinch onto sheet metal edges!\" title=\"Assembling your panels is a piece of cake with U-nuts that pinch onto sheet metal edges!\" \"><\/a><\/div><div class=\"bt_bb_latest_posts_item_content\"><h5 class=\"bt_bb_latest_posts_item_title\"><a href=\"https:\/\/fgti-distribution.fr\/en\/assembler-panneaux\/\" target=\"_self\">With U-nuts that pinch onto sheet metal edges, assembling your panels becomes child's play!<\/a><\/h5><div class=\"bt_bb_latest_posts_item_excerpt\">ARaymond\u2122 U-nuts for sheet metal edges, also known as Speed Nuts\u00ae, are self-locking and ready to accept screws, ensuring simple and quick assembly of your panels...<\/div><\/div><\/div><div class=\"bt_bb_latest_posts_item\"><div class=\"bt_bb_latest_posts_item_image\"><a href=\"https:\/\/fgti-distribution.fr\/en\/agrafes-de-mise-a-la-masse\/\" target=\"_self\"><img decoding=\"async\" src=\"https:\/\/fgti-distribution.fr\/wp-content\/uploads\/2018\/05\/agrafes-mise-a-la-masse.jpg\" alt=\"ARaymond earthing clips\" title=\"ARaymond earthing clips\" \"><\/a><\/div><div class=\"bt_bb_latest_posts_item_content\"><h5 class=\"bt_bb_latest_posts_item_title\"><a href=\"https:\/\/fgti-distribution.fr\/en\/agrafes-de-mise-a-la-masse\/\" target=\"_self\">ARaymond earthing clips<\/a><\/h5><div class=\"bt_bb_latest_posts_item_excerpt\">With ARaymond grounding clips, simplify the process of grounding electrical appliances!<\/div><\/div><\/div><div class=\"bt_bb_latest_posts_item\"><div class=\"bt_bb_latest_posts_item_image\"><a href=\"https:\/\/fgti-distribution.fr\/en\/solutions-vos-composants-de-production-pharmaceutique\/\" target=\"_self\"><img decoding=\"async\" src=\"https:\/\/fgti-distribution.fr\/wp-content\/uploads\/2019\/03\/joints-etancheite-industrie-pharmacie-640x427.jpg\" alt=\"Pour l&rsquo;industrie pharmaceutique\" title=\"Pour l&rsquo;industrie pharmaceutique\" \"><\/a><\/div><div class=\"bt_bb_latest_posts_item_content\"><h5 class=\"bt_bb_latest_posts_item_title\"><a href=\"https:\/\/fgti-distribution.fr\/en\/solutions-vos-composants-de-production-pharmaceutique\/\" target=\"_self\">For the pharmaceutical industry<\/a><\/h5><div class=\"bt_bb_latest_posts_item_excerpt\">Solutions for various pharmaceutical production components!<\/div><\/div><\/div><div class=\"bt_bb_latest_posts_item\"><div class=\"bt_bb_latest_posts_item_image\"><a href=\"https:\/\/fgti-distribution.fr\/en\/distributeur-composites-gts\/\" target=\"_self\"><img decoding=\"async\" src=\"https:\/\/fgti-distribution.fr\/wp-content\/uploads\/2018\/06\/composites-ptfe.jpg\" alt=\"Composites for Professionals\" title=\"Composites for Professionals\" \"><\/a><\/div><div class=\"bt_bb_latest_posts_item_content\"><h5 class=\"bt_bb_latest_posts_item_title\"><a href=\"https:\/\/fgti-distribution.fr\/en\/distributeur-composites-gts\/\" target=\"_self\">Composites for Professionals<\/a><\/h5><div class=\"bt_bb_latest_posts_item_excerpt\">FGTI Distribution is now the official distributor of GTS solutions.<br \/><\/div><\/div><\/div><\/div><\/div><\/div><\/div><\/div><\/div><\/div><!-- cell_inner --><\/div><!-- cell --><\/div><!-- port --><\/section>","protected":false},"excerpt":{"rendered":"<p>Find our exhibition dates and our thematic articles here.<\/p>","protected":false},"author":1,"featured_media":6426,"parent":0,"menu_order":0,"comment_status":"closed","ping_status":"closed","template":"","meta":{"footnotes":""},"class_list":["post-39","page","type-page","status-publish","has-post-thumbnail","hentry"],"yoast_head":"<!-- This site is optimized with the Yoast SEO plugin v27.3 - https:\/\/yoast.com\/product\/yoast-seo-wordpress\/ -->\n<title>FGTI Distribution - Actualit\u00e9s<\/title>\n<meta name=\"description\" content=\"FGTI Distribution - Pi\u00e8ces techniques et services \u00e0 forte valeur ajout\u00e9e - D\u00e9couvrez nos dates de participation aux salons et nos articles th\u00e9matiques.\" \/>\n<meta name=\"robots\" content=\"index, follow, max-snippet:-1, max-image-preview:large, max-video-preview:-1\" \/>\n<link rel=\"canonical\" href=\"https:\/\/fgti-distribution.fr\/en\/acts\/\" \/>\n<meta property=\"og:locale\" content=\"en_GB\" \/>\n<meta property=\"og:type\" content=\"article\" \/>\n<meta property=\"og:title\" content=\"FGTI Distribution - Actualit\u00e9s\" \/>\n<meta property=\"og:description\" content=\"FGTI Distribution - Pi\u00e8ces techniques et services \u00e0 forte valeur ajout\u00e9e - D\u00e9couvrez nos dates de participation aux salons et nos articles th\u00e9matiques.\" \/>\n<meta property=\"og:url\" content=\"https:\/\/fgti-distribution.fr\/en\/acts\/\" \/>\n<meta property=\"og:site_name\" content=\"FGTI Distribution\" \/>\n<meta property=\"article:modified_time\" content=\"2024-02-07T13:59:34+00:00\" \/>\n<meta property=\"og:image\" content=\"https:\/\/fgti-distribution.fr\/wp-content\/uploads\/2022\/12\/araymond1.jpg\" \/>\n\t<meta property=\"og:image:width\" content=\"1600\" \/>\n\t<meta property=\"og:image:height\" content=\"1477\" \/>\n\t<meta property=\"og:image:type\" content=\"image\/jpeg\" \/>\n<meta name=\"twitter:card\" content=\"summary_large_image\" \/>\n<meta name=\"twitter:label1\" content=\"Estimated reading time\" \/>\n\t<meta name=\"twitter:data1\" content=\"1 minute\" \/>\n<script type=\"application\/ld+json\" class=\"yoast-schema-graph\">{\"@context\":\"https:\\\/\\\/schema.org\",\"@graph\":[{\"@type\":\"WebPage\",\"@id\":\"https:\\\/\\\/fgti-distribution.fr\\\/actus\\\/\",\"url\":\"https:\\\/\\\/fgti-distribution.fr\\\/actus\\\/\",\"name\":\"FGTI Distribution - Actualit\u00e9s\",\"isPartOf\":{\"@id\":\"https:\\\/\\\/fgti-distribution.fr\\\/#website\"},\"primaryImageOfPage\":{\"@id\":\"https:\\\/\\\/fgti-distribution.fr\\\/actus\\\/#primaryimage\"},\"image\":{\"@id\":\"https:\\\/\\\/fgti-distribution.fr\\\/actus\\\/#primaryimage\"},\"thumbnailUrl\":\"https:\\\/\\\/fgti-distribution.fr\\\/wp-content\\\/uploads\\\/2022\\\/12\\\/araymond1.jpg\",\"datePublished\":\"2021-10-12T08:28:40+00:00\",\"dateModified\":\"2024-02-07T13:59:34+00:00\",\"description\":\"FGTI Distribution - Pi\u00e8ces techniques et services \u00e0 forte valeur ajout\u00e9e - D\u00e9couvrez nos dates de participation aux salons et nos articles th\u00e9matiques.\",\"breadcrumb\":{\"@id\":\"https:\\\/\\\/fgti-distribution.fr\\\/actus\\\/#breadcrumb\"},\"inLanguage\":\"en-GB\",\"potentialAction\":[{\"@type\":\"ReadAction\",\"target\":[\"https:\\\/\\\/fgti-distribution.fr\\\/actus\\\/\"]}]},{\"@type\":\"ImageObject\",\"inLanguage\":\"en-GB\",\"@id\":\"https:\\\/\\\/fgti-distribution.fr\\\/actus\\\/#primaryimage\",\"url\":\"https:\\\/\\\/fgti-distribution.fr\\\/wp-content\\\/uploads\\\/2022\\\/12\\\/araymond1.jpg\",\"contentUrl\":\"https:\\\/\\\/fgti-distribution.fr\\\/wp-content\\\/uploads\\\/2022\\\/12\\\/araymond1.jpg\",\"width\":1600,\"height\":1477,\"caption\":\"Fixation Araymond\"},{\"@type\":\"BreadcrumbList\",\"@id\":\"https:\\\/\\\/fgti-distribution.fr\\\/actus\\\/#breadcrumb\",\"itemListElement\":[{\"@type\":\"ListItem\",\"position\":1,\"name\":\"Home\",\"item\":\"https:\\\/\\\/fgti-distribution.fr\\\/\"},{\"@type\":\"ListItem\",\"position\":2,\"name\":\"Actualit\u00e9s\"}]},{\"@type\":\"WebSite\",\"@id\":\"https:\\\/\\\/fgti-distribution.fr\\\/#website\",\"url\":\"https:\\\/\\\/fgti-distribution.fr\\\/\",\"name\":\"FGTI Distribution\",\"description\":\"Pi\u00e8ces techniques et services \u00e0 forte valeur ajout\u00e9e\",\"publisher\":{\"@id\":\"https:\\\/\\\/fgti-distribution.fr\\\/#organization\"},\"alternateName\":\"FGTI Distribution\",\"potentialAction\":[{\"@type\":\"SearchAction\",\"target\":{\"@type\":\"EntryPoint\",\"urlTemplate\":\"https:\\\/\\\/fgti-distribution.fr\\\/?s={search_term_string}\"},\"query-input\":{\"@type\":\"PropertyValueSpecification\",\"valueRequired\":true,\"valueName\":\"search_term_string\"}}],\"inLanguage\":\"en-GB\"},{\"@type\":\"Organization\",\"@id\":\"https:\\\/\\\/fgti-distribution.fr\\\/#organization\",\"name\":\"FGTI Distribution\",\"alternateName\":\"FGTI Distribution\",\"url\":\"https:\\\/\\\/fgti-distribution.fr\\\/\",\"logo\":{\"@type\":\"ImageObject\",\"inLanguage\":\"en-GB\",\"@id\":\"https:\\\/\\\/fgti-distribution.fr\\\/#\\\/schema\\\/logo\\\/image\\\/\",\"url\":\"https:\\\/\\\/fgti-distribution.fr\\\/wp-content\\\/uploads\\\/2022\\\/12\\\/logo.png\",\"contentUrl\":\"https:\\\/\\\/fgti-distribution.fr\\\/wp-content\\\/uploads\\\/2022\\\/12\\\/logo.png\",\"width\":500,\"height\":228,\"caption\":\"FGTI Distribution\"},\"image\":{\"@id\":\"https:\\\/\\\/fgti-distribution.fr\\\/#\\\/schema\\\/logo\\\/image\\\/\"},\"sameAs\":[\"https:\\\/\\\/www.linkedin.com\\\/company\\\/fgti-distribution\\\/\"]}]}<\/script>\n<!-- \/ Yoast SEO plugin. -->","yoast_head_json":{"title":"FGTI Distribution - News","description":"FGTI Distribution - High value-added technical parts and services - Discover our trade show participation dates and our themed articles.","robots":{"index":"index","follow":"follow","max-snippet":"max-snippet:-1","max-image-preview":"max-image-preview:large","max-video-preview":"max-video-preview:-1"},"canonical":"https:\/\/fgti-distribution.fr\/en\/acts\/","og_locale":"en_GB","og_type":"article","og_title":"FGTI Distribution - Actualit\u00e9s","og_description":"FGTI Distribution - Pi\u00e8ces techniques et services \u00e0 forte valeur ajout\u00e9e - D\u00e9couvrez nos dates de participation aux salons et nos articles th\u00e9matiques.","og_url":"https:\/\/fgti-distribution.fr\/en\/acts\/","og_site_name":"FGTI Distribution","article_modified_time":"2024-02-07T13:59:34+00:00","og_image":[{"width":1600,"height":1477,"url":"https:\/\/fgti-distribution.fr\/wp-content\/uploads\/2022\/12\/araymond1.jpg","type":"image\/jpeg"}],"twitter_card":"summary_large_image","twitter_misc":{"Estimated reading time":"1 minute"},"schema":{"@context":"https:\/\/schema.org","@graph":[{"@type":"WebPage","@id":"https:\/\/fgti-distribution.fr\/actus\/","url":"https:\/\/fgti-distribution.fr\/actus\/","name":"FGTI Distribution - News","isPartOf":{"@id":"https:\/\/fgti-distribution.fr\/#website"},"primaryImageOfPage":{"@id":"https:\/\/fgti-distribution.fr\/actus\/#primaryimage"},"image":{"@id":"https:\/\/fgti-distribution.fr\/actus\/#primaryimage"},"thumbnailUrl":"https:\/\/fgti-distribution.fr\/wp-content\/uploads\/2022\/12\/araymond1.jpg","datePublished":"2021-10-12T08:28:40+00:00","dateModified":"2024-02-07T13:59:34+00:00","description":"FGTI Distribution - High value-added technical parts and services - Discover our trade show participation dates and our themed articles.","breadcrumb":{"@id":"https:\/\/fgti-distribution.fr\/actus\/#breadcrumb"},"inLanguage":"en-GB","potentialAction":[{"@type":"ReadAction","target":["https:\/\/fgti-distribution.fr\/actus\/"]}]},{"@type":"ImageObject","inLanguage":"en-GB","@id":"https:\/\/fgti-distribution.fr\/actus\/#primaryimage","url":"https:\/\/fgti-distribution.fr\/wp-content\/uploads\/2022\/12\/araymond1.jpg","contentUrl":"https:\/\/fgti-distribution.fr\/wp-content\/uploads\/2022\/12\/araymond1.jpg","width":1600,"height":1477,"caption":"Fixation Araymond"},{"@type":"BreadcrumbList","@id":"https:\/\/fgti-distribution.fr\/actus\/#breadcrumb","itemListElement":[{"@type":"ListItem","position":1,"name":"Home","item":"https:\/\/fgti-distribution.fr\/"},{"@type":"ListItem","position":2,"name":"Actualit\u00e9s"}]},{"@type":"WebSite","@id":"https:\/\/fgti-distribution.fr\/#website","url":"https:\/\/fgti-distribution.fr\/","name":"FGTI Distribution","description":"Technical parts and high-value-added services","publisher":{"@id":"https:\/\/fgti-distribution.fr\/#organization"},"alternateName":"FGTI Distribution","potentialAction":[{"@type":"SearchAction","target":{"@type":"EntryPoint","urlTemplate":"https:\/\/fgti-distribution.fr\/?s={search_term_string}"},"query-input":{"@type":"PropertyValueSpecification","valueRequired":true,"valueName":"search_term_string"}}],"inLanguage":"en-GB"},{"@type":"Organization","@id":"https:\/\/fgti-distribution.fr\/#organization","name":"FGTI Distribution","alternateName":"FGTI Distribution","url":"https:\/\/fgti-distribution.fr\/","logo":{"@type":"ImageObject","inLanguage":"en-GB","@id":"https:\/\/fgti-distribution.fr\/#\/schema\/logo\/image\/","url":"https:\/\/fgti-distribution.fr\/wp-content\/uploads\/2022\/12\/logo.png","contentUrl":"https:\/\/fgti-distribution.fr\/wp-content\/uploads\/2022\/12\/logo.png","width":500,"height":228,"caption":"FGTI Distribution"},"image":{"@id":"https:\/\/fgti-distribution.fr\/#\/schema\/logo\/image\/"},"sameAs":["https:\/\/www.linkedin.com\/company\/fgti-distribution\/"]}]}},"_links":{"self":[{"href":"https:\/\/fgti-distribution.fr\/en\/wp-json\/wp\/v2\/pages\/39","targetHints":{"allow":["GET"]}}],"collection":[{"href":"https:\/\/fgti-distribution.fr\/en\/wp-json\/wp\/v2\/pages"}],"about":[{"href":"https:\/\/fgti-distribution.fr\/en\/wp-json\/wp\/v2\/types\/page"}],"author":[{"embeddable":true,"href":"https:\/\/fgti-distribution.fr\/en\/wp-json\/wp\/v2\/users\/1"}],"replies":[{"embeddable":true,"href":"https:\/\/fgti-distribution.fr\/en\/wp-json\/wp\/v2\/comments?post=39"}],"version-history":[{"count":22,"href":"https:\/\/fgti-distribution.fr\/en\/wp-json\/wp\/v2\/pages\/39\/revisions"}],"predecessor-version":[{"id":9164,"href":"https:\/\/fgti-distribution.fr\/en\/wp-json\/wp\/v2\/pages\/39\/revisions\/9164"}],"wp:featuredmedia":[{"embeddable":true,"href":"https:\/\/fgti-distribution.fr\/en\/wp-json\/wp\/v2\/media\/6426"}],"wp:attachment":[{"href":"https:\/\/fgti-distribution.fr\/en\/wp-json\/wp\/v2\/media?parent=39"}],"curies":[{"name":"wp","href":"https:\/\/api.w.org\/{rel}","templated":true}]}}