{"id":5186,"date":"2019-04-24T08:40:46","date_gmt":"2019-04-24T08:40:46","guid":{"rendered":"https:\/\/fgti-distribution.fr\/?page_id=5186"},"modified":"2024-04-30T07:53:16","modified_gmt":"2024-04-30T07:53:16","slug":"fgti-distribution-idg-offer","status":"publish","type":"page","link":"https:\/\/fgti-distribution.fr\/en\/joints-etancheite-idg\/offre-fgti-distribution-idg\/","title":{"rendered":"The FGTI Distribution offer"},"content":{"rendered":"<section id=\"bt_bb_section69f0d8dd5ec3c\" class=\"bt_bb_section bt_bb_layout_boxed_1200\"  data-bt-override-class=\"null\"><div class=\"bt_bb_port\"><div class=\"bt_bb_cell\"><div class=\"bt_bb_cell_inner\"><div class=\"bt_bb_row\"  data-bt-override-class=\"{}\"><div class=\"bt_bb_row_holder\" ><div  class=\"bt_bb_column col-xxl-12 col-xl-12 col-xs-12 col-sm-12 col-md-12 col-lg-12 bt_bb_vertical_align_top bt_bb_align_left bt_bb_padding_normal\" style=\"; --column-width:12;\" data-width=\"12\" data-bt-override-class=\"{}\"><div class=\"bt_bb_column_content\"><div class=\"bt_bb_column_content_inner\"><div class=\"bt_bb_raw_content\"><div style=\"color: #BABABA; font-size: 12px; margin-bottom: 20px;\">FGTI-Distribution &gt; Sealing joints &gt; The FGTI Distribution range  <\/div>\n<h2 style=\"font-size: 22px; vertical-align: top; font-weight: bold; border-bottom: 1px solid #58B6FE; border-top-color: white; padding-bottom: 10px; margin-bottom: 20px;\">Sealing gaskets: FGTI Distribution's offering<\/h2>\n<span style=\"font-size: 20px; text-transform: uppercase;\">Areas of application<\/span>\n<div style=\"margin: 15px 15px 15px;\">\n<h3 style=\"text-transform: none; font-weight: bold; font-size: 16px;\"><i class=\"far fa-hand-point-right\" style=\"font-size: 20px; vertical-align: text-top;\"><\/i> Sealing systems for industry, mechanics and automation (e.g. machine tools, cylinders, hydraulics, pneumatics)<\/h3>\nIDG-Dichtungstechnik offers a comprehensive range of high-quality sealing elements and static or dynamic (rotary or linear) sealing systems. To meet the demands of machine manufacturers, all IDG products are constantly evolving. Adaptations to profiles and materials enable challenges to be overcome.\n<\/div>\n<img loading=\"lazy\" decoding=\"async\" src=\"https:\/\/fgti-distribution.fr\/wp-content\/uploads\/2019\/04\/fgti-distribution-joints-etancheite-idg.jpg\" width=\"880\" height=\"200\" srcset=\"https:\/\/fgti-distribution.fr\/wp-content\/uploads\/2019\/04\/fgti-distribution-joints-etancheite-idg.jpg 880w, https:\/\/fgti-distribution.fr\/wp-content\/uploads\/2019\/04\/fgti-distribution-joints-etancheite-idg-300x68.jpg 300w, https:\/\/fgti-distribution.fr\/wp-content\/uploads\/2019\/04\/fgti-distribution-joints-etancheite-idg-768x175.jpg 768w\" sizes=\"auto, (max-width: 880px) 100vw, 880px\" alt=\"FGTI Sealing joints IDG\" class=\"so-widget-image\">\n<div style=\"margin: 15px 15px 0;\">\n<h3 style=\"text-transform: none; font-weight: bold; font-size: 16px;\"><i class=\"far fa-hand-point-right\" style=\"font-size: 20px; vertical-align: text-top;\"><\/i> Sealing systems for the food industry (e.g. guide bushes, aseptic one-piece metering pistons (invented by IDG))<\/h3>\nIn the food industry, seals are required to comply with increasingly stringent hygiene standards. Through partnerships with dosing machine manufacturers, IDG develops innovative sealing solutions, thus ensuring ideal cleaning conditions in compliance with current regulations and standards.\n<\/div>\n<img decoding=\"async\" src=\"https:\/\/fgti-distribution.fr\/wp-content\/uploads\/2019\/04\/fgti-distribution-joints-etancheite-industrie-1.jpg\" width=\"880\" height=\"200\" srcset=\"https:\/\/fgti-distribution.fr\/wp-content\/uploads\/2019\/04\/fgti-distribution-joints-etancheite-industrie-1.jpg 880w, https:\/\/fgti-distribution.fr\/wp-content\/uploads\/2019\/04\/fgti-distribution-joints-etancheite-industrie-1-300x68.jpg 300w, https:\/\/fgti-distribution.fr\/wp-content\/uploads\/2019\/04\/fgti-distribution-joints-etancheite-industrie-1-768x175.jpg 768w\" sizes=\"auto, (max-width: 880px) 100vw, 880px\" alt=\"FGTI Seals Industry\" loading=\"lazy\" class=\"so-widget-image\">\n<div style=\"margin: 15px 15px 0;\">\n<h3 style=\"text-transform: none; font-weight: bold; font-size: 16px;\"><i class=\"far fa-hand-point-right\" style=\"font-size: 20px; vertical-align: text-top;\"><\/i> Sealing systems for the hydro-electric industry (e.g. valves, rotary joints, Kaplan blades, Pelton injectors) <\/h3>\nIDG seals and sealing systems developed for hydroelectric power plants meet very specific requirements for abrasion, pressure, cavitation, eccentricity, etc.\n<\/div>\n<img decoding=\"async\" src=\"https:\/\/fgti-distribution.fr\/wp-content\/uploads\/2019\/04\/fgti-distribution-joints-etancheite-industrie-electrique.jpg\" width=\"880\" height=\"200\" srcset=\"https:\/\/fgti-distribution.fr\/wp-content\/uploads\/2019\/04\/fgti-distribution-joints-etancheite-industrie-electrique.jpg 880w, https:\/\/fgti-distribution.fr\/wp-content\/uploads\/2019\/04\/fgti-distribution-joints-etancheite-industrie-electrique-300x68.jpg 300w, https:\/\/fgti-distribution.fr\/wp-content\/uploads\/2019\/04\/fgti-distribution-joints-etancheite-industrie-electrique-768x175.jpg 768w\" sizes=\"auto, (max-width: 880px) 100vw, 880px\" alt=\"FGTI Distribution seals electrical industry\" loading=\"lazy\" class=\"so-widget-image\">\n<div style=\"margin: 15px 15px 35px;\">\n<h3 style=\"text-transform: none; font-weight: bold; font-size: 16px;\"><i class=\"far fa-hand-point-right\" style=\"font-size: 20px; vertical-align: text-top;\"><\/i> Sealing systems for the paper industry (e.g. bearing seals)<\/h3>\n<\/div>\n<span style=\"font-size: 20px; text-transform: uppercase; line-height: 40px;\">Materials and manufacturing<\/span>\n<ul>\n<li class=\"tiret\">PTFE Bearings, Polyurethanes \u2013 elastomer pre-stress<\/li>\n<li class=\"tiret\">Custom fabrication from machined blanks (no moulds) for single parts to small runs<\/li>\n<li class=\"tiret\">\u00d8 3 to 3000 mm by machining, larger diameters by welding<\/li>\n<li class=\"tiret\">EC, FDA and 3A certifications for materials and products developed for the food industry<\/li>\n<li class=\"tiret\">ISO 9001 Certification<\/li>\n<\/ul>\n\n<span style=\"font-size: 20px; text-transform: uppercase; line-height: 40px;\">High performance in extreme environments<\/span>\n<ul>\n<li class=\"tiret\">Large and very large diameter<\/li>\n<li class=\"tiret\">Aggressive environments: chemical products, water containing sand, silt, limescale, etc.<\/li>\n<li class=\"tiret\">Very high temperatures<\/li>\n<li class=\"tiret\">Very high pressures<\/li>\n<li class=\"tiret\">Dry running<\/li>\n<li class=\"tiret\">Important games of eccentricity<\/li>\n<\/ul>\n\n<span style=\"font-size: 20px; text-transform: uppercase; line-height: 40px;\">Advantages <\/span>\n<ul>\n<li class=\"tiret\">Standard or full custom to suit the environment: adaptability through material and seal profile to housing dimensions and service conditions<\/li>\n<li class=\"tiret\">Longer service life, longer maintenance intervals, less downtime - Proven chemical and thermal resistance, extremely low coefficient of friction <\/li>\n<li class=\"tiret\">Machined material, high manufacturing precision, no mould costs<\/li>\n<li class=\"tiret\">Waterproofing, longevity, reliability, adaptability, economy<\/li>\n<\/ul>\n\n<span style=\"font-size: 20px; text-transform: uppercase; line-height: 40px;\">Product types:<\/span>\n\n<table  style=\"border: none;\">\n<tr  style=\"border: none;\">\n<td style=\"width:140px; border: none;\">\n- Seal<br \/>\nRotary joint<br \/>\n- Expansion joint\n<\/td>\n<td style=\"width:140px; border: none;\">\nStatic joint<br \/>\nRod seal<br \/>\n- Piston seal\n<\/td>\n<td style=\"width:140px; border: none;\">\nCylinder seal<br \/>\n- Blade seal<br \/>\nInjector seal\n<\/td>\n<\/tr>\n<\/table><\/div><\/div><\/div><\/div><\/div><\/div><\/div><!-- cell_inner --><\/div><!-- cell --><\/div><!-- port --><\/section>","protected":false},"excerpt":{"rendered":"","protected":false},"author":1,"featured_media":7136,"parent":5052,"menu_order":0,"comment_status":"closed","ping_status":"closed","template":"","meta":{"footnotes":""},"class_list":["post-5186","page","type-page","status-publish","has-post-thumbnail","hentry"],"yoast_head":"<!-- This site is optimized with the Yoast SEO plugin v27.3 - https:\/\/yoast.com\/product\/yoast-seo-wordpress\/ -->\n<title>Joints d\u2019\u00e9tanch\u00e9it\u00e9 pour les professionnels : l&#039;offre FGTI Distribution<\/title>\n<meta name=\"description\" content=\"Joints d&#039;\u00e9tanch\u00e9it\u00e9 &gt; L&#039;offre FGTI Distribution. D\u00e9couvrez toutes les solutions de joints d&#039;\u00e9tanch\u00e9it\u00e9 : www.fgti-distribution.fr\" \/>\n<meta name=\"robots\" content=\"index, follow, max-snippet:-1, max-image-preview:large, max-video-preview:-1\" \/>\n<link rel=\"canonical\" href=\"https:\/\/fgti-distribution.fr\/en\/seals-waterproofing-idg\/fgti-distribution-idg-offer\/\" \/>\n<meta property=\"og:locale\" content=\"en_GB\" \/>\n<meta property=\"og:type\" content=\"article\" \/>\n<meta property=\"og:title\" content=\"Joints d\u2019\u00e9tanch\u00e9it\u00e9 pour les professionnels : l&#039;offre FGTI Distribution\" \/>\n<meta property=\"og:description\" content=\"Joints d&#039;\u00e9tanch\u00e9it\u00e9 &gt; L&#039;offre FGTI Distribution. D\u00e9couvrez toutes les solutions de joints d&#039;\u00e9tanch\u00e9it\u00e9 : www.fgti-distribution.fr\" \/>\n<meta property=\"og:url\" content=\"https:\/\/fgti-distribution.fr\/en\/seals-waterproofing-idg\/fgti-distribution-idg-offer\/\" \/>\n<meta property=\"og:site_name\" content=\"FGTI Distribution\" \/>\n<meta property=\"article:modified_time\" content=\"2024-04-30T07:53:16+00:00\" \/>\n<meta property=\"og:image\" content=\"https:\/\/fgti-distribution.fr\/wp-content\/uploads\/2023\/02\/fgti-distrribution-offre-idg.jpg\" \/>\n\t<meta property=\"og:image:width\" content=\"1600\" \/>\n\t<meta property=\"og:image:height\" content=\"430\" \/>\n\t<meta property=\"og:image:type\" content=\"image\/jpeg\" \/>\n<meta name=\"twitter:card\" content=\"summary_large_image\" \/>\n<meta name=\"twitter:label1\" content=\"Estimated reading time\" \/>\n\t<meta name=\"twitter:data1\" content=\"1 minute\" \/>\n<script type=\"application\/ld+json\" class=\"yoast-schema-graph\">{\"@context\":\"https:\\\/\\\/schema.org\",\"@graph\":[{\"@type\":\"WebPage\",\"@id\":\"https:\\\/\\\/fgti-distribution.fr\\\/joints-etancheite-idg\\\/offre-fgti-distribution-idg\\\/\",\"url\":\"https:\\\/\\\/fgti-distribution.fr\\\/joints-etancheite-idg\\\/offre-fgti-distribution-idg\\\/\",\"name\":\"Joints d\u2019\u00e9tanch\u00e9it\u00e9 pour les professionnels : l'offre FGTI Distribution\",\"isPartOf\":{\"@id\":\"https:\\\/\\\/fgti-distribution.fr\\\/#website\"},\"primaryImageOfPage\":{\"@id\":\"https:\\\/\\\/fgti-distribution.fr\\\/joints-etancheite-idg\\\/offre-fgti-distribution-idg\\\/#primaryimage\"},\"image\":{\"@id\":\"https:\\\/\\\/fgti-distribution.fr\\\/joints-etancheite-idg\\\/offre-fgti-distribution-idg\\\/#primaryimage\"},\"thumbnailUrl\":\"https:\\\/\\\/fgti-distribution.fr\\\/wp-content\\\/uploads\\\/2023\\\/02\\\/fgti-distrribution-offre-idg.jpg\",\"datePublished\":\"2019-04-24T08:40:46+00:00\",\"dateModified\":\"2024-04-30T07:53:16+00:00\",\"description\":\"Joints d'\u00e9tanch\u00e9it\u00e9 > L'offre FGTI Distribution. D\u00e9couvrez toutes les solutions de joints d'\u00e9tanch\u00e9it\u00e9 : www.fgti-distribution.fr\",\"breadcrumb\":{\"@id\":\"https:\\\/\\\/fgti-distribution.fr\\\/joints-etancheite-idg\\\/offre-fgti-distribution-idg\\\/#breadcrumb\"},\"inLanguage\":\"en-GB\",\"potentialAction\":[{\"@type\":\"ReadAction\",\"target\":[\"https:\\\/\\\/fgti-distribution.fr\\\/joints-etancheite-idg\\\/offre-fgti-distribution-idg\\\/\"]}]},{\"@type\":\"ImageObject\",\"inLanguage\":\"en-GB\",\"@id\":\"https:\\\/\\\/fgti-distribution.fr\\\/joints-etancheite-idg\\\/offre-fgti-distribution-idg\\\/#primaryimage\",\"url\":\"https:\\\/\\\/fgti-distribution.fr\\\/wp-content\\\/uploads\\\/2023\\\/02\\\/fgti-distrribution-offre-idg.jpg\",\"contentUrl\":\"https:\\\/\\\/fgti-distribution.fr\\\/wp-content\\\/uploads\\\/2023\\\/02\\\/fgti-distrribution-offre-idg.jpg\",\"width\":1600,\"height\":430,\"caption\":\"fgti distrribution offre idg\"},{\"@type\":\"BreadcrumbList\",\"@id\":\"https:\\\/\\\/fgti-distribution.fr\\\/joints-etancheite-idg\\\/offre-fgti-distribution-idg\\\/#breadcrumb\",\"itemListElement\":[{\"@type\":\"ListItem\",\"position\":1,\"name\":\"Home\",\"item\":\"https:\\\/\\\/fgti-distribution.fr\\\/\"},{\"@type\":\"ListItem\",\"position\":2,\"name\":\"Joints d&rsquo;\u00e9tanch\u00e9it\u00e9 IDG\",\"item\":\"https:\\\/\\\/fgti-distribution.fr\\\/joints-etancheite-idg\\\/\"},{\"@type\":\"ListItem\",\"position\":3,\"name\":\"L&rsquo;offre FGTI Distribution\"}]},{\"@type\":\"WebSite\",\"@id\":\"https:\\\/\\\/fgti-distribution.fr\\\/#website\",\"url\":\"https:\\\/\\\/fgti-distribution.fr\\\/\",\"name\":\"FGTI Distribution\",\"description\":\"Pi\u00e8ces techniques et services \u00e0 forte valeur ajout\u00e9e\",\"publisher\":{\"@id\":\"https:\\\/\\\/fgti-distribution.fr\\\/#organization\"},\"alternateName\":\"FGTI Distribution\",\"potentialAction\":[{\"@type\":\"SearchAction\",\"target\":{\"@type\":\"EntryPoint\",\"urlTemplate\":\"https:\\\/\\\/fgti-distribution.fr\\\/?s={search_term_string}\"},\"query-input\":{\"@type\":\"PropertyValueSpecification\",\"valueRequired\":true,\"valueName\":\"search_term_string\"}}],\"inLanguage\":\"en-GB\"},{\"@type\":\"Organization\",\"@id\":\"https:\\\/\\\/fgti-distribution.fr\\\/#organization\",\"name\":\"FGTI Distribution\",\"alternateName\":\"FGTI Distribution\",\"url\":\"https:\\\/\\\/fgti-distribution.fr\\\/\",\"logo\":{\"@type\":\"ImageObject\",\"inLanguage\":\"en-GB\",\"@id\":\"https:\\\/\\\/fgti-distribution.fr\\\/#\\\/schema\\\/logo\\\/image\\\/\",\"url\":\"https:\\\/\\\/fgti-distribution.fr\\\/wp-content\\\/uploads\\\/2022\\\/12\\\/logo.png\",\"contentUrl\":\"https:\\\/\\\/fgti-distribution.fr\\\/wp-content\\\/uploads\\\/2022\\\/12\\\/logo.png\",\"width\":500,\"height\":228,\"caption\":\"FGTI Distribution\"},\"image\":{\"@id\":\"https:\\\/\\\/fgti-distribution.fr\\\/#\\\/schema\\\/logo\\\/image\\\/\"},\"sameAs\":[\"https:\\\/\\\/www.linkedin.com\\\/company\\\/fgti-distribution\\\/\"]}]}<\/script>\n<!-- \/ Yoast SEO plugin. -->","yoast_head_json":{"title":"Sealing gaskets for professionals: FGTI Distribution's offering","description":"Seals &gt; The FGTI Distribution offer. Discover all our sealing solutions: www.fgti-distribution.fr","robots":{"index":"index","follow":"follow","max-snippet":"max-snippet:-1","max-image-preview":"max-image-preview:large","max-video-preview":"max-video-preview:-1"},"canonical":"https:\/\/fgti-distribution.fr\/en\/seals-waterproofing-idg\/fgti-distribution-idg-offer\/","og_locale":"en_GB","og_type":"article","og_title":"Joints d\u2019\u00e9tanch\u00e9it\u00e9 pour les professionnels : l'offre FGTI Distribution","og_description":"Joints d'\u00e9tanch\u00e9it\u00e9 > L'offre FGTI Distribution. D\u00e9couvrez toutes les solutions de joints d'\u00e9tanch\u00e9it\u00e9 : www.fgti-distribution.fr","og_url":"https:\/\/fgti-distribution.fr\/en\/seals-waterproofing-idg\/fgti-distribution-idg-offer\/","og_site_name":"FGTI Distribution","article_modified_time":"2024-04-30T07:53:16+00:00","og_image":[{"width":1600,"height":430,"url":"https:\/\/fgti-distribution.fr\/wp-content\/uploads\/2023\/02\/fgti-distrribution-offre-idg.jpg","type":"image\/jpeg"}],"twitter_card":"summary_large_image","twitter_misc":{"Estimated reading time":"1 minute"},"schema":{"@context":"https:\/\/schema.org","@graph":[{"@type":"WebPage","@id":"https:\/\/fgti-distribution.fr\/joints-etancheite-idg\/offre-fgti-distribution-idg\/","url":"https:\/\/fgti-distribution.fr\/joints-etancheite-idg\/offre-fgti-distribution-idg\/","name":"Sealing gaskets for professionals: FGTI Distribution's offering","isPartOf":{"@id":"https:\/\/fgti-distribution.fr\/#website"},"primaryImageOfPage":{"@id":"https:\/\/fgti-distribution.fr\/joints-etancheite-idg\/offre-fgti-distribution-idg\/#primaryimage"},"image":{"@id":"https:\/\/fgti-distribution.fr\/joints-etancheite-idg\/offre-fgti-distribution-idg\/#primaryimage"},"thumbnailUrl":"https:\/\/fgti-distribution.fr\/wp-content\/uploads\/2023\/02\/fgti-distrribution-offre-idg.jpg","datePublished":"2019-04-24T08:40:46+00:00","dateModified":"2024-04-30T07:53:16+00:00","description":"Seals &gt; The FGTI Distribution offer. Discover all our sealing solutions: www.fgti-distribution.fr","breadcrumb":{"@id":"https:\/\/fgti-distribution.fr\/joints-etancheite-idg\/offre-fgti-distribution-idg\/#breadcrumb"},"inLanguage":"en-GB","potentialAction":[{"@type":"ReadAction","target":["https:\/\/fgti-distribution.fr\/joints-etancheite-idg\/offre-fgti-distribution-idg\/"]}]},{"@type":"ImageObject","inLanguage":"en-GB","@id":"https:\/\/fgti-distribution.fr\/joints-etancheite-idg\/offre-fgti-distribution-idg\/#primaryimage","url":"https:\/\/fgti-distribution.fr\/wp-content\/uploads\/2023\/02\/fgti-distrribution-offre-idg.jpg","contentUrl":"https:\/\/fgti-distribution.fr\/wp-content\/uploads\/2023\/02\/fgti-distrribution-offre-idg.jpg","width":1600,"height":430,"caption":"fgti distrribution offre idg"},{"@type":"BreadcrumbList","@id":"https:\/\/fgti-distribution.fr\/joints-etancheite-idg\/offre-fgti-distribution-idg\/#breadcrumb","itemListElement":[{"@type":"ListItem","position":1,"name":"Home","item":"https:\/\/fgti-distribution.fr\/"},{"@type":"ListItem","position":2,"name":"Joints d&rsquo;\u00e9tanch\u00e9it\u00e9 IDG","item":"https:\/\/fgti-distribution.fr\/joints-etancheite-idg\/"},{"@type":"ListItem","position":3,"name":"L&rsquo;offre FGTI Distribution"}]},{"@type":"WebSite","@id":"https:\/\/fgti-distribution.fr\/#website","url":"https:\/\/fgti-distribution.fr\/","name":"FGTI Distribution","description":"Technical parts and high-value-added services","publisher":{"@id":"https:\/\/fgti-distribution.fr\/#organization"},"alternateName":"FGTI Distribution","potentialAction":[{"@type":"SearchAction","target":{"@type":"EntryPoint","urlTemplate":"https:\/\/fgti-distribution.fr\/?s={search_term_string}"},"query-input":{"@type":"PropertyValueSpecification","valueRequired":true,"valueName":"search_term_string"}}],"inLanguage":"en-GB"},{"@type":"Organization","@id":"https:\/\/fgti-distribution.fr\/#organization","name":"FGTI Distribution","alternateName":"FGTI Distribution","url":"https:\/\/fgti-distribution.fr\/","logo":{"@type":"ImageObject","inLanguage":"en-GB","@id":"https:\/\/fgti-distribution.fr\/#\/schema\/logo\/image\/","url":"https:\/\/fgti-distribution.fr\/wp-content\/uploads\/2022\/12\/logo.png","contentUrl":"https:\/\/fgti-distribution.fr\/wp-content\/uploads\/2022\/12\/logo.png","width":500,"height":228,"caption":"FGTI Distribution"},"image":{"@id":"https:\/\/fgti-distribution.fr\/#\/schema\/logo\/image\/"},"sameAs":["https:\/\/www.linkedin.com\/company\/fgti-distribution\/"]}]}},"_links":{"self":[{"href":"https:\/\/fgti-distribution.fr\/en\/wp-json\/wp\/v2\/pages\/5186","targetHints":{"allow":["GET"]}}],"collection":[{"href":"https:\/\/fgti-distribution.fr\/en\/wp-json\/wp\/v2\/pages"}],"about":[{"href":"https:\/\/fgti-distribution.fr\/en\/wp-json\/wp\/v2\/types\/page"}],"author":[{"embeddable":true,"href":"https:\/\/fgti-distribution.fr\/en\/wp-json\/wp\/v2\/users\/1"}],"replies":[{"embeddable":true,"href":"https:\/\/fgti-distribution.fr\/en\/wp-json\/wp\/v2\/comments?post=5186"}],"version-history":[{"count":50,"href":"https:\/\/fgti-distribution.fr\/en\/wp-json\/wp\/v2\/pages\/5186\/revisions"}],"predecessor-version":[{"id":9437,"href":"https:\/\/fgti-distribution.fr\/en\/wp-json\/wp\/v2\/pages\/5186\/revisions\/9437"}],"up":[{"embeddable":true,"href":"https:\/\/fgti-distribution.fr\/en\/wp-json\/wp\/v2\/pages\/5052"}],"wp:featuredmedia":[{"embeddable":true,"href":"https:\/\/fgti-distribution.fr\/en\/wp-json\/wp\/v2\/media\/7136"}],"wp:attachment":[{"href":"https:\/\/fgti-distribution.fr\/en\/wp-json\/wp\/v2\/media?parent=5186"}],"curies":[{"name":"wp","href":"https:\/\/api.w.org\/{rel}","templated":true}]}}