{"id":5270,"date":"2019-04-25T12:10:45","date_gmt":"2019-04-25T12:10:45","guid":{"rendered":"https:\/\/fgti-distribution.fr\/?page_id=5270"},"modified":"2026-04-10T12:13:22","modified_gmt":"2026-04-10T12:13:22","slug":"dosing-pistons","status":"publish","type":"page","link":"https:\/\/fgti-distribution.fr\/en\/joints-etancheite-idg\/gamme-specifique-industrie-alimentaire\/pistons-de-dosage\/","title":{"rendered":"Dosing pistons"},"content":{"rendered":"<section id=\"bt_bb_section69ea99342ba98\" class=\"bt_bb_section bt_bb_layout_boxed_1200\"  data-bt-override-class=\"null\"><div class=\"bt_bb_port\"><div class=\"bt_bb_cell\"><div class=\"bt_bb_cell_inner\"><div class=\"bt_bb_row\"  data-bt-override-class=\"{}\"><div class=\"bt_bb_row_holder\" ><div  class=\"bt_bb_column col-xxl-12 col-xl-12 col-xs-12 col-sm-12 col-md-12 col-lg-12 bt_bb_vertical_align_top bt_bb_align_left bt_bb_padding_normal\" style=\"; --column-width:12;\" data-width=\"12\" data-bt-override-class=\"{}\"><div class=\"bt_bb_column_content\"><div class=\"bt_bb_column_content_inner\"><div class=\"bt_bb_raw_content\"><table>\n\t<tbody><tr>\n\t\t<td style=\"width: 90%; color: #BABABA; font-size: 12px; border: 0 none;\">\n\t\t\tFGTI-Distribution &gt; Sealing Joints &gt; Catalogue &gt; Specific Range for the Food Industry &gt; Dosing Pistons\n\t\t<\/td>\n\t\t<td style=\"text-align: right; padding: 0; border: 0 none;\">\n\t\t\t<a href=\"https:\/\/fgti-distribution.fr\/fiches_techniques\/IDG-FGTI-Piston-de-dosage.pdf\" target=\"_blank\" rel=\"noopener\">\n\t\t\t\t<img decoding=\"async\" src=\"https:\/\/fgti-distribution.fr\/wp-content\/img\/images\/pdficon_large.png\">\n\t\t\t<\/a>\n\t\t<\/td>\n\t<\/tr>\n<\/tbody><\/table>\n<br><br>\n<h1>AS MANOY\u00ae metering piston with integrated sealing system<\/h1>\n\nThanks to its smooth, closed outer wall, the MANOY\u00ae AS dosing piston meets hygiene requirements.\n<br>\nSpecially designed and adapted for a wide variety of applications in the food industry, the MANOY\u00ae AS dosing piston has proven its worth over several decades.\n<br>\nAs its operating principle is not linked to a specific form, the piston can be adapted to each customer depending on the specificities of each dispenser.\n<br>\n\n<img loading=\"lazy\" decoding=\"async\" src=\"https:\/\/fgti-distribution.fr\/wp-content\/uploads\/2019\/05\/piston-de-dosage.jpg\" width=\"374\" height=\"200\" srcset=\"https:\/\/fgti-distribution.fr\/wp-content\/uploads\/2019\/05\/piston-de-dosage.jpg 374w, https:\/\/fgti-distribution.fr\/wp-content\/uploads\/2019\/05\/piston-de-dosage-144x77.jpg 144w\" sizes=\"auto, (max-width: 374px) 100vw, 374px\" alt=\"Dosing plunger\" class=\"so-widget-image\">\n\t\n<span style=\"font-weight: bold; line-height: 35px;\">Applications and features<\/span><br>\n<ul style=\"padding-left: 30px;\">\n<li class=\"tiret\">Dosing piston for liquid and paste foodstuffs<\/li>\n<li class=\"tiret\">All functions - pumping\/discharge, scraping and sealing - in a single unit<\/li>\n<li class=\"tiret\">Integrated waterproofing ensures a completely smooth and closed surface<\/li>\n<li class=\"tiret\">Wide range of products and temperatures<\/li>\n<li class=\"tiret\">PTFE-based material for SIP (Sterilisation in Place) is not suitable for dosing highly abrasive products.<\/li>\n<li class=\"tiret\">H13 material for CIP (Clean-in-Place), high abrasion resistance but temperature limit at 80\u00b0C<\/li>\n<li class=\"tiret\">Low friction for all materials<\/li>\n<li class=\"tiret\">Diameter range from 12 mm to 70 mm (larger diameters upon request)<\/li>\n<\/ul>\n<br>\n<span style=\"font-weight: bold; line-height: 35px;\">Housing design adapted to automated cleaning<\/span><br>\nFor.\n<br \/><br \/>\nA chamfer of 10\u00b0 maximum at the entry is essential for a good return into the chamber, rounding all corners. <br \/>\nAdhering to these precautions during cleaning will ensure the piston's functionality and lifespan.\n\n\n<\/div><\/div><\/div><\/div><\/div><\/div><\/div><!-- cell_inner --><\/div><!-- cell --><\/div><!-- port --><\/section>","protected":false},"excerpt":{"rendered":"","protected":false},"author":1,"featured_media":0,"parent":5268,"menu_order":0,"comment_status":"closed","ping_status":"closed","template":"","meta":{"footnotes":""},"class_list":["post-5270","page","type-page","status-publish","hentry"],"yoast_head":"<!-- This site is optimized with the Yoast SEO plugin v27.3 - https:\/\/yoast.com\/product\/yoast-seo-wordpress\/ -->\n<title>FGTI Distribution- Piston de dosage \u00e0 syst\u00e8me d\u2019\u00e9tanch\u00e9it\u00e9 int\u00e9gr\u00e9e<\/title>\n<meta name=\"description\" content=\"Sp\u00e9cialement con\u00e7u et adapt\u00e9 \u00e0 une grande vari\u00e9t\u00e9 d&#039;applications, le piston de dosage MANOY AS a fait ses preuves ! N&#039;h\u00e9sitez pas \u00e0 nous consulter.\" \/>\n<meta name=\"robots\" content=\"index, follow, max-snippet:-1, max-image-preview:large, max-video-preview:-1\" \/>\n<link rel=\"canonical\" href=\"https:\/\/fgti-distribution.fr\/en\/seals-waterproofing-idg\/specific-food-industry-range\/dosing-pistons\/\" \/>\n<meta property=\"og:locale\" content=\"en_GB\" \/>\n<meta property=\"og:type\" content=\"article\" \/>\n<meta property=\"og:title\" content=\"FGTI Distribution- Piston de dosage \u00e0 syst\u00e8me d\u2019\u00e9tanch\u00e9it\u00e9 int\u00e9gr\u00e9e\" \/>\n<meta property=\"og:description\" content=\"Sp\u00e9cialement con\u00e7u et adapt\u00e9 \u00e0 une grande vari\u00e9t\u00e9 d&#039;applications, le piston de dosage MANOY AS a fait ses preuves ! N&#039;h\u00e9sitez pas \u00e0 nous consulter.\" \/>\n<meta property=\"og:url\" content=\"https:\/\/fgti-distribution.fr\/en\/seals-waterproofing-idg\/specific-food-industry-range\/dosing-pistons\/\" \/>\n<meta property=\"og:site_name\" content=\"FGTI Distribution\" \/>\n<meta property=\"article:modified_time\" content=\"2026-04-10T12:13:22+00:00\" \/>\n<meta name=\"twitter:card\" content=\"summary_large_image\" \/>\n<meta name=\"twitter:label1\" content=\"Estimated reading time\" \/>\n\t<meta name=\"twitter:data1\" content=\"3 minutes\" \/>\n<script type=\"application\/ld+json\" class=\"yoast-schema-graph\">{\"@context\":\"https:\\\/\\\/schema.org\",\"@graph\":[{\"@type\":\"WebPage\",\"@id\":\"https:\\\/\\\/fgti-distribution.fr\\\/joints-etancheite-idg\\\/gamme-specifique-industrie-alimentaire\\\/pistons-de-dosage\\\/\",\"url\":\"https:\\\/\\\/fgti-distribution.fr\\\/joints-etancheite-idg\\\/gamme-specifique-industrie-alimentaire\\\/pistons-de-dosage\\\/\",\"name\":\"FGTI Distribution- Piston de dosage \u00e0 syst\u00e8me d\u2019\u00e9tanch\u00e9it\u00e9 int\u00e9gr\u00e9e\",\"isPartOf\":{\"@id\":\"https:\\\/\\\/fgti-distribution.fr\\\/#website\"},\"datePublished\":\"2019-04-25T12:10:45+00:00\",\"dateModified\":\"2026-04-10T12:13:22+00:00\",\"description\":\"Sp\u00e9cialement con\u00e7u et adapt\u00e9 \u00e0 une grande vari\u00e9t\u00e9 d'applications, le piston de dosage MANOY AS a fait ses preuves ! N'h\u00e9sitez pas \u00e0 nous consulter.\",\"breadcrumb\":{\"@id\":\"https:\\\/\\\/fgti-distribution.fr\\\/joints-etancheite-idg\\\/gamme-specifique-industrie-alimentaire\\\/pistons-de-dosage\\\/#breadcrumb\"},\"inLanguage\":\"en-GB\",\"potentialAction\":[{\"@type\":\"ReadAction\",\"target\":[\"https:\\\/\\\/fgti-distribution.fr\\\/joints-etancheite-idg\\\/gamme-specifique-industrie-alimentaire\\\/pistons-de-dosage\\\/\"]}]},{\"@type\":\"BreadcrumbList\",\"@id\":\"https:\\\/\\\/fgti-distribution.fr\\\/joints-etancheite-idg\\\/gamme-specifique-industrie-alimentaire\\\/pistons-de-dosage\\\/#breadcrumb\",\"itemListElement\":[{\"@type\":\"ListItem\",\"position\":1,\"name\":\"Home\",\"item\":\"https:\\\/\\\/fgti-distribution.fr\\\/\"},{\"@type\":\"ListItem\",\"position\":2,\"name\":\"Joints d&rsquo;\u00e9tanch\u00e9it\u00e9 IDG\",\"item\":\"https:\\\/\\\/fgti-distribution.fr\\\/joints-etancheite-idg\\\/\"},{\"@type\":\"ListItem\",\"position\":3,\"name\":\"Gamme sp\u00e9cifique pour l\u2019industrie alimentaire\",\"item\":\"https:\\\/\\\/fgti-distribution.fr\\\/joints-etancheite-idg\\\/gamme-specifique-industrie-alimentaire\\\/\"},{\"@type\":\"ListItem\",\"position\":4,\"name\":\"Pistons de dosage\"}]},{\"@type\":\"WebSite\",\"@id\":\"https:\\\/\\\/fgti-distribution.fr\\\/#website\",\"url\":\"https:\\\/\\\/fgti-distribution.fr\\\/\",\"name\":\"FGTI Distribution\",\"description\":\"Pi\u00e8ces techniques et services \u00e0 forte valeur ajout\u00e9e\",\"publisher\":{\"@id\":\"https:\\\/\\\/fgti-distribution.fr\\\/#organization\"},\"alternateName\":\"FGTI Distribution\",\"potentialAction\":[{\"@type\":\"SearchAction\",\"target\":{\"@type\":\"EntryPoint\",\"urlTemplate\":\"https:\\\/\\\/fgti-distribution.fr\\\/?s={search_term_string}\"},\"query-input\":{\"@type\":\"PropertyValueSpecification\",\"valueRequired\":true,\"valueName\":\"search_term_string\"}}],\"inLanguage\":\"en-GB\"},{\"@type\":\"Organization\",\"@id\":\"https:\\\/\\\/fgti-distribution.fr\\\/#organization\",\"name\":\"FGTI Distribution\",\"alternateName\":\"FGTI Distribution\",\"url\":\"https:\\\/\\\/fgti-distribution.fr\\\/\",\"logo\":{\"@type\":\"ImageObject\",\"inLanguage\":\"en-GB\",\"@id\":\"https:\\\/\\\/fgti-distribution.fr\\\/#\\\/schema\\\/logo\\\/image\\\/\",\"url\":\"https:\\\/\\\/fgti-distribution.fr\\\/wp-content\\\/uploads\\\/2022\\\/12\\\/logo.png\",\"contentUrl\":\"https:\\\/\\\/fgti-distribution.fr\\\/wp-content\\\/uploads\\\/2022\\\/12\\\/logo.png\",\"width\":500,\"height\":228,\"caption\":\"FGTI Distribution\"},\"image\":{\"@id\":\"https:\\\/\\\/fgti-distribution.fr\\\/#\\\/schema\\\/logo\\\/image\\\/\"},\"sameAs\":[\"https:\\\/\\\/www.linkedin.com\\\/company\\\/fgti-distribution\\\/\"]}]}<\/script>\n<!-- \/ Yoast SEO plugin. -->","yoast_head_json":{"title":"FGTI Distribution - Dosing piston with integrated sealing system","description":"Specially designed and adapted for a wide variety of applications, the MANOY AS dosing piston has proven itself! Do not hesitate to contact us.","robots":{"index":"index","follow":"follow","max-snippet":"max-snippet:-1","max-image-preview":"max-image-preview:large","max-video-preview":"max-video-preview:-1"},"canonical":"https:\/\/fgti-distribution.fr\/en\/seals-waterproofing-idg\/specific-food-industry-range\/dosing-pistons\/","og_locale":"en_GB","og_type":"article","og_title":"FGTI Distribution- Piston de dosage \u00e0 syst\u00e8me d\u2019\u00e9tanch\u00e9it\u00e9 int\u00e9gr\u00e9e","og_description":"Sp\u00e9cialement con\u00e7u et adapt\u00e9 \u00e0 une grande vari\u00e9t\u00e9 d'applications, le piston de dosage MANOY AS a fait ses preuves ! N'h\u00e9sitez pas \u00e0 nous consulter.","og_url":"https:\/\/fgti-distribution.fr\/en\/seals-waterproofing-idg\/specific-food-industry-range\/dosing-pistons\/","og_site_name":"FGTI Distribution","article_modified_time":"2026-04-10T12:13:22+00:00","twitter_card":"summary_large_image","twitter_misc":{"Estimated reading time":"3 minutes"},"schema":{"@context":"https:\/\/schema.org","@graph":[{"@type":"WebPage","@id":"https:\/\/fgti-distribution.fr\/joints-etancheite-idg\/gamme-specifique-industrie-alimentaire\/pistons-de-dosage\/","url":"https:\/\/fgti-distribution.fr\/joints-etancheite-idg\/gamme-specifique-industrie-alimentaire\/pistons-de-dosage\/","name":"FGTI Distribution - Dosing piston with integrated sealing system","isPartOf":{"@id":"https:\/\/fgti-distribution.fr\/#website"},"datePublished":"2019-04-25T12:10:45+00:00","dateModified":"2026-04-10T12:13:22+00:00","description":"Specially designed and adapted for a wide variety of applications, the MANOY AS dosing piston has proven itself! Do not hesitate to contact us.","breadcrumb":{"@id":"https:\/\/fgti-distribution.fr\/joints-etancheite-idg\/gamme-specifique-industrie-alimentaire\/pistons-de-dosage\/#breadcrumb"},"inLanguage":"en-GB","potentialAction":[{"@type":"ReadAction","target":["https:\/\/fgti-distribution.fr\/joints-etancheite-idg\/gamme-specifique-industrie-alimentaire\/pistons-de-dosage\/"]}]},{"@type":"BreadcrumbList","@id":"https:\/\/fgti-distribution.fr\/joints-etancheite-idg\/gamme-specifique-industrie-alimentaire\/pistons-de-dosage\/#breadcrumb","itemListElement":[{"@type":"ListItem","position":1,"name":"Home","item":"https:\/\/fgti-distribution.fr\/"},{"@type":"ListItem","position":2,"name":"Joints d&rsquo;\u00e9tanch\u00e9it\u00e9 IDG","item":"https:\/\/fgti-distribution.fr\/joints-etancheite-idg\/"},{"@type":"ListItem","position":3,"name":"Gamme sp\u00e9cifique pour l\u2019industrie alimentaire","item":"https:\/\/fgti-distribution.fr\/joints-etancheite-idg\/gamme-specifique-industrie-alimentaire\/"},{"@type":"ListItem","position":4,"name":"Pistons de dosage"}]},{"@type":"WebSite","@id":"https:\/\/fgti-distribution.fr\/#website","url":"https:\/\/fgti-distribution.fr\/","name":"FGTI Distribution","description":"Technical parts and high-value-added services","publisher":{"@id":"https:\/\/fgti-distribution.fr\/#organization"},"alternateName":"FGTI Distribution","potentialAction":[{"@type":"SearchAction","target":{"@type":"EntryPoint","urlTemplate":"https:\/\/fgti-distribution.fr\/?s={search_term_string}"},"query-input":{"@type":"PropertyValueSpecification","valueRequired":true,"valueName":"search_term_string"}}],"inLanguage":"en-GB"},{"@type":"Organization","@id":"https:\/\/fgti-distribution.fr\/#organization","name":"FGTI Distribution","alternateName":"FGTI Distribution","url":"https:\/\/fgti-distribution.fr\/","logo":{"@type":"ImageObject","inLanguage":"en-GB","@id":"https:\/\/fgti-distribution.fr\/#\/schema\/logo\/image\/","url":"https:\/\/fgti-distribution.fr\/wp-content\/uploads\/2022\/12\/logo.png","contentUrl":"https:\/\/fgti-distribution.fr\/wp-content\/uploads\/2022\/12\/logo.png","width":500,"height":228,"caption":"FGTI Distribution"},"image":{"@id":"https:\/\/fgti-distribution.fr\/#\/schema\/logo\/image\/"},"sameAs":["https:\/\/www.linkedin.com\/company\/fgti-distribution\/"]}]}},"_links":{"self":[{"href":"https:\/\/fgti-distribution.fr\/en\/wp-json\/wp\/v2\/pages\/5270","targetHints":{"allow":["GET"]}}],"collection":[{"href":"https:\/\/fgti-distribution.fr\/en\/wp-json\/wp\/v2\/pages"}],"about":[{"href":"https:\/\/fgti-distribution.fr\/en\/wp-json\/wp\/v2\/types\/page"}],"author":[{"embeddable":true,"href":"https:\/\/fgti-distribution.fr\/en\/wp-json\/wp\/v2\/users\/1"}],"replies":[{"embeddable":true,"href":"https:\/\/fgti-distribution.fr\/en\/wp-json\/wp\/v2\/comments?post=5270"}],"version-history":[{"count":34,"href":"https:\/\/fgti-distribution.fr\/en\/wp-json\/wp\/v2\/pages\/5270\/revisions"}],"predecessor-version":[{"id":10156,"href":"https:\/\/fgti-distribution.fr\/en\/wp-json\/wp\/v2\/pages\/5270\/revisions\/10156"}],"up":[{"embeddable":true,"href":"https:\/\/fgti-distribution.fr\/en\/wp-json\/wp\/v2\/pages\/5268"}],"wp:attachment":[{"href":"https:\/\/fgti-distribution.fr\/en\/wp-json\/wp\/v2\/media?parent=5270"}],"curies":[{"name":"wp","href":"https:\/\/api.w.org\/{rel}","templated":true}]}}