{"id":5291,"date":"2019-04-25T12:42:21","date_gmt":"2019-04-25T12:42:21","guid":{"rendered":"https:\/\/fgti-distribution.fr\/?page_id=5291"},"modified":"2026-04-10T12:14:08","modified_gmt":"2026-04-10T12:14:08","slug":"stem-seals","status":"publish","type":"page","link":"https:\/\/fgti-distribution.fr\/en\/joints-etancheite-idg\/gamme-specifique-industrie-alimentaire\/joints-de-tige\/","title":{"rendered":"Rod seals"},"content":{"rendered":"<section id=\"bt_bb_section69e9500f40d38\" class=\"bt_bb_section bt_bb_layout_boxed_1200\"  data-bt-override-class=\"null\"><div class=\"bt_bb_port\"><div class=\"bt_bb_cell\"><div class=\"bt_bb_cell_inner\"><div class=\"bt_bb_row\"  data-bt-override-class=\"{}\"><div class=\"bt_bb_row_holder\" ><div  class=\"bt_bb_column col-xxl-12 col-xl-12 col-xs-12 col-sm-12 col-md-12 col-lg-12 bt_bb_vertical_align_top bt_bb_align_left bt_bb_padding_normal\" style=\"; --column-width:12;\" data-width=\"12\" data-bt-override-class=\"{}\"><div class=\"bt_bb_column_content\"><div class=\"bt_bb_column_content_inner\"><div class=\"bt_bb_raw_content\"><table>\n\t<tbody><tr>\n\t\t<td style=\"width: 90%; color: #BABABA; font-size: 12px; border: 0 none;\">\n\t\t\tFGTI-Distribution &gt; Seals &gt; Catalogue &gt; Specific range for the food industry &gt; Rod seals\n\t\t<\/td>\n\t\t<td style=\"text-align: right; padding: 0; border: 0 none;\">\n\t\t\t<a href=\"https:\/\/fgti-distribution.fr\/fiches_techniques\/IDG-FGTI-Joint-de-tige.pdf\" target=\"_blank\" rel=\"noopener\">\n\t\t\t\t<img decoding=\"async\" src=\"https:\/\/fgti-distribution.fr\/wp-content\/img\/images\/pdficon_large.png\">\n\t\t\t<\/a>\n\t\t<\/td>\n\t<\/tr>\n<\/tbody><\/table>\n\n<h1>MANOY\u00ae Interior Sealing, Rod Seal<\/h1>\nDifferent stem seal profiles are suitable for ensuring internal sealing.\n<br><br>\nThe definition of housings, and more particularly the root diameters, respects hygiene criteria. Since the seal is to be removed for cleaning (WOP), open grooves are recommended.\n<br><br>\nThe seals for profiles 545, 547 and 548 use the same groove dimensions and are interchangeable. Furthermore, the seals can be adapted to existing housing dimensions. Special profiles can also be developed for specific cases.\n<br><br>\n<strong>For housing of type DIN ISO 7425-2<\/strong>\n<br>\n\t\t<img loading=\"lazy\" decoding=\"async\" src=\"https:\/\/fgti-distribution.fr\/wp-content\/uploads\/2019\/04\/Joints-de-tige-MANOY.jpg\" srcset=\"https:\/\/fgti-distribution.fr\/wp-content\/uploads\/2019\/04\/Joints-de-tige-MANOY.jpg 880w, https:\/\/fgti-distribution.fr\/wp-content\/uploads\/2019\/04\/Joints-de-tige-MANOY-300x68.jpg 300w, https:\/\/fgti-distribution.fr\/wp-content\/uploads\/2019\/04\/Joints-de-tige-MANOY-768x175.jpg 768w\" sizes=\"auto, (max-width: 880px) 100vw, 880px\" alt=\"Rod seals MANOY\" class=\"so-widget-image\" width=\"880\" height=\"200\">\n<br>\n<span style=\"font-weight: bold; line-height: 35px;\">Applications and features<\/span>\n<br>\n<ul style=\"padding-left: 30px;\">\n<li class=\"tiret\">Standard dosing piston<\/li>\n<li class=\"tiret\">Linear movements<\/li>\n<li class=\"tiret\">Pneumatic cylinder for the food industry<\/li>\n<li class=\"tiret\">Profile 547 with chamfered edges for easy entry into the dosing sleeve<\/li>\n<li class=\"tiret\">Profile 548 designed for scraping by amplified stress on ring edges. Ideal for white cheeses and fluids with fruit, \u2026<\/li>\n<li class=\"tiret\">Profile 555 intended for low-rise housing. It is provided with notches for ease of cleaning<\/li>\n<li class=\"tiret\">Extended lifespan through high abrasion resistance<\/li>\n<li class=\"tiret\">Dry running possible<\/li>\n<li class=\"tiret\">Low pull-out strength - even after prolonged standstill<\/li>\n<li class=\"tiret\">Symmetrical version for easier assembly<\/li>\n<li class=\"tiret\">Profiles 545, 547, 548: from \u00d8 8 mm to 1000 mm<\/li>\n<li class=\"tiret\">Profile 555: \u00d8 8 mm and 200 mm<\/li>\n<\/ul>\n<br><br><\/div><\/div><\/div><\/div><\/div><\/div><\/div><!-- cell_inner --><\/div><!-- cell --><\/div><!-- port --><\/section>","protected":false},"excerpt":{"rendered":"","protected":false},"author":1,"featured_media":0,"parent":5268,"menu_order":0,"comment_status":"closed","ping_status":"closed","template":"","meta":{"footnotes":""},"class_list":["post-5291","page","type-page","status-publish","hentry"],"yoast_head":"<!-- This site is optimized with the Yoast SEO plugin v27.3 - https:\/\/yoast.com\/product\/yoast-seo-wordpress\/ -->\n<title>Etanch\u00e9it\u00e9 - Gamme sp\u00e9cifique pour l\u2019industrie alimentaire &gt; Joints de tige<\/title>\n<meta name=\"description\" content=\"Diff\u00e9rents profils de joints de tige conviennent pour assurer l\u2019\u00e9tanch\u00e9it\u00e9 int\u00e9rieure : d\u00e9couvrez le joint de tige MANOY\u00ae - Etanch\u00e9it\u00e9 int\u00e9rieure\" \/>\n<meta name=\"robots\" content=\"index, follow, max-snippet:-1, max-image-preview:large, max-video-preview:-1\" \/>\n<link rel=\"canonical\" href=\"https:\/\/fgti-distribution.fr\/en\/seals-waterproofing-idg\/specific-food-industry-range\/stem-seals\/\" \/>\n<meta property=\"og:locale\" content=\"en_GB\" \/>\n<meta property=\"og:type\" content=\"article\" \/>\n<meta property=\"og:title\" content=\"Etanch\u00e9it\u00e9 - Gamme sp\u00e9cifique pour l\u2019industrie alimentaire &gt; Joints de tige\" \/>\n<meta property=\"og:description\" content=\"Diff\u00e9rents profils de joints de tige conviennent pour assurer l\u2019\u00e9tanch\u00e9it\u00e9 int\u00e9rieure : d\u00e9couvrez le joint de tige MANOY\u00ae - Etanch\u00e9it\u00e9 int\u00e9rieure\" \/>\n<meta property=\"og:url\" content=\"https:\/\/fgti-distribution.fr\/en\/seals-waterproofing-idg\/specific-food-industry-range\/stem-seals\/\" \/>\n<meta property=\"og:site_name\" content=\"FGTI Distribution\" \/>\n<meta property=\"article:modified_time\" content=\"2026-04-10T12:14:08+00:00\" \/>\n<meta name=\"twitter:card\" content=\"summary_large_image\" \/>\n<meta name=\"twitter:label1\" content=\"Estimated reading time\" \/>\n\t<meta name=\"twitter:data1\" content=\"2 minutes\" \/>\n<script type=\"application\/ld+json\" class=\"yoast-schema-graph\">{\"@context\":\"https:\\\/\\\/schema.org\",\"@graph\":[{\"@type\":\"WebPage\",\"@id\":\"https:\\\/\\\/fgti-distribution.fr\\\/joints-etancheite-idg\\\/gamme-specifique-industrie-alimentaire\\\/joints-de-tige\\\/\",\"url\":\"https:\\\/\\\/fgti-distribution.fr\\\/joints-etancheite-idg\\\/gamme-specifique-industrie-alimentaire\\\/joints-de-tige\\\/\",\"name\":\"Etanch\u00e9it\u00e9 - Gamme sp\u00e9cifique pour l\u2019industrie alimentaire > Joints de tige\",\"isPartOf\":{\"@id\":\"https:\\\/\\\/fgti-distribution.fr\\\/#website\"},\"datePublished\":\"2019-04-25T12:42:21+00:00\",\"dateModified\":\"2026-04-10T12:14:08+00:00\",\"description\":\"Diff\u00e9rents profils de joints de tige conviennent pour assurer l\u2019\u00e9tanch\u00e9it\u00e9 int\u00e9rieure : d\u00e9couvrez le joint de tige MANOY\u00ae - Etanch\u00e9it\u00e9 int\u00e9rieure\",\"breadcrumb\":{\"@id\":\"https:\\\/\\\/fgti-distribution.fr\\\/joints-etancheite-idg\\\/gamme-specifique-industrie-alimentaire\\\/joints-de-tige\\\/#breadcrumb\"},\"inLanguage\":\"en-GB\",\"potentialAction\":[{\"@type\":\"ReadAction\",\"target\":[\"https:\\\/\\\/fgti-distribution.fr\\\/joints-etancheite-idg\\\/gamme-specifique-industrie-alimentaire\\\/joints-de-tige\\\/\"]}]},{\"@type\":\"BreadcrumbList\",\"@id\":\"https:\\\/\\\/fgti-distribution.fr\\\/joints-etancheite-idg\\\/gamme-specifique-industrie-alimentaire\\\/joints-de-tige\\\/#breadcrumb\",\"itemListElement\":[{\"@type\":\"ListItem\",\"position\":1,\"name\":\"Home\",\"item\":\"https:\\\/\\\/fgti-distribution.fr\\\/\"},{\"@type\":\"ListItem\",\"position\":2,\"name\":\"Joints d&rsquo;\u00e9tanch\u00e9it\u00e9 IDG\",\"item\":\"https:\\\/\\\/fgti-distribution.fr\\\/joints-etancheite-idg\\\/\"},{\"@type\":\"ListItem\",\"position\":3,\"name\":\"Gamme sp\u00e9cifique pour l\u2019industrie alimentaire\",\"item\":\"https:\\\/\\\/fgti-distribution.fr\\\/joints-etancheite-idg\\\/gamme-specifique-industrie-alimentaire\\\/\"},{\"@type\":\"ListItem\",\"position\":4,\"name\":\"Joints de tige\"}]},{\"@type\":\"WebSite\",\"@id\":\"https:\\\/\\\/fgti-distribution.fr\\\/#website\",\"url\":\"https:\\\/\\\/fgti-distribution.fr\\\/\",\"name\":\"FGTI Distribution\",\"description\":\"Pi\u00e8ces techniques et services \u00e0 forte valeur ajout\u00e9e\",\"publisher\":{\"@id\":\"https:\\\/\\\/fgti-distribution.fr\\\/#organization\"},\"alternateName\":\"FGTI Distribution\",\"potentialAction\":[{\"@type\":\"SearchAction\",\"target\":{\"@type\":\"EntryPoint\",\"urlTemplate\":\"https:\\\/\\\/fgti-distribution.fr\\\/?s={search_term_string}\"},\"query-input\":{\"@type\":\"PropertyValueSpecification\",\"valueRequired\":true,\"valueName\":\"search_term_string\"}}],\"inLanguage\":\"en-GB\"},{\"@type\":\"Organization\",\"@id\":\"https:\\\/\\\/fgti-distribution.fr\\\/#organization\",\"name\":\"FGTI Distribution\",\"alternateName\":\"FGTI Distribution\",\"url\":\"https:\\\/\\\/fgti-distribution.fr\\\/\",\"logo\":{\"@type\":\"ImageObject\",\"inLanguage\":\"en-GB\",\"@id\":\"https:\\\/\\\/fgti-distribution.fr\\\/#\\\/schema\\\/logo\\\/image\\\/\",\"url\":\"https:\\\/\\\/fgti-distribution.fr\\\/wp-content\\\/uploads\\\/2022\\\/12\\\/logo.png\",\"contentUrl\":\"https:\\\/\\\/fgti-distribution.fr\\\/wp-content\\\/uploads\\\/2022\\\/12\\\/logo.png\",\"width\":500,\"height\":228,\"caption\":\"FGTI Distribution\"},\"image\":{\"@id\":\"https:\\\/\\\/fgti-distribution.fr\\\/#\\\/schema\\\/logo\\\/image\\\/\"},\"sameAs\":[\"https:\\\/\\\/www.linkedin.com\\\/company\\\/fgti-distribution\\\/\"]}]}<\/script>\n<!-- \/ Yoast SEO plugin. -->","yoast_head_json":{"title":"Sealing - Specific range for the food industry &gt; Rod seals","description":"Different stem seal profiles are suitable for ensuring internal sealing: discover the MANOY\u00ae stem seal - Internal sealing","robots":{"index":"index","follow":"follow","max-snippet":"max-snippet:-1","max-image-preview":"max-image-preview:large","max-video-preview":"max-video-preview:-1"},"canonical":"https:\/\/fgti-distribution.fr\/en\/seals-waterproofing-idg\/specific-food-industry-range\/stem-seals\/","og_locale":"en_GB","og_type":"article","og_title":"Etanch\u00e9it\u00e9 - Gamme sp\u00e9cifique pour l\u2019industrie alimentaire > Joints de tige","og_description":"Diff\u00e9rents profils de joints de tige conviennent pour assurer l\u2019\u00e9tanch\u00e9it\u00e9 int\u00e9rieure : d\u00e9couvrez le joint de tige MANOY\u00ae - Etanch\u00e9it\u00e9 int\u00e9rieure","og_url":"https:\/\/fgti-distribution.fr\/en\/seals-waterproofing-idg\/specific-food-industry-range\/stem-seals\/","og_site_name":"FGTI Distribution","article_modified_time":"2026-04-10T12:14:08+00:00","twitter_card":"summary_large_image","twitter_misc":{"Estimated reading time":"2 minutes"},"schema":{"@context":"https:\/\/schema.org","@graph":[{"@type":"WebPage","@id":"https:\/\/fgti-distribution.fr\/joints-etancheite-idg\/gamme-specifique-industrie-alimentaire\/joints-de-tige\/","url":"https:\/\/fgti-distribution.fr\/joints-etancheite-idg\/gamme-specifique-industrie-alimentaire\/joints-de-tige\/","name":"Sealing - Specific range for the food industry &gt; Rod seals","isPartOf":{"@id":"https:\/\/fgti-distribution.fr\/#website"},"datePublished":"2019-04-25T12:42:21+00:00","dateModified":"2026-04-10T12:14:08+00:00","description":"Different stem seal profiles are suitable for ensuring internal sealing: discover the MANOY\u00ae stem seal - Internal sealing","breadcrumb":{"@id":"https:\/\/fgti-distribution.fr\/joints-etancheite-idg\/gamme-specifique-industrie-alimentaire\/joints-de-tige\/#breadcrumb"},"inLanguage":"en-GB","potentialAction":[{"@type":"ReadAction","target":["https:\/\/fgti-distribution.fr\/joints-etancheite-idg\/gamme-specifique-industrie-alimentaire\/joints-de-tige\/"]}]},{"@type":"BreadcrumbList","@id":"https:\/\/fgti-distribution.fr\/joints-etancheite-idg\/gamme-specifique-industrie-alimentaire\/joints-de-tige\/#breadcrumb","itemListElement":[{"@type":"ListItem","position":1,"name":"Home","item":"https:\/\/fgti-distribution.fr\/"},{"@type":"ListItem","position":2,"name":"Joints d&rsquo;\u00e9tanch\u00e9it\u00e9 IDG","item":"https:\/\/fgti-distribution.fr\/joints-etancheite-idg\/"},{"@type":"ListItem","position":3,"name":"Gamme sp\u00e9cifique pour l\u2019industrie alimentaire","item":"https:\/\/fgti-distribution.fr\/joints-etancheite-idg\/gamme-specifique-industrie-alimentaire\/"},{"@type":"ListItem","position":4,"name":"Joints de tige"}]},{"@type":"WebSite","@id":"https:\/\/fgti-distribution.fr\/#website","url":"https:\/\/fgti-distribution.fr\/","name":"FGTI Distribution","description":"Technical parts and high-value-added services","publisher":{"@id":"https:\/\/fgti-distribution.fr\/#organization"},"alternateName":"FGTI Distribution","potentialAction":[{"@type":"SearchAction","target":{"@type":"EntryPoint","urlTemplate":"https:\/\/fgti-distribution.fr\/?s={search_term_string}"},"query-input":{"@type":"PropertyValueSpecification","valueRequired":true,"valueName":"search_term_string"}}],"inLanguage":"en-GB"},{"@type":"Organization","@id":"https:\/\/fgti-distribution.fr\/#organization","name":"FGTI Distribution","alternateName":"FGTI Distribution","url":"https:\/\/fgti-distribution.fr\/","logo":{"@type":"ImageObject","inLanguage":"en-GB","@id":"https:\/\/fgti-distribution.fr\/#\/schema\/logo\/image\/","url":"https:\/\/fgti-distribution.fr\/wp-content\/uploads\/2022\/12\/logo.png","contentUrl":"https:\/\/fgti-distribution.fr\/wp-content\/uploads\/2022\/12\/logo.png","width":500,"height":228,"caption":"FGTI Distribution"},"image":{"@id":"https:\/\/fgti-distribution.fr\/#\/schema\/logo\/image\/"},"sameAs":["https:\/\/www.linkedin.com\/company\/fgti-distribution\/"]}]}},"_links":{"self":[{"href":"https:\/\/fgti-distribution.fr\/en\/wp-json\/wp\/v2\/pages\/5291","targetHints":{"allow":["GET"]}}],"collection":[{"href":"https:\/\/fgti-distribution.fr\/en\/wp-json\/wp\/v2\/pages"}],"about":[{"href":"https:\/\/fgti-distribution.fr\/en\/wp-json\/wp\/v2\/types\/page"}],"author":[{"embeddable":true,"href":"https:\/\/fgti-distribution.fr\/en\/wp-json\/wp\/v2\/users\/1"}],"replies":[{"embeddable":true,"href":"https:\/\/fgti-distribution.fr\/en\/wp-json\/wp\/v2\/comments?post=5291"}],"version-history":[{"count":19,"href":"https:\/\/fgti-distribution.fr\/en\/wp-json\/wp\/v2\/pages\/5291\/revisions"}],"predecessor-version":[{"id":10158,"href":"https:\/\/fgti-distribution.fr\/en\/wp-json\/wp\/v2\/pages\/5291\/revisions\/10158"}],"up":[{"embeddable":true,"href":"https:\/\/fgti-distribution.fr\/en\/wp-json\/wp\/v2\/pages\/5268"}],"wp:attachment":[{"href":"https:\/\/fgti-distribution.fr\/en\/wp-json\/wp\/v2\/media?parent=5291"}],"curies":[{"name":"wp","href":"https:\/\/api.w.org\/{rel}","templated":true}]}}