{"id":5319,"date":"2019-04-25T13:40:06","date_gmt":"2019-04-25T13:40:06","guid":{"rendered":"https:\/\/fgti-distribution.fr\/?page_id=5319"},"modified":"2026-04-10T12:14:50","modified_gmt":"2026-04-10T12:14:50","slug":"shaft-joints","status":"publish","type":"page","link":"https:\/\/fgti-distribution.fr\/en\/joints-etancheite-idg\/gamme-specifique-industrie-alimentaire\/joints-d-arbre\/","title":{"rendered":"Shaft seals"},"content":{"rendered":"<section id=\"bt_bb_section69e950253ec75\" class=\"bt_bb_section bt_bb_layout_boxed_1200\"  data-bt-override-class=\"null\"><div class=\"bt_bb_port\"><div class=\"bt_bb_cell\"><div class=\"bt_bb_cell_inner\"><div class=\"bt_bb_row\"  data-bt-override-class=\"{}\"><div class=\"bt_bb_row_holder\" ><div  class=\"bt_bb_column col-xxl-12 col-xl-12 col-xs-12 col-sm-12 col-md-12 col-lg-12 bt_bb_vertical_align_top bt_bb_align_left bt_bb_padding_normal\" style=\"; --column-width:12;\" data-width=\"12\" data-bt-override-class=\"{}\"><div class=\"bt_bb_column_content\"><div class=\"bt_bb_column_content_inner\"><div class=\"bt_bb_raw_content\"><table>\n\t<tbody><tr>\n\t\t<td style=\"width: 90%; color: #BABABA; font-size: 12px; border: 0 none;\">\n\t\t\tFGTI-Distribution &gt; Seals &gt; Catalogue &gt; Specific range for the food industry &gt; Shaft seals\n\t\t<\/td>\n\t\t<td style=\"text-align: right; padding: 0; border: 0 none;\">\n\t\t\t<a href=\"https:\/\/fgti-distribution.fr\/fiches_techniques\/IDG-FGTI-Joint-arbre.pdf\" target=\"_blank\" rel=\"noopener\">\n\t\t\t\t<img decoding=\"async\" src=\"https:\/\/fgti-distribution.fr\/wp-content\/img\/images\/pdficon_large.png\">\n\t\t\t<\/a>\n\t\t<\/td>\n\t<\/tr>\n<\/tbody><\/table>\n\n<h1>MANOY\u00ae Shaft Seal For all food industry cleaning processes<\/h1>\nFor shaft sealing, the use of a lip seal of profile 205 or a shaft seal of profile 238, preloaded by an O-ring, is recommended. The external sealing ring of profile 233 is used in certain special cases. \n<br><br>\nThe design of the seals, the definition of the housing, and particularly the fillet radii offer the best conditions for SIP \/ CIP cleaning. As the seal must be removed for cleaning (WOP), open grooves are recommended. \n<br><br>\nFor functional reasons, shaft seals with a pre-tensioning element are supplied with radial notches.\n<br><br>\n<strong>Types :<\/strong><br>\n<span style=\"padding-left: 15px; font-weight: bold;\">MANOY\u00ae Shaft Seal Type 205<br><i class=\"far fa-hand-point-right\" style=\"font-size: 15px; vertical-align: text-top; padding-left: 15px;\"><\/i> For housing of type DIN 3760, ISO 6194 (or narrower)<\/span>\n<br>\n<br>\n\t\t<img loading=\"lazy\" decoding=\"async\" src=\"https:\/\/fgti-distribution.fr\/wp-content\/uploads\/2019\/04\/joint-arbre-205.jpg\" width=\"300\" height=\"300\" srcset=\"https:\/\/fgti-distribution.fr\/wp-content\/uploads\/2019\/04\/joint-arbre-205.jpg 300w, https:\/\/fgti-distribution.fr\/wp-content\/uploads\/2019\/04\/joint-arbre-205-77x77.jpg 77w, https:\/\/fgti-distribution.fr\/wp-content\/uploads\/2019\/04\/joint-arbre-205-230x230.jpg 230w\" sizes=\"auto, (max-width: 300px) 100vw, 300px\" alt=\"Shaft seal 205\" class=\"so-widget-image\">\n<br>\t\n<strong>MANOY\u00ae Shaft Seal Profile 205<\/strong><br>\nAsymmetrical seal for single-acting pressure<br>\nOptimised for SIP\/CIP cleaning<br>\nCompact and narrow profile, space-saving<br>\nAccommodation: open gorge<br>\nSpeed: max. 0 m\/s<br>\nService pressure: max. 4 MPa\n<br>\n\t\t<img decoding=\"async\" src=\"https:\/\/fgti-distribution.fr\/wp-content\/uploads\/2019\/04\/joint-arbre-238.jpg\" width=\"300\" height=\"300\" srcset=\"https:\/\/fgti-distribution.fr\/wp-content\/uploads\/2019\/04\/joint-arbre-238.jpg 300w, https:\/\/fgti-distribution.fr\/wp-content\/uploads\/2019\/04\/joint-arbre-238-77x77.jpg 77w, https:\/\/fgti-distribution.fr\/wp-content\/uploads\/2019\/04\/joint-arbre-238-230x230.jpg 230w\" sizes=\"auto, (max-width: 300px) 100vw, 300px\" alt=\"Shaft seal 238\" loading=\"lazy\" class=\"so-widget-image\">\n<br>\n<strong>MANOY\u00ae shaft seal profile 238<\/strong><br>\nInternal waterproofing<br>\nSymmetrical profile for double-acting cylinder \u2013 different or equivalent pressures on both sides<br>\nIn accordance with hygiene rules<br>\nSpeed: max. 3 m\/s<br>\nMaximum operating pressure: 15 MPa\n<br>\n<br>\n\t\t<img decoding=\"async\" src=\"https:\/\/fgti-distribution.fr\/wp-content\/uploads\/2019\/04\/joint-arbre-233.jpg\" width=\"300\" height=\"300\" srcset=\"https:\/\/fgti-distribution.fr\/wp-content\/uploads\/2019\/04\/joint-arbre-233.jpg 300w, https:\/\/fgti-distribution.fr\/wp-content\/uploads\/2019\/04\/joint-arbre-233-77x77.jpg 77w, https:\/\/fgti-distribution.fr\/wp-content\/uploads\/2019\/04\/joint-arbre-233-230x230.jpg 230w\" sizes=\"auto, (max-width: 300px) 100vw, 300px\" alt=\"Shaft seal 233\" loading=\"lazy\" class=\"so-widget-image\">\n\t<br>\n<strong>MANOY\u00ae shaft seal profile 233<\/strong><br>\nExternal waterproofing<br>\nSymmetrical profile for double-acting cylinder \u2013 different or equivalent pressures on both sides<br>\nIn accordance with hygiene rules<br>\nSpeed: max. 3 m\/s<br>\nMaximum operating pressure: 15 MPa\n<br>\n<br><span style=\"font-weight: bold; line-height: 35px;\">Applications and features<\/span>\n<ul style=\"padding-left: 30px;\">\n<li class=\"tiret\">Engine mount<\/li>\n<li class=\"tiret\">Driveshaft<\/li>\n<li class=\"tiret\">Suitable for high speeds and low pressures<\/li>\n<li class=\"tiret\">Fitted with an O-ring for a seal in the groove<\/li>\n<li class=\"tiret\">Hygiene concept<\/li>\n<li class=\"tiret\">No setback before the joint<\/li>\n<li class=\"tiret\">Reduced warming due to lip profile<\/li>\n<li class=\"tiret\">Pressure-activated prestressing<\/li>\n<li class=\"tiret\">The integrated or machined support ring to prevent tilting of the sealing lip<\/li>\n<li class=\"tiret\">Long service life due to strong resistance to abrasion<\/li>\n<li class=\"tiret\">Good coefficient of friction depending on the materials<\/li>\n<li class=\"tiret\">No adhesion to the opposing surface even with prolonged stopping.<\/li>\n<\/ul>\n<br>\n<strong>MANOY\u00ae Shaft Seal Profile 238<br><i class=\"far fa-hand-point-right\" style=\"font-size: 15px; vertical-align: text-top; padding-left: 15px;\"><\/i> For housing of type DIN ISO 7425-2<\/strong>\n<span style=\"font-weight: bold; line-height: 35px;\">Applications and features<\/span><br>\n<ul style=\"padding-left: 30px;\">\n<li class=\"tiret\">Rotary coupling<\/li>\n<li class=\"tiret\">Oscillating engine<\/li>\n<li class=\"tiret\">Rotary cylinder<\/li>\n<li class=\"tiret\">Pressure-activated prestressing<\/li>\n<li class=\"tiret\">Extended lifespan due to high resistance to abrasion.<\/li>\n<li class=\"tiret\">Low and medium pressure and low rotational speed application<\/li>\n<li class=\"tiret\">No adhesion on the opposite surface in case of prolonged stoppage<\/li>\n<li class=\"tiret\">From \u00d8 6 mm to 1,000 mm<\/li>\n<\/ul>\n<br>\n<strong>MANOY\u00ae Shaft Seal Profile 233<br><i class=\"far fa-hand-point-right\" style=\"font-size: 15px; vertical-align: text-top; padding-left: 15px;\"><\/i> For housing of type DIN ISO 7425-1<\/strong>\n<span style=\"font-weight: bold; line-height: 35px;\">Applications and features<\/span><br>\n<ul style=\"padding-left: 30px;\">\n<li class=\"tiret\">Rotary coupling<\/li>\n<li class=\"tiret\">Oscillating engine<\/li>\n<li class=\"tiret\">Rotary cylinder<\/li>\n<li class=\"tiret\">Pressure-activated prestressing<\/li>\n<li class=\"tiret\">Extended lifespan due to high resistance to abrasion.<\/li>\n<li class=\"tiret\">Medium pressure and low speed application<\/li>\n<li class=\"tiret\">No adhesion on the opposite surface in case of prolonged stoppage<\/li>\n<li class=\"tiret\">From \u00d8 8 mm to 1,000 mm<\/li>\n<\/ul>\n<br><br><br><\/div><\/div><\/div><\/div><\/div><\/div><\/div><!-- cell_inner --><\/div><!-- cell --><\/div><!-- port --><\/section>","protected":false},"excerpt":{"rendered":"","protected":false},"author":1,"featured_media":0,"parent":5268,"menu_order":0,"comment_status":"closed","ping_status":"closed","template":"","meta":{"footnotes":""},"class_list":["post-5319","page","type-page","status-publish","hentry"],"yoast_head":"<!-- This site is optimized with the Yoast SEO plugin v27.3 - https:\/\/yoast.com\/product\/yoast-seo-wordpress\/ -->\n<title>Etanch\u00e9it\u00e9 - Gamme sp\u00e9cifique pour l\u2019industrie alimentaire &gt; Joints d&#039;arbre<\/title>\n<meta name=\"description\" content=\"FGTI Distribution, sp\u00e9cialiste en solutions d\u2019\u00e9tanch\u00e9it\u00e9 - Joint d\u2019arbre MANOY\u00ae Pour tout process de nettoyage de l\u2019industrie alimentaire.\" \/>\n<meta name=\"robots\" content=\"index, follow, max-snippet:-1, max-image-preview:large, max-video-preview:-1\" \/>\n<link rel=\"canonical\" href=\"https:\/\/fgti-distribution.fr\/en\/seals-waterproofing-idg\/specific-food-industry-range\/shaft-joints\/\" \/>\n<meta property=\"og:locale\" content=\"en_GB\" \/>\n<meta property=\"og:type\" content=\"article\" \/>\n<meta property=\"og:title\" content=\"Etanch\u00e9it\u00e9 - Gamme sp\u00e9cifique pour l\u2019industrie alimentaire &gt; Joints d&#039;arbre\" \/>\n<meta property=\"og:description\" content=\"FGTI Distribution, sp\u00e9cialiste en solutions d\u2019\u00e9tanch\u00e9it\u00e9 - Joint d\u2019arbre MANOY\u00ae Pour tout process de nettoyage de l\u2019industrie alimentaire.\" \/>\n<meta property=\"og:url\" content=\"https:\/\/fgti-distribution.fr\/en\/seals-waterproofing-idg\/specific-food-industry-range\/shaft-joints\/\" \/>\n<meta property=\"og:site_name\" content=\"FGTI Distribution\" \/>\n<meta property=\"article:modified_time\" content=\"2026-04-10T12:14:50+00:00\" \/>\n<meta name=\"twitter:card\" content=\"summary_large_image\" \/>\n<meta name=\"twitter:label1\" content=\"Estimated reading time\" \/>\n\t<meta name=\"twitter:data1\" content=\"4 minutes\" \/>\n<script type=\"application\/ld+json\" class=\"yoast-schema-graph\">{\"@context\":\"https:\\\/\\\/schema.org\",\"@graph\":[{\"@type\":\"WebPage\",\"@id\":\"https:\\\/\\\/fgti-distribution.fr\\\/joints-etancheite-idg\\\/gamme-specifique-industrie-alimentaire\\\/joints-d-arbre\\\/\",\"url\":\"https:\\\/\\\/fgti-distribution.fr\\\/joints-etancheite-idg\\\/gamme-specifique-industrie-alimentaire\\\/joints-d-arbre\\\/\",\"name\":\"Etanch\u00e9it\u00e9 - Gamme sp\u00e9cifique pour l\u2019industrie alimentaire > Joints d'arbre\",\"isPartOf\":{\"@id\":\"https:\\\/\\\/fgti-distribution.fr\\\/#website\"},\"datePublished\":\"2019-04-25T13:40:06+00:00\",\"dateModified\":\"2026-04-10T12:14:50+00:00\",\"description\":\"FGTI Distribution, sp\u00e9cialiste en solutions d\u2019\u00e9tanch\u00e9it\u00e9 - Joint d\u2019arbre MANOY\u00ae Pour tout process de nettoyage de l\u2019industrie alimentaire.\",\"breadcrumb\":{\"@id\":\"https:\\\/\\\/fgti-distribution.fr\\\/joints-etancheite-idg\\\/gamme-specifique-industrie-alimentaire\\\/joints-d-arbre\\\/#breadcrumb\"},\"inLanguage\":\"en-GB\",\"potentialAction\":[{\"@type\":\"ReadAction\",\"target\":[\"https:\\\/\\\/fgti-distribution.fr\\\/joints-etancheite-idg\\\/gamme-specifique-industrie-alimentaire\\\/joints-d-arbre\\\/\"]}]},{\"@type\":\"BreadcrumbList\",\"@id\":\"https:\\\/\\\/fgti-distribution.fr\\\/joints-etancheite-idg\\\/gamme-specifique-industrie-alimentaire\\\/joints-d-arbre\\\/#breadcrumb\",\"itemListElement\":[{\"@type\":\"ListItem\",\"position\":1,\"name\":\"Home\",\"item\":\"https:\\\/\\\/fgti-distribution.fr\\\/\"},{\"@type\":\"ListItem\",\"position\":2,\"name\":\"Joints d&rsquo;\u00e9tanch\u00e9it\u00e9 IDG\",\"item\":\"https:\\\/\\\/fgti-distribution.fr\\\/joints-etancheite-idg\\\/\"},{\"@type\":\"ListItem\",\"position\":3,\"name\":\"Gamme sp\u00e9cifique pour l\u2019industrie alimentaire\",\"item\":\"https:\\\/\\\/fgti-distribution.fr\\\/joints-etancheite-idg\\\/gamme-specifique-industrie-alimentaire\\\/\"},{\"@type\":\"ListItem\",\"position\":4,\"name\":\"Joints d\u2019arbre\"}]},{\"@type\":\"WebSite\",\"@id\":\"https:\\\/\\\/fgti-distribution.fr\\\/#website\",\"url\":\"https:\\\/\\\/fgti-distribution.fr\\\/\",\"name\":\"FGTI Distribution\",\"description\":\"Pi\u00e8ces techniques et services \u00e0 forte valeur ajout\u00e9e\",\"publisher\":{\"@id\":\"https:\\\/\\\/fgti-distribution.fr\\\/#organization\"},\"alternateName\":\"FGTI Distribution\",\"potentialAction\":[{\"@type\":\"SearchAction\",\"target\":{\"@type\":\"EntryPoint\",\"urlTemplate\":\"https:\\\/\\\/fgti-distribution.fr\\\/?s={search_term_string}\"},\"query-input\":{\"@type\":\"PropertyValueSpecification\",\"valueRequired\":true,\"valueName\":\"search_term_string\"}}],\"inLanguage\":\"en-GB\"},{\"@type\":\"Organization\",\"@id\":\"https:\\\/\\\/fgti-distribution.fr\\\/#organization\",\"name\":\"FGTI Distribution\",\"alternateName\":\"FGTI Distribution\",\"url\":\"https:\\\/\\\/fgti-distribution.fr\\\/\",\"logo\":{\"@type\":\"ImageObject\",\"inLanguage\":\"en-GB\",\"@id\":\"https:\\\/\\\/fgti-distribution.fr\\\/#\\\/schema\\\/logo\\\/image\\\/\",\"url\":\"https:\\\/\\\/fgti-distribution.fr\\\/wp-content\\\/uploads\\\/2022\\\/12\\\/logo.png\",\"contentUrl\":\"https:\\\/\\\/fgti-distribution.fr\\\/wp-content\\\/uploads\\\/2022\\\/12\\\/logo.png\",\"width\":500,\"height\":228,\"caption\":\"FGTI Distribution\"},\"image\":{\"@id\":\"https:\\\/\\\/fgti-distribution.fr\\\/#\\\/schema\\\/logo\\\/image\\\/\"},\"sameAs\":[\"https:\\\/\\\/www.linkedin.com\\\/company\\\/fgti-distribution\\\/\"]}]}<\/script>\n<!-- \/ Yoast SEO plugin. -->","yoast_head_json":{"title":"Sealing - Specific range for the food industry &gt; Shaft seals","description":"FGTI Distribution, specialists in sealing solutions - MANOY\u00ae shaft seal. For all food industry cleaning processes.","robots":{"index":"index","follow":"follow","max-snippet":"max-snippet:-1","max-image-preview":"max-image-preview:large","max-video-preview":"max-video-preview:-1"},"canonical":"https:\/\/fgti-distribution.fr\/en\/seals-waterproofing-idg\/specific-food-industry-range\/shaft-joints\/","og_locale":"en_GB","og_type":"article","og_title":"Etanch\u00e9it\u00e9 - Gamme sp\u00e9cifique pour l\u2019industrie alimentaire > Joints d'arbre","og_description":"FGTI Distribution, sp\u00e9cialiste en solutions d\u2019\u00e9tanch\u00e9it\u00e9 - Joint d\u2019arbre MANOY\u00ae Pour tout process de nettoyage de l\u2019industrie alimentaire.","og_url":"https:\/\/fgti-distribution.fr\/en\/seals-waterproofing-idg\/specific-food-industry-range\/shaft-joints\/","og_site_name":"FGTI Distribution","article_modified_time":"2026-04-10T12:14:50+00:00","twitter_card":"summary_large_image","twitter_misc":{"Estimated reading time":"4 minutes"},"schema":{"@context":"https:\/\/schema.org","@graph":[{"@type":"WebPage","@id":"https:\/\/fgti-distribution.fr\/joints-etancheite-idg\/gamme-specifique-industrie-alimentaire\/joints-d-arbre\/","url":"https:\/\/fgti-distribution.fr\/joints-etancheite-idg\/gamme-specifique-industrie-alimentaire\/joints-d-arbre\/","name":"Sealing - Specific range for the food industry &gt; Shaft seals","isPartOf":{"@id":"https:\/\/fgti-distribution.fr\/#website"},"datePublished":"2019-04-25T13:40:06+00:00","dateModified":"2026-04-10T12:14:50+00:00","description":"FGTI Distribution, specialists in sealing solutions - MANOY\u00ae shaft seal. For all food industry cleaning processes.","breadcrumb":{"@id":"https:\/\/fgti-distribution.fr\/joints-etancheite-idg\/gamme-specifique-industrie-alimentaire\/joints-d-arbre\/#breadcrumb"},"inLanguage":"en-GB","potentialAction":[{"@type":"ReadAction","target":["https:\/\/fgti-distribution.fr\/joints-etancheite-idg\/gamme-specifique-industrie-alimentaire\/joints-d-arbre\/"]}]},{"@type":"BreadcrumbList","@id":"https:\/\/fgti-distribution.fr\/joints-etancheite-idg\/gamme-specifique-industrie-alimentaire\/joints-d-arbre\/#breadcrumb","itemListElement":[{"@type":"ListItem","position":1,"name":"Home","item":"https:\/\/fgti-distribution.fr\/"},{"@type":"ListItem","position":2,"name":"Joints d&rsquo;\u00e9tanch\u00e9it\u00e9 IDG","item":"https:\/\/fgti-distribution.fr\/joints-etancheite-idg\/"},{"@type":"ListItem","position":3,"name":"Gamme sp\u00e9cifique pour l\u2019industrie alimentaire","item":"https:\/\/fgti-distribution.fr\/joints-etancheite-idg\/gamme-specifique-industrie-alimentaire\/"},{"@type":"ListItem","position":4,"name":"Joints d\u2019arbre"}]},{"@type":"WebSite","@id":"https:\/\/fgti-distribution.fr\/#website","url":"https:\/\/fgti-distribution.fr\/","name":"FGTI Distribution","description":"Technical parts and high-value-added services","publisher":{"@id":"https:\/\/fgti-distribution.fr\/#organization"},"alternateName":"FGTI Distribution","potentialAction":[{"@type":"SearchAction","target":{"@type":"EntryPoint","urlTemplate":"https:\/\/fgti-distribution.fr\/?s={search_term_string}"},"query-input":{"@type":"PropertyValueSpecification","valueRequired":true,"valueName":"search_term_string"}}],"inLanguage":"en-GB"},{"@type":"Organization","@id":"https:\/\/fgti-distribution.fr\/#organization","name":"FGTI Distribution","alternateName":"FGTI Distribution","url":"https:\/\/fgti-distribution.fr\/","logo":{"@type":"ImageObject","inLanguage":"en-GB","@id":"https:\/\/fgti-distribution.fr\/#\/schema\/logo\/image\/","url":"https:\/\/fgti-distribution.fr\/wp-content\/uploads\/2022\/12\/logo.png","contentUrl":"https:\/\/fgti-distribution.fr\/wp-content\/uploads\/2022\/12\/logo.png","width":500,"height":228,"caption":"FGTI Distribution"},"image":{"@id":"https:\/\/fgti-distribution.fr\/#\/schema\/logo\/image\/"},"sameAs":["https:\/\/www.linkedin.com\/company\/fgti-distribution\/"]}]}},"_links":{"self":[{"href":"https:\/\/fgti-distribution.fr\/en\/wp-json\/wp\/v2\/pages\/5319","targetHints":{"allow":["GET"]}}],"collection":[{"href":"https:\/\/fgti-distribution.fr\/en\/wp-json\/wp\/v2\/pages"}],"about":[{"href":"https:\/\/fgti-distribution.fr\/en\/wp-json\/wp\/v2\/types\/page"}],"author":[{"embeddable":true,"href":"https:\/\/fgti-distribution.fr\/en\/wp-json\/wp\/v2\/users\/1"}],"replies":[{"embeddable":true,"href":"https:\/\/fgti-distribution.fr\/en\/wp-json\/wp\/v2\/comments?post=5319"}],"version-history":[{"count":38,"href":"https:\/\/fgti-distribution.fr\/en\/wp-json\/wp\/v2\/pages\/5319\/revisions"}],"predecessor-version":[{"id":10160,"href":"https:\/\/fgti-distribution.fr\/en\/wp-json\/wp\/v2\/pages\/5319\/revisions\/10160"}],"up":[{"embeddable":true,"href":"https:\/\/fgti-distribution.fr\/en\/wp-json\/wp\/v2\/pages\/5268"}],"wp:attachment":[{"href":"https:\/\/fgti-distribution.fr\/en\/wp-json\/wp\/v2\/media?parent=5319"}],"curies":[{"name":"wp","href":"https:\/\/api.w.org\/{rel}","templated":true}]}}