{"id":5390,"date":"2019-04-25T15:31:47","date_gmt":"2019-04-25T15:31:47","guid":{"rendered":"https:\/\/fgti-distribution.fr\/?page_id=5390"},"modified":"2023-05-16T06:52:07","modified_gmt":"2023-05-16T06:52:07","slug":"tourillon","status":"publish","type":"page","link":"https:\/\/fgti-distribution.fr\/en\/joints-etancheite-idg\/gamme-specifique-centrales-hydrauliques\/tourillon\/","title":{"rendered":"Tourillon"},"content":{"rendered":"<section id=\"bt_bb_section69e9386c5b116\" class=\"bt_bb_section bt_bb_layout_boxed_1200\"  data-bt-override-class=\"null\"><div class=\"bt_bb_port\"><div class=\"bt_bb_cell\"><div class=\"bt_bb_cell_inner\"><div class=\"bt_bb_row\"  data-bt-override-class=\"{}\"><div class=\"bt_bb_row_holder\" ><div  class=\"bt_bb_column col-xxl-12 col-xl-12 col-xs-12 col-sm-12 col-md-12 col-lg-12 bt_bb_vertical_align_top bt_bb_align_left bt_bb_padding_normal\" style=\"; --column-width:12;\" data-width=\"12\" data-bt-override-class=\"{}\"><div class=\"bt_bb_column_content\"><div class=\"bt_bb_column_content_inner\"><div class=\"bt_bb_raw_content\"><div class=\"bt_bb_wrapper\"><div id=\"pl-5390\" class=\"panel-layout\"><div id=\"pg-5390-0\" class=\"panel-grid panel-no-style\"><div id=\"pgc-5390-0-0\" class=\"panel-grid-cell\"><div id=\"panel-5390-0-0-0\" class=\"widget_text so-panel widget widget_custom_html panel-first-child panel-last-child\" data-index=\"0\"><div class=\"textwidget custom-html-widget\"><div style=\"color: #BABABA; font-size: 12px; margin-bottom: 20px;\">FGTI-Distribution &gt; Seals &gt; Catalogue &gt; Specific range for hydraulic power plants &gt; Trunnion<\/div>\nThe trunnions are fitted to all closures such as floating rings and all types of valves. The trunnions generally allow the closures to be opened or closed. The seal used has the function of preventing bearing grease from contaminating the water. \n<br><br>\nThe MANOY\u00ae WP type 418 double.\n<br><br><\/div><\/div><\/div><\/div><div id=\"pg-5390-1\" class=\"panel-grid panel-no-style\"><div id=\"pgc-5390-1-0\" class=\"panel-grid-cell\"><div id=\"panel-5390-1-0-0\" class=\"so-panel widget widget_sow-image panel-first-child panel-last-child\" data-index=\"1\"><div class=\"so-widget-sow-image so-widget-sow-image-default-d6014b76747a-5390\">\n\n<div class=\"sow-image-container\">\n\t\t<img loading=\"lazy\" decoding=\"async\" src=\"https:\/\/fgti-distribution.fr\/wp-content\/uploads\/2019\/05\/tourillon.jpg\" width=\"321\" height=\"147\" srcset=\"https:\/\/fgti-distribution.fr\/wp-content\/uploads\/2019\/05\/tourillon.jpg 321w, https:\/\/fgti-distribution.fr\/wp-content\/uploads\/2019\/05\/tourillon-168x77.jpg 168w\" sizes=\"auto, (max-width: 321px) 100vw, 321px\" alt=\"Tourillon\" class=\"so-widget-image\">\n\t<\/div>\n\n<\/div><\/div><\/div><\/div><div id=\"pg-5390-2\" class=\"panel-grid panel-no-style\"><div id=\"pgc-5390-2-0\" class=\"panel-grid-cell\"><div id=\"panel-5390-2-0-0\" class=\"widget_text so-panel widget widget_custom_html panel-first-child panel-last-child\" data-index=\"2\"><div class=\"textwidget custom-html-widget\"><br><br>\n<span style=\"font-weight: bold; line-height: 35px;\">Features and applications<\/span><br>\n<ul style=\"padding-left: 30px;\">\n<li class=\"tiret\">Pivoting movement<\/li>\n<li class=\"tiret\">Single-acting seal with scraping<\/li>\n<li class=\"tiret\">Double-acting seal<\/li>\n<li class=\"tiret\">Axial sealing (depending on type)<\/li>\n<li class=\"tiret\">Adaptable to existing throat dimensions<\/li>\n<li class=\"tiret\">Max. pressure 40 MPa<\/li>\n<li class=\"tiret\">Developed for the sealing of dowels<\/li>\n<li class=\"tiret\">Adapted for shallow guide vane throats <\/li>\n<li class=\"tiret\">Also adapted for Kaplan blade seals<\/li>\n<li class=\"tiret\">Suitable for water or oil operation<\/li>\n<li class=\"tiret\">Profile adapted to avoid spins <\/li>\n<li class=\"tiret\">Achievable up to \u00d8 2800 mm<\/li>\n<li class=\"tiret\">Accept eccentricity (by type)<\/li>\n<li class=\"tiret\">For revisions, the system can be adapted to existing grooves.<\/li>\n<\/ul><\/div><\/div><\/div><\/div><\/div><\/div><\/div><\/div><\/div><\/div><\/div><\/div><\/div><!-- cell_inner --><\/div><!-- cell --><\/div><!-- port --><\/section>","protected":false},"excerpt":{"rendered":"","protected":false},"author":1,"featured_media":0,"parent":5377,"menu_order":0,"comment_status":"closed","ping_status":"closed","template":"","meta":{"footnotes":""},"class_list":["post-5390","page","type-page","status-publish","hentry"],"yoast_head":"<!-- This site is optimized with the Yoast SEO plugin v27.3 - https:\/\/yoast.com\/product\/yoast-seo-wordpress\/ -->\n<title>Etanch\u00e9it\u00e9 - Gamme sp\u00e9cifique pour les centrales hydrauliques &gt; Tourillon<\/title>\n<meta name=\"description\" content=\"Etanch\u00e9it\u00e9 tourillons : le syst\u00e8me MANOY de type 418 en double effet \u00e9vite \u00e0 la graisse du palier de polluer l\u2019eau et \u00e0 l\u2019eau de s\u2019infiltrer dans le palier.\" \/>\n<meta name=\"robots\" content=\"index, follow, max-snippet:-1, max-image-preview:large, max-video-preview:-1\" \/>\n<link rel=\"canonical\" href=\"https:\/\/fgti-distribution.fr\/en\/seals-waterproofing-idg\/specific-range-of-hydraulic-power-units\/tourillon\/\" \/>\n<meta property=\"og:locale\" content=\"en_GB\" \/>\n<meta property=\"og:type\" content=\"article\" \/>\n<meta property=\"og:title\" content=\"Etanch\u00e9it\u00e9 - Gamme sp\u00e9cifique pour les centrales hydrauliques &gt; Tourillon\" \/>\n<meta property=\"og:description\" content=\"Etanch\u00e9it\u00e9 tourillons : le syst\u00e8me MANOY de type 418 en double effet \u00e9vite \u00e0 la graisse du palier de polluer l\u2019eau et \u00e0 l\u2019eau de s\u2019infiltrer dans le palier.\" \/>\n<meta property=\"og:url\" content=\"https:\/\/fgti-distribution.fr\/en\/seals-waterproofing-idg\/specific-range-of-hydraulic-power-units\/tourillon\/\" \/>\n<meta property=\"og:site_name\" content=\"FGTI Distribution\" \/>\n<meta property=\"article:modified_time\" content=\"2023-05-16T06:52:07+00:00\" \/>\n<meta name=\"twitter:card\" content=\"summary_large_image\" \/>\n<meta name=\"twitter:label1\" content=\"Estimated reading time\" \/>\n\t<meta name=\"twitter:data1\" content=\"1 minute\" \/>\n<script type=\"application\/ld+json\" class=\"yoast-schema-graph\">{\"@context\":\"https:\\\/\\\/schema.org\",\"@graph\":[{\"@type\":\"WebPage\",\"@id\":\"https:\\\/\\\/fgti-distribution.fr\\\/joints-etancheite-idg\\\/gamme-specifique-centrales-hydrauliques\\\/tourillon\\\/\",\"url\":\"https:\\\/\\\/fgti-distribution.fr\\\/joints-etancheite-idg\\\/gamme-specifique-centrales-hydrauliques\\\/tourillon\\\/\",\"name\":\"Etanch\u00e9it\u00e9 - Gamme sp\u00e9cifique pour les centrales hydrauliques > Tourillon\",\"isPartOf\":{\"@id\":\"https:\\\/\\\/fgti-distribution.fr\\\/#website\"},\"datePublished\":\"2019-04-25T15:31:47+00:00\",\"dateModified\":\"2023-05-16T06:52:07+00:00\",\"description\":\"Etanch\u00e9it\u00e9 tourillons : le syst\u00e8me MANOY de type 418 en double effet \u00e9vite \u00e0 la graisse du palier de polluer l\u2019eau et \u00e0 l\u2019eau de s\u2019infiltrer dans le palier.\",\"breadcrumb\":{\"@id\":\"https:\\\/\\\/fgti-distribution.fr\\\/joints-etancheite-idg\\\/gamme-specifique-centrales-hydrauliques\\\/tourillon\\\/#breadcrumb\"},\"inLanguage\":\"en-GB\",\"potentialAction\":[{\"@type\":\"ReadAction\",\"target\":[\"https:\\\/\\\/fgti-distribution.fr\\\/joints-etancheite-idg\\\/gamme-specifique-centrales-hydrauliques\\\/tourillon\\\/\"]}]},{\"@type\":\"BreadcrumbList\",\"@id\":\"https:\\\/\\\/fgti-distribution.fr\\\/joints-etancheite-idg\\\/gamme-specifique-centrales-hydrauliques\\\/tourillon\\\/#breadcrumb\",\"itemListElement\":[{\"@type\":\"ListItem\",\"position\":1,\"name\":\"Home\",\"item\":\"https:\\\/\\\/fgti-distribution.fr\\\/\"},{\"@type\":\"ListItem\",\"position\":2,\"name\":\"Joints d&rsquo;\u00e9tanch\u00e9it\u00e9 IDG\",\"item\":\"https:\\\/\\\/fgti-distribution.fr\\\/joints-etancheite-idg\\\/\"},{\"@type\":\"ListItem\",\"position\":3,\"name\":\"Gamme sp\u00e9cifique pour les centrales hydrauliques\",\"item\":\"https:\\\/\\\/fgti-distribution.fr\\\/joints-etancheite-idg\\\/gamme-specifique-centrales-hydrauliques\\\/\"},{\"@type\":\"ListItem\",\"position\":4,\"name\":\"Tourillon\"}]},{\"@type\":\"WebSite\",\"@id\":\"https:\\\/\\\/fgti-distribution.fr\\\/#website\",\"url\":\"https:\\\/\\\/fgti-distribution.fr\\\/\",\"name\":\"FGTI Distribution\",\"description\":\"Pi\u00e8ces techniques et services \u00e0 forte valeur ajout\u00e9e\",\"publisher\":{\"@id\":\"https:\\\/\\\/fgti-distribution.fr\\\/#organization\"},\"alternateName\":\"FGTI Distribution\",\"potentialAction\":[{\"@type\":\"SearchAction\",\"target\":{\"@type\":\"EntryPoint\",\"urlTemplate\":\"https:\\\/\\\/fgti-distribution.fr\\\/?s={search_term_string}\"},\"query-input\":{\"@type\":\"PropertyValueSpecification\",\"valueRequired\":true,\"valueName\":\"search_term_string\"}}],\"inLanguage\":\"en-GB\"},{\"@type\":\"Organization\",\"@id\":\"https:\\\/\\\/fgti-distribution.fr\\\/#organization\",\"name\":\"FGTI Distribution\",\"alternateName\":\"FGTI Distribution\",\"url\":\"https:\\\/\\\/fgti-distribution.fr\\\/\",\"logo\":{\"@type\":\"ImageObject\",\"inLanguage\":\"en-GB\",\"@id\":\"https:\\\/\\\/fgti-distribution.fr\\\/#\\\/schema\\\/logo\\\/image\\\/\",\"url\":\"https:\\\/\\\/fgti-distribution.fr\\\/wp-content\\\/uploads\\\/2022\\\/12\\\/logo.png\",\"contentUrl\":\"https:\\\/\\\/fgti-distribution.fr\\\/wp-content\\\/uploads\\\/2022\\\/12\\\/logo.png\",\"width\":500,\"height\":228,\"caption\":\"FGTI Distribution\"},\"image\":{\"@id\":\"https:\\\/\\\/fgti-distribution.fr\\\/#\\\/schema\\\/logo\\\/image\\\/\"},\"sameAs\":[\"https:\\\/\\\/www.linkedin.com\\\/company\\\/fgti-distribution\\\/\"]}]}<\/script>\n<!-- \/ Yoast SEO plugin. -->","yoast_head_json":{"title":"Sealing - Specific range for hydroelectric power plants &gt; Trunnion","description":"Shaft sealing: The MANOY type 418 double-acting system prevents bearing grease from polluting the water and water from infiltrating the bearing.","robots":{"index":"index","follow":"follow","max-snippet":"max-snippet:-1","max-image-preview":"max-image-preview:large","max-video-preview":"max-video-preview:-1"},"canonical":"https:\/\/fgti-distribution.fr\/en\/seals-waterproofing-idg\/specific-range-of-hydraulic-power-units\/tourillon\/","og_locale":"en_GB","og_type":"article","og_title":"Etanch\u00e9it\u00e9 - Gamme sp\u00e9cifique pour les centrales hydrauliques > Tourillon","og_description":"Etanch\u00e9it\u00e9 tourillons : le syst\u00e8me MANOY de type 418 en double effet \u00e9vite \u00e0 la graisse du palier de polluer l\u2019eau et \u00e0 l\u2019eau de s\u2019infiltrer dans le palier.","og_url":"https:\/\/fgti-distribution.fr\/en\/seals-waterproofing-idg\/specific-range-of-hydraulic-power-units\/tourillon\/","og_site_name":"FGTI Distribution","article_modified_time":"2023-05-16T06:52:07+00:00","twitter_card":"summary_large_image","twitter_misc":{"Estimated reading time":"1 minute"},"schema":{"@context":"https:\/\/schema.org","@graph":[{"@type":"WebPage","@id":"https:\/\/fgti-distribution.fr\/joints-etancheite-idg\/gamme-specifique-centrales-hydrauliques\/tourillon\/","url":"https:\/\/fgti-distribution.fr\/joints-etancheite-idg\/gamme-specifique-centrales-hydrauliques\/tourillon\/","name":"Sealing - Specific range for hydroelectric power plants &gt; Trunnion","isPartOf":{"@id":"https:\/\/fgti-distribution.fr\/#website"},"datePublished":"2019-04-25T15:31:47+00:00","dateModified":"2023-05-16T06:52:07+00:00","description":"Shaft sealing: The MANOY type 418 double-acting system prevents bearing grease from polluting the water and water from infiltrating the bearing.","breadcrumb":{"@id":"https:\/\/fgti-distribution.fr\/joints-etancheite-idg\/gamme-specifique-centrales-hydrauliques\/tourillon\/#breadcrumb"},"inLanguage":"en-GB","potentialAction":[{"@type":"ReadAction","target":["https:\/\/fgti-distribution.fr\/joints-etancheite-idg\/gamme-specifique-centrales-hydrauliques\/tourillon\/"]}]},{"@type":"BreadcrumbList","@id":"https:\/\/fgti-distribution.fr\/joints-etancheite-idg\/gamme-specifique-centrales-hydrauliques\/tourillon\/#breadcrumb","itemListElement":[{"@type":"ListItem","position":1,"name":"Home","item":"https:\/\/fgti-distribution.fr\/"},{"@type":"ListItem","position":2,"name":"Joints d&rsquo;\u00e9tanch\u00e9it\u00e9 IDG","item":"https:\/\/fgti-distribution.fr\/joints-etancheite-idg\/"},{"@type":"ListItem","position":3,"name":"Gamme sp\u00e9cifique pour les centrales hydrauliques","item":"https:\/\/fgti-distribution.fr\/joints-etancheite-idg\/gamme-specifique-centrales-hydrauliques\/"},{"@type":"ListItem","position":4,"name":"Tourillon"}]},{"@type":"WebSite","@id":"https:\/\/fgti-distribution.fr\/#website","url":"https:\/\/fgti-distribution.fr\/","name":"FGTI Distribution","description":"Technical parts and high-value-added services","publisher":{"@id":"https:\/\/fgti-distribution.fr\/#organization"},"alternateName":"FGTI Distribution","potentialAction":[{"@type":"SearchAction","target":{"@type":"EntryPoint","urlTemplate":"https:\/\/fgti-distribution.fr\/?s={search_term_string}"},"query-input":{"@type":"PropertyValueSpecification","valueRequired":true,"valueName":"search_term_string"}}],"inLanguage":"en-GB"},{"@type":"Organization","@id":"https:\/\/fgti-distribution.fr\/#organization","name":"FGTI Distribution","alternateName":"FGTI Distribution","url":"https:\/\/fgti-distribution.fr\/","logo":{"@type":"ImageObject","inLanguage":"en-GB","@id":"https:\/\/fgti-distribution.fr\/#\/schema\/logo\/image\/","url":"https:\/\/fgti-distribution.fr\/wp-content\/uploads\/2022\/12\/logo.png","contentUrl":"https:\/\/fgti-distribution.fr\/wp-content\/uploads\/2022\/12\/logo.png","width":500,"height":228,"caption":"FGTI Distribution"},"image":{"@id":"https:\/\/fgti-distribution.fr\/#\/schema\/logo\/image\/"},"sameAs":["https:\/\/www.linkedin.com\/company\/fgti-distribution\/"]}]}},"_links":{"self":[{"href":"https:\/\/fgti-distribution.fr\/en\/wp-json\/wp\/v2\/pages\/5390","targetHints":{"allow":["GET"]}}],"collection":[{"href":"https:\/\/fgti-distribution.fr\/en\/wp-json\/wp\/v2\/pages"}],"about":[{"href":"https:\/\/fgti-distribution.fr\/en\/wp-json\/wp\/v2\/types\/page"}],"author":[{"embeddable":true,"href":"https:\/\/fgti-distribution.fr\/en\/wp-json\/wp\/v2\/users\/1"}],"replies":[{"embeddable":true,"href":"https:\/\/fgti-distribution.fr\/en\/wp-json\/wp\/v2\/comments?post=5390"}],"version-history":[{"count":15,"href":"https:\/\/fgti-distribution.fr\/en\/wp-json\/wp\/v2\/pages\/5390\/revisions"}],"predecessor-version":[{"id":7937,"href":"https:\/\/fgti-distribution.fr\/en\/wp-json\/wp\/v2\/pages\/5390\/revisions\/7937"}],"up":[{"embeddable":true,"href":"https:\/\/fgti-distribution.fr\/en\/wp-json\/wp\/v2\/pages\/5377"}],"wp:attachment":[{"href":"https:\/\/fgti-distribution.fr\/en\/wp-json\/wp\/v2\/media?parent=5390"}],"curies":[{"name":"wp","href":"https:\/\/api.w.org\/{rel}","templated":true}]}}