{"id":5949,"date":"2020-01-02T15:37:01","date_gmt":"2020-01-02T15:37:01","guid":{"rendered":"https:\/\/fgti-distribution.fr\/?page_id=5949"},"modified":"2024-05-15T12:20:28","modified_gmt":"2024-05-15T12:20:28","slug":"plumbing-fixture-assembly","status":"publish","type":"page","link":"https:\/\/fgti-distribution.fr\/en\/fixation-araymond\/fixation-assemblage-plomberie\/","title":{"rendered":"HVAC fixation and assembly"},"content":{"rendered":"<section id=\"bt_bb_section69e9384a7283f\" class=\"bt_bb_section bt_bb_layout_boxed_1200\"  data-bt-override-class=\"null\"><div class=\"bt_bb_port\"><div class=\"bt_bb_cell\"><div class=\"bt_bb_cell_inner\"><div class=\"bt_bb_row\"  data-bt-override-class=\"{}\"><div class=\"bt_bb_row_holder\" ><div  class=\"bt_bb_column col-xxl-12 col-xl-12 col-xs-12 col-sm-12 col-md-12 col-lg-12 bt_bb_vertical_align_top bt_bb_align_left bt_bb_padding_normal\" style=\"; --column-width:12;\" data-width=\"12\" data-bt-override-class=\"{}\"><div class=\"bt_bb_column_content\"><div class=\"bt_bb_column_content_inner\"><div class=\"bt_bb_raw_content\"><h2 style=\"color: #172983; font-size: 22px; text-transform: uppercase; text-align: left;\">HVAC FIXING SOLUTIONS<\/h2>\n<h3 style=\"color: #172983; font-size: 17px; text-align: left;\">Fluid distribution<\/h3>\n<p style=\"display: inline; line-height: 18px;\">Whatever your fastening or assembly challenges, FGTI Distribution offers an ARaymond solution that can handle the desired function. These tool-free, rapid fastening systems can replace your existing solutions for a <u>more efficient assembly with reduced maintenance costs<\/u>.<\/p>\n<p>\u00a0<\/p><\/div><div data-bb-version=\"4.9.1\" class=\"bt_bb_image bt_bb_shape_square bt_bb_target_self bt_bb_align_inherit bt_bb_hover_style_simple bt_bb_content_display_always bt_bb_content_align_middle bt_bb_remove_padding_yes bt_bb_fill_background_color_full\" style=\"display: none;\" data-bt-override-class=\"{&quot;bt_bb_align_&quot;:{&quot;current_class&quot;:&quot;bt_bb_align_inherit&quot;,&quot;def&quot;:&quot;inherit&quot;}}\"><span><img loading=\"lazy\" decoding=\"async\" width=\"2381\" height=\"1197\" src=\"https:\/\/fgti-distribution.fr\/wp-content\/uploads\/2024\/04\/fixations-assemblage-hvac.jpg\" class=\"attachment-full size-full\" alt=\"HVAC fixings and assembly\" data-full_image_src=\"https:\/\/fgti-distribution.fr\/wp-content\/uploads\/2024\/04\/fixations-assemblage-hvac.jpg\" srcset=\"https:\/\/fgti-distribution.fr\/wp-content\/uploads\/2024\/04\/fixations-assemblage-hvac.jpg 2381w, https:\/\/fgti-distribution.fr\/wp-content\/uploads\/2024\/04\/fixations-assemblage-hvac-640x322.jpg 640w, https:\/\/fgti-distribution.fr\/wp-content\/uploads\/2024\/04\/fixations-assemblage-hvac-1280x643.jpg 1280w, https:\/\/fgti-distribution.fr\/wp-content\/uploads\/2024\/04\/fixations-assemblage-hvac-768x386.jpg 768w, https:\/\/fgti-distribution.fr\/wp-content\/uploads\/2024\/04\/fixations-assemblage-hvac-1536x772.jpg 1536w, https:\/\/fgti-distribution.fr\/wp-content\/uploads\/2024\/04\/fixations-assemblage-hvac-2048x1030.jpg 2048w, https:\/\/fgti-distribution.fr\/wp-content\/uploads\/2024\/04\/fixations-assemblage-hvac-320x161.jpg 320w\" sizes=\"auto, (max-width: 2381px) 100vw, 2381px\" \/><\/span><\/div><div class=\"bt_bb_raw_content\"><h3 style=\"color: #172983;  \">FGTI Distribution offers numerous solutions to the HVAC market: <\/h3><\/div><div data-bb-version=\"4.9.1\" class=\"bt_bb_row_inner\"   data-bt-override-class=\"{}\"><div class=\"bt_bb_row_inner_holder\"  ><div data-bb-version=\"4.9.1\"  class=\"bt_bb_column_inner col-xxl-6 col-xl-6 col-xs-12 col-sm-6 col-md-6 col-lg-6 bt_bb_vertical_align_top bt_bb_align_left bt_bb_padding_normal\"  data-width=\"6\" data-bt-override-class=\"{}\"><div class=\"bt_bb_column_inner_content\"><div class=\"bt_bb_column_inner_content_inner\"><div class=\"bt_bb_raw_content\"><table>\n<tr>\n<td style=\"width: 20%;vertical-align: top;\">\n<img decoding=\"async\" src=\"\/FGTI_images\/supports-tubes-a-monter-bords-de-panneaux.jpg\" style=\"width: 50px;\" alt=\"Support tubes to be mounted on panel edges\">\n<\/td>\n<td style=\"font-size: 14px;\">\n<b>Supports for tubes to be mounted on panel edges. <\/b>\nTo ensure the fixing of electrical cables, conduits or corrugated hoses to a metal structure or panel. The available cable ties have additional features such as edge clips, a fir tree or anchor foot function, plastic clips for fixing them as well as a hose and\/or swivel function.\n<\/td>\n<\/tr>\n<tr>\n<td style=\"width: 20%;vertical-align: top;\">\n<img decoding=\"async\" src=\"\/FGTI_images\/support-tube-plastique.jpg\" style=\"width: 50px;\" alt=\"plastic tube support\">\n<\/td>\n<td style=\"font-size: 14px;\">\n<b>Plastic support tube. <\/b>\nThese parts are simple to install and ensure reliable retention. The product range is wide and suitable for different environments such as in a hole, on a panel edge, on a strut, on cables\/tubes\/hoses and on flat surfaces.\n<\/td>\n<\/tr>\n<tr>\n<td style=\"width: 20%;vertical-align: top;\">\n<img decoding=\"async\" src=\"\/FGTI_images\/ecrous-bord-de-panneau.jpg\" style=\"width: 50px;\" alt=\"Panel edge nuts.\">\n<\/td>\n<td style=\"font-size: 14px;\">\n<b>Nuts to clamp onto a panel edge. <\/b>\nMost HVAC units are constructed from thin sheet metal panels, acting as covers and attached to an internal metal frame. These solutions avoid replacing a whole panel due to the sheet metal and metal screws. \n<\/td>\n<\/tr>\n<tr>\n<td style=\"width: 20%;vertical-align: top;\">\n<img decoding=\"async\" src=\"\/FGTI_images\/agrafes-bord-de-panneau.jpg\" style=\"width: 50px;\" alt=\"Pinch clips for panel edge.\">\n<\/td>\n<td style=\"font-size: 14px;\">\n<b>Pinch clips for panel edge. <\/b>\nThe main function is to fix two panels together. This assembly can be achieved with two panels in a single direction (U-Clips) or with two panels coming from opposite directions (S-Clips). \n<\/td>\n<\/tr>\n<\/table><\/div><\/div><\/div><\/div><div data-bb-version=\"4.9.1\"  class=\"bt_bb_column_inner col-xxl-6 col-xl-6 col-xs-12 col-sm-6 col-md-6 col-lg-6 bt_bb_vertical_align_top bt_bb_align_left bt_bb_padding_normal\"  data-width=\"6\" data-bt-override-class=\"{}\"><div class=\"bt_bb_column_inner_content\"><div class=\"bt_bb_column_inner_content_inner\"><div class=\"bt_bb_raw_content\"><table>\n<tr>\n<td style=\"width: 20%;vertical-align: top;\">\n<img decoding=\"async\" src=\"\/FGTI_images\/arrets-axe.jpg\" style=\"width: 50px;\" alt=\"Axis stops\">\n<\/td>\n<td style=\"font-size: 14px;\">\n<b>Axis stops. .<\/b>\nVery simple to use, they offer several advantages over traditional tools.\nShaft stops eliminate the need for a washer and reduce costs. Shaft retaining devices require less torque and the self-tapping option eliminates the need for a threaded rod.\n<\/td>\n<\/tr>\n<tr>\n<td style=\"width: 20%;vertical-align: top;\">\n<img decoding=\"async\" src=\"\/FGTI_images\/support-tube-metal.jpg\" style=\"width: 50px;\" alt=\"Metal support tube\">\n<\/td>\n<td style=\"font-size: 14px;\">\n<b>Metal support tube.<\/b>\nEven with the same function as plastic ones, metal tube supports allow for working in harsher environments (outdoor applications, high pipe temperatures, high retention).\n<\/td>\n<\/tr>\n<tr>\n<td style=\"width: 20%;vertical-align: top;\">\n<img decoding=\"async\" src=\"\/FGTI_images\/raccords-rapides-pour-fluide.jpg\" style=\"width: 50px;\" alt=\"Quick-release fittings for fluid\">\n<\/td>\n<td style=\"font-size: 14px;\">\n<b>Quick-release fittings for fluids. <\/b>\nARaymond quick connectors are ideal for HVAC applications. The connectors can reduce copper usage and eliminate the need for soldering, self-gripping, and screwing tasks on the assembly line.\n<\/td>\n<\/tr>\n<tr>\n<td style=\"width: 20%;vertical-align: top;\">\n<img decoding=\"async\" src=\"\/FGTI_images\/agrafes-de-panneaux-a-clipper.jpg\" style=\"width: 50px;\" alt=\"Clip-on panel fasteners\">\n<\/td>\n<td style=\"font-size: 14px;\">\n<b>Clip-on panel staples. <\/b>\nClip-on panel fasteners replace traditional solutions such as screws or rivets. Depending on the model, it is inserted into a panel hole or a blind hole. An aesthetic solution thanks to its small head.\n<\/td>\n<\/tr>\n<\/table><\/div><\/div><\/div><\/div><\/div><\/div><div class=\"bt_bb_raw_content\"><p>\u00a0<\/p>\n<p style=\"text-align: left;\">To directly access detailed technical data sheets, <a style=\"font-size: 14px; color: white; background: #172983; padding: 5px 10px; border-radius: 5px;\" href=\"https:\/\/fgti-distribution.fr\/en\/raymond-fixation\/detailed-cards-ray213\/\">Click here<\/a><\/p><\/div><\/div><\/div><\/div><\/div><\/div><\/div><!-- cell_inner --><\/div><!-- cell --><\/div><!-- port --><\/section>","protected":false},"excerpt":{"rendered":"","protected":false},"author":1,"featured_media":7486,"parent":10,"menu_order":0,"comment_status":"closed","ping_status":"closed","template":"","meta":{"footnotes":""},"class_list":["post-5949","page","type-page","status-publish","has-post-thumbnail","hentry"],"yoast_head":"<!-- This site is optimized with the Yoast SEO plugin v27.3 - https:\/\/yoast.com\/product\/yoast-seo-wordpress\/ -->\n<title>FGTI Distribution - Fixation et assemblage pour la plomberie<\/title>\n<meta name=\"description\" content=\"Quelles que soient vos probl\u00e9matiques de fixation ou d\u2019assemblage pour la plomberie, FGTI Distribution vous propose une solution ARaymond.\" \/>\n<meta name=\"robots\" content=\"index, follow, max-snippet:-1, max-image-preview:large, max-video-preview:-1\" \/>\n<link rel=\"canonical\" href=\"https:\/\/fgti-distribution.fr\/en\/raymond-fixation\/plumbing-fixture-assembly\/\" \/>\n<meta property=\"og:locale\" content=\"en_GB\" \/>\n<meta property=\"og:type\" content=\"article\" \/>\n<meta property=\"og:title\" content=\"FGTI Distribution - Fixation et assemblage pour la plomberie\" \/>\n<meta property=\"og:description\" content=\"Quelles que soient vos probl\u00e9matiques de fixation ou d\u2019assemblage pour la plomberie, FGTI Distribution vous propose une solution ARaymond.\" \/>\n<meta property=\"og:url\" content=\"https:\/\/fgti-distribution.fr\/en\/raymond-fixation\/plumbing-fixture-assembly\/\" \/>\n<meta property=\"og:site_name\" content=\"FGTI Distribution\" \/>\n<meta property=\"article:modified_time\" content=\"2024-05-15T12:20:28+00:00\" \/>\n<meta property=\"og:image\" content=\"https:\/\/fgti-distribution.fr\/wp-content\/uploads\/2023\/02\/fixation-assemblage-plomberie.jpg\" \/>\n\t<meta property=\"og:image:width\" content=\"1600\" \/>\n\t<meta property=\"og:image:height\" content=\"430\" \/>\n\t<meta property=\"og:image:type\" content=\"image\/jpeg\" \/>\n<meta name=\"twitter:card\" content=\"summary_large_image\" \/>\n<meta name=\"twitter:label1\" content=\"Estimated reading time\" \/>\n\t<meta name=\"twitter:data1\" content=\"1 minute\" \/>\n<script type=\"application\/ld+json\" class=\"yoast-schema-graph\">{\"@context\":\"https:\\\/\\\/schema.org\",\"@graph\":[{\"@type\":\"WebPage\",\"@id\":\"https:\\\/\\\/fgti-distribution.fr\\\/fixation-araymond\\\/fixation-assemblage-plomberie\\\/\",\"url\":\"https:\\\/\\\/fgti-distribution.fr\\\/fixation-araymond\\\/fixation-assemblage-plomberie\\\/\",\"name\":\"FGTI Distribution - Fixation et assemblage pour la plomberie\",\"isPartOf\":{\"@id\":\"https:\\\/\\\/fgti-distribution.fr\\\/#website\"},\"primaryImageOfPage\":{\"@id\":\"https:\\\/\\\/fgti-distribution.fr\\\/fixation-araymond\\\/fixation-assemblage-plomberie\\\/#primaryimage\"},\"image\":{\"@id\":\"https:\\\/\\\/fgti-distribution.fr\\\/fixation-araymond\\\/fixation-assemblage-plomberie\\\/#primaryimage\"},\"thumbnailUrl\":\"https:\\\/\\\/fgti-distribution.fr\\\/wp-content\\\/uploads\\\/2023\\\/02\\\/fixation-assemblage-plomberie.jpg\",\"datePublished\":\"2020-01-02T15:37:01+00:00\",\"dateModified\":\"2024-05-15T12:20:28+00:00\",\"description\":\"Quelles que soient vos probl\u00e9matiques de fixation ou d\u2019assemblage pour la plomberie, FGTI Distribution vous propose une solution ARaymond.\",\"breadcrumb\":{\"@id\":\"https:\\\/\\\/fgti-distribution.fr\\\/fixation-araymond\\\/fixation-assemblage-plomberie\\\/#breadcrumb\"},\"inLanguage\":\"en-GB\",\"potentialAction\":[{\"@type\":\"ReadAction\",\"target\":[\"https:\\\/\\\/fgti-distribution.fr\\\/fixation-araymond\\\/fixation-assemblage-plomberie\\\/\"]}]},{\"@type\":\"ImageObject\",\"inLanguage\":\"en-GB\",\"@id\":\"https:\\\/\\\/fgti-distribution.fr\\\/fixation-araymond\\\/fixation-assemblage-plomberie\\\/#primaryimage\",\"url\":\"https:\\\/\\\/fgti-distribution.fr\\\/wp-content\\\/uploads\\\/2023\\\/02\\\/fixation-assemblage-plomberie.jpg\",\"contentUrl\":\"https:\\\/\\\/fgti-distribution.fr\\\/wp-content\\\/uploads\\\/2023\\\/02\\\/fixation-assemblage-plomberie.jpg\",\"width\":1600,\"height\":430,\"caption\":\"fixation assemblage plomberie\"},{\"@type\":\"BreadcrumbList\",\"@id\":\"https:\\\/\\\/fgti-distribution.fr\\\/fixation-araymond\\\/fixation-assemblage-plomberie\\\/#breadcrumb\",\"itemListElement\":[{\"@type\":\"ListItem\",\"position\":1,\"name\":\"Home\",\"item\":\"https:\\\/\\\/fgti-distribution.fr\\\/\"},{\"@type\":\"ListItem\",\"position\":2,\"name\":\"Fixations ARaymond\",\"item\":\"https:\\\/\\\/fgti-distribution.fr\\\/fixation-araymond\\\/\"},{\"@type\":\"ListItem\",\"position\":3,\"name\":\"Fixation et assemblage HVAC (chauffage, ventilation et climatisation)\"}]},{\"@type\":\"WebSite\",\"@id\":\"https:\\\/\\\/fgti-distribution.fr\\\/#website\",\"url\":\"https:\\\/\\\/fgti-distribution.fr\\\/\",\"name\":\"FGTI Distribution\",\"description\":\"Pi\u00e8ces techniques et services \u00e0 forte valeur ajout\u00e9e\",\"publisher\":{\"@id\":\"https:\\\/\\\/fgti-distribution.fr\\\/#organization\"},\"alternateName\":\"FGTI Distribution\",\"potentialAction\":[{\"@type\":\"SearchAction\",\"target\":{\"@type\":\"EntryPoint\",\"urlTemplate\":\"https:\\\/\\\/fgti-distribution.fr\\\/?s={search_term_string}\"},\"query-input\":{\"@type\":\"PropertyValueSpecification\",\"valueRequired\":true,\"valueName\":\"search_term_string\"}}],\"inLanguage\":\"en-GB\"},{\"@type\":\"Organization\",\"@id\":\"https:\\\/\\\/fgti-distribution.fr\\\/#organization\",\"name\":\"FGTI Distribution\",\"alternateName\":\"FGTI Distribution\",\"url\":\"https:\\\/\\\/fgti-distribution.fr\\\/\",\"logo\":{\"@type\":\"ImageObject\",\"inLanguage\":\"en-GB\",\"@id\":\"https:\\\/\\\/fgti-distribution.fr\\\/#\\\/schema\\\/logo\\\/image\\\/\",\"url\":\"https:\\\/\\\/fgti-distribution.fr\\\/wp-content\\\/uploads\\\/2022\\\/12\\\/logo.png\",\"contentUrl\":\"https:\\\/\\\/fgti-distribution.fr\\\/wp-content\\\/uploads\\\/2022\\\/12\\\/logo.png\",\"width\":500,\"height\":228,\"caption\":\"FGTI Distribution\"},\"image\":{\"@id\":\"https:\\\/\\\/fgti-distribution.fr\\\/#\\\/schema\\\/logo\\\/image\\\/\"},\"sameAs\":[\"https:\\\/\\\/www.linkedin.com\\\/company\\\/fgti-distribution\\\/\"]}]}<\/script>\n<!-- \/ Yoast SEO plugin. -->","yoast_head_json":{"title":"FGTI Distribution - Fixings and assembly for plumbing","description":"Whatever your fastening or assembly issues for plumbing, FGTI Distribution offers you an ARaymond solution.","robots":{"index":"index","follow":"follow","max-snippet":"max-snippet:-1","max-image-preview":"max-image-preview:large","max-video-preview":"max-video-preview:-1"},"canonical":"https:\/\/fgti-distribution.fr\/en\/raymond-fixation\/plumbing-fixture-assembly\/","og_locale":"en_GB","og_type":"article","og_title":"FGTI Distribution - Fixation et assemblage pour la plomberie","og_description":"Quelles que soient vos probl\u00e9matiques de fixation ou d\u2019assemblage pour la plomberie, FGTI Distribution vous propose une solution ARaymond.","og_url":"https:\/\/fgti-distribution.fr\/en\/raymond-fixation\/plumbing-fixture-assembly\/","og_site_name":"FGTI Distribution","article_modified_time":"2024-05-15T12:20:28+00:00","og_image":[{"width":1600,"height":430,"url":"https:\/\/fgti-distribution.fr\/wp-content\/uploads\/2023\/02\/fixation-assemblage-plomberie.jpg","type":"image\/jpeg"}],"twitter_card":"summary_large_image","twitter_misc":{"Estimated reading time":"1 minute"},"schema":{"@context":"https:\/\/schema.org","@graph":[{"@type":"WebPage","@id":"https:\/\/fgti-distribution.fr\/fixation-araymond\/fixation-assemblage-plomberie\/","url":"https:\/\/fgti-distribution.fr\/fixation-araymond\/fixation-assemblage-plomberie\/","name":"FGTI Distribution - Fixings and assembly for plumbing","isPartOf":{"@id":"https:\/\/fgti-distribution.fr\/#website"},"primaryImageOfPage":{"@id":"https:\/\/fgti-distribution.fr\/fixation-araymond\/fixation-assemblage-plomberie\/#primaryimage"},"image":{"@id":"https:\/\/fgti-distribution.fr\/fixation-araymond\/fixation-assemblage-plomberie\/#primaryimage"},"thumbnailUrl":"https:\/\/fgti-distribution.fr\/wp-content\/uploads\/2023\/02\/fixation-assemblage-plomberie.jpg","datePublished":"2020-01-02T15:37:01+00:00","dateModified":"2024-05-15T12:20:28+00:00","description":"Whatever your fastening or assembly issues for plumbing, FGTI Distribution offers you an ARaymond solution.","breadcrumb":{"@id":"https:\/\/fgti-distribution.fr\/fixation-araymond\/fixation-assemblage-plomberie\/#breadcrumb"},"inLanguage":"en-GB","potentialAction":[{"@type":"ReadAction","target":["https:\/\/fgti-distribution.fr\/fixation-araymond\/fixation-assemblage-plomberie\/"]}]},{"@type":"ImageObject","inLanguage":"en-GB","@id":"https:\/\/fgti-distribution.fr\/fixation-araymond\/fixation-assemblage-plomberie\/#primaryimage","url":"https:\/\/fgti-distribution.fr\/wp-content\/uploads\/2023\/02\/fixation-assemblage-plomberie.jpg","contentUrl":"https:\/\/fgti-distribution.fr\/wp-content\/uploads\/2023\/02\/fixation-assemblage-plomberie.jpg","width":1600,"height":430,"caption":"fixation assemblage plomberie"},{"@type":"BreadcrumbList","@id":"https:\/\/fgti-distribution.fr\/fixation-araymond\/fixation-assemblage-plomberie\/#breadcrumb","itemListElement":[{"@type":"ListItem","position":1,"name":"Home","item":"https:\/\/fgti-distribution.fr\/"},{"@type":"ListItem","position":2,"name":"Fixations ARaymond","item":"https:\/\/fgti-distribution.fr\/fixation-araymond\/"},{"@type":"ListItem","position":3,"name":"Fixation et assemblage HVAC (chauffage, ventilation et climatisation)"}]},{"@type":"WebSite","@id":"https:\/\/fgti-distribution.fr\/#website","url":"https:\/\/fgti-distribution.fr\/","name":"FGTI Distribution","description":"Technical parts and high-value-added services","publisher":{"@id":"https:\/\/fgti-distribution.fr\/#organization"},"alternateName":"FGTI Distribution","potentialAction":[{"@type":"SearchAction","target":{"@type":"EntryPoint","urlTemplate":"https:\/\/fgti-distribution.fr\/?s={search_term_string}"},"query-input":{"@type":"PropertyValueSpecification","valueRequired":true,"valueName":"search_term_string"}}],"inLanguage":"en-GB"},{"@type":"Organization","@id":"https:\/\/fgti-distribution.fr\/#organization","name":"FGTI Distribution","alternateName":"FGTI Distribution","url":"https:\/\/fgti-distribution.fr\/","logo":{"@type":"ImageObject","inLanguage":"en-GB","@id":"https:\/\/fgti-distribution.fr\/#\/schema\/logo\/image\/","url":"https:\/\/fgti-distribution.fr\/wp-content\/uploads\/2022\/12\/logo.png","contentUrl":"https:\/\/fgti-distribution.fr\/wp-content\/uploads\/2022\/12\/logo.png","width":500,"height":228,"caption":"FGTI Distribution"},"image":{"@id":"https:\/\/fgti-distribution.fr\/#\/schema\/logo\/image\/"},"sameAs":["https:\/\/www.linkedin.com\/company\/fgti-distribution\/"]}]}},"_links":{"self":[{"href":"https:\/\/fgti-distribution.fr\/en\/wp-json\/wp\/v2\/pages\/5949","targetHints":{"allow":["GET"]}}],"collection":[{"href":"https:\/\/fgti-distribution.fr\/en\/wp-json\/wp\/v2\/pages"}],"about":[{"href":"https:\/\/fgti-distribution.fr\/en\/wp-json\/wp\/v2\/types\/page"}],"author":[{"embeddable":true,"href":"https:\/\/fgti-distribution.fr\/en\/wp-json\/wp\/v2\/users\/1"}],"replies":[{"embeddable":true,"href":"https:\/\/fgti-distribution.fr\/en\/wp-json\/wp\/v2\/comments?post=5949"}],"version-history":[{"count":38,"href":"https:\/\/fgti-distribution.fr\/en\/wp-json\/wp\/v2\/pages\/5949\/revisions"}],"predecessor-version":[{"id":9684,"href":"https:\/\/fgti-distribution.fr\/en\/wp-json\/wp\/v2\/pages\/5949\/revisions\/9684"}],"up":[{"embeddable":true,"href":"https:\/\/fgti-distribution.fr\/en\/wp-json\/wp\/v2\/pages\/10"}],"wp:featuredmedia":[{"embeddable":true,"href":"https:\/\/fgti-distribution.fr\/en\/wp-json\/wp\/v2\/media\/7486"}],"wp:attachment":[{"href":"https:\/\/fgti-distribution.fr\/en\/wp-json\/wp\/v2\/media?parent=5949"}],"curies":[{"name":"wp","href":"https:\/\/api.w.org\/{rel}","templated":true}]}}