{"id":60,"date":"2012-05-06T11:13:17","date_gmt":"2012-05-06T11:13:17","guid":{"rendered":"https:\/\/fgti-distribution.fr\/?page_id=60"},"modified":"2024-02-05T12:17:43","modified_gmt":"2024-02-05T12:17:43","slug":"legal-information","status":"publish","type":"page","link":"https:\/\/fgti-distribution.fr\/en\/mentions-legales\/","title":{"rendered":"Legal information"},"content":{"rendered":"<section id=\"bt_bb_section69ea98a45b641\" class=\"bt_bb_section bt_bb_layout_boxed_1200\"  data-bt-override-class=\"null\"><div class=\"bt_bb_port\"><div class=\"bt_bb_cell\"><div class=\"bt_bb_cell_inner\"><div class=\"bt_bb_row\"  data-bt-override-class=\"{}\"><div class=\"bt_bb_row_holder\" ><div  class=\"bt_bb_column col-xxl-12 col-xl-12 col-xs-12 col-sm-12 col-md-12 col-lg-12 bt_bb_vertical_align_top bt_bb_align_left bt_bb_padding_normal\" style=\"; --column-width:12;\" data-width=\"12\" data-bt-override-class=\"{}\"><div class=\"bt_bb_column_content\"><div class=\"bt_bb_column_content_inner\"><div class=\"bt_bb_raw_content\"><div style=\"color: #bababa; font-size: 12px;\">FGTI-Distribution &gt; Legal Notice<\/div>\n<br \/><br \/>\n<div style=\"padding-right: 20px; float: left; padding-top: 15px;\">FGTI Distribution <img decoding=\"async\" src=\"https:\/\/fgti-distribution.fr\/wp-content\/themes\/twentyeleven\/images\/petit-blanc.jpg\" \/> 10 Valley Road<img decoding=\"async\" src=\"https:\/\/fgti-distribution.fr\/wp-content\/themes\/twentyeleven\/images\/petit-blanc.jpg\" \/> STANDARD <img decoding=\"async\" src=\"https:\/\/fgti-distribution.fr\/wp-content\/themes\/twentyeleven\/images\/petit-blanc.jpg\" \/> F\u2013 49800 LOIRE-AUTHION\n<br \/>\nCompany name FGT Industrie <img decoding=\"async\" src=\"https:\/\/fgti-distribution.fr\/wp-content\/themes\/twentyeleven\/images\/petit-blanc.jpg\" \/> 17 rue de la Coutardi\u00e8re <img decoding=\"async\" src=\"https:\/\/fgti-distribution.fr\/wp-content\/themes\/twentyeleven\/images\/petit-blanc.jpg\" \/> F \u2013 49800 Brain-sur-l'Authion\n<br \/>\nSARL with a share capital of 45,600 euros registered with the RCS of Angers:\n<br \/>\nSIREN 950\n<br \/><br \/>\n<strong>1\/ Editorial production<\/strong><br \/>\nPublisher: Michelle Steyer\n<br \/><br \/>\n<strong>2\/ Accommodation<\/strong><br \/>\nThis site is hosted by <a style=\"text-decoration: none; font-weight: normal; color: #373737;\" href=\"https:\/\/www.aroconseil.com\/\" target=\"_blank\" rel=\"noopener\">AroConseil<\/a>.\n<br \/><br \/>\n<strong>3\/ Intellectual Property<\/strong><br \/>\nThe entire content of this website is the property of FGT Industrie SARL. The trademarks, logos, and visuals present on this site belong to their respective owners. As such, any total or partial reproduction, carried out using elements from this site, without the express authorisation of the publication director is therefore prohibited within the meaning of Article L.713-2 of the Intellectual Property Code.\n<br \/><br \/>\n<strong>4\/ Links<\/strong> <br \/>\nThe site offers links to sites over which FGT Industrie SARL has no control. FGT Industrie SARL disclaims all responsibility for the content of these sites.\n<br \/><br \/>\n<strong>5\/ General information<\/strong><br \/>\nGraphic charter and production <a style=\"text-decoration: none; font-weight: normal; color: #373737;\" href=\"https:\/\/www.aroconseil.com\" target=\"_blank\" rel=\"noopener\">AroConseil<\/a><br \/>\nPhoto credits: \u00a9 IDG \/ \u00a9 ARaymond \/ \u00a9 Kaiser Waltermann \/ \u00a9 Fotolia.com<br \/>\n<br \/><br \/>\n<strong>6\/ Technical information<\/strong><br \/>\nThis website contains files in PDF (Portable Document Format). Acrobat Reader is required to view them. Acrobat Reader is available on the Adobe France website.\n\nFGT Industrie SARL shall not be held liable in any way for any direct or indirect damage, of any nature whatsoever, arising from the use of its website. It is recalled that the confidentiality of correspondence is not guaranteed on the Internet, and it is the responsibility of each user to take all appropriate measures to protect their own data and\/or software from contamination by any viruses circulating on the Internet.\n\nAny dispute relating to the use of the website www.fgti-distribution.fr shall be subject to French law.\n<br \/><br \/>\n<strong>7\/ Biscuits<\/strong><br \/>\nWhen you visit our website, cookies are placed on your computer, mobile phone or tablet.<br \/>\nOur website is designed to be particularly attentive to our customers' needs and expectations. This is why, among other things, we use cookies to ensure you have a good browsing experience.\n<br \/><br \/>\n<strong>Accept or refuse cookies<\/strong>\n<br \/><br \/>\nYou have different ways to manage cookies.<br \/>\nYour internet browser settings: <br \/>\nYou can choose to disable these cookies at any time. Your browser can also be configured to notify you when cookies are placed on your computer and to ask you whether to accept them or not. You can accept or reject cookies on a case-by-case basis, or refuse them systematically once and for all.<br \/>\nWe remind you that the settings may alter your conditions of access to our services, which necessitate the use of cookies.<br \/>\nIf your browser is configured to refuse all cookies, you will not be able to make purchases or benefit from essential features of our site, such as storing items in your basket or receiving personalised recommendations. To manage cookies as closely as possible to your expectations, we invite you to configure your browser taking into account the purpose of the cookies as mentioned above.<br \/>\nHere's how to control or prevent the recording of cookies:<br \/>\nThe configuration of each browser is different. It is described in your browser's help menu, which will tell you how to change your cookie preferences.\nYou can disable cookies by following the instructions as follows:\n<br \/><br \/>\nIf you are using the Internet Explorer browser<br \/>\nIn Internet Explorer, click the Tools button, then click Internet options.<br \/>\nOn the General tab, under Browsing history, click Settings.<br \/>\nClick the Show Files button.<br \/>\nClick on the Name column header to sort all files alphabetically, then scroll down the list until you see files starting with the \u00bbCookie\u00ab prefix. (all cookies have this prefix and usually contain the name of the website that created the cookie).<br \/>\nSelect the cookie(s) containing the name \u00abfgti\u00bb and delete them.\nClose the window containing the list of files, then click OK twice to return to Internet Explorer.\n<br \/><br \/>\nIf you use the Firefox browser<br \/>\nGo to the \u00bbTools\u00ab tab in your browser, then select the \u00bbOptions\u00ab menu.\nIn the window that appears, choose \u00bbPrivacy\u00ab and click \u00bbShow Cookies\u00ab.\nLocate the files that contain the name \u00bbfgti\". Select them and delete them.\n<br \/><br \/>\n3\/ if you are using the Safari browser<br \/>\nIn your browser, choose Edit &gt; Preferences.<br \/>\nClick Security.<br \/>\nClick Show cookies. <br \/>\nSelect the cookies that contain the name \u00abfgti\u00bb and click \"Clear\" or \"Clear All\".\nAfter deleting the cookies, click \"Done\".\n<br \/><br \/>\n4\/ if you are using the Google Chrome browser<br \/>\nClick the Tools menu icon.<br \/>\nSelect Options.<br \/>\nClick on the Advanced tab and go to the \"Privacy\" section.<br \/>\nClick the Show cookies button.<br \/>\nFind the files that contain the name \u00abfgti\u00bb. Select them and delete them.<br \/>\nClick \u00bbClose\u00ab to return to your browser.\n<br \/><br \/>\n<\/div><\/div><\/div><\/div><\/div><\/div><\/div><\/div><!-- cell_inner --><\/div><!-- cell --><\/div><!-- port --><\/section>","protected":false},"excerpt":{"rendered":"","protected":false},"author":1,"featured_media":0,"parent":0,"menu_order":0,"comment_status":"closed","ping_status":"closed","template":"","meta":{"footnotes":""},"class_list":["post-60","page","type-page","status-publish","hentry"],"yoast_head":"<!-- This site is optimized with the Yoast SEO plugin v27.3 - https:\/\/yoast.com\/product\/yoast-seo-wordpress\/ -->\n<title>FGTI Distribution - Mentions l\u00e9gales<\/title>\n<meta name=\"description\" content=\"FGTI Distribution - Mentions l\u00e9gales -\" \/>\n<meta name=\"robots\" content=\"noindex, nofollow\" \/>\n<meta property=\"og:locale\" content=\"en_GB\" \/>\n<meta property=\"og:type\" content=\"article\" \/>\n<meta property=\"og:title\" content=\"FGTI Distribution - Mentions l\u00e9gales\" \/>\n<meta property=\"og:description\" content=\"FGTI Distribution - Mentions l\u00e9gales -\" \/>\n<meta property=\"og:url\" content=\"https:\/\/fgti-distribution.fr\/en\/legal-information\/\" \/>\n<meta property=\"og:site_name\" content=\"FGTI Distribution\" \/>\n<meta property=\"article:modified_time\" content=\"2024-02-05T12:17:43+00:00\" \/>\n<meta name=\"twitter:card\" content=\"summary_large_image\" \/>\n<meta name=\"twitter:label1\" content=\"Estimated reading time\" \/>\n\t<meta name=\"twitter:data1\" content=\"1 minute\" \/>\n<script type=\"application\/ld+json\" class=\"yoast-schema-graph\">{\"@context\":\"https:\\\/\\\/schema.org\",\"@graph\":[{\"@type\":\"WebPage\",\"@id\":\"https:\\\/\\\/fgti-distribution.fr\\\/mentions-legales\\\/\",\"url\":\"https:\\\/\\\/fgti-distribution.fr\\\/mentions-legales\\\/\",\"name\":\"FGTI Distribution - Mentions l\u00e9gales\",\"isPartOf\":{\"@id\":\"https:\\\/\\\/fgti-distribution.fr\\\/#website\"},\"datePublished\":\"2012-05-06T11:13:17+00:00\",\"dateModified\":\"2024-02-05T12:17:43+00:00\",\"description\":\"FGTI Distribution - Mentions l\u00e9gales -\",\"breadcrumb\":{\"@id\":\"https:\\\/\\\/fgti-distribution.fr\\\/mentions-legales\\\/#breadcrumb\"},\"inLanguage\":\"en-GB\",\"potentialAction\":[{\"@type\":\"ReadAction\",\"target\":[\"https:\\\/\\\/fgti-distribution.fr\\\/mentions-legales\\\/\"]}]},{\"@type\":\"BreadcrumbList\",\"@id\":\"https:\\\/\\\/fgti-distribution.fr\\\/mentions-legales\\\/#breadcrumb\",\"itemListElement\":[{\"@type\":\"ListItem\",\"position\":1,\"name\":\"Home\",\"item\":\"https:\\\/\\\/fgti-distribution.fr\\\/\"},{\"@type\":\"ListItem\",\"position\":2,\"name\":\"Mentions l\u00e9gales\"}]},{\"@type\":\"WebSite\",\"@id\":\"https:\\\/\\\/fgti-distribution.fr\\\/#website\",\"url\":\"https:\\\/\\\/fgti-distribution.fr\\\/\",\"name\":\"FGTI Distribution\",\"description\":\"Pi\u00e8ces techniques et services \u00e0 forte valeur ajout\u00e9e\",\"publisher\":{\"@id\":\"https:\\\/\\\/fgti-distribution.fr\\\/#organization\"},\"alternateName\":\"FGTI Distribution\",\"potentialAction\":[{\"@type\":\"SearchAction\",\"target\":{\"@type\":\"EntryPoint\",\"urlTemplate\":\"https:\\\/\\\/fgti-distribution.fr\\\/?s={search_term_string}\"},\"query-input\":{\"@type\":\"PropertyValueSpecification\",\"valueRequired\":true,\"valueName\":\"search_term_string\"}}],\"inLanguage\":\"en-GB\"},{\"@type\":\"Organization\",\"@id\":\"https:\\\/\\\/fgti-distribution.fr\\\/#organization\",\"name\":\"FGTI Distribution\",\"alternateName\":\"FGTI Distribution\",\"url\":\"https:\\\/\\\/fgti-distribution.fr\\\/\",\"logo\":{\"@type\":\"ImageObject\",\"inLanguage\":\"en-GB\",\"@id\":\"https:\\\/\\\/fgti-distribution.fr\\\/#\\\/schema\\\/logo\\\/image\\\/\",\"url\":\"https:\\\/\\\/fgti-distribution.fr\\\/wp-content\\\/uploads\\\/2022\\\/12\\\/logo.png\",\"contentUrl\":\"https:\\\/\\\/fgti-distribution.fr\\\/wp-content\\\/uploads\\\/2022\\\/12\\\/logo.png\",\"width\":500,\"height\":228,\"caption\":\"FGTI Distribution\"},\"image\":{\"@id\":\"https:\\\/\\\/fgti-distribution.fr\\\/#\\\/schema\\\/logo\\\/image\\\/\"},\"sameAs\":[\"https:\\\/\\\/www.linkedin.com\\\/company\\\/fgti-distribution\\\/\"]}]}<\/script>\n<!-- \/ Yoast SEO plugin. -->","yoast_head_json":{"title":"FGTI Distribution - Legal Notice","description":"FGTI Distribution - Legal notice -","robots":{"index":"noindex","follow":"nofollow"},"og_locale":"en_GB","og_type":"article","og_title":"FGTI Distribution - Mentions l\u00e9gales","og_description":"FGTI Distribution - Mentions l\u00e9gales -","og_url":"https:\/\/fgti-distribution.fr\/en\/legal-information\/","og_site_name":"FGTI Distribution","article_modified_time":"2024-02-05T12:17:43+00:00","twitter_card":"summary_large_image","twitter_misc":{"Estimated reading time":"1 minute"},"schema":{"@context":"https:\/\/schema.org","@graph":[{"@type":"WebPage","@id":"https:\/\/fgti-distribution.fr\/mentions-legales\/","url":"https:\/\/fgti-distribution.fr\/mentions-legales\/","name":"FGTI Distribution - Legal Notice","isPartOf":{"@id":"https:\/\/fgti-distribution.fr\/#website"},"datePublished":"2012-05-06T11:13:17+00:00","dateModified":"2024-02-05T12:17:43+00:00","description":"FGTI Distribution - Legal notice -","breadcrumb":{"@id":"https:\/\/fgti-distribution.fr\/mentions-legales\/#breadcrumb"},"inLanguage":"en-GB","potentialAction":[{"@type":"ReadAction","target":["https:\/\/fgti-distribution.fr\/mentions-legales\/"]}]},{"@type":"BreadcrumbList","@id":"https:\/\/fgti-distribution.fr\/mentions-legales\/#breadcrumb","itemListElement":[{"@type":"ListItem","position":1,"name":"Home","item":"https:\/\/fgti-distribution.fr\/"},{"@type":"ListItem","position":2,"name":"Mentions l\u00e9gales"}]},{"@type":"WebSite","@id":"https:\/\/fgti-distribution.fr\/#website","url":"https:\/\/fgti-distribution.fr\/","name":"FGTI Distribution","description":"Technical parts and high-value-added services","publisher":{"@id":"https:\/\/fgti-distribution.fr\/#organization"},"alternateName":"FGTI Distribution","potentialAction":[{"@type":"SearchAction","target":{"@type":"EntryPoint","urlTemplate":"https:\/\/fgti-distribution.fr\/?s={search_term_string}"},"query-input":{"@type":"PropertyValueSpecification","valueRequired":true,"valueName":"search_term_string"}}],"inLanguage":"en-GB"},{"@type":"Organization","@id":"https:\/\/fgti-distribution.fr\/#organization","name":"FGTI Distribution","alternateName":"FGTI Distribution","url":"https:\/\/fgti-distribution.fr\/","logo":{"@type":"ImageObject","inLanguage":"en-GB","@id":"https:\/\/fgti-distribution.fr\/#\/schema\/logo\/image\/","url":"https:\/\/fgti-distribution.fr\/wp-content\/uploads\/2022\/12\/logo.png","contentUrl":"https:\/\/fgti-distribution.fr\/wp-content\/uploads\/2022\/12\/logo.png","width":500,"height":228,"caption":"FGTI Distribution"},"image":{"@id":"https:\/\/fgti-distribution.fr\/#\/schema\/logo\/image\/"},"sameAs":["https:\/\/www.linkedin.com\/company\/fgti-distribution\/"]}]}},"_links":{"self":[{"href":"https:\/\/fgti-distribution.fr\/en\/wp-json\/wp\/v2\/pages\/60","targetHints":{"allow":["GET"]}}],"collection":[{"href":"https:\/\/fgti-distribution.fr\/en\/wp-json\/wp\/v2\/pages"}],"about":[{"href":"https:\/\/fgti-distribution.fr\/en\/wp-json\/wp\/v2\/types\/page"}],"author":[{"embeddable":true,"href":"https:\/\/fgti-distribution.fr\/en\/wp-json\/wp\/v2\/users\/1"}],"replies":[{"embeddable":true,"href":"https:\/\/fgti-distribution.fr\/en\/wp-json\/wp\/v2\/comments?post=60"}],"version-history":[{"count":7,"href":"https:\/\/fgti-distribution.fr\/en\/wp-json\/wp\/v2\/pages\/60\/revisions"}],"predecessor-version":[{"id":9084,"href":"https:\/\/fgti-distribution.fr\/en\/wp-json\/wp\/v2\/pages\/60\/revisions\/9084"}],"wp:attachment":[{"href":"https:\/\/fgti-distribution.fr\/en\/wp-json\/wp\/v2\/media?parent=60"}],"curies":[{"name":"wp","href":"https:\/\/api.w.org\/{rel}","templated":true}]}}