{"id":80,"date":"2012-05-06T12:58:24","date_gmt":"2012-05-06T12:58:24","guid":{"rendered":"https:\/\/fgti-distribution.fr\/?page_id=80"},"modified":"2023-05-16T13:19:15","modified_gmt":"2023-05-16T13:19:15","slug":"general-terms-and-conditions-of-sale","status":"publish","type":"page","link":"https:\/\/fgti-distribution.fr\/en\/conditions-generales-de-vente\/","title":{"rendered":"Terms and Conditions of Sale"},"content":{"rendered":"<section id=\"bt_bb_section69ea98a4edbe8\" class=\"bt_bb_section bt_bb_layout_boxed_1200\"  data-bt-override-class=\"null\"><div class=\"bt_bb_port\"><div class=\"bt_bb_cell\"><div class=\"bt_bb_cell_inner\"><div class=\"bt_bb_row\"  data-bt-override-class=\"{}\"><div class=\"bt_bb_row_holder\" ><div  class=\"bt_bb_column col-xxl-12 col-xl-12 col-xs-12 col-sm-12 col-md-12 col-lg-12 bt_bb_vertical_align_top bt_bb_align_left bt_bb_padding_normal\" style=\"; --column-width:12;\" data-width=\"12\" data-bt-override-class=\"{}\"><div class=\"bt_bb_column_content\"><div class=\"bt_bb_column_content_inner\"><div class=\"bt_bb_raw_content\"><div style=\"color: #BABABA; font-size: 12px; width: 100%; padding-bottom: 20px;\">FGTI-Distribution &gt; General terms and conditions of sale<\/div><\/div><div class=\"bt_bb_row_inner\"   data-bt-override-class=\"{}\"><div class=\"bt_bb_row_inner_holder\"  ><div  class=\"bt_bb_column_inner col-xxl-12 col-xl-12 col-xs-12 col-sm-12 col-md-12 col-lg-12 bt_bb_vertical_align_top bt_bb_align_left bt_bb_padding_normal\"  data-width=\"12\" data-bt-override-class=\"{}\"><div class=\"bt_bb_column_inner_content\"><div class=\"bt_bb_column_inner_content_inner\"><div class=\"bt_bb_raw_content\"><p style=\"padding: 0 50px; font-size: 12px;\"><strong>TERMS AND CONDITIONS OF SALE<\/strong>\n<br \/><br \/>\nOur terms and conditions of sale, delivery, and payment apply to all our deliveries. They are the sole basis of any agreement and cannot be contradicted or amended by other conditions included in or appearing on purchase orders or in correspondence, except by our express acceptance.\nUnder no circumstances may these orders and requisitions be made subject to conditions requested by the buyer, and any commitments made by our representatives or other delegates of our Company can only bind us through written confirmation or signed by the Company itself.\nOur prices are in \u20ac (euro) and represent our basic price list.\n<br \/><br \/>\nOur shipments are understood to be ex our Andard (49) site, unless otherwise specified. Our goods always travel at the recipient's risk and peril, even if delivered carriage paid. All goods must be checked upon receipt, and claims, to be valid, must be made within 48 hours of receipt of the aforementioned goods. In the event of damage noted upon receipt, no claim will be accepted if all usual reservations have not been duly made with the carriers.\n<br \/><br \/>\nIn the event of a recognised error in the execution of an order, we are only obliged to replace the goods. Goods that have already been used cannot be replaced. Returns will only be accepted after prior agreement from us.\n<br \/><br \/>\nOur delivery times are given as an indication only. We cannot accept any request for cancellation due to late delivery, except in cases of force majeure and after formal notice has been given by registered letter giving us 15 days in which to dispatch the goods.\nIn particular, strikes, floods, interruptions to transport services and other clauses that permanently hinder or stop our deliveries or those of our usual suppliers are considered to be cases of force majeure for the application of this clause. In the event of force majeure, which releases us from any responsibility with regard to delivery times, we reserve the right to either suspend or cancel contracts in progress, without compensation.\nAny failure to pay by the set dates shall immediately release the Company from any obligation whatsoever towards the purchaser.\nA dispute over a specific matter may not lead to the refusal of payment for products that are not in dispute. Generally speaking, the terms of payment may not be delayed under any pretext whatsoever, even if there is a dispute. We reserve all rights and privileges until our deliveries have been paid for in full. In the event of the return of drafts or notes, the costs of return, protests, new negotiations and interest shall be borne by the drawee. The return of an unpaid bill automatically results in the entire debt becoming due and payable.\n<br \/><br \/>\nIn the event of any dispute arising from or in connection with a delivery or its payment, the courts of Angers shall have exclusive jurisdiction, regardless of the terms of sale and the method of payment accepted, even in cases of incidental claims, multiple defendants, or third-party claims, notwithstanding any contrary clauses that may appear in our customers' general terms and conditions.\n<br \/><br \/>\nAcceptance of a payment by money order, bank transfer, bill of exchange, cheque or any other instrument, to a town other than Angers, shall not in any way constitute a waiver of this essential jurisdiction clause.\n<br \/><br \/>\nAny special agreement or any derogation from any of these general conditions must be the subject of specific written stipulations from us, with all the general conditions defined above, which are not expressly modified or repealed by these special stipulations, retaining their full and entire effect.\n<\/p><\/div><\/div><\/div><\/div><\/div><\/div><\/div><\/div><\/div><\/div><\/div><\/div><!-- cell_inner --><\/div><!-- cell --><\/div><!-- port --><\/section>","protected":false},"excerpt":{"rendered":"","protected":false},"author":1,"featured_media":0,"parent":0,"menu_order":0,"comment_status":"closed","ping_status":"closed","template":"","meta":{"footnotes":""},"class_list":["post-80","page","type-page","status-publish","hentry"],"yoast_head":"<!-- This site is optimized with the Yoast SEO plugin v27.3 - https:\/\/yoast.com\/product\/yoast-seo-wordpress\/ -->\n<title>FGTI Distribution - Conditions g\u00e9n\u00e9rales de vente<\/title>\n<meta name=\"description\" content=\"FGTI Distribution - Conditions g\u00e9n\u00e9rales de vente -\" \/>\n<meta name=\"robots\" content=\"noindex, nofollow\" \/>\n<meta property=\"og:locale\" content=\"en_GB\" \/>\n<meta property=\"og:type\" content=\"article\" \/>\n<meta property=\"og:title\" content=\"FGTI Distribution - Conditions g\u00e9n\u00e9rales de vente\" \/>\n<meta property=\"og:description\" content=\"FGTI Distribution - Conditions g\u00e9n\u00e9rales de vente -\" \/>\n<meta property=\"og:url\" content=\"https:\/\/fgti-distribution.fr\/en\/general-terms-and-conditions-of-sale\/\" \/>\n<meta property=\"og:site_name\" content=\"FGTI Distribution\" \/>\n<meta property=\"article:modified_time\" content=\"2023-05-16T13:19:15+00:00\" \/>\n<meta name=\"twitter:card\" content=\"summary_large_image\" \/>\n<meta name=\"twitter:label1\" content=\"Estimated reading time\" \/>\n\t<meta name=\"twitter:data1\" content=\"1 minute\" \/>\n<script type=\"application\/ld+json\" class=\"yoast-schema-graph\">{\"@context\":\"https:\\\/\\\/schema.org\",\"@graph\":[{\"@type\":\"WebPage\",\"@id\":\"https:\\\/\\\/fgti-distribution.fr\\\/conditions-generales-de-vente\\\/\",\"url\":\"https:\\\/\\\/fgti-distribution.fr\\\/conditions-generales-de-vente\\\/\",\"name\":\"FGTI Distribution - Conditions g\u00e9n\u00e9rales de vente\",\"isPartOf\":{\"@id\":\"https:\\\/\\\/fgti-distribution.fr\\\/#website\"},\"datePublished\":\"2012-05-06T12:58:24+00:00\",\"dateModified\":\"2023-05-16T13:19:15+00:00\",\"description\":\"FGTI Distribution - Conditions g\u00e9n\u00e9rales de vente -\",\"breadcrumb\":{\"@id\":\"https:\\\/\\\/fgti-distribution.fr\\\/conditions-generales-de-vente\\\/#breadcrumb\"},\"inLanguage\":\"en-GB\",\"potentialAction\":[{\"@type\":\"ReadAction\",\"target\":[\"https:\\\/\\\/fgti-distribution.fr\\\/conditions-generales-de-vente\\\/\"]}]},{\"@type\":\"BreadcrumbList\",\"@id\":\"https:\\\/\\\/fgti-distribution.fr\\\/conditions-generales-de-vente\\\/#breadcrumb\",\"itemListElement\":[{\"@type\":\"ListItem\",\"position\":1,\"name\":\"Home\",\"item\":\"https:\\\/\\\/fgti-distribution.fr\\\/\"},{\"@type\":\"ListItem\",\"position\":2,\"name\":\"Conditions g\u00e9n\u00e9rales de vente\"}]},{\"@type\":\"WebSite\",\"@id\":\"https:\\\/\\\/fgti-distribution.fr\\\/#website\",\"url\":\"https:\\\/\\\/fgti-distribution.fr\\\/\",\"name\":\"FGTI Distribution\",\"description\":\"Pi\u00e8ces techniques et services \u00e0 forte valeur ajout\u00e9e\",\"publisher\":{\"@id\":\"https:\\\/\\\/fgti-distribution.fr\\\/#organization\"},\"alternateName\":\"FGTI Distribution\",\"potentialAction\":[{\"@type\":\"SearchAction\",\"target\":{\"@type\":\"EntryPoint\",\"urlTemplate\":\"https:\\\/\\\/fgti-distribution.fr\\\/?s={search_term_string}\"},\"query-input\":{\"@type\":\"PropertyValueSpecification\",\"valueRequired\":true,\"valueName\":\"search_term_string\"}}],\"inLanguage\":\"en-GB\"},{\"@type\":\"Organization\",\"@id\":\"https:\\\/\\\/fgti-distribution.fr\\\/#organization\",\"name\":\"FGTI Distribution\",\"alternateName\":\"FGTI Distribution\",\"url\":\"https:\\\/\\\/fgti-distribution.fr\\\/\",\"logo\":{\"@type\":\"ImageObject\",\"inLanguage\":\"en-GB\",\"@id\":\"https:\\\/\\\/fgti-distribution.fr\\\/#\\\/schema\\\/logo\\\/image\\\/\",\"url\":\"https:\\\/\\\/fgti-distribution.fr\\\/wp-content\\\/uploads\\\/2022\\\/12\\\/logo.png\",\"contentUrl\":\"https:\\\/\\\/fgti-distribution.fr\\\/wp-content\\\/uploads\\\/2022\\\/12\\\/logo.png\",\"width\":500,\"height\":228,\"caption\":\"FGTI Distribution\"},\"image\":{\"@id\":\"https:\\\/\\\/fgti-distribution.fr\\\/#\\\/schema\\\/logo\\\/image\\\/\"},\"sameAs\":[\"https:\\\/\\\/www.linkedin.com\\\/company\\\/fgti-distribution\\\/\"]}]}<\/script>\n<!-- \/ Yoast SEO plugin. -->","yoast_head_json":{"title":"FGTI Distribution - General terms and conditions of sale","description":"FGTI Distribution - General terms and conditions of sale -","robots":{"index":"noindex","follow":"nofollow"},"og_locale":"en_GB","og_type":"article","og_title":"FGTI Distribution - Conditions g\u00e9n\u00e9rales de vente","og_description":"FGTI Distribution - Conditions g\u00e9n\u00e9rales de vente -","og_url":"https:\/\/fgti-distribution.fr\/en\/general-terms-and-conditions-of-sale\/","og_site_name":"FGTI Distribution","article_modified_time":"2023-05-16T13:19:15+00:00","twitter_card":"summary_large_image","twitter_misc":{"Estimated reading time":"1 minute"},"schema":{"@context":"https:\/\/schema.org","@graph":[{"@type":"WebPage","@id":"https:\/\/fgti-distribution.fr\/conditions-generales-de-vente\/","url":"https:\/\/fgti-distribution.fr\/conditions-generales-de-vente\/","name":"FGTI Distribution - General terms and conditions of sale","isPartOf":{"@id":"https:\/\/fgti-distribution.fr\/#website"},"datePublished":"2012-05-06T12:58:24+00:00","dateModified":"2023-05-16T13:19:15+00:00","description":"FGTI Distribution - General terms and conditions of sale -","breadcrumb":{"@id":"https:\/\/fgti-distribution.fr\/conditions-generales-de-vente\/#breadcrumb"},"inLanguage":"en-GB","potentialAction":[{"@type":"ReadAction","target":["https:\/\/fgti-distribution.fr\/conditions-generales-de-vente\/"]}]},{"@type":"BreadcrumbList","@id":"https:\/\/fgti-distribution.fr\/conditions-generales-de-vente\/#breadcrumb","itemListElement":[{"@type":"ListItem","position":1,"name":"Home","item":"https:\/\/fgti-distribution.fr\/"},{"@type":"ListItem","position":2,"name":"Conditions g\u00e9n\u00e9rales de vente"}]},{"@type":"WebSite","@id":"https:\/\/fgti-distribution.fr\/#website","url":"https:\/\/fgti-distribution.fr\/","name":"FGTI Distribution","description":"Technical parts and high-value-added services","publisher":{"@id":"https:\/\/fgti-distribution.fr\/#organization"},"alternateName":"FGTI Distribution","potentialAction":[{"@type":"SearchAction","target":{"@type":"EntryPoint","urlTemplate":"https:\/\/fgti-distribution.fr\/?s={search_term_string}"},"query-input":{"@type":"PropertyValueSpecification","valueRequired":true,"valueName":"search_term_string"}}],"inLanguage":"en-GB"},{"@type":"Organization","@id":"https:\/\/fgti-distribution.fr\/#organization","name":"FGTI Distribution","alternateName":"FGTI Distribution","url":"https:\/\/fgti-distribution.fr\/","logo":{"@type":"ImageObject","inLanguage":"en-GB","@id":"https:\/\/fgti-distribution.fr\/#\/schema\/logo\/image\/","url":"https:\/\/fgti-distribution.fr\/wp-content\/uploads\/2022\/12\/logo.png","contentUrl":"https:\/\/fgti-distribution.fr\/wp-content\/uploads\/2022\/12\/logo.png","width":500,"height":228,"caption":"FGTI Distribution"},"image":{"@id":"https:\/\/fgti-distribution.fr\/#\/schema\/logo\/image\/"},"sameAs":["https:\/\/www.linkedin.com\/company\/fgti-distribution\/"]}]}},"_links":{"self":[{"href":"https:\/\/fgti-distribution.fr\/en\/wp-json\/wp\/v2\/pages\/80","targetHints":{"allow":["GET"]}}],"collection":[{"href":"https:\/\/fgti-distribution.fr\/en\/wp-json\/wp\/v2\/pages"}],"about":[{"href":"https:\/\/fgti-distribution.fr\/en\/wp-json\/wp\/v2\/types\/page"}],"author":[{"embeddable":true,"href":"https:\/\/fgti-distribution.fr\/en\/wp-json\/wp\/v2\/users\/1"}],"replies":[{"embeddable":true,"href":"https:\/\/fgti-distribution.fr\/en\/wp-json\/wp\/v2\/comments?post=80"}],"version-history":[{"count":6,"href":"https:\/\/fgti-distribution.fr\/en\/wp-json\/wp\/v2\/pages\/80\/revisions"}],"predecessor-version":[{"id":7945,"href":"https:\/\/fgti-distribution.fr\/en\/wp-json\/wp\/v2\/pages\/80\/revisions\/7945"}],"wp:attachment":[{"href":"https:\/\/fgti-distribution.fr\/en\/wp-json\/wp\/v2\/media?parent=80"}],"curies":[{"name":"wp","href":"https:\/\/api.w.org\/{rel}","templated":true}]}}