{"id":9692,"date":"2024-05-15T15:10:22","date_gmt":"2024-05-15T15:10:22","guid":{"rendered":"https:\/\/fgti-distribution.fr\/?page_id=9692"},"modified":"2024-09-05T15:50:23","modified_gmt":"2024-09-05T15:50:23","slug":"pfas-free-items","status":"publish","type":"page","link":"https:\/\/fgti-distribution.fr\/en\/pieces-techniques-sans-pfas-bock\/pieces-sans-pfas\/","title":{"rendered":"PFAS-free technical parts"},"content":{"rendered":"<section data-bb-version=\"4.9.1\" id=\"bt_bb_section69e992641c8c0\" class=\"bt_bb_section bt_bb_layout_boxed_1200\"  data-bt-override-class=\"null\"><div class=\"bt_bb_port\"><div class=\"bt_bb_cell\"><div class=\"bt_bb_cell_inner\"><div class=\"bt_bb_row\"  data-bt-override-class=\"{}\"><div class=\"bt_bb_row_holder\" ><div data-bb-version=\"4.9.1\"  class=\"bt_bb_column col-xxl-12 col-xl-12 col-xs-12 col-sm-12 col-md-12 col-lg-12 bt_bb_vertical_align_top bt_bb_align_left bt_bb_padding_normal\" style=\"; --column-width:12;\" data-width=\"12\" data-bt-override-class=\"{}\"><div class=\"bt_bb_column_content\"><div class=\"bt_bb_column_content_inner\"><div class=\"bt_bb_raw_content\">Given the environmental controversies surrounding fluoropolymers, ultra-high molecular weight polyethylene is increasingly popular for the manufacture of bellows. Indeed, PE-1000 exhibits exceptional resistance to repeated flexing and is physiologically harmless. Furthermore, it complies with FDA, 3A, and EC 10\/2011 standards.\n<br \/><br \/><\/div><div data-bb-version=\"4.9.1\" class=\"bt_bb_row_inner\"   data-bt-override-class=\"{}\"><div class=\"bt_bb_row_inner_holder\"  ><div data-bb-version=\"4.9.1\"  class=\"bt_bb_column_inner col-xxl-6 col-xl-6 col-xs-12 col-sm-6 col-md-6 col-lg-6 bt_bb_vertical_align_top bt_bb_align_left bt_bb_padding_normal\"  data-width=\"6\" data-bt-override-class=\"{}\"><div class=\"bt_bb_column_inner_content\"><div class=\"bt_bb_column_inner_content_inner\"><div class=\"bt_bb_raw_content\">Rounded pleats will be preferred for applications requiring good bellows cleanability.\nWhen the bellows stroke is very large, the machining of pointed pleats is recommended.\n<br \/><br \/>\nUnlike PTFE bellows commonly reinforced with PTFE bases or PEEK in stressed areas (threads, guide surfaces, etc.), PFAS-free bellows do not require reinforcement as they can be made from highly resistant materials in a single piece: Enduflon P1 and P16.\n<br \/><br \/>\n<\/div><\/div><\/div><\/div><div data-bb-version=\"4.9.1\"  class=\"bt_bb_column_inner col-xxl-6 col-xl-6 col-xs-12 col-sm-6 col-md-6 col-lg-6 bt_bb_vertical_align_top bt_bb_align_left bt_bb_padding_normal\"  data-width=\"6\" data-bt-override-class=\"{}\"><div class=\"bt_bb_column_inner_content\"><div class=\"bt_bb_column_inner_content_inner\"><div data-bb-version=\"4.9.1\" class=\"bt_bb_image bt_bb_shape_square bt_bb_target_self bt_bb_align_inherit bt_bb_hover_style_simple bt_bb_content_display_always bt_bb_content_align_middle bt_bb_remove_padding_yes bt_bb_fill_background_color_full\" data-bt-override-class=\"{&quot;bt_bb_align_&quot;:{&quot;current_class&quot;:&quot;bt_bb_align_inherit&quot;,&quot;def&quot;:&quot;inherit&quot;}}\"><span><img loading=\"lazy\" decoding=\"async\" width=\"1235\" height=\"695\" src=\"https:\/\/fgti-distribution.fr\/wp-content\/uploads\/2024\/09\/fgti-distribution-soufflet-sans-PFAS1.jpg\" class=\"attachment-full size-full\" alt=\"FGTI Distribution bellows without PFAS\" data-full_image_src=\"https:\/\/fgti-distribution.fr\/wp-content\/uploads\/2024\/09\/fgti-distribution-soufflet-sans-PFAS1.jpg\" srcset=\"https:\/\/fgti-distribution.fr\/wp-content\/uploads\/2024\/09\/fgti-distribution-soufflet-sans-PFAS1.jpg 1235w, https:\/\/fgti-distribution.fr\/wp-content\/uploads\/2024\/09\/fgti-distribution-soufflet-sans-PFAS1-640x360.jpg 640w, https:\/\/fgti-distribution.fr\/wp-content\/uploads\/2024\/09\/fgti-distribution-soufflet-sans-PFAS1-768x432.jpg 768w, https:\/\/fgti-distribution.fr\/wp-content\/uploads\/2024\/09\/fgti-distribution-soufflet-sans-PFAS1-320x180.jpg 320w\" sizes=\"auto, (max-width: 1235px) 100vw, 1235px\" \/><\/span><\/div><div data-bb-version=\"4.9.1\" class=\"bt_bb_separator bt_bb_top_spacing_medium bt_bb_bottom_spacing_medium bt_bb_border_style_none\" data-bt-override-class=\"{&quot;bt_bb_top_spacing_&quot;:{&quot;current_class&quot;:&quot;bt_bb_top_spacing_medium&quot;,&quot;def&quot;:&quot;medium&quot;},&quot;bt_bb_bottom_spacing_&quot;:{&quot;current_class&quot;:&quot;bt_bb_bottom_spacing_medium&quot;,&quot;def&quot;:&quot;medium&quot;}}\"><\/div><\/div><\/div><\/div><\/div><\/div><div data-bb-version=\"4.9.1\" class=\"bt_bb_row_inner\"   data-bt-override-class=\"{}\"><div class=\"bt_bb_row_inner_holder\"  ><div data-bb-version=\"4.9.1\"  class=\"bt_bb_column_inner col-xxl-6 col-xl-6 col-xs-12 col-sm-6 col-md-6 col-lg-6 bt_bb_vertical_align_top bt_bb_align_left bt_bb_padding_normal\"  data-width=\"6\" data-bt-override-class=\"{}\"><div class=\"bt_bb_column_inner_content\"><div class=\"bt_bb_column_inner_content_inner\"><div class=\"bt_bb_raw_content\">For use in potentially explosive atmospheres, a bellows can be made electrically conductive using a conductive pigment. This component made of Enduflon P10 \u2013 which is black due to carbon \u2013 is ATEX-compliant. Its resistance to repeated flexing is reduced as a result, but remains sufficient for most applications.<\/div><\/div><\/div><\/div><div data-bb-version=\"4.9.1\"  class=\"bt_bb_column_inner col-xxl-6 col-xl-6 col-xs-12 col-sm-6 col-md-6 col-lg-6 bt_bb_vertical_align_top bt_bb_align_left bt_bb_padding_normal\"  data-width=\"6\" data-bt-override-class=\"{}\"><div class=\"bt_bb_column_inner_content\"><div class=\"bt_bb_column_inner_content_inner\"><div data-bb-version=\"4.9.1\" class=\"bt_bb_image bt_bb_shape_square bt_bb_target_self bt_bb_align_inherit bt_bb_hover_style_simple bt_bb_content_display_always bt_bb_content_align_middle bt_bb_remove_padding_yes bt_bb_fill_background_color_full\" data-bt-override-class=\"{&quot;bt_bb_align_&quot;:{&quot;current_class&quot;:&quot;bt_bb_align_inherit&quot;,&quot;def&quot;:&quot;inherit&quot;}}\"><span><img loading=\"lazy\" decoding=\"async\" width=\"1235\" height=\"695\" src=\"https:\/\/fgti-distribution.fr\/wp-content\/uploads\/2024\/09\/fgti-distribution-soufflet-sans-PFAS2.jpg\" class=\"attachment-full size-full\" alt=\"FGTI Distribution bellows without PFAS\" data-full_image_src=\"https:\/\/fgti-distribution.fr\/wp-content\/uploads\/2024\/09\/fgti-distribution-soufflet-sans-PFAS2.jpg\" srcset=\"https:\/\/fgti-distribution.fr\/wp-content\/uploads\/2024\/09\/fgti-distribution-soufflet-sans-PFAS2.jpg 1235w, https:\/\/fgti-distribution.fr\/wp-content\/uploads\/2024\/09\/fgti-distribution-soufflet-sans-PFAS2-640x360.jpg 640w, https:\/\/fgti-distribution.fr\/wp-content\/uploads\/2024\/09\/fgti-distribution-soufflet-sans-PFAS2-768x432.jpg 768w, https:\/\/fgti-distribution.fr\/wp-content\/uploads\/2024\/09\/fgti-distribution-soufflet-sans-PFAS2-320x180.jpg 320w\" sizes=\"auto, (max-width: 1235px) 100vw, 1235px\" \/><\/span><\/div><\/div><\/div><\/div><\/div><\/div><div class=\"bt_bb_raw_content\"><br \/><br \/><i> \nWe support you at all stages of your bellows' development: from the initial sketch to construction, from sampling with multiple variations to mass production. Bench testing is also possible. Let us know your requirements!<\/i><\/div><\/div><\/div><\/div><\/div><\/div><\/div><!-- cell_inner --><\/div><!-- cell --><\/div><!-- port --><\/section>","protected":false},"excerpt":{"rendered":"","protected":false},"author":1,"featured_media":0,"parent":9575,"menu_order":0,"comment_status":"closed","ping_status":"closed","template":"","meta":{"footnotes":""},"class_list":["post-9692","page","type-page","status-publish","hentry"],"yoast_head":"<!-- This site is optimized with the Yoast SEO plugin v27.3 - https:\/\/yoast.com\/product\/yoast-seo-wordpress\/ -->\n<title>FGTI Distribution - Pi\u00e8ces techniques sans PFAS<\/title>\n<meta name=\"description\" content=\"Nous vous accompagnons dans toutes les \u00e9tapes du d\u00e9veloppement de votre soufflet sans PFAS. Faites-nous part de vos besoins!\" \/>\n<meta name=\"robots\" content=\"index, follow, max-snippet:-1, max-image-preview:large, max-video-preview:-1\" \/>\n<link rel=\"canonical\" href=\"https:\/\/fgti-distribution.fr\/en\/bock-pfas-free-technical-components\/pfas-free-items\/\" \/>\n<meta property=\"og:locale\" content=\"en_GB\" \/>\n<meta property=\"og:type\" content=\"article\" \/>\n<meta property=\"og:title\" content=\"FGTI Distribution - Pi\u00e8ces techniques sans PFAS\" \/>\n<meta property=\"og:description\" content=\"Nous vous accompagnons dans toutes les \u00e9tapes du d\u00e9veloppement de votre soufflet sans PFAS. Faites-nous part de vos besoins!\" \/>\n<meta property=\"og:url\" content=\"https:\/\/fgti-distribution.fr\/en\/bock-pfas-free-technical-components\/pfas-free-items\/\" \/>\n<meta property=\"og:site_name\" content=\"FGTI Distribution\" \/>\n<meta property=\"article:modified_time\" content=\"2024-09-05T15:50:23+00:00\" \/>\n<meta name=\"twitter:card\" content=\"summary_large_image\" \/>\n<meta name=\"twitter:label1\" content=\"Estimated reading time\" \/>\n\t<meta name=\"twitter:data1\" content=\"1 minute\" \/>\n<script type=\"application\/ld+json\" class=\"yoast-schema-graph\">{\"@context\":\"https:\\\/\\\/schema.org\",\"@graph\":[{\"@type\":\"WebPage\",\"@id\":\"https:\\\/\\\/fgti-distribution.fr\\\/pieces-techniques-sans-pfas-bock\\\/pieces-sans-pfas\\\/\",\"url\":\"https:\\\/\\\/fgti-distribution.fr\\\/pieces-techniques-sans-pfas-bock\\\/pieces-sans-pfas\\\/\",\"name\":\"FGTI Distribution - Pi\u00e8ces techniques sans PFAS\",\"isPartOf\":{\"@id\":\"https:\\\/\\\/fgti-distribution.fr\\\/#website\"},\"datePublished\":\"2024-05-15T15:10:22+00:00\",\"dateModified\":\"2024-09-05T15:50:23+00:00\",\"description\":\"Nous vous accompagnons dans toutes les \u00e9tapes du d\u00e9veloppement de votre soufflet sans PFAS. Faites-nous part de vos besoins!\",\"breadcrumb\":{\"@id\":\"https:\\\/\\\/fgti-distribution.fr\\\/pieces-techniques-sans-pfas-bock\\\/pieces-sans-pfas\\\/#breadcrumb\"},\"inLanguage\":\"en-GB\",\"potentialAction\":[{\"@type\":\"ReadAction\",\"target\":[\"https:\\\/\\\/fgti-distribution.fr\\\/pieces-techniques-sans-pfas-bock\\\/pieces-sans-pfas\\\/\"]}]},{\"@type\":\"BreadcrumbList\",\"@id\":\"https:\\\/\\\/fgti-distribution.fr\\\/pieces-techniques-sans-pfas-bock\\\/pieces-sans-pfas\\\/#breadcrumb\",\"itemListElement\":[{\"@type\":\"ListItem\",\"position\":1,\"name\":\"Home\",\"item\":\"https:\\\/\\\/fgti-distribution.fr\\\/\"},{\"@type\":\"ListItem\",\"position\":2,\"name\":\"Pi\u00e8ces techniques sans PFAS BOCK\",\"item\":\"https:\\\/\\\/fgti-distribution.fr\\\/pieces-techniques-sans-pfas-bock\\\/\"},{\"@type\":\"ListItem\",\"position\":3,\"name\":\"Pi\u00e8ces techniques sans PFAS\"}]},{\"@type\":\"WebSite\",\"@id\":\"https:\\\/\\\/fgti-distribution.fr\\\/#website\",\"url\":\"https:\\\/\\\/fgti-distribution.fr\\\/\",\"name\":\"FGTI Distribution\",\"description\":\"Pi\u00e8ces techniques et services \u00e0 forte valeur ajout\u00e9e\",\"publisher\":{\"@id\":\"https:\\\/\\\/fgti-distribution.fr\\\/#organization\"},\"alternateName\":\"FGTI Distribution\",\"potentialAction\":[{\"@type\":\"SearchAction\",\"target\":{\"@type\":\"EntryPoint\",\"urlTemplate\":\"https:\\\/\\\/fgti-distribution.fr\\\/?s={search_term_string}\"},\"query-input\":{\"@type\":\"PropertyValueSpecification\",\"valueRequired\":true,\"valueName\":\"search_term_string\"}}],\"inLanguage\":\"en-GB\"},{\"@type\":\"Organization\",\"@id\":\"https:\\\/\\\/fgti-distribution.fr\\\/#organization\",\"name\":\"FGTI Distribution\",\"alternateName\":\"FGTI Distribution\",\"url\":\"https:\\\/\\\/fgti-distribution.fr\\\/\",\"logo\":{\"@type\":\"ImageObject\",\"inLanguage\":\"en-GB\",\"@id\":\"https:\\\/\\\/fgti-distribution.fr\\\/#\\\/schema\\\/logo\\\/image\\\/\",\"url\":\"https:\\\/\\\/fgti-distribution.fr\\\/wp-content\\\/uploads\\\/2022\\\/12\\\/logo.png\",\"contentUrl\":\"https:\\\/\\\/fgti-distribution.fr\\\/wp-content\\\/uploads\\\/2022\\\/12\\\/logo.png\",\"width\":500,\"height\":228,\"caption\":\"FGTI Distribution\"},\"image\":{\"@id\":\"https:\\\/\\\/fgti-distribution.fr\\\/#\\\/schema\\\/logo\\\/image\\\/\"},\"sameAs\":[\"https:\\\/\\\/www.linkedin.com\\\/company\\\/fgti-distribution\\\/\"]}]}<\/script>\n<!-- \/ Yoast SEO plugin. -->","yoast_head_json":{"title":"FGTI Distribution - Technical parts without PFAS","description":"We will support you through every stage of the development of your PFAS-free bellows. Please let us know your requirements!","robots":{"index":"index","follow":"follow","max-snippet":"max-snippet:-1","max-image-preview":"max-image-preview:large","max-video-preview":"max-video-preview:-1"},"canonical":"https:\/\/fgti-distribution.fr\/en\/bock-pfas-free-technical-components\/pfas-free-items\/","og_locale":"en_GB","og_type":"article","og_title":"FGTI Distribution - Pi\u00e8ces techniques sans PFAS","og_description":"Nous vous accompagnons dans toutes les \u00e9tapes du d\u00e9veloppement de votre soufflet sans PFAS. Faites-nous part de vos besoins!","og_url":"https:\/\/fgti-distribution.fr\/en\/bock-pfas-free-technical-components\/pfas-free-items\/","og_site_name":"FGTI Distribution","article_modified_time":"2024-09-05T15:50:23+00:00","twitter_card":"summary_large_image","twitter_misc":{"Estimated reading time":"1 minute"},"schema":{"@context":"https:\/\/schema.org","@graph":[{"@type":"WebPage","@id":"https:\/\/fgti-distribution.fr\/pieces-techniques-sans-pfas-bock\/pieces-sans-pfas\/","url":"https:\/\/fgti-distribution.fr\/pieces-techniques-sans-pfas-bock\/pieces-sans-pfas\/","name":"FGTI Distribution - Technical parts without PFAS","isPartOf":{"@id":"https:\/\/fgti-distribution.fr\/#website"},"datePublished":"2024-05-15T15:10:22+00:00","dateModified":"2024-09-05T15:50:23+00:00","description":"We will support you through every stage of the development of your PFAS-free bellows. Please let us know your requirements!","breadcrumb":{"@id":"https:\/\/fgti-distribution.fr\/pieces-techniques-sans-pfas-bock\/pieces-sans-pfas\/#breadcrumb"},"inLanguage":"en-GB","potentialAction":[{"@type":"ReadAction","target":["https:\/\/fgti-distribution.fr\/pieces-techniques-sans-pfas-bock\/pieces-sans-pfas\/"]}]},{"@type":"BreadcrumbList","@id":"https:\/\/fgti-distribution.fr\/pieces-techniques-sans-pfas-bock\/pieces-sans-pfas\/#breadcrumb","itemListElement":[{"@type":"ListItem","position":1,"name":"Home","item":"https:\/\/fgti-distribution.fr\/"},{"@type":"ListItem","position":2,"name":"Pi\u00e8ces techniques sans PFAS BOCK","item":"https:\/\/fgti-distribution.fr\/pieces-techniques-sans-pfas-bock\/"},{"@type":"ListItem","position":3,"name":"Pi\u00e8ces techniques sans PFAS"}]},{"@type":"WebSite","@id":"https:\/\/fgti-distribution.fr\/#website","url":"https:\/\/fgti-distribution.fr\/","name":"FGTI Distribution","description":"Technical parts and high-value-added services","publisher":{"@id":"https:\/\/fgti-distribution.fr\/#organization"},"alternateName":"FGTI Distribution","potentialAction":[{"@type":"SearchAction","target":{"@type":"EntryPoint","urlTemplate":"https:\/\/fgti-distribution.fr\/?s={search_term_string}"},"query-input":{"@type":"PropertyValueSpecification","valueRequired":true,"valueName":"search_term_string"}}],"inLanguage":"en-GB"},{"@type":"Organization","@id":"https:\/\/fgti-distribution.fr\/#organization","name":"FGTI Distribution","alternateName":"FGTI Distribution","url":"https:\/\/fgti-distribution.fr\/","logo":{"@type":"ImageObject","inLanguage":"en-GB","@id":"https:\/\/fgti-distribution.fr\/#\/schema\/logo\/image\/","url":"https:\/\/fgti-distribution.fr\/wp-content\/uploads\/2022\/12\/logo.png","contentUrl":"https:\/\/fgti-distribution.fr\/wp-content\/uploads\/2022\/12\/logo.png","width":500,"height":228,"caption":"FGTI Distribution"},"image":{"@id":"https:\/\/fgti-distribution.fr\/#\/schema\/logo\/image\/"},"sameAs":["https:\/\/www.linkedin.com\/company\/fgti-distribution\/"]}]}},"_links":{"self":[{"href":"https:\/\/fgti-distribution.fr\/en\/wp-json\/wp\/v2\/pages\/9692","targetHints":{"allow":["GET"]}}],"collection":[{"href":"https:\/\/fgti-distribution.fr\/en\/wp-json\/wp\/v2\/pages"}],"about":[{"href":"https:\/\/fgti-distribution.fr\/en\/wp-json\/wp\/v2\/types\/page"}],"author":[{"embeddable":true,"href":"https:\/\/fgti-distribution.fr\/en\/wp-json\/wp\/v2\/users\/1"}],"replies":[{"embeddable":true,"href":"https:\/\/fgti-distribution.fr\/en\/wp-json\/wp\/v2\/comments?post=9692"}],"version-history":[{"count":12,"href":"https:\/\/fgti-distribution.fr\/en\/wp-json\/wp\/v2\/pages\/9692\/revisions"}],"predecessor-version":[{"id":9929,"href":"https:\/\/fgti-distribution.fr\/en\/wp-json\/wp\/v2\/pages\/9692\/revisions\/9929"}],"up":[{"embeddable":true,"href":"https:\/\/fgti-distribution.fr\/en\/wp-json\/wp\/v2\/pages\/9575"}],"wp:attachment":[{"href":"https:\/\/fgti-distribution.fr\/en\/wp-json\/wp\/v2\/media?parent=9692"}],"curies":[{"name":"wp","href":"https:\/\/api.w.org\/{rel}","templated":true}]}}