{"id":1513,"date":"2012-12-13T18:07:32","date_gmt":"2012-12-13T18:07:32","guid":{"rendered":"https:\/\/fgti-distribution.fr\/?page_id=1513"},"modified":"2023-07-05T12:15:02","modified_gmt":"2023-07-05T12:15:02","slug":"joints-etancheite-conditions-de-stockage","status":"publish","type":"page","link":"https:\/\/fgti-distribution.fr\/es\/joints-detancheite\/joints-etancheite-conditions-de-stockage\/","title":{"rendered":"Condiciones de almacenamiento"},"content":{"rendered":"<section id=\"bt_bb_section69d02424c7e6f\" class=\"bt_bb_section bt_bb_layout_boxed_1200\"  data-bt-override-class=\"null\"><div class=\"bt_bb_port\"><div class=\"bt_bb_cell\"><div class=\"bt_bb_cell_inner\"><div class=\"bt_bb_row\"  data-bt-override-class=\"{}\"><div class=\"bt_bb_row_holder\" ><div  class=\"bt_bb_column col-xxl-12 col-xl-12 col-xs-12 col-sm-12 col-md-12 col-lg-12 bt_bb_vertical_align_top bt_bb_align_left bt_bb_padding_normal\" style=\"; --column-width:12;\" data-width=\"12\" data-bt-override-class=\"{}\"><div class=\"bt_bb_column_content\"><div class=\"bt_bb_column_content_inner\"><div class=\"bt_bb_raw_content\"><div class=\"bt_bb_wrapper\"><div id=\"pl-1513\" class=\"panel-layout\">\n<div id=\"pg-1513-0\" class=\"panel-grid panel-no-style\">\n<div id=\"pgc-1513-0-0\" class=\"panel-grid-cell\" data-weight=\"1\">\n<div id=\"panel-1513-0-0-0\" class=\"so-panel widget widget_custom_html panel-first-child panel-last-child\" data-index=\"0\" data-style=\"{\"background_image_attachment\":false,\"background_display\":\"tile\"}\"><div class=\"textwidget custom-html-widget\"><div style=\"color: #BABABA; font-size: 12px;\">FGTI-Distribution > Joints d'\u00e9tanch\u00e9it\u00e9 > Conditions de stockage<\/div>\n<br><br>\n<table style=\"font-size: 12px; border: none; width: 100%;\">\n<tbody><tr>\n<td colspan=\"2\" style=\"font-size: 22px; vertical-align: top; font-weight: bold; border-bottom: 1px solid #58B6FE; border-top-color: white;\">\nCondiciones de almacenamiento\n<\/td>\n<td style=\"text-align: right; border-bottom: 1px solid #58B6FE; border-top-color: white;\">\n<a target=\"_blank\" href=\"https:\/\/fgti-distribution.fr\/es\/wp-content\/themes\/twentyeleven\/images\/FGTI-Distribution_IDG-Conditions-de-stockage-2019.pdf\/\" rel=\"noopener\"><img decoding=\"async\" src=\"https:\/\/fgti-distribution.fr\/wp-content\/themes\/twentyeleven\/images\/pdficon_large.png\"><\/a>\n<\/td>\n<\/tr>\n\n<tr>\n<td style=\"width: 200px; vertical-align: top; font-weight: bold; border-color: #FFFFFF;padding-top: 20px;\">\nPTFE et Composites\n\u00e0 base de PTFE\n<\/td>\n<td style=\"padding-bottom: 20px; width: 280px; vertical-align: top; text-align: justify; border-bottom: 1px solid #58B6FE; border-top-color: white; padding-top: 20px; padding-right: 25px;\">\nLes pi\u00e8ces en PTFE et composites \u00e0 base PTFE ne sont pas sensibles aux effets de la lumi\u00e8re, de l\u2019air, de l\u2019oxyg\u00e8ne, de l\u2019ozone, de la chaleur et de l\u2019humidit\u00e9. Pas de signe de vieillissement remarquable dans le temps.\n<\/td>\n<td style=\"padding-bottom: 20px; width: 280px; vertical-align: top; text-align: justify; border-bottom: 1px solid #58B6FE; border-top-color: white; padding-top: 20px; padding-left: 20px;\">\nSi ces pi\u00e8ces sont stock\u00e9es seules ou si elles sont \u00e9quip\u00e9es de ressorts en acier, il suffit d\u2019\u00e9viter toute contrainte m\u00e9canique.\n<\/td>\n<\/tr>\n\n<tr>\n<td style=\"width: 200px; vertical-align: top; font-weight: bold; border-color: #FFFFFF;padding-top: 20px;\">\nMati\u00e8res plastiques\n<\/td>\n<td style=\"padding-bottom: 20px; width: 280px; vertical-align: top; text-align: justify; border-bottom: 1px solid #58B6FE; border-top-color: white; padding-top: 20px; padding-right: 25px;\">\nCertains facteurs environnementaux sont d\u00e9favorables \u00e0 la dur\u00e9e de vie des pi\u00e8ces en plastique comme par exemple les rayons UV (la lumi\u00e8re du soleil ou les rayons d\u2019une lampe), l\u2019ozone, la chaleur, les solvants, les produits chimiques (y compris sous forme de vapeurs). Le stockage sous contrainte m\u00e9canique a \u00e9galement des effets n\u00e9gatifs.\n<\/td>\n<td style=\"padding-bottom: 20px; width: 280px; vertical-align: top; text-align: justify; border-bottom: 1px solid #58B6FE; border-top-color: white; padding-top: 20px; padding-left: 20px;\">\nPour limiter ces influences n\u00e9fastes, les pi\u00e8ces plastiques seront stock\u00e9es dans des emballages ou des caisses sombres et ferm\u00e9s.<br>\nDe mani\u00e8re g\u00e9n\u00e9rale, stocker les produits sans contrainte m\u00e9canique.\n<\/td>\n<\/tr>\n\n<tr>\n<td style=\"width: 200px; vertical-align: top; font-weight: bold; border-color: #FFFFFF;padding-top: 20px;\">\nElastom\u00e8res\n<\/td>\n<td style=\"padding-bottom: 20px; width: 280px; vertical-align: top; text-align: justify; border-bottom: 1px solid #58B6FE; border-top-color: white; padding-top: 20px; padding-right: 25px;\">\nS\u2019il s\u2019agit de pi\u00e8ces en \u00e9lastom\u00e8re ou si les pi\u00e8ces en mati\u00e8res composites sont associ\u00e9es \u00e0 une pi\u00e8ce \u00e9lastom\u00e8re, il faut respecter les recommandations pour le stockage des \u00e9lastom\u00e8res qui pr\u00e9valent aussi pour les joints toriques.<br>\nLa dur\u00e9e de vie des pi\u00e8ces en \u00e9lastom\u00e8re peut \u00eatre consid\u00e9rablement r\u00e9duite par les facteurs environnementaux tels que l\u2019oxyg\u00e8ne, l\u2019ozone, la chaleur, l\u2019humidit\u00e9, la lumi\u00e8re, les rayons UV, les solvants ou par des conditions de stockage sous contrainte m\u00e9canique.<br>\nDes \u00e9lastom\u00e8res trait\u00e9s correctement conservent leurs propri\u00e9t\u00e9s pendant de longues ann\u00e9es.<br>\nLa temp\u00e9rature de stockage habituellement recommand\u00e9e se situe entre -10\u00b0C et +20\u00b0C (pour les mati\u00e8res CR), mais pour le NEOPREN, par exemple, la temp\u00e9rature ne doit pas \u00eatre inf\u00e9rieure \u00e0 +12\u00b0C.<br>\nLes \u00e9lastom\u00e8res fortement refroidis sont tr\u00e8s rigides et doivent donc \u00eatre r\u00e9chauff\u00e9s \u00e0 environ 20\u00b0C avant le montage.<br>\nNe pas stocker les \u00e9lastom\u00e8res \u00e0 proximit\u00e9 de sources de chaleur. Eviter l\u2019humidit\u00e9 et la condensation. Le taux d\u2019humidit\u00e9 maximal recommand\u00e9 se situe autour de 65%.<br>\nLes \u00e9lastom\u00e8res doivent \u00eatre stock\u00e9s dans un espace herm\u00e9tique \u00e0 l\u2019abri de l\u2019air. Ne pas stocker pr\u00e9s d\u2019appareils produisant de l\u2019ozone.\n<\/td>\n<td style=\"padding-bottom: 20px; width: 280px; vertical-align: top; text-align: justify; border-bottom: 1px solid #58B6FE; border-top-color: white; padding-top: 20px; padding-left: 20px;\">\nIl s\u2019agit par exemple d\u2019\u00e9clairages fluorescents, de lampes \u00e0 vapeur de mercure, tout \u00e9clairage diffusant des rayons UV, mais aussi des moteurs ou appareils \u00e9lectriques susceptibles de produire des \u00e9tincelles ou des ondes \u00e9lectriques.<br>\nLorsque l\u2019on stocke des \u00e9lastom\u00e8res, il faut les prot\u00e9ger de la lumi\u00e8re, et tout particuli\u00e8rement des rayons directs du soleil. Les solvants, les produits chimiques, les acides, les carburants et les d\u00e9sinfectants, entre autres, ne doivent pas \u00eatre stock\u00e9s au m\u00eame endroit. Le contact prolong\u00e9 avec du cuivre, du laiton ou de l\u2019acier rouill\u00e9 est aussi nocif.<br>\nLes \u00e9lastom\u00e8res doivent \u00eatre stock\u00e9s dans un environnement sans contraintes.\nNe pas les dilater ni les plier et ne pas les suspendre \u00e0 des crochets.<br>\nEn cas de doute sur l\u2019\u00e9tat de vieillissement d\u2019\u00e9lastom\u00e8res stock\u00e9s depuis longtemps, on peut les v\u00e9rifier par une l\u00e9g\u00e8re dilatation.<br>\nLes \u00e9lastom\u00e8res dont la surface serait endommag\u00e9e ne doivent plus \u00eatre utilis\u00e9s.<br>\nPour le nettoyage, utiliser un chiffon propre, de l\u2019eau et du savon. Les solvants tels que le benzine, benz\u00e8ne ou la t\u00e9r\u00e9benthine ne sont pas appropri\u00e9s. Ne pas utiliser d\u2019objets coupants comme les brosses m\u00e9talliques ou le papier abrasif.<br>\nLes donn\u00e9es ci-dessus correspondent aux directives de la norme DIN 7716 et ISO 2230.\n<\/td>\n<\/tr>\n\n<tr>\n<td style=\"width: 200px; vertical-align: top; font-weight: bold; border-color: #FFFFFF;padding-top: 20px;\">\nDur\u00e9e de stockage\n<\/td>\n<td style=\"padding-bottom: 20px; width: 280px; vertical-align: top; text-align: justify; border-bottom: 1px solid #58B6FE; border-top-color: white; padding-top: 20px; padding-right: 25px;\">\nPour \u00e9viter les temps de stockage trop longs, les joints doivent \u00eatre stock\u00e9s et utilis\u00e9s selon le principe du \u00ab First In, First Out \u00bb (FIFO).<br>\nDe plus, nous recommandons de ne pas d\u00e9passer les temps de stockage suivants :\n<\/td>\n<td style=\"padding-bottom: 20px; width: 280px; vertical-align: top; text-align: justify; border-bottom: 1px solid #58B6FE; border-top-color: white; padding-top: 20px; padding-right: 25px;\">\n<img decoding=\"async\" style=\"text-align: left; max-width: 100%;\" src=\"https:\/\/fgti-distribution.fr\/wp-content\/themes\/twentyeleven\/images\/joint-etancheite-composite15.jpg\">\n<div style=\"font-size: 8px; line-height: 12px;\">1) on peut obtenir des temps de stockage nettement sup\u00e9rieurs en r\u00e9duisant les \u00e9changes d\u2019oxyg\u00e8ne de l\u2019air, l\u2019humidit\u00e9 et en prot\u00e9geant les mat\u00e9riaux de la lumi\u00e8re.<\/div>\n<\/td>\n<\/tr>\n\n\n<\/tbody><\/table>\n\n\n\n<div style=\"margin-top: 20px; text-align: right; font-size: 12px;\">\n<a href=\"#haut\" style=\"text-decoration: none; color: #AAAAAA;\">Encabezado<\/a>\n<\/div><\/div><\/div>\n<\/div>\n<\/div>\n<\/div>\n<\/div><\/div><\/div><\/div><\/div><\/div><\/div><\/div><!-- cell_inner --><\/div><!-- cell --><\/div><!-- port --><\/section>","protected":false},"excerpt":{"rendered":"","protected":false},"author":1,"featured_media":0,"parent":8,"menu_order":0,"comment_status":"closed","ping_status":"closed","template":"","meta":{"footnotes":""},"class_list":["post-1513","page","type-page","status-publish","hentry"],"yoast_head":"<!-- This site is optimized with the Yoast SEO plugin v27.3 - https:\/\/yoast.com\/product\/yoast-seo-wordpress\/ -->\n<title>FGTI Distribution - Conditions de stockage des joints d\u2019\u00e9tanch\u00e9it\u00e9<\/title>\n<meta name=\"description\" content=\"Fiche produit IDG par FGTI distribution : les conditions de stockage des joints d\u2019\u00e9tanch\u00e9it\u00e9.\" \/>\n<meta name=\"robots\" content=\"index, follow, max-snippet:-1, max-image-preview:large, max-video-preview:-1\" \/>\n<link rel=\"canonical\" href=\"https:\/\/fgti-distribution.fr\/es\/juntas-de-estanqueidad\/joints-etancheite-conditions-de-stockage\/\" \/>\n<meta property=\"og:locale\" content=\"es_ES\" \/>\n<meta property=\"og:type\" content=\"article\" \/>\n<meta property=\"og:title\" content=\"FGTI Distribution - Conditions de stockage des joints d\u2019\u00e9tanch\u00e9it\u00e9\" \/>\n<meta property=\"og:description\" content=\"Fiche produit IDG par FGTI distribution : les conditions de stockage des joints d\u2019\u00e9tanch\u00e9it\u00e9.\" \/>\n<meta property=\"og:url\" content=\"https:\/\/fgti-distribution.fr\/es\/juntas-de-estanqueidad\/joints-etancheite-conditions-de-stockage\/\" \/>\n<meta property=\"og:site_name\" content=\"FGTI Distribution\" \/>\n<meta property=\"article:modified_time\" content=\"2023-07-05T12:15:02+00:00\" \/>\n<meta name=\"twitter:card\" content=\"summary_large_image\" \/>\n<meta name=\"twitter:label1\" content=\"Est. reading time\" \/>\n\t<meta name=\"twitter:data1\" content=\"1 minuto\" \/>\n<script type=\"application\/ld+json\" class=\"yoast-schema-graph\">{\"@context\":\"https:\\\/\\\/schema.org\",\"@graph\":[{\"@type\":\"WebPage\",\"@id\":\"https:\\\/\\\/fgti-distribution.fr\\\/joints-detancheite\\\/joints-etancheite-conditions-de-stockage\\\/\",\"url\":\"https:\\\/\\\/fgti-distribution.fr\\\/joints-detancheite\\\/joints-etancheite-conditions-de-stockage\\\/\",\"name\":\"FGTI Distribution - Conditions de stockage des joints d\u2019\u00e9tanch\u00e9it\u00e9\",\"isPartOf\":{\"@id\":\"https:\\\/\\\/fgti-distribution.fr\\\/#website\"},\"datePublished\":\"2012-12-13T18:07:32+00:00\",\"dateModified\":\"2023-07-05T12:15:02+00:00\",\"description\":\"Fiche produit IDG par FGTI distribution : les conditions de stockage des joints d\u2019\u00e9tanch\u00e9it\u00e9.\",\"breadcrumb\":{\"@id\":\"https:\\\/\\\/fgti-distribution.fr\\\/joints-detancheite\\\/joints-etancheite-conditions-de-stockage\\\/#breadcrumb\"},\"inLanguage\":\"es\",\"potentialAction\":[{\"@type\":\"ReadAction\",\"target\":[\"https:\\\/\\\/fgti-distribution.fr\\\/joints-detancheite\\\/joints-etancheite-conditions-de-stockage\\\/\"]}]},{\"@type\":\"BreadcrumbList\",\"@id\":\"https:\\\/\\\/fgti-distribution.fr\\\/joints-detancheite\\\/joints-etancheite-conditions-de-stockage\\\/#breadcrumb\",\"itemListElement\":[{\"@type\":\"ListItem\",\"position\":1,\"name\":\"Home\",\"item\":\"https:\\\/\\\/fgti-distribution.fr\\\/\"},{\"@type\":\"ListItem\",\"position\":2,\"name\":\"Joints d&rsquo;\u00e9tanch\u00e9it\u00e9\",\"item\":\"https:\\\/\\\/fgti-distribution.fr\\\/joints-detancheite\\\/\"},{\"@type\":\"ListItem\",\"position\":3,\"name\":\"Conditions de stockage\"}]},{\"@type\":\"WebSite\",\"@id\":\"https:\\\/\\\/fgti-distribution.fr\\\/#website\",\"url\":\"https:\\\/\\\/fgti-distribution.fr\\\/\",\"name\":\"FGTI Distribution\",\"description\":\"Pi\u00e8ces techniques et services \u00e0 forte valeur ajout\u00e9e\",\"publisher\":{\"@id\":\"https:\\\/\\\/fgti-distribution.fr\\\/#organization\"},\"alternateName\":\"FGTI Distribution\",\"potentialAction\":[{\"@type\":\"SearchAction\",\"target\":{\"@type\":\"EntryPoint\",\"urlTemplate\":\"https:\\\/\\\/fgti-distribution.fr\\\/?s={search_term_string}\"},\"query-input\":{\"@type\":\"PropertyValueSpecification\",\"valueRequired\":true,\"valueName\":\"search_term_string\"}}],\"inLanguage\":\"es\"},{\"@type\":\"Organization\",\"@id\":\"https:\\\/\\\/fgti-distribution.fr\\\/#organization\",\"name\":\"FGTI Distribution\",\"alternateName\":\"FGTI Distribution\",\"url\":\"https:\\\/\\\/fgti-distribution.fr\\\/\",\"logo\":{\"@type\":\"ImageObject\",\"inLanguage\":\"es\",\"@id\":\"https:\\\/\\\/fgti-distribution.fr\\\/#\\\/schema\\\/logo\\\/image\\\/\",\"url\":\"https:\\\/\\\/fgti-distribution.fr\\\/wp-content\\\/uploads\\\/2022\\\/12\\\/logo.png\",\"contentUrl\":\"https:\\\/\\\/fgti-distribution.fr\\\/wp-content\\\/uploads\\\/2022\\\/12\\\/logo.png\",\"width\":500,\"height\":228,\"caption\":\"FGTI Distribution\"},\"image\":{\"@id\":\"https:\\\/\\\/fgti-distribution.fr\\\/#\\\/schema\\\/logo\\\/image\\\/\"},\"sameAs\":[\"https:\\\/\\\/www.linkedin.com\\\/company\\\/fgti-distribution\\\/\"]}]}<\/script>\n<!-- \/ Yoast SEO plugin. -->","yoast_head_json":{"title":"FGTI Distribution - Conditions de stockage des joints d\u2019\u00e9tanch\u00e9it\u00e9","description":"Fiche produit IDG par FGTI distribution : les conditions de stockage des joints d\u2019\u00e9tanch\u00e9it\u00e9.","robots":{"index":"index","follow":"follow","max-snippet":"max-snippet:-1","max-image-preview":"max-image-preview:large","max-video-preview":"max-video-preview:-1"},"canonical":"https:\/\/fgti-distribution.fr\/es\/juntas-de-estanqueidad\/joints-etancheite-conditions-de-stockage\/","og_locale":"es_ES","og_type":"article","og_title":"FGTI Distribution - Conditions de stockage des joints d\u2019\u00e9tanch\u00e9it\u00e9","og_description":"Fiche produit IDG par FGTI distribution : les conditions de stockage des joints d\u2019\u00e9tanch\u00e9it\u00e9.","og_url":"https:\/\/fgti-distribution.fr\/es\/juntas-de-estanqueidad\/joints-etancheite-conditions-de-stockage\/","og_site_name":"FGTI Distribution","article_modified_time":"2023-07-05T12:15:02+00:00","twitter_card":"summary_large_image","twitter_misc":{"Est. reading time":"1 minuto"},"schema":{"@context":"https:\/\/schema.org","@graph":[{"@type":"WebPage","@id":"https:\/\/fgti-distribution.fr\/joints-detancheite\/joints-etancheite-conditions-de-stockage\/","url":"https:\/\/fgti-distribution.fr\/joints-detancheite\/joints-etancheite-conditions-de-stockage\/","name":"FGTI Distribution - Conditions de stockage des joints d\u2019\u00e9tanch\u00e9it\u00e9","isPartOf":{"@id":"https:\/\/fgti-distribution.fr\/#website"},"datePublished":"2012-12-13T18:07:32+00:00","dateModified":"2023-07-05T12:15:02+00:00","description":"Fiche produit IDG par FGTI distribution : les conditions de stockage des joints d\u2019\u00e9tanch\u00e9it\u00e9.","breadcrumb":{"@id":"https:\/\/fgti-distribution.fr\/joints-detancheite\/joints-etancheite-conditions-de-stockage\/#breadcrumb"},"inLanguage":"es","potentialAction":[{"@type":"ReadAction","target":["https:\/\/fgti-distribution.fr\/joints-detancheite\/joints-etancheite-conditions-de-stockage\/"]}]},{"@type":"BreadcrumbList","@id":"https:\/\/fgti-distribution.fr\/joints-detancheite\/joints-etancheite-conditions-de-stockage\/#breadcrumb","itemListElement":[{"@type":"ListItem","position":1,"name":"Home","item":"https:\/\/fgti-distribution.fr\/"},{"@type":"ListItem","position":2,"name":"Joints d&rsquo;\u00e9tanch\u00e9it\u00e9","item":"https:\/\/fgti-distribution.fr\/joints-detancheite\/"},{"@type":"ListItem","position":3,"name":"Conditions de stockage"}]},{"@type":"WebSite","@id":"https:\/\/fgti-distribution.fr\/#website","url":"https:\/\/fgti-distribution.fr\/","name":"Distribuci\u00f3n FGTI","description":"Piezas t\u00e9cnicas y servicios de alto valor a\u00f1adido","publisher":{"@id":"https:\/\/fgti-distribution.fr\/#organization"},"alternateName":"FGTI Distribution","potentialAction":[{"@type":"SearchAction","target":{"@type":"EntryPoint","urlTemplate":"https:\/\/fgti-distribution.fr\/?s={search_term_string}"},"query-input":{"@type":"PropertyValueSpecification","valueRequired":true,"valueName":"search_term_string"}}],"inLanguage":"es"},{"@type":"Organization","@id":"https:\/\/fgti-distribution.fr\/#organization","name":"Distribuci\u00f3n FGTI","alternateName":"FGTI Distribution","url":"https:\/\/fgti-distribution.fr\/","logo":{"@type":"ImageObject","inLanguage":"es","@id":"https:\/\/fgti-distribution.fr\/#\/schema\/logo\/image\/","url":"https:\/\/fgti-distribution.fr\/wp-content\/uploads\/2022\/12\/logo.png","contentUrl":"https:\/\/fgti-distribution.fr\/wp-content\/uploads\/2022\/12\/logo.png","width":500,"height":228,"caption":"FGTI Distribution"},"image":{"@id":"https:\/\/fgti-distribution.fr\/#\/schema\/logo\/image\/"},"sameAs":["https:\/\/www.linkedin.com\/company\/fgti-distribution\/"]}]}},"_links":{"self":[{"href":"https:\/\/fgti-distribution.fr\/es\/wp-json\/wp\/v2\/pages\/1513","targetHints":{"allow":["GET"]}}],"collection":[{"href":"https:\/\/fgti-distribution.fr\/es\/wp-json\/wp\/v2\/pages"}],"about":[{"href":"https:\/\/fgti-distribution.fr\/es\/wp-json\/wp\/v2\/types\/page"}],"author":[{"embeddable":true,"href":"https:\/\/fgti-distribution.fr\/es\/wp-json\/wp\/v2\/users\/1"}],"replies":[{"embeddable":true,"href":"https:\/\/fgti-distribution.fr\/es\/wp-json\/wp\/v2\/comments?post=1513"}],"version-history":[{"count":12,"href":"https:\/\/fgti-distribution.fr\/es\/wp-json\/wp\/v2\/pages\/1513\/revisions"}],"predecessor-version":[{"id":7997,"href":"https:\/\/fgti-distribution.fr\/es\/wp-json\/wp\/v2\/pages\/1513\/revisions\/7997"}],"up":[{"embeddable":true,"href":"https:\/\/fgti-distribution.fr\/es\/wp-json\/wp\/v2\/pages\/8"}],"wp:attachment":[{"href":"https:\/\/fgti-distribution.fr\/es\/wp-json\/wp\/v2\/media?parent=1513"}],"curies":[{"name":"wp","href":"https:\/\/api.w.org\/{rel}","templated":true}]}}