{"id":1584,"date":"2012-12-16T17:22:23","date_gmt":"2012-12-16T17:22:23","guid":{"rendered":"https:\/\/fgti-distribution.fr\/?page_id=1584"},"modified":"2024-04-30T07:57:06","modified_gmt":"2024-04-30T07:57:06","slug":"joints-de-piston","status":"publish","type":"page","link":"https:\/\/fgti-distribution.fr\/es\/joints-detancheite\/joints-de-piston\/","title":{"rendered":"Juntas de pist\u00f3n"},"content":{"rendered":"<div id=\"pl-1584\" class=\"panel-layout\">\n<div id=\"pg-1584-0\" class=\"panel-grid panel-no-style\">\n<div id=\"pgc-1584-0-0\" class=\"panel-grid-cell\" data-weight=\"1\">\n<div id=\"panel-1584-0-0-0\" class=\"so-panel widget widget_text panel-first-child panel-last-child\" data-index=\"0\" data-style=\"{&quot;background_image_attachment&quot;:false,&quot;background_display&quot;:&quot;tile&quot;}\">\n<div class=\"textwidget\">\n<div style=\"color: #bababa; font-size: 12px;\">FGTI-Distribution &gt; Joints d&rsquo;\u00e9tanch\u00e9it\u00e9 &gt; Fiches Produits &gt; Joints de piston<\/div>\n<table style=\"font-size: 12px; border: none; width: 100%;\">\n<tbody>\n<tr>\n<td style=\"font-size: 22px; vertical-align: top; font-weight: bold; border-bottom: 1px solid #58B6FE; border-top-color: white;\" colspan=\"2\">Juntas de pist\u00f3n<\/td>\n<td style=\"text-align: right; border-bottom: 1px solid #58B6FE; border-top-color: white;\"><a href=\"https:\/\/fgti-distribution.fr\/FGTI_images\/FGTI-Distribution_IDG-Joints-de-piston.pdf\" target=\"_blank\" rel=\"noopener\"><img decoding=\"async\" src=\"https:\/\/fgti-distribution.fr\/FGTI_images\/pdficon_large.png\" \/><\/a><\/td>\n<\/tr>\n<tr>\n<td style=\"width: 200px; vertical-align: top; font-weight: bold; border-color: #FFFFFF; border-bottom: 1px solid #58B6FE; padding-top: 20px;\"><\/td>\n<td style=\"padding-bottom: 20px; vertical-align: top; text-align: center; border-bottom: 1px solid #58B6FE; border-top-color: white; padding-top: 20px; padding-left: 15px;\" colspan=\"2\"><img decoding=\"async\" style=\"max-width: 100%;\" src=\"https:\/\/fgti-distribution.fr\/FGTI_images\/joints-de-piston.jpg\" \/><\/td>\n<\/tr>\n<tr>\n<td style=\"width: 200px; vertical-align: top; font-weight: bold; border-color: #FFFFFF; padding-top: 20px;\">Joint de piston<br \/>\n<img decoding=\"async\" style=\"max-width: 100%;\" src=\"https:\/\/fgti-distribution.fr\/FGTI_images\/1.jpg\" \/>\u00a0\u00a0<span style=\"font-weight: normal; font-size: 8px;\">Depende de la materia y del perfil<\/span><\/p>\n<p><img decoding=\"async\" style=\"max-width: 100%;\" src=\"https:\/\/fgti-distribution.fr\/FGTI_images\/rond-plein.jpg\" \/>\u00a0\u00a0<span style=\"font-weight: normal; font-size: 8px;\">Adapt\u00e9<\/span><\/p>\n<p><img decoding=\"async\" style=\"max-width: 100%;\" src=\"https:\/\/fgti-distribution.fr\/FGTI_images\/rond-vide.jpg\" \/>\u00a0\u00a0<span style=\"font-weight: normal; font-size: 8px;\">Bajo condici\u00f3n<\/span><\/p>\n<p>\u2013\u00a0\u00a0<span style=\"font-weight: normal; font-size: 8px;\">Inadaptado<\/span><\/td>\n<td style=\"padding-bottom: 20px; width: 560px; vertical-align: top; text-align: center; border-bottom: 1px solid #58B6FE; border-top-color: white; padding-top: 20px; padding-left: 20px;\" colspan=\"2\"><img decoding=\"async\" style=\"max-width: 100%;\" src=\"https:\/\/fgti-distribution.fr\/FGTI_images\/joints-de-piston1.jpg\" \/><\/td>\n<\/tr>\n<tr>\n<td style=\"width: 200px; vertical-align: top; font-weight: bold; border-color: #FFFFFF; padding-top: 20px;\">L\u00edmites de uso<\/td>\n<td style=\"padding-bottom: 20px; width: 280px; vertical-align: top; text-align: justify; border-bottom: 1px solid #58B6FE; border-top-color: white; padding-top: 20px; padding-right: 25px;\">Los l\u00edmites de uso mencionados en esta tabla son valores m\u00e1ximos para su uso con fluidos lubricantes. Para su uso con fluidos poco lubricantes o en funcionamiento en seco, estos valores deben ponderarse.<\/td>\n<td style=\"padding-bottom: 20px; width: 280px; vertical-align: top; text-align: justify; border-bottom: 1px solid #58B6FE; border-top-color: white; padding-top: 20px; padding-left: 20px;\">Los valores m\u00e1ximos deben reducirse en caso de acumulaci\u00f3n de valores extremos.<\/td>\n<\/tr>\n<tr>\n<td style=\"width: 200px; vertical-align: top; font-weight: bold; border-color: #FFFFFF; padding-top: 20px;\">Montaje<\/td>\n<td style=\"padding-bottom: 20px; width: 280px; vertical-align: top; text-align: justify; border-bottom: 1px solid #58B6FE; border-top-color: white; padding-top: 20px; padding-right: 25px;\">Las condiciones de montaje mencionadas en este cuadro deben respetarse.<\/td>\n<td style=\"padding-bottom: 20px; width: 280px; vertical-align: top; text-align: justify; border-bottom: 1px solid #58B6FE; border-top-color: white; padding-top: 20px; padding-left: 20px;\"><\/td>\n<\/tr>\n<\/tbody>\n<\/table>\n<div style=\"margin-top: 20px; text-align: right; font-size: 12px;\"><a style=\"text-decoration: none; color: #aaaaaa;\" href=\"#haut\">Encabezado<\/a><\/div>\n<\/div>\n<\/div>\n<\/div>\n<\/div>\n<\/div>","protected":false},"excerpt":{"rendered":"<p>FGTI-Distribution &gt; Joints d&rsquo;\u00e9tanch\u00e9it\u00e9 &gt; Fiches Produits &gt; Joints de piston Joints de piston Joint de piston \u00a0\u00a0D\u00e9pend de la mati\u00e8re et du profil \u00a0\u00a0Adapt\u00e9 \u00a0\u00a0Sous condition &#8211;\u00a0\u00a0Inadapt\u00e9 Limites d\u2019utilisation Les limites d\u2019utilisation mentionn\u00e9es dans ce tableau sont des valeurs maximales pour une utilisation avec des fluides lubrifiants. Pour une utilisation avec des fluides peu&#8230;<\/p>","protected":false},"author":1,"featured_media":0,"parent":8,"menu_order":0,"comment_status":"closed","ping_status":"closed","template":"","meta":{"footnotes":""},"class_list":["post-1584","page","type-page","status-publish","hentry"],"yoast_head":"<!-- This site is optimized with the Yoast SEO plugin v27.3 - https:\/\/yoast.com\/product\/yoast-seo-wordpress\/ -->\n<title>FGTI Distribution - Joints de piston \/ \u00e9tanch\u00e9it\u00e9<\/title>\n<meta name=\"description\" content=\"Fiche produit IDG par FGTI distribution : \u00e9tanch\u00e9it\u00e9, les joints de piston\" \/>\n<meta name=\"robots\" content=\"index, follow, max-snippet:-1, max-image-preview:large, max-video-preview:-1\" \/>\n<link rel=\"canonical\" href=\"https:\/\/fgti-distribution.fr\/es\/juntas-de-estanqueidad\/joints-de-piston\/\" \/>\n<meta property=\"og:locale\" content=\"es_ES\" \/>\n<meta property=\"og:type\" content=\"article\" \/>\n<meta property=\"og:title\" content=\"FGTI Distribution - Joints de piston \/ \u00e9tanch\u00e9it\u00e9\" \/>\n<meta property=\"og:description\" content=\"Fiche produit IDG par FGTI distribution : \u00e9tanch\u00e9it\u00e9, les joints de piston\" \/>\n<meta property=\"og:url\" content=\"https:\/\/fgti-distribution.fr\/es\/juntas-de-estanqueidad\/joints-de-piston\/\" \/>\n<meta property=\"og:site_name\" content=\"FGTI Distribution\" \/>\n<meta property=\"article:modified_time\" content=\"2024-04-30T07:57:06+00:00\" \/>\n<meta property=\"og:image\" content=\"https:\/\/fgti-distribution.fr\/FGTI_images\/pdficon_large.png\" \/>\n<meta name=\"twitter:card\" content=\"summary_large_image\" \/>\n<meta name=\"twitter:label1\" content=\"Est. reading time\" \/>\n\t<meta name=\"twitter:data1\" content=\"2 minutos\" \/>\n<script type=\"application\/ld+json\" class=\"yoast-schema-graph\">{\"@context\":\"https:\\\/\\\/schema.org\",\"@graph\":[{\"@type\":\"WebPage\",\"@id\":\"https:\\\/\\\/fgti-distribution.fr\\\/joints-detancheite\\\/joints-de-piston\\\/\",\"url\":\"https:\\\/\\\/fgti-distribution.fr\\\/joints-detancheite\\\/joints-de-piston\\\/\",\"name\":\"FGTI Distribution - Joints de piston \\\/ \u00e9tanch\u00e9it\u00e9\",\"isPartOf\":{\"@id\":\"https:\\\/\\\/fgti-distribution.fr\\\/#website\"},\"primaryImageOfPage\":{\"@id\":\"https:\\\/\\\/fgti-distribution.fr\\\/joints-detancheite\\\/joints-de-piston\\\/#primaryimage\"},\"image\":{\"@id\":\"https:\\\/\\\/fgti-distribution.fr\\\/joints-detancheite\\\/joints-de-piston\\\/#primaryimage\"},\"thumbnailUrl\":\"https:\\\/\\\/fgti-distribution.fr\\\/FGTI_images\\\/pdficon_large.png\",\"datePublished\":\"2012-12-16T17:22:23+00:00\",\"dateModified\":\"2024-04-30T07:57:06+00:00\",\"description\":\"Fiche produit IDG par FGTI distribution : \u00e9tanch\u00e9it\u00e9, les joints de piston\",\"breadcrumb\":{\"@id\":\"https:\\\/\\\/fgti-distribution.fr\\\/joints-detancheite\\\/joints-de-piston\\\/#breadcrumb\"},\"inLanguage\":\"es\",\"potentialAction\":[{\"@type\":\"ReadAction\",\"target\":[\"https:\\\/\\\/fgti-distribution.fr\\\/joints-detancheite\\\/joints-de-piston\\\/\"]}]},{\"@type\":\"ImageObject\",\"inLanguage\":\"es\",\"@id\":\"https:\\\/\\\/fgti-distribution.fr\\\/joints-detancheite\\\/joints-de-piston\\\/#primaryimage\",\"url\":\"https:\\\/\\\/fgti-distribution.fr\\\/FGTI_images\\\/pdficon_large.png\",\"contentUrl\":\"https:\\\/\\\/fgti-distribution.fr\\\/FGTI_images\\\/pdficon_large.png\"},{\"@type\":\"BreadcrumbList\",\"@id\":\"https:\\\/\\\/fgti-distribution.fr\\\/joints-detancheite\\\/joints-de-piston\\\/#breadcrumb\",\"itemListElement\":[{\"@type\":\"ListItem\",\"position\":1,\"name\":\"Home\",\"item\":\"https:\\\/\\\/fgti-distribution.fr\\\/\"},{\"@type\":\"ListItem\",\"position\":2,\"name\":\"Joints d&rsquo;\u00e9tanch\u00e9it\u00e9\",\"item\":\"https:\\\/\\\/fgti-distribution.fr\\\/joints-detancheite\\\/\"},{\"@type\":\"ListItem\",\"position\":3,\"name\":\"Joints de piston\"}]},{\"@type\":\"WebSite\",\"@id\":\"https:\\\/\\\/fgti-distribution.fr\\\/#website\",\"url\":\"https:\\\/\\\/fgti-distribution.fr\\\/\",\"name\":\"FGTI Distribution\",\"description\":\"Pi\u00e8ces techniques et services \u00e0 forte valeur ajout\u00e9e\",\"publisher\":{\"@id\":\"https:\\\/\\\/fgti-distribution.fr\\\/#organization\"},\"alternateName\":\"FGTI Distribution\",\"potentialAction\":[{\"@type\":\"SearchAction\",\"target\":{\"@type\":\"EntryPoint\",\"urlTemplate\":\"https:\\\/\\\/fgti-distribution.fr\\\/?s={search_term_string}\"},\"query-input\":{\"@type\":\"PropertyValueSpecification\",\"valueRequired\":true,\"valueName\":\"search_term_string\"}}],\"inLanguage\":\"es\"},{\"@type\":\"Organization\",\"@id\":\"https:\\\/\\\/fgti-distribution.fr\\\/#organization\",\"name\":\"FGTI Distribution\",\"alternateName\":\"FGTI Distribution\",\"url\":\"https:\\\/\\\/fgti-distribution.fr\\\/\",\"logo\":{\"@type\":\"ImageObject\",\"inLanguage\":\"es\",\"@id\":\"https:\\\/\\\/fgti-distribution.fr\\\/#\\\/schema\\\/logo\\\/image\\\/\",\"url\":\"https:\\\/\\\/fgti-distribution.fr\\\/wp-content\\\/uploads\\\/2022\\\/12\\\/logo.png\",\"contentUrl\":\"https:\\\/\\\/fgti-distribution.fr\\\/wp-content\\\/uploads\\\/2022\\\/12\\\/logo.png\",\"width\":500,\"height\":228,\"caption\":\"FGTI Distribution\"},\"image\":{\"@id\":\"https:\\\/\\\/fgti-distribution.fr\\\/#\\\/schema\\\/logo\\\/image\\\/\"},\"sameAs\":[\"https:\\\/\\\/www.linkedin.com\\\/company\\\/fgti-distribution\\\/\"]}]}<\/script>\n<!-- \/ Yoast SEO plugin. -->","yoast_head_json":{"title":"FGTI Distribution - Joints de piston \/ \u00e9tanch\u00e9it\u00e9","description":"Fiche produit IDG par FGTI distribution : \u00e9tanch\u00e9it\u00e9, les joints de piston","robots":{"index":"index","follow":"follow","max-snippet":"max-snippet:-1","max-image-preview":"max-image-preview:large","max-video-preview":"max-video-preview:-1"},"canonical":"https:\/\/fgti-distribution.fr\/es\/juntas-de-estanqueidad\/joints-de-piston\/","og_locale":"es_ES","og_type":"article","og_title":"FGTI Distribution - Joints de piston \/ \u00e9tanch\u00e9it\u00e9","og_description":"Fiche produit IDG par FGTI distribution : \u00e9tanch\u00e9it\u00e9, les joints de piston","og_url":"https:\/\/fgti-distribution.fr\/es\/juntas-de-estanqueidad\/joints-de-piston\/","og_site_name":"FGTI Distribution","article_modified_time":"2024-04-30T07:57:06+00:00","og_image":[{"url":"https:\/\/fgti-distribution.fr\/FGTI_images\/pdficon_large.png","type":"","width":"","height":""}],"twitter_card":"summary_large_image","twitter_misc":{"Est. reading time":"2 minutos"},"schema":{"@context":"https:\/\/schema.org","@graph":[{"@type":"WebPage","@id":"https:\/\/fgti-distribution.fr\/joints-detancheite\/joints-de-piston\/","url":"https:\/\/fgti-distribution.fr\/joints-detancheite\/joints-de-piston\/","name":"FGTI Distribution - Joints de piston \/ \u00e9tanch\u00e9it\u00e9","isPartOf":{"@id":"https:\/\/fgti-distribution.fr\/#website"},"primaryImageOfPage":{"@id":"https:\/\/fgti-distribution.fr\/joints-detancheite\/joints-de-piston\/#primaryimage"},"image":{"@id":"https:\/\/fgti-distribution.fr\/joints-detancheite\/joints-de-piston\/#primaryimage"},"thumbnailUrl":"https:\/\/fgti-distribution.fr\/FGTI_images\/pdficon_large.png","datePublished":"2012-12-16T17:22:23+00:00","dateModified":"2024-04-30T07:57:06+00:00","description":"Fiche produit IDG par FGTI distribution : \u00e9tanch\u00e9it\u00e9, les joints de piston","breadcrumb":{"@id":"https:\/\/fgti-distribution.fr\/joints-detancheite\/joints-de-piston\/#breadcrumb"},"inLanguage":"es","potentialAction":[{"@type":"ReadAction","target":["https:\/\/fgti-distribution.fr\/joints-detancheite\/joints-de-piston\/"]}]},{"@type":"ImageObject","inLanguage":"es","@id":"https:\/\/fgti-distribution.fr\/joints-detancheite\/joints-de-piston\/#primaryimage","url":"https:\/\/fgti-distribution.fr\/FGTI_images\/pdficon_large.png","contentUrl":"https:\/\/fgti-distribution.fr\/FGTI_images\/pdficon_large.png"},{"@type":"BreadcrumbList","@id":"https:\/\/fgti-distribution.fr\/joints-detancheite\/joints-de-piston\/#breadcrumb","itemListElement":[{"@type":"ListItem","position":1,"name":"Home","item":"https:\/\/fgti-distribution.fr\/"},{"@type":"ListItem","position":2,"name":"Joints d&rsquo;\u00e9tanch\u00e9it\u00e9","item":"https:\/\/fgti-distribution.fr\/joints-detancheite\/"},{"@type":"ListItem","position":3,"name":"Joints de piston"}]},{"@type":"WebSite","@id":"https:\/\/fgti-distribution.fr\/#website","url":"https:\/\/fgti-distribution.fr\/","name":"Distribuci\u00f3n FGTI","description":"Piezas t\u00e9cnicas y servicios de alto valor a\u00f1adido","publisher":{"@id":"https:\/\/fgti-distribution.fr\/#organization"},"alternateName":"FGTI Distribution","potentialAction":[{"@type":"SearchAction","target":{"@type":"EntryPoint","urlTemplate":"https:\/\/fgti-distribution.fr\/?s={search_term_string}"},"query-input":{"@type":"PropertyValueSpecification","valueRequired":true,"valueName":"search_term_string"}}],"inLanguage":"es"},{"@type":"Organization","@id":"https:\/\/fgti-distribution.fr\/#organization","name":"Distribuci\u00f3n FGTI","alternateName":"FGTI Distribution","url":"https:\/\/fgti-distribution.fr\/","logo":{"@type":"ImageObject","inLanguage":"es","@id":"https:\/\/fgti-distribution.fr\/#\/schema\/logo\/image\/","url":"https:\/\/fgti-distribution.fr\/wp-content\/uploads\/2022\/12\/logo.png","contentUrl":"https:\/\/fgti-distribution.fr\/wp-content\/uploads\/2022\/12\/logo.png","width":500,"height":228,"caption":"FGTI Distribution"},"image":{"@id":"https:\/\/fgti-distribution.fr\/#\/schema\/logo\/image\/"},"sameAs":["https:\/\/www.linkedin.com\/company\/fgti-distribution\/"]}]}},"_links":{"self":[{"href":"https:\/\/fgti-distribution.fr\/es\/wp-json\/wp\/v2\/pages\/1584","targetHints":{"allow":["GET"]}}],"collection":[{"href":"https:\/\/fgti-distribution.fr\/es\/wp-json\/wp\/v2\/pages"}],"about":[{"href":"https:\/\/fgti-distribution.fr\/es\/wp-json\/wp\/v2\/types\/page"}],"author":[{"embeddable":true,"href":"https:\/\/fgti-distribution.fr\/es\/wp-json\/wp\/v2\/users\/1"}],"replies":[{"embeddable":true,"href":"https:\/\/fgti-distribution.fr\/es\/wp-json\/wp\/v2\/comments?post=1584"}],"version-history":[{"count":2,"href":"https:\/\/fgti-distribution.fr\/es\/wp-json\/wp\/v2\/pages\/1584\/revisions"}],"predecessor-version":[{"id":9440,"href":"https:\/\/fgti-distribution.fr\/es\/wp-json\/wp\/v2\/pages\/1584\/revisions\/9440"}],"up":[{"embeddable":true,"href":"https:\/\/fgti-distribution.fr\/es\/wp-json\/wp\/v2\/pages\/8"}],"wp:attachment":[{"href":"https:\/\/fgti-distribution.fr\/es\/wp-json\/wp\/v2\/media?parent=1584"}],"curies":[{"name":"wp","href":"https:\/\/api.w.org\/{rel}","templated":true}]}}