{"id":1639,"date":"2012-12-16T19:55:38","date_gmt":"2012-12-16T19:55:38","guid":{"rendered":"https:\/\/fgti-distribution.fr\/?page_id=1639"},"modified":"2018-10-30T17:00:19","modified_gmt":"2018-10-30T17:00:19","slug":"joints-etancheite-industrie-agroalimentaire","status":"publish","type":"page","link":"https:\/\/fgti-distribution.fr\/es\/joints-detancheite\/joints-etancheite-industrie-agroalimentaire\/","title":{"rendered":"Industrie agroalimentaire : joints d&rsquo;\u00e9tanch\u00e9it\u00e9 IDG"},"content":{"rendered":"<div id=\"pl-1639\"  class=\"panel-layout\" >\n<div id=\"pg-1639-0\"  class=\"panel-grid panel-no-style\" >\n<div id=\"pgc-1639-0-0\"  class=\"panel-grid-cell\"  data-weight=\"1\" >\n<div id=\"panel-1639-0-0-0\" class=\"so-panel widget widget_text panel-first-child panel-last-child\" data-index=\"0\" data-style=\"{&quot;background_image_attachment&quot;:false,&quot;background_display&quot;:&quot;tile&quot;}\" >\n<div class=\"textwidget\">\n<div style=\"color: #BABABA; font-size: 12px;\">FGTI-Distribution > Joints d&rsquo;\u00e9tanch\u00e9it\u00e9 > Gammes sp\u00e9cifiques > Gamme sp\u00e9cifique pour l&rsquo;industrie agroalimentaire<\/div>\n<table style=\"font-size: 12px; border: none; width: 100%;\">\n<tr>\n<td colspan=\"2\" style=\"font-size: 22px; vertical-align: top; font-weight: bold; border-bottom: 1px solid #58B6FE; border-top-color: white;\">\nGamme sp\u00e9cifique pour l&rsquo;industrie agroalimentaire\n<\/td>\n<td style=\"text-align: right; border-bottom: 1px solid #58B6FE; border-top-color: white;\">\n<a target=\"_blank\" href=\"https:\/\/fgti-distribution.fr\/FGTI_images\/FGTI-Distribution_IDG-Gamme-specifique-industrie-agroalimentaire.pdf\"><img decoding=\"async\" src=\"https:\/\/fgti-distribution.fr\/FGTI_images\/pdficon_large.png\"><\/a>\n<\/td>\n<\/tr>\n<tr>\n<td style=\"width: 200px; vertical-align: top; font-weight: bold; border-color: #FFFFFF; border-bottom: 1px solid #58B6FE; padding-top: 20px;\">\nPist\u00f3n dosificador\n<\/td>\n<td colspan=\"2\" style=\"padding-bottom: 20px; vertical-align: top; text-align: center; border-bottom: 1px solid #58B6FE; border-top-color: white; padding-top: 20px; padding-left: 15px;\">\n<img decoding=\"async\" style=\"max-width: 100%;\" src=\"https:\/\/fgti-distribution.fr\/FGTI_images\/joints-etancheite-agroalimentaire.jpg\" alt=\"joints d'\u00e9tanch\u00e9it\u00e9 agroalimentaire\">\n<\/td>\n<\/tr>\n<tr>\n<td style=\"width: 200px; vertical-align: top; font-weight: bold; border-color: #FFFFFF; border-bottom: 1px solid #58B6FE; padding-top: 20px;\">\nJoint de tige et<br \/>\njoint de piston\n<\/td>\n<td colspan=\"2\" style=\"padding-bottom: 20px; vertical-align: top; text-align: center; border-bottom: 1px solid #58B6FE; border-top-color: white; padding-top: 20px; padding-left: 15px;\">\n<img decoding=\"async\" style=\"max-width: 100%;\" src=\"https:\/\/fgti-distribution.fr\/FGTI_images\/joints-etancheite-agroalimentaire1.jpg\" alt=\"agroalimentaire joints d'\u00e9tanch\u00e9it\u00e9\">\n<\/td>\n<\/tr>\n<tr>\n<td style=\"width: 200px; vertical-align: top; font-weight: bold; border-color: #FFFFFF; border-bottom: 1px solid #58B6FE; padding-top: 20px;\">\nDouilles de guidage et<br \/>\nd&rsquo;\u00e9tanch\u00e9it\u00e9\n<\/td>\n<td colspan=\"2\" style=\"padding-bottom: 20px; vertical-align: top; text-align: center; border-bottom: 1px solid #58B6FE; border-top-color: white; padding-top: 20px; padding-left: 15px;\">\n<img decoding=\"async\" style=\"max-width: 100%;\" src=\"https:\/\/fgti-distribution.fr\/FGTI_images\/joints-etancheite-agroalimentaire2.jpg\" alt=\"joints d'\u00e9tanch\u00e9it\u00e9 pour l'agroalimentaire\">\n<\/td>\n<\/tr>\n<tr>\n<td style=\"width: 200px; vertical-align: top; font-weight: bold; border-color: #FFFFFF; border-bottom: 1px solid #58B6FE; padding-top: 20px;\">\nJoints d&rsquo;arbre\n<\/td>\n<td colspan=\"2\" style=\"padding-bottom: 20px; vertical-align: top; text-align: center; border-bottom: 1px solid #58B6FE; border-top-color: white; padding-top: 20px; padding-left: 15px;\">\n<img decoding=\"async\" style=\"max-width: 100%;\" src=\"https:\/\/fgti-distribution.fr\/FGTI_images\/joints-etancheite-agroalimentaire3.jpg\" alt=\"joints d'\u00e9tanch\u00e9it\u00e9 IDG agroalimentaire\">\n<\/td>\n<\/tr>\n<tr>\n<td style=\"width: 200px; vertical-align: top; font-weight: bold; border-color: #FFFFFF; border-bottom: 1px solid #58B6FE; padding-top: 20px;\">\nJoints d&rsquo;\u00e9tanch\u00e9it\u00e9 axiale\n<\/td>\n<td colspan=\"2\" style=\"padding-bottom: 20px; vertical-align: top; text-align: center; border-bottom: 1px solid #58B6FE; border-top-color: white; padding-top: 20px; padding-left: 15px;\">\n<img decoding=\"async\" style=\"max-width: 100%;\" src=\"https:\/\/fgti-distribution.fr\/FGTI_images\/joints-etancheite-agroalimentaire4.jpg\" alt=\"FGTI DIstribution joints d'\u00e9tanch\u00e9it\u00e9 agroalimentaire\">\n<\/td>\n<\/tr>\n<tr>\n<td style=\"width: 200px; vertical-align: top; font-weight: bold; border-color: #FFFFFF; border-bottom: 1px solid #58B6FE; padding-top: 20px;\">\nJuntas de estanqueidad<br \/>\nstatiques\n<\/td>\n<td colspan=\"2\" style=\"padding-bottom: 20px; vertical-align: top; text-align: center; border-bottom: 1px solid #58B6FE; border-top-color: white; padding-top: 20px; padding-left: 15px;\">\n<img decoding=\"async\" style=\"max-width: 100%;\" src=\"https:\/\/fgti-distribution.fr\/FGTI_images\/joints-etancheite-agroalimentaire5.jpg\" alt=\"joints d'\u00e9tanch\u00e9it\u00e9 agroalimentaire\">\n<\/td>\n<\/tr>\n<\/table>\n<div style=\"margin-top: 20px; text-align: right; font-size: 12px;\">\n<a href=\"#haut\" style=\"text-decoration: none; color: #AAAAAA;\">Encabezado<\/a>\n<\/div>\n<\/div><\/div>\n<\/div>\n<\/div>\n<\/div>","protected":false},"excerpt":{"rendered":"<p>FGTI-Distribution > Joints d&rsquo;\u00e9tanch\u00e9it\u00e9 > Gammes sp\u00e9cifiques > Gamme sp\u00e9cifique pour l&rsquo;industrie agroalimentaire Gamme sp\u00e9cifique pour l&rsquo;industrie agroalimentaire Piston de dosage Joint de tige et joint de piston Douilles de guidage et d&rsquo;\u00e9tanch\u00e9it\u00e9 Joints d&rsquo;arbre Joints d&rsquo;\u00e9tanch\u00e9it\u00e9 axiale Joints d&rsquo;\u00e9tanch\u00e9it\u00e9 statiques Haut de page<\/p>","protected":false},"author":1,"featured_media":0,"parent":8,"menu_order":0,"comment_status":"closed","ping_status":"closed","template":"","meta":{"footnotes":""},"class_list":["post-1639","page","type-page","status-publish","hentry"],"yoast_head":"<!-- This site is optimized with the Yoast SEO plugin v27.3 - https:\/\/yoast.com\/product\/yoast-seo-wordpress\/ -->\n<title>FGTI Distribution - Etanch\u00e9it\u00e9 pour l&#039;industrie agroalimentaire<\/title>\n<meta name=\"description\" content=\"FGTI Distribution vous propose les fiches Produit IDG directement en ligne : Gamme sp\u00e9cifique de joints d\u2019\u00e9tanch\u00e9it\u00e9 pour l&#039;industrie agroalimentaire\" \/>\n<meta name=\"robots\" content=\"index, follow, max-snippet:-1, max-image-preview:large, max-video-preview:-1\" \/>\n<link rel=\"canonical\" href=\"https:\/\/fgti-distribution.fr\/es\/juntas-de-estanqueidad\/joints-etancheite-industrie-agroalimentaire\/\" \/>\n<meta property=\"og:locale\" content=\"es_ES\" \/>\n<meta property=\"og:type\" content=\"article\" \/>\n<meta property=\"og:title\" content=\"FGTI Distribution - Etanch\u00e9it\u00e9 pour l&#039;industrie agroalimentaire\" \/>\n<meta property=\"og:description\" content=\"FGTI Distribution vous propose les fiches Produit IDG directement en ligne : Gamme sp\u00e9cifique de joints d\u2019\u00e9tanch\u00e9it\u00e9 pour l&#039;industrie agroalimentaire\" \/>\n<meta property=\"og:url\" content=\"https:\/\/fgti-distribution.fr\/es\/juntas-de-estanqueidad\/joints-etancheite-industrie-agroalimentaire\/\" \/>\n<meta property=\"og:site_name\" content=\"FGTI Distribution\" \/>\n<meta property=\"article:modified_time\" content=\"2018-10-30T17:00:19+00:00\" \/>\n<meta property=\"og:image\" content=\"https:\/\/fgti-distribution.fr\/FGTI_images\/pdficon_large.png\" \/>\n<meta name=\"twitter:card\" content=\"summary_large_image\" \/>\n<script type=\"application\/ld+json\" class=\"yoast-schema-graph\">{\"@context\":\"https:\\\/\\\/schema.org\",\"@graph\":[{\"@type\":\"WebPage\",\"@id\":\"https:\\\/\\\/fgti-distribution.fr\\\/joints-detancheite\\\/joints-etancheite-industrie-agroalimentaire\\\/\",\"url\":\"https:\\\/\\\/fgti-distribution.fr\\\/joints-detancheite\\\/joints-etancheite-industrie-agroalimentaire\\\/\",\"name\":\"FGTI Distribution - Etanch\u00e9it\u00e9 pour l'industrie agroalimentaire\",\"isPartOf\":{\"@id\":\"https:\\\/\\\/fgti-distribution.fr\\\/#website\"},\"primaryImageOfPage\":{\"@id\":\"https:\\\/\\\/fgti-distribution.fr\\\/joints-detancheite\\\/joints-etancheite-industrie-agroalimentaire\\\/#primaryimage\"},\"image\":{\"@id\":\"https:\\\/\\\/fgti-distribution.fr\\\/joints-detancheite\\\/joints-etancheite-industrie-agroalimentaire\\\/#primaryimage\"},\"thumbnailUrl\":\"https:\\\/\\\/fgti-distribution.fr\\\/FGTI_images\\\/pdficon_large.png\",\"datePublished\":\"2012-12-16T19:55:38+00:00\",\"dateModified\":\"2018-10-30T17:00:19+00:00\",\"description\":\"FGTI Distribution vous propose les fiches Produit IDG directement en ligne : Gamme sp\u00e9cifique de joints d\u2019\u00e9tanch\u00e9it\u00e9 pour l'industrie agroalimentaire\",\"breadcrumb\":{\"@id\":\"https:\\\/\\\/fgti-distribution.fr\\\/joints-detancheite\\\/joints-etancheite-industrie-agroalimentaire\\\/#breadcrumb\"},\"inLanguage\":\"es\",\"potentialAction\":[{\"@type\":\"ReadAction\",\"target\":[\"https:\\\/\\\/fgti-distribution.fr\\\/joints-detancheite\\\/joints-etancheite-industrie-agroalimentaire\\\/\"]}]},{\"@type\":\"ImageObject\",\"inLanguage\":\"es\",\"@id\":\"https:\\\/\\\/fgti-distribution.fr\\\/joints-detancheite\\\/joints-etancheite-industrie-agroalimentaire\\\/#primaryimage\",\"url\":\"https:\\\/\\\/fgti-distribution.fr\\\/FGTI_images\\\/pdficon_large.png\",\"contentUrl\":\"https:\\\/\\\/fgti-distribution.fr\\\/FGTI_images\\\/pdficon_large.png\"},{\"@type\":\"BreadcrumbList\",\"@id\":\"https:\\\/\\\/fgti-distribution.fr\\\/joints-detancheite\\\/joints-etancheite-industrie-agroalimentaire\\\/#breadcrumb\",\"itemListElement\":[{\"@type\":\"ListItem\",\"position\":1,\"name\":\"Home\",\"item\":\"https:\\\/\\\/fgti-distribution.fr\\\/\"},{\"@type\":\"ListItem\",\"position\":2,\"name\":\"Joints d&rsquo;\u00e9tanch\u00e9it\u00e9\",\"item\":\"https:\\\/\\\/fgti-distribution.fr\\\/joints-detancheite\\\/\"},{\"@type\":\"ListItem\",\"position\":3,\"name\":\"Industrie agroalimentaire : joints d&rsquo;\u00e9tanch\u00e9it\u00e9 IDG\"}]},{\"@type\":\"WebSite\",\"@id\":\"https:\\\/\\\/fgti-distribution.fr\\\/#website\",\"url\":\"https:\\\/\\\/fgti-distribution.fr\\\/\",\"name\":\"FGTI Distribution\",\"description\":\"Pi\u00e8ces techniques et services \u00e0 forte valeur ajout\u00e9e\",\"publisher\":{\"@id\":\"https:\\\/\\\/fgti-distribution.fr\\\/#organization\"},\"alternateName\":\"FGTI Distribution\",\"potentialAction\":[{\"@type\":\"SearchAction\",\"target\":{\"@type\":\"EntryPoint\",\"urlTemplate\":\"https:\\\/\\\/fgti-distribution.fr\\\/?s={search_term_string}\"},\"query-input\":{\"@type\":\"PropertyValueSpecification\",\"valueRequired\":true,\"valueName\":\"search_term_string\"}}],\"inLanguage\":\"es\"},{\"@type\":\"Organization\",\"@id\":\"https:\\\/\\\/fgti-distribution.fr\\\/#organization\",\"name\":\"FGTI Distribution\",\"alternateName\":\"FGTI Distribution\",\"url\":\"https:\\\/\\\/fgti-distribution.fr\\\/\",\"logo\":{\"@type\":\"ImageObject\",\"inLanguage\":\"es\",\"@id\":\"https:\\\/\\\/fgti-distribution.fr\\\/#\\\/schema\\\/logo\\\/image\\\/\",\"url\":\"https:\\\/\\\/fgti-distribution.fr\\\/wp-content\\\/uploads\\\/2022\\\/12\\\/logo.png\",\"contentUrl\":\"https:\\\/\\\/fgti-distribution.fr\\\/wp-content\\\/uploads\\\/2022\\\/12\\\/logo.png\",\"width\":500,\"height\":228,\"caption\":\"FGTI Distribution\"},\"image\":{\"@id\":\"https:\\\/\\\/fgti-distribution.fr\\\/#\\\/schema\\\/logo\\\/image\\\/\"},\"sameAs\":[\"https:\\\/\\\/www.linkedin.com\\\/company\\\/fgti-distribution\\\/\"]}]}<\/script>\n<!-- \/ Yoast SEO plugin. -->","yoast_head_json":{"title":"FGTI Distribution - Etanch\u00e9it\u00e9 pour l'industrie agroalimentaire","description":"FGTI Distribution vous propose les fiches Produit IDG directement en ligne : Gamme sp\u00e9cifique de joints d\u2019\u00e9tanch\u00e9it\u00e9 pour l'industrie agroalimentaire","robots":{"index":"index","follow":"follow","max-snippet":"max-snippet:-1","max-image-preview":"max-image-preview:large","max-video-preview":"max-video-preview:-1"},"canonical":"https:\/\/fgti-distribution.fr\/es\/juntas-de-estanqueidad\/joints-etancheite-industrie-agroalimentaire\/","og_locale":"es_ES","og_type":"article","og_title":"FGTI Distribution - Etanch\u00e9it\u00e9 pour l'industrie agroalimentaire","og_description":"FGTI Distribution vous propose les fiches Produit IDG directement en ligne : Gamme sp\u00e9cifique de joints d\u2019\u00e9tanch\u00e9it\u00e9 pour l'industrie agroalimentaire","og_url":"https:\/\/fgti-distribution.fr\/es\/juntas-de-estanqueidad\/joints-etancheite-industrie-agroalimentaire\/","og_site_name":"FGTI Distribution","article_modified_time":"2018-10-30T17:00:19+00:00","og_image":[{"url":"https:\/\/fgti-distribution.fr\/FGTI_images\/pdficon_large.png","type":"","width":"","height":""}],"twitter_card":"summary_large_image","schema":{"@context":"https:\/\/schema.org","@graph":[{"@type":"WebPage","@id":"https:\/\/fgti-distribution.fr\/joints-detancheite\/joints-etancheite-industrie-agroalimentaire\/","url":"https:\/\/fgti-distribution.fr\/joints-detancheite\/joints-etancheite-industrie-agroalimentaire\/","name":"FGTI Distribution - Etanch\u00e9it\u00e9 pour l'industrie agroalimentaire","isPartOf":{"@id":"https:\/\/fgti-distribution.fr\/#website"},"primaryImageOfPage":{"@id":"https:\/\/fgti-distribution.fr\/joints-detancheite\/joints-etancheite-industrie-agroalimentaire\/#primaryimage"},"image":{"@id":"https:\/\/fgti-distribution.fr\/joints-detancheite\/joints-etancheite-industrie-agroalimentaire\/#primaryimage"},"thumbnailUrl":"https:\/\/fgti-distribution.fr\/FGTI_images\/pdficon_large.png","datePublished":"2012-12-16T19:55:38+00:00","dateModified":"2018-10-30T17:00:19+00:00","description":"FGTI Distribution vous propose les fiches Produit IDG directement en ligne : Gamme sp\u00e9cifique de joints d\u2019\u00e9tanch\u00e9it\u00e9 pour l'industrie agroalimentaire","breadcrumb":{"@id":"https:\/\/fgti-distribution.fr\/joints-detancheite\/joints-etancheite-industrie-agroalimentaire\/#breadcrumb"},"inLanguage":"es","potentialAction":[{"@type":"ReadAction","target":["https:\/\/fgti-distribution.fr\/joints-detancheite\/joints-etancheite-industrie-agroalimentaire\/"]}]},{"@type":"ImageObject","inLanguage":"es","@id":"https:\/\/fgti-distribution.fr\/joints-detancheite\/joints-etancheite-industrie-agroalimentaire\/#primaryimage","url":"https:\/\/fgti-distribution.fr\/FGTI_images\/pdficon_large.png","contentUrl":"https:\/\/fgti-distribution.fr\/FGTI_images\/pdficon_large.png"},{"@type":"BreadcrumbList","@id":"https:\/\/fgti-distribution.fr\/joints-detancheite\/joints-etancheite-industrie-agroalimentaire\/#breadcrumb","itemListElement":[{"@type":"ListItem","position":1,"name":"Home","item":"https:\/\/fgti-distribution.fr\/"},{"@type":"ListItem","position":2,"name":"Joints d&rsquo;\u00e9tanch\u00e9it\u00e9","item":"https:\/\/fgti-distribution.fr\/joints-detancheite\/"},{"@type":"ListItem","position":3,"name":"Industrie agroalimentaire : joints d&rsquo;\u00e9tanch\u00e9it\u00e9 IDG"}]},{"@type":"WebSite","@id":"https:\/\/fgti-distribution.fr\/#website","url":"https:\/\/fgti-distribution.fr\/","name":"Distribuci\u00f3n FGTI","description":"Piezas t\u00e9cnicas y servicios de alto valor a\u00f1adido","publisher":{"@id":"https:\/\/fgti-distribution.fr\/#organization"},"alternateName":"FGTI Distribution","potentialAction":[{"@type":"SearchAction","target":{"@type":"EntryPoint","urlTemplate":"https:\/\/fgti-distribution.fr\/?s={search_term_string}"},"query-input":{"@type":"PropertyValueSpecification","valueRequired":true,"valueName":"search_term_string"}}],"inLanguage":"es"},{"@type":"Organization","@id":"https:\/\/fgti-distribution.fr\/#organization","name":"Distribuci\u00f3n FGTI","alternateName":"FGTI Distribution","url":"https:\/\/fgti-distribution.fr\/","logo":{"@type":"ImageObject","inLanguage":"es","@id":"https:\/\/fgti-distribution.fr\/#\/schema\/logo\/image\/","url":"https:\/\/fgti-distribution.fr\/wp-content\/uploads\/2022\/12\/logo.png","contentUrl":"https:\/\/fgti-distribution.fr\/wp-content\/uploads\/2022\/12\/logo.png","width":500,"height":228,"caption":"FGTI Distribution"},"image":{"@id":"https:\/\/fgti-distribution.fr\/#\/schema\/logo\/image\/"},"sameAs":["https:\/\/www.linkedin.com\/company\/fgti-distribution\/"]}]}},"_links":{"self":[{"href":"https:\/\/fgti-distribution.fr\/es\/wp-json\/wp\/v2\/pages\/1639","targetHints":{"allow":["GET"]}}],"collection":[{"href":"https:\/\/fgti-distribution.fr\/es\/wp-json\/wp\/v2\/pages"}],"about":[{"href":"https:\/\/fgti-distribution.fr\/es\/wp-json\/wp\/v2\/types\/page"}],"author":[{"embeddable":true,"href":"https:\/\/fgti-distribution.fr\/es\/wp-json\/wp\/v2\/users\/1"}],"replies":[{"embeddable":true,"href":"https:\/\/fgti-distribution.fr\/es\/wp-json\/wp\/v2\/comments?post=1639"}],"version-history":[{"count":1,"href":"https:\/\/fgti-distribution.fr\/es\/wp-json\/wp\/v2\/pages\/1639\/revisions"}],"predecessor-version":[{"id":4612,"href":"https:\/\/fgti-distribution.fr\/es\/wp-json\/wp\/v2\/pages\/1639\/revisions\/4612"}],"up":[{"embeddable":true,"href":"https:\/\/fgti-distribution.fr\/es\/wp-json\/wp\/v2\/pages\/8"}],"wp:attachment":[{"href":"https:\/\/fgti-distribution.fr\/es\/wp-json\/wp\/v2\/media?parent=1639"}],"curies":[{"name":"wp","href":"https:\/\/api.w.org\/{rel}","templated":true}]}}