{"id":1648,"date":"2012-12-16T20:16:02","date_gmt":"2012-12-16T20:16:02","guid":{"rendered":"https:\/\/fgti-distribution.fr\/?page_id=1648"},"modified":"2018-10-30T17:01:04","modified_gmt":"2018-10-30T17:01:04","slug":"joints-etancheite-centrales-hydrauliques","status":"publish","type":"page","link":"https:\/\/fgti-distribution.fr\/es\/joints-detancheite\/joints-etancheite-centrales-hydrauliques\/","title":{"rendered":"Gamme sp\u00e9cifique pour les Centrales hydrauliques"},"content":{"rendered":"<div id=\"pl-1648\"  class=\"panel-layout\" >\n<div id=\"pg-1648-0\"  class=\"panel-grid panel-no-style\" >\n<div id=\"pgc-1648-0-0\"  class=\"panel-grid-cell\"  data-weight=\"1\" >\n<div id=\"panel-1648-0-0-0\" class=\"so-panel widget widget_text panel-first-child panel-last-child\" data-index=\"0\" data-style=\"{&quot;background_image_attachment&quot;:false,&quot;background_display&quot;:&quot;tile&quot;}\" >\n<div class=\"textwidget\">\n<div style=\"color: #BABABA; font-size: 12px;\">FGTI-Distribution > Joints d&rsquo;\u00e9tanch\u00e9it\u00e9 > Gammes sp\u00e9cifiques > Gamme sp\u00e9cifique pour les centrales hydrauliques<\/div>\n<table style=\"font-size: 12px; border: none; width: 100%;\">\n<tr>\n<td colspan=\"2\" style=\"font-size: 22px; vertical-align: top; font-weight: bold; border-bottom: 1px solid #58B6FE; border-top-color: white;\">\nGama espec\u00edfica para centrales hidr\u00e1ulicas\n<\/td>\n<td style=\"text-align: right; border-bottom: 1px solid #58B6FE; border-top-color: white;\">\n<a target=\"_blank\" href=\"https:\/\/fgti-distribution.fr\/FGTI_images\/FGTI-Distribution_IDG-Gamme-specifique-centrales-hydrauliques.pdf\"><img decoding=\"async\" src=\"https:\/\/fgti-distribution.fr\/FGTI_images\/pdficon_large.png\"><\/a>\n<\/td>\n<\/tr>\n<tr>\n<td style=\"width: 200px; vertical-align: top; font-weight: bold; border-color: #FFFFFF; border-bottom: 1px solid #58B6FE; padding-top: 20px;\">\n&nbsp;\n<\/td>\n<td colspan=\"2\" style=\"padding-bottom: 20px; vertical-align: top; text-align: center; border-bottom: 1px solid #58B6FE; border-top-color: white; padding-top: 20px; padding-left: 15px;\">\n<img decoding=\"async\" style=\"max-width: 100%;\" src=\"https:\/\/fgti-distribution.fr\/FGTI_images\/joints-etancheite-centrales-hydrauliques.jpg\">\n<\/td>\n<\/tr>\n<tr>\n<td style=\"width: 200px; vertical-align: top; font-weight: bold; border-color: #FFFFFF; border-bottom: 1px solid #58B6FE; padding-top: 20px;\">\nR\u00e9sum\u00e9<br \/>\n<\/br><\/br><\/br><\/p>\n<p><img decoding=\"async\" style=\"max-width: 100%;\" src=\"https:\/\/fgti-distribution.fr\/FGTI_images\/1.jpg\">&nbsp;&nbsp;<span style=\"font-weight: normal; font-size: 8px;\">Depende de la materia y del perfil<\/span><\/p>\n<p><img decoding=\"async\" style=\"max-width: 100%;\" src=\"https:\/\/fgti-distribution.fr\/FGTI_images\/rond-plein.jpg\">&nbsp;&nbsp;<span style=\"font-weight: normal; font-size: 8px;\">Adapt\u00e9<\/span><\/p>\n<p><img decoding=\"async\" style=\"max-width: 100%;\" src=\"https:\/\/fgti-distribution.fr\/FGTI_images\/rond-vide.jpg\">&nbsp;&nbsp;<span style=\"font-weight: normal; font-size: 8px;\">Bajo condici\u00f3n<\/span><\/p>\n<p>\u2013&nbsp;&nbsp;<span style=\"font-weight: normal; font-size: 8px;\">Inadaptado<\/span>\n<\/td>\n<td colspan=\"2\" style=\"padding-bottom: 20px; vertical-align: top; text-align: center; border-bottom: 1px solid #58B6FE; border-top-color: white; padding-top: 20px; padding-left: 15px;\">\n<img decoding=\"async\" style=\"max-width: 100%;\" src=\"https:\/\/fgti-distribution.fr\/FGTI_images\/joints-etancheite-centrales-hydrauliques1.jpg\">\n<\/td>\n<\/tr>\n<\/table>\n<div style=\"margin-top: 20px; text-align: right; font-size: 12px;\">\n<a href=\"#haut\" style=\"text-decoration: none; color: #AAAAAA;\">Encabezado<\/a>\n<\/div>\n<\/div><\/div>\n<\/div>\n<\/div>\n<\/div>","protected":false},"excerpt":{"rendered":"<p>FGTI-Distribution > Joints d&rsquo;\u00e9tanch\u00e9it\u00e9 > Gammes sp\u00e9cifiques > Gamme sp\u00e9cifique pour les centrales hydrauliques Gamme sp\u00e9cifique pour les centrales hydrauliques &nbsp; R\u00e9sum\u00e9 &nbsp;&nbsp;D\u00e9pend de la mati\u00e8re et du profil &nbsp;&nbsp;Adapt\u00e9 &nbsp;&nbsp;Sous condition &#8211;&nbsp;&nbsp;Inadapt\u00e9 Haut de page<\/p>","protected":false},"author":1,"featured_media":0,"parent":8,"menu_order":0,"comment_status":"closed","ping_status":"closed","template":"","meta":{"footnotes":""},"class_list":["post-1648","page","type-page","status-publish","hentry"],"yoast_head":"<!-- This site is optimized with the Yoast SEO plugin v27.3 - https:\/\/yoast.com\/product\/yoast-seo-wordpress\/ -->\n<title>FGTI Distribution- Joints d&#039;\u00e9tanch\u00e9it\u00e9 pour les Centrales hydrauliques<\/title>\n<meta name=\"description\" content=\"Fiche produit IDG par FGTI distribution : Gamme sp\u00e9cifique de joints d\u2019\u00e9tanch\u00e9it\u00e9 pour les Centrales hydrauliques\" \/>\n<meta name=\"robots\" content=\"index, follow, max-snippet:-1, max-image-preview:large, max-video-preview:-1\" \/>\n<link rel=\"canonical\" href=\"https:\/\/fgti-distribution.fr\/es\/juntas-de-estanqueidad\/joints-etancheite-centrales-hydrauliques\/\" \/>\n<meta property=\"og:locale\" content=\"es_ES\" \/>\n<meta property=\"og:type\" content=\"article\" \/>\n<meta property=\"og:title\" content=\"FGTI Distribution- Joints d&#039;\u00e9tanch\u00e9it\u00e9 pour les Centrales hydrauliques\" \/>\n<meta property=\"og:description\" content=\"Fiche produit IDG par FGTI distribution : Gamme sp\u00e9cifique de joints d\u2019\u00e9tanch\u00e9it\u00e9 pour les Centrales hydrauliques\" \/>\n<meta property=\"og:url\" content=\"https:\/\/fgti-distribution.fr\/es\/juntas-de-estanqueidad\/joints-etancheite-centrales-hydrauliques\/\" \/>\n<meta property=\"og:site_name\" content=\"FGTI Distribution\" \/>\n<meta property=\"article:modified_time\" content=\"2018-10-30T17:01:04+00:00\" \/>\n<meta property=\"og:image\" content=\"https:\/\/fgti-distribution.fr\/FGTI_images\/pdficon_large.png\" \/>\n<meta name=\"twitter:card\" content=\"summary_large_image\" \/>\n<script type=\"application\/ld+json\" class=\"yoast-schema-graph\">{\"@context\":\"https:\\\/\\\/schema.org\",\"@graph\":[{\"@type\":\"WebPage\",\"@id\":\"https:\\\/\\\/fgti-distribution.fr\\\/joints-detancheite\\\/joints-etancheite-centrales-hydrauliques\\\/\",\"url\":\"https:\\\/\\\/fgti-distribution.fr\\\/joints-detancheite\\\/joints-etancheite-centrales-hydrauliques\\\/\",\"name\":\"FGTI Distribution- Joints d'\u00e9tanch\u00e9it\u00e9 pour les Centrales hydrauliques\",\"isPartOf\":{\"@id\":\"https:\\\/\\\/fgti-distribution.fr\\\/#website\"},\"primaryImageOfPage\":{\"@id\":\"https:\\\/\\\/fgti-distribution.fr\\\/joints-detancheite\\\/joints-etancheite-centrales-hydrauliques\\\/#primaryimage\"},\"image\":{\"@id\":\"https:\\\/\\\/fgti-distribution.fr\\\/joints-detancheite\\\/joints-etancheite-centrales-hydrauliques\\\/#primaryimage\"},\"thumbnailUrl\":\"https:\\\/\\\/fgti-distribution.fr\\\/FGTI_images\\\/pdficon_large.png\",\"datePublished\":\"2012-12-16T20:16:02+00:00\",\"dateModified\":\"2018-10-30T17:01:04+00:00\",\"description\":\"Fiche produit IDG par FGTI distribution : Gamme sp\u00e9cifique de joints d\u2019\u00e9tanch\u00e9it\u00e9 pour les Centrales hydrauliques\",\"breadcrumb\":{\"@id\":\"https:\\\/\\\/fgti-distribution.fr\\\/joints-detancheite\\\/joints-etancheite-centrales-hydrauliques\\\/#breadcrumb\"},\"inLanguage\":\"es\",\"potentialAction\":[{\"@type\":\"ReadAction\",\"target\":[\"https:\\\/\\\/fgti-distribution.fr\\\/joints-detancheite\\\/joints-etancheite-centrales-hydrauliques\\\/\"]}]},{\"@type\":\"ImageObject\",\"inLanguage\":\"es\",\"@id\":\"https:\\\/\\\/fgti-distribution.fr\\\/joints-detancheite\\\/joints-etancheite-centrales-hydrauliques\\\/#primaryimage\",\"url\":\"https:\\\/\\\/fgti-distribution.fr\\\/FGTI_images\\\/pdficon_large.png\",\"contentUrl\":\"https:\\\/\\\/fgti-distribution.fr\\\/FGTI_images\\\/pdficon_large.png\"},{\"@type\":\"BreadcrumbList\",\"@id\":\"https:\\\/\\\/fgti-distribution.fr\\\/joints-detancheite\\\/joints-etancheite-centrales-hydrauliques\\\/#breadcrumb\",\"itemListElement\":[{\"@type\":\"ListItem\",\"position\":1,\"name\":\"Home\",\"item\":\"https:\\\/\\\/fgti-distribution.fr\\\/\"},{\"@type\":\"ListItem\",\"position\":2,\"name\":\"Joints d&rsquo;\u00e9tanch\u00e9it\u00e9\",\"item\":\"https:\\\/\\\/fgti-distribution.fr\\\/joints-detancheite\\\/\"},{\"@type\":\"ListItem\",\"position\":3,\"name\":\"Gamme sp\u00e9cifique pour les Centrales hydrauliques\"}]},{\"@type\":\"WebSite\",\"@id\":\"https:\\\/\\\/fgti-distribution.fr\\\/#website\",\"url\":\"https:\\\/\\\/fgti-distribution.fr\\\/\",\"name\":\"FGTI Distribution\",\"description\":\"Pi\u00e8ces techniques et services \u00e0 forte valeur ajout\u00e9e\",\"publisher\":{\"@id\":\"https:\\\/\\\/fgti-distribution.fr\\\/#organization\"},\"alternateName\":\"FGTI Distribution\",\"potentialAction\":[{\"@type\":\"SearchAction\",\"target\":{\"@type\":\"EntryPoint\",\"urlTemplate\":\"https:\\\/\\\/fgti-distribution.fr\\\/?s={search_term_string}\"},\"query-input\":{\"@type\":\"PropertyValueSpecification\",\"valueRequired\":true,\"valueName\":\"search_term_string\"}}],\"inLanguage\":\"es\"},{\"@type\":\"Organization\",\"@id\":\"https:\\\/\\\/fgti-distribution.fr\\\/#organization\",\"name\":\"FGTI Distribution\",\"alternateName\":\"FGTI Distribution\",\"url\":\"https:\\\/\\\/fgti-distribution.fr\\\/\",\"logo\":{\"@type\":\"ImageObject\",\"inLanguage\":\"es\",\"@id\":\"https:\\\/\\\/fgti-distribution.fr\\\/#\\\/schema\\\/logo\\\/image\\\/\",\"url\":\"https:\\\/\\\/fgti-distribution.fr\\\/wp-content\\\/uploads\\\/2022\\\/12\\\/logo.png\",\"contentUrl\":\"https:\\\/\\\/fgti-distribution.fr\\\/wp-content\\\/uploads\\\/2022\\\/12\\\/logo.png\",\"width\":500,\"height\":228,\"caption\":\"FGTI Distribution\"},\"image\":{\"@id\":\"https:\\\/\\\/fgti-distribution.fr\\\/#\\\/schema\\\/logo\\\/image\\\/\"},\"sameAs\":[\"https:\\\/\\\/www.linkedin.com\\\/company\\\/fgti-distribution\\\/\"]}]}<\/script>\n<!-- \/ Yoast SEO plugin. -->","yoast_head_json":{"title":"FGTI Distribution- Joints d'\u00e9tanch\u00e9it\u00e9 pour les Centrales hydrauliques","description":"Fiche produit IDG par FGTI distribution : Gamme sp\u00e9cifique de joints d\u2019\u00e9tanch\u00e9it\u00e9 pour les Centrales hydrauliques","robots":{"index":"index","follow":"follow","max-snippet":"max-snippet:-1","max-image-preview":"max-image-preview:large","max-video-preview":"max-video-preview:-1"},"canonical":"https:\/\/fgti-distribution.fr\/es\/juntas-de-estanqueidad\/joints-etancheite-centrales-hydrauliques\/","og_locale":"es_ES","og_type":"article","og_title":"FGTI Distribution- Joints d'\u00e9tanch\u00e9it\u00e9 pour les Centrales hydrauliques","og_description":"Fiche produit IDG par FGTI distribution : Gamme sp\u00e9cifique de joints d\u2019\u00e9tanch\u00e9it\u00e9 pour les Centrales hydrauliques","og_url":"https:\/\/fgti-distribution.fr\/es\/juntas-de-estanqueidad\/joints-etancheite-centrales-hydrauliques\/","og_site_name":"FGTI Distribution","article_modified_time":"2018-10-30T17:01:04+00:00","og_image":[{"url":"https:\/\/fgti-distribution.fr\/FGTI_images\/pdficon_large.png","type":"","width":"","height":""}],"twitter_card":"summary_large_image","schema":{"@context":"https:\/\/schema.org","@graph":[{"@type":"WebPage","@id":"https:\/\/fgti-distribution.fr\/joints-detancheite\/joints-etancheite-centrales-hydrauliques\/","url":"https:\/\/fgti-distribution.fr\/joints-detancheite\/joints-etancheite-centrales-hydrauliques\/","name":"FGTI Distribution- Joints d'\u00e9tanch\u00e9it\u00e9 pour les Centrales hydrauliques","isPartOf":{"@id":"https:\/\/fgti-distribution.fr\/#website"},"primaryImageOfPage":{"@id":"https:\/\/fgti-distribution.fr\/joints-detancheite\/joints-etancheite-centrales-hydrauliques\/#primaryimage"},"image":{"@id":"https:\/\/fgti-distribution.fr\/joints-detancheite\/joints-etancheite-centrales-hydrauliques\/#primaryimage"},"thumbnailUrl":"https:\/\/fgti-distribution.fr\/FGTI_images\/pdficon_large.png","datePublished":"2012-12-16T20:16:02+00:00","dateModified":"2018-10-30T17:01:04+00:00","description":"Fiche produit IDG par FGTI distribution : Gamme sp\u00e9cifique de joints d\u2019\u00e9tanch\u00e9it\u00e9 pour les Centrales hydrauliques","breadcrumb":{"@id":"https:\/\/fgti-distribution.fr\/joints-detancheite\/joints-etancheite-centrales-hydrauliques\/#breadcrumb"},"inLanguage":"es","potentialAction":[{"@type":"ReadAction","target":["https:\/\/fgti-distribution.fr\/joints-detancheite\/joints-etancheite-centrales-hydrauliques\/"]}]},{"@type":"ImageObject","inLanguage":"es","@id":"https:\/\/fgti-distribution.fr\/joints-detancheite\/joints-etancheite-centrales-hydrauliques\/#primaryimage","url":"https:\/\/fgti-distribution.fr\/FGTI_images\/pdficon_large.png","contentUrl":"https:\/\/fgti-distribution.fr\/FGTI_images\/pdficon_large.png"},{"@type":"BreadcrumbList","@id":"https:\/\/fgti-distribution.fr\/joints-detancheite\/joints-etancheite-centrales-hydrauliques\/#breadcrumb","itemListElement":[{"@type":"ListItem","position":1,"name":"Home","item":"https:\/\/fgti-distribution.fr\/"},{"@type":"ListItem","position":2,"name":"Joints d&rsquo;\u00e9tanch\u00e9it\u00e9","item":"https:\/\/fgti-distribution.fr\/joints-detancheite\/"},{"@type":"ListItem","position":3,"name":"Gamme sp\u00e9cifique pour les Centrales hydrauliques"}]},{"@type":"WebSite","@id":"https:\/\/fgti-distribution.fr\/#website","url":"https:\/\/fgti-distribution.fr\/","name":"Distribuci\u00f3n FGTI","description":"Piezas t\u00e9cnicas y servicios de alto valor a\u00f1adido","publisher":{"@id":"https:\/\/fgti-distribution.fr\/#organization"},"alternateName":"FGTI Distribution","potentialAction":[{"@type":"SearchAction","target":{"@type":"EntryPoint","urlTemplate":"https:\/\/fgti-distribution.fr\/?s={search_term_string}"},"query-input":{"@type":"PropertyValueSpecification","valueRequired":true,"valueName":"search_term_string"}}],"inLanguage":"es"},{"@type":"Organization","@id":"https:\/\/fgti-distribution.fr\/#organization","name":"Distribuci\u00f3n FGTI","alternateName":"FGTI Distribution","url":"https:\/\/fgti-distribution.fr\/","logo":{"@type":"ImageObject","inLanguage":"es","@id":"https:\/\/fgti-distribution.fr\/#\/schema\/logo\/image\/","url":"https:\/\/fgti-distribution.fr\/wp-content\/uploads\/2022\/12\/logo.png","contentUrl":"https:\/\/fgti-distribution.fr\/wp-content\/uploads\/2022\/12\/logo.png","width":500,"height":228,"caption":"FGTI Distribution"},"image":{"@id":"https:\/\/fgti-distribution.fr\/#\/schema\/logo\/image\/"},"sameAs":["https:\/\/www.linkedin.com\/company\/fgti-distribution\/"]}]}},"_links":{"self":[{"href":"https:\/\/fgti-distribution.fr\/es\/wp-json\/wp\/v2\/pages\/1648","targetHints":{"allow":["GET"]}}],"collection":[{"href":"https:\/\/fgti-distribution.fr\/es\/wp-json\/wp\/v2\/pages"}],"about":[{"href":"https:\/\/fgti-distribution.fr\/es\/wp-json\/wp\/v2\/types\/page"}],"author":[{"embeddable":true,"href":"https:\/\/fgti-distribution.fr\/es\/wp-json\/wp\/v2\/users\/1"}],"replies":[{"embeddable":true,"href":"https:\/\/fgti-distribution.fr\/es\/wp-json\/wp\/v2\/comments?post=1648"}],"version-history":[{"count":1,"href":"https:\/\/fgti-distribution.fr\/es\/wp-json\/wp\/v2\/pages\/1648\/revisions"}],"predecessor-version":[{"id":4613,"href":"https:\/\/fgti-distribution.fr\/es\/wp-json\/wp\/v2\/pages\/1648\/revisions\/4613"}],"up":[{"embeddable":true,"href":"https:\/\/fgti-distribution.fr\/es\/wp-json\/wp\/v2\/pages\/8"}],"wp:attachment":[{"href":"https:\/\/fgti-distribution.fr\/es\/wp-json\/wp\/v2\/media?parent=1648"}],"curies":[{"name":"wp","href":"https:\/\/api.w.org\/{rel}","templated":true}]}}