{"id":2142,"date":"2014-01-13T17:26:19","date_gmt":"2014-01-13T17:26:19","guid":{"rendered":"https:\/\/fgti-distribution.fr\/?page_id=2142"},"modified":"2026-04-10T11:43:29","modified_gmt":"2026-04-10T11:43:29","slug":"adaptadores-para-montar-bordes-de-paneles-tubos-paralelos","status":"publish","type":"page","link":"https:\/\/fgti-distribution.fr\/es\/fixation-araymond\/adaptateurs-a-monter-bords-panneaux-tubes-paralleles\/","title":{"rendered":"Adaptador de soporte para tubo con montaje en los bordes del panel \/ Con tubos paralelos al panel"},"content":{"rendered":"<div style=\"color: #bababa; font-size: 12px; margin-bottom: 20px;\">FGTI-Distribution &gt; Fijaciones ARaymond &gt; Fichas t\u00e9cnicas detalladas &gt; Adaptadores para correas y soportes de tubos &gt; Adaptadores para montar en bordes de paneles para soportes de tubos con tubos paralelos al panel<\/div>\n<table style=\"border: 0 none;\">\n<tbody>\n<tr>\n<td style=\"vertical-align: top; width: 60px;\"><a style=\"border: 0 none;\" href=\"https:\/\/fgti-distribution.fr\/wp-content\/img\/fiches-techniques-raymond\/adaptateurs-a-monter-bords-panneaux-tubes-paralleles.pdf\" target=\"_blank\" rel=\"noopener\"><img decoding=\"async\" src=\"https:\/\/fgti-distribution.fr\/FGTI_images\/pdficon_large.png\" \/><\/a><\/td>\n<td style=\"text-align: left; vertical-align: top;\">\n<h1 style=\"text-transform: none;\"><span style=\"color: #e82c2e; font-weight: bold; font-size: 20px;\">Adaptadores para montar en bordes de paneles<\/span><br \/>\nAdaptador de soporte de tubo paralelo al panel<\/h1>\n<\/td>\n<td style=\"text-align: right; font-size: 10px; padding: 0 40px;\"><img decoding=\"async\" src=\"https:\/\/fgti-distribution.fr\/FGTI_images\/bords-de-panneaux.jpg\" alt=\"Tiras para montar en los bordes de los paneles\" \/><\/p>\n<h2 style=\"font-size: 10px;\">Bordes de los paneles<\/h2>\n<\/td>\n<\/tr>\n<tr>\n<td style=\"vertical-align: top;\" colspan=\"2\"><img decoding=\"async\" src=\"https:\/\/fgti-distribution.fr\/wp-content\/img\/fiches-techniques-raymond\/adaptateurs-a-monter-bords-panneaux-tubes-paralleles-FGTI-photo.jpg\" alt=\"Adaptador de fotos para soporte de tubo paralelo al panel\" \/><\/td>\n<td style=\"vertical-align: top;\"><img decoding=\"async\" src=\"https:\/\/fgti-distribution.fr\/wp-content\/img\/fiches-techniques-raymond\/adaptateurs-a-monter-bords-panneaux-tubes-paralleles-FGTI-schema.jpg\" alt=\"Esquema del adaptador de soporte de tubo paralelo al panel\" \/><\/td>\n<\/tr>\n<tr>\n<td style=\"vertical-align: top; text-align: center; font-size: 10px;\" colspan=\"3\">\n<h3>Dimensiones \u2013 Adaptador de soporte de tubo paralelo al panel<\/h3>\n<p>Todas las dimensiones est\u00e1n en mm y los \u00e1ngulos en \u00b0 \/ Otras dimensiones y variantes bajo pedido<br \/>\n<img decoding=\"async\" src=\"https:\/\/fgti-distribution.fr\/wp-content\/img\/fiches-techniques-raymond\/adaptateurs-a-monter-bords-panneaux-tubes-paralleles-FGTI-tableau.jpg\" alt=\"Dimensiones del adaptador de soporte de tubo paralelo al panel\" \/><\/td>\n<\/tr>\n<tr>\n<td style=\"vertical-align: top; text-align: left; font-size: 10px;\" colspan=\"2\"><img decoding=\"async\" src=\"https:\/\/fgti-distribution.fr\/wp-content\/img\/fiches-techniques-raymond\/adaptateurs-a-monter-bords-panneaux-tubes-paralleles-FGTI-info.jpg\" alt=\"Adaptador para soporte de tubo paralelo al panel\" \/><br \/>\n\u2013 Base multifuncional para colocar en el borde de paneles<br \/>\n\u2013 Apto para todos los clips ARaymond para agujeros de \u00d86,5 a 6,7 mm<br \/>\n\u2013 Con garras de sujeci\u00f3n<\/td>\n<td style=\"vertical-align: top; font-size: 10px;\"><img decoding=\"async\" src=\"https:\/\/fgti-distribution.fr\/wp-content\/img\/fiches-techniques-raymond\/adaptateurs-a-monter-bords-panneaux-tubes-paralleles-FGTI-complement.jpg\" alt=\"productos alternativos adaptadores Raymond para montar en bordes de paneles para soportes de tubo con tubos paralelos al panel\" \/><\/p>\n<div style=\"width: 80px; display: inline-block; text-align: center; line-height: 15px;\">\n<p>&nbsp;<\/p>\n<h3 class=\"complement\">Soporte para tubos con clip en un agujero<\/h3>\n<p>&nbsp;<\/p>\n<\/div>\n<div style=\"width: 80px; display: inline-block; text-align: center; line-height: 15px;\"><\/div>\n<div style=\"width: 80px; display: inline-block; text-align: center; line-height: 15px;\"><\/div>\n<\/td>\n<\/tr>\n<\/tbody>\n<\/table>","protected":false},"excerpt":{"rendered":"<p>FGTI-Distribution &gt; Fixations ARaymond &gt; Fiches techniques d\u00e9taill\u00e9es &gt; Adaptateurs pour lani\u00e8res et supports tubes &gt; Adaptateurs \u00e0 monter sur bords de panneaux pour supports tube avec tubes parall\u00e8les au panneau Adaptateurs \u00e0 monter sur bords de panneaux Adaptateur support tube parall\u00e8le au panneau Sur bords de panneaux&lt;\/h2 Dimensions &#8211; Adaptateur support tube parall\u00e8le au&#8230;<\/p>","protected":false},"author":1,"featured_media":0,"parent":10,"menu_order":0,"comment_status":"closed","ping_status":"closed","template":"","meta":{"footnotes":""},"class_list":["post-2142","page","type-page","status-publish","hentry"],"yoast_head":"<!-- This site is optimized with the Yoast SEO plugin v27.3 - https:\/\/yoast.com\/product\/yoast-seo-wordpress\/ -->\n<title>Adaptateur support tube bords de toles parall\u00e8les au panneau<\/title>\n<meta name=\"description\" content=\"FGTI Distribution vous propose la fiche technique d\u00e9taill\u00e9e de l&#039;adaptateur support tube \u00e0 monter en bords de panneaux, parall\u00e8les au panneau.\" \/>\n<meta name=\"robots\" content=\"index, follow, max-snippet:-1, max-image-preview:large, max-video-preview:-1\" \/>\n<link rel=\"canonical\" href=\"https:\/\/fgti-distribution.fr\/es\/fijacion-araymond\/adaptadores-para-montar-bordes-de-paneles-tubos-paralelos\/\" \/>\n<meta property=\"og:locale\" content=\"es_ES\" \/>\n<meta property=\"og:type\" content=\"article\" \/>\n<meta property=\"og:title\" content=\"Adaptateur support tube bords de toles parall\u00e8les au panneau\" \/>\n<meta property=\"og:description\" content=\"FGTI Distribution vous propose la fiche technique d\u00e9taill\u00e9e de l&#039;adaptateur support tube \u00e0 monter en bords de panneaux, parall\u00e8les au panneau.\" \/>\n<meta property=\"og:url\" content=\"https:\/\/fgti-distribution.fr\/es\/fijacion-araymond\/adaptadores-para-montar-bordes-de-paneles-tubos-paralelos\/\" \/>\n<meta property=\"og:site_name\" content=\"FGTI Distribution\" \/>\n<meta property=\"article:modified_time\" content=\"2026-04-10T11:43:29+00:00\" \/>\n<meta property=\"og:image\" content=\"https:\/\/fgti-distribution.fr\/FGTI_images\/pdficon_large.png\" \/>\n<meta name=\"twitter:card\" content=\"summary_large_image\" \/>\n<meta name=\"twitter:label1\" content=\"Est. reading time\" \/>\n\t<meta name=\"twitter:data1\" content=\"2 minutos\" \/>\n<script type=\"application\/ld+json\" class=\"yoast-schema-graph\">{\"@context\":\"https:\\\/\\\/schema.org\",\"@graph\":[{\"@type\":\"WebPage\",\"@id\":\"https:\\\/\\\/fgti-distribution.fr\\\/fixation-araymond\\\/adaptateurs-a-monter-bords-panneaux-tubes-paralleles\\\/\",\"url\":\"https:\\\/\\\/fgti-distribution.fr\\\/fixation-araymond\\\/adaptateurs-a-monter-bords-panneaux-tubes-paralleles\\\/\",\"name\":\"Adaptateur support tube bords de toles parall\u00e8les au panneau\",\"isPartOf\":{\"@id\":\"https:\\\/\\\/fgti-distribution.fr\\\/#website\"},\"primaryImageOfPage\":{\"@id\":\"https:\\\/\\\/fgti-distribution.fr\\\/fixation-araymond\\\/adaptateurs-a-monter-bords-panneaux-tubes-paralleles\\\/#primaryimage\"},\"image\":{\"@id\":\"https:\\\/\\\/fgti-distribution.fr\\\/fixation-araymond\\\/adaptateurs-a-monter-bords-panneaux-tubes-paralleles\\\/#primaryimage\"},\"thumbnailUrl\":\"https:\\\/\\\/fgti-distribution.fr\\\/FGTI_images\\\/pdficon_large.png\",\"datePublished\":\"2014-01-13T17:26:19+00:00\",\"dateModified\":\"2026-04-10T11:43:29+00:00\",\"description\":\"FGTI Distribution vous propose la fiche technique d\u00e9taill\u00e9e de l'adaptateur support tube \u00e0 monter en bords de panneaux, parall\u00e8les au panneau.\",\"breadcrumb\":{\"@id\":\"https:\\\/\\\/fgti-distribution.fr\\\/fixation-araymond\\\/adaptateurs-a-monter-bords-panneaux-tubes-paralleles\\\/#breadcrumb\"},\"inLanguage\":\"es\",\"potentialAction\":[{\"@type\":\"ReadAction\",\"target\":[\"https:\\\/\\\/fgti-distribution.fr\\\/fixation-araymond\\\/adaptateurs-a-monter-bords-panneaux-tubes-paralleles\\\/\"]}]},{\"@type\":\"ImageObject\",\"inLanguage\":\"es\",\"@id\":\"https:\\\/\\\/fgti-distribution.fr\\\/fixation-araymond\\\/adaptateurs-a-monter-bords-panneaux-tubes-paralleles\\\/#primaryimage\",\"url\":\"https:\\\/\\\/fgti-distribution.fr\\\/FGTI_images\\\/pdficon_large.png\",\"contentUrl\":\"https:\\\/\\\/fgti-distribution.fr\\\/FGTI_images\\\/pdficon_large.png\"},{\"@type\":\"BreadcrumbList\",\"@id\":\"https:\\\/\\\/fgti-distribution.fr\\\/fixation-araymond\\\/adaptateurs-a-monter-bords-panneaux-tubes-paralleles\\\/#breadcrumb\",\"itemListElement\":[{\"@type\":\"ListItem\",\"position\":1,\"name\":\"Home\",\"item\":\"https:\\\/\\\/fgti-distribution.fr\\\/\"},{\"@type\":\"ListItem\",\"position\":2,\"name\":\"Fixations ARaymond\",\"item\":\"https:\\\/\\\/fgti-distribution.fr\\\/fixation-araymond\\\/\"},{\"@type\":\"ListItem\",\"position\":3,\"name\":\"Adaptateur support tube \u00e0 monter en bords de panneaux \\\/ Avec tubes parall\u00e8les au panneau\"}]},{\"@type\":\"WebSite\",\"@id\":\"https:\\\/\\\/fgti-distribution.fr\\\/#website\",\"url\":\"https:\\\/\\\/fgti-distribution.fr\\\/\",\"name\":\"FGTI Distribution\",\"description\":\"Pi\u00e8ces techniques et services \u00e0 forte valeur ajout\u00e9e\",\"publisher\":{\"@id\":\"https:\\\/\\\/fgti-distribution.fr\\\/#organization\"},\"alternateName\":\"FGTI Distribution\",\"potentialAction\":[{\"@type\":\"SearchAction\",\"target\":{\"@type\":\"EntryPoint\",\"urlTemplate\":\"https:\\\/\\\/fgti-distribution.fr\\\/?s={search_term_string}\"},\"query-input\":{\"@type\":\"PropertyValueSpecification\",\"valueRequired\":true,\"valueName\":\"search_term_string\"}}],\"inLanguage\":\"es\"},{\"@type\":\"Organization\",\"@id\":\"https:\\\/\\\/fgti-distribution.fr\\\/#organization\",\"name\":\"FGTI Distribution\",\"alternateName\":\"FGTI Distribution\",\"url\":\"https:\\\/\\\/fgti-distribution.fr\\\/\",\"logo\":{\"@type\":\"ImageObject\",\"inLanguage\":\"es\",\"@id\":\"https:\\\/\\\/fgti-distribution.fr\\\/#\\\/schema\\\/logo\\\/image\\\/\",\"url\":\"https:\\\/\\\/fgti-distribution.fr\\\/wp-content\\\/uploads\\\/2022\\\/12\\\/logo.png\",\"contentUrl\":\"https:\\\/\\\/fgti-distribution.fr\\\/wp-content\\\/uploads\\\/2022\\\/12\\\/logo.png\",\"width\":500,\"height\":228,\"caption\":\"FGTI Distribution\"},\"image\":{\"@id\":\"https:\\\/\\\/fgti-distribution.fr\\\/#\\\/schema\\\/logo\\\/image\\\/\"},\"sameAs\":[\"https:\\\/\\\/www.linkedin.com\\\/company\\\/fgti-distribution\\\/\"]}]}<\/script>\n<!-- \/ Yoast SEO plugin. -->","yoast_head_json":{"title":"Adaptador de soporte de tubo para bordes de chapa paralelos al panel","description":"FGTI Distribution le ofrece la hoja t\u00e9cnica detallada del adaptador de soporte de tubo para montaje en el borde de los paneles, paralelo al panel.","robots":{"index":"index","follow":"follow","max-snippet":"max-snippet:-1","max-image-preview":"max-image-preview:large","max-video-preview":"max-video-preview:-1"},"canonical":"https:\/\/fgti-distribution.fr\/es\/fijacion-araymond\/adaptadores-para-montar-bordes-de-paneles-tubos-paralelos\/","og_locale":"es_ES","og_type":"article","og_title":"Adaptateur support tube bords de toles parall\u00e8les au panneau","og_description":"FGTI Distribution vous propose la fiche technique d\u00e9taill\u00e9e de l'adaptateur support tube \u00e0 monter en bords de panneaux, parall\u00e8les au panneau.","og_url":"https:\/\/fgti-distribution.fr\/es\/fijacion-araymond\/adaptadores-para-montar-bordes-de-paneles-tubos-paralelos\/","og_site_name":"FGTI Distribution","article_modified_time":"2026-04-10T11:43:29+00:00","og_image":[{"url":"https:\/\/fgti-distribution.fr\/FGTI_images\/pdficon_large.png","type":"","width":"","height":""}],"twitter_card":"summary_large_image","twitter_misc":{"Est. reading time":"2 minutos"},"schema":{"@context":"https:\/\/schema.org","@graph":[{"@type":"WebPage","@id":"https:\/\/fgti-distribution.fr\/fixation-araymond\/adaptateurs-a-monter-bords-panneaux-tubes-paralleles\/","url":"https:\/\/fgti-distribution.fr\/fixation-araymond\/adaptateurs-a-monter-bords-panneaux-tubes-paralleles\/","name":"Adaptador de soporte de tubo para bordes de chapa paralelos al panel","isPartOf":{"@id":"https:\/\/fgti-distribution.fr\/#website"},"primaryImageOfPage":{"@id":"https:\/\/fgti-distribution.fr\/fixation-araymond\/adaptateurs-a-monter-bords-panneaux-tubes-paralleles\/#primaryimage"},"image":{"@id":"https:\/\/fgti-distribution.fr\/fixation-araymond\/adaptateurs-a-monter-bords-panneaux-tubes-paralleles\/#primaryimage"},"thumbnailUrl":"https:\/\/fgti-distribution.fr\/FGTI_images\/pdficon_large.png","datePublished":"2014-01-13T17:26:19+00:00","dateModified":"2026-04-10T11:43:29+00:00","description":"FGTI Distribution le ofrece la hoja t\u00e9cnica detallada del adaptador de soporte de tubo para montaje en el borde de los paneles, paralelo al panel.","breadcrumb":{"@id":"https:\/\/fgti-distribution.fr\/fixation-araymond\/adaptateurs-a-monter-bords-panneaux-tubes-paralleles\/#breadcrumb"},"inLanguage":"es","potentialAction":[{"@type":"ReadAction","target":["https:\/\/fgti-distribution.fr\/fixation-araymond\/adaptateurs-a-monter-bords-panneaux-tubes-paralleles\/"]}]},{"@type":"ImageObject","inLanguage":"es","@id":"https:\/\/fgti-distribution.fr\/fixation-araymond\/adaptateurs-a-monter-bords-panneaux-tubes-paralleles\/#primaryimage","url":"https:\/\/fgti-distribution.fr\/FGTI_images\/pdficon_large.png","contentUrl":"https:\/\/fgti-distribution.fr\/FGTI_images\/pdficon_large.png"},{"@type":"BreadcrumbList","@id":"https:\/\/fgti-distribution.fr\/fixation-araymond\/adaptateurs-a-monter-bords-panneaux-tubes-paralleles\/#breadcrumb","itemListElement":[{"@type":"ListItem","position":1,"name":"Home","item":"https:\/\/fgti-distribution.fr\/"},{"@type":"ListItem","position":2,"name":"Fixations ARaymond","item":"https:\/\/fgti-distribution.fr\/fixation-araymond\/"},{"@type":"ListItem","position":3,"name":"Adaptateur support tube \u00e0 monter en bords de panneaux \/ Avec tubes parall\u00e8les au panneau"}]},{"@type":"WebSite","@id":"https:\/\/fgti-distribution.fr\/#website","url":"https:\/\/fgti-distribution.fr\/","name":"Distribuci\u00f3n FGTI","description":"Piezas t\u00e9cnicas y servicios de alto valor a\u00f1adido","publisher":{"@id":"https:\/\/fgti-distribution.fr\/#organization"},"alternateName":"FGTI Distribution","potentialAction":[{"@type":"SearchAction","target":{"@type":"EntryPoint","urlTemplate":"https:\/\/fgti-distribution.fr\/?s={search_term_string}"},"query-input":{"@type":"PropertyValueSpecification","valueRequired":true,"valueName":"search_term_string"}}],"inLanguage":"es"},{"@type":"Organization","@id":"https:\/\/fgti-distribution.fr\/#organization","name":"Distribuci\u00f3n FGTI","alternateName":"FGTI Distribution","url":"https:\/\/fgti-distribution.fr\/","logo":{"@type":"ImageObject","inLanguage":"es","@id":"https:\/\/fgti-distribution.fr\/#\/schema\/logo\/image\/","url":"https:\/\/fgti-distribution.fr\/wp-content\/uploads\/2022\/12\/logo.png","contentUrl":"https:\/\/fgti-distribution.fr\/wp-content\/uploads\/2022\/12\/logo.png","width":500,"height":228,"caption":"FGTI Distribution"},"image":{"@id":"https:\/\/fgti-distribution.fr\/#\/schema\/logo\/image\/"},"sameAs":["https:\/\/www.linkedin.com\/company\/fgti-distribution\/"]}]}},"_links":{"self":[{"href":"https:\/\/fgti-distribution.fr\/es\/wp-json\/wp\/v2\/pages\/2142","targetHints":{"allow":["GET"]}}],"collection":[{"href":"https:\/\/fgti-distribution.fr\/es\/wp-json\/wp\/v2\/pages"}],"about":[{"href":"https:\/\/fgti-distribution.fr\/es\/wp-json\/wp\/v2\/types\/page"}],"author":[{"embeddable":true,"href":"https:\/\/fgti-distribution.fr\/es\/wp-json\/wp\/v2\/users\/1"}],"replies":[{"embeddable":true,"href":"https:\/\/fgti-distribution.fr\/es\/wp-json\/wp\/v2\/comments?post=2142"}],"version-history":[{"count":2,"href":"https:\/\/fgti-distribution.fr\/es\/wp-json\/wp\/v2\/pages\/2142\/revisions"}],"predecessor-version":[{"id":10096,"href":"https:\/\/fgti-distribution.fr\/es\/wp-json\/wp\/v2\/pages\/2142\/revisions\/10096"}],"up":[{"embeddable":true,"href":"https:\/\/fgti-distribution.fr\/es\/wp-json\/wp\/v2\/pages\/10"}],"wp:attachment":[{"href":"https:\/\/fgti-distribution.fr\/es\/wp-json\/wp\/v2\/media?parent=2142"}],"curies":[{"name":"wp","href":"https:\/\/api.w.org\/{rel}","templated":true}]}}