{"id":2152,"date":"2014-01-13T18:06:06","date_gmt":"2014-01-13T18:06:06","guid":{"rendered":"https:\/\/fgti-distribution.fr\/?page_id=2152"},"modified":"2024-02-15T15:36:24","modified_gmt":"2024-02-15T15:36:24","slug":"agrafes-a-pincer-bord-de-toles-double-griffe-u","status":"publish","type":"page","link":"https:\/\/fgti-distribution.fr\/es\/fixation-araymond\/agrafes-a-pincer-bord-de-toles-double-griffe-u\/","title":{"rendered":"Agrafe bords de panneaux Forme U, double griffes,  \u00e0 pincer"},"content":{"rendered":"<section data-bb-version=\"4.8.2\" id=\"bt_bb_section69d03883ca001\" class=\"bt_bb_section bt_bb_layout_boxed_1200\"  data-bt-override-class=\"null\"><div class=\"bt_bb_port\"><div class=\"bt_bb_cell\"><div class=\"bt_bb_cell_inner\"><div class=\"bt_bb_row\"  data-bt-override-class=\"{}\"><div class=\"bt_bb_row_holder\" ><div data-bb-version=\"4.8.2\"  class=\"bt_bb_column col-xxl-12 col-xl-12 col-xs-12 col-sm-12 col-md-12 col-lg-12 bt_bb_vertical_align_top bt_bb_align_left bt_bb_padding_normal\" style=\"; --column-width:12;\" data-width=\"12\" data-bt-override-class=\"{}\"><div class=\"bt_bb_column_content\"><div class=\"bt_bb_column_content_inner\"><div class=\"bt_bb_raw_content\"><div style=\"color: #bababa; font-size: 12px; margin-bottom: 20px;\">FGTI-Distribution &gt; Fixations ARaymond &gt; Fiches techniques d\u00e9taill\u00e9es &gt; Agrafes panneaux m\u00e9tal &gt; Agrafes panneaux Forme U\/ Double griffes<\/div>\n<table style=\"border: 0 none;\">\n<tbody>\n<tr>\n<td style=\"vertical-align: top;\"><a style=\"border: 0 none;\" href=\"https:\/\/fgti-distribution.fr\/es\/wp-content\/themes\/twentyeleven\/fiches-techniques-raymond\/agrafes-a-pincer-bord-de-toles-double-griffe-u.pdf\/\" target=\"_blank\" rel=\"noopener\"><img decoding=\"async\" src=\"https:\/\/fgti-distribution.fr\/FGTI_images\/pdficon_large.png\" \/><\/a><\/td>\n<td style=\"text-align: left; vertical-align: top;\">\n<h2 style=\"text-transform: none;\"><span style=\"color: #e82c2e; font-weight: bold; font-size: 20px;\">Agrafes \u00e0 pincer sur bords de panneaux<\/span>\nAgrafe bords de panneaux Forme U, double griffes<\/h2>\n<\/td>\n<td style=\"text-align: right; font-size: 10px; padding: 0 40px;\"><img decoding=\"async\" src=\"https:\/\/fgti-distribution.fr\/FGTI_images\/bords-de-panneaux.jpg\" alt=\"lani\u00e8res \u00e0 monter sur bords de panneaux\" \/>\n<h3 style=\"font-size: 10px;\">Agrafe bords de panneaux<\/h3>\n<\/td>\n<\/tr>\n<tr>\n<td style=\"vertical-align: top;\" colspan=\"2\"><img decoding=\"async\" src=\"https:\/\/fgti-distribution.fr\/wp-content\/themes\/twentyeleven\/fiches-techniques-raymond\/agrafes-a-pincer-bord-de-toles-double-griffe-u-FGTI-photo.jpg\" alt=\"photo agrafes \u00e0 pincer en bord de toles double griffe, forme U\" \/><\/td>\n<td style=\"vertical-align: top;\"><img decoding=\"async\" src=\"https:\/\/fgti-distribution.fr\/wp-content\/themes\/twentyeleven\/fiches-techniques-raymond\/agrafes-a-pincer-bord-de-toles-double-griffe-u-FGTI-schema.jpg\" alt=\"sch\u00e9ma agrafe bords de panneaux Forme U, double griffes\" \/><\/td>\n<\/tr>\n<tr>\n<td style=\"vertical-align: top; text-align: center; font-size: 10px;\" colspan=\"3\">\n<h3>Dimensions - Agrafe bords de panneaux Forme U, double griffes<\/h3>\nToutes les dimensions sont en mm et angles en \u00b0 \/ Autres dimensions et variantes sur demande\n<img decoding=\"async\" src=\"https:\/\/fgti-distribution.fr\/wp-content\/themes\/twentyeleven\/fiches-techniques-raymond\/agrafes-a-pincer-bord-de-toles-double-griffe-u-FGTI-tableau.jpg\" alt=\"dimensions agrafe bords de panneaux Forme U, double griffes\" \/><\/td>\n<\/tr>\n<tr>\n<td style=\"vertical-align: top; text-align: left; font-size: 10px;\" colspan=\"2\"><img decoding=\"async\" src=\"https:\/\/fgti-distribution.fr\/wp-content\/themes\/twentyeleven\/fiches-techniques-raymond\/agrafes-a-pincer-bord-de-toles-double-griffe-u-FGTI-info.jpg\" alt=\"info agrafe bords de panneaux Forme U, double griffes\" \/>\n- Pour assemblage de deux panneaux ou d\u2019une garniture sur un panneau\n- Avec griffes de retenue de chaque c\u00f4t\u00e9<\/td>\n<td style=\"vertical-align: top; font-size: 10px;\"><\/td>\n<\/tr>\n<\/tbody>\n<\/table><\/div><\/div><\/div><\/div><\/div><\/div><\/div><!-- cell_inner --><\/div><!-- cell --><\/div><!-- port --><\/section>","protected":false},"excerpt":{"rendered":"","protected":false},"author":1,"featured_media":0,"parent":10,"menu_order":0,"comment_status":"closed","ping_status":"closed","template":"","meta":{"footnotes":""},"class_list":["post-2152","page","type-page","status-publish","hentry"],"yoast_head":"<!-- This site is optimized with the Yoast SEO plugin v27.3 - https:\/\/yoast.com\/product\/yoast-seo-wordpress\/ -->\n<title>Agrafe bords de panneaux Forme U, double griffes, \u00e0 pincer<\/title>\n<meta name=\"description\" content=\"FGTI Distribution vous propose les agrafes bords de panneaux Forme U, double griffes, \u00e0 pincer. \u2705 Accompagnement technique.\" \/>\n<meta name=\"robots\" content=\"index, follow, max-snippet:-1, max-image-preview:large, max-video-preview:-1\" \/>\n<link rel=\"canonical\" href=\"https:\/\/fgti-distribution.fr\/es\/fixation-araymond\/agrafes-a-pincer-bord-de-toles-double-griffe-u\/\" \/>\n<meta property=\"og:locale\" content=\"es_ES\" \/>\n<meta property=\"og:type\" content=\"article\" \/>\n<meta property=\"og:title\" content=\"Agrafe bords de panneaux Forme U, double griffes, \u00e0 pincer\" \/>\n<meta property=\"og:description\" content=\"FGTI Distribution vous propose les agrafes bords de panneaux Forme U, double griffes, \u00e0 pincer. \u2705 Accompagnement technique.\" \/>\n<meta property=\"og:url\" content=\"https:\/\/fgti-distribution.fr\/es\/fixation-araymond\/agrafes-a-pincer-bord-de-toles-double-griffe-u\/\" \/>\n<meta property=\"og:site_name\" content=\"FGTI Distribution\" \/>\n<meta property=\"article:modified_time\" content=\"2024-02-15T15:36:24+00:00\" \/>\n<meta name=\"twitter:card\" content=\"summary_large_image\" \/>\n<meta name=\"twitter:label1\" content=\"Est. reading time\" \/>\n\t<meta name=\"twitter:data1\" content=\"2 minutos\" \/>\n<script type=\"application\/ld+json\" class=\"yoast-schema-graph\">{\"@context\":\"https:\\\/\\\/schema.org\",\"@graph\":[{\"@type\":\"WebPage\",\"@id\":\"https:\\\/\\\/fgti-distribution.fr\\\/fixation-araymond\\\/agrafes-a-pincer-bord-de-toles-double-griffe-u\\\/\",\"url\":\"https:\\\/\\\/fgti-distribution.fr\\\/fixation-araymond\\\/agrafes-a-pincer-bord-de-toles-double-griffe-u\\\/\",\"name\":\"Agrafe bords de panneaux Forme U, double griffes, \u00e0 pincer\",\"isPartOf\":{\"@id\":\"https:\\\/\\\/fgti-distribution.fr\\\/#website\"},\"datePublished\":\"2014-01-13T18:06:06+00:00\",\"dateModified\":\"2024-02-15T15:36:24+00:00\",\"description\":\"FGTI Distribution vous propose les agrafes bords de panneaux Forme U, double griffes, \u00e0 pincer. \u2705 Accompagnement technique.\",\"breadcrumb\":{\"@id\":\"https:\\\/\\\/fgti-distribution.fr\\\/fixation-araymond\\\/agrafes-a-pincer-bord-de-toles-double-griffe-u\\\/#breadcrumb\"},\"inLanguage\":\"es\",\"potentialAction\":[{\"@type\":\"ReadAction\",\"target\":[\"https:\\\/\\\/fgti-distribution.fr\\\/fixation-araymond\\\/agrafes-a-pincer-bord-de-toles-double-griffe-u\\\/\"]}]},{\"@type\":\"BreadcrumbList\",\"@id\":\"https:\\\/\\\/fgti-distribution.fr\\\/fixation-araymond\\\/agrafes-a-pincer-bord-de-toles-double-griffe-u\\\/#breadcrumb\",\"itemListElement\":[{\"@type\":\"ListItem\",\"position\":1,\"name\":\"Home\",\"item\":\"https:\\\/\\\/fgti-distribution.fr\\\/\"},{\"@type\":\"ListItem\",\"position\":2,\"name\":\"Fixations ARaymond\",\"item\":\"https:\\\/\\\/fgti-distribution.fr\\\/fixation-araymond\\\/\"},{\"@type\":\"ListItem\",\"position\":3,\"name\":\"Agrafe bords de panneaux Forme U, double griffes, \u00e0 pincer\"}]},{\"@type\":\"WebSite\",\"@id\":\"https:\\\/\\\/fgti-distribution.fr\\\/#website\",\"url\":\"https:\\\/\\\/fgti-distribution.fr\\\/\",\"name\":\"FGTI Distribution\",\"description\":\"Pi\u00e8ces techniques et services \u00e0 forte valeur ajout\u00e9e\",\"publisher\":{\"@id\":\"https:\\\/\\\/fgti-distribution.fr\\\/#organization\"},\"alternateName\":\"FGTI Distribution\",\"potentialAction\":[{\"@type\":\"SearchAction\",\"target\":{\"@type\":\"EntryPoint\",\"urlTemplate\":\"https:\\\/\\\/fgti-distribution.fr\\\/?s={search_term_string}\"},\"query-input\":{\"@type\":\"PropertyValueSpecification\",\"valueRequired\":true,\"valueName\":\"search_term_string\"}}],\"inLanguage\":\"es\"},{\"@type\":\"Organization\",\"@id\":\"https:\\\/\\\/fgti-distribution.fr\\\/#organization\",\"name\":\"FGTI Distribution\",\"alternateName\":\"FGTI Distribution\",\"url\":\"https:\\\/\\\/fgti-distribution.fr\\\/\",\"logo\":{\"@type\":\"ImageObject\",\"inLanguage\":\"es\",\"@id\":\"https:\\\/\\\/fgti-distribution.fr\\\/#\\\/schema\\\/logo\\\/image\\\/\",\"url\":\"https:\\\/\\\/fgti-distribution.fr\\\/wp-content\\\/uploads\\\/2022\\\/12\\\/logo.png\",\"contentUrl\":\"https:\\\/\\\/fgti-distribution.fr\\\/wp-content\\\/uploads\\\/2022\\\/12\\\/logo.png\",\"width\":500,\"height\":228,\"caption\":\"FGTI Distribution\"},\"image\":{\"@id\":\"https:\\\/\\\/fgti-distribution.fr\\\/#\\\/schema\\\/logo\\\/image\\\/\"},\"sameAs\":[\"https:\\\/\\\/www.linkedin.com\\\/company\\\/fgti-distribution\\\/\"]}]}<\/script>\n<!-- \/ Yoast SEO plugin. -->","yoast_head_json":{"title":"Agrafe bords de panneaux Forme U, double griffes, \u00e0 pincer","description":"FGTI Distribution vous propose les agrafes bords de panneaux Forme U, double griffes, \u00e0 pincer. \u2705 Accompagnement technique.","robots":{"index":"index","follow":"follow","max-snippet":"max-snippet:-1","max-image-preview":"max-image-preview:large","max-video-preview":"max-video-preview:-1"},"canonical":"https:\/\/fgti-distribution.fr\/es\/fixation-araymond\/agrafes-a-pincer-bord-de-toles-double-griffe-u\/","og_locale":"es_ES","og_type":"article","og_title":"Agrafe bords de panneaux Forme U, double griffes, \u00e0 pincer","og_description":"FGTI Distribution vous propose les agrafes bords de panneaux Forme U, double griffes, \u00e0 pincer. \u2705 Accompagnement technique.","og_url":"https:\/\/fgti-distribution.fr\/es\/fixation-araymond\/agrafes-a-pincer-bord-de-toles-double-griffe-u\/","og_site_name":"FGTI Distribution","article_modified_time":"2024-02-15T15:36:24+00:00","twitter_card":"summary_large_image","twitter_misc":{"Est. reading time":"2 minutos"},"schema":{"@context":"https:\/\/schema.org","@graph":[{"@type":"WebPage","@id":"https:\/\/fgti-distribution.fr\/fixation-araymond\/agrafes-a-pincer-bord-de-toles-double-griffe-u\/","url":"https:\/\/fgti-distribution.fr\/fixation-araymond\/agrafes-a-pincer-bord-de-toles-double-griffe-u\/","name":"Agrafe bords de panneaux Forme U, double griffes, \u00e0 pincer","isPartOf":{"@id":"https:\/\/fgti-distribution.fr\/#website"},"datePublished":"2014-01-13T18:06:06+00:00","dateModified":"2024-02-15T15:36:24+00:00","description":"FGTI Distribution vous propose les agrafes bords de panneaux Forme U, double griffes, \u00e0 pincer. \u2705 Accompagnement technique.","breadcrumb":{"@id":"https:\/\/fgti-distribution.fr\/fixation-araymond\/agrafes-a-pincer-bord-de-toles-double-griffe-u\/#breadcrumb"},"inLanguage":"es","potentialAction":[{"@type":"ReadAction","target":["https:\/\/fgti-distribution.fr\/fixation-araymond\/agrafes-a-pincer-bord-de-toles-double-griffe-u\/"]}]},{"@type":"BreadcrumbList","@id":"https:\/\/fgti-distribution.fr\/fixation-araymond\/agrafes-a-pincer-bord-de-toles-double-griffe-u\/#breadcrumb","itemListElement":[{"@type":"ListItem","position":1,"name":"Home","item":"https:\/\/fgti-distribution.fr\/"},{"@type":"ListItem","position":2,"name":"Fixations ARaymond","item":"https:\/\/fgti-distribution.fr\/fixation-araymond\/"},{"@type":"ListItem","position":3,"name":"Agrafe bords de panneaux Forme U, double griffes, \u00e0 pincer"}]},{"@type":"WebSite","@id":"https:\/\/fgti-distribution.fr\/#website","url":"https:\/\/fgti-distribution.fr\/","name":"Distribuci\u00f3n FGTI","description":"Piezas t\u00e9cnicas y servicios de alto valor a\u00f1adido","publisher":{"@id":"https:\/\/fgti-distribution.fr\/#organization"},"alternateName":"FGTI Distribution","potentialAction":[{"@type":"SearchAction","target":{"@type":"EntryPoint","urlTemplate":"https:\/\/fgti-distribution.fr\/?s={search_term_string}"},"query-input":{"@type":"PropertyValueSpecification","valueRequired":true,"valueName":"search_term_string"}}],"inLanguage":"es"},{"@type":"Organization","@id":"https:\/\/fgti-distribution.fr\/#organization","name":"Distribuci\u00f3n FGTI","alternateName":"FGTI Distribution","url":"https:\/\/fgti-distribution.fr\/","logo":{"@type":"ImageObject","inLanguage":"es","@id":"https:\/\/fgti-distribution.fr\/#\/schema\/logo\/image\/","url":"https:\/\/fgti-distribution.fr\/wp-content\/uploads\/2022\/12\/logo.png","contentUrl":"https:\/\/fgti-distribution.fr\/wp-content\/uploads\/2022\/12\/logo.png","width":500,"height":228,"caption":"FGTI Distribution"},"image":{"@id":"https:\/\/fgti-distribution.fr\/#\/schema\/logo\/image\/"},"sameAs":["https:\/\/www.linkedin.com\/company\/fgti-distribution\/"]}]}},"_links":{"self":[{"href":"https:\/\/fgti-distribution.fr\/es\/wp-json\/wp\/v2\/pages\/2152","targetHints":{"allow":["GET"]}}],"collection":[{"href":"https:\/\/fgti-distribution.fr\/es\/wp-json\/wp\/v2\/pages"}],"about":[{"href":"https:\/\/fgti-distribution.fr\/es\/wp-json\/wp\/v2\/types\/page"}],"author":[{"embeddable":true,"href":"https:\/\/fgti-distribution.fr\/es\/wp-json\/wp\/v2\/users\/1"}],"replies":[{"embeddable":true,"href":"https:\/\/fgti-distribution.fr\/es\/wp-json\/wp\/v2\/comments?post=2152"}],"version-history":[{"count":2,"href":"https:\/\/fgti-distribution.fr\/es\/wp-json\/wp\/v2\/pages\/2152\/revisions"}],"predecessor-version":[{"id":9329,"href":"https:\/\/fgti-distribution.fr\/es\/wp-json\/wp\/v2\/pages\/2152\/revisions\/9329"}],"up":[{"embeddable":true,"href":"https:\/\/fgti-distribution.fr\/es\/wp-json\/wp\/v2\/pages\/10"}],"wp:attachment":[{"href":"https:\/\/fgti-distribution.fr\/es\/wp-json\/wp\/v2\/media?parent=2152"}],"curies":[{"name":"wp","href":"https:\/\/api.w.org\/{rel}","templated":true}]}}