{"id":2170,"date":"2014-01-13T18:59:14","date_gmt":"2014-01-13T18:59:14","guid":{"rendered":"https:\/\/fgti-distribution.fr\/?page_id=2170"},"modified":"2023-02-15T18:00:01","modified_gmt":"2023-02-15T18:00:01","slug":"agrafes-panneaux-plastique-raymond","status":"publish","type":"page","link":"https:\/\/fgti-distribution.fr\/es\/fixation-araymond\/agrafes-panneaux-plastique-raymond\/","title":{"rendered":"Plasti rivet \/ Agrafe panneau plastique A Raymond"},"content":{"rendered":"<section id=\"bt_bb_section69d036ad6df6f\" class=\"bt_bb_section bt_bb_layout_boxed_1200\"  data-bt-override-class=\"null\"><div class=\"bt_bb_port\"><div class=\"bt_bb_cell\"><div class=\"bt_bb_cell_inner\"><div class=\"bt_bb_row\"  data-bt-override-class=\"{}\"><div class=\"bt_bb_row_holder\" ><div  class=\"bt_bb_column col-xxl-12 col-xl-12 col-xs-12 col-sm-12 col-md-12 col-lg-12 bt_bb_vertical_align_top bt_bb_align_left bt_bb_padding_normal\" style=\"; --column-width:12;\" data-width=\"12\" data-bt-override-class=\"{}\"><div class=\"bt_bb_column_content\"><div class=\"bt_bb_column_content_inner\"><div class=\"bt_bb_raw_content\"><div class=\"textwidget\">\n<div style=\"color: #bababa; font-size: 12px; margin-bottom: 20px;\">FGTI-Distribution &gt; Fixations ARaymond &gt; Fiches techniques d\u00e9taill\u00e9es &gt; Agrafes panneaux plastique<\/div>\n<p>FGTI Distribution, sp\u00e9cialiste en solutions de fixation et assemblage et distributeur officiel de la marque ARaymond : nous vous proposons ci-dessous les fiches techniques d\u00e9taill\u00e9es des agrafes panneaux plastique A Raymond : plasti rivet, bouton sapin\u2026<\/p>\n<p>&nbsp;<\/p>\n<div style=\"text-align: center; border: 0 none; color: white; background-color: #888888; padding: 5px; width: 100%;\">AGRAFE PANNEAU PLASTIQUE \u2013 PLASTI RIVET<p><\/p>\n<h2>Plasti rivet \u00e0 encliqueter ou \u00e0 pressionner, bouton sapin \u00e0 pressionner.<\/h2>\n<h3 style=\"color: #172983; text-transform: none; font-size: 16px; font-weight: bold; line-height: 10px;\">Agrafe panneau plastique pour goujon filet\u00e9<\/h3>\n<\/div>\n<p>&nbsp;<\/p>\n<\/div><\/div><\/div><\/div><\/div><\/div><\/div><div class=\"bt_bb_row\"  data-bt-override-class=\"{}\"><div class=\"bt_bb_row_holder\" ><div  class=\"bt_bb_column col-xxl-4 col-xl-4 col-xs-12 col-sm-12 col-md-12 col-lg-4 bt_bb_vertical_align_top bt_bb_align_left bt_bb_padding_normal\" style=\"; --column-width:4;\" data-width=\"4\" data-bt-override-class=\"{}\"><div class=\"bt_bb_column_content\"><div class=\"bt_bb_column_content_inner\"><div class=\"bt_bb_raw_content\"><a href=\"\/es\/fixation-araymond\/agrafes-raymond-plasti-rivets-encliqueter\/\">\n<img decoding=\"async\" src=\"\/wp-content\/img\/agrafes-raymond-plasti-rivets-encliqueter.jpg\" alt=\"Plasti rivet d\u00e9montable \u00e0 encliqueter ou \u00e0 pressionner\" style=\"padding: 0 40px; width: 100%;\">\n<\/a>\n<p style=\"text-align: center;\"><strong>Plasti rivet d\u00e9montable \u00e0 encliqueter ou \u00e0 pressionner<\/strong><\/p>\n<\/div><div class=\"bt_bb_separator bt_bb_top_spacing_normal bt_bb_bottom_spacing_no_spacing bt_bb_border_style_none\" data-bt-override-class=\"{&quot;bt_bb_top_spacing_&quot;:{&quot;current_class&quot;:&quot;bt_bb_top_spacing_normal&quot;,&quot;def&quot;:&quot;normal&quot;,&quot;xl&quot;:&quot;normal&quot;},&quot;bt_bb_bottom_spacing_&quot;:{&quot;current_class&quot;:&quot;bt_bb_bottom_spacing_no_spacing&quot;,&quot;def&quot;:&quot;no_spacing&quot;,&quot;xl&quot;:&quot;no_spacing&quot;}}\"><\/div><div class=\"bt_bb_raw_content\"><a href=\"\/es\/fixation-araymond\/agrafes-raymond-boutons-sapins-perfores-pressionner\/\">\n<img decoding=\"async\" src=\"\/wp-content\/img\/agrafes-raymond-boutons-sapins-perfores-pressionner.jpg\" alt=\"Bouton sapin perfor\u00e9 \u00e0 pressionner\" style=\"padding: 0 40px; width: 100%;\">\n<\/a>\n<p style=\"text-align: center;\"><strong>Bouton sapin perfor\u00e9 \u00e0 pressionner<\/strong><\/p>\n<\/div><\/div><\/div><\/div><div  class=\"bt_bb_column col-xxl-4 col-xl-4 col-xs-12 col-sm-12 col-md-12 col-lg-4 bt_bb_vertical_align_top bt_bb_align_left bt_bb_padding_normal\" style=\"; --column-width:4;\" data-width=\"4\" data-bt-override-class=\"{}\"><div class=\"bt_bb_column_content\"><div class=\"bt_bb_column_content_inner\"><div class=\"bt_bb_raw_content\"><a href=\"\/es\/fixation-araymond\/agrafes-raymond-plasti-rivets-enfoncer\/\">\n<img decoding=\"async\" src=\"\/wp-content\/img\/agrafes-raymond-plasti-rivets-enfoncer.jpg\" alt=\"Plasti rivet \u00e0 pressionner\" style=\"padding: 0 40px; width: 100%;\">\n<\/a>\n<p style=\"text-align: center;\"><strong>Plasti rivet \u00e0 pressionner<\/strong><\/p>\n<\/div><div class=\"bt_bb_separator bt_bb_top_spacing_normal bt_bb_bottom_spacing_no_spacing bt_bb_border_style_none\" data-bt-override-class=\"{&quot;bt_bb_top_spacing_&quot;:{&quot;current_class&quot;:&quot;bt_bb_top_spacing_normal&quot;,&quot;def&quot;:&quot;normal&quot;,&quot;xl&quot;:&quot;normal&quot;},&quot;bt_bb_bottom_spacing_&quot;:{&quot;current_class&quot;:&quot;bt_bb_bottom_spacing_no_spacing&quot;,&quot;def&quot;:&quot;no_spacing&quot;,&quot;xl&quot;:&quot;no_spacing&quot;}}\"><\/div><div class=\"bt_bb_raw_content\"><a href=\"\/es\/fixation-araymond\/agrafes-raymond-goujons-filetes\/\">\n<img decoding=\"async\" src=\"\/wp-content\/img\/agrafes-raymond-goujons-filetes.jpg\" alt=\"Agrafe panneau plastique pour goujon filet\u00e9\" style=\"padding: 0 40px; width: 100%;\">\n<\/a>\n<p style=\"text-align: center;\"><strong>Agrafe panneau plastique pour goujon filet\u00e9<\/strong><\/p>\n<\/div><\/div><\/div><\/div><div  class=\"bt_bb_column col-xxl-4 col-xl-4 col-xs-12 col-sm-12 col-md-12 col-lg-4 bt_bb_vertical_align_top bt_bb_align_left bt_bb_padding_normal\" style=\"; --column-width:4;\" data-width=\"4\" data-bt-override-class=\"{}\"><div class=\"bt_bb_column_content\"><div class=\"bt_bb_column_content_inner\"><div class=\"bt_bb_raw_content\"><a href=\"\/es\/fixation-araymond\/agrafes-raymond-boutons-sapins-pressionner\/\">\n<img decoding=\"async\" src=\"\/wp-content\/img\/agrafes-raymond-boutons-sapins-pressionner.jpg\" alt=\"Bouton sapin \u00e0 pressionner\" style=\"padding: 0 40px; width: 100%;\">\n<\/a>\n<p style=\"text-align: center;\"><strong>Bouton sapin \u00e0 pressionner<\/strong><\/p>\n<\/div><div class=\"bt_bb_separator bt_bb_top_spacing_normal bt_bb_bottom_spacing_no_spacing bt_bb_border_style_none\" data-bt-override-class=\"{&quot;bt_bb_top_spacing_&quot;:{&quot;current_class&quot;:&quot;bt_bb_top_spacing_normal&quot;,&quot;def&quot;:&quot;normal&quot;,&quot;xl&quot;:&quot;normal&quot;},&quot;bt_bb_bottom_spacing_&quot;:{&quot;current_class&quot;:&quot;bt_bb_bottom_spacing_no_spacing&quot;,&quot;def&quot;:&quot;no_spacing&quot;,&quot;xl&quot;:&quot;no_spacing&quot;}}\"><\/div><\/div><\/div><\/div><\/div><\/div><\/div><!-- cell_inner --><\/div><!-- cell --><\/div><!-- port --><\/section>","protected":false},"excerpt":{"rendered":"","protected":false},"author":1,"featured_media":7589,"parent":10,"menu_order":0,"comment_status":"closed","ping_status":"closed","template":"","meta":{"footnotes":""},"class_list":["post-2170","page","type-page","status-publish","has-post-thumbnail","hentry"],"yoast_head":"<!-- This site is optimized with the Yoast SEO plugin v27.3 - https:\/\/yoast.com\/product\/yoast-seo-wordpress\/ -->\n<title>Plasti rivet \/ Agrafes panneaux plastique A Raymond<\/title>\n<meta name=\"description\" content=\"FGTI Distribution, sp\u00e9cialiste en solutions de fixation et assemblage vous pr\u00e9sente les mod\u00e8les de plasti rivet \/ agrafes panneaux plastique A Raymond\" \/>\n<meta name=\"robots\" content=\"index, follow, max-snippet:-1, max-image-preview:large, max-video-preview:-1\" \/>\n<link rel=\"canonical\" href=\"https:\/\/fgti-distribution.fr\/es\/fixation-araymond\/agrafes-panneaux-plastique-raymond\/\" \/>\n<meta property=\"og:locale\" content=\"es_ES\" \/>\n<meta property=\"og:type\" content=\"article\" \/>\n<meta property=\"og:title\" content=\"Plasti rivet \/ Agrafes panneaux plastique A Raymond\" \/>\n<meta property=\"og:description\" content=\"FGTI Distribution, sp\u00e9cialiste en solutions de fixation et assemblage vous pr\u00e9sente les mod\u00e8les de plasti rivet \/ agrafes panneaux plastique A Raymond\" \/>\n<meta property=\"og:url\" content=\"https:\/\/fgti-distribution.fr\/es\/fixation-araymond\/agrafes-panneaux-plastique-raymond\/\" \/>\n<meta property=\"og:site_name\" content=\"FGTI Distribution\" \/>\n<meta property=\"article:modified_time\" content=\"2023-02-15T18:00:01+00:00\" \/>\n<meta property=\"og:image\" content=\"https:\/\/fgti-distribution.fr\/wp-content\/uploads\/2023\/02\/agrafe-panneau-plastique.jpg\" \/>\n\t<meta property=\"og:image:width\" content=\"1600\" \/>\n\t<meta property=\"og:image:height\" content=\"430\" \/>\n\t<meta property=\"og:image:type\" content=\"image\/jpeg\" \/>\n<meta name=\"twitter:card\" content=\"summary_large_image\" \/>\n<meta name=\"twitter:label1\" content=\"Est. reading time\" \/>\n\t<meta name=\"twitter:data1\" content=\"1 minuto\" \/>\n<script type=\"application\/ld+json\" class=\"yoast-schema-graph\">{\"@context\":\"https:\\\/\\\/schema.org\",\"@graph\":[{\"@type\":\"WebPage\",\"@id\":\"https:\\\/\\\/fgti-distribution.fr\\\/fixation-araymond\\\/agrafes-panneaux-plastique-raymond\\\/\",\"url\":\"https:\\\/\\\/fgti-distribution.fr\\\/fixation-araymond\\\/agrafes-panneaux-plastique-raymond\\\/\",\"name\":\"Plasti rivet \\\/ Agrafes panneaux plastique A Raymond\",\"isPartOf\":{\"@id\":\"https:\\\/\\\/fgti-distribution.fr\\\/#website\"},\"primaryImageOfPage\":{\"@id\":\"https:\\\/\\\/fgti-distribution.fr\\\/fixation-araymond\\\/agrafes-panneaux-plastique-raymond\\\/#primaryimage\"},\"image\":{\"@id\":\"https:\\\/\\\/fgti-distribution.fr\\\/fixation-araymond\\\/agrafes-panneaux-plastique-raymond\\\/#primaryimage\"},\"thumbnailUrl\":\"https:\\\/\\\/fgti-distribution.fr\\\/wp-content\\\/uploads\\\/2023\\\/02\\\/agrafe-panneau-plastique.jpg\",\"datePublished\":\"2014-01-13T18:59:14+00:00\",\"dateModified\":\"2023-02-15T18:00:01+00:00\",\"description\":\"FGTI Distribution, sp\u00e9cialiste en solutions de fixation et assemblage vous pr\u00e9sente les mod\u00e8les de plasti rivet \\\/ agrafes panneaux plastique A Raymond\",\"breadcrumb\":{\"@id\":\"https:\\\/\\\/fgti-distribution.fr\\\/fixation-araymond\\\/agrafes-panneaux-plastique-raymond\\\/#breadcrumb\"},\"inLanguage\":\"es\",\"potentialAction\":[{\"@type\":\"ReadAction\",\"target\":[\"https:\\\/\\\/fgti-distribution.fr\\\/fixation-araymond\\\/agrafes-panneaux-plastique-raymond\\\/\"]}]},{\"@type\":\"ImageObject\",\"inLanguage\":\"es\",\"@id\":\"https:\\\/\\\/fgti-distribution.fr\\\/fixation-araymond\\\/agrafes-panneaux-plastique-raymond\\\/#primaryimage\",\"url\":\"https:\\\/\\\/fgti-distribution.fr\\\/wp-content\\\/uploads\\\/2023\\\/02\\\/agrafe-panneau-plastique.jpg\",\"contentUrl\":\"https:\\\/\\\/fgti-distribution.fr\\\/wp-content\\\/uploads\\\/2023\\\/02\\\/agrafe-panneau-plastique.jpg\",\"width\":1600,\"height\":430,\"caption\":\"agrafe panneau plastique\"},{\"@type\":\"BreadcrumbList\",\"@id\":\"https:\\\/\\\/fgti-distribution.fr\\\/fixation-araymond\\\/agrafes-panneaux-plastique-raymond\\\/#breadcrumb\",\"itemListElement\":[{\"@type\":\"ListItem\",\"position\":1,\"name\":\"Home\",\"item\":\"https:\\\/\\\/fgti-distribution.fr\\\/\"},{\"@type\":\"ListItem\",\"position\":2,\"name\":\"Fixations ARaymond\",\"item\":\"https:\\\/\\\/fgti-distribution.fr\\\/fixation-araymond\\\/\"},{\"@type\":\"ListItem\",\"position\":3,\"name\":\"Plasti rivet \\\/ Agrafe panneau plastique A Raymond\"}]},{\"@type\":\"WebSite\",\"@id\":\"https:\\\/\\\/fgti-distribution.fr\\\/#website\",\"url\":\"https:\\\/\\\/fgti-distribution.fr\\\/\",\"name\":\"FGTI Distribution\",\"description\":\"Pi\u00e8ces techniques et services \u00e0 forte valeur ajout\u00e9e\",\"publisher\":{\"@id\":\"https:\\\/\\\/fgti-distribution.fr\\\/#organization\"},\"alternateName\":\"FGTI Distribution\",\"potentialAction\":[{\"@type\":\"SearchAction\",\"target\":{\"@type\":\"EntryPoint\",\"urlTemplate\":\"https:\\\/\\\/fgti-distribution.fr\\\/?s={search_term_string}\"},\"query-input\":{\"@type\":\"PropertyValueSpecification\",\"valueRequired\":true,\"valueName\":\"search_term_string\"}}],\"inLanguage\":\"es\"},{\"@type\":\"Organization\",\"@id\":\"https:\\\/\\\/fgti-distribution.fr\\\/#organization\",\"name\":\"FGTI Distribution\",\"alternateName\":\"FGTI Distribution\",\"url\":\"https:\\\/\\\/fgti-distribution.fr\\\/\",\"logo\":{\"@type\":\"ImageObject\",\"inLanguage\":\"es\",\"@id\":\"https:\\\/\\\/fgti-distribution.fr\\\/#\\\/schema\\\/logo\\\/image\\\/\",\"url\":\"https:\\\/\\\/fgti-distribution.fr\\\/wp-content\\\/uploads\\\/2022\\\/12\\\/logo.png\",\"contentUrl\":\"https:\\\/\\\/fgti-distribution.fr\\\/wp-content\\\/uploads\\\/2022\\\/12\\\/logo.png\",\"width\":500,\"height\":228,\"caption\":\"FGTI Distribution\"},\"image\":{\"@id\":\"https:\\\/\\\/fgti-distribution.fr\\\/#\\\/schema\\\/logo\\\/image\\\/\"},\"sameAs\":[\"https:\\\/\\\/www.linkedin.com\\\/company\\\/fgti-distribution\\\/\"]}]}<\/script>\n<!-- \/ Yoast SEO plugin. -->","yoast_head_json":{"title":"Plasti rivet \/ Agrafes panneaux plastique A Raymond","description":"FGTI Distribution, sp\u00e9cialiste en solutions de fixation et assemblage vous pr\u00e9sente les mod\u00e8les de plasti rivet \/ agrafes panneaux plastique A Raymond","robots":{"index":"index","follow":"follow","max-snippet":"max-snippet:-1","max-image-preview":"max-image-preview:large","max-video-preview":"max-video-preview:-1"},"canonical":"https:\/\/fgti-distribution.fr\/es\/fixation-araymond\/agrafes-panneaux-plastique-raymond\/","og_locale":"es_ES","og_type":"article","og_title":"Plasti rivet \/ Agrafes panneaux plastique A Raymond","og_description":"FGTI Distribution, sp\u00e9cialiste en solutions de fixation et assemblage vous pr\u00e9sente les mod\u00e8les de plasti rivet \/ agrafes panneaux plastique A Raymond","og_url":"https:\/\/fgti-distribution.fr\/es\/fixation-araymond\/agrafes-panneaux-plastique-raymond\/","og_site_name":"FGTI Distribution","article_modified_time":"2023-02-15T18:00:01+00:00","og_image":[{"width":1600,"height":430,"url":"https:\/\/fgti-distribution.fr\/wp-content\/uploads\/2023\/02\/agrafe-panneau-plastique.jpg","type":"image\/jpeg"}],"twitter_card":"summary_large_image","twitter_misc":{"Est. reading time":"1 minuto"},"schema":{"@context":"https:\/\/schema.org","@graph":[{"@type":"WebPage","@id":"https:\/\/fgti-distribution.fr\/fixation-araymond\/agrafes-panneaux-plastique-raymond\/","url":"https:\/\/fgti-distribution.fr\/fixation-araymond\/agrafes-panneaux-plastique-raymond\/","name":"Plasti rivet \/ Agrafes panneaux plastique A Raymond","isPartOf":{"@id":"https:\/\/fgti-distribution.fr\/#website"},"primaryImageOfPage":{"@id":"https:\/\/fgti-distribution.fr\/fixation-araymond\/agrafes-panneaux-plastique-raymond\/#primaryimage"},"image":{"@id":"https:\/\/fgti-distribution.fr\/fixation-araymond\/agrafes-panneaux-plastique-raymond\/#primaryimage"},"thumbnailUrl":"https:\/\/fgti-distribution.fr\/wp-content\/uploads\/2023\/02\/agrafe-panneau-plastique.jpg","datePublished":"2014-01-13T18:59:14+00:00","dateModified":"2023-02-15T18:00:01+00:00","description":"FGTI Distribution, sp\u00e9cialiste en solutions de fixation et assemblage vous pr\u00e9sente les mod\u00e8les de plasti rivet \/ agrafes panneaux plastique A Raymond","breadcrumb":{"@id":"https:\/\/fgti-distribution.fr\/fixation-araymond\/agrafes-panneaux-plastique-raymond\/#breadcrumb"},"inLanguage":"es","potentialAction":[{"@type":"ReadAction","target":["https:\/\/fgti-distribution.fr\/fixation-araymond\/agrafes-panneaux-plastique-raymond\/"]}]},{"@type":"ImageObject","inLanguage":"es","@id":"https:\/\/fgti-distribution.fr\/fixation-araymond\/agrafes-panneaux-plastique-raymond\/#primaryimage","url":"https:\/\/fgti-distribution.fr\/wp-content\/uploads\/2023\/02\/agrafe-panneau-plastique.jpg","contentUrl":"https:\/\/fgti-distribution.fr\/wp-content\/uploads\/2023\/02\/agrafe-panneau-plastique.jpg","width":1600,"height":430,"caption":"agrafe panneau plastique"},{"@type":"BreadcrumbList","@id":"https:\/\/fgti-distribution.fr\/fixation-araymond\/agrafes-panneaux-plastique-raymond\/#breadcrumb","itemListElement":[{"@type":"ListItem","position":1,"name":"Home","item":"https:\/\/fgti-distribution.fr\/"},{"@type":"ListItem","position":2,"name":"Fixations ARaymond","item":"https:\/\/fgti-distribution.fr\/fixation-araymond\/"},{"@type":"ListItem","position":3,"name":"Plasti rivet \/ Agrafe panneau plastique A Raymond"}]},{"@type":"WebSite","@id":"https:\/\/fgti-distribution.fr\/#website","url":"https:\/\/fgti-distribution.fr\/","name":"Distribuci\u00f3n FGTI","description":"Piezas t\u00e9cnicas y servicios de alto valor a\u00f1adido","publisher":{"@id":"https:\/\/fgti-distribution.fr\/#organization"},"alternateName":"FGTI Distribution","potentialAction":[{"@type":"SearchAction","target":{"@type":"EntryPoint","urlTemplate":"https:\/\/fgti-distribution.fr\/?s={search_term_string}"},"query-input":{"@type":"PropertyValueSpecification","valueRequired":true,"valueName":"search_term_string"}}],"inLanguage":"es"},{"@type":"Organization","@id":"https:\/\/fgti-distribution.fr\/#organization","name":"Distribuci\u00f3n FGTI","alternateName":"FGTI Distribution","url":"https:\/\/fgti-distribution.fr\/","logo":{"@type":"ImageObject","inLanguage":"es","@id":"https:\/\/fgti-distribution.fr\/#\/schema\/logo\/image\/","url":"https:\/\/fgti-distribution.fr\/wp-content\/uploads\/2022\/12\/logo.png","contentUrl":"https:\/\/fgti-distribution.fr\/wp-content\/uploads\/2022\/12\/logo.png","width":500,"height":228,"caption":"FGTI Distribution"},"image":{"@id":"https:\/\/fgti-distribution.fr\/#\/schema\/logo\/image\/"},"sameAs":["https:\/\/www.linkedin.com\/company\/fgti-distribution\/"]}]}},"_links":{"self":[{"href":"https:\/\/fgti-distribution.fr\/es\/wp-json\/wp\/v2\/pages\/2170","targetHints":{"allow":["GET"]}}],"collection":[{"href":"https:\/\/fgti-distribution.fr\/es\/wp-json\/wp\/v2\/pages"}],"about":[{"href":"https:\/\/fgti-distribution.fr\/es\/wp-json\/wp\/v2\/types\/page"}],"author":[{"embeddable":true,"href":"https:\/\/fgti-distribution.fr\/es\/wp-json\/wp\/v2\/users\/1"}],"replies":[{"embeddable":true,"href":"https:\/\/fgti-distribution.fr\/es\/wp-json\/wp\/v2\/comments?post=2170"}],"version-history":[{"count":4,"href":"https:\/\/fgti-distribution.fr\/es\/wp-json\/wp\/v2\/pages\/2170\/revisions"}],"predecessor-version":[{"id":7546,"href":"https:\/\/fgti-distribution.fr\/es\/wp-json\/wp\/v2\/pages\/2170\/revisions\/7546"}],"up":[{"embeddable":true,"href":"https:\/\/fgti-distribution.fr\/es\/wp-json\/wp\/v2\/pages\/10"}],"wp:featuredmedia":[{"embeddable":true,"href":"https:\/\/fgti-distribution.fr\/es\/wp-json\/wp\/v2\/media\/7589"}],"wp:attachment":[{"href":"https:\/\/fgti-distribution.fr\/es\/wp-json\/wp\/v2\/media?parent=2170"}],"curies":[{"name":"wp","href":"https:\/\/api.w.org\/{rel}","templated":true}]}}