{"id":2173,"date":"2014-01-13T19:06:01","date_gmt":"2014-01-13T19:06:01","guid":{"rendered":"https:\/\/fgti-distribution.fr\/?page_id=2173"},"modified":"2023-02-10T17:17:11","modified_gmt":"2023-02-10T17:17:11","slug":"agrafes-raymond-plasti-rivets-encliqueter","status":"publish","type":"page","link":"https:\/\/fgti-distribution.fr\/es\/fixation-araymond\/agrafes-raymond-plasti-rivets-encliqueter\/","title":{"rendered":"Plasti rivet d\u00e9montable \u00e0 encliqueter et \u00e0 pressionner \/ Agrafe de panneaux \u00e0 clipper"},"content":{"rendered":"<div style=\"color: #bababa; font-size: 12px; margin-bottom: 20px;\">FGTI-Distribution &gt; Fixations ARaymond &gt; Fiches techniques d\u00e9taill\u00e9es &gt; Agrafes panneaux plastique &gt; Agrafes de panneaux \u00e0 clipper<\/div>\n<table style=\"border: 0 none;\">\n<tbody>\n<tr>\n<td style=\"vertical-align: top;\"><a style=\"border: 0 none;\" href=\"https:\/\/fgti-distribution.fr\/es\/wp-content\/themes\/twentyeleven\/fiches-techniques-raymond\/agrafes-raymond-plasti-rivets-encliqueter.pdf\/\" target=\"_blank\" rel=\"noopener\"><img decoding=\"async\" src=\"https:\/\/fgti-distribution.fr\/FGTI_images\/pdficon_large.png\" \/><\/a><\/td>\n<td style=\"text-align: left; vertical-align: top;\">\n<h1 style=\"text-transform: none;\"><span style=\"color: #e82c2e; font-weight: bold; font-size: 20px;\">Agrafes de panneaux<\/span><br \/>\nPlasti rivet d\u00e9montable \u00e0 encliqueter et \u00e0 pressionner<\/h1>\n<\/td>\n<td style=\"text-align: right; font-size: 10px; padding: 0 40px;\"><img decoding=\"async\" src=\"https:\/\/fgti-distribution.fr\/FGTI_images\/dans-trou.jpg\" alt=\"fixations raymond dans un trou\" \/><\/p>\n<h2 style=\"font-size: 10px;\">Dans un trou<\/h2>\n<\/td>\n<\/tr>\n<tr>\n<td style=\"vertical-align: top;\" colspan=\"2\"><img decoding=\"async\" src=\"https:\/\/fgti-distribution.fr\/wp-content\/themes\/twentyeleven\/fiches-techniques-raymond\/agrafes-raymond-plasti-rivets-encliqueter-FGTI-photo.jpg\" alt=\"photo Plasti rivet d\u00e9montable\" \/><\/td>\n<td style=\"vertical-align: top;\"><img decoding=\"async\" src=\"https:\/\/fgti-distribution.fr\/wp-content\/themes\/twentyeleven\/fiches-techniques-raymond\/agrafes-raymond-plasti-rivets-encliqueter-FGTI-schema.jpg\" alt=\"sch\u00e9ma Plasti rivet d\u00e9montable\" \/><\/td>\n<\/tr>\n<tr>\n<td style=\"vertical-align: top; text-align: center; font-size: 10px;\" colspan=\"3\">\n<h3>Dimensions &#8211; Plasti rivet d\u00e9montable<\/h3>\n<p>Toutes les dimensions sont en mm et angles en \u00b0 \/ Autres dimensions et variantes sur demande<br \/>\n<img decoding=\"async\" src=\"https:\/\/fgti-distribution.fr\/wp-content\/themes\/twentyeleven\/fiches-techniques-raymond\/agrafes-raymond-plasti-rivets-encliqueter-FGTI-tableau.jpg\" alt=\"dimensions Plasti rivet d\u00e9montable\" \/><\/td>\n<\/tr>\n<tr>\n<td style=\"vertical-align: top; text-align: left; font-size: 10px;\" colspan=\"2\"><img decoding=\"async\" src=\"https:\/\/fgti-distribution.fr\/wp-content\/themes\/twentyeleven\/fiches-techniques-raymond\/agrafes-raymond-plasti-rivets-encliqueter-FGTI-info.jpg\" alt=\"info Plasti rivet d\u00e9montable\" \/><br \/>\n&#8211; Pour assembler deux panneaux<br \/>\n&#8211; Montage rapide par pression<br \/>\n&#8211; D\u00e9montable par extraction de la goupille et r\u00e9utilisable<br \/>\n&#8211; Haute tenue \u00e0 l\u2019arrachement<\/td>\n<td style=\"vertical-align: top; font-size: 10px;\"><\/td>\n<\/tr>\n<\/tbody>\n<\/table>","protected":false},"excerpt":{"rendered":"<p>FGTI-Distribution &gt; Fixations ARaymond &gt; Fiches techniques d\u00e9taill\u00e9es &gt; Agrafes panneaux plastique &gt; Agrafes de panneaux \u00e0 clipper Agrafes de panneaux Plasti rivet d\u00e9montable \u00e0 encliqueter et \u00e0 pressionner Dans un trou Dimensions &#8211; Plasti rivet d\u00e9montable Toutes les dimensions sont en mm et angles en \u00b0 \/ Autres dimensions et variantes sur demande &#8211;&#8230;<\/p>","protected":false},"author":1,"featured_media":0,"parent":10,"menu_order":0,"comment_status":"closed","ping_status":"closed","template":"","meta":{"footnotes":""},"class_list":["post-2173","page","type-page","status-publish","hentry"],"yoast_head":"<!-- This site is optimized with the Yoast SEO plugin v27.3 - https:\/\/yoast.com\/product\/yoast-seo-wordpress\/ -->\n<title>Plasti rivet d\u00e9montable \u00e0 encliqueter et \u00e0 pressionner \/ Agrafes \u00e0 clipper<\/title>\n<meta name=\"description\" content=\"FGTI Distribution vous propose la fiche technique d\u00e9taill\u00e9e du Plasti rivet d\u00e9montable \u00e0 encliqueter et \u00e0 pressionner. N&#039;h\u00e9sitez pas \u00e0 nous contacter.\" \/>\n<meta name=\"robots\" content=\"index, follow, max-snippet:-1, max-image-preview:large, max-video-preview:-1\" \/>\n<link rel=\"canonical\" href=\"https:\/\/fgti-distribution.fr\/es\/fixation-araymond\/agrafes-raymond-plasti-rivets-encliqueter\/\" \/>\n<meta property=\"og:locale\" content=\"es_ES\" \/>\n<meta property=\"og:type\" content=\"article\" \/>\n<meta property=\"og:title\" content=\"Plasti rivet d\u00e9montable \u00e0 encliqueter et \u00e0 pressionner \/ Agrafes \u00e0 clipper\" \/>\n<meta property=\"og:description\" content=\"FGTI Distribution vous propose la fiche technique d\u00e9taill\u00e9e du Plasti rivet d\u00e9montable \u00e0 encliqueter et \u00e0 pressionner. N&#039;h\u00e9sitez pas \u00e0 nous contacter.\" \/>\n<meta property=\"og:url\" content=\"https:\/\/fgti-distribution.fr\/es\/fixation-araymond\/agrafes-raymond-plasti-rivets-encliqueter\/\" \/>\n<meta property=\"og:site_name\" content=\"FGTI Distribution\" \/>\n<meta property=\"article:modified_time\" content=\"2023-02-10T17:17:11+00:00\" \/>\n<meta property=\"og:image\" content=\"https:\/\/fgti-distribution.fr\/FGTI_images\/pdficon_large.png\" \/>\n<meta name=\"twitter:card\" content=\"summary_large_image\" \/>\n<meta name=\"twitter:label1\" content=\"Est. reading time\" \/>\n\t<meta name=\"twitter:data1\" content=\"2 minutos\" \/>\n<script type=\"application\/ld+json\" class=\"yoast-schema-graph\">{\"@context\":\"https:\\\/\\\/schema.org\",\"@graph\":[{\"@type\":\"WebPage\",\"@id\":\"https:\\\/\\\/fgti-distribution.fr\\\/fixation-araymond\\\/agrafes-raymond-plasti-rivets-encliqueter\\\/\",\"url\":\"https:\\\/\\\/fgti-distribution.fr\\\/fixation-araymond\\\/agrafes-raymond-plasti-rivets-encliqueter\\\/\",\"name\":\"Plasti rivet d\u00e9montable \u00e0 encliqueter et \u00e0 pressionner \\\/ Agrafes \u00e0 clipper\",\"isPartOf\":{\"@id\":\"https:\\\/\\\/fgti-distribution.fr\\\/#website\"},\"primaryImageOfPage\":{\"@id\":\"https:\\\/\\\/fgti-distribution.fr\\\/fixation-araymond\\\/agrafes-raymond-plasti-rivets-encliqueter\\\/#primaryimage\"},\"image\":{\"@id\":\"https:\\\/\\\/fgti-distribution.fr\\\/fixation-araymond\\\/agrafes-raymond-plasti-rivets-encliqueter\\\/#primaryimage\"},\"thumbnailUrl\":\"https:\\\/\\\/fgti-distribution.fr\\\/FGTI_images\\\/pdficon_large.png\",\"datePublished\":\"2014-01-13T19:06:01+00:00\",\"dateModified\":\"2023-02-10T17:17:11+00:00\",\"description\":\"FGTI Distribution vous propose la fiche technique d\u00e9taill\u00e9e du Plasti rivet d\u00e9montable \u00e0 encliqueter et \u00e0 pressionner. N'h\u00e9sitez pas \u00e0 nous contacter.\",\"breadcrumb\":{\"@id\":\"https:\\\/\\\/fgti-distribution.fr\\\/fixation-araymond\\\/agrafes-raymond-plasti-rivets-encliqueter\\\/#breadcrumb\"},\"inLanguage\":\"es\",\"potentialAction\":[{\"@type\":\"ReadAction\",\"target\":[\"https:\\\/\\\/fgti-distribution.fr\\\/fixation-araymond\\\/agrafes-raymond-plasti-rivets-encliqueter\\\/\"]}]},{\"@type\":\"ImageObject\",\"inLanguage\":\"es\",\"@id\":\"https:\\\/\\\/fgti-distribution.fr\\\/fixation-araymond\\\/agrafes-raymond-plasti-rivets-encliqueter\\\/#primaryimage\",\"url\":\"https:\\\/\\\/fgti-distribution.fr\\\/FGTI_images\\\/pdficon_large.png\",\"contentUrl\":\"https:\\\/\\\/fgti-distribution.fr\\\/FGTI_images\\\/pdficon_large.png\"},{\"@type\":\"BreadcrumbList\",\"@id\":\"https:\\\/\\\/fgti-distribution.fr\\\/fixation-araymond\\\/agrafes-raymond-plasti-rivets-encliqueter\\\/#breadcrumb\",\"itemListElement\":[{\"@type\":\"ListItem\",\"position\":1,\"name\":\"Home\",\"item\":\"https:\\\/\\\/fgti-distribution.fr\\\/\"},{\"@type\":\"ListItem\",\"position\":2,\"name\":\"Fixations ARaymond\",\"item\":\"https:\\\/\\\/fgti-distribution.fr\\\/fixation-araymond\\\/\"},{\"@type\":\"ListItem\",\"position\":3,\"name\":\"Plasti rivet d\u00e9montable \u00e0 encliqueter et \u00e0 pressionner \\\/ Agrafe de panneaux \u00e0 clipper\"}]},{\"@type\":\"WebSite\",\"@id\":\"https:\\\/\\\/fgti-distribution.fr\\\/#website\",\"url\":\"https:\\\/\\\/fgti-distribution.fr\\\/\",\"name\":\"FGTI Distribution\",\"description\":\"Pi\u00e8ces techniques et services \u00e0 forte valeur ajout\u00e9e\",\"publisher\":{\"@id\":\"https:\\\/\\\/fgti-distribution.fr\\\/#organization\"},\"alternateName\":\"FGTI Distribution\",\"potentialAction\":[{\"@type\":\"SearchAction\",\"target\":{\"@type\":\"EntryPoint\",\"urlTemplate\":\"https:\\\/\\\/fgti-distribution.fr\\\/?s={search_term_string}\"},\"query-input\":{\"@type\":\"PropertyValueSpecification\",\"valueRequired\":true,\"valueName\":\"search_term_string\"}}],\"inLanguage\":\"es\"},{\"@type\":\"Organization\",\"@id\":\"https:\\\/\\\/fgti-distribution.fr\\\/#organization\",\"name\":\"FGTI Distribution\",\"alternateName\":\"FGTI Distribution\",\"url\":\"https:\\\/\\\/fgti-distribution.fr\\\/\",\"logo\":{\"@type\":\"ImageObject\",\"inLanguage\":\"es\",\"@id\":\"https:\\\/\\\/fgti-distribution.fr\\\/#\\\/schema\\\/logo\\\/image\\\/\",\"url\":\"https:\\\/\\\/fgti-distribution.fr\\\/wp-content\\\/uploads\\\/2022\\\/12\\\/logo.png\",\"contentUrl\":\"https:\\\/\\\/fgti-distribution.fr\\\/wp-content\\\/uploads\\\/2022\\\/12\\\/logo.png\",\"width\":500,\"height\":228,\"caption\":\"FGTI Distribution\"},\"image\":{\"@id\":\"https:\\\/\\\/fgti-distribution.fr\\\/#\\\/schema\\\/logo\\\/image\\\/\"},\"sameAs\":[\"https:\\\/\\\/www.linkedin.com\\\/company\\\/fgti-distribution\\\/\"]}]}<\/script>\n<!-- \/ Yoast SEO plugin. -->","yoast_head_json":{"title":"Plasti rivet d\u00e9montable \u00e0 encliqueter et \u00e0 pressionner \/ Agrafes \u00e0 clipper","description":"FGTI Distribution vous propose la fiche technique d\u00e9taill\u00e9e du Plasti rivet d\u00e9montable \u00e0 encliqueter et \u00e0 pressionner. N'h\u00e9sitez pas \u00e0 nous contacter.","robots":{"index":"index","follow":"follow","max-snippet":"max-snippet:-1","max-image-preview":"max-image-preview:large","max-video-preview":"max-video-preview:-1"},"canonical":"https:\/\/fgti-distribution.fr\/es\/fixation-araymond\/agrafes-raymond-plasti-rivets-encliqueter\/","og_locale":"es_ES","og_type":"article","og_title":"Plasti rivet d\u00e9montable \u00e0 encliqueter et \u00e0 pressionner \/ Agrafes \u00e0 clipper","og_description":"FGTI Distribution vous propose la fiche technique d\u00e9taill\u00e9e du Plasti rivet d\u00e9montable \u00e0 encliqueter et \u00e0 pressionner. N'h\u00e9sitez pas \u00e0 nous contacter.","og_url":"https:\/\/fgti-distribution.fr\/es\/fixation-araymond\/agrafes-raymond-plasti-rivets-encliqueter\/","og_site_name":"FGTI Distribution","article_modified_time":"2023-02-10T17:17:11+00:00","og_image":[{"url":"https:\/\/fgti-distribution.fr\/FGTI_images\/pdficon_large.png","type":"","width":"","height":""}],"twitter_card":"summary_large_image","twitter_misc":{"Est. reading time":"2 minutos"},"schema":{"@context":"https:\/\/schema.org","@graph":[{"@type":"WebPage","@id":"https:\/\/fgti-distribution.fr\/fixation-araymond\/agrafes-raymond-plasti-rivets-encliqueter\/","url":"https:\/\/fgti-distribution.fr\/fixation-araymond\/agrafes-raymond-plasti-rivets-encliqueter\/","name":"Plasti rivet d\u00e9montable \u00e0 encliqueter et \u00e0 pressionner \/ Agrafes \u00e0 clipper","isPartOf":{"@id":"https:\/\/fgti-distribution.fr\/#website"},"primaryImageOfPage":{"@id":"https:\/\/fgti-distribution.fr\/fixation-araymond\/agrafes-raymond-plasti-rivets-encliqueter\/#primaryimage"},"image":{"@id":"https:\/\/fgti-distribution.fr\/fixation-araymond\/agrafes-raymond-plasti-rivets-encliqueter\/#primaryimage"},"thumbnailUrl":"https:\/\/fgti-distribution.fr\/FGTI_images\/pdficon_large.png","datePublished":"2014-01-13T19:06:01+00:00","dateModified":"2023-02-10T17:17:11+00:00","description":"FGTI Distribution vous propose la fiche technique d\u00e9taill\u00e9e du Plasti rivet d\u00e9montable \u00e0 encliqueter et \u00e0 pressionner. N'h\u00e9sitez pas \u00e0 nous contacter.","breadcrumb":{"@id":"https:\/\/fgti-distribution.fr\/fixation-araymond\/agrafes-raymond-plasti-rivets-encliqueter\/#breadcrumb"},"inLanguage":"es","potentialAction":[{"@type":"ReadAction","target":["https:\/\/fgti-distribution.fr\/fixation-araymond\/agrafes-raymond-plasti-rivets-encliqueter\/"]}]},{"@type":"ImageObject","inLanguage":"es","@id":"https:\/\/fgti-distribution.fr\/fixation-araymond\/agrafes-raymond-plasti-rivets-encliqueter\/#primaryimage","url":"https:\/\/fgti-distribution.fr\/FGTI_images\/pdficon_large.png","contentUrl":"https:\/\/fgti-distribution.fr\/FGTI_images\/pdficon_large.png"},{"@type":"BreadcrumbList","@id":"https:\/\/fgti-distribution.fr\/fixation-araymond\/agrafes-raymond-plasti-rivets-encliqueter\/#breadcrumb","itemListElement":[{"@type":"ListItem","position":1,"name":"Home","item":"https:\/\/fgti-distribution.fr\/"},{"@type":"ListItem","position":2,"name":"Fixations ARaymond","item":"https:\/\/fgti-distribution.fr\/fixation-araymond\/"},{"@type":"ListItem","position":3,"name":"Plasti rivet d\u00e9montable \u00e0 encliqueter et \u00e0 pressionner \/ Agrafe de panneaux \u00e0 clipper"}]},{"@type":"WebSite","@id":"https:\/\/fgti-distribution.fr\/#website","url":"https:\/\/fgti-distribution.fr\/","name":"Distribuci\u00f3n FGTI","description":"Piezas t\u00e9cnicas y servicios de alto valor a\u00f1adido","publisher":{"@id":"https:\/\/fgti-distribution.fr\/#organization"},"alternateName":"FGTI Distribution","potentialAction":[{"@type":"SearchAction","target":{"@type":"EntryPoint","urlTemplate":"https:\/\/fgti-distribution.fr\/?s={search_term_string}"},"query-input":{"@type":"PropertyValueSpecification","valueRequired":true,"valueName":"search_term_string"}}],"inLanguage":"es"},{"@type":"Organization","@id":"https:\/\/fgti-distribution.fr\/#organization","name":"Distribuci\u00f3n FGTI","alternateName":"FGTI Distribution","url":"https:\/\/fgti-distribution.fr\/","logo":{"@type":"ImageObject","inLanguage":"es","@id":"https:\/\/fgti-distribution.fr\/#\/schema\/logo\/image\/","url":"https:\/\/fgti-distribution.fr\/wp-content\/uploads\/2022\/12\/logo.png","contentUrl":"https:\/\/fgti-distribution.fr\/wp-content\/uploads\/2022\/12\/logo.png","width":500,"height":228,"caption":"FGTI Distribution"},"image":{"@id":"https:\/\/fgti-distribution.fr\/#\/schema\/logo\/image\/"},"sameAs":["https:\/\/www.linkedin.com\/company\/fgti-distribution\/"]}]}},"_links":{"self":[{"href":"https:\/\/fgti-distribution.fr\/es\/wp-json\/wp\/v2\/pages\/2173","targetHints":{"allow":["GET"]}}],"collection":[{"href":"https:\/\/fgti-distribution.fr\/es\/wp-json\/wp\/v2\/pages"}],"about":[{"href":"https:\/\/fgti-distribution.fr\/es\/wp-json\/wp\/v2\/types\/page"}],"author":[{"embeddable":true,"href":"https:\/\/fgti-distribution.fr\/es\/wp-json\/wp\/v2\/users\/1"}],"replies":[{"embeddable":true,"href":"https:\/\/fgti-distribution.fr\/es\/wp-json\/wp\/v2\/comments?post=2173"}],"version-history":[{"count":1,"href":"https:\/\/fgti-distribution.fr\/es\/wp-json\/wp\/v2\/pages\/2173\/revisions"}],"predecessor-version":[{"id":7349,"href":"https:\/\/fgti-distribution.fr\/es\/wp-json\/wp\/v2\/pages\/2173\/revisions\/7349"}],"up":[{"embeddable":true,"href":"https:\/\/fgti-distribution.fr\/es\/wp-json\/wp\/v2\/pages\/10"}],"wp:attachment":[{"href":"https:\/\/fgti-distribution.fr\/es\/wp-json\/wp\/v2\/media?parent=2173"}],"curies":[{"name":"wp","href":"https:\/\/api.w.org\/{rel}","templated":true}]}}