{"id":2207,"date":"2014-01-17T16:52:10","date_gmt":"2014-01-17T16:52:10","guid":{"rendered":"https:\/\/fgti-distribution.fr\/?page_id=2207"},"modified":"2025-01-28T15:39:04","modified_gmt":"2025-01-28T15:39:04","slug":"acoplamientos-rapidos-raymond","status":"publish","type":"page","link":"https:\/\/fgti-distribution.fr\/es\/fixation-araymond\/raccords-rapides-raymond\/","title":{"rendered":"Acoplamiento r\u00e1pido A Raymond"},"content":{"rendered":"<section id=\"bt_bb_section69f4da573932a\" class=\"bt_bb_section bt_bb_layout_boxed_1200\"  data-bt-override-class=\"null\"><div class=\"bt_bb_port\"><div class=\"bt_bb_cell\"><div class=\"bt_bb_cell_inner\"><div class=\"bt_bb_row\"  data-bt-override-class=\"{}\"><div class=\"bt_bb_row_holder\" ><div  class=\"bt_bb_column col-xxl-12 col-xl-12 col-xs-12 col-sm-12 col-md-12 col-lg-12 bt_bb_vertical_align_top bt_bb_align_left bt_bb_padding_normal\" style=\"; --column-width:12;\" data-width=\"12\" data-bt-override-class=\"{}\"><div class=\"bt_bb_column_content\"><div class=\"bt_bb_column_content_inner\"><div class=\"bt_bb_raw_content\"><div class=\"textwidget\">\n<div style=\"color: #bababa; font-size: 12px; margin-bottom: 20px;\">FGTI-Distribution &gt; Fijaciones ARaymond &gt; Hojas t\u00e9cnicas detalladas &gt; Conectores r\u00e1pidos<\/div>\n<p>FGTI Distribution, especialista en soluciones de fijaci\u00f3n y ensamblaje y distribuidor oficial de la marca ARaymond: le ofrecemos a continuaci\u00f3n las fichas t\u00e9cnicas detalladas de los acoples r\u00e1pidos ARaymond<\/p>\n<p>\u00a0<\/p>\n<div style=\"text-align: center; border: 0 none; color: white; background-color: #888888; padding: 5px; width: 100%;\">Conectores r\u00e1pidos para fluidos<p><\/p>\n<h2>Acoplamiento r\u00e1pido de espiga \/ mangueras de goma<\/h2>\n<h2>Acoplamiento r\u00e1pido en cola de milano \/ tubos de poliamida<\/h2>\n<\/div>\n<p>\u00a0<\/p>\n<\/div><\/div><\/div><\/div><\/div><\/div><\/div><div class=\"bt_bb_row\"  data-bt-override-class=\"{}\"><div class=\"bt_bb_row_holder\" ><div  class=\"bt_bb_column col-xxl-4 col-xl-4 col-xs-12 col-sm-12 col-md-12 col-lg-4 bt_bb_vertical_align_top bt_bb_align_left bt_bb_padding_normal\" style=\"; --column-width:4;\" data-width=\"4\" data-bt-override-class=\"{}\"><div class=\"bt_bb_column_content\"><div class=\"bt_bb_column_content_inner\"><div class=\"bt_bb_raw_content\"><a href=\"https:\/\/fgti-distribution.fr\/es\/fijacion-araymond\/raccords-rapides-raymond-pour-tuyaux-caoutchoucs\/\" target=\"_blank\">\n<img decoding=\"async\" src=\"\/wp-content\/img\/raccords-rapides-queues-olivees-tuyaux-caoutchoucs.jpg\" alt=\"Acoplamiento r\u00e1pido de espiga para manguera de goma\" style=\"padding: 0 40px; width: 100%;\">\n<\/a>\n<p style=\"text-align: center;\"><strong>Acoplamiento r\u00e1pido de espiga para manguera de goma<\/strong><\/p>\n<\/div><div class=\"bt_bb_separator bt_bb_top_spacing_large bt_bb_bottom_spacing_no_spacing bt_bb_border_style_none\" data-bt-override-class=\"{&quot;bt_bb_top_spacing_&quot;:{&quot;current_class&quot;:&quot;bt_bb_top_spacing_large&quot;,&quot;def&quot;:&quot;large&quot;,&quot;xl&quot;:&quot;large&quot;},&quot;bt_bb_bottom_spacing_&quot;:{&quot;current_class&quot;:&quot;bt_bb_bottom_spacing_no_spacing&quot;,&quot;def&quot;:&quot;no_spacing&quot;,&quot;xl&quot;:&quot;no_spacing&quot;}}\"><\/div><\/div><\/div><\/div><div  class=\"bt_bb_column col-xxl-4 col-xl-4 col-xs-12 col-sm-12 col-md-12 col-lg-4 bt_bb_vertical_align_top bt_bb_align_left bt_bb_padding_normal\" style=\"; --column-width:4;\" data-width=\"4\" data-bt-override-class=\"{}\"><div class=\"bt_bb_column_content\"><div class=\"bt_bb_column_content_inner\"><div class=\"bt_bb_raw_content\"><a href=\"https:\/\/fgti-distribution.fr\/es\/fijacion-araymond\/raccords-rapides-raymond-pour-tuyaux-polyamides\/\" target=\"_blank\">\n<img decoding=\"async\" src=\"https:\/\/fgti-distribution.fr\/wp-content\/img\/raccords-rapides-queues-sapins-tuyaux-polyamides.jpg\" alt=\"Acoplamiento r\u00e1pido de espiga para mangueras de goma\" style=\"padding: 0 40px; width: 100%;\">\n<\/a>\n<p style=\"text-align: center;\"><strong>Acoplamiento r\u00e1pido de cola de milano para tubos de poliamida<\/strong><\/p>\n<\/div><\/div><\/div><\/div><div  class=\"bt_bb_column col-xxl-4 col-xl-4 col-xs-12 col-sm-12 col-md-12 col-lg-4 bt_bb_vertical_align_top bt_bb_align_left bt_bb_padding_normal\" style=\"; --column-width:4;\" data-width=\"4\" data-bt-override-class=\"{}\"><div class=\"bt_bb_column_content\"><div class=\"bt_bb_column_content_inner\"><\/div><\/div><\/div><\/div><\/div><div class=\"bt_bb_row\"  data-bt-override-class=\"{}\"><div class=\"bt_bb_row_holder\" ><div  class=\"bt_bb_column col-xxl-12 col-xl-12 col-xs-12 col-sm-12 col-md-12 col-lg-12 bt_bb_vertical_align_top bt_bb_align_left bt_bb_padding_normal\" style=\"; --column-width:12;\" data-width=\"12\" data-bt-override-class=\"{}\"><div class=\"bt_bb_column_content\"><div class=\"bt_bb_column_content_inner\"><div class=\"bt_bb_raw_content\"><div class=\"textwidget\"><br><br>DESCRIPCI\u00d3N:<br>\n<img decoding=\"async\" src=\"https:\/\/fgti-distribution.fr\/wp-content\/themes\/twentyeleven\/fiches-techniques-raymond\/description-raccords-rapides-fluides-raymond.jpg\" alt=\"Descripci\u00f3n de acoplamientos r\u00e1pidos A Raymond\"><br>\nVENTAJAS:<br>\n<ul>\n\t<li>Accesorios de pl\u00e1stico 100% para una ganancia de peso y resistencia a la corrosi\u00f3n.<\/li>\n\t<li>Compatible con los requisitos ambientales (reducci\u00f3n de emisiones).<\/li>\n\t<li>Muy compacto y f\u00e1cil de usar.<\/li>\n\t<li>Mejora la productividad al reducir los tiempos de montaje: no se necesitan herramientas en el servicio postventa.<\/li>\n\t<li>Variedad de \u00e1ngulos (0\u00b0 - 30\u00b0 - 35\u00b0 - 45\u00b0 - 55\u00b0 - 65\u00b0 - 90\u00b0 - 3 v\u00edas), di\u00e1metros (de 6,3 a 56 mm), fluidos (combustible, agua, aceite, aire y vapor...).<\/li>\n\t<li>Variedad de desempe\u00f1os que dependen del tipo de fluido, del di\u00e1metro, de la temperatura (de -40 a +125 \u00b0C) y de la presi\u00f3n (de -1 a +10 bares).<\/li>\n\t<li>Versatilidad de nuestras conexiones: funciones integradas como cierre autom\u00e1tico, v\u00e1lvula calibrada, v\u00e1lvula antirretorno, v\u00e1lvula con regulador de presi\u00f3n.<\/li>\n\t<li>Disponible con accesorios para verificar la buena conexi\u00f3n.<\/li>\n<\/ul>\nNuestra gama de productos aporta una soluci\u00f3n t\u00e9cnica para todas las conexiones de fluidos\n<br><\/div><\/div><\/div><\/div><\/div><\/div><\/div><\/div><!-- cell_inner --><\/div><!-- cell --><\/div><!-- port --><\/section>","protected":false},"excerpt":{"rendered":"","protected":false},"author":1,"featured_media":7592,"parent":10,"menu_order":0,"comment_status":"closed","ping_status":"closed","template":"","meta":{"footnotes":""},"class_list":["post-2207","page","type-page","status-publish","has-post-thumbnail","hentry"],"yoast_head":"<!-- This site is optimized with the Yoast SEO plugin v27.3 - https:\/\/yoast.com\/product\/yoast-seo-wordpress\/ -->\n<title>Raccords rapides pour fluides A Raymond<\/title>\n<meta name=\"description\" content=\"FGTI Distribution, sp\u00e9cialiste en solutions de fixation et assemblage et distributeur officiel A Raymond vous pr\u00e9sente les raccords rapides pour fluides A Raymond\" \/>\n<meta name=\"robots\" content=\"index, follow, max-snippet:-1, max-image-preview:large, max-video-preview:-1\" \/>\n<link rel=\"canonical\" href=\"https:\/\/fgti-distribution.fr\/es\/fijacion-araymond\/acoplamientos-rapidos-raymond\/\" \/>\n<meta property=\"og:locale\" content=\"es_ES\" \/>\n<meta property=\"og:type\" content=\"article\" \/>\n<meta property=\"og:title\" content=\"Raccords rapides pour fluides A Raymond\" \/>\n<meta property=\"og:description\" content=\"FGTI Distribution, sp\u00e9cialiste en solutions de fixation et assemblage et distributeur officiel A Raymond vous pr\u00e9sente les raccords rapides pour fluides A Raymond\" \/>\n<meta property=\"og:url\" content=\"https:\/\/fgti-distribution.fr\/es\/fijacion-araymond\/acoplamientos-rapidos-raymond\/\" \/>\n<meta property=\"og:site_name\" content=\"FGTI Distribution\" \/>\n<meta property=\"article:modified_time\" content=\"2025-01-28T15:39:04+00:00\" \/>\n<meta property=\"og:image\" content=\"https:\/\/fgti-distribution.fr\/wp-content\/uploads\/2023\/02\/fixation-raccords-rapides.jpg\" \/>\n\t<meta property=\"og:image:width\" content=\"1600\" \/>\n\t<meta property=\"og:image:height\" content=\"430\" \/>\n\t<meta property=\"og:image:type\" content=\"image\/jpeg\" \/>\n<meta name=\"twitter:card\" content=\"summary_large_image\" \/>\n<meta name=\"twitter:label1\" content=\"Est. reading time\" \/>\n\t<meta name=\"twitter:data1\" content=\"1 minuto\" \/>\n<script type=\"application\/ld+json\" class=\"yoast-schema-graph\">{\"@context\":\"https:\\\/\\\/schema.org\",\"@graph\":[{\"@type\":\"WebPage\",\"@id\":\"https:\\\/\\\/fgti-distribution.fr\\\/fixation-araymond\\\/raccords-rapides-raymond\\\/\",\"url\":\"https:\\\/\\\/fgti-distribution.fr\\\/fixation-araymond\\\/raccords-rapides-raymond\\\/\",\"name\":\"Raccords rapides pour fluides A Raymond\",\"isPartOf\":{\"@id\":\"https:\\\/\\\/fgti-distribution.fr\\\/#website\"},\"primaryImageOfPage\":{\"@id\":\"https:\\\/\\\/fgti-distribution.fr\\\/fixation-araymond\\\/raccords-rapides-raymond\\\/#primaryimage\"},\"image\":{\"@id\":\"https:\\\/\\\/fgti-distribution.fr\\\/fixation-araymond\\\/raccords-rapides-raymond\\\/#primaryimage\"},\"thumbnailUrl\":\"https:\\\/\\\/fgti-distribution.fr\\\/wp-content\\\/uploads\\\/2023\\\/02\\\/fixation-raccords-rapides.jpg\",\"datePublished\":\"2014-01-17T16:52:10+00:00\",\"dateModified\":\"2025-01-28T15:39:04+00:00\",\"description\":\"FGTI Distribution, sp\u00e9cialiste en solutions de fixation et assemblage et distributeur officiel A Raymond vous pr\u00e9sente les raccords rapides pour fluides A Raymond\",\"breadcrumb\":{\"@id\":\"https:\\\/\\\/fgti-distribution.fr\\\/fixation-araymond\\\/raccords-rapides-raymond\\\/#breadcrumb\"},\"inLanguage\":\"es\",\"potentialAction\":[{\"@type\":\"ReadAction\",\"target\":[\"https:\\\/\\\/fgti-distribution.fr\\\/fixation-araymond\\\/raccords-rapides-raymond\\\/\"]}]},{\"@type\":\"ImageObject\",\"inLanguage\":\"es\",\"@id\":\"https:\\\/\\\/fgti-distribution.fr\\\/fixation-araymond\\\/raccords-rapides-raymond\\\/#primaryimage\",\"url\":\"https:\\\/\\\/fgti-distribution.fr\\\/wp-content\\\/uploads\\\/2023\\\/02\\\/fixation-raccords-rapides.jpg\",\"contentUrl\":\"https:\\\/\\\/fgti-distribution.fr\\\/wp-content\\\/uploads\\\/2023\\\/02\\\/fixation-raccords-rapides.jpg\",\"width\":1600,\"height\":430,\"caption\":\"fixation raccords rapides\"},{\"@type\":\"BreadcrumbList\",\"@id\":\"https:\\\/\\\/fgti-distribution.fr\\\/fixation-araymond\\\/raccords-rapides-raymond\\\/#breadcrumb\",\"itemListElement\":[{\"@type\":\"ListItem\",\"position\":1,\"name\":\"Home\",\"item\":\"https:\\\/\\\/fgti-distribution.fr\\\/\"},{\"@type\":\"ListItem\",\"position\":2,\"name\":\"Fixations ARaymond\",\"item\":\"https:\\\/\\\/fgti-distribution.fr\\\/fixation-araymond\\\/\"},{\"@type\":\"ListItem\",\"position\":3,\"name\":\"Raccord rapide A Raymond\"}]},{\"@type\":\"WebSite\",\"@id\":\"https:\\\/\\\/fgti-distribution.fr\\\/#website\",\"url\":\"https:\\\/\\\/fgti-distribution.fr\\\/\",\"name\":\"FGTI Distribution\",\"description\":\"Pi\u00e8ces techniques et services \u00e0 forte valeur ajout\u00e9e\",\"publisher\":{\"@id\":\"https:\\\/\\\/fgti-distribution.fr\\\/#organization\"},\"alternateName\":\"FGTI Distribution\",\"potentialAction\":[{\"@type\":\"SearchAction\",\"target\":{\"@type\":\"EntryPoint\",\"urlTemplate\":\"https:\\\/\\\/fgti-distribution.fr\\\/?s={search_term_string}\"},\"query-input\":{\"@type\":\"PropertyValueSpecification\",\"valueRequired\":true,\"valueName\":\"search_term_string\"}}],\"inLanguage\":\"es\"},{\"@type\":\"Organization\",\"@id\":\"https:\\\/\\\/fgti-distribution.fr\\\/#organization\",\"name\":\"FGTI Distribution\",\"alternateName\":\"FGTI Distribution\",\"url\":\"https:\\\/\\\/fgti-distribution.fr\\\/\",\"logo\":{\"@type\":\"ImageObject\",\"inLanguage\":\"es\",\"@id\":\"https:\\\/\\\/fgti-distribution.fr\\\/#\\\/schema\\\/logo\\\/image\\\/\",\"url\":\"https:\\\/\\\/fgti-distribution.fr\\\/wp-content\\\/uploads\\\/2022\\\/12\\\/logo.png\",\"contentUrl\":\"https:\\\/\\\/fgti-distribution.fr\\\/wp-content\\\/uploads\\\/2022\\\/12\\\/logo.png\",\"width\":500,\"height\":228,\"caption\":\"FGTI Distribution\"},\"image\":{\"@id\":\"https:\\\/\\\/fgti-distribution.fr\\\/#\\\/schema\\\/logo\\\/image\\\/\"},\"sameAs\":[\"https:\\\/\\\/www.linkedin.com\\\/company\\\/fgti-distribution\\\/\"]}]}<\/script>\n<!-- \/ Yoast SEO plugin. -->","yoast_head_json":{"title":"Acoplamientos r\u00e1pidos para fluidos A Raymond","description":"FGTI Distribution, especialista en soluciones de fijaci\u00f3n y ensamblaje y distribuidor oficial A Raymond, presenta los acoples r\u00e1pidos para fluidos A Raymond.","robots":{"index":"index","follow":"follow","max-snippet":"max-snippet:-1","max-image-preview":"max-image-preview:large","max-video-preview":"max-video-preview:-1"},"canonical":"https:\/\/fgti-distribution.fr\/es\/fijacion-araymond\/acoplamientos-rapidos-raymond\/","og_locale":"es_ES","og_type":"article","og_title":"Raccords rapides pour fluides A Raymond","og_description":"FGTI Distribution, sp\u00e9cialiste en solutions de fixation et assemblage et distributeur officiel A Raymond vous pr\u00e9sente les raccords rapides pour fluides A Raymond","og_url":"https:\/\/fgti-distribution.fr\/es\/fijacion-araymond\/acoplamientos-rapidos-raymond\/","og_site_name":"FGTI Distribution","article_modified_time":"2025-01-28T15:39:04+00:00","og_image":[{"width":1600,"height":430,"url":"https:\/\/fgti-distribution.fr\/wp-content\/uploads\/2023\/02\/fixation-raccords-rapides.jpg","type":"image\/jpeg"}],"twitter_card":"summary_large_image","twitter_misc":{"Est. reading time":"1 minuto"},"schema":{"@context":"https:\/\/schema.org","@graph":[{"@type":"WebPage","@id":"https:\/\/fgti-distribution.fr\/fixation-araymond\/raccords-rapides-raymond\/","url":"https:\/\/fgti-distribution.fr\/fixation-araymond\/raccords-rapides-raymond\/","name":"Acoplamientos r\u00e1pidos para fluidos A Raymond","isPartOf":{"@id":"https:\/\/fgti-distribution.fr\/#website"},"primaryImageOfPage":{"@id":"https:\/\/fgti-distribution.fr\/fixation-araymond\/raccords-rapides-raymond\/#primaryimage"},"image":{"@id":"https:\/\/fgti-distribution.fr\/fixation-araymond\/raccords-rapides-raymond\/#primaryimage"},"thumbnailUrl":"https:\/\/fgti-distribution.fr\/wp-content\/uploads\/2023\/02\/fixation-raccords-rapides.jpg","datePublished":"2014-01-17T16:52:10+00:00","dateModified":"2025-01-28T15:39:04+00:00","description":"FGTI Distribution, especialista en soluciones de fijaci\u00f3n y ensamblaje y distribuidor oficial A Raymond, presenta los acoples r\u00e1pidos para fluidos A Raymond.","breadcrumb":{"@id":"https:\/\/fgti-distribution.fr\/fixation-araymond\/raccords-rapides-raymond\/#breadcrumb"},"inLanguage":"es","potentialAction":[{"@type":"ReadAction","target":["https:\/\/fgti-distribution.fr\/fixation-araymond\/raccords-rapides-raymond\/"]}]},{"@type":"ImageObject","inLanguage":"es","@id":"https:\/\/fgti-distribution.fr\/fixation-araymond\/raccords-rapides-raymond\/#primaryimage","url":"https:\/\/fgti-distribution.fr\/wp-content\/uploads\/2023\/02\/fixation-raccords-rapides.jpg","contentUrl":"https:\/\/fgti-distribution.fr\/wp-content\/uploads\/2023\/02\/fixation-raccords-rapides.jpg","width":1600,"height":430,"caption":"fixation raccords rapides"},{"@type":"BreadcrumbList","@id":"https:\/\/fgti-distribution.fr\/fixation-araymond\/raccords-rapides-raymond\/#breadcrumb","itemListElement":[{"@type":"ListItem","position":1,"name":"Home","item":"https:\/\/fgti-distribution.fr\/"},{"@type":"ListItem","position":2,"name":"Fixations ARaymond","item":"https:\/\/fgti-distribution.fr\/fixation-araymond\/"},{"@type":"ListItem","position":3,"name":"Raccord rapide A Raymond"}]},{"@type":"WebSite","@id":"https:\/\/fgti-distribution.fr\/#website","url":"https:\/\/fgti-distribution.fr\/","name":"Distribuci\u00f3n FGTI","description":"Piezas t\u00e9cnicas y servicios de alto valor a\u00f1adido","publisher":{"@id":"https:\/\/fgti-distribution.fr\/#organization"},"alternateName":"FGTI Distribution","potentialAction":[{"@type":"SearchAction","target":{"@type":"EntryPoint","urlTemplate":"https:\/\/fgti-distribution.fr\/?s={search_term_string}"},"query-input":{"@type":"PropertyValueSpecification","valueRequired":true,"valueName":"search_term_string"}}],"inLanguage":"es"},{"@type":"Organization","@id":"https:\/\/fgti-distribution.fr\/#organization","name":"Distribuci\u00f3n FGTI","alternateName":"FGTI Distribution","url":"https:\/\/fgti-distribution.fr\/","logo":{"@type":"ImageObject","inLanguage":"es","@id":"https:\/\/fgti-distribution.fr\/#\/schema\/logo\/image\/","url":"https:\/\/fgti-distribution.fr\/wp-content\/uploads\/2022\/12\/logo.png","contentUrl":"https:\/\/fgti-distribution.fr\/wp-content\/uploads\/2022\/12\/logo.png","width":500,"height":228,"caption":"FGTI Distribution"},"image":{"@id":"https:\/\/fgti-distribution.fr\/#\/schema\/logo\/image\/"},"sameAs":["https:\/\/www.linkedin.com\/company\/fgti-distribution\/"]}]}},"_links":{"self":[{"href":"https:\/\/fgti-distribution.fr\/es\/wp-json\/wp\/v2\/pages\/2207","targetHints":{"allow":["GET"]}}],"collection":[{"href":"https:\/\/fgti-distribution.fr\/es\/wp-json\/wp\/v2\/pages"}],"about":[{"href":"https:\/\/fgti-distribution.fr\/es\/wp-json\/wp\/v2\/types\/page"}],"author":[{"embeddable":true,"href":"https:\/\/fgti-distribution.fr\/es\/wp-json\/wp\/v2\/users\/1"}],"replies":[{"embeddable":true,"href":"https:\/\/fgti-distribution.fr\/es\/wp-json\/wp\/v2\/comments?post=2207"}],"version-history":[{"count":5,"href":"https:\/\/fgti-distribution.fr\/es\/wp-json\/wp\/v2\/pages\/2207\/revisions"}],"predecessor-version":[{"id":9951,"href":"https:\/\/fgti-distribution.fr\/es\/wp-json\/wp\/v2\/pages\/2207\/revisions\/9951"}],"up":[{"embeddable":true,"href":"https:\/\/fgti-distribution.fr\/es\/wp-json\/wp\/v2\/pages\/10"}],"wp:featuredmedia":[{"embeddable":true,"href":"https:\/\/fgti-distribution.fr\/es\/wp-json\/wp\/v2\/media\/7592"}],"wp:attachment":[{"href":"https:\/\/fgti-distribution.fr\/es\/wp-json\/wp\/v2\/media?parent=2207"}],"curies":[{"name":"wp","href":"https:\/\/api.w.org\/{rel}","templated":true}]}}