{"id":2214,"date":"2014-01-17T17:14:31","date_gmt":"2014-01-17T17:14:31","guid":{"rendered":"https:\/\/fgti-distribution.fr\/?page_id=2214"},"modified":"2024-02-15T15:46:47","modified_gmt":"2024-02-15T15:46:47","slug":"raccords-rapides-raymond-pour-tuyaux-polyamides","status":"publish","type":"page","link":"https:\/\/fgti-distribution.fr\/es\/fixation-araymond\/raccords-rapides-raymond-pour-tuyaux-polyamides\/","title":{"rendered":"Raccords rapides A Raymond en queues sapins pour tuyaux polyamides"},"content":{"rendered":"<section data-bb-version=\"4.8.2\" id=\"bt_bb_section69d03701c5943\" class=\"bt_bb_section bt_bb_layout_boxed_1200\"  data-bt-override-class=\"null\"><div class=\"bt_bb_port\"><div class=\"bt_bb_cell\"><div class=\"bt_bb_cell_inner\"><div class=\"bt_bb_row\"  data-bt-override-class=\"{}\"><div class=\"bt_bb_row_holder\" ><div data-bb-version=\"4.8.2\"  class=\"bt_bb_column col-xxl-12 col-xl-12 col-xs-12 col-sm-12 col-md-12 col-lg-12 bt_bb_vertical_align_top bt_bb_align_left bt_bb_padding_normal\" style=\"; --column-width:12;\" data-width=\"12\" data-bt-override-class=\"{}\"><div class=\"bt_bb_column_content\"><div class=\"bt_bb_column_content_inner\"><div class=\"bt_bb_raw_content\"><div style=\"color: #bababa; font-size: 12px; margin-bottom: 20px;\">FGTI-Distribution &gt; Fixations ARaymond &gt; Fiches techniques d\u00e9taill\u00e9es &gt; Raccords rapides pour fluides &gt; Raccords rapides en queues oliv\u00e9es pour tuyaux caoutchoucs<\/div>\n<table style=\"border: 0 none;\">\n<tbody>\n<tr>\n<td style=\"vertical-align: top;\"><a style=\"border: 0 none;\" href=\"https:\/\/fgti-distribution.fr\/es\/wp-content\/themes\/twentyeleven\/fiches-techniques-raymond\/raccords-rapides-raymond-pour-tuyaux-polyamides.pdf\/\" target=\"_blank\" rel=\"noopener\"><img decoding=\"async\" src=\"https:\/\/fgti-distribution.fr\/FGTI_images\/pdficon_large.png\" \/><\/a><\/td>\n<td style=\"text-align: left; vertical-align: top;\"><span style=\"color: #e82c2e; font-weight: bold; font-size: 20px;\">Raccords rapides en queues oliv\u00e9es<\/span>\nPour tuyaux caoutchoucs<\/td>\n<td style=\"text-align: right; font-size: 10px; padding: 0 40px;\"><img decoding=\"async\" src=\"https:\/\/fgti-distribution.fr\/FGTI_images\/cables-ou-tubes.jpg\" alt=\"sur cables ou tubes\" \/>\nSur c\u00e2bles ou tubes<\/td>\n<\/tr>\n<tr>\n<td style=\"vertical-align: top;\" colspan=\"2\"><img decoding=\"async\" src=\"https:\/\/fgti-distribution.fr\/wp-content\/themes\/twentyeleven\/fiches-techniques-raymond\/raccords-rapides-raymond-pour-tuyaux-polyamides-FGTI-photo.jpg\" alt=\"photo Raccords rapides pour fluides A Raymond pour tuyaux polyamides\" \/><\/td>\n<td style=\"vertical-align: top;\"><img decoding=\"async\" src=\"https:\/\/fgti-distribution.fr\/wp-content\/themes\/twentyeleven\/fiches-techniques-raymond\/raccords-rapides-raymond-pour-tuyaux-polyamides-FGTI-schema.jpg\" alt=\"sch\u00e9ma Raccords rapides pour fluides A Raymond pour tuyaux polyamides\" \/><\/td>\n<\/tr>\n<tr>\n<td style=\"vertical-align: top; text-align: center; font-size: 10px;\" colspan=\"3\">Toutes les dimensions sont en mm et angles en \u00b0 \/ Autres dimensions et variantes sur demande\n<img decoding=\"async\" src=\"https:\/\/fgti-distribution.fr\/wp-content\/themes\/twentyeleven\/fiches-techniques-raymond\/raccords-rapides-raymond-pour-tuyaux-polyamides-FGTI-tableau.jpg\" alt=\"dimensions Raccords rapides pour fluides A Raymond pour tuyaux polyamides\" \/>\n*Ces produits sont soumis \u00e0 des normes de s\u00e9curit\u00e9 automobile en fonction de la sp\u00e9cification SAE J2044, veuillez sp\u00e9cifier l\u2019utilisation du produit quand vous passez votre commande.\nDes \u00e9tudes sp\u00e9ciales sont possibles afin d\u2019adapter le raccord rapide \u00e0 votre application (mat\u00e9riaux, temp\u00e9rature, pression, type de fluide...)<\/td>\n<\/tr>\n<tr>\n<td style=\"vertical-align: top; text-align: left; font-size: 10px;\" colspan=\"2\"><img decoding=\"async\" src=\"https:\/\/fgti-distribution.fr\/wp-content\/themes\/twentyeleven\/fiches-techniques-raymond\/raccords-rapides-raymond-pour-tuyaux-polyamides-FGTI-info.jpg\" alt=\"info Raccords rapides pour fluides A Raymond pour tuyaux polyamides\" \/>\n- Tuyau en polyamide \u00e0 fixer sur la forme en queue sapin en vigueur avec ou sans processus d\u2019expansion\n- Mat\u00e9riaux du tube: Polyamide\n- Forme de la connexion du tube: Queue sapin\n- Le raccord avec clapet auto-obturant** retient le passage du fluide quand celui-ci est d\u00e9connect\u00e9\n- Afin de r\u00e9pondre le plus justement possible \u00e0 votre besoin, nous devons connaitre vos sp\u00e9cifications et op\u00e9rations de montage:\ncontactez-nous pour obtenir le produit correspondant \u00e0 votre application\n- Les raccords rapides ne sont pas stock\u00e9s et sont produits sur demande<\/td>\n<td style=\"vertical-align: top; font-size: 10px;\"><\/td>\n<\/tr>\n<\/tbody>\n<\/table><\/div><\/div><\/div><\/div><\/div><\/div><\/div><!-- cell_inner --><\/div><!-- cell --><\/div><!-- port --><\/section>","protected":false},"excerpt":{"rendered":"","protected":false},"author":1,"featured_media":0,"parent":10,"menu_order":0,"comment_status":"closed","ping_status":"closed","template":"","meta":{"footnotes":""},"class_list":["post-2214","page","type-page","status-publish","hentry"],"yoast_head":"<!-- This site is optimized with the Yoast SEO plugin v27.3 - https:\/\/yoast.com\/product\/yoast-seo-wordpress\/ -->\n<title>Raccords rapides en queues sapins pour tuyaux polyamides<\/title>\n<meta name=\"description\" content=\"Fiche technique d\u00e9taill\u00e9e des raccords rapides pour fluides A Raymond, en queues sapins pour tuyaux polyamides\" \/>\n<meta name=\"robots\" content=\"index, follow, max-snippet:-1, max-image-preview:large, max-video-preview:-1\" \/>\n<link rel=\"canonical\" href=\"https:\/\/fgti-distribution.fr\/es\/fixation-araymond\/raccords-rapides-raymond-pour-tuyaux-polyamides\/\" \/>\n<meta property=\"og:locale\" content=\"es_ES\" \/>\n<meta property=\"og:type\" content=\"article\" \/>\n<meta property=\"og:title\" content=\"Raccords rapides en queues sapins pour tuyaux polyamides\" \/>\n<meta property=\"og:description\" content=\"Fiche technique d\u00e9taill\u00e9e des raccords rapides pour fluides A Raymond, en queues sapins pour tuyaux polyamides\" \/>\n<meta property=\"og:url\" content=\"https:\/\/fgti-distribution.fr\/es\/fixation-araymond\/raccords-rapides-raymond-pour-tuyaux-polyamides\/\" \/>\n<meta property=\"og:site_name\" content=\"FGTI Distribution\" \/>\n<meta property=\"article:modified_time\" content=\"2024-02-15T15:46:47+00:00\" \/>\n<meta name=\"twitter:card\" content=\"summary_large_image\" \/>\n<meta name=\"twitter:label1\" content=\"Est. reading time\" \/>\n\t<meta name=\"twitter:data1\" content=\"3 minutos\" \/>\n<script type=\"application\/ld+json\" class=\"yoast-schema-graph\">{\"@context\":\"https:\\\/\\\/schema.org\",\"@graph\":[{\"@type\":\"WebPage\",\"@id\":\"https:\\\/\\\/fgti-distribution.fr\\\/fixation-araymond\\\/raccords-rapides-raymond-pour-tuyaux-polyamides\\\/\",\"url\":\"https:\\\/\\\/fgti-distribution.fr\\\/fixation-araymond\\\/raccords-rapides-raymond-pour-tuyaux-polyamides\\\/\",\"name\":\"Raccords rapides en queues sapins pour tuyaux polyamides\",\"isPartOf\":{\"@id\":\"https:\\\/\\\/fgti-distribution.fr\\\/#website\"},\"datePublished\":\"2014-01-17T17:14:31+00:00\",\"dateModified\":\"2024-02-15T15:46:47+00:00\",\"description\":\"Fiche technique d\u00e9taill\u00e9e des raccords rapides pour fluides A Raymond, en queues sapins pour tuyaux polyamides\",\"breadcrumb\":{\"@id\":\"https:\\\/\\\/fgti-distribution.fr\\\/fixation-araymond\\\/raccords-rapides-raymond-pour-tuyaux-polyamides\\\/#breadcrumb\"},\"inLanguage\":\"es\",\"potentialAction\":[{\"@type\":\"ReadAction\",\"target\":[\"https:\\\/\\\/fgti-distribution.fr\\\/fixation-araymond\\\/raccords-rapides-raymond-pour-tuyaux-polyamides\\\/\"]}]},{\"@type\":\"BreadcrumbList\",\"@id\":\"https:\\\/\\\/fgti-distribution.fr\\\/fixation-araymond\\\/raccords-rapides-raymond-pour-tuyaux-polyamides\\\/#breadcrumb\",\"itemListElement\":[{\"@type\":\"ListItem\",\"position\":1,\"name\":\"Home\",\"item\":\"https:\\\/\\\/fgti-distribution.fr\\\/\"},{\"@type\":\"ListItem\",\"position\":2,\"name\":\"Fixations ARaymond\",\"item\":\"https:\\\/\\\/fgti-distribution.fr\\\/fixation-araymond\\\/\"},{\"@type\":\"ListItem\",\"position\":3,\"name\":\"Raccords rapides A Raymond en queues sapins pour tuyaux polyamides\"}]},{\"@type\":\"WebSite\",\"@id\":\"https:\\\/\\\/fgti-distribution.fr\\\/#website\",\"url\":\"https:\\\/\\\/fgti-distribution.fr\\\/\",\"name\":\"FGTI Distribution\",\"description\":\"Pi\u00e8ces techniques et services \u00e0 forte valeur ajout\u00e9e\",\"publisher\":{\"@id\":\"https:\\\/\\\/fgti-distribution.fr\\\/#organization\"},\"alternateName\":\"FGTI Distribution\",\"potentialAction\":[{\"@type\":\"SearchAction\",\"target\":{\"@type\":\"EntryPoint\",\"urlTemplate\":\"https:\\\/\\\/fgti-distribution.fr\\\/?s={search_term_string}\"},\"query-input\":{\"@type\":\"PropertyValueSpecification\",\"valueRequired\":true,\"valueName\":\"search_term_string\"}}],\"inLanguage\":\"es\"},{\"@type\":\"Organization\",\"@id\":\"https:\\\/\\\/fgti-distribution.fr\\\/#organization\",\"name\":\"FGTI Distribution\",\"alternateName\":\"FGTI Distribution\",\"url\":\"https:\\\/\\\/fgti-distribution.fr\\\/\",\"logo\":{\"@type\":\"ImageObject\",\"inLanguage\":\"es\",\"@id\":\"https:\\\/\\\/fgti-distribution.fr\\\/#\\\/schema\\\/logo\\\/image\\\/\",\"url\":\"https:\\\/\\\/fgti-distribution.fr\\\/wp-content\\\/uploads\\\/2022\\\/12\\\/logo.png\",\"contentUrl\":\"https:\\\/\\\/fgti-distribution.fr\\\/wp-content\\\/uploads\\\/2022\\\/12\\\/logo.png\",\"width\":500,\"height\":228,\"caption\":\"FGTI Distribution\"},\"image\":{\"@id\":\"https:\\\/\\\/fgti-distribution.fr\\\/#\\\/schema\\\/logo\\\/image\\\/\"},\"sameAs\":[\"https:\\\/\\\/www.linkedin.com\\\/company\\\/fgti-distribution\\\/\"]}]}<\/script>\n<!-- \/ Yoast SEO plugin. -->","yoast_head_json":{"title":"Raccords rapides en queues sapins pour tuyaux polyamides","description":"Fiche technique d\u00e9taill\u00e9e des raccords rapides pour fluides A Raymond, en queues sapins pour tuyaux polyamides","robots":{"index":"index","follow":"follow","max-snippet":"max-snippet:-1","max-image-preview":"max-image-preview:large","max-video-preview":"max-video-preview:-1"},"canonical":"https:\/\/fgti-distribution.fr\/es\/fixation-araymond\/raccords-rapides-raymond-pour-tuyaux-polyamides\/","og_locale":"es_ES","og_type":"article","og_title":"Raccords rapides en queues sapins pour tuyaux polyamides","og_description":"Fiche technique d\u00e9taill\u00e9e des raccords rapides pour fluides A Raymond, en queues sapins pour tuyaux polyamides","og_url":"https:\/\/fgti-distribution.fr\/es\/fixation-araymond\/raccords-rapides-raymond-pour-tuyaux-polyamides\/","og_site_name":"FGTI Distribution","article_modified_time":"2024-02-15T15:46:47+00:00","twitter_card":"summary_large_image","twitter_misc":{"Est. reading time":"3 minutos"},"schema":{"@context":"https:\/\/schema.org","@graph":[{"@type":"WebPage","@id":"https:\/\/fgti-distribution.fr\/fixation-araymond\/raccords-rapides-raymond-pour-tuyaux-polyamides\/","url":"https:\/\/fgti-distribution.fr\/fixation-araymond\/raccords-rapides-raymond-pour-tuyaux-polyamides\/","name":"Raccords rapides en queues sapins pour tuyaux polyamides","isPartOf":{"@id":"https:\/\/fgti-distribution.fr\/#website"},"datePublished":"2014-01-17T17:14:31+00:00","dateModified":"2024-02-15T15:46:47+00:00","description":"Fiche technique d\u00e9taill\u00e9e des raccords rapides pour fluides A Raymond, en queues sapins pour tuyaux polyamides","breadcrumb":{"@id":"https:\/\/fgti-distribution.fr\/fixation-araymond\/raccords-rapides-raymond-pour-tuyaux-polyamides\/#breadcrumb"},"inLanguage":"es","potentialAction":[{"@type":"ReadAction","target":["https:\/\/fgti-distribution.fr\/fixation-araymond\/raccords-rapides-raymond-pour-tuyaux-polyamides\/"]}]},{"@type":"BreadcrumbList","@id":"https:\/\/fgti-distribution.fr\/fixation-araymond\/raccords-rapides-raymond-pour-tuyaux-polyamides\/#breadcrumb","itemListElement":[{"@type":"ListItem","position":1,"name":"Home","item":"https:\/\/fgti-distribution.fr\/"},{"@type":"ListItem","position":2,"name":"Fixations ARaymond","item":"https:\/\/fgti-distribution.fr\/fixation-araymond\/"},{"@type":"ListItem","position":3,"name":"Raccords rapides A Raymond en queues sapins pour tuyaux polyamides"}]},{"@type":"WebSite","@id":"https:\/\/fgti-distribution.fr\/#website","url":"https:\/\/fgti-distribution.fr\/","name":"Distribuci\u00f3n FGTI","description":"Piezas t\u00e9cnicas y servicios de alto valor a\u00f1adido","publisher":{"@id":"https:\/\/fgti-distribution.fr\/#organization"},"alternateName":"FGTI Distribution","potentialAction":[{"@type":"SearchAction","target":{"@type":"EntryPoint","urlTemplate":"https:\/\/fgti-distribution.fr\/?s={search_term_string}"},"query-input":{"@type":"PropertyValueSpecification","valueRequired":true,"valueName":"search_term_string"}}],"inLanguage":"es"},{"@type":"Organization","@id":"https:\/\/fgti-distribution.fr\/#organization","name":"Distribuci\u00f3n FGTI","alternateName":"FGTI Distribution","url":"https:\/\/fgti-distribution.fr\/","logo":{"@type":"ImageObject","inLanguage":"es","@id":"https:\/\/fgti-distribution.fr\/#\/schema\/logo\/image\/","url":"https:\/\/fgti-distribution.fr\/wp-content\/uploads\/2022\/12\/logo.png","contentUrl":"https:\/\/fgti-distribution.fr\/wp-content\/uploads\/2022\/12\/logo.png","width":500,"height":228,"caption":"FGTI Distribution"},"image":{"@id":"https:\/\/fgti-distribution.fr\/#\/schema\/logo\/image\/"},"sameAs":["https:\/\/www.linkedin.com\/company\/fgti-distribution\/"]}]}},"_links":{"self":[{"href":"https:\/\/fgti-distribution.fr\/es\/wp-json\/wp\/v2\/pages\/2214","targetHints":{"allow":["GET"]}}],"collection":[{"href":"https:\/\/fgti-distribution.fr\/es\/wp-json\/wp\/v2\/pages"}],"about":[{"href":"https:\/\/fgti-distribution.fr\/es\/wp-json\/wp\/v2\/types\/page"}],"author":[{"embeddable":true,"href":"https:\/\/fgti-distribution.fr\/es\/wp-json\/wp\/v2\/users\/1"}],"replies":[{"embeddable":true,"href":"https:\/\/fgti-distribution.fr\/es\/wp-json\/wp\/v2\/comments?post=2214"}],"version-history":[{"count":2,"href":"https:\/\/fgti-distribution.fr\/es\/wp-json\/wp\/v2\/pages\/2214\/revisions"}],"predecessor-version":[{"id":9337,"href":"https:\/\/fgti-distribution.fr\/es\/wp-json\/wp\/v2\/pages\/2214\/revisions\/9337"}],"up":[{"embeddable":true,"href":"https:\/\/fgti-distribution.fr\/es\/wp-json\/wp\/v2\/pages\/10"}],"wp:attachment":[{"href":"https:\/\/fgti-distribution.fr\/es\/wp-json\/wp\/v2\/media?parent=2214"}],"curies":[{"name":"wp","href":"https:\/\/api.w.org\/{rel}","templated":true}]}}