{"id":2270,"date":"2014-01-18T12:33:58","date_gmt":"2014-01-18T12:33:58","guid":{"rendered":"https:\/\/fgti-distribution.fr\/?page_id=2270"},"modified":"2023-02-10T17:22:19","modified_gmt":"2023-02-10T17:22:19","slug":"ecrou-tiges-lisses-raymond","status":"publish","type":"page","link":"https:\/\/fgti-distribution.fr\/es\/fixation-araymond\/ecrou-tiges-lisses-raymond\/","title":{"rendered":"Ecrou pour tige lisse A Raymond"},"content":{"rendered":"<div style=\"color: #bababa; font-size: 12px; margin-bottom: 20px;\">FGTI-Distribution &gt; Fixations ARaymond &gt; Fiches techniques d\u00e9taill\u00e9es &gt; Clips d\u2019arr\u00eats et Ecrous &gt; Ecrous<\/div>\n<table style=\"border: 0 none;\">\n<tbody>\n<tr>\n<td style=\"vertical-align: top;\"><a style=\"border: 0 none;\" href=\"https:\/\/fgti-distribution.fr\/es\/wp-content\/themes\/twentyeleven\/fiches-techniques-raymond\/ecrou-tiges-lisses-raymond.pdf\/\" target=\"_blank\" rel=\"noopener\"><img decoding=\"async\" src=\"https:\/\/fgti-distribution.fr\/FGTI_images\/pdficon_large.png\" \/><\/a><\/td>\n<td style=\"text-align: left; vertical-align: top;\">\n<h1 style=\"text-transform: none;\"><span style=\"color: #e82c2e; font-weight: bold; font-size: 20px;\">Ecrous<\/span><br \/>\nEcrou pour tige lisse<\/h1>\n<\/td>\n<td style=\"text-align: right; font-size: 10px; padding: 0;\"><img decoding=\"async\" src=\"https:\/\/fgti-distribution.fr\/FGTI_images\/sur-vis.jpg\" alt=\"arr\u00eat d'axe raymond sur vis\" \/><\/p>\n<h2 style=\"font-size: 10px;\">Sur vis<\/h2>\n<p>&nbsp;<\/td>\n<\/tr>\n<tr>\n<td style=\"vertical-align: top;\" colspan=\"2\"><img decoding=\"async\" src=\"https:\/\/fgti-distribution.fr\/wp-content\/themes\/twentyeleven\/fiches-techniques-raymond\/ecrou-tiges-lisses-raymond-FGTI-photo.jpg\" alt=\"photo Ecrous A Raymond pour tiges lisses\" \/><\/td>\n<td style=\"vertical-align: top;\"><img decoding=\"async\" src=\"https:\/\/fgti-distribution.fr\/wp-content\/themes\/twentyeleven\/fiches-techniques-raymond\/ecrou-tiges-lisses-raymond-FGTI-schema.jpg\" alt=\"sch\u00e9ma Ecrous A Raymond pour tiges lisses\" \/><\/td>\n<\/tr>\n<tr>\n<td style=\"vertical-align: top; text-align: center; font-size: 10px;\" colspan=\"3\">\n<h3>Dimensions &#8211; Ecrou pour tige lisse<\/h3>\n<p>Toutes les dimensions sont en mm et angles en \u00b0 \/ Autres dimensions et variantes sur demande<br \/>\n<img decoding=\"async\" src=\"https:\/\/fgti-distribution.fr\/wp-content\/themes\/twentyeleven\/fiches-techniques-raymond\/ecrou-tiges-lisses-raymond-FGTI-tableau.jpg\" alt=\"dimensions Ecrous A Raymond pour tiges lisses\" \/><\/td>\n<\/tr>\n<tr>\n<td style=\"vertical-align: top; text-align: left; font-size: 10px;\" colspan=\"2\"><img decoding=\"async\" src=\"https:\/\/fgti-distribution.fr\/wp-content\/themes\/twentyeleven\/fiches-techniques-raymond\/ecrou-tiges-lisses-raymond-FGTI-info.jpg\" alt=\"info Ecrous A Raymond pour tiges lisses\" \/><br \/>\n&#8211; Utiliser comme but\u00e9e d\u2019arr\u00eat sur tiges lisses<br \/>\n&#8211; Syst\u00e8me auto-fileteur<br \/>\n&#8211; Pour tiges lisses en plastique ou m\u00e9tal, duret\u00e9 maximale 50kg\/mm2<br \/>\n&#8211; D\u00e9montage par d\u00e9vissage<\/td>\n<td style=\"vertical-align: top; font-size: 10px;\"><\/td>\n<\/tr>\n<\/tbody>\n<\/table>","protected":false},"excerpt":{"rendered":"<p>FGTI-Distribution &gt; Fixations ARaymond &gt; Fiches techniques d\u00e9taill\u00e9es &gt; Clips d\u2019arr\u00eats et Ecrous &gt; Ecrous Ecrous Ecrou pour tige lisse Sur vis &nbsp; Dimensions &#8211; Ecrou pour tige lisse Toutes les dimensions sont en mm et angles en \u00b0 \/ Autres dimensions et variantes sur demande &#8211; Utiliser comme but\u00e9e d\u2019arr\u00eat sur tiges lisses &#8211;&#8230;<\/p>","protected":false},"author":1,"featured_media":0,"parent":10,"menu_order":0,"comment_status":"closed","ping_status":"closed","template":"","meta":{"footnotes":""},"class_list":["post-2270","page","type-page","status-publish","hentry"],"yoast_head":"<!-- This site is optimized with the Yoast SEO plugin v27.3 - https:\/\/yoast.com\/product\/yoast-seo-wordpress\/ -->\n<title>Ecrou pour tige lisse A Raymond - FGTI Distribution<\/title>\n<meta name=\"description\" content=\"A consulter : la fiche technique d\u00e9taill\u00e9e de l&#039;\u00e9crou pour tige lisse A Raymond. N&#039;h\u00e9sitez pas \u00e0 nous contacter. \u2705 Accompagnement technique.\" \/>\n<meta name=\"robots\" content=\"index, follow, max-snippet:-1, max-image-preview:large, max-video-preview:-1\" \/>\n<link rel=\"canonical\" href=\"https:\/\/fgti-distribution.fr\/es\/fixation-araymond\/ecrou-tiges-lisses-raymond\/\" \/>\n<meta property=\"og:locale\" content=\"es_ES\" \/>\n<meta property=\"og:type\" content=\"article\" \/>\n<meta property=\"og:title\" content=\"Ecrou pour tige lisse A Raymond - FGTI Distribution\" \/>\n<meta property=\"og:description\" content=\"A consulter : la fiche technique d\u00e9taill\u00e9e de l&#039;\u00e9crou pour tige lisse A Raymond. N&#039;h\u00e9sitez pas \u00e0 nous contacter. \u2705 Accompagnement technique.\" \/>\n<meta property=\"og:url\" content=\"https:\/\/fgti-distribution.fr\/es\/fixation-araymond\/ecrou-tiges-lisses-raymond\/\" \/>\n<meta property=\"og:site_name\" content=\"FGTI Distribution\" \/>\n<meta property=\"article:modified_time\" content=\"2023-02-10T17:22:19+00:00\" \/>\n<meta property=\"og:image\" content=\"https:\/\/fgti-distribution.fr\/FGTI_images\/pdficon_large.png\" \/>\n<meta name=\"twitter:card\" content=\"summary_large_image\" \/>\n<meta name=\"twitter:label1\" content=\"Est. reading time\" \/>\n\t<meta name=\"twitter:data1\" content=\"2 minutos\" \/>\n<script type=\"application\/ld+json\" class=\"yoast-schema-graph\">{\"@context\":\"https:\\\/\\\/schema.org\",\"@graph\":[{\"@type\":\"WebPage\",\"@id\":\"https:\\\/\\\/fgti-distribution.fr\\\/fixation-araymond\\\/ecrou-tiges-lisses-raymond\\\/\",\"url\":\"https:\\\/\\\/fgti-distribution.fr\\\/fixation-araymond\\\/ecrou-tiges-lisses-raymond\\\/\",\"name\":\"Ecrou pour tige lisse A Raymond - FGTI Distribution\",\"isPartOf\":{\"@id\":\"https:\\\/\\\/fgti-distribution.fr\\\/#website\"},\"primaryImageOfPage\":{\"@id\":\"https:\\\/\\\/fgti-distribution.fr\\\/fixation-araymond\\\/ecrou-tiges-lisses-raymond\\\/#primaryimage\"},\"image\":{\"@id\":\"https:\\\/\\\/fgti-distribution.fr\\\/fixation-araymond\\\/ecrou-tiges-lisses-raymond\\\/#primaryimage\"},\"thumbnailUrl\":\"https:\\\/\\\/fgti-distribution.fr\\\/FGTI_images\\\/pdficon_large.png\",\"datePublished\":\"2014-01-18T12:33:58+00:00\",\"dateModified\":\"2023-02-10T17:22:19+00:00\",\"description\":\"A consulter : la fiche technique d\u00e9taill\u00e9e de l'\u00e9crou pour tige lisse A Raymond. N'h\u00e9sitez pas \u00e0 nous contacter. \u2705 Accompagnement technique.\",\"breadcrumb\":{\"@id\":\"https:\\\/\\\/fgti-distribution.fr\\\/fixation-araymond\\\/ecrou-tiges-lisses-raymond\\\/#breadcrumb\"},\"inLanguage\":\"es\",\"potentialAction\":[{\"@type\":\"ReadAction\",\"target\":[\"https:\\\/\\\/fgti-distribution.fr\\\/fixation-araymond\\\/ecrou-tiges-lisses-raymond\\\/\"]}]},{\"@type\":\"ImageObject\",\"inLanguage\":\"es\",\"@id\":\"https:\\\/\\\/fgti-distribution.fr\\\/fixation-araymond\\\/ecrou-tiges-lisses-raymond\\\/#primaryimage\",\"url\":\"https:\\\/\\\/fgti-distribution.fr\\\/FGTI_images\\\/pdficon_large.png\",\"contentUrl\":\"https:\\\/\\\/fgti-distribution.fr\\\/FGTI_images\\\/pdficon_large.png\"},{\"@type\":\"BreadcrumbList\",\"@id\":\"https:\\\/\\\/fgti-distribution.fr\\\/fixation-araymond\\\/ecrou-tiges-lisses-raymond\\\/#breadcrumb\",\"itemListElement\":[{\"@type\":\"ListItem\",\"position\":1,\"name\":\"Home\",\"item\":\"https:\\\/\\\/fgti-distribution.fr\\\/\"},{\"@type\":\"ListItem\",\"position\":2,\"name\":\"Fixations ARaymond\",\"item\":\"https:\\\/\\\/fgti-distribution.fr\\\/fixation-araymond\\\/\"},{\"@type\":\"ListItem\",\"position\":3,\"name\":\"Ecrou pour tige lisse A Raymond\"}]},{\"@type\":\"WebSite\",\"@id\":\"https:\\\/\\\/fgti-distribution.fr\\\/#website\",\"url\":\"https:\\\/\\\/fgti-distribution.fr\\\/\",\"name\":\"FGTI Distribution\",\"description\":\"Pi\u00e8ces techniques et services \u00e0 forte valeur ajout\u00e9e\",\"publisher\":{\"@id\":\"https:\\\/\\\/fgti-distribution.fr\\\/#organization\"},\"alternateName\":\"FGTI Distribution\",\"potentialAction\":[{\"@type\":\"SearchAction\",\"target\":{\"@type\":\"EntryPoint\",\"urlTemplate\":\"https:\\\/\\\/fgti-distribution.fr\\\/?s={search_term_string}\"},\"query-input\":{\"@type\":\"PropertyValueSpecification\",\"valueRequired\":true,\"valueName\":\"search_term_string\"}}],\"inLanguage\":\"es\"},{\"@type\":\"Organization\",\"@id\":\"https:\\\/\\\/fgti-distribution.fr\\\/#organization\",\"name\":\"FGTI Distribution\",\"alternateName\":\"FGTI Distribution\",\"url\":\"https:\\\/\\\/fgti-distribution.fr\\\/\",\"logo\":{\"@type\":\"ImageObject\",\"inLanguage\":\"es\",\"@id\":\"https:\\\/\\\/fgti-distribution.fr\\\/#\\\/schema\\\/logo\\\/image\\\/\",\"url\":\"https:\\\/\\\/fgti-distribution.fr\\\/wp-content\\\/uploads\\\/2022\\\/12\\\/logo.png\",\"contentUrl\":\"https:\\\/\\\/fgti-distribution.fr\\\/wp-content\\\/uploads\\\/2022\\\/12\\\/logo.png\",\"width\":500,\"height\":228,\"caption\":\"FGTI Distribution\"},\"image\":{\"@id\":\"https:\\\/\\\/fgti-distribution.fr\\\/#\\\/schema\\\/logo\\\/image\\\/\"},\"sameAs\":[\"https:\\\/\\\/www.linkedin.com\\\/company\\\/fgti-distribution\\\/\"]}]}<\/script>\n<!-- \/ Yoast SEO plugin. -->","yoast_head_json":{"title":"Ecrou pour tige lisse A Raymond - FGTI Distribution","description":"A consulter : la fiche technique d\u00e9taill\u00e9e de l'\u00e9crou pour tige lisse A Raymond. N'h\u00e9sitez pas \u00e0 nous contacter. \u2705 Accompagnement technique.","robots":{"index":"index","follow":"follow","max-snippet":"max-snippet:-1","max-image-preview":"max-image-preview:large","max-video-preview":"max-video-preview:-1"},"canonical":"https:\/\/fgti-distribution.fr\/es\/fixation-araymond\/ecrou-tiges-lisses-raymond\/","og_locale":"es_ES","og_type":"article","og_title":"Ecrou pour tige lisse A Raymond - FGTI Distribution","og_description":"A consulter : la fiche technique d\u00e9taill\u00e9e de l'\u00e9crou pour tige lisse A Raymond. N'h\u00e9sitez pas \u00e0 nous contacter. \u2705 Accompagnement technique.","og_url":"https:\/\/fgti-distribution.fr\/es\/fixation-araymond\/ecrou-tiges-lisses-raymond\/","og_site_name":"FGTI Distribution","article_modified_time":"2023-02-10T17:22:19+00:00","og_image":[{"url":"https:\/\/fgti-distribution.fr\/FGTI_images\/pdficon_large.png","type":"","width":"","height":""}],"twitter_card":"summary_large_image","twitter_misc":{"Est. reading time":"2 minutos"},"schema":{"@context":"https:\/\/schema.org","@graph":[{"@type":"WebPage","@id":"https:\/\/fgti-distribution.fr\/fixation-araymond\/ecrou-tiges-lisses-raymond\/","url":"https:\/\/fgti-distribution.fr\/fixation-araymond\/ecrou-tiges-lisses-raymond\/","name":"Ecrou pour tige lisse A Raymond - FGTI Distribution","isPartOf":{"@id":"https:\/\/fgti-distribution.fr\/#website"},"primaryImageOfPage":{"@id":"https:\/\/fgti-distribution.fr\/fixation-araymond\/ecrou-tiges-lisses-raymond\/#primaryimage"},"image":{"@id":"https:\/\/fgti-distribution.fr\/fixation-araymond\/ecrou-tiges-lisses-raymond\/#primaryimage"},"thumbnailUrl":"https:\/\/fgti-distribution.fr\/FGTI_images\/pdficon_large.png","datePublished":"2014-01-18T12:33:58+00:00","dateModified":"2023-02-10T17:22:19+00:00","description":"A consulter : la fiche technique d\u00e9taill\u00e9e de l'\u00e9crou pour tige lisse A Raymond. N'h\u00e9sitez pas \u00e0 nous contacter. \u2705 Accompagnement technique.","breadcrumb":{"@id":"https:\/\/fgti-distribution.fr\/fixation-araymond\/ecrou-tiges-lisses-raymond\/#breadcrumb"},"inLanguage":"es","potentialAction":[{"@type":"ReadAction","target":["https:\/\/fgti-distribution.fr\/fixation-araymond\/ecrou-tiges-lisses-raymond\/"]}]},{"@type":"ImageObject","inLanguage":"es","@id":"https:\/\/fgti-distribution.fr\/fixation-araymond\/ecrou-tiges-lisses-raymond\/#primaryimage","url":"https:\/\/fgti-distribution.fr\/FGTI_images\/pdficon_large.png","contentUrl":"https:\/\/fgti-distribution.fr\/FGTI_images\/pdficon_large.png"},{"@type":"BreadcrumbList","@id":"https:\/\/fgti-distribution.fr\/fixation-araymond\/ecrou-tiges-lisses-raymond\/#breadcrumb","itemListElement":[{"@type":"ListItem","position":1,"name":"Home","item":"https:\/\/fgti-distribution.fr\/"},{"@type":"ListItem","position":2,"name":"Fixations ARaymond","item":"https:\/\/fgti-distribution.fr\/fixation-araymond\/"},{"@type":"ListItem","position":3,"name":"Ecrou pour tige lisse A Raymond"}]},{"@type":"WebSite","@id":"https:\/\/fgti-distribution.fr\/#website","url":"https:\/\/fgti-distribution.fr\/","name":"Distribuci\u00f3n FGTI","description":"Piezas t\u00e9cnicas y servicios de alto valor a\u00f1adido","publisher":{"@id":"https:\/\/fgti-distribution.fr\/#organization"},"alternateName":"FGTI Distribution","potentialAction":[{"@type":"SearchAction","target":{"@type":"EntryPoint","urlTemplate":"https:\/\/fgti-distribution.fr\/?s={search_term_string}"},"query-input":{"@type":"PropertyValueSpecification","valueRequired":true,"valueName":"search_term_string"}}],"inLanguage":"es"},{"@type":"Organization","@id":"https:\/\/fgti-distribution.fr\/#organization","name":"Distribuci\u00f3n FGTI","alternateName":"FGTI Distribution","url":"https:\/\/fgti-distribution.fr\/","logo":{"@type":"ImageObject","inLanguage":"es","@id":"https:\/\/fgti-distribution.fr\/#\/schema\/logo\/image\/","url":"https:\/\/fgti-distribution.fr\/wp-content\/uploads\/2022\/12\/logo.png","contentUrl":"https:\/\/fgti-distribution.fr\/wp-content\/uploads\/2022\/12\/logo.png","width":500,"height":228,"caption":"FGTI Distribution"},"image":{"@id":"https:\/\/fgti-distribution.fr\/#\/schema\/logo\/image\/"},"sameAs":["https:\/\/www.linkedin.com\/company\/fgti-distribution\/"]}]}},"_links":{"self":[{"href":"https:\/\/fgti-distribution.fr\/es\/wp-json\/wp\/v2\/pages\/2270","targetHints":{"allow":["GET"]}}],"collection":[{"href":"https:\/\/fgti-distribution.fr\/es\/wp-json\/wp\/v2\/pages"}],"about":[{"href":"https:\/\/fgti-distribution.fr\/es\/wp-json\/wp\/v2\/types\/page"}],"author":[{"embeddable":true,"href":"https:\/\/fgti-distribution.fr\/es\/wp-json\/wp\/v2\/users\/1"}],"replies":[{"embeddable":true,"href":"https:\/\/fgti-distribution.fr\/es\/wp-json\/wp\/v2\/comments?post=2270"}],"version-history":[{"count":1,"href":"https:\/\/fgti-distribution.fr\/es\/wp-json\/wp\/v2\/pages\/2270\/revisions"}],"predecessor-version":[{"id":7361,"href":"https:\/\/fgti-distribution.fr\/es\/wp-json\/wp\/v2\/pages\/2270\/revisions\/7361"}],"up":[{"embeddable":true,"href":"https:\/\/fgti-distribution.fr\/es\/wp-json\/wp\/v2\/pages\/10"}],"wp:attachment":[{"href":"https:\/\/fgti-distribution.fr\/es\/wp-json\/wp\/v2\/media?parent=2270"}],"curies":[{"name":"wp","href":"https:\/\/api.w.org\/{rel}","templated":true}]}}