{"id":2272,"date":"2014-01-18T12:41:16","date_gmt":"2014-01-18T12:41:16","guid":{"rendered":"https:\/\/fgti-distribution.fr\/?page_id=2272"},"modified":"2026-04-10T11:50:02","modified_gmt":"2026-04-10T11:50:02","slug":"tuerca-metalica-metrica-de-tornillo-raymond","status":"publish","type":"page","link":"https:\/\/fgti-distribution.fr\/es\/fixation-araymond\/ecrou-metal-vis-metriques-raymond\/","title":{"rendered":"Tuerca met\u00e1lica para tornillo m\u00e9trico roscado, a presi\u00f3n"},"content":{"rendered":"<section data-bb-version=\"4.7.6\" id=\"bt_bb_section69f16aa36f400\" class=\"bt_bb_section bt_bb_layout_boxed_1200\"  data-bt-override-class=\"null\"><div class=\"bt_bb_port\"><div class=\"bt_bb_cell\"><div class=\"bt_bb_cell_inner\"><div class=\"bt_bb_row\"  data-bt-override-class=\"{}\"><div class=\"bt_bb_row_holder\" ><div data-bb-version=\"4.7.6\"  class=\"bt_bb_column col-xxl-12 col-xl-12 col-xs-12 col-sm-12 col-md-12 col-lg-12 bt_bb_vertical_align_top bt_bb_align_left bt_bb_padding_normal\" style=\"; --column-width:12;\" data-width=\"12\" data-bt-override-class=\"{}\"><div class=\"bt_bb_column_content\"><div class=\"bt_bb_column_content_inner\"><div class=\"bt_bb_raw_content\"><div style=\"color: #bababa; font-size: 12px; margin-bottom: 20px;\">FGTI-Distribution &gt; Fijaciones ARaymond &gt; Hojas t\u00e9cnicas detalladas &gt; Clips de retenci\u00f3n y Tuercas &gt; Tuercas<\/div>\n<table style=\"border: 0 none;\">\n<tbody>\n<tr>\n<td style=\"vertical-align: top; width: 60px;\"><a style=\"border: 0 none;\" href=\"https:\/\/fgti-distribution.fr\/wp-content\/img\/fiches-techniques-raymond\/ecrou-metal-vis-metriques-raymond.pdf\" target=\"_blank\" rel=\"noopener\"><img decoding=\"async\" src=\"https:\/\/fgti-distribution.fr\/wp-content\/img\/images\/pdficon_large.png\" \/><\/a><\/td>\n<td style=\"text-align: left; vertical-align: top;\">\n<h1 style=\"text-transform: none;\"><span style=\"color: #e82c2e; font-weight: bold; font-size: 20px;\">Tuercas a presi\u00f3n de metal<\/span><\/h1>\nTuerca met\u00e1lica para tornillo m\u00e9trico<\/td>\n<td style=\"text-align: right; font-size: 10px; padding: 0 20px;\"><img decoding=\"async\" src=\"https:\/\/fgti-distribution.fr\/wp-content\/img\/images\/dans-trou.jpg\" alt=\"parada de eje raymond en un agujero\" \/>\n<h2 style=\"font-size: 10px;\">En un agujero<\/h2>\n<\/td>\n<\/tr>\n<tr>\n<td style=\"vertical-align: top;\" colspan=\"2\"><img decoding=\"async\" src=\"https:\/\/fgti-distribution.fr\/wp-content\/img\/fiches-techniques-raymond\/ecrou-metal-vis-metriques-raymond-FGTI-photo.jpg\" alt=\"Foto de tuerca met\u00e1lica para tornillo m\u00e9trico\" \/><\/td>\n<td style=\"vertical-align: top;\"><img decoding=\"async\" src=\"https:\/\/fgti-distribution.fr\/wp-content\/img\/fiches-techniques-raymond\/ecrou-metal-vis-metriques-raymond-FGTI-schema.jpg\" alt=\"Esquema de tuerca met\u00e1lica para tornillo m\u00e9trico\" \/><\/td>\n<\/tr>\n<tr>\n<td style=\"vertical-align: top; text-align: center; font-size: 10px;\" colspan=\"3\">\n<h3>Dimensiones - Tuerca met\u00e1lica para tornillo m\u00e9trico<\/h3>\nTodas las dimensiones est\u00e1n en mm y los \u00e1ngulos en \u00b0 \/ Otras dimensiones y variantes bajo pedido\n<img decoding=\"async\" src=\"https:\/\/fgti-distribution.fr\/wp-content\/img\/fiches-techniques-raymond\/ecrou-metal-vis-metriques-raymond-FGTI-tableau.jpg\" alt=\"Dimensiones tuerca de metal para tornillo m\u00e9trico\" \/><\/td>\n<\/tr>\n<tr>\n<td style=\"vertical-align: top; text-align: left; font-size: 10px;\" colspan=\"2\"><img decoding=\"async\" src=\"https:\/\/fgti-distribution.fr\/wp-content\/img\/fiches-techniques-raymond\/ecrou-metal-vis-metriques-raymond-FGTI-info.jpg\" alt=\"Tuerca de metal para tornillo m\u00e9trico\" \/>\n- Para fijar un elemento en un panel usando un tornillo m\u00e9trico (m\u00e1s una arandela si es necesario).\n- Montaje manual por presi\u00f3n en un orificio cuadrado\/rectangular\/oblongo.\n- La sujeci\u00f3n de la tuerca a su soporte se bloquea por expansi\u00f3n al atornillar.\n- Las tuercas de presi\u00f3n son especialmente adecuadas para la fijaci\u00f3n ciega en paneles.\n- La tuerca no gira en su alojamiento al atornillar.<\/td>\n<td style=\"vertical-align: top; font-size: 10px;\"><\/td>\n<\/tr>\n<\/tbody>\n<\/table><\/div><\/div><\/div><\/div><\/div><\/div><\/div><!-- cell_inner --><\/div><!-- cell --><\/div><!-- port --><\/section>","protected":false},"excerpt":{"rendered":"","protected":false},"author":1,"featured_media":0,"parent":10,"menu_order":0,"comment_status":"closed","ping_status":"closed","template":"","meta":{"footnotes":""},"class_list":["post-2272","page","type-page","status-publish","hentry"],"yoast_head":"<!-- This site is optimized with the Yoast SEO plugin v27.3 - https:\/\/yoast.com\/product\/yoast-seo-wordpress\/ -->\n<title>Ecrou m\u00e9tal pour vis m\u00e9trique \u00e0 pressionner - FGTI Distribution<\/title>\n<meta name=\"description\" content=\"A consulter : la fiche technique d\u00e9taill\u00e9e de l&#039;\u00e9crou m\u00e9tal pour vis m\u00e9trique \u00e0 pressionner. N&#039;h\u00e9sitez pas \u00e0 nous contacter. \u2705 Accompagnement technique.\" \/>\n<meta name=\"robots\" content=\"index, follow, max-snippet:-1, max-image-preview:large, max-video-preview:-1\" \/>\n<link rel=\"canonical\" href=\"https:\/\/fgti-distribution.fr\/es\/fijacion-araymond\/tuerca-metalica-metrica-de-tornillo-raymond\/\" \/>\n<meta property=\"og:locale\" content=\"es_ES\" \/>\n<meta property=\"og:type\" content=\"article\" \/>\n<meta property=\"og:title\" content=\"Ecrou m\u00e9tal pour vis m\u00e9trique \u00e0 pressionner - FGTI Distribution\" \/>\n<meta property=\"og:description\" content=\"A consulter : la fiche technique d\u00e9taill\u00e9e de l&#039;\u00e9crou m\u00e9tal pour vis m\u00e9trique \u00e0 pressionner. N&#039;h\u00e9sitez pas \u00e0 nous contacter. \u2705 Accompagnement technique.\" \/>\n<meta property=\"og:url\" content=\"https:\/\/fgti-distribution.fr\/es\/fijacion-araymond\/tuerca-metalica-metrica-de-tornillo-raymond\/\" \/>\n<meta property=\"og:site_name\" content=\"FGTI Distribution\" \/>\n<meta property=\"article:modified_time\" content=\"2026-04-10T11:50:02+00:00\" \/>\n<meta name=\"twitter:card\" content=\"summary_large_image\" \/>\n<meta name=\"twitter:label1\" content=\"Est. reading time\" \/>\n\t<meta name=\"twitter:data1\" content=\"2 minutos\" \/>\n<script type=\"application\/ld+json\" class=\"yoast-schema-graph\">{\"@context\":\"https:\\\/\\\/schema.org\",\"@graph\":[{\"@type\":\"WebPage\",\"@id\":\"https:\\\/\\\/fgti-distribution.fr\\\/fixation-araymond\\\/ecrou-metal-vis-metriques-raymond\\\/\",\"url\":\"https:\\\/\\\/fgti-distribution.fr\\\/fixation-araymond\\\/ecrou-metal-vis-metriques-raymond\\\/\",\"name\":\"Ecrou m\u00e9tal pour vis m\u00e9trique \u00e0 pressionner - FGTI Distribution\",\"isPartOf\":{\"@id\":\"https:\\\/\\\/fgti-distribution.fr\\\/#website\"},\"datePublished\":\"2014-01-18T12:41:16+00:00\",\"dateModified\":\"2026-04-10T11:50:02+00:00\",\"description\":\"A consulter : la fiche technique d\u00e9taill\u00e9e de l'\u00e9crou m\u00e9tal pour vis m\u00e9trique \u00e0 pressionner. N'h\u00e9sitez pas \u00e0 nous contacter. \u2705 Accompagnement technique.\",\"breadcrumb\":{\"@id\":\"https:\\\/\\\/fgti-distribution.fr\\\/fixation-araymond\\\/ecrou-metal-vis-metriques-raymond\\\/#breadcrumb\"},\"inLanguage\":\"es\",\"potentialAction\":[{\"@type\":\"ReadAction\",\"target\":[\"https:\\\/\\\/fgti-distribution.fr\\\/fixation-araymond\\\/ecrou-metal-vis-metriques-raymond\\\/\"]}]},{\"@type\":\"BreadcrumbList\",\"@id\":\"https:\\\/\\\/fgti-distribution.fr\\\/fixation-araymond\\\/ecrou-metal-vis-metriques-raymond\\\/#breadcrumb\",\"itemListElement\":[{\"@type\":\"ListItem\",\"position\":1,\"name\":\"Home\",\"item\":\"https:\\\/\\\/fgti-distribution.fr\\\/\"},{\"@type\":\"ListItem\",\"position\":2,\"name\":\"Fixations ARaymond\",\"item\":\"https:\\\/\\\/fgti-distribution.fr\\\/fixation-araymond\\\/\"},{\"@type\":\"ListItem\",\"position\":3,\"name\":\"Ecrou m\u00e9tal pour vis m\u00e9trique, \u00e0 pressionner\"}]},{\"@type\":\"WebSite\",\"@id\":\"https:\\\/\\\/fgti-distribution.fr\\\/#website\",\"url\":\"https:\\\/\\\/fgti-distribution.fr\\\/\",\"name\":\"FGTI Distribution\",\"description\":\"Pi\u00e8ces techniques et services \u00e0 forte valeur ajout\u00e9e\",\"publisher\":{\"@id\":\"https:\\\/\\\/fgti-distribution.fr\\\/#organization\"},\"alternateName\":\"FGTI Distribution\",\"potentialAction\":[{\"@type\":\"SearchAction\",\"target\":{\"@type\":\"EntryPoint\",\"urlTemplate\":\"https:\\\/\\\/fgti-distribution.fr\\\/?s={search_term_string}\"},\"query-input\":{\"@type\":\"PropertyValueSpecification\",\"valueRequired\":true,\"valueName\":\"search_term_string\"}}],\"inLanguage\":\"es\"},{\"@type\":\"Organization\",\"@id\":\"https:\\\/\\\/fgti-distribution.fr\\\/#organization\",\"name\":\"FGTI Distribution\",\"alternateName\":\"FGTI Distribution\",\"url\":\"https:\\\/\\\/fgti-distribution.fr\\\/\",\"logo\":{\"@type\":\"ImageObject\",\"inLanguage\":\"es\",\"@id\":\"https:\\\/\\\/fgti-distribution.fr\\\/#\\\/schema\\\/logo\\\/image\\\/\",\"url\":\"https:\\\/\\\/fgti-distribution.fr\\\/wp-content\\\/uploads\\\/2022\\\/12\\\/logo.png\",\"contentUrl\":\"https:\\\/\\\/fgti-distribution.fr\\\/wp-content\\\/uploads\\\/2022\\\/12\\\/logo.png\",\"width\":500,\"height\":228,\"caption\":\"FGTI Distribution\"},\"image\":{\"@id\":\"https:\\\/\\\/fgti-distribution.fr\\\/#\\\/schema\\\/logo\\\/image\\\/\"},\"sameAs\":[\"https:\\\/\\\/www.linkedin.com\\\/company\\\/fgti-distribution\\\/\"]}]}<\/script>\n<!-- \/ Yoast SEO plugin. -->","yoast_head_json":{"title":"Tuerca met\u00e1lica para tornillo m\u00e9trico a presi\u00f3n - FGTI Distribution","description":"A consultar: la ficha t\u00e9cnica detallada de la tuerca met\u00e1lica para tornillo m\u00e9trico a presionar. No dude en contactarnos. \u2705 Asistencia t\u00e9cnica.","robots":{"index":"index","follow":"follow","max-snippet":"max-snippet:-1","max-image-preview":"max-image-preview:large","max-video-preview":"max-video-preview:-1"},"canonical":"https:\/\/fgti-distribution.fr\/es\/fijacion-araymond\/tuerca-metalica-metrica-de-tornillo-raymond\/","og_locale":"es_ES","og_type":"article","og_title":"Ecrou m\u00e9tal pour vis m\u00e9trique \u00e0 pressionner - FGTI Distribution","og_description":"A consulter : la fiche technique d\u00e9taill\u00e9e de l'\u00e9crou m\u00e9tal pour vis m\u00e9trique \u00e0 pressionner. N'h\u00e9sitez pas \u00e0 nous contacter. \u2705 Accompagnement technique.","og_url":"https:\/\/fgti-distribution.fr\/es\/fijacion-araymond\/tuerca-metalica-metrica-de-tornillo-raymond\/","og_site_name":"FGTI Distribution","article_modified_time":"2026-04-10T11:50:02+00:00","twitter_card":"summary_large_image","twitter_misc":{"Est. reading time":"2 minutos"},"schema":{"@context":"https:\/\/schema.org","@graph":[{"@type":"WebPage","@id":"https:\/\/fgti-distribution.fr\/fixation-araymond\/ecrou-metal-vis-metriques-raymond\/","url":"https:\/\/fgti-distribution.fr\/fixation-araymond\/ecrou-metal-vis-metriques-raymond\/","name":"Tuerca met\u00e1lica para tornillo m\u00e9trico a presi\u00f3n - FGTI Distribution","isPartOf":{"@id":"https:\/\/fgti-distribution.fr\/#website"},"datePublished":"2014-01-18T12:41:16+00:00","dateModified":"2026-04-10T11:50:02+00:00","description":"A consultar: la ficha t\u00e9cnica detallada de la tuerca met\u00e1lica para tornillo m\u00e9trico a presionar. No dude en contactarnos. \u2705 Asistencia t\u00e9cnica.","breadcrumb":{"@id":"https:\/\/fgti-distribution.fr\/fixation-araymond\/ecrou-metal-vis-metriques-raymond\/#breadcrumb"},"inLanguage":"es","potentialAction":[{"@type":"ReadAction","target":["https:\/\/fgti-distribution.fr\/fixation-araymond\/ecrou-metal-vis-metriques-raymond\/"]}]},{"@type":"BreadcrumbList","@id":"https:\/\/fgti-distribution.fr\/fixation-araymond\/ecrou-metal-vis-metriques-raymond\/#breadcrumb","itemListElement":[{"@type":"ListItem","position":1,"name":"Home","item":"https:\/\/fgti-distribution.fr\/"},{"@type":"ListItem","position":2,"name":"Fixations ARaymond","item":"https:\/\/fgti-distribution.fr\/fixation-araymond\/"},{"@type":"ListItem","position":3,"name":"Ecrou m\u00e9tal pour vis m\u00e9trique, \u00e0 pressionner"}]},{"@type":"WebSite","@id":"https:\/\/fgti-distribution.fr\/#website","url":"https:\/\/fgti-distribution.fr\/","name":"Distribuci\u00f3n FGTI","description":"Piezas t\u00e9cnicas y servicios de alto valor a\u00f1adido","publisher":{"@id":"https:\/\/fgti-distribution.fr\/#organization"},"alternateName":"FGTI Distribution","potentialAction":[{"@type":"SearchAction","target":{"@type":"EntryPoint","urlTemplate":"https:\/\/fgti-distribution.fr\/?s={search_term_string}"},"query-input":{"@type":"PropertyValueSpecification","valueRequired":true,"valueName":"search_term_string"}}],"inLanguage":"es"},{"@type":"Organization","@id":"https:\/\/fgti-distribution.fr\/#organization","name":"Distribuci\u00f3n FGTI","alternateName":"FGTI Distribution","url":"https:\/\/fgti-distribution.fr\/","logo":{"@type":"ImageObject","inLanguage":"es","@id":"https:\/\/fgti-distribution.fr\/#\/schema\/logo\/image\/","url":"https:\/\/fgti-distribution.fr\/wp-content\/uploads\/2022\/12\/logo.png","contentUrl":"https:\/\/fgti-distribution.fr\/wp-content\/uploads\/2022\/12\/logo.png","width":500,"height":228,"caption":"FGTI Distribution"},"image":{"@id":"https:\/\/fgti-distribution.fr\/#\/schema\/logo\/image\/"},"sameAs":["https:\/\/www.linkedin.com\/company\/fgti-distribution\/"]}]}},"_links":{"self":[{"href":"https:\/\/fgti-distribution.fr\/es\/wp-json\/wp\/v2\/pages\/2272","targetHints":{"allow":["GET"]}}],"collection":[{"href":"https:\/\/fgti-distribution.fr\/es\/wp-json\/wp\/v2\/pages"}],"about":[{"href":"https:\/\/fgti-distribution.fr\/es\/wp-json\/wp\/v2\/types\/page"}],"author":[{"embeddable":true,"href":"https:\/\/fgti-distribution.fr\/es\/wp-json\/wp\/v2\/users\/1"}],"replies":[{"embeddable":true,"href":"https:\/\/fgti-distribution.fr\/es\/wp-json\/wp\/v2\/comments?post=2272"}],"version-history":[{"count":4,"href":"https:\/\/fgti-distribution.fr\/es\/wp-json\/wp\/v2\/pages\/2272\/revisions"}],"predecessor-version":[{"id":10120,"href":"https:\/\/fgti-distribution.fr\/es\/wp-json\/wp\/v2\/pages\/2272\/revisions\/10120"}],"up":[{"embeddable":true,"href":"https:\/\/fgti-distribution.fr\/es\/wp-json\/wp\/v2\/pages\/10"}],"wp:attachment":[{"href":"https:\/\/fgti-distribution.fr\/es\/wp-json\/wp\/v2\/media?parent=2272"}],"curies":[{"name":"wp","href":"https:\/\/api.w.org\/{rel}","templated":true}]}}