{"id":2289,"date":"2014-01-18T13:20:22","date_gmt":"2014-01-18T13:20:22","guid":{"rendered":"https:\/\/fgti-distribution.fr\/?page_id=2289"},"modified":"2024-02-15T15:44:28","modified_gmt":"2024-02-15T15:44:28","slug":"ecrou-plastique-raymond-trous-oblongs","status":"publish","type":"page","link":"https:\/\/fgti-distribution.fr\/es\/fixation-araymond\/ecrou-plastique-raymond-trous-oblongs\/","title":{"rendered":"Ecrou plastique pour trou oblong \u00e0 pressionner A Raymond"},"content":{"rendered":"<section data-bb-version=\"4.8.2\" id=\"bt_bb_section69d036f0b1dd8\" class=\"bt_bb_section bt_bb_layout_boxed_1200\"  data-bt-override-class=\"null\"><div class=\"bt_bb_port\"><div class=\"bt_bb_cell\"><div class=\"bt_bb_cell_inner\"><div class=\"bt_bb_row\"  data-bt-override-class=\"{}\"><div class=\"bt_bb_row_holder\" ><div data-bb-version=\"4.8.2\"  class=\"bt_bb_column col-xxl-12 col-xl-12 col-xs-12 col-sm-12 col-md-12 col-lg-12 bt_bb_vertical_align_top bt_bb_align_left bt_bb_padding_normal\" style=\"; --column-width:12;\" data-width=\"12\" data-bt-override-class=\"{}\"><div class=\"bt_bb_column_content\"><div class=\"bt_bb_column_content_inner\"><div class=\"bt_bb_raw_content\"><div style=\"color: #bababa; font-size: 12px; margin-bottom: 20px;\">FGTI-Distribution &gt; Fixations ARaymond &gt; Fiches techniques d\u00e9taill\u00e9es &gt; Clips d\u2019arr\u00eats et Ecrous &gt; Ecrous<\/div>\n<table style=\"border: 0 none;\">\n<tbody>\n<tr>\n<td style=\"vertical-align: top; width: 60px;\"><a style=\"border: 0 none;\" href=\"https:\/\/fgti-distribution.fr\/es\/wp-content\/themes\/twentyeleven\/fiches-techniques-raymond\/ecrou-plastique-raymond-trous-oblongs.pdf\/\" target=\"_blank\" rel=\"noopener\"><img decoding=\"async\" src=\"https:\/\/fgti-distribution.fr\/FGTI_images\/pdficon_large.png\" \/><\/a><\/td>\n<td style=\"text-align: left; vertical-align: top;\">\n<h2 style=\"text-transform: none;\"><span style=\"color: #e82c2e; font-weight: bold; font-size: 20px;\">Ecrous plastique \u00e0 pressionner<\/span>\nEcrou plastique pour trou oblong<\/h2>\n<\/td>\n<td style=\"text-align: right; font-size: 10px; padding: 0 20px;\"><img decoding=\"async\" src=\"https:\/\/fgti-distribution.fr\/FGTI_images\/dans-trou.jpg\" alt=\"arr\u00eat d'axe raymond sur vis\" \/>\n<h3 style=\"font-size: 10px;\">Ecrou plastique dans un trou<\/h3>\n<\/td>\n<\/tr>\n<tr>\n<td style=\"vertical-align: top;\" colspan=\"2\"><img decoding=\"async\" src=\"https:\/\/fgti-distribution.fr\/wp-content\/themes\/twentyeleven\/fiches-techniques-raymond\/ecrou-plastique-raymond-trous-oblongs-FGTI-photo.jpg\" alt=\"photo Ecrous A Raymond plastique \u00e0 pressionner pour trous oblongs\" \/><\/td>\n<td style=\"vertical-align: top;\"><img decoding=\"async\" src=\"https:\/\/fgti-distribution.fr\/wp-content\/themes\/twentyeleven\/fiches-techniques-raymond\/ecrou-plastique-raymond-trous-oblongs-FGTI-schema.jpg\" alt=\"sch\u00e9ma Ecrou plastique pour trou oblong A Raymond\" \/><\/td>\n<\/tr>\n<tr>\n<td style=\"vertical-align: top; text-align: center; font-size: 10px;\" colspan=\"3\">\n<h3>Dimensions - Ecrou plastique pour trou oblong<\/h3>\nToutes les dimensions sont en mm et angles en \u00b0 \/ Autres dimensions et variantes sur demande\n<img decoding=\"async\" src=\"https:\/\/fgti-distribution.fr\/wp-content\/themes\/twentyeleven\/fiches-techniques-raymond\/ecrou-plastique-raymond-trous-oblongs-FGTI-tableau.jpg\" alt=\"dimensions Ecrou plastique pour trou oblong A Raymond\" \/><\/td>\n<\/tr>\n<tr>\n<td style=\"vertical-align: top; text-align: left; font-size: 10px;\" colspan=\"2\"><img decoding=\"async\" src=\"https:\/\/fgti-distribution.fr\/wp-content\/themes\/twentyeleven\/fiches-techniques-raymond\/ecrou-plastique-raymond-trous-oblongs-FGTI-info.jpg\" alt=\"info Ecrou plastique pour trou oblong A Raymond\" \/>\n- Pour fixer un \u00e9l\u00e9ment sur un panneau (plus rondelle si n\u00e9cessaire)\n- Peut \u00eatre utilis\u00e9 avec vis de type ST, pour autres types de filets nous consulter\n- Mise en place manuelle par pression dans un trou oblong\n- La tenue de l\u2019\u00e9crou sur son support est verrouill\u00e9e par son expansion lors du vissage\n- Les \u00e9crous \u00e0 pressionner conviennent particuli\u00e8rement pour la fixation en aveugle sur panneaux\n- Le design de la pi\u00e8ce permet un maintien en pr\u00e9-positionnement avant vissage\n- Pour de plus hautes performances de tenue voir les versions m\u00e9talliques p.88 \u00e0 90\n- Ecrous rattrapant le d\u00e9saxage de la vis dans un sens<\/td>\n<td style=\"vertical-align: top; font-size: 10px;\"><\/td>\n<\/tr>\n<\/tbody>\n<\/table><\/div><\/div><\/div><\/div><\/div><\/div><\/div><!-- cell_inner --><\/div><!-- cell --><\/div><!-- port --><\/section>","protected":false},"excerpt":{"rendered":"","protected":false},"author":1,"featured_media":0,"parent":10,"menu_order":0,"comment_status":"closed","ping_status":"closed","template":"","meta":{"footnotes":""},"class_list":["post-2289","page","type-page","status-publish","hentry"],"yoast_head":"<!-- This site is optimized with the Yoast SEO plugin v27.3 - https:\/\/yoast.com\/product\/yoast-seo-wordpress\/ -->\n<title>Ecrou plastique pour trou oblong \u00e0 pressionner A Raymond<\/title>\n<meta name=\"description\" content=\"Fiche technique d\u00e9taill\u00e9e de l&#039;\u00e9crou plastique pour trou oblong A Raymond. N&#039;h\u00e9sitez pas \u00e0 nous contacter. \u2705 Accompagnement technique.\" \/>\n<meta name=\"robots\" content=\"index, follow, max-snippet:-1, max-image-preview:large, max-video-preview:-1\" \/>\n<link rel=\"canonical\" href=\"https:\/\/fgti-distribution.fr\/es\/fixation-araymond\/ecrou-plastique-raymond-trous-oblongs\/\" \/>\n<meta property=\"og:locale\" content=\"es_ES\" \/>\n<meta property=\"og:type\" content=\"article\" \/>\n<meta property=\"og:title\" content=\"Ecrou plastique pour trou oblong \u00e0 pressionner A Raymond\" \/>\n<meta property=\"og:description\" content=\"Fiche technique d\u00e9taill\u00e9e de l&#039;\u00e9crou plastique pour trou oblong A Raymond. N&#039;h\u00e9sitez pas \u00e0 nous contacter. \u2705 Accompagnement technique.\" \/>\n<meta property=\"og:url\" content=\"https:\/\/fgti-distribution.fr\/es\/fixation-araymond\/ecrou-plastique-raymond-trous-oblongs\/\" \/>\n<meta property=\"og:site_name\" content=\"FGTI Distribution\" \/>\n<meta property=\"article:modified_time\" content=\"2024-02-15T15:44:28+00:00\" \/>\n<meta name=\"twitter:card\" content=\"summary_large_image\" \/>\n<meta name=\"twitter:label1\" content=\"Est. reading time\" \/>\n\t<meta name=\"twitter:data1\" content=\"2 minutos\" \/>\n<script type=\"application\/ld+json\" class=\"yoast-schema-graph\">{\"@context\":\"https:\\\/\\\/schema.org\",\"@graph\":[{\"@type\":\"WebPage\",\"@id\":\"https:\\\/\\\/fgti-distribution.fr\\\/fixation-araymond\\\/ecrou-plastique-raymond-trous-oblongs\\\/\",\"url\":\"https:\\\/\\\/fgti-distribution.fr\\\/fixation-araymond\\\/ecrou-plastique-raymond-trous-oblongs\\\/\",\"name\":\"Ecrou plastique pour trou oblong \u00e0 pressionner A Raymond\",\"isPartOf\":{\"@id\":\"https:\\\/\\\/fgti-distribution.fr\\\/#website\"},\"datePublished\":\"2014-01-18T13:20:22+00:00\",\"dateModified\":\"2024-02-15T15:44:28+00:00\",\"description\":\"Fiche technique d\u00e9taill\u00e9e de l'\u00e9crou plastique pour trou oblong A Raymond. N'h\u00e9sitez pas \u00e0 nous contacter. \u2705 Accompagnement technique.\",\"breadcrumb\":{\"@id\":\"https:\\\/\\\/fgti-distribution.fr\\\/fixation-araymond\\\/ecrou-plastique-raymond-trous-oblongs\\\/#breadcrumb\"},\"inLanguage\":\"es\",\"potentialAction\":[{\"@type\":\"ReadAction\",\"target\":[\"https:\\\/\\\/fgti-distribution.fr\\\/fixation-araymond\\\/ecrou-plastique-raymond-trous-oblongs\\\/\"]}]},{\"@type\":\"BreadcrumbList\",\"@id\":\"https:\\\/\\\/fgti-distribution.fr\\\/fixation-araymond\\\/ecrou-plastique-raymond-trous-oblongs\\\/#breadcrumb\",\"itemListElement\":[{\"@type\":\"ListItem\",\"position\":1,\"name\":\"Home\",\"item\":\"https:\\\/\\\/fgti-distribution.fr\\\/\"},{\"@type\":\"ListItem\",\"position\":2,\"name\":\"Fixations ARaymond\",\"item\":\"https:\\\/\\\/fgti-distribution.fr\\\/fixation-araymond\\\/\"},{\"@type\":\"ListItem\",\"position\":3,\"name\":\"Ecrou plastique pour trou oblong \u00e0 pressionner A Raymond\"}]},{\"@type\":\"WebSite\",\"@id\":\"https:\\\/\\\/fgti-distribution.fr\\\/#website\",\"url\":\"https:\\\/\\\/fgti-distribution.fr\\\/\",\"name\":\"FGTI Distribution\",\"description\":\"Pi\u00e8ces techniques et services \u00e0 forte valeur ajout\u00e9e\",\"publisher\":{\"@id\":\"https:\\\/\\\/fgti-distribution.fr\\\/#organization\"},\"alternateName\":\"FGTI Distribution\",\"potentialAction\":[{\"@type\":\"SearchAction\",\"target\":{\"@type\":\"EntryPoint\",\"urlTemplate\":\"https:\\\/\\\/fgti-distribution.fr\\\/?s={search_term_string}\"},\"query-input\":{\"@type\":\"PropertyValueSpecification\",\"valueRequired\":true,\"valueName\":\"search_term_string\"}}],\"inLanguage\":\"es\"},{\"@type\":\"Organization\",\"@id\":\"https:\\\/\\\/fgti-distribution.fr\\\/#organization\",\"name\":\"FGTI Distribution\",\"alternateName\":\"FGTI Distribution\",\"url\":\"https:\\\/\\\/fgti-distribution.fr\\\/\",\"logo\":{\"@type\":\"ImageObject\",\"inLanguage\":\"es\",\"@id\":\"https:\\\/\\\/fgti-distribution.fr\\\/#\\\/schema\\\/logo\\\/image\\\/\",\"url\":\"https:\\\/\\\/fgti-distribution.fr\\\/wp-content\\\/uploads\\\/2022\\\/12\\\/logo.png\",\"contentUrl\":\"https:\\\/\\\/fgti-distribution.fr\\\/wp-content\\\/uploads\\\/2022\\\/12\\\/logo.png\",\"width\":500,\"height\":228,\"caption\":\"FGTI Distribution\"},\"image\":{\"@id\":\"https:\\\/\\\/fgti-distribution.fr\\\/#\\\/schema\\\/logo\\\/image\\\/\"},\"sameAs\":[\"https:\\\/\\\/www.linkedin.com\\\/company\\\/fgti-distribution\\\/\"]}]}<\/script>\n<!-- \/ Yoast SEO plugin. -->","yoast_head_json":{"title":"Ecrou plastique pour trou oblong \u00e0 pressionner A Raymond","description":"Fiche technique d\u00e9taill\u00e9e de l'\u00e9crou plastique pour trou oblong A Raymond. N'h\u00e9sitez pas \u00e0 nous contacter. \u2705 Accompagnement technique.","robots":{"index":"index","follow":"follow","max-snippet":"max-snippet:-1","max-image-preview":"max-image-preview:large","max-video-preview":"max-video-preview:-1"},"canonical":"https:\/\/fgti-distribution.fr\/es\/fixation-araymond\/ecrou-plastique-raymond-trous-oblongs\/","og_locale":"es_ES","og_type":"article","og_title":"Ecrou plastique pour trou oblong \u00e0 pressionner A Raymond","og_description":"Fiche technique d\u00e9taill\u00e9e de l'\u00e9crou plastique pour trou oblong A Raymond. N'h\u00e9sitez pas \u00e0 nous contacter. \u2705 Accompagnement technique.","og_url":"https:\/\/fgti-distribution.fr\/es\/fixation-araymond\/ecrou-plastique-raymond-trous-oblongs\/","og_site_name":"FGTI Distribution","article_modified_time":"2024-02-15T15:44:28+00:00","twitter_card":"summary_large_image","twitter_misc":{"Est. reading time":"2 minutos"},"schema":{"@context":"https:\/\/schema.org","@graph":[{"@type":"WebPage","@id":"https:\/\/fgti-distribution.fr\/fixation-araymond\/ecrou-plastique-raymond-trous-oblongs\/","url":"https:\/\/fgti-distribution.fr\/fixation-araymond\/ecrou-plastique-raymond-trous-oblongs\/","name":"Ecrou plastique pour trou oblong \u00e0 pressionner A Raymond","isPartOf":{"@id":"https:\/\/fgti-distribution.fr\/#website"},"datePublished":"2014-01-18T13:20:22+00:00","dateModified":"2024-02-15T15:44:28+00:00","description":"Fiche technique d\u00e9taill\u00e9e de l'\u00e9crou plastique pour trou oblong A Raymond. N'h\u00e9sitez pas \u00e0 nous contacter. \u2705 Accompagnement technique.","breadcrumb":{"@id":"https:\/\/fgti-distribution.fr\/fixation-araymond\/ecrou-plastique-raymond-trous-oblongs\/#breadcrumb"},"inLanguage":"es","potentialAction":[{"@type":"ReadAction","target":["https:\/\/fgti-distribution.fr\/fixation-araymond\/ecrou-plastique-raymond-trous-oblongs\/"]}]},{"@type":"BreadcrumbList","@id":"https:\/\/fgti-distribution.fr\/fixation-araymond\/ecrou-plastique-raymond-trous-oblongs\/#breadcrumb","itemListElement":[{"@type":"ListItem","position":1,"name":"Home","item":"https:\/\/fgti-distribution.fr\/"},{"@type":"ListItem","position":2,"name":"Fixations ARaymond","item":"https:\/\/fgti-distribution.fr\/fixation-araymond\/"},{"@type":"ListItem","position":3,"name":"Ecrou plastique pour trou oblong \u00e0 pressionner A Raymond"}]},{"@type":"WebSite","@id":"https:\/\/fgti-distribution.fr\/#website","url":"https:\/\/fgti-distribution.fr\/","name":"Distribuci\u00f3n FGTI","description":"Piezas t\u00e9cnicas y servicios de alto valor a\u00f1adido","publisher":{"@id":"https:\/\/fgti-distribution.fr\/#organization"},"alternateName":"FGTI Distribution","potentialAction":[{"@type":"SearchAction","target":{"@type":"EntryPoint","urlTemplate":"https:\/\/fgti-distribution.fr\/?s={search_term_string}"},"query-input":{"@type":"PropertyValueSpecification","valueRequired":true,"valueName":"search_term_string"}}],"inLanguage":"es"},{"@type":"Organization","@id":"https:\/\/fgti-distribution.fr\/#organization","name":"Distribuci\u00f3n FGTI","alternateName":"FGTI Distribution","url":"https:\/\/fgti-distribution.fr\/","logo":{"@type":"ImageObject","inLanguage":"es","@id":"https:\/\/fgti-distribution.fr\/#\/schema\/logo\/image\/","url":"https:\/\/fgti-distribution.fr\/wp-content\/uploads\/2022\/12\/logo.png","contentUrl":"https:\/\/fgti-distribution.fr\/wp-content\/uploads\/2022\/12\/logo.png","width":500,"height":228,"caption":"FGTI Distribution"},"image":{"@id":"https:\/\/fgti-distribution.fr\/#\/schema\/logo\/image\/"},"sameAs":["https:\/\/www.linkedin.com\/company\/fgti-distribution\/"]}]}},"_links":{"self":[{"href":"https:\/\/fgti-distribution.fr\/es\/wp-json\/wp\/v2\/pages\/2289","targetHints":{"allow":["GET"]}}],"collection":[{"href":"https:\/\/fgti-distribution.fr\/es\/wp-json\/wp\/v2\/pages"}],"about":[{"href":"https:\/\/fgti-distribution.fr\/es\/wp-json\/wp\/v2\/types\/page"}],"author":[{"embeddable":true,"href":"https:\/\/fgti-distribution.fr\/es\/wp-json\/wp\/v2\/users\/1"}],"replies":[{"embeddable":true,"href":"https:\/\/fgti-distribution.fr\/es\/wp-json\/wp\/v2\/comments?post=2289"}],"version-history":[{"count":2,"href":"https:\/\/fgti-distribution.fr\/es\/wp-json\/wp\/v2\/pages\/2289\/revisions"}],"predecessor-version":[{"id":9336,"href":"https:\/\/fgti-distribution.fr\/es\/wp-json\/wp\/v2\/pages\/2289\/revisions\/9336"}],"up":[{"embeddable":true,"href":"https:\/\/fgti-distribution.fr\/es\/wp-json\/wp\/v2\/pages\/10"}],"wp:attachment":[{"href":"https:\/\/fgti-distribution.fr\/es\/wp-json\/wp\/v2\/media?parent=2289"}],"curies":[{"name":"wp","href":"https:\/\/api.w.org\/{rel}","templated":true}]}}