{"id":2679,"date":"2015-03-13T15:22:53","date_gmt":"2015-03-13T15:22:53","guid":{"rendered":"https:\/\/fgti-distribution.fr\/?page_id=2679"},"modified":"2023-05-15T16:17:36","modified_gmt":"2023-05-15T16:17:36","slug":"entretoises-tubulaires","status":"publish","type":"page","link":"https:\/\/fgti-distribution.fr\/es\/rivets-tubulaires\/entretoises-tubulaires\/","title":{"rendered":"Entretoises tubulaires"},"content":{"rendered":"<section id=\"bt_bb_section69f2fe94c23de\" class=\"bt_bb_section bt_bb_layout_boxed_1200\"  data-bt-override-class=\"null\"><div class=\"bt_bb_port\"><div class=\"bt_bb_cell\"><div class=\"bt_bb_cell_inner\"><div class=\"bt_bb_row\"  data-bt-override-class=\"{}\"><div class=\"bt_bb_row_holder\" ><div  class=\"bt_bb_column col-xxl-12 col-xl-12 col-xs-12 col-sm-12 col-md-12 col-lg-12 bt_bb_vertical_align_top bt_bb_align_left bt_bb_padding_normal\" style=\"; --column-width:12;\" data-width=\"12\" data-bt-override-class=\"{}\"><div class=\"bt_bb_column_content\"><div class=\"bt_bb_column_content_inner\"><div class=\"bt_bb_raw_content\"><div id=\"pl-2679\" class=\"panel-layout\">\n<div id=\"pg-2679-0\" class=\"panel-grid panel-no-style\">\n<div id=\"pgc-2679-0-0\" class=\"panel-grid-cell\" data-weight=\"1\">\n<div id=\"panel-2679-0-0-0\" class=\"so-panel widget widget_text panel-first-child panel-last-child\" data-index=\"0\" data-style=\"{\"background_image_attachment\":false,\"background_display\":\"tile\"}\">\n<div class=\"textwidget\">\n<div style=\"color: #bababa; font-size: 12px; padding-bottom: 20px;\">FGTI-Distribution > Rivets tubulaires > Entretoises tubulaires - Rivets creux<\/div>\n<h1>FGTI Distribution, distributeur d'entretoises tubulaires, de rivets creux et de pi\u00e8ces de pr\u00e9cision tubulaires selon la norme DIN 7340 :<\/h1>\n<\/div>\n<\/div>\n<\/div>\n<\/div>\n<div id=\"pg-2679-1\" class=\"panel-grid panel-no-style\">\n<div id=\"pgc-2679-1-0\" class=\"panel-grid-cell\" data-weight=\"0.55\">\n<div id=\"panel-2679-1-0-0\" class=\"so-panel widget widget_text panel-first-child panel-last-child\" data-index=\"1\" data-style=\"{\"background_image_attachment\":false,\"background_display\":\"tile\"}\">\n<div class=\"textwidget\">\n\nUne entretoise est un \u00e9l\u00e9ment tubulaire rigide et solide qui en relie deux autres pi\u00e8ces et les maintient dans un \u00e9cartement fixe pour conserver une pi\u00e8ce viss\u00e9e \u00e0 distance du support par exemple.<br \/>\nLes entretoises peuvent prendre des formes et des dimensions tr\u00e8s diff\u00e9rentes selon son utilisation. On utilise des entretoises dans de nombreux secteurs d'activit\u00e9 : la m\u00e9canique, la menuiserie, la construction, la domotique, l\u2019\u00e9lectronique, l\u2019assemblage m\u00e9tallique et l\u2019industrie globalement.\n<br \/><br \/>\nGr\u00e2ce \u00e0 son expertise technique de pi\u00e8ces tubulaires (tubes, entretoises), FGTI Distribution vous propose des solutions :<br \/>\n> De la petite s\u00e9rie \u00e0 la grande s\u00e9rie (de 1000 \u00e0 plusieurs millions de pi\u00e8ces)<br \/>\n> En livraisons directes d\u00e9part usines\n<br \/><br \/>\n<\/div>\n<\/div>\n<\/div>\n<div id=\"pgc-2679-1-1\" class=\"panel-grid-cell\" data-weight=\"0.45\">\n<div id=\"panel-2679-1-1-0\" class=\"so-panel widget widget_text panel-first-child panel-last-child\" data-index=\"2\" data-style=\"{\"background_image_attachment\":false,\"background_display\":\"tile\"}\">\n<div class=\"textwidget\">\n\n<img decoding=\"async\" src=\"https:\/\/fgti-distribution.fr\/wp-content\/themes\/twentyeleven\/images\/entretoises-tubulaires.jpg\" alt=\"entretoises tubulaires\" \/>\n\n<img decoding=\"async\" src=\"https:\/\/fgti-distribution.fr\/wp-content\/themes\/twentyeleven\/images\/entretoises-tubulaires-cuivre.jpg\" alt=\"entretoises tubulaires cuivre\" \/>\n\n<\/div>\n<\/div>\n<\/div>\n<\/div>\n<\/div><\/div><\/div><\/div><\/div><\/div><\/div><\/div><!-- cell_inner --><\/div><!-- cell --><\/div><!-- port --><\/section>","protected":false},"excerpt":{"rendered":"","protected":false},"author":1,"featured_media":7171,"parent":12,"menu_order":0,"comment_status":"closed","ping_status":"closed","template":"","meta":{"footnotes":""},"class_list":["post-2679","page","type-page","status-publish","has-post-thumbnail","hentry"],"yoast_head":"<!-- This site is optimized with the Yoast SEO plugin v27.3 - https:\/\/yoast.com\/product\/yoast-seo-wordpress\/ -->\n<title>Entretoises tubulaires \/ Rivets creux \/ Rivets tubulaires<\/title>\n<meta name=\"description\" content=\"Gr\u00e2ce \u00e0 son expertise technique des rivets creux (rivets tubulaires), FGTI Distribution vous propose des solutions pour vos besoins en entretoises tubulaires \/ rivets creux \/ rivets tubulaires\" \/>\n<meta name=\"robots\" content=\"index, follow, max-snippet:-1, max-image-preview:large, max-video-preview:-1\" \/>\n<link rel=\"canonical\" href=\"https:\/\/fgti-distribution.fr\/es\/remaches-tubulares\/entretoises-tubulaires\/\" \/>\n<meta property=\"og:locale\" content=\"es_ES\" \/>\n<meta property=\"og:type\" content=\"article\" \/>\n<meta property=\"og:title\" content=\"Entretoises tubulaires \/ Rivets creux \/ Rivets tubulaires\" \/>\n<meta property=\"og:description\" content=\"Gr\u00e2ce \u00e0 son expertise technique des rivets creux (rivets tubulaires), FGTI Distribution vous propose des solutions pour vos besoins en entretoises tubulaires \/ rivets creux \/ rivets tubulaires\" \/>\n<meta property=\"og:url\" content=\"https:\/\/fgti-distribution.fr\/es\/remaches-tubulares\/entretoises-tubulaires\/\" \/>\n<meta property=\"og:site_name\" content=\"FGTI Distribution\" \/>\n<meta property=\"article:modified_time\" content=\"2023-05-15T16:17:36+00:00\" \/>\n<meta property=\"og:image\" content=\"https:\/\/fgti-distribution.fr\/wp-content\/uploads\/2023\/02\/entretoises-pro.jpg\" \/>\n\t<meta property=\"og:image:width\" content=\"1600\" \/>\n\t<meta property=\"og:image:height\" content=\"430\" \/>\n\t<meta property=\"og:image:type\" content=\"image\/jpeg\" \/>\n<meta name=\"twitter:card\" content=\"summary_large_image\" \/>\n<meta name=\"twitter:label1\" content=\"Est. reading time\" \/>\n\t<meta name=\"twitter:data1\" content=\"1 minuto\" \/>\n<script type=\"application\/ld+json\" class=\"yoast-schema-graph\">{\"@context\":\"https:\\\/\\\/schema.org\",\"@graph\":[{\"@type\":\"WebPage\",\"@id\":\"https:\\\/\\\/fgti-distribution.fr\\\/rivets-tubulaires\\\/entretoises-tubulaires\\\/\",\"url\":\"https:\\\/\\\/fgti-distribution.fr\\\/rivets-tubulaires\\\/entretoises-tubulaires\\\/\",\"name\":\"Entretoises tubulaires \\\/ Rivets creux \\\/ Rivets tubulaires\",\"isPartOf\":{\"@id\":\"https:\\\/\\\/fgti-distribution.fr\\\/#website\"},\"primaryImageOfPage\":{\"@id\":\"https:\\\/\\\/fgti-distribution.fr\\\/rivets-tubulaires\\\/entretoises-tubulaires\\\/#primaryimage\"},\"image\":{\"@id\":\"https:\\\/\\\/fgti-distribution.fr\\\/rivets-tubulaires\\\/entretoises-tubulaires\\\/#primaryimage\"},\"thumbnailUrl\":\"https:\\\/\\\/fgti-distribution.fr\\\/wp-content\\\/uploads\\\/2023\\\/02\\\/entretoises-pro.jpg\",\"datePublished\":\"2015-03-13T15:22:53+00:00\",\"dateModified\":\"2023-05-15T16:17:36+00:00\",\"description\":\"Gr\u00e2ce \u00e0 son expertise technique des rivets creux (rivets tubulaires), FGTI Distribution vous propose des solutions pour vos besoins en entretoises tubulaires \\\/ rivets creux \\\/ rivets tubulaires\",\"breadcrumb\":{\"@id\":\"https:\\\/\\\/fgti-distribution.fr\\\/rivets-tubulaires\\\/entretoises-tubulaires\\\/#breadcrumb\"},\"inLanguage\":\"es\",\"potentialAction\":[{\"@type\":\"ReadAction\",\"target\":[\"https:\\\/\\\/fgti-distribution.fr\\\/rivets-tubulaires\\\/entretoises-tubulaires\\\/\"]}]},{\"@type\":\"ImageObject\",\"inLanguage\":\"es\",\"@id\":\"https:\\\/\\\/fgti-distribution.fr\\\/rivets-tubulaires\\\/entretoises-tubulaires\\\/#primaryimage\",\"url\":\"https:\\\/\\\/fgti-distribution.fr\\\/wp-content\\\/uploads\\\/2023\\\/02\\\/entretoises-pro.jpg\",\"contentUrl\":\"https:\\\/\\\/fgti-distribution.fr\\\/wp-content\\\/uploads\\\/2023\\\/02\\\/entretoises-pro.jpg\",\"width\":1600,\"height\":430,\"caption\":\"entretoises pour pro\"},{\"@type\":\"BreadcrumbList\",\"@id\":\"https:\\\/\\\/fgti-distribution.fr\\\/rivets-tubulaires\\\/entretoises-tubulaires\\\/#breadcrumb\",\"itemListElement\":[{\"@type\":\"ListItem\",\"position\":1,\"name\":\"Home\",\"item\":\"https:\\\/\\\/fgti-distribution.fr\\\/\"},{\"@type\":\"ListItem\",\"position\":2,\"name\":\"Rivets tubulaires\",\"item\":\"https:\\\/\\\/fgti-distribution.fr\\\/rivets-tubulaires\\\/\"},{\"@type\":\"ListItem\",\"position\":3,\"name\":\"Entretoises tubulaires\"}]},{\"@type\":\"WebSite\",\"@id\":\"https:\\\/\\\/fgti-distribution.fr\\\/#website\",\"url\":\"https:\\\/\\\/fgti-distribution.fr\\\/\",\"name\":\"FGTI Distribution\",\"description\":\"Pi\u00e8ces techniques et services \u00e0 forte valeur ajout\u00e9e\",\"publisher\":{\"@id\":\"https:\\\/\\\/fgti-distribution.fr\\\/#organization\"},\"alternateName\":\"FGTI Distribution\",\"potentialAction\":[{\"@type\":\"SearchAction\",\"target\":{\"@type\":\"EntryPoint\",\"urlTemplate\":\"https:\\\/\\\/fgti-distribution.fr\\\/?s={search_term_string}\"},\"query-input\":{\"@type\":\"PropertyValueSpecification\",\"valueRequired\":true,\"valueName\":\"search_term_string\"}}],\"inLanguage\":\"es\"},{\"@type\":\"Organization\",\"@id\":\"https:\\\/\\\/fgti-distribution.fr\\\/#organization\",\"name\":\"FGTI Distribution\",\"alternateName\":\"FGTI Distribution\",\"url\":\"https:\\\/\\\/fgti-distribution.fr\\\/\",\"logo\":{\"@type\":\"ImageObject\",\"inLanguage\":\"es\",\"@id\":\"https:\\\/\\\/fgti-distribution.fr\\\/#\\\/schema\\\/logo\\\/image\\\/\",\"url\":\"https:\\\/\\\/fgti-distribution.fr\\\/wp-content\\\/uploads\\\/2022\\\/12\\\/logo.png\",\"contentUrl\":\"https:\\\/\\\/fgti-distribution.fr\\\/wp-content\\\/uploads\\\/2022\\\/12\\\/logo.png\",\"width\":500,\"height\":228,\"caption\":\"FGTI Distribution\"},\"image\":{\"@id\":\"https:\\\/\\\/fgti-distribution.fr\\\/#\\\/schema\\\/logo\\\/image\\\/\"},\"sameAs\":[\"https:\\\/\\\/www.linkedin.com\\\/company\\\/fgti-distribution\\\/\"]}]}<\/script>\n<!-- \/ Yoast SEO plugin. -->","yoast_head_json":{"title":"Entretoises tubulaires \/ Rivets creux \/ Rivets tubulaires","description":"Gr\u00e2ce \u00e0 son expertise technique des rivets creux (rivets tubulaires), FGTI Distribution vous propose des solutions pour vos besoins en entretoises tubulaires \/ rivets creux \/ rivets tubulaires","robots":{"index":"index","follow":"follow","max-snippet":"max-snippet:-1","max-image-preview":"max-image-preview:large","max-video-preview":"max-video-preview:-1"},"canonical":"https:\/\/fgti-distribution.fr\/es\/remaches-tubulares\/entretoises-tubulaires\/","og_locale":"es_ES","og_type":"article","og_title":"Entretoises tubulaires \/ Rivets creux \/ Rivets tubulaires","og_description":"Gr\u00e2ce \u00e0 son expertise technique des rivets creux (rivets tubulaires), FGTI Distribution vous propose des solutions pour vos besoins en entretoises tubulaires \/ rivets creux \/ rivets tubulaires","og_url":"https:\/\/fgti-distribution.fr\/es\/remaches-tubulares\/entretoises-tubulaires\/","og_site_name":"FGTI Distribution","article_modified_time":"2023-05-15T16:17:36+00:00","og_image":[{"width":1600,"height":430,"url":"https:\/\/fgti-distribution.fr\/wp-content\/uploads\/2023\/02\/entretoises-pro.jpg","type":"image\/jpeg"}],"twitter_card":"summary_large_image","twitter_misc":{"Est. reading time":"1 minuto"},"schema":{"@context":"https:\/\/schema.org","@graph":[{"@type":"WebPage","@id":"https:\/\/fgti-distribution.fr\/rivets-tubulaires\/entretoises-tubulaires\/","url":"https:\/\/fgti-distribution.fr\/rivets-tubulaires\/entretoises-tubulaires\/","name":"Entretoises tubulaires \/ Rivets creux \/ Rivets tubulaires","isPartOf":{"@id":"https:\/\/fgti-distribution.fr\/#website"},"primaryImageOfPage":{"@id":"https:\/\/fgti-distribution.fr\/rivets-tubulaires\/entretoises-tubulaires\/#primaryimage"},"image":{"@id":"https:\/\/fgti-distribution.fr\/rivets-tubulaires\/entretoises-tubulaires\/#primaryimage"},"thumbnailUrl":"https:\/\/fgti-distribution.fr\/wp-content\/uploads\/2023\/02\/entretoises-pro.jpg","datePublished":"2015-03-13T15:22:53+00:00","dateModified":"2023-05-15T16:17:36+00:00","description":"Gr\u00e2ce \u00e0 son expertise technique des rivets creux (rivets tubulaires), FGTI Distribution vous propose des solutions pour vos besoins en entretoises tubulaires \/ rivets creux \/ rivets tubulaires","breadcrumb":{"@id":"https:\/\/fgti-distribution.fr\/rivets-tubulaires\/entretoises-tubulaires\/#breadcrumb"},"inLanguage":"es","potentialAction":[{"@type":"ReadAction","target":["https:\/\/fgti-distribution.fr\/rivets-tubulaires\/entretoises-tubulaires\/"]}]},{"@type":"ImageObject","inLanguage":"es","@id":"https:\/\/fgti-distribution.fr\/rivets-tubulaires\/entretoises-tubulaires\/#primaryimage","url":"https:\/\/fgti-distribution.fr\/wp-content\/uploads\/2023\/02\/entretoises-pro.jpg","contentUrl":"https:\/\/fgti-distribution.fr\/wp-content\/uploads\/2023\/02\/entretoises-pro.jpg","width":1600,"height":430,"caption":"entretoises pour pro"},{"@type":"BreadcrumbList","@id":"https:\/\/fgti-distribution.fr\/rivets-tubulaires\/entretoises-tubulaires\/#breadcrumb","itemListElement":[{"@type":"ListItem","position":1,"name":"Home","item":"https:\/\/fgti-distribution.fr\/"},{"@type":"ListItem","position":2,"name":"Rivets tubulaires","item":"https:\/\/fgti-distribution.fr\/rivets-tubulaires\/"},{"@type":"ListItem","position":3,"name":"Entretoises tubulaires"}]},{"@type":"WebSite","@id":"https:\/\/fgti-distribution.fr\/#website","url":"https:\/\/fgti-distribution.fr\/","name":"Distribuci\u00f3n FGTI","description":"Piezas t\u00e9cnicas y servicios de alto valor a\u00f1adido","publisher":{"@id":"https:\/\/fgti-distribution.fr\/#organization"},"alternateName":"FGTI Distribution","potentialAction":[{"@type":"SearchAction","target":{"@type":"EntryPoint","urlTemplate":"https:\/\/fgti-distribution.fr\/?s={search_term_string}"},"query-input":{"@type":"PropertyValueSpecification","valueRequired":true,"valueName":"search_term_string"}}],"inLanguage":"es"},{"@type":"Organization","@id":"https:\/\/fgti-distribution.fr\/#organization","name":"Distribuci\u00f3n FGTI","alternateName":"FGTI Distribution","url":"https:\/\/fgti-distribution.fr\/","logo":{"@type":"ImageObject","inLanguage":"es","@id":"https:\/\/fgti-distribution.fr\/#\/schema\/logo\/image\/","url":"https:\/\/fgti-distribution.fr\/wp-content\/uploads\/2022\/12\/logo.png","contentUrl":"https:\/\/fgti-distribution.fr\/wp-content\/uploads\/2022\/12\/logo.png","width":500,"height":228,"caption":"FGTI Distribution"},"image":{"@id":"https:\/\/fgti-distribution.fr\/#\/schema\/logo\/image\/"},"sameAs":["https:\/\/www.linkedin.com\/company\/fgti-distribution\/"]}]}},"_links":{"self":[{"href":"https:\/\/fgti-distribution.fr\/es\/wp-json\/wp\/v2\/pages\/2679","targetHints":{"allow":["GET"]}}],"collection":[{"href":"https:\/\/fgti-distribution.fr\/es\/wp-json\/wp\/v2\/pages"}],"about":[{"href":"https:\/\/fgti-distribution.fr\/es\/wp-json\/wp\/v2\/types\/page"}],"author":[{"embeddable":true,"href":"https:\/\/fgti-distribution.fr\/es\/wp-json\/wp\/v2\/users\/1"}],"replies":[{"embeddable":true,"href":"https:\/\/fgti-distribution.fr\/es\/wp-json\/wp\/v2\/comments?post=2679"}],"version-history":[{"count":4,"href":"https:\/\/fgti-distribution.fr\/es\/wp-json\/wp\/v2\/pages\/2679\/revisions"}],"predecessor-version":[{"id":7913,"href":"https:\/\/fgti-distribution.fr\/es\/wp-json\/wp\/v2\/pages\/2679\/revisions\/7913"}],"up":[{"embeddable":true,"href":"https:\/\/fgti-distribution.fr\/es\/wp-json\/wp\/v2\/pages\/12"}],"wp:featuredmedia":[{"embeddable":true,"href":"https:\/\/fgti-distribution.fr\/es\/wp-json\/wp\/v2\/media\/7171"}],"wp:attachment":[{"href":"https:\/\/fgti-distribution.fr\/es\/wp-json\/wp\/v2\/media?parent=2679"}],"curies":[{"name":"wp","href":"https:\/\/api.w.org\/{rel}","templated":true}]}}