{"id":294,"date":"2012-05-14T11:20:08","date_gmt":"2012-05-14T11:20:08","guid":{"rendered":"https:\/\/fgti-distribution.fr\/?page_id=294"},"modified":"2023-02-10T00:50:41","modified_gmt":"2023-02-10T00:50:41","slug":"services-rivets","status":"publish","type":"page","link":"https:\/\/fgti-distribution.fr\/es\/rivets-tubulaires\/services-rivets\/","title":{"rendered":"Services rivets"},"content":{"rendered":"<section id=\"bt_bb_section69d2cbf50c43c\" class=\"bt_bb_section bt_bb_layout_boxed_1200\"  data-bt-override-class=\"null\"><div class=\"bt_bb_port\"><div class=\"bt_bb_cell\"><div class=\"bt_bb_cell_inner\"><div class=\"bt_bb_row\"  data-bt-override-class=\"{}\"><div class=\"bt_bb_row_holder\" ><div  class=\"bt_bb_column col-xxl-12 col-xl-12 col-xs-12 col-sm-12 col-md-12 col-lg-12 bt_bb_vertical_align_top bt_bb_align_left bt_bb_padding_normal\" style=\"; --column-width:12;\" data-width=\"12\" data-bt-override-class=\"{}\"><div class=\"bt_bb_column_content\"><div class=\"bt_bb_column_content_inner\"><div class=\"bt_bb_raw_content\"><div id=\"pl-294\" class=\"panel-layout\">\n<div id=\"pg-294-0\" class=\"panel-grid panel-no-style\">\n<div id=\"pgc-294-0-0\" class=\"panel-grid-cell\" data-weight=\"1\">\n<div id=\"panel-294-0-0-0\" class=\"so-panel widget widget_text panel-first-child panel-last-child\" data-index=\"0\" data-style=\"{\"background_image_attachment\":false,\"background_display\":\"tile\"}\">\n<div class=\"textwidget\">\n<div style=\"color: #bababa; font-size: 12px; padding-bottom: 20px;\">FGTI-Distribution > Rivets tubulaires > Services<\/div>\n<p style=\"font-weight: bold; margin-bottom: 5px;\">Conseil<\/p>\n\nGr\u00e2ce \u00e0 sa parfaite ma\u00eetrise de la technique des rivets tubulaires, FGTI Distribution vous accompagne sur la totalit\u00e9 de chaque projet -de la d\u00e9finition de besoin au suivi de la livraison- et vous conseille \u00e0 tous les stades du processus<br \/><br \/>\n<p style=\"font-weight: bold; margin-bottom: 5px;\">R\u00e9activit\u00e9<\/p>\n- Stocks de mati\u00e8re premi\u00e8re important et permanent en usine<br \/>\n- Permettant de r\u00e9pondre rapidement \u00e0 toute demande\n<br \/><br \/>\n<p style=\"font-weight: bold; margin-bottom: 5px;\">Souplesse<\/p>\n- De la petite s\u00e9rie \u00e0 la grande s\u00e9rie (de 1000 \u00e0 plusieurs millions de pi\u00e8ces)\n<br \/><br \/>\n<p style=\"font-weight: bold; margin-bottom: 5px;\">Livraisons optimis\u00e9es<\/p>\n- Livraisons directes d\u00e9part usines<br \/>\n- R\u00e9duction des d\u00e9lais, \u00e9conomies<\/div>\n<\/div>\n<\/div>\n<\/div>\n<\/div><\/div><\/div><\/div><\/div><\/div><\/div><\/div><!-- cell_inner --><\/div><!-- cell --><\/div><!-- port --><\/section>","protected":false},"excerpt":{"rendered":"","protected":false},"author":1,"featured_media":7173,"parent":12,"menu_order":3,"comment_status":"closed","ping_status":"closed","template":"","meta":{"footnotes":""},"class_list":["post-294","page","type-page","status-publish","has-post-thumbnail","hentry"],"yoast_head":"<!-- This site is optimized with the Yoast SEO plugin v27.3 - https:\/\/yoast.com\/product\/yoast-seo-wordpress\/ -->\n<title>Pour r\u00e9pondre \u00e0 vos besoins de rivets tubulaires :<\/title>\n<meta name=\"description\" content=\"D\u00e9couvrez notre large gamme de rivets tubulaires : rivets aluminium, inox, laiton ou cuivre, rivets aveugles, rivets pleins, rivets \u00e0 frapper, ....\" \/>\n<meta name=\"robots\" content=\"index, follow, max-snippet:-1, max-image-preview:large, max-video-preview:-1\" \/>\n<link rel=\"canonical\" href=\"https:\/\/fgti-distribution.fr\/es\/rivets-tubulaires\/services-rivets\/\" \/>\n<meta property=\"og:locale\" content=\"es_ES\" \/>\n<meta property=\"og:type\" content=\"article\" \/>\n<meta property=\"og:title\" content=\"Pour r\u00e9pondre \u00e0 vos besoins de rivets tubulaires :\" \/>\n<meta property=\"og:description\" content=\"D\u00e9couvrez notre large gamme de rivets tubulaires : rivets aluminium, inox, laiton ou cuivre, rivets aveugles, rivets pleins, rivets \u00e0 frapper, ....\" \/>\n<meta property=\"og:url\" content=\"https:\/\/fgti-distribution.fr\/es\/rivets-tubulaires\/services-rivets\/\" \/>\n<meta property=\"og:site_name\" content=\"FGTI Distribution\" \/>\n<meta property=\"article:modified_time\" content=\"2023-02-10T00:50:41+00:00\" \/>\n<meta property=\"og:image\" content=\"https:\/\/fgti-distribution.fr\/wp-content\/uploads\/2023\/02\/distributeur-rivets-creux.jpg\" \/>\n\t<meta property=\"og:image:width\" content=\"1600\" \/>\n\t<meta property=\"og:image:height\" content=\"430\" \/>\n\t<meta property=\"og:image:type\" content=\"image\/jpeg\" \/>\n<meta name=\"twitter:card\" content=\"summary_large_image\" \/>\n<meta name=\"twitter:label1\" content=\"Est. reading time\" \/>\n\t<meta name=\"twitter:data1\" content=\"1 minuto\" \/>\n<script type=\"application\/ld+json\" class=\"yoast-schema-graph\">{\"@context\":\"https:\\\/\\\/schema.org\",\"@graph\":[{\"@type\":\"WebPage\",\"@id\":\"https:\\\/\\\/fgti-distribution.fr\\\/rivets-tubulaires\\\/services-rivets\\\/\",\"url\":\"https:\\\/\\\/fgti-distribution.fr\\\/rivets-tubulaires\\\/services-rivets\\\/\",\"name\":\"Pour r\u00e9pondre \u00e0 vos besoins de rivets tubulaires :\",\"isPartOf\":{\"@id\":\"https:\\\/\\\/fgti-distribution.fr\\\/#website\"},\"primaryImageOfPage\":{\"@id\":\"https:\\\/\\\/fgti-distribution.fr\\\/rivets-tubulaires\\\/services-rivets\\\/#primaryimage\"},\"image\":{\"@id\":\"https:\\\/\\\/fgti-distribution.fr\\\/rivets-tubulaires\\\/services-rivets\\\/#primaryimage\"},\"thumbnailUrl\":\"https:\\\/\\\/fgti-distribution.fr\\\/wp-content\\\/uploads\\\/2023\\\/02\\\/distributeur-rivets-creux.jpg\",\"datePublished\":\"2012-05-14T11:20:08+00:00\",\"dateModified\":\"2023-02-10T00:50:41+00:00\",\"description\":\"D\u00e9couvrez notre large gamme de rivets tubulaires : rivets aluminium, inox, laiton ou cuivre, rivets aveugles, rivets pleins, rivets \u00e0 frapper, ....\",\"breadcrumb\":{\"@id\":\"https:\\\/\\\/fgti-distribution.fr\\\/rivets-tubulaires\\\/services-rivets\\\/#breadcrumb\"},\"inLanguage\":\"es\",\"potentialAction\":[{\"@type\":\"ReadAction\",\"target\":[\"https:\\\/\\\/fgti-distribution.fr\\\/rivets-tubulaires\\\/services-rivets\\\/\"]}]},{\"@type\":\"ImageObject\",\"inLanguage\":\"es\",\"@id\":\"https:\\\/\\\/fgti-distribution.fr\\\/rivets-tubulaires\\\/services-rivets\\\/#primaryimage\",\"url\":\"https:\\\/\\\/fgti-distribution.fr\\\/wp-content\\\/uploads\\\/2023\\\/02\\\/distributeur-rivets-creux.jpg\",\"contentUrl\":\"https:\\\/\\\/fgti-distribution.fr\\\/wp-content\\\/uploads\\\/2023\\\/02\\\/distributeur-rivets-creux.jpg\",\"width\":1600,\"height\":430,\"caption\":\"distributeur rivets creux\"},{\"@type\":\"BreadcrumbList\",\"@id\":\"https:\\\/\\\/fgti-distribution.fr\\\/rivets-tubulaires\\\/services-rivets\\\/#breadcrumb\",\"itemListElement\":[{\"@type\":\"ListItem\",\"position\":1,\"name\":\"Home\",\"item\":\"https:\\\/\\\/fgti-distribution.fr\\\/\"},{\"@type\":\"ListItem\",\"position\":2,\"name\":\"Rivets tubulaires\",\"item\":\"https:\\\/\\\/fgti-distribution.fr\\\/rivets-tubulaires\\\/\"},{\"@type\":\"ListItem\",\"position\":3,\"name\":\"Services rivets\"}]},{\"@type\":\"WebSite\",\"@id\":\"https:\\\/\\\/fgti-distribution.fr\\\/#website\",\"url\":\"https:\\\/\\\/fgti-distribution.fr\\\/\",\"name\":\"FGTI Distribution\",\"description\":\"Pi\u00e8ces techniques et services \u00e0 forte valeur ajout\u00e9e\",\"publisher\":{\"@id\":\"https:\\\/\\\/fgti-distribution.fr\\\/#organization\"},\"alternateName\":\"FGTI Distribution\",\"potentialAction\":[{\"@type\":\"SearchAction\",\"target\":{\"@type\":\"EntryPoint\",\"urlTemplate\":\"https:\\\/\\\/fgti-distribution.fr\\\/?s={search_term_string}\"},\"query-input\":{\"@type\":\"PropertyValueSpecification\",\"valueRequired\":true,\"valueName\":\"search_term_string\"}}],\"inLanguage\":\"es\"},{\"@type\":\"Organization\",\"@id\":\"https:\\\/\\\/fgti-distribution.fr\\\/#organization\",\"name\":\"FGTI Distribution\",\"alternateName\":\"FGTI Distribution\",\"url\":\"https:\\\/\\\/fgti-distribution.fr\\\/\",\"logo\":{\"@type\":\"ImageObject\",\"inLanguage\":\"es\",\"@id\":\"https:\\\/\\\/fgti-distribution.fr\\\/#\\\/schema\\\/logo\\\/image\\\/\",\"url\":\"https:\\\/\\\/fgti-distribution.fr\\\/wp-content\\\/uploads\\\/2022\\\/12\\\/logo.png\",\"contentUrl\":\"https:\\\/\\\/fgti-distribution.fr\\\/wp-content\\\/uploads\\\/2022\\\/12\\\/logo.png\",\"width\":500,\"height\":228,\"caption\":\"FGTI Distribution\"},\"image\":{\"@id\":\"https:\\\/\\\/fgti-distribution.fr\\\/#\\\/schema\\\/logo\\\/image\\\/\"},\"sameAs\":[\"https:\\\/\\\/www.linkedin.com\\\/company\\\/fgti-distribution\\\/\"]}]}<\/script>\n<!-- \/ Yoast SEO plugin. -->","yoast_head_json":{"title":"Pour r\u00e9pondre \u00e0 vos besoins de rivets tubulaires :","description":"D\u00e9couvrez notre large gamme de rivets tubulaires : rivets aluminium, inox, laiton ou cuivre, rivets aveugles, rivets pleins, rivets \u00e0 frapper, ....","robots":{"index":"index","follow":"follow","max-snippet":"max-snippet:-1","max-image-preview":"max-image-preview:large","max-video-preview":"max-video-preview:-1"},"canonical":"https:\/\/fgti-distribution.fr\/es\/rivets-tubulaires\/services-rivets\/","og_locale":"es_ES","og_type":"article","og_title":"Pour r\u00e9pondre \u00e0 vos besoins de rivets tubulaires :","og_description":"D\u00e9couvrez notre large gamme de rivets tubulaires : rivets aluminium, inox, laiton ou cuivre, rivets aveugles, rivets pleins, rivets \u00e0 frapper, ....","og_url":"https:\/\/fgti-distribution.fr\/es\/rivets-tubulaires\/services-rivets\/","og_site_name":"FGTI Distribution","article_modified_time":"2023-02-10T00:50:41+00:00","og_image":[{"width":1600,"height":430,"url":"https:\/\/fgti-distribution.fr\/wp-content\/uploads\/2023\/02\/distributeur-rivets-creux.jpg","type":"image\/jpeg"}],"twitter_card":"summary_large_image","twitter_misc":{"Est. reading time":"1 minuto"},"schema":{"@context":"https:\/\/schema.org","@graph":[{"@type":"WebPage","@id":"https:\/\/fgti-distribution.fr\/rivets-tubulaires\/services-rivets\/","url":"https:\/\/fgti-distribution.fr\/rivets-tubulaires\/services-rivets\/","name":"Pour r\u00e9pondre \u00e0 vos besoins de rivets tubulaires :","isPartOf":{"@id":"https:\/\/fgti-distribution.fr\/#website"},"primaryImageOfPage":{"@id":"https:\/\/fgti-distribution.fr\/rivets-tubulaires\/services-rivets\/#primaryimage"},"image":{"@id":"https:\/\/fgti-distribution.fr\/rivets-tubulaires\/services-rivets\/#primaryimage"},"thumbnailUrl":"https:\/\/fgti-distribution.fr\/wp-content\/uploads\/2023\/02\/distributeur-rivets-creux.jpg","datePublished":"2012-05-14T11:20:08+00:00","dateModified":"2023-02-10T00:50:41+00:00","description":"D\u00e9couvrez notre large gamme de rivets tubulaires : rivets aluminium, inox, laiton ou cuivre, rivets aveugles, rivets pleins, rivets \u00e0 frapper, ....","breadcrumb":{"@id":"https:\/\/fgti-distribution.fr\/rivets-tubulaires\/services-rivets\/#breadcrumb"},"inLanguage":"es","potentialAction":[{"@type":"ReadAction","target":["https:\/\/fgti-distribution.fr\/rivets-tubulaires\/services-rivets\/"]}]},{"@type":"ImageObject","inLanguage":"es","@id":"https:\/\/fgti-distribution.fr\/rivets-tubulaires\/services-rivets\/#primaryimage","url":"https:\/\/fgti-distribution.fr\/wp-content\/uploads\/2023\/02\/distributeur-rivets-creux.jpg","contentUrl":"https:\/\/fgti-distribution.fr\/wp-content\/uploads\/2023\/02\/distributeur-rivets-creux.jpg","width":1600,"height":430,"caption":"distributeur rivets creux"},{"@type":"BreadcrumbList","@id":"https:\/\/fgti-distribution.fr\/rivets-tubulaires\/services-rivets\/#breadcrumb","itemListElement":[{"@type":"ListItem","position":1,"name":"Home","item":"https:\/\/fgti-distribution.fr\/"},{"@type":"ListItem","position":2,"name":"Rivets tubulaires","item":"https:\/\/fgti-distribution.fr\/rivets-tubulaires\/"},{"@type":"ListItem","position":3,"name":"Services rivets"}]},{"@type":"WebSite","@id":"https:\/\/fgti-distribution.fr\/#website","url":"https:\/\/fgti-distribution.fr\/","name":"Distribuci\u00f3n FGTI","description":"Piezas t\u00e9cnicas y servicios de alto valor a\u00f1adido","publisher":{"@id":"https:\/\/fgti-distribution.fr\/#organization"},"alternateName":"FGTI Distribution","potentialAction":[{"@type":"SearchAction","target":{"@type":"EntryPoint","urlTemplate":"https:\/\/fgti-distribution.fr\/?s={search_term_string}"},"query-input":{"@type":"PropertyValueSpecification","valueRequired":true,"valueName":"search_term_string"}}],"inLanguage":"es"},{"@type":"Organization","@id":"https:\/\/fgti-distribution.fr\/#organization","name":"Distribuci\u00f3n FGTI","alternateName":"FGTI Distribution","url":"https:\/\/fgti-distribution.fr\/","logo":{"@type":"ImageObject","inLanguage":"es","@id":"https:\/\/fgti-distribution.fr\/#\/schema\/logo\/image\/","url":"https:\/\/fgti-distribution.fr\/wp-content\/uploads\/2022\/12\/logo.png","contentUrl":"https:\/\/fgti-distribution.fr\/wp-content\/uploads\/2022\/12\/logo.png","width":500,"height":228,"caption":"FGTI Distribution"},"image":{"@id":"https:\/\/fgti-distribution.fr\/#\/schema\/logo\/image\/"},"sameAs":["https:\/\/www.linkedin.com\/company\/fgti-distribution\/"]}]}},"_links":{"self":[{"href":"https:\/\/fgti-distribution.fr\/es\/wp-json\/wp\/v2\/pages\/294","targetHints":{"allow":["GET"]}}],"collection":[{"href":"https:\/\/fgti-distribution.fr\/es\/wp-json\/wp\/v2\/pages"}],"about":[{"href":"https:\/\/fgti-distribution.fr\/es\/wp-json\/wp\/v2\/types\/page"}],"author":[{"embeddable":true,"href":"https:\/\/fgti-distribution.fr\/es\/wp-json\/wp\/v2\/users\/1"}],"replies":[{"embeddable":true,"href":"https:\/\/fgti-distribution.fr\/es\/wp-json\/wp\/v2\/comments?post=294"}],"version-history":[{"count":2,"href":"https:\/\/fgti-distribution.fr\/es\/wp-json\/wp\/v2\/pages\/294\/revisions"}],"predecessor-version":[{"id":7240,"href":"https:\/\/fgti-distribution.fr\/es\/wp-json\/wp\/v2\/pages\/294\/revisions\/7240"}],"up":[{"embeddable":true,"href":"https:\/\/fgti-distribution.fr\/es\/wp-json\/wp\/v2\/pages\/12"}],"wp:featuredmedia":[{"embeddable":true,"href":"https:\/\/fgti-distribution.fr\/es\/wp-json\/wp\/v2\/media\/7173"}],"wp:attachment":[{"href":"https:\/\/fgti-distribution.fr\/es\/wp-json\/wp\/v2\/media?parent=294"}],"curies":[{"name":"wp","href":"https:\/\/api.w.org\/{rel}","templated":true}]}}