{"id":3572,"date":"2015-12-16T09:59:04","date_gmt":"2015-12-16T09:59:04","guid":{"rendered":"https:\/\/fgti-distribution.fr\/?page_id=3572"},"modified":"2024-02-15T15:50:32","modified_gmt":"2024-02-15T15:50:32","slug":"supports-tubes-diametres-variables-et-verrouillage-automatique-pion-sapin","status":"publish","type":"page","link":"https:\/\/fgti-distribution.fr\/es\/fixation-araymond\/supports-tubes-diametres-variables-et-verrouillage-automatique-pion-sapin\/","title":{"rendered":"Support tube Pion Sapin, diam\u00e8tres variables et verrouillage automatique"},"content":{"rendered":"<section data-bb-version=\"4.7.6\" id=\"bt_bb_section69d038d911ed4\" class=\"bt_bb_section bt_bb_layout_boxed_1200\"  data-bt-override-class=\"null\"><div class=\"bt_bb_port\"><div class=\"bt_bb_cell\"><div class=\"bt_bb_cell_inner\"><div class=\"bt_bb_row\"  data-bt-override-class=\"{}\"><div class=\"bt_bb_row_holder\" ><div data-bb-version=\"4.7.6\"  class=\"bt_bb_column col-xxl-12 col-xl-12 col-xs-12 col-sm-12 col-md-12 col-lg-12 bt_bb_vertical_align_top bt_bb_align_left bt_bb_padding_normal\" style=\"; --column-width:12;\" data-width=\"12\" data-bt-override-class=\"{}\"><div class=\"bt_bb_column_content\"><div class=\"bt_bb_column_content_inner\"><div class=\"bt_bb_raw_content\"><div style=\"color: #bababa; font-size: 12px; margin-bottom: 20px;\">FGTI-Distribution > Fixations ARaymond > Fiches techniques d\u00e9taill\u00e9es > Supports tubes \u00e0 clipper dans un trou - A diam\u00e8tres variables et verrouillage automatique\/ Pion Sapin<\/div>\n\n<div class=\"textwidget\">\n<a style=\"border: 0 none;\" href=\"https:\/\/fgti-distribution.fr\/es\/wp-content\/themes\/fgti\/images\/FGTI-Distribution-supports-tubes-a-clipper-dans-un-trou-a-diametres-variables-et-verrouillage-automatique-pion-sapin .pdf\/\" target=\"_blank\" rel=\"noopener\"><img decoding=\"async\" src=\"https:\/\/fgti-distribution.fr\/wp-content\/themes\/twentyeleven\/images\/pdficon_large.png\" alt=\"\" \/><\/a>\n<p style=\"text-transform: none;\"><span style=\"color: #e82c2e; font-weight: bold; font-size: 20px;\">Supports tubes<\/span> Support tube Pion Sapin, diam\u00e8tres variables, verrouillage auto<\/p>\n<\/div>\n\n<div style=\"text-align: right; font-size: 10px; padding: 0;\">\n<img decoding=\"async\" src=\"https:\/\/fgti-distribution.fr\/wp-content\/themes\/twentyeleven\/images\/dans-trou.jpg\" alt=\"lani\u00e8res \u00e0 monter dans un trou\" \/>\n<h2 style=\"font-size: 10px;\">Supports tubes - Dans un trou<\/h2>\n<\/div>\n\n\n<div class=\"textwidget\"><img decoding=\"async\" src=\"https:\/\/fgti-distribution.fr\/wp-content\/themes\/twentyeleven\/fiches-techniques-raymond\/support-tube-pion-sapin.jpg\" alt=\"support tube pion sapin Raymond\" \/><\/div>\n\n<div class=\"textwidget\"><img decoding=\"async\" src=\"https:\/\/fgti-distribution.fr\/wp-content\/themes\/twentyeleven\/fiches-techniques-raymond\/support-tube-pion-sapin-schema.jpg\" alt=\"sch\u00e9ma support tube pion sapin\" \/><\/div>\n\n<div class=\"textwidget\">\nPour fixer un c\u00e2ble\/ tube sur un panneau perc\u00e9\nPermet de s'adapter \u00e0 une large plage d'\u00e9paisseur de t\u00f4les\nPossibilit\u00e9 de monter la pi\u00e8ce dans un trou borgne\nPour c\u00e2bles\/ tubes \u00e0 diam\u00e8tres variables\nA verrouillage automatique\n<h3>Dimensions - Support tube Pion Sapin<\/h3>\n<img decoding=\"async\" src=\"https:\/\/fgti-distribution.fr\/wp-content\/themes\/fgti\/images\/support-tube-pion-sapin-dimensions.jpg\" alt=\"dimensions support tube pion sapin Raymond\" \/>\n<div style=\"vertical-align: top; text-align: center; font-size: 10px;\">Toutes les dimensions sont en mm, angles ou degr\u00e9s. Les autres dimensions \/ variantes sont disponibles sur demande.<\/div>\n<\/div>\n\n<div class=\"textwidget\">\n<span style=\"color: #e82c2e; font-size: 20px;\">Produits compl\u00e9mentaires :<\/span>\n<\/div>\n\n<div class=\"textwidget\"><a href=\"https:\/\/fgti-distribution.fr\/es\/fixation-araymond\/supports-tubes-trou-variable-a-raymond\/\"><img decoding=\"async\" src=\"https:\/\/fgti-distribution.fr\/wp-content\/themes\/twentyeleven\/fiches-techniques-raymond\/supports-tubes-trou-variable-a-raymond-FGTI-photo.jpg\" alt=\"photo supports tubes \u00e0 clipper dans un trou double viraible Raymond\" \/><\/a>\u00a0\n<h3 style=\"line-height: 24px;\">Support tube \u00e0 clipper dans un trou diam\u00e8tres variables, verrouillage auto<\/h3>\n<\/div>\n<\/div><\/div><\/div><\/div><\/div><\/div><\/div><!-- cell_inner --><\/div><!-- cell --><\/div><!-- port --><\/section>","protected":false},"excerpt":{"rendered":"","protected":false},"author":1,"featured_media":0,"parent":10,"menu_order":0,"comment_status":"closed","ping_status":"closed","template":"","meta":{"footnotes":""},"class_list":["post-3572","page","type-page","status-publish","hentry"],"yoast_head":"<!-- This site is optimized with the Yoast SEO plugin v27.3 - https:\/\/yoast.com\/product\/yoast-seo-wordpress\/ -->\n<title>Support tube Pion Sapin, diam\u00e8tres variables et verrouillage automatique<\/title>\n<meta name=\"description\" content=\"FGTI Distribution vous propose la fiche technique d\u00e9taill\u00e9e du support tube Pion Sapin \u00e0 diam\u00e8tres variables et verrouillage automatique.\" \/>\n<meta name=\"robots\" content=\"index, follow, max-snippet:-1, max-image-preview:large, max-video-preview:-1\" \/>\n<link rel=\"canonical\" href=\"https:\/\/fgti-distribution.fr\/es\/fixation-araymond\/supports-tubes-diametres-variables-et-verrouillage-automatique-pion-sapin\/\" \/>\n<meta property=\"og:locale\" content=\"es_ES\" \/>\n<meta property=\"og:type\" content=\"article\" \/>\n<meta property=\"og:title\" content=\"Support tube Pion Sapin, diam\u00e8tres variables et verrouillage automatique\" \/>\n<meta property=\"og:description\" content=\"FGTI Distribution vous propose la fiche technique d\u00e9taill\u00e9e du support tube Pion Sapin \u00e0 diam\u00e8tres variables et verrouillage automatique.\" \/>\n<meta property=\"og:url\" content=\"https:\/\/fgti-distribution.fr\/es\/fixation-araymond\/supports-tubes-diametres-variables-et-verrouillage-automatique-pion-sapin\/\" \/>\n<meta property=\"og:site_name\" content=\"FGTI Distribution\" \/>\n<meta property=\"article:modified_time\" content=\"2024-02-15T15:50:32+00:00\" \/>\n<meta name=\"twitter:card\" content=\"summary_large_image\" \/>\n<meta name=\"twitter:label1\" content=\"Est. reading time\" \/>\n\t<meta name=\"twitter:data1\" content=\"1 minuto\" \/>\n<script type=\"application\/ld+json\" class=\"yoast-schema-graph\">{\"@context\":\"https:\\\/\\\/schema.org\",\"@graph\":[{\"@type\":\"WebPage\",\"@id\":\"https:\\\/\\\/fgti-distribution.fr\\\/fixation-araymond\\\/supports-tubes-diametres-variables-et-verrouillage-automatique-pion-sapin\\\/\",\"url\":\"https:\\\/\\\/fgti-distribution.fr\\\/fixation-araymond\\\/supports-tubes-diametres-variables-et-verrouillage-automatique-pion-sapin\\\/\",\"name\":\"Support tube Pion Sapin, diam\u00e8tres variables et verrouillage automatique\",\"isPartOf\":{\"@id\":\"https:\\\/\\\/fgti-distribution.fr\\\/#website\"},\"datePublished\":\"2015-12-16T09:59:04+00:00\",\"dateModified\":\"2024-02-15T15:50:32+00:00\",\"description\":\"FGTI Distribution vous propose la fiche technique d\u00e9taill\u00e9e du support tube Pion Sapin \u00e0 diam\u00e8tres variables et verrouillage automatique.\",\"breadcrumb\":{\"@id\":\"https:\\\/\\\/fgti-distribution.fr\\\/fixation-araymond\\\/supports-tubes-diametres-variables-et-verrouillage-automatique-pion-sapin\\\/#breadcrumb\"},\"inLanguage\":\"es\",\"potentialAction\":[{\"@type\":\"ReadAction\",\"target\":[\"https:\\\/\\\/fgti-distribution.fr\\\/fixation-araymond\\\/supports-tubes-diametres-variables-et-verrouillage-automatique-pion-sapin\\\/\"]}]},{\"@type\":\"BreadcrumbList\",\"@id\":\"https:\\\/\\\/fgti-distribution.fr\\\/fixation-araymond\\\/supports-tubes-diametres-variables-et-verrouillage-automatique-pion-sapin\\\/#breadcrumb\",\"itemListElement\":[{\"@type\":\"ListItem\",\"position\":1,\"name\":\"Home\",\"item\":\"https:\\\/\\\/fgti-distribution.fr\\\/\"},{\"@type\":\"ListItem\",\"position\":2,\"name\":\"Fixations ARaymond\",\"item\":\"https:\\\/\\\/fgti-distribution.fr\\\/fixation-araymond\\\/\"},{\"@type\":\"ListItem\",\"position\":3,\"name\":\"Support tube Pion Sapin, diam\u00e8tres variables et verrouillage automatique\"}]},{\"@type\":\"WebSite\",\"@id\":\"https:\\\/\\\/fgti-distribution.fr\\\/#website\",\"url\":\"https:\\\/\\\/fgti-distribution.fr\\\/\",\"name\":\"FGTI Distribution\",\"description\":\"Pi\u00e8ces techniques et services \u00e0 forte valeur ajout\u00e9e\",\"publisher\":{\"@id\":\"https:\\\/\\\/fgti-distribution.fr\\\/#organization\"},\"alternateName\":\"FGTI Distribution\",\"potentialAction\":[{\"@type\":\"SearchAction\",\"target\":{\"@type\":\"EntryPoint\",\"urlTemplate\":\"https:\\\/\\\/fgti-distribution.fr\\\/?s={search_term_string}\"},\"query-input\":{\"@type\":\"PropertyValueSpecification\",\"valueRequired\":true,\"valueName\":\"search_term_string\"}}],\"inLanguage\":\"es\"},{\"@type\":\"Organization\",\"@id\":\"https:\\\/\\\/fgti-distribution.fr\\\/#organization\",\"name\":\"FGTI Distribution\",\"alternateName\":\"FGTI Distribution\",\"url\":\"https:\\\/\\\/fgti-distribution.fr\\\/\",\"logo\":{\"@type\":\"ImageObject\",\"inLanguage\":\"es\",\"@id\":\"https:\\\/\\\/fgti-distribution.fr\\\/#\\\/schema\\\/logo\\\/image\\\/\",\"url\":\"https:\\\/\\\/fgti-distribution.fr\\\/wp-content\\\/uploads\\\/2022\\\/12\\\/logo.png\",\"contentUrl\":\"https:\\\/\\\/fgti-distribution.fr\\\/wp-content\\\/uploads\\\/2022\\\/12\\\/logo.png\",\"width\":500,\"height\":228,\"caption\":\"FGTI Distribution\"},\"image\":{\"@id\":\"https:\\\/\\\/fgti-distribution.fr\\\/#\\\/schema\\\/logo\\\/image\\\/\"},\"sameAs\":[\"https:\\\/\\\/www.linkedin.com\\\/company\\\/fgti-distribution\\\/\"]}]}<\/script>\n<!-- \/ Yoast SEO plugin. -->","yoast_head_json":{"title":"Support tube Pion Sapin, diam\u00e8tres variables et verrouillage automatique","description":"FGTI Distribution vous propose la fiche technique d\u00e9taill\u00e9e du support tube Pion Sapin \u00e0 diam\u00e8tres variables et verrouillage automatique.","robots":{"index":"index","follow":"follow","max-snippet":"max-snippet:-1","max-image-preview":"max-image-preview:large","max-video-preview":"max-video-preview:-1"},"canonical":"https:\/\/fgti-distribution.fr\/es\/fixation-araymond\/supports-tubes-diametres-variables-et-verrouillage-automatique-pion-sapin\/","og_locale":"es_ES","og_type":"article","og_title":"Support tube Pion Sapin, diam\u00e8tres variables et verrouillage automatique","og_description":"FGTI Distribution vous propose la fiche technique d\u00e9taill\u00e9e du support tube Pion Sapin \u00e0 diam\u00e8tres variables et verrouillage automatique.","og_url":"https:\/\/fgti-distribution.fr\/es\/fixation-araymond\/supports-tubes-diametres-variables-et-verrouillage-automatique-pion-sapin\/","og_site_name":"FGTI Distribution","article_modified_time":"2024-02-15T15:50:32+00:00","twitter_card":"summary_large_image","twitter_misc":{"Est. reading time":"1 minuto"},"schema":{"@context":"https:\/\/schema.org","@graph":[{"@type":"WebPage","@id":"https:\/\/fgti-distribution.fr\/fixation-araymond\/supports-tubes-diametres-variables-et-verrouillage-automatique-pion-sapin\/","url":"https:\/\/fgti-distribution.fr\/fixation-araymond\/supports-tubes-diametres-variables-et-verrouillage-automatique-pion-sapin\/","name":"Support tube Pion Sapin, diam\u00e8tres variables et verrouillage automatique","isPartOf":{"@id":"https:\/\/fgti-distribution.fr\/#website"},"datePublished":"2015-12-16T09:59:04+00:00","dateModified":"2024-02-15T15:50:32+00:00","description":"FGTI Distribution vous propose la fiche technique d\u00e9taill\u00e9e du support tube Pion Sapin \u00e0 diam\u00e8tres variables et verrouillage automatique.","breadcrumb":{"@id":"https:\/\/fgti-distribution.fr\/fixation-araymond\/supports-tubes-diametres-variables-et-verrouillage-automatique-pion-sapin\/#breadcrumb"},"inLanguage":"es","potentialAction":[{"@type":"ReadAction","target":["https:\/\/fgti-distribution.fr\/fixation-araymond\/supports-tubes-diametres-variables-et-verrouillage-automatique-pion-sapin\/"]}]},{"@type":"BreadcrumbList","@id":"https:\/\/fgti-distribution.fr\/fixation-araymond\/supports-tubes-diametres-variables-et-verrouillage-automatique-pion-sapin\/#breadcrumb","itemListElement":[{"@type":"ListItem","position":1,"name":"Home","item":"https:\/\/fgti-distribution.fr\/"},{"@type":"ListItem","position":2,"name":"Fixations ARaymond","item":"https:\/\/fgti-distribution.fr\/fixation-araymond\/"},{"@type":"ListItem","position":3,"name":"Support tube Pion Sapin, diam\u00e8tres variables et verrouillage automatique"}]},{"@type":"WebSite","@id":"https:\/\/fgti-distribution.fr\/#website","url":"https:\/\/fgti-distribution.fr\/","name":"Distribuci\u00f3n FGTI","description":"Piezas t\u00e9cnicas y servicios de alto valor a\u00f1adido","publisher":{"@id":"https:\/\/fgti-distribution.fr\/#organization"},"alternateName":"FGTI Distribution","potentialAction":[{"@type":"SearchAction","target":{"@type":"EntryPoint","urlTemplate":"https:\/\/fgti-distribution.fr\/?s={search_term_string}"},"query-input":{"@type":"PropertyValueSpecification","valueRequired":true,"valueName":"search_term_string"}}],"inLanguage":"es"},{"@type":"Organization","@id":"https:\/\/fgti-distribution.fr\/#organization","name":"Distribuci\u00f3n FGTI","alternateName":"FGTI Distribution","url":"https:\/\/fgti-distribution.fr\/","logo":{"@type":"ImageObject","inLanguage":"es","@id":"https:\/\/fgti-distribution.fr\/#\/schema\/logo\/image\/","url":"https:\/\/fgti-distribution.fr\/wp-content\/uploads\/2022\/12\/logo.png","contentUrl":"https:\/\/fgti-distribution.fr\/wp-content\/uploads\/2022\/12\/logo.png","width":500,"height":228,"caption":"FGTI Distribution"},"image":{"@id":"https:\/\/fgti-distribution.fr\/#\/schema\/logo\/image\/"},"sameAs":["https:\/\/www.linkedin.com\/company\/fgti-distribution\/"]}]}},"_links":{"self":[{"href":"https:\/\/fgti-distribution.fr\/es\/wp-json\/wp\/v2\/pages\/3572","targetHints":{"allow":["GET"]}}],"collection":[{"href":"https:\/\/fgti-distribution.fr\/es\/wp-json\/wp\/v2\/pages"}],"about":[{"href":"https:\/\/fgti-distribution.fr\/es\/wp-json\/wp\/v2\/types\/page"}],"author":[{"embeddable":true,"href":"https:\/\/fgti-distribution.fr\/es\/wp-json\/wp\/v2\/users\/1"}],"replies":[{"embeddable":true,"href":"https:\/\/fgti-distribution.fr\/es\/wp-json\/wp\/v2\/comments?post=3572"}],"version-history":[{"count":4,"href":"https:\/\/fgti-distribution.fr\/es\/wp-json\/wp\/v2\/pages\/3572\/revisions"}],"predecessor-version":[{"id":9339,"href":"https:\/\/fgti-distribution.fr\/es\/wp-json\/wp\/v2\/pages\/3572\/revisions\/9339"}],"up":[{"embeddable":true,"href":"https:\/\/fgti-distribution.fr\/es\/wp-json\/wp\/v2\/pages\/10"}],"wp:attachment":[{"href":"https:\/\/fgti-distribution.fr\/es\/wp-json\/wp\/v2\/media?parent=3572"}],"curies":[{"name":"wp","href":"https:\/\/api.w.org\/{rel}","templated":true}]}}