{"id":3639,"date":"2015-12-16T13:45:06","date_gmt":"2015-12-16T13:45:06","guid":{"rendered":"https:\/\/fgti-distribution.fr\/?page_id=3639"},"modified":"2024-02-05T14:10:19","modified_gmt":"2024-02-05T14:10:19","slug":"assembler-tiges-vis-goujons-bords-de-panneaux","status":"publish","type":"page","link":"https:\/\/fgti-distribution.fr\/es\/fixation-araymond\/araymond-recherche-par-fonction\/assembler-tiges-vis-goujons-bords-de-panneaux\/","title":{"rendered":"Assembler tiges lisses, vis et goujons sur bords de panneaux"},"content":{"rendered":"<section data-bb-version=\"4.7.6\" id=\"bt_bb_section69d03c7607d58\" class=\"bt_bb_section bt_bb_layout_boxed_1200\"  data-bt-override-class=\"null\"><div class=\"bt_bb_port\"><div class=\"bt_bb_cell\"><div class=\"bt_bb_cell_inner\"><div class=\"bt_bb_row\"  data-bt-override-class=\"{}\"><div class=\"bt_bb_row_holder\" ><div data-bb-version=\"4.7.6\"  class=\"bt_bb_column col-xxl-12 col-xl-12 col-xs-12 col-sm-12 col-md-12 col-lg-12 bt_bb_vertical_align_top bt_bb_align_left bt_bb_padding_normal\" style=\"; --column-width:12;\" data-width=\"12\" data-bt-override-class=\"{}\"><div class=\"bt_bb_column_content\"><div class=\"bt_bb_column_content_inner\"><div class=\"bt_bb_raw_content\"><div style=\"color: #bababa; font-size: 12px; margin-bottom: 20px;\">FGTI-Distribution > Fixations ARaymond > Recherche par fonction > Assembler \u00e9crous sur bords de panneaux<\/div>\n\u00a0\n<div style=\"background-color: #888888; color: white; padding: 5px; text-align: center; width: 100%; text-transform: uppercase;\">Assembler \u00e9crous sur bords de panneaux<\/div>\n\u00a0\n<a href=\"https:\/\/fgti-distribution.fr\/es\/fixation-araymond\/ecrou-bord-de-tole-raymond-metriques\/\"><img decoding=\"async\" src=\"https:\/\/fgti-distribution.fr\/wp-content\/themes\/fgti\/images\/Ecrous-bords-de-toles-Metriques.jpg\" alt=\"Ecrous-bords-de-toles-Metriques\" \/><\/a>\n\n<h2>Ecrous \u00e0 pincer sur bords de panneaux<\/h2>\n<h3>M\u00e9triques<\/h3>\n<a href=\"https:\/\/fgti-distribution.fr\/es\/fixation-araymond\/ecrou-bord-de-tole-raymond-metriques\/\">>> Voir la fiche produit<\/a>\n\n<div class=\"textwidget\"><a href=\"https:\/\/fgti-distribution.fr\/es\/fixation-araymond\/ecrou-bord-de-tole-raymond-epaisseurs-variables\/\"><img decoding=\"async\" src=\"https:\/\/fgti-distribution.fr\/wp-content\/themes\/fgti\/images\/Ecrous-bords-de-toles-Metriques-variables.jpg\" alt=\"Ecrous-bords-de-toles-Metriques \u00e9paisseurs variables\" \/><\/a><\/div>\n\n<div class=\"textwidget\">\n\n<h3>M\u00e9triques\/ Pour \u00e9paisseurs variables<\/h3>\n<a href=\"https:\/\/fgti-distribution.fr\/es\/fixation-araymond\/ecrou-bord-de-tole-raymond-epaisseurs-variables\/\">>> Voir la fiche produit<\/a>\n<\/div>\n<div class=\"textwidget\"><a href=\"https:\/\/fgti-distribution.fr\/es\/fixation-araymond\/ecrou-bord-de-tole-raymond-vis-a-tole-epaisseurs-variables\/\"><img decoding=\"async\" src=\"https:\/\/fgti-distribution.fr\/wp-content\/themes\/fgti\/images\/Ecrous-bords-de-panneaux-vis-toles-variables.jpg\" alt=\"Ecrous-bords-de-panneaux-vis-toles \u00e9paisseurs variables\" \/><\/a><\/div>\n\n<div class=\"textwidget\">\n\n<h3>Pour vis \u00e0 t\u00f4le \/ Pour \u00e9paisseurs variables<\/h3>\n<a href=\"https:\/\/fgti-distribution.fr\/es\/fixation-araymond\/ecrou-bord-de-tole-raymond-vis-a-tole-epaisseurs-variables\/\">>> Voir la fiche produit<\/a>\n<\/div>\n\n<div class=\"textwidget\"><a href=\"https:\/\/fgti-distribution.fr\/es\/fixation-araymond\/ecrou-bord-de-tole-raymond-vis-a-tole\/\"><img decoding=\"async\" src=\"https:\/\/fgti-distribution.fr\/wp-content\/themes\/fgti\/images\/Ecrous-bords-de-panneaux-vis-toles.jpg\" alt=\"Ecrous-bords-de-panneaux-vis-toles\" \/><\/a><\/div>\n\n\n<div class=\"textwidget\">\n\n<h3>Pour vis \u00e0 t\u00f4le<\/h3>\n<a href=\"https:\/\/fgti-distribution.fr\/es\/fixation-araymond\/ecrou-bord-de-tole-raymond-vis-a-tole\/\">>> Voir la fiche produit<\/a>\n<\/div>\n\n<div class=\"textwidget\"><a href=\"https:\/\/fgti-distribution.fr\/es\/fixation-araymond\/ecrou-bord-de-tole-raymond-vis-a-tole-avec-languette\/\"><img decoding=\"async\" src=\"https:\/\/fgti-distribution.fr\/wp-content\/themes\/fgti\/images\/Ecrous-bords-de-panneaux-vis-toles-languette.jpg\" alt=\"Ecrous-bords-de-panneaux-vis-toles languette retenues\" \/><\/a><\/div>\n\n<div class=\"textwidget\">\n\n<h3>Pour vis \u00e0 t\u00f4les\/ avec languette de retenue<\/h3>\n<a href=\"https:\/\/fgti-distribution.fr\/es\/fixation-araymond\/ecrou-bord-de-tole-raymond-vis-a-tole-avec-languette\/\">>> Voir la fiche produit<\/a>\n<\/div><\/div><\/div><\/div><\/div><\/div><\/div><\/div><!-- cell_inner --><\/div><!-- cell --><\/div><!-- port --><\/section>","protected":false},"excerpt":{"rendered":"","protected":false},"author":1,"featured_media":0,"parent":3519,"menu_order":0,"comment_status":"closed","ping_status":"closed","template":"","meta":{"footnotes":""},"class_list":["post-3639","page","type-page","status-publish","hentry"],"yoast_head":"<!-- This site is optimized with the Yoast SEO plugin v27.3 - https:\/\/yoast.com\/product\/yoast-seo-wordpress\/ -->\n<title>FGTI Distribution - Assembler tiges lisses, vis et goujons sur bords de panneaux<\/title>\n<meta name=\"description\" content=\"FGTI Distribution - Assembler tiges lisses, vis et goujons sur bords de panneaux -\" \/>\n<meta name=\"robots\" content=\"index, follow, max-snippet:-1, max-image-preview:large, max-video-preview:-1\" \/>\n<link rel=\"canonical\" href=\"https:\/\/fgti-distribution.fr\/es\/fixation-araymond\/araymond-recherche-par-fonction\/assembler-tiges-vis-goujons-bords-de-panneaux\/\" \/>\n<meta property=\"og:locale\" content=\"es_ES\" \/>\n<meta property=\"og:type\" content=\"article\" \/>\n<meta property=\"og:title\" content=\"FGTI Distribution - Assembler tiges lisses, vis et goujons sur bords de panneaux\" \/>\n<meta property=\"og:description\" content=\"FGTI Distribution - Assembler tiges lisses, vis et goujons sur bords de panneaux -\" \/>\n<meta property=\"og:url\" content=\"https:\/\/fgti-distribution.fr\/es\/fixation-araymond\/araymond-recherche-par-fonction\/assembler-tiges-vis-goujons-bords-de-panneaux\/\" \/>\n<meta property=\"og:site_name\" content=\"FGTI Distribution\" \/>\n<meta property=\"article:modified_time\" content=\"2024-02-05T14:10:19+00:00\" \/>\n<meta name=\"twitter:card\" content=\"summary_large_image\" \/>\n<meta name=\"twitter:label1\" content=\"Est. reading time\" \/>\n\t<meta name=\"twitter:data1\" content=\"1 minuto\" \/>\n<script type=\"application\/ld+json\" class=\"yoast-schema-graph\">{\"@context\":\"https:\\\/\\\/schema.org\",\"@graph\":[{\"@type\":\"WebPage\",\"@id\":\"https:\\\/\\\/fgti-distribution.fr\\\/fixation-araymond\\\/araymond-recherche-par-fonction\\\/assembler-tiges-vis-goujons-bords-de-panneaux\\\/\",\"url\":\"https:\\\/\\\/fgti-distribution.fr\\\/fixation-araymond\\\/araymond-recherche-par-fonction\\\/assembler-tiges-vis-goujons-bords-de-panneaux\\\/\",\"name\":\"FGTI Distribution - Assembler tiges lisses, vis et goujons sur bords de panneaux\",\"isPartOf\":{\"@id\":\"https:\\\/\\\/fgti-distribution.fr\\\/#website\"},\"datePublished\":\"2015-12-16T13:45:06+00:00\",\"dateModified\":\"2024-02-05T14:10:19+00:00\",\"description\":\"FGTI Distribution - Assembler tiges lisses, vis et goujons sur bords de panneaux -\",\"breadcrumb\":{\"@id\":\"https:\\\/\\\/fgti-distribution.fr\\\/fixation-araymond\\\/araymond-recherche-par-fonction\\\/assembler-tiges-vis-goujons-bords-de-panneaux\\\/#breadcrumb\"},\"inLanguage\":\"es\",\"potentialAction\":[{\"@type\":\"ReadAction\",\"target\":[\"https:\\\/\\\/fgti-distribution.fr\\\/fixation-araymond\\\/araymond-recherche-par-fonction\\\/assembler-tiges-vis-goujons-bords-de-panneaux\\\/\"]}]},{\"@type\":\"BreadcrumbList\",\"@id\":\"https:\\\/\\\/fgti-distribution.fr\\\/fixation-araymond\\\/araymond-recherche-par-fonction\\\/assembler-tiges-vis-goujons-bords-de-panneaux\\\/#breadcrumb\",\"itemListElement\":[{\"@type\":\"ListItem\",\"position\":1,\"name\":\"Home\",\"item\":\"https:\\\/\\\/fgti-distribution.fr\\\/\"},{\"@type\":\"ListItem\",\"position\":2,\"name\":\"Fixations ARaymond\",\"item\":\"https:\\\/\\\/fgti-distribution.fr\\\/fixation-araymond\\\/\"},{\"@type\":\"ListItem\",\"position\":3,\"name\":\"ARaymond Recherche par fonction\",\"item\":\"https:\\\/\\\/fgti-distribution.fr\\\/fixation-araymond\\\/araymond-recherche-par-fonction\\\/\"},{\"@type\":\"ListItem\",\"position\":4,\"name\":\"Assembler tiges lisses, vis et goujons sur bords de panneaux\"}]},{\"@type\":\"WebSite\",\"@id\":\"https:\\\/\\\/fgti-distribution.fr\\\/#website\",\"url\":\"https:\\\/\\\/fgti-distribution.fr\\\/\",\"name\":\"FGTI Distribution\",\"description\":\"Pi\u00e8ces techniques et services \u00e0 forte valeur ajout\u00e9e\",\"publisher\":{\"@id\":\"https:\\\/\\\/fgti-distribution.fr\\\/#organization\"},\"alternateName\":\"FGTI Distribution\",\"potentialAction\":[{\"@type\":\"SearchAction\",\"target\":{\"@type\":\"EntryPoint\",\"urlTemplate\":\"https:\\\/\\\/fgti-distribution.fr\\\/?s={search_term_string}\"},\"query-input\":{\"@type\":\"PropertyValueSpecification\",\"valueRequired\":true,\"valueName\":\"search_term_string\"}}],\"inLanguage\":\"es\"},{\"@type\":\"Organization\",\"@id\":\"https:\\\/\\\/fgti-distribution.fr\\\/#organization\",\"name\":\"FGTI Distribution\",\"alternateName\":\"FGTI Distribution\",\"url\":\"https:\\\/\\\/fgti-distribution.fr\\\/\",\"logo\":{\"@type\":\"ImageObject\",\"inLanguage\":\"es\",\"@id\":\"https:\\\/\\\/fgti-distribution.fr\\\/#\\\/schema\\\/logo\\\/image\\\/\",\"url\":\"https:\\\/\\\/fgti-distribution.fr\\\/wp-content\\\/uploads\\\/2022\\\/12\\\/logo.png\",\"contentUrl\":\"https:\\\/\\\/fgti-distribution.fr\\\/wp-content\\\/uploads\\\/2022\\\/12\\\/logo.png\",\"width\":500,\"height\":228,\"caption\":\"FGTI Distribution\"},\"image\":{\"@id\":\"https:\\\/\\\/fgti-distribution.fr\\\/#\\\/schema\\\/logo\\\/image\\\/\"},\"sameAs\":[\"https:\\\/\\\/www.linkedin.com\\\/company\\\/fgti-distribution\\\/\"]}]}<\/script>\n<!-- \/ Yoast SEO plugin. -->","yoast_head_json":{"title":"FGTI Distribution - Assembler tiges lisses, vis et goujons sur bords de panneaux","description":"FGTI Distribution - Assembler tiges lisses, vis et goujons sur bords de panneaux -","robots":{"index":"index","follow":"follow","max-snippet":"max-snippet:-1","max-image-preview":"max-image-preview:large","max-video-preview":"max-video-preview:-1"},"canonical":"https:\/\/fgti-distribution.fr\/es\/fixation-araymond\/araymond-recherche-par-fonction\/assembler-tiges-vis-goujons-bords-de-panneaux\/","og_locale":"es_ES","og_type":"article","og_title":"FGTI Distribution - Assembler tiges lisses, vis et goujons sur bords de panneaux","og_description":"FGTI Distribution - Assembler tiges lisses, vis et goujons sur bords de panneaux -","og_url":"https:\/\/fgti-distribution.fr\/es\/fixation-araymond\/araymond-recherche-par-fonction\/assembler-tiges-vis-goujons-bords-de-panneaux\/","og_site_name":"FGTI Distribution","article_modified_time":"2024-02-05T14:10:19+00:00","twitter_card":"summary_large_image","twitter_misc":{"Est. reading time":"1 minuto"},"schema":{"@context":"https:\/\/schema.org","@graph":[{"@type":"WebPage","@id":"https:\/\/fgti-distribution.fr\/fixation-araymond\/araymond-recherche-par-fonction\/assembler-tiges-vis-goujons-bords-de-panneaux\/","url":"https:\/\/fgti-distribution.fr\/fixation-araymond\/araymond-recherche-par-fonction\/assembler-tiges-vis-goujons-bords-de-panneaux\/","name":"FGTI Distribution - Assembler tiges lisses, vis et goujons sur bords de panneaux","isPartOf":{"@id":"https:\/\/fgti-distribution.fr\/#website"},"datePublished":"2015-12-16T13:45:06+00:00","dateModified":"2024-02-05T14:10:19+00:00","description":"FGTI Distribution - Assembler tiges lisses, vis et goujons sur bords de panneaux -","breadcrumb":{"@id":"https:\/\/fgti-distribution.fr\/fixation-araymond\/araymond-recherche-par-fonction\/assembler-tiges-vis-goujons-bords-de-panneaux\/#breadcrumb"},"inLanguage":"es","potentialAction":[{"@type":"ReadAction","target":["https:\/\/fgti-distribution.fr\/fixation-araymond\/araymond-recherche-par-fonction\/assembler-tiges-vis-goujons-bords-de-panneaux\/"]}]},{"@type":"BreadcrumbList","@id":"https:\/\/fgti-distribution.fr\/fixation-araymond\/araymond-recherche-par-fonction\/assembler-tiges-vis-goujons-bords-de-panneaux\/#breadcrumb","itemListElement":[{"@type":"ListItem","position":1,"name":"Home","item":"https:\/\/fgti-distribution.fr\/"},{"@type":"ListItem","position":2,"name":"Fixations ARaymond","item":"https:\/\/fgti-distribution.fr\/fixation-araymond\/"},{"@type":"ListItem","position":3,"name":"ARaymond Recherche par fonction","item":"https:\/\/fgti-distribution.fr\/fixation-araymond\/araymond-recherche-par-fonction\/"},{"@type":"ListItem","position":4,"name":"Assembler tiges lisses, vis et goujons sur bords de panneaux"}]},{"@type":"WebSite","@id":"https:\/\/fgti-distribution.fr\/#website","url":"https:\/\/fgti-distribution.fr\/","name":"Distribuci\u00f3n FGTI","description":"Piezas t\u00e9cnicas y servicios de alto valor a\u00f1adido","publisher":{"@id":"https:\/\/fgti-distribution.fr\/#organization"},"alternateName":"FGTI Distribution","potentialAction":[{"@type":"SearchAction","target":{"@type":"EntryPoint","urlTemplate":"https:\/\/fgti-distribution.fr\/?s={search_term_string}"},"query-input":{"@type":"PropertyValueSpecification","valueRequired":true,"valueName":"search_term_string"}}],"inLanguage":"es"},{"@type":"Organization","@id":"https:\/\/fgti-distribution.fr\/#organization","name":"Distribuci\u00f3n FGTI","alternateName":"FGTI Distribution","url":"https:\/\/fgti-distribution.fr\/","logo":{"@type":"ImageObject","inLanguage":"es","@id":"https:\/\/fgti-distribution.fr\/#\/schema\/logo\/image\/","url":"https:\/\/fgti-distribution.fr\/wp-content\/uploads\/2022\/12\/logo.png","contentUrl":"https:\/\/fgti-distribution.fr\/wp-content\/uploads\/2022\/12\/logo.png","width":500,"height":228,"caption":"FGTI Distribution"},"image":{"@id":"https:\/\/fgti-distribution.fr\/#\/schema\/logo\/image\/"},"sameAs":["https:\/\/www.linkedin.com\/company\/fgti-distribution\/"]}]}},"_links":{"self":[{"href":"https:\/\/fgti-distribution.fr\/es\/wp-json\/wp\/v2\/pages\/3639","targetHints":{"allow":["GET"]}}],"collection":[{"href":"https:\/\/fgti-distribution.fr\/es\/wp-json\/wp\/v2\/pages"}],"about":[{"href":"https:\/\/fgti-distribution.fr\/es\/wp-json\/wp\/v2\/types\/page"}],"author":[{"embeddable":true,"href":"https:\/\/fgti-distribution.fr\/es\/wp-json\/wp\/v2\/users\/1"}],"replies":[{"embeddable":true,"href":"https:\/\/fgti-distribution.fr\/es\/wp-json\/wp\/v2\/comments?post=3639"}],"version-history":[{"count":5,"href":"https:\/\/fgti-distribution.fr\/es\/wp-json\/wp\/v2\/pages\/3639\/revisions"}],"predecessor-version":[{"id":9110,"href":"https:\/\/fgti-distribution.fr\/es\/wp-json\/wp\/v2\/pages\/3639\/revisions\/9110"}],"up":[{"embeddable":true,"href":"https:\/\/fgti-distribution.fr\/es\/wp-json\/wp\/v2\/pages\/3519"}],"wp:attachment":[{"href":"https:\/\/fgti-distribution.fr\/es\/wp-json\/wp\/v2\/media?parent=3639"}],"curies":[{"name":"wp","href":"https:\/\/api.w.org\/{rel}","templated":true}]}}