{"id":3680,"date":"2015-12-16T19:37:12","date_gmt":"2015-12-16T19:37:12","guid":{"rendered":"https:\/\/fgti-distribution.fr\/?page_id=3680"},"modified":"2023-02-10T17:42:34","modified_gmt":"2023-02-10T17:42:34","slug":"connecter-tubes-ensembles","status":"publish","type":"page","link":"https:\/\/fgti-distribution.fr\/es\/fixation-araymond\/araymond-recherche-par-fonction\/connecter-tubes-ensembles\/","title":{"rendered":"Connecter des tubes ensembles"},"content":{"rendered":"<p>FGTI-Distribution &gt; Fixations ARaymond &gt; Recherche par fonction &gt; Connecter des tubes ensembles<\/p>\n<p>Connecter des tubes ensembles<\/p>\n<p><strong>Notre gamme de raccords rapides apporte une solution technique pour toutes les connectiques de fluides :<\/strong><\/p>\n<ul>\n<li class=\"tiret\">Compacts et faciles \u00e0 utiliser, ils am\u00e9liorent la productivit\u00e9 en r\u00e9duisant les temps de montage<\/li>\n<li class=\"tiret\">100% plastiques, ils permettent un gain de poids et r\u00e9sistent \u00e0 la corrosion<\/li>\n<li class=\"tiret\">Polyvalents, ils int\u00e8grent des fonctions telles que clapet auto-obturant, valve calibr\u00e9e, clapet anti-retour, ou valve avec r\u00e9gulateur de pression<\/li>\n<li class=\"tiret\">Vari\u00e9s, ils s&rsquo;adaptent \u00e0 la plupart des configurations : vari\u00e9t\u00e9 d&rsquo;angles, de diam\u00e8tres, de niveaux de pression ou de temp\u00e9rature, de types de fluides (eau, carburant, huile, air &amp; vapeur&#8230;).<\/li>\n<\/ul>\n<p><a href=\"https:\/\/fgti-distribution.fr\/es\/fixation-araymond\/raccords-rapides-raymond-pour-tuyaux-caoutchoucs\/\"><img decoding=\"async\" src=\"https:\/\/fgti-distribution.fr\/FGTI_images\/Raccords-tuyaux-caoutchoucs.jpg\" alt=\"Raccords-tuyaux-caoutchoucs\" \/><\/a><\/p>\n<h2>Raccords rapides (Quick Connectors) en queues oliv\u00e9es<\/h2>\n<p>&nbsp;<\/p>\n<h3>Pour tuyaux caoutchoucs<\/h3>\n<p><a href=\"https:\/\/fgti-distribution.fr\/es\/fixation-araymond\/raccords-rapides-raymond-pour-tuyaux-caoutchoucs\/\">&gt;&gt; Voir la fiche produit<\/a><br \/>\n<a href=\"https:\/\/fgti-distribution.fr\/es\/fixation-araymond\/raccords-rapides-raymond-pour-tuyaux-polyamides\/\"><img decoding=\"async\" src=\"https:\/\/fgti-distribution.fr\/FGTI_images\/Raccords-tuyaux-polyamides.jpg\" alt=\"Raccords-tuyaux-polyamides\" \/><\/a><\/p>\n<h2>Raccords rapides (Quick Connectors) en queues sapins<\/h2>\n<p>&nbsp;<\/p>\n<h3>Pour tuyaux polyamides<\/h3>\n<p><a href=\"https:\/\/fgti-distribution.fr\/es\/fixation-araymond\/raccords-rapides-raymond-pour-tuyaux-polyamides\/\">&gt;&gt; Voir la fiche produit<\/a><\/p>","protected":false},"excerpt":{"rendered":"<p>FGTI-Distribution &gt; Fixations ARaymond &gt; Recherche par fonction &gt; Connecter des tubes ensembles Connecter des tubes ensembles Notre gamme de raccords rapides apporte une solution technique pour toutes les connectiques de fluides : Compacts et faciles \u00e0 utiliser, ils am\u00e9liorent la productivit\u00e9 en r\u00e9duisant les temps de montage 100% plastiques, ils permettent un gain de&#8230;<\/p>","protected":false},"author":1,"featured_media":0,"parent":3519,"menu_order":0,"comment_status":"closed","ping_status":"closed","template":"","meta":{"footnotes":""},"class_list":["post-3680","page","type-page","status-publish","hentry"],"yoast_head":"<!-- This site is optimized with the Yoast SEO plugin v27.3 - https:\/\/yoast.com\/product\/yoast-seo-wordpress\/ -->\n<title>FGTI Distribution - Connecter des tubes ensembles<\/title>\n<meta name=\"description\" content=\"FGTI Distribution - Connecter des tubes ensembles -\" \/>\n<meta name=\"robots\" content=\"index, follow, max-snippet:-1, max-image-preview:large, max-video-preview:-1\" \/>\n<link rel=\"canonical\" href=\"https:\/\/fgti-distribution.fr\/es\/fixation-araymond\/araymond-recherche-par-fonction\/connecter-tubes-ensembles\/\" \/>\n<meta property=\"og:locale\" content=\"es_ES\" \/>\n<meta property=\"og:type\" content=\"article\" \/>\n<meta property=\"og:title\" content=\"FGTI Distribution - Connecter des tubes ensembles\" \/>\n<meta property=\"og:description\" content=\"FGTI Distribution - Connecter des tubes ensembles -\" \/>\n<meta property=\"og:url\" content=\"https:\/\/fgti-distribution.fr\/es\/fixation-araymond\/araymond-recherche-par-fonction\/connecter-tubes-ensembles\/\" \/>\n<meta property=\"og:site_name\" content=\"FGTI Distribution\" \/>\n<meta property=\"article:modified_time\" content=\"2023-02-10T17:42:34+00:00\" \/>\n<meta property=\"og:image\" content=\"https:\/\/fgti-distribution.fr\/FGTI_images\/Raccords-tuyaux-caoutchoucs.jpg\" \/>\n<meta name=\"twitter:card\" content=\"summary_large_image\" \/>\n<meta name=\"twitter:label1\" content=\"Est. reading time\" \/>\n\t<meta name=\"twitter:data1\" content=\"2 minutos\" \/>\n<script type=\"application\/ld+json\" class=\"yoast-schema-graph\">{\"@context\":\"https:\\\/\\\/schema.org\",\"@graph\":[{\"@type\":\"WebPage\",\"@id\":\"https:\\\/\\\/fgti-distribution.fr\\\/fixation-araymond\\\/araymond-recherche-par-fonction\\\/connecter-tubes-ensembles\\\/\",\"url\":\"https:\\\/\\\/fgti-distribution.fr\\\/fixation-araymond\\\/araymond-recherche-par-fonction\\\/connecter-tubes-ensembles\\\/\",\"name\":\"FGTI Distribution - Connecter des tubes ensembles\",\"isPartOf\":{\"@id\":\"https:\\\/\\\/fgti-distribution.fr\\\/#website\"},\"primaryImageOfPage\":{\"@id\":\"https:\\\/\\\/fgti-distribution.fr\\\/fixation-araymond\\\/araymond-recherche-par-fonction\\\/connecter-tubes-ensembles\\\/#primaryimage\"},\"image\":{\"@id\":\"https:\\\/\\\/fgti-distribution.fr\\\/fixation-araymond\\\/araymond-recherche-par-fonction\\\/connecter-tubes-ensembles\\\/#primaryimage\"},\"thumbnailUrl\":\"https:\\\/\\\/fgti-distribution.fr\\\/FGTI_images\\\/Raccords-tuyaux-caoutchoucs.jpg\",\"datePublished\":\"2015-12-16T19:37:12+00:00\",\"dateModified\":\"2023-02-10T17:42:34+00:00\",\"description\":\"FGTI Distribution - Connecter des tubes ensembles -\",\"breadcrumb\":{\"@id\":\"https:\\\/\\\/fgti-distribution.fr\\\/fixation-araymond\\\/araymond-recherche-par-fonction\\\/connecter-tubes-ensembles\\\/#breadcrumb\"},\"inLanguage\":\"es\",\"potentialAction\":[{\"@type\":\"ReadAction\",\"target\":[\"https:\\\/\\\/fgti-distribution.fr\\\/fixation-araymond\\\/araymond-recherche-par-fonction\\\/connecter-tubes-ensembles\\\/\"]}]},{\"@type\":\"ImageObject\",\"inLanguage\":\"es\",\"@id\":\"https:\\\/\\\/fgti-distribution.fr\\\/fixation-araymond\\\/araymond-recherche-par-fonction\\\/connecter-tubes-ensembles\\\/#primaryimage\",\"url\":\"https:\\\/\\\/fgti-distribution.fr\\\/FGTI_images\\\/Raccords-tuyaux-caoutchoucs.jpg\",\"contentUrl\":\"https:\\\/\\\/fgti-distribution.fr\\\/FGTI_images\\\/Raccords-tuyaux-caoutchoucs.jpg\"},{\"@type\":\"BreadcrumbList\",\"@id\":\"https:\\\/\\\/fgti-distribution.fr\\\/fixation-araymond\\\/araymond-recherche-par-fonction\\\/connecter-tubes-ensembles\\\/#breadcrumb\",\"itemListElement\":[{\"@type\":\"ListItem\",\"position\":1,\"name\":\"Home\",\"item\":\"https:\\\/\\\/fgti-distribution.fr\\\/\"},{\"@type\":\"ListItem\",\"position\":2,\"name\":\"Fixations ARaymond\",\"item\":\"https:\\\/\\\/fgti-distribution.fr\\\/fixation-araymond\\\/\"},{\"@type\":\"ListItem\",\"position\":3,\"name\":\"ARaymond Recherche par fonction\",\"item\":\"https:\\\/\\\/fgti-distribution.fr\\\/fixation-araymond\\\/araymond-recherche-par-fonction\\\/\"},{\"@type\":\"ListItem\",\"position\":4,\"name\":\"Connecter des tubes ensembles\"}]},{\"@type\":\"WebSite\",\"@id\":\"https:\\\/\\\/fgti-distribution.fr\\\/#website\",\"url\":\"https:\\\/\\\/fgti-distribution.fr\\\/\",\"name\":\"FGTI Distribution\",\"description\":\"Pi\u00e8ces techniques et services \u00e0 forte valeur ajout\u00e9e\",\"publisher\":{\"@id\":\"https:\\\/\\\/fgti-distribution.fr\\\/#organization\"},\"alternateName\":\"FGTI Distribution\",\"potentialAction\":[{\"@type\":\"SearchAction\",\"target\":{\"@type\":\"EntryPoint\",\"urlTemplate\":\"https:\\\/\\\/fgti-distribution.fr\\\/?s={search_term_string}\"},\"query-input\":{\"@type\":\"PropertyValueSpecification\",\"valueRequired\":true,\"valueName\":\"search_term_string\"}}],\"inLanguage\":\"es\"},{\"@type\":\"Organization\",\"@id\":\"https:\\\/\\\/fgti-distribution.fr\\\/#organization\",\"name\":\"FGTI Distribution\",\"alternateName\":\"FGTI Distribution\",\"url\":\"https:\\\/\\\/fgti-distribution.fr\\\/\",\"logo\":{\"@type\":\"ImageObject\",\"inLanguage\":\"es\",\"@id\":\"https:\\\/\\\/fgti-distribution.fr\\\/#\\\/schema\\\/logo\\\/image\\\/\",\"url\":\"https:\\\/\\\/fgti-distribution.fr\\\/wp-content\\\/uploads\\\/2022\\\/12\\\/logo.png\",\"contentUrl\":\"https:\\\/\\\/fgti-distribution.fr\\\/wp-content\\\/uploads\\\/2022\\\/12\\\/logo.png\",\"width\":500,\"height\":228,\"caption\":\"FGTI Distribution\"},\"image\":{\"@id\":\"https:\\\/\\\/fgti-distribution.fr\\\/#\\\/schema\\\/logo\\\/image\\\/\"},\"sameAs\":[\"https:\\\/\\\/www.linkedin.com\\\/company\\\/fgti-distribution\\\/\"]}]}<\/script>\n<!-- \/ Yoast SEO plugin. -->","yoast_head_json":{"title":"FGTI Distribution - Connecter des tubes ensembles","description":"FGTI Distribution - Connecter des tubes ensembles -","robots":{"index":"index","follow":"follow","max-snippet":"max-snippet:-1","max-image-preview":"max-image-preview:large","max-video-preview":"max-video-preview:-1"},"canonical":"https:\/\/fgti-distribution.fr\/es\/fixation-araymond\/araymond-recherche-par-fonction\/connecter-tubes-ensembles\/","og_locale":"es_ES","og_type":"article","og_title":"FGTI Distribution - Connecter des tubes ensembles","og_description":"FGTI Distribution - Connecter des tubes ensembles -","og_url":"https:\/\/fgti-distribution.fr\/es\/fixation-araymond\/araymond-recherche-par-fonction\/connecter-tubes-ensembles\/","og_site_name":"FGTI Distribution","article_modified_time":"2023-02-10T17:42:34+00:00","og_image":[{"url":"https:\/\/fgti-distribution.fr\/FGTI_images\/Raccords-tuyaux-caoutchoucs.jpg","type":"","width":"","height":""}],"twitter_card":"summary_large_image","twitter_misc":{"Est. reading time":"2 minutos"},"schema":{"@context":"https:\/\/schema.org","@graph":[{"@type":"WebPage","@id":"https:\/\/fgti-distribution.fr\/fixation-araymond\/araymond-recherche-par-fonction\/connecter-tubes-ensembles\/","url":"https:\/\/fgti-distribution.fr\/fixation-araymond\/araymond-recherche-par-fonction\/connecter-tubes-ensembles\/","name":"FGTI Distribution - Connecter des tubes ensembles","isPartOf":{"@id":"https:\/\/fgti-distribution.fr\/#website"},"primaryImageOfPage":{"@id":"https:\/\/fgti-distribution.fr\/fixation-araymond\/araymond-recherche-par-fonction\/connecter-tubes-ensembles\/#primaryimage"},"image":{"@id":"https:\/\/fgti-distribution.fr\/fixation-araymond\/araymond-recherche-par-fonction\/connecter-tubes-ensembles\/#primaryimage"},"thumbnailUrl":"https:\/\/fgti-distribution.fr\/FGTI_images\/Raccords-tuyaux-caoutchoucs.jpg","datePublished":"2015-12-16T19:37:12+00:00","dateModified":"2023-02-10T17:42:34+00:00","description":"FGTI Distribution - Connecter des tubes ensembles -","breadcrumb":{"@id":"https:\/\/fgti-distribution.fr\/fixation-araymond\/araymond-recherche-par-fonction\/connecter-tubes-ensembles\/#breadcrumb"},"inLanguage":"es","potentialAction":[{"@type":"ReadAction","target":["https:\/\/fgti-distribution.fr\/fixation-araymond\/araymond-recherche-par-fonction\/connecter-tubes-ensembles\/"]}]},{"@type":"ImageObject","inLanguage":"es","@id":"https:\/\/fgti-distribution.fr\/fixation-araymond\/araymond-recherche-par-fonction\/connecter-tubes-ensembles\/#primaryimage","url":"https:\/\/fgti-distribution.fr\/FGTI_images\/Raccords-tuyaux-caoutchoucs.jpg","contentUrl":"https:\/\/fgti-distribution.fr\/FGTI_images\/Raccords-tuyaux-caoutchoucs.jpg"},{"@type":"BreadcrumbList","@id":"https:\/\/fgti-distribution.fr\/fixation-araymond\/araymond-recherche-par-fonction\/connecter-tubes-ensembles\/#breadcrumb","itemListElement":[{"@type":"ListItem","position":1,"name":"Home","item":"https:\/\/fgti-distribution.fr\/"},{"@type":"ListItem","position":2,"name":"Fixations ARaymond","item":"https:\/\/fgti-distribution.fr\/fixation-araymond\/"},{"@type":"ListItem","position":3,"name":"ARaymond Recherche par fonction","item":"https:\/\/fgti-distribution.fr\/fixation-araymond\/araymond-recherche-par-fonction\/"},{"@type":"ListItem","position":4,"name":"Connecter des tubes ensembles"}]},{"@type":"WebSite","@id":"https:\/\/fgti-distribution.fr\/#website","url":"https:\/\/fgti-distribution.fr\/","name":"Distribuci\u00f3n FGTI","description":"Piezas t\u00e9cnicas y servicios de alto valor a\u00f1adido","publisher":{"@id":"https:\/\/fgti-distribution.fr\/#organization"},"alternateName":"FGTI Distribution","potentialAction":[{"@type":"SearchAction","target":{"@type":"EntryPoint","urlTemplate":"https:\/\/fgti-distribution.fr\/?s={search_term_string}"},"query-input":{"@type":"PropertyValueSpecification","valueRequired":true,"valueName":"search_term_string"}}],"inLanguage":"es"},{"@type":"Organization","@id":"https:\/\/fgti-distribution.fr\/#organization","name":"Distribuci\u00f3n FGTI","alternateName":"FGTI Distribution","url":"https:\/\/fgti-distribution.fr\/","logo":{"@type":"ImageObject","inLanguage":"es","@id":"https:\/\/fgti-distribution.fr\/#\/schema\/logo\/image\/","url":"https:\/\/fgti-distribution.fr\/wp-content\/uploads\/2022\/12\/logo.png","contentUrl":"https:\/\/fgti-distribution.fr\/wp-content\/uploads\/2022\/12\/logo.png","width":500,"height":228,"caption":"FGTI Distribution"},"image":{"@id":"https:\/\/fgti-distribution.fr\/#\/schema\/logo\/image\/"},"sameAs":["https:\/\/www.linkedin.com\/company\/fgti-distribution\/"]}]}},"_links":{"self":[{"href":"https:\/\/fgti-distribution.fr\/es\/wp-json\/wp\/v2\/pages\/3680","targetHints":{"allow":["GET"]}}],"collection":[{"href":"https:\/\/fgti-distribution.fr\/es\/wp-json\/wp\/v2\/pages"}],"about":[{"href":"https:\/\/fgti-distribution.fr\/es\/wp-json\/wp\/v2\/types\/page"}],"author":[{"embeddable":true,"href":"https:\/\/fgti-distribution.fr\/es\/wp-json\/wp\/v2\/users\/1"}],"replies":[{"embeddable":true,"href":"https:\/\/fgti-distribution.fr\/es\/wp-json\/wp\/v2\/comments?post=3680"}],"version-history":[{"count":1,"href":"https:\/\/fgti-distribution.fr\/es\/wp-json\/wp\/v2\/pages\/3680\/revisions"}],"predecessor-version":[{"id":7397,"href":"https:\/\/fgti-distribution.fr\/es\/wp-json\/wp\/v2\/pages\/3680\/revisions\/7397"}],"up":[{"embeddable":true,"href":"https:\/\/fgti-distribution.fr\/es\/wp-json\/wp\/v2\/pages\/3519"}],"wp:attachment":[{"href":"https:\/\/fgti-distribution.fr\/es\/wp-json\/wp\/v2\/media?parent=3680"}],"curies":[{"name":"wp","href":"https:\/\/api.w.org\/{rel}","templated":true}]}}