{"id":3701,"date":"2015-12-17T19:50:51","date_gmt":"2015-12-17T19:50:51","guid":{"rendered":"https:\/\/fgti-distribution.fr\/?page_id=3701"},"modified":"2024-02-12T13:11:38","modified_gmt":"2024-02-12T13:11:38","slug":"fixations-arbre-goujon-tige-palnuts","status":"publish","type":"page","link":"https:\/\/fgti-distribution.fr\/es\/fixation-araymond\/fixations-arbre-goujon-tige-palnuts\/","title":{"rendered":"Palnuts fixations arbre, goujon, tige"},"content":{"rendered":"<section data-bb-version=\"4.8.1\" id=\"bt_bb_section69d036eeee34e\" class=\"bt_bb_section bt_bb_layout_boxed_1200\"  data-bt-override-class=\"null\"><div class=\"bt_bb_port\"><div class=\"bt_bb_cell\"><div class=\"bt_bb_cell_inner\"><div class=\"bt_bb_row\"  data-bt-override-class=\"{}\"><div class=\"bt_bb_row_holder\" ><div data-bb-version=\"4.8.1\"  class=\"bt_bb_column col-xxl-12 col-xl-12 col-xs-12 col-sm-12 col-md-12 col-lg-12 bt_bb_vertical_align_top bt_bb_align_left bt_bb_padding_normal\" style=\"; --column-width:12;\" data-width=\"12\" data-bt-override-class=\"{}\"><div class=\"bt_bb_column_content\"><div class=\"bt_bb_column_content_inner\"><div class=\"bt_bb_raw_content\"><div style=\"color: #bababa;font-size: 12px;margin-bottom: 20px\">FGTI-Distribution > Fixations ARaymond > Fiches techniques d\u00e9taill\u00e9es > Arr\u00eats d'axe d\u00e9coratifs Palnuts\u00ae > Palnuts\u00ae<\/div>\nLa famille de Palnuts\u00ae propos\u00e9e par ARaymond Industrial se fixe sur un arbre, un goujon, ou une tige lisse afin d'obtenir une meilleure finition de vos produits.\n<br \/><br \/>\nFGTI Distribution, sp\u00e9cialiste en solutions de fixation et assemblage et distributeur officiel de la marque ARaymond: nous vous proposons ci-dessous les fiches techniques d\u00e9taill\u00e9es des solutions Palnuts\u00ae A Raymond\n<br \/>\n<br \/>\n<div style=\"text-align: center;border: 0 none;color: white;background-color: #888888;padding: 5px;width: 100%\">\n<h2>PALNUTS\u00ae<\/h2>\n<\/div>\n<br \/>\n<br \/><\/div><div data-bb-version=\"4.8.1\" class=\"bt_bb_row_inner\"   data-bt-override-class=\"{}\"><div class=\"bt_bb_row_inner_holder\"  ><div data-bb-version=\"4.8.1\"  class=\"bt_bb_column_inner col-xxl-4 col-xl-4 col-xs-12 col-sm-12 col-md-12 col-lg-4 bt_bb_vertical_align_top bt_bb_align_left bt_bb_padding_normal\"  data-width=\"4\" data-bt-override-class=\"{}\"><div class=\"bt_bb_column_inner_content\"><div class=\"bt_bb_column_inner_content_inner\"><div class=\"bt_bb_raw_content\"><a href=\"\/es\/fixation-araymond\/arrets-daxe-decoratifs-metallique\/\">\n<img decoding=\"async\" src=\"\/wp-content\/img\/Arrets-daxe-Metallique.jpg\" alt=\"Arrets d'axe m\u00e9tallique\" style=\"padding: 0 40px;width: 100%\">\n<\/a>\n<p style=\"text-align: center\"><strong>Arr\u00eat d'axe m\u00e9tallique d\u00e9coratif - Palnuts\u00ae<\/strong><\/p><\/div><\/div><\/div><\/div><div data-bb-version=\"4.8.1\"  class=\"bt_bb_column_inner col-xxl-4 col-xl-4 col-xs-12 col-sm-12 col-md-12 col-lg-4 bt_bb_vertical_align_top bt_bb_align_left bt_bb_padding_normal\"  data-width=\"4\" data-bt-override-class=\"{}\"><div class=\"bt_bb_column_inner_content\"><div class=\"bt_bb_column_inner_content_inner\"><div class=\"bt_bb_raw_content\"><a href=\"\/es\/fixation-araymond\/arrets-daxe-decoratifs-metalloplastique\/\">\n<img decoding=\"async\" src=\"\/wp-content\/img\/Arrets-daxe-Metalloplastique.jpg\" alt=\"Arr\u00eats d'axe m\u00e9talloplastique\" style=\"padding: 0 40px;width: 100%\">\n<\/a>\n<p style=\"text-align: center\"><strong>Arr\u00eat d'axe m\u00e9talloplastique d\u00e9coratif - Palnuts\u00ae<\/strong><\/p><\/div><\/div><\/div><\/div><div data-bb-version=\"4.8.1\"  class=\"bt_bb_column_inner col-xxl-4 col-xl-4 col-xs-12 col-sm-12 col-md-12 col-lg-4 bt_bb_vertical_align_top bt_bb_align_left bt_bb_padding_normal\"  data-width=\"4\" data-bt-override-class=\"{}\"><div class=\"bt_bb_column_inner_content\"><div class=\"bt_bb_column_inner_content_inner\"><\/div><\/div><\/div><\/div><\/div><\/div><\/div><\/div><\/div><\/div><\/div><!-- cell_inner --><\/div><!-- cell --><\/div><!-- port --><\/section>","protected":false},"excerpt":{"rendered":"","protected":false},"author":1,"featured_media":0,"parent":10,"menu_order":0,"comment_status":"closed","ping_status":"closed","template":"","meta":{"footnotes":""},"class_list":["post-3701","page","type-page","status-publish","hentry"],"yoast_head":"<!-- This site is optimized with the Yoast SEO plugin v27.3 - https:\/\/yoast.com\/product\/yoast-seo-wordpress\/ -->\n<title>Arr\u00eat d&#039;axe m\u00e9tal d\u00e9coratif A Raymond - FGTI Distribution<\/title>\n<meta name=\"description\" content=\"FGTI, sp\u00e9cialiste en solutions de fixation et assemblage vous pr\u00e9sente les mod\u00e8les Arr\u00eat d&#039;axe m\u00e9tal A Raymond. N&#039;h\u00e9sitez pas \u00e0 nous contacter.\" \/>\n<meta name=\"robots\" content=\"index, follow, max-snippet:-1, max-image-preview:large, max-video-preview:-1\" \/>\n<link rel=\"canonical\" href=\"https:\/\/fgti-distribution.fr\/es\/fixation-araymond\/fixations-arbre-goujon-tige-palnuts\/\" \/>\n<meta property=\"og:locale\" content=\"es_ES\" \/>\n<meta property=\"og:type\" content=\"article\" \/>\n<meta property=\"og:title\" content=\"Arr\u00eat d&#039;axe m\u00e9tal d\u00e9coratif A Raymond - FGTI Distribution\" \/>\n<meta property=\"og:description\" content=\"FGTI, sp\u00e9cialiste en solutions de fixation et assemblage vous pr\u00e9sente les mod\u00e8les Arr\u00eat d&#039;axe m\u00e9tal A Raymond. N&#039;h\u00e9sitez pas \u00e0 nous contacter.\" \/>\n<meta property=\"og:url\" content=\"https:\/\/fgti-distribution.fr\/es\/fixation-araymond\/fixations-arbre-goujon-tige-palnuts\/\" \/>\n<meta property=\"og:site_name\" content=\"FGTI Distribution\" \/>\n<meta property=\"article:modified_time\" content=\"2024-02-12T13:11:38+00:00\" \/>\n<meta name=\"twitter:card\" content=\"summary_large_image\" \/>\n<meta name=\"twitter:label1\" content=\"Est. reading time\" \/>\n\t<meta name=\"twitter:data1\" content=\"1 minuto\" \/>\n<script type=\"application\/ld+json\" class=\"yoast-schema-graph\">{\"@context\":\"https:\\\/\\\/schema.org\",\"@graph\":[{\"@type\":\"WebPage\",\"@id\":\"https:\\\/\\\/fgti-distribution.fr\\\/fixation-araymond\\\/fixations-arbre-goujon-tige-palnuts\\\/\",\"url\":\"https:\\\/\\\/fgti-distribution.fr\\\/fixation-araymond\\\/fixations-arbre-goujon-tige-palnuts\\\/\",\"name\":\"Arr\u00eat d'axe m\u00e9tal d\u00e9coratif A Raymond - FGTI Distribution\",\"isPartOf\":{\"@id\":\"https:\\\/\\\/fgti-distribution.fr\\\/#website\"},\"datePublished\":\"2015-12-17T19:50:51+00:00\",\"dateModified\":\"2024-02-12T13:11:38+00:00\",\"description\":\"FGTI, sp\u00e9cialiste en solutions de fixation et assemblage vous pr\u00e9sente les mod\u00e8les Arr\u00eat d'axe m\u00e9tal A Raymond. N'h\u00e9sitez pas \u00e0 nous contacter.\",\"breadcrumb\":{\"@id\":\"https:\\\/\\\/fgti-distribution.fr\\\/fixation-araymond\\\/fixations-arbre-goujon-tige-palnuts\\\/#breadcrumb\"},\"inLanguage\":\"es\",\"potentialAction\":[{\"@type\":\"ReadAction\",\"target\":[\"https:\\\/\\\/fgti-distribution.fr\\\/fixation-araymond\\\/fixations-arbre-goujon-tige-palnuts\\\/\"]}]},{\"@type\":\"BreadcrumbList\",\"@id\":\"https:\\\/\\\/fgti-distribution.fr\\\/fixation-araymond\\\/fixations-arbre-goujon-tige-palnuts\\\/#breadcrumb\",\"itemListElement\":[{\"@type\":\"ListItem\",\"position\":1,\"name\":\"Home\",\"item\":\"https:\\\/\\\/fgti-distribution.fr\\\/\"},{\"@type\":\"ListItem\",\"position\":2,\"name\":\"Fixations ARaymond\",\"item\":\"https:\\\/\\\/fgti-distribution.fr\\\/fixation-araymond\\\/\"},{\"@type\":\"ListItem\",\"position\":3,\"name\":\"Palnuts fixations arbre, goujon, tige\"}]},{\"@type\":\"WebSite\",\"@id\":\"https:\\\/\\\/fgti-distribution.fr\\\/#website\",\"url\":\"https:\\\/\\\/fgti-distribution.fr\\\/\",\"name\":\"FGTI Distribution\",\"description\":\"Pi\u00e8ces techniques et services \u00e0 forte valeur ajout\u00e9e\",\"publisher\":{\"@id\":\"https:\\\/\\\/fgti-distribution.fr\\\/#organization\"},\"alternateName\":\"FGTI Distribution\",\"potentialAction\":[{\"@type\":\"SearchAction\",\"target\":{\"@type\":\"EntryPoint\",\"urlTemplate\":\"https:\\\/\\\/fgti-distribution.fr\\\/?s={search_term_string}\"},\"query-input\":{\"@type\":\"PropertyValueSpecification\",\"valueRequired\":true,\"valueName\":\"search_term_string\"}}],\"inLanguage\":\"es\"},{\"@type\":\"Organization\",\"@id\":\"https:\\\/\\\/fgti-distribution.fr\\\/#organization\",\"name\":\"FGTI Distribution\",\"alternateName\":\"FGTI Distribution\",\"url\":\"https:\\\/\\\/fgti-distribution.fr\\\/\",\"logo\":{\"@type\":\"ImageObject\",\"inLanguage\":\"es\",\"@id\":\"https:\\\/\\\/fgti-distribution.fr\\\/#\\\/schema\\\/logo\\\/image\\\/\",\"url\":\"https:\\\/\\\/fgti-distribution.fr\\\/wp-content\\\/uploads\\\/2022\\\/12\\\/logo.png\",\"contentUrl\":\"https:\\\/\\\/fgti-distribution.fr\\\/wp-content\\\/uploads\\\/2022\\\/12\\\/logo.png\",\"width\":500,\"height\":228,\"caption\":\"FGTI Distribution\"},\"image\":{\"@id\":\"https:\\\/\\\/fgti-distribution.fr\\\/#\\\/schema\\\/logo\\\/image\\\/\"},\"sameAs\":[\"https:\\\/\\\/www.linkedin.com\\\/company\\\/fgti-distribution\\\/\"]}]}<\/script>\n<!-- \/ Yoast SEO plugin. -->","yoast_head_json":{"title":"Arr\u00eat d'axe m\u00e9tal d\u00e9coratif A Raymond - FGTI Distribution","description":"FGTI, sp\u00e9cialiste en solutions de fixation et assemblage vous pr\u00e9sente les mod\u00e8les Arr\u00eat d'axe m\u00e9tal A Raymond. N'h\u00e9sitez pas \u00e0 nous contacter.","robots":{"index":"index","follow":"follow","max-snippet":"max-snippet:-1","max-image-preview":"max-image-preview:large","max-video-preview":"max-video-preview:-1"},"canonical":"https:\/\/fgti-distribution.fr\/es\/fixation-araymond\/fixations-arbre-goujon-tige-palnuts\/","og_locale":"es_ES","og_type":"article","og_title":"Arr\u00eat d'axe m\u00e9tal d\u00e9coratif A Raymond - FGTI Distribution","og_description":"FGTI, sp\u00e9cialiste en solutions de fixation et assemblage vous pr\u00e9sente les mod\u00e8les Arr\u00eat d'axe m\u00e9tal A Raymond. N'h\u00e9sitez pas \u00e0 nous contacter.","og_url":"https:\/\/fgti-distribution.fr\/es\/fixation-araymond\/fixations-arbre-goujon-tige-palnuts\/","og_site_name":"FGTI Distribution","article_modified_time":"2024-02-12T13:11:38+00:00","twitter_card":"summary_large_image","twitter_misc":{"Est. reading time":"1 minuto"},"schema":{"@context":"https:\/\/schema.org","@graph":[{"@type":"WebPage","@id":"https:\/\/fgti-distribution.fr\/fixation-araymond\/fixations-arbre-goujon-tige-palnuts\/","url":"https:\/\/fgti-distribution.fr\/fixation-araymond\/fixations-arbre-goujon-tige-palnuts\/","name":"Arr\u00eat d'axe m\u00e9tal d\u00e9coratif A Raymond - FGTI Distribution","isPartOf":{"@id":"https:\/\/fgti-distribution.fr\/#website"},"datePublished":"2015-12-17T19:50:51+00:00","dateModified":"2024-02-12T13:11:38+00:00","description":"FGTI, sp\u00e9cialiste en solutions de fixation et assemblage vous pr\u00e9sente les mod\u00e8les Arr\u00eat d'axe m\u00e9tal A Raymond. N'h\u00e9sitez pas \u00e0 nous contacter.","breadcrumb":{"@id":"https:\/\/fgti-distribution.fr\/fixation-araymond\/fixations-arbre-goujon-tige-palnuts\/#breadcrumb"},"inLanguage":"es","potentialAction":[{"@type":"ReadAction","target":["https:\/\/fgti-distribution.fr\/fixation-araymond\/fixations-arbre-goujon-tige-palnuts\/"]}]},{"@type":"BreadcrumbList","@id":"https:\/\/fgti-distribution.fr\/fixation-araymond\/fixations-arbre-goujon-tige-palnuts\/#breadcrumb","itemListElement":[{"@type":"ListItem","position":1,"name":"Home","item":"https:\/\/fgti-distribution.fr\/"},{"@type":"ListItem","position":2,"name":"Fixations ARaymond","item":"https:\/\/fgti-distribution.fr\/fixation-araymond\/"},{"@type":"ListItem","position":3,"name":"Palnuts fixations arbre, goujon, tige"}]},{"@type":"WebSite","@id":"https:\/\/fgti-distribution.fr\/#website","url":"https:\/\/fgti-distribution.fr\/","name":"Distribuci\u00f3n FGTI","description":"Piezas t\u00e9cnicas y servicios de alto valor a\u00f1adido","publisher":{"@id":"https:\/\/fgti-distribution.fr\/#organization"},"alternateName":"FGTI Distribution","potentialAction":[{"@type":"SearchAction","target":{"@type":"EntryPoint","urlTemplate":"https:\/\/fgti-distribution.fr\/?s={search_term_string}"},"query-input":{"@type":"PropertyValueSpecification","valueRequired":true,"valueName":"search_term_string"}}],"inLanguage":"es"},{"@type":"Organization","@id":"https:\/\/fgti-distribution.fr\/#organization","name":"Distribuci\u00f3n FGTI","alternateName":"FGTI Distribution","url":"https:\/\/fgti-distribution.fr\/","logo":{"@type":"ImageObject","inLanguage":"es","@id":"https:\/\/fgti-distribution.fr\/#\/schema\/logo\/image\/","url":"https:\/\/fgti-distribution.fr\/wp-content\/uploads\/2022\/12\/logo.png","contentUrl":"https:\/\/fgti-distribution.fr\/wp-content\/uploads\/2022\/12\/logo.png","width":500,"height":228,"caption":"FGTI Distribution"},"image":{"@id":"https:\/\/fgti-distribution.fr\/#\/schema\/logo\/image\/"},"sameAs":["https:\/\/www.linkedin.com\/company\/fgti-distribution\/"]}]}},"_links":{"self":[{"href":"https:\/\/fgti-distribution.fr\/es\/wp-json\/wp\/v2\/pages\/3701","targetHints":{"allow":["GET"]}}],"collection":[{"href":"https:\/\/fgti-distribution.fr\/es\/wp-json\/wp\/v2\/pages"}],"about":[{"href":"https:\/\/fgti-distribution.fr\/es\/wp-json\/wp\/v2\/types\/page"}],"author":[{"embeddable":true,"href":"https:\/\/fgti-distribution.fr\/es\/wp-json\/wp\/v2\/users\/1"}],"replies":[{"embeddable":true,"href":"https:\/\/fgti-distribution.fr\/es\/wp-json\/wp\/v2\/comments?post=3701"}],"version-history":[{"count":7,"href":"https:\/\/fgti-distribution.fr\/es\/wp-json\/wp\/v2\/pages\/3701\/revisions"}],"predecessor-version":[{"id":9223,"href":"https:\/\/fgti-distribution.fr\/es\/wp-json\/wp\/v2\/pages\/3701\/revisions\/9223"}],"up":[{"embeddable":true,"href":"https:\/\/fgti-distribution.fr\/es\/wp-json\/wp\/v2\/pages\/10"}],"wp:attachment":[{"href":"https:\/\/fgti-distribution.fr\/es\/wp-json\/wp\/v2\/media?parent=3701"}],"curies":[{"name":"wp","href":"https:\/\/api.w.org\/{rel}","templated":true}]}}