{"id":373,"date":"2012-05-19T14:33:56","date_gmt":"2012-05-19T14:33:56","guid":{"rendered":"https:\/\/fgti-distribution.fr\/?page_id=373"},"modified":"2023-07-05T12:02:58","modified_gmt":"2023-07-05T12:02:58","slug":"idg","status":"publish","type":"page","link":"https:\/\/fgti-distribution.fr\/es\/joints-detancheite\/idg\/","title":{"rendered":"IDG"},"content":{"rendered":"<section id=\"bt_bb_section69eac1bca233a\" class=\"bt_bb_section bt_bb_layout_boxed_1200\"  data-bt-override-class=\"null\"><div class=\"bt_bb_port\"><div class=\"bt_bb_cell\"><div class=\"bt_bb_cell_inner\"><div class=\"bt_bb_row\"  data-bt-override-class=\"{}\"><div class=\"bt_bb_row_holder\" ><div  class=\"bt_bb_column col-xxl-9 col-xl-9 col-xs-12 col-sm-12 col-md-12 col-lg-9 bt_bb_vertical_align_top bt_bb_align_left bt_bb_padding_normal\" style=\"; --column-width:9;\" data-width=\"9\" data-bt-override-class=\"{}\"><div class=\"bt_bb_column_content\"><div class=\"bt_bb_column_content_inner\"><div class=\"bt_bb_raw_content\"><div id=\"pl-373\" class=\"panel-layout\">\n<div id=\"pg-373-0\" class=\"panel-grid panel-no-style\">\n<div id=\"pgc-373-0-0\" class=\"panel-grid-cell\" data-weight=\"1\">\n<div id=\"panel-373-0-0-0\" class=\"so-panel widget widget_text panel-first-child panel-last-child\" data-index=\"0\" data-style=\"{\"background_display\":\"tile\"}\">\n<div class=\"textwidget\">\n<div style=\"color: #bababa; font-size: 12px; margin-bottom: 20px;\">FGTI-Distribuci\u00f3n &gt; Juntas de estanqueidad &gt; IDG<\/div>\n<\/div>\n<\/div>\n<\/div>\n<\/div>\n<div id=\"pg-373-1\" class=\"panel-grid panel-no-style\" data-style=\"{\"background_display\":\"tile\"}\">\n<div id=\"pgc-373-1-0\" class=\"panel-grid-cell\" data-weight=\"0.8\">\n<div id=\"panel-373-1-0-0\" class=\"so-panel widget widget_text panel-first-child panel-last-child\" data-index=\"1\" data-style=\"{\"background_image_attachment\":false,\"background_display\":\"tile\"}\">\n<div class=\"textwidget\">\n\nLa Soci\u00e9t\u00e9 IDG fue fundada en 1971 en Stuttgart, Alemania. Dise\u00f1a y fabrica juntas de estanqueidad para los campos de la construcci\u00f3n mec\u00e1nica, la energ\u00eda, la industria agroalimentaria y la del papel.\n<p style=\"font-weight: bold; margin-bottom: 5px;\">La elecci\u00f3n de materiales de alto rendimiento<\/p>\nAtendiendo a sus clientes y constatando las propiedades limitadas de los anillos t\u00f3ricos de elast\u00f3mero, IDG ha implementado una fuerte pol\u00edtica de innovaci\u00f3n para crear productos a\u00fan m\u00e1s eficientes. IDG ha desarrollado simult\u00e1neamente nuevos perfiles de juntas, donde el elast\u00f3mero act\u00faa como elemento de precarga, pero tambi\u00e9n nuevos materiales, principalmente de matriz de PTFE (politetrafluoroetileno). Las propiedades del PTFE y, sobre todo, su coeficiente de fricci\u00f3n extremadamente bajo aportan una vida \u00fatil excepcional a las juntas IDG.\n<p style=\"font-weight: bold; margin-bottom: 5px;\">El arte de adaptarse<\/p>\nMediante la creaci\u00f3n de sus propios materiales y perfiles, IDG ha desarrollado una experiencia \u00fanica que permite adaptarse a todas las aplicaciones, desde las m\u00e1s sencillas hasta las m\u00e1s complejas. La mayor\u00eda de las juntas se fabrican a partir de piezas en bruto mecanizadas, lo que proporciona una total flexibilidad de fabricaci\u00f3n. Este proceso a medida permite una perfecta adaptabilidad de la junta a la aplicaci\u00f3n:\n- Por el material\n- Por el perfil\n- Por las dimensiones\n\nIDG es distribuido exclusivamente en Francia por FGTI distribution.\n\n<\/div>\n<\/div>\n<\/div>\n<div id=\"pgc-373-1-1\" class=\"panel-grid-cell\" data-weight=\"0.2\">\n<div id=\"panel-373-1-1-0\" class=\"so-panel widget widget_text panel-first-child panel-last-child\" data-index=\"2\" data-style=\"{\"background_image_attachment\":false,\"background_display\":\"tile\"}\">\n\n<\/div>\n<\/div>\n<\/div>\n<\/div><\/div><\/div><\/div><\/div><div  class=\"bt_bb_column col-xxl-3 col-xl-3 col-xs-12 col-sm-12 col-md-12 col-lg-3 bt_bb_vertical_align_middle bt_bb_align_left bt_bb_padding_normal\" style=\"; --column-width:3;\" data-width=\"3\" data-bt-override-class=\"{&quot;bt_bb_align_&quot;:{&quot;current_class&quot;:&quot;bt_bb_align_left&quot;,&quot;def&quot;:&quot;left&quot;,&quot;xl&quot;:&quot;left&quot;},&quot;bt_bb_padding_&quot;:{&quot;current_class&quot;:&quot;bt_bb_padding_normal&quot;,&quot;def&quot;:&quot;normal&quot;,&quot;xl&quot;:&quot;normal&quot;}}\"><div class=\"bt_bb_column_content\"><div class=\"bt_bb_column_content_inner\"><div class=\"bt_bb_raw_content\"><div class=\"textwidget\"><img decoding=\"async\" style=\"float: right;\" src=\"https:\/\/fgti-distribution.fr\/wp-content\/themes\/twentyeleven\/images\/label-idg.png\" \/><\/div><\/div><\/div><\/div><\/div><\/div><\/div><\/div><!-- cell_inner --><\/div><!-- cell --><\/div><!-- port --><\/section>","protected":false},"excerpt":{"rendered":"","protected":false},"author":1,"featured_media":7140,"parent":8,"menu_order":1,"comment_status":"closed","ping_status":"closed","template":"","meta":{"footnotes":""},"class_list":["post-373","page","type-page","status-publish","has-post-thumbnail","hentry"],"yoast_head":"<!-- This site is optimized with the Yoast SEO plugin v27.3 - https:\/\/yoast.com\/product\/yoast-seo-wordpress\/ -->\n<title>Joints d\u2019\u00e9tanch\u00e9it\u00e9 IDG -<\/title>\n<meta name=\"description\" content=\"IDG, sp\u00e9cialiste des joints d&#039;\u00e9tanch\u00e9it\u00e9 depuis 1971, est exclusivement distribu\u00e9 en France par FGTI distribution.\" \/>\n<meta name=\"robots\" content=\"index, follow, max-snippet:-1, max-image-preview:large, max-video-preview:-1\" \/>\n<link rel=\"canonical\" href=\"https:\/\/fgti-distribution.fr\/es\/juntas-de-estanqueidad\/idg\/\" \/>\n<meta property=\"og:locale\" content=\"es_ES\" \/>\n<meta property=\"og:type\" content=\"article\" \/>\n<meta property=\"og:title\" content=\"Joints d\u2019\u00e9tanch\u00e9it\u00e9 IDG -\" \/>\n<meta property=\"og:description\" content=\"IDG, sp\u00e9cialiste des joints d&#039;\u00e9tanch\u00e9it\u00e9 depuis 1971, est exclusivement distribu\u00e9 en France par FGTI distribution.\" \/>\n<meta property=\"og:url\" content=\"https:\/\/fgti-distribution.fr\/es\/juntas-de-estanqueidad\/idg\/\" \/>\n<meta property=\"og:site_name\" content=\"FGTI Distribution\" \/>\n<meta property=\"article:modified_time\" content=\"2023-07-05T12:02:58+00:00\" \/>\n<meta property=\"og:image\" content=\"https:\/\/fgti-distribution.fr\/wp-content\/uploads\/2023\/02\/fgti-distribution-idg-etancheite.jpg\" \/>\n\t<meta property=\"og:image:width\" content=\"1600\" \/>\n\t<meta property=\"og:image:height\" content=\"430\" \/>\n\t<meta property=\"og:image:type\" content=\"image\/jpeg\" \/>\n<meta name=\"twitter:card\" content=\"summary_large_image\" \/>\n<meta name=\"twitter:label1\" content=\"Est. reading time\" \/>\n\t<meta name=\"twitter:data1\" content=\"1 minuto\" \/>\n<script type=\"application\/ld+json\" class=\"yoast-schema-graph\">{\"@context\":\"https:\\\/\\\/schema.org\",\"@graph\":[{\"@type\":\"WebPage\",\"@id\":\"https:\\\/\\\/fgti-distribution.fr\\\/joints-detancheite\\\/idg\\\/\",\"url\":\"https:\\\/\\\/fgti-distribution.fr\\\/joints-detancheite\\\/idg\\\/\",\"name\":\"Joints d\u2019\u00e9tanch\u00e9it\u00e9 IDG -\",\"isPartOf\":{\"@id\":\"https:\\\/\\\/fgti-distribution.fr\\\/#website\"},\"primaryImageOfPage\":{\"@id\":\"https:\\\/\\\/fgti-distribution.fr\\\/joints-detancheite\\\/idg\\\/#primaryimage\"},\"image\":{\"@id\":\"https:\\\/\\\/fgti-distribution.fr\\\/joints-detancheite\\\/idg\\\/#primaryimage\"},\"thumbnailUrl\":\"https:\\\/\\\/fgti-distribution.fr\\\/wp-content\\\/uploads\\\/2023\\\/02\\\/fgti-distribution-idg-etancheite.jpg\",\"datePublished\":\"2012-05-19T14:33:56+00:00\",\"dateModified\":\"2023-07-05T12:02:58+00:00\",\"description\":\"IDG, sp\u00e9cialiste des joints d'\u00e9tanch\u00e9it\u00e9 depuis 1971, est exclusivement distribu\u00e9 en France par FGTI distribution.\",\"breadcrumb\":{\"@id\":\"https:\\\/\\\/fgti-distribution.fr\\\/joints-detancheite\\\/idg\\\/#breadcrumb\"},\"inLanguage\":\"es\",\"potentialAction\":[{\"@type\":\"ReadAction\",\"target\":[\"https:\\\/\\\/fgti-distribution.fr\\\/joints-detancheite\\\/idg\\\/\"]}]},{\"@type\":\"ImageObject\",\"inLanguage\":\"es\",\"@id\":\"https:\\\/\\\/fgti-distribution.fr\\\/joints-detancheite\\\/idg\\\/#primaryimage\",\"url\":\"https:\\\/\\\/fgti-distribution.fr\\\/wp-content\\\/uploads\\\/2023\\\/02\\\/fgti-distribution-idg-etancheite.jpg\",\"contentUrl\":\"https:\\\/\\\/fgti-distribution.fr\\\/wp-content\\\/uploads\\\/2023\\\/02\\\/fgti-distribution-idg-etancheite.jpg\",\"width\":1600,\"height\":430,\"caption\":\"fgti distribution idg \u00e9tanch\u00e9it\u00e9\"},{\"@type\":\"BreadcrumbList\",\"@id\":\"https:\\\/\\\/fgti-distribution.fr\\\/joints-detancheite\\\/idg\\\/#breadcrumb\",\"itemListElement\":[{\"@type\":\"ListItem\",\"position\":1,\"name\":\"Home\",\"item\":\"https:\\\/\\\/fgti-distribution.fr\\\/\"},{\"@type\":\"ListItem\",\"position\":2,\"name\":\"Joints d&rsquo;\u00e9tanch\u00e9it\u00e9\",\"item\":\"https:\\\/\\\/fgti-distribution.fr\\\/joints-detancheite\\\/\"},{\"@type\":\"ListItem\",\"position\":3,\"name\":\"IDG\"}]},{\"@type\":\"WebSite\",\"@id\":\"https:\\\/\\\/fgti-distribution.fr\\\/#website\",\"url\":\"https:\\\/\\\/fgti-distribution.fr\\\/\",\"name\":\"FGTI Distribution\",\"description\":\"Pi\u00e8ces techniques et services \u00e0 forte valeur ajout\u00e9e\",\"publisher\":{\"@id\":\"https:\\\/\\\/fgti-distribution.fr\\\/#organization\"},\"alternateName\":\"FGTI Distribution\",\"potentialAction\":[{\"@type\":\"SearchAction\",\"target\":{\"@type\":\"EntryPoint\",\"urlTemplate\":\"https:\\\/\\\/fgti-distribution.fr\\\/?s={search_term_string}\"},\"query-input\":{\"@type\":\"PropertyValueSpecification\",\"valueRequired\":true,\"valueName\":\"search_term_string\"}}],\"inLanguage\":\"es\"},{\"@type\":\"Organization\",\"@id\":\"https:\\\/\\\/fgti-distribution.fr\\\/#organization\",\"name\":\"FGTI Distribution\",\"alternateName\":\"FGTI Distribution\",\"url\":\"https:\\\/\\\/fgti-distribution.fr\\\/\",\"logo\":{\"@type\":\"ImageObject\",\"inLanguage\":\"es\",\"@id\":\"https:\\\/\\\/fgti-distribution.fr\\\/#\\\/schema\\\/logo\\\/image\\\/\",\"url\":\"https:\\\/\\\/fgti-distribution.fr\\\/wp-content\\\/uploads\\\/2022\\\/12\\\/logo.png\",\"contentUrl\":\"https:\\\/\\\/fgti-distribution.fr\\\/wp-content\\\/uploads\\\/2022\\\/12\\\/logo.png\",\"width\":500,\"height\":228,\"caption\":\"FGTI Distribution\"},\"image\":{\"@id\":\"https:\\\/\\\/fgti-distribution.fr\\\/#\\\/schema\\\/logo\\\/image\\\/\"},\"sameAs\":[\"https:\\\/\\\/www.linkedin.com\\\/company\\\/fgti-distribution\\\/\"]}]}<\/script>\n<!-- \/ Yoast SEO plugin. -->","yoast_head_json":{"title":"Juntas de estanqueidad IDG -","description":"IDG, especialista en juntas de estanqueidad desde 1971, es distribuido exclusivamente en Francia por FGTI distribution.","robots":{"index":"index","follow":"follow","max-snippet":"max-snippet:-1","max-image-preview":"max-image-preview:large","max-video-preview":"max-video-preview:-1"},"canonical":"https:\/\/fgti-distribution.fr\/es\/juntas-de-estanqueidad\/idg\/","og_locale":"es_ES","og_type":"article","og_title":"Joints d\u2019\u00e9tanch\u00e9it\u00e9 IDG -","og_description":"IDG, sp\u00e9cialiste des joints d'\u00e9tanch\u00e9it\u00e9 depuis 1971, est exclusivement distribu\u00e9 en France par FGTI distribution.","og_url":"https:\/\/fgti-distribution.fr\/es\/juntas-de-estanqueidad\/idg\/","og_site_name":"FGTI Distribution","article_modified_time":"2023-07-05T12:02:58+00:00","og_image":[{"width":1600,"height":430,"url":"https:\/\/fgti-distribution.fr\/wp-content\/uploads\/2023\/02\/fgti-distribution-idg-etancheite.jpg","type":"image\/jpeg"}],"twitter_card":"summary_large_image","twitter_misc":{"Est. reading time":"1 minuto"},"schema":{"@context":"https:\/\/schema.org","@graph":[{"@type":"WebPage","@id":"https:\/\/fgti-distribution.fr\/joints-detancheite\/idg\/","url":"https:\/\/fgti-distribution.fr\/joints-detancheite\/idg\/","name":"Juntas de estanqueidad IDG -","isPartOf":{"@id":"https:\/\/fgti-distribution.fr\/#website"},"primaryImageOfPage":{"@id":"https:\/\/fgti-distribution.fr\/joints-detancheite\/idg\/#primaryimage"},"image":{"@id":"https:\/\/fgti-distribution.fr\/joints-detancheite\/idg\/#primaryimage"},"thumbnailUrl":"https:\/\/fgti-distribution.fr\/wp-content\/uploads\/2023\/02\/fgti-distribution-idg-etancheite.jpg","datePublished":"2012-05-19T14:33:56+00:00","dateModified":"2023-07-05T12:02:58+00:00","description":"IDG, especialista en juntas de estanqueidad desde 1971, es distribuido exclusivamente en Francia por FGTI distribution.","breadcrumb":{"@id":"https:\/\/fgti-distribution.fr\/joints-detancheite\/idg\/#breadcrumb"},"inLanguage":"es","potentialAction":[{"@type":"ReadAction","target":["https:\/\/fgti-distribution.fr\/joints-detancheite\/idg\/"]}]},{"@type":"ImageObject","inLanguage":"es","@id":"https:\/\/fgti-distribution.fr\/joints-detancheite\/idg\/#primaryimage","url":"https:\/\/fgti-distribution.fr\/wp-content\/uploads\/2023\/02\/fgti-distribution-idg-etancheite.jpg","contentUrl":"https:\/\/fgti-distribution.fr\/wp-content\/uploads\/2023\/02\/fgti-distribution-idg-etancheite.jpg","width":1600,"height":430,"caption":"fgti distribution idg \u00e9tanch\u00e9it\u00e9"},{"@type":"BreadcrumbList","@id":"https:\/\/fgti-distribution.fr\/joints-detancheite\/idg\/#breadcrumb","itemListElement":[{"@type":"ListItem","position":1,"name":"Home","item":"https:\/\/fgti-distribution.fr\/"},{"@type":"ListItem","position":2,"name":"Joints d&rsquo;\u00e9tanch\u00e9it\u00e9","item":"https:\/\/fgti-distribution.fr\/joints-detancheite\/"},{"@type":"ListItem","position":3,"name":"IDG"}]},{"@type":"WebSite","@id":"https:\/\/fgti-distribution.fr\/#website","url":"https:\/\/fgti-distribution.fr\/","name":"Distribuci\u00f3n FGTI","description":"Piezas t\u00e9cnicas y servicios de alto valor a\u00f1adido","publisher":{"@id":"https:\/\/fgti-distribution.fr\/#organization"},"alternateName":"FGTI Distribution","potentialAction":[{"@type":"SearchAction","target":{"@type":"EntryPoint","urlTemplate":"https:\/\/fgti-distribution.fr\/?s={search_term_string}"},"query-input":{"@type":"PropertyValueSpecification","valueRequired":true,"valueName":"search_term_string"}}],"inLanguage":"es"},{"@type":"Organization","@id":"https:\/\/fgti-distribution.fr\/#organization","name":"Distribuci\u00f3n FGTI","alternateName":"FGTI Distribution","url":"https:\/\/fgti-distribution.fr\/","logo":{"@type":"ImageObject","inLanguage":"es","@id":"https:\/\/fgti-distribution.fr\/#\/schema\/logo\/image\/","url":"https:\/\/fgti-distribution.fr\/wp-content\/uploads\/2022\/12\/logo.png","contentUrl":"https:\/\/fgti-distribution.fr\/wp-content\/uploads\/2022\/12\/logo.png","width":500,"height":228,"caption":"FGTI Distribution"},"image":{"@id":"https:\/\/fgti-distribution.fr\/#\/schema\/logo\/image\/"},"sameAs":["https:\/\/www.linkedin.com\/company\/fgti-distribution\/"]}]}},"_links":{"self":[{"href":"https:\/\/fgti-distribution.fr\/es\/wp-json\/wp\/v2\/pages\/373","targetHints":{"allow":["GET"]}}],"collection":[{"href":"https:\/\/fgti-distribution.fr\/es\/wp-json\/wp\/v2\/pages"}],"about":[{"href":"https:\/\/fgti-distribution.fr\/es\/wp-json\/wp\/v2\/types\/page"}],"author":[{"embeddable":true,"href":"https:\/\/fgti-distribution.fr\/es\/wp-json\/wp\/v2\/users\/1"}],"replies":[{"embeddable":true,"href":"https:\/\/fgti-distribution.fr\/es\/wp-json\/wp\/v2\/comments?post=373"}],"version-history":[{"count":7,"href":"https:\/\/fgti-distribution.fr\/es\/wp-json\/wp\/v2\/pages\/373\/revisions"}],"predecessor-version":[{"id":7992,"href":"https:\/\/fgti-distribution.fr\/es\/wp-json\/wp\/v2\/pages\/373\/revisions\/7992"}],"up":[{"embeddable":true,"href":"https:\/\/fgti-distribution.fr\/es\/wp-json\/wp\/v2\/pages\/8"}],"wp:featuredmedia":[{"embeddable":true,"href":"https:\/\/fgti-distribution.fr\/es\/wp-json\/wp\/v2\/media\/7140"}],"wp:attachment":[{"href":"https:\/\/fgti-distribution.fr\/es\/wp-json\/wp\/v2\/media?parent=373"}],"curies":[{"name":"wp","href":"https:\/\/api.w.org\/{rel}","templated":true}]}}