{"id":39,"date":"2021-10-12T08:28:40","date_gmt":"2021-10-12T08:28:40","guid":{"rendered":"https:\/\/korsel.bold-themes.com\/main-demo\/?page_id=39"},"modified":"2024-02-07T13:59:34","modified_gmt":"2024-02-07T13:59:34","slug":"actus","status":"publish","type":"page","link":"https:\/\/fgti-distribution.fr\/es\/actus\/","title":{"rendered":"Actualit\u00e9s"},"content":{"rendered":"<section id=\"bt_bb_section69d05cf7423a8\" class=\"bt_bb_section bt_bb_layout_boxed_1400 bt_bb_vertical_align_top bt_bb_top_spacing_large bt_bb_bottom_spacing_large\"  data-bt-override-class=\"{&quot;bt_bb_top_spacing_&quot;:{&quot;current_class&quot;:&quot;bt_bb_top_spacing_large&quot;,&quot;def&quot;:&quot;large&quot;,&quot;xl&quot;:&quot;large&quot;},&quot;bt_bb_bottom_spacing_&quot;:{&quot;current_class&quot;:&quot;bt_bb_bottom_spacing_large&quot;,&quot;def&quot;:&quot;large&quot;,&quot;xl&quot;:&quot;large&quot;}}\"><div class=\"bt_bb_port\"><div class=\"bt_bb_cell\"><div class=\"bt_bb_cell_inner\"><div data-bb-version=\"4.7.6\" class=\"bt_bb_row\"  data-bt-override-class=\"{}\"><div class=\"bt_bb_row_holder\" ><div  class=\"bt_bb_column col-xxl-12 col-xl-12 col-xs-12 col-sm-12 col-md-12 col-lg-12 bt_bb_vertical_align_top bt_bb_align_left bt_bb_padding_normal\" style=\"; --column-width:12;\" data-width=\"12\" data-bt-override-class=\"{}\"><div class=\"bt_bb_column_content\"><div class=\"bt_bb_column_content_inner\"><div class=\"bt_bb_latest_posts bt_bb_columns_4 bt_bb_gap_normal bt_bb_image_shape_square\" style=\"margin: 0 30px;\"><div class=\"bt_bb_latest_posts_item\"><div class=\"bt_bb_latest_posts_item_image\"><a href=\"https:\/\/fgti-distribution.fr\/es\/systemes-detancheite-pour-centrales-hydroelectriques\/\" target=\"_self\"><img decoding=\"async\" src=\"https:\/\/fgti-distribution.fr\/wp-content\/uploads\/2024\/06\/Capture-decran-2024-06-12-100545-640x360.png\" alt=\"Syst\u00e8mes d\u2019\u00e9tanch\u00e9it\u00e9 pour centrales hydro\u00e9lectriques\" title=\"Syst\u00e8mes d\u2019\u00e9tanch\u00e9it\u00e9 pour centrales hydro\u00e9lectriques\" \"><\/a><\/div><div class=\"bt_bb_latest_posts_item_content\"><h5 class=\"bt_bb_latest_posts_item_title\"><a href=\"https:\/\/fgti-distribution.fr\/es\/systemes-detancheite-pour-centrales-hydroelectriques\/\" target=\"_self\">Syst\u00e8mes d\u2019\u00e9tanch\u00e9it\u00e9 pour centrales hydro\u00e9lectriques<\/a><\/h5><div class=\"bt_bb_latest_posts_item_excerpt\">Venez d\u00e9couvrir nos syst\u00e8mes d\u2019\u00e9tanch\u00e9it\u00e9 sur mesure pour centrales hydro\u00e9lectriques au prochain salon France Hydro le 18 et 19 juin \u00e0 Agen. En attendant, voici une pr\u00e9sentation d&rsquo;une solution d&rsquo;\u00e9tanch\u00e9it\u00e9 pour p\u00e2le de turbine Kaplan. &nbsp; &gt;&gt;&gt; Retrouvez d&rsquo;autres informations sur notre site : Gamme sp\u00e9cifique pour les centrales hydrauliques<\/div><\/div><\/div><div class=\"bt_bb_latest_posts_item\"><div class=\"bt_bb_latest_posts_item_image\"><a href=\"https:\/\/fgti-distribution.fr\/es\/clips-et-rondelles-darret-daxe-araymond-un-maintien-securise-sans-outil-de-montage\/\" target=\"_self\"><img decoding=\"async\" src=\"https:\/\/fgti-distribution.fr\/wp-content\/uploads\/2024\/05\/Image-article-FGTI-640x512.jpg\" alt=\"Clips et rondelles d&rsquo;arr\u00eat d&rsquo;axe ARaymond : un maintien s\u00e9curis\u00e9 sans outil de montage\" title=\"Clips et rondelles d&rsquo;arr\u00eat d&rsquo;axe ARaymond : un maintien s\u00e9curis\u00e9 sans outil de montage\" \"><\/a><\/div><div class=\"bt_bb_latest_posts_item_content\"><h5 class=\"bt_bb_latest_posts_item_title\"><a href=\"https:\/\/fgti-distribution.fr\/es\/clips-et-rondelles-darret-daxe-araymond-un-maintien-securise-sans-outil-de-montage\/\" target=\"_self\">Clips et rondelles d&rsquo;arr\u00eat d&rsquo;axe ARaymond : un maintien s\u00e9curis\u00e9 sans outil de montage<\/a><\/h5><div class=\"bt_bb_latest_posts_item_excerpt\">Les clips et rondelles d\u2019arr\u00eat d\u2019axe sont de petites pi\u00e8ces m\u00e9talliques assez plates garantissant que les pi\u00e8ces mont\u00e9es sur une tige lisse ou filet\u00e9e restent en place, m\u00eame en cas de vibrations ou de chocs. Ils peuvent aussi permettre par ex. de maintenir une vis ou un boulon en place avant que l&rsquo;\u00e9crou ne soit...<\/div><\/div><\/div><div class=\"bt_bb_latest_posts_item\"><div class=\"bt_bb_latest_posts_item_image\"><a href=\"https:\/\/fgti-distribution.fr\/es\/certifie-iso-9001\/\" target=\"_self\"><img decoding=\"async\" src=\"https:\/\/fgti-distribution.fr\/wp-content\/uploads\/2024\/03\/Afaq_9001-640x591.jpg\" alt=\"&#x1f3c6; FGTI certifi\u00e9 ISO 9001 !\" title=\"&#x1f3c6; FGTI certifi\u00e9 ISO 9001 !\" \"><\/a><\/div><div class=\"bt_bb_latest_posts_item_content\"><h5 class=\"bt_bb_latest_posts_item_title\"><a href=\"https:\/\/fgti-distribution.fr\/es\/certifie-iso-9001\/\" target=\"_self\">&#x1f3c6; FGTI certifi\u00e9 ISO 9001 !<\/a><\/h5><div class=\"bt_bb_latest_posts_item_excerpt\">Nous sommes fi\u00e8res de vous annoncer que nous avons obtenu la certification ISO 9001 pour notre syst\u00e8me de management de la qualit\u00e9 dans le n\u00e9goce de produits industriels. Cette certification consolide et r\u00e9compense la d\u00e9marche qualit\u00e9 mise en \u0153uvre par FGTI depuis des ann\u00e9es. Elle est l\u2019aboutissement de plusieurs mois de formalisation de nos processus...<\/div><\/div><\/div><div class=\"bt_bb_latest_posts_item\"><div class=\"bt_bb_latest_posts_item_image\"><a href=\"https:\/\/fgti-distribution.fr\/es\/distributeur-historique-des-raccords-rapides-araymond-%f0%9f%8f%85\/\" target=\"_self\"><img decoding=\"async\" src=\"https:\/\/fgti-distribution.fr\/wp-content\/uploads\/2024\/02\/raccords-ARaymond.jpg\" alt=\"FGTI : distributeur historique des raccords rapides ARAYMOND &#x1f3c5;\" title=\"FGTI : distributeur historique des raccords rapides ARAYMOND &#x1f3c5;\" \"><\/a><\/div><div class=\"bt_bb_latest_posts_item_content\"><h5 class=\"bt_bb_latest_posts_item_title\"><a href=\"https:\/\/fgti-distribution.fr\/es\/distributeur-historique-des-raccords-rapides-araymond-%f0%9f%8f%85\/\" target=\"_self\">FGTI : distributeur historique des raccords rapides ARAYMOND &#x1f3c5;<\/a><\/h5><div class=\"bt_bb_latest_posts_item_excerpt\"><\/div><\/div><\/div><div class=\"bt_bb_latest_posts_item\"><div class=\"bt_bb_latest_posts_item_image\"><a href=\"https:\/\/fgti-distribution.fr\/es\/les-serre-cables-pivotants-araymond-une-modularite-a-toute-epreuve\/\" target=\"_self\"><img decoding=\"async\" src=\"https:\/\/fgti-distribution.fr\/wp-content\/uploads\/2024\/01\/clip-pivotant-640x640.jpg\" alt=\"Les serre-c\u00e2bles pivotants Araymond : une modularit\u00e9 \u00e0 toute \u00e9preuve !\" title=\"Les serre-c\u00e2bles pivotants Araymond : une modularit\u00e9 \u00e0 toute \u00e9preuve !\" \"><\/a><\/div><div class=\"bt_bb_latest_posts_item_content\"><h5 class=\"bt_bb_latest_posts_item_title\"><a href=\"https:\/\/fgti-distribution.fr\/es\/les-serre-cables-pivotants-araymond-une-modularite-a-toute-epreuve\/\" target=\"_self\">Les serre-c\u00e2bles pivotants Araymond : une modularit\u00e9 \u00e0 toute \u00e9preuve !<\/a><\/h5><div class=\"bt_bb_latest_posts_item_excerpt\">&nbsp; La gamme de clips pivotants ARaymond&#x2122; se compose de pi\u00e8ces m\u00e2les et femelles pouvant \u00eatre associ\u00e9es afin de cr\u00e9er des fixations sur mesure. Une flexibilit\u00e9 appr\u00e9ciable lors de la fixation de tubes, c\u00e2bles et faisceaux \u00e9lectriques. Autres avantages\u00a0: &#x2714; large \u00e9ventail de diam\u00e8tres et de configurations de conception. &#x2714; compatibles avec des supports multidirectionnels,...<\/div><\/div><\/div><div class=\"bt_bb_latest_posts_item\"><div class=\"bt_bb_latest_posts_item_image\"><a href=\"https:\/\/fgti-distribution.fr\/es\/notre-partenaire-idg-demenage\/\" target=\"_self\"><img decoding=\"async\" src=\"https:\/\/fgti-distribution.fr\/wp-content\/uploads\/2023\/12\/Nouveau-batiment-IDG-640x427.jpg\" alt=\"Notre partenaire IDG d\u00e9m\u00e9nage !\" title=\"Notre partenaire IDG d\u00e9m\u00e9nage !\" \"><\/a><\/div><div class=\"bt_bb_latest_posts_item_content\"><h5 class=\"bt_bb_latest_posts_item_title\"><a href=\"https:\/\/fgti-distribution.fr\/es\/notre-partenaire-idg-demenage\/\" target=\"_self\">Notre partenaire IDG d\u00e9m\u00e9nage !<\/a><\/h5><div class=\"bt_bb_latest_posts_item_excerpt\">Pour accompagner sa croissance continue, notre partenaire IDG emm\u00e9nagera dans un b\u00e2timent flambant neuf fin 2023.<\/div><\/div><\/div><div class=\"bt_bb_latest_posts_item\"><div class=\"bt_bb_latest_posts_item_image\"><a href=\"https:\/\/fgti-distribution.fr\/es\/clip-bord-de-tole\/\" target=\"_self\"><img decoding=\"async\" src=\"https:\/\/fgti-distribution.fr\/wp-content\/uploads\/2023\/02\/support-tube-clip-bord-tole.jpg\" alt=\"Clip bord de tole\" title=\"Clip bord de tole\" \"><\/a><\/div><div class=\"bt_bb_latest_posts_item_content\"><h5 class=\"bt_bb_latest_posts_item_title\"><a href=\"https:\/\/fgti-distribution.fr\/es\/clip-bord-de-tole\/\" target=\"_self\">Clip bord de tole<\/a><\/h5><div class=\"bt_bb_latest_posts_item_excerpt\">Retrouvez toutes les fiches techniques d\u00e9taill\u00e9es des mod\u00e8les de support tube et clip bord de tole m\u00e9tal ou plastique A Raymond.<\/div><\/div><\/div><div class=\"bt_bb_latest_posts_item\"><div class=\"bt_bb_latest_posts_item_image\"><a href=\"https:\/\/fgti-distribution.fr\/es\/solutions-detancheite-innovantes-lindustrie-alimentaire\/\" target=\"_self\"><img decoding=\"async\" src=\"https:\/\/fgti-distribution.fr\/wp-content\/uploads\/2019\/07\/joints-etancheite-alimentaire-640x427.jpg\" alt=\"Solutions d\u2019\u00e9tanch\u00e9it\u00e9 innovantes pour l\u2019industrie alimentaire\" title=\"Solutions d\u2019\u00e9tanch\u00e9it\u00e9 innovantes pour l\u2019industrie alimentaire\" \"><\/a><\/div><div class=\"bt_bb_latest_posts_item_content\"><h5 class=\"bt_bb_latest_posts_item_title\"><a href=\"https:\/\/fgti-distribution.fr\/es\/solutions-detancheite-innovantes-lindustrie-alimentaire\/\" target=\"_self\">Solutions d\u2019\u00e9tanch\u00e9it\u00e9 innovantes pour l\u2019industrie alimentaire<\/a><\/h5><div class=\"bt_bb_latest_posts_item_excerpt\">La sant\u00e9 des consommateurs est la priorit\u00e9 dans l\u2019industrie alimentaire. C\u2019est pour cette raison que les syst\u00e8mes d\u2019\u00e9tanch\u00e9it\u00e9 dans la production de denr\u00e9es alimentaires doivent r\u00e9pondre \u00e0 des exigences tr\u00e8s sp\u00e9cifiques...<\/div><\/div><\/div><div class=\"bt_bb_latest_posts_item\"><div class=\"bt_bb_latest_posts_item_image\"><a href=\"https:\/\/fgti-distribution.fr\/es\/assembler-panneaux\/\" target=\"_self\"><img decoding=\"async\" src=\"https:\/\/fgti-distribution.fr\/wp-content\/uploads\/2017\/02\/ecrous-bord-de-tole.jpg\" alt=\"Avec les \u00e9crous en U \u00e0 pincer sur bords de t\u00f4les, assembler vos panneaux devient un jeu d&rsquo;enfants !\" title=\"Avec les \u00e9crous en U \u00e0 pincer sur bords de t\u00f4les, assembler vos panneaux devient un jeu d&rsquo;enfants !\" \"><\/a><\/div><div class=\"bt_bb_latest_posts_item_content\"><h5 class=\"bt_bb_latest_posts_item_title\"><a href=\"https:\/\/fgti-distribution.fr\/es\/assembler-panneaux\/\" target=\"_self\">Avec les \u00e9crous en U \u00e0 pincer sur bords de t\u00f4les, assembler vos panneaux devient un jeu d&rsquo;enfants !<\/a><\/h5><div class=\"bt_bb_latest_posts_item_excerpt\">Les \u00e9crous en U \u00e0 pincer sur bords de t\u00f4les de ARaymond&#x2122; aussi appel\u00e9s  Speed Nuts\u00ae sont autobloquants et pr\u00eats \u00e0 recevoir les vis, afin de garantir un assemblage simple et rapide de vos panneaux...<\/div><\/div><\/div><div class=\"bt_bb_latest_posts_item\"><div class=\"bt_bb_latest_posts_item_image\"><a href=\"https:\/\/fgti-distribution.fr\/es\/agrafes-de-mise-a-la-masse\/\" target=\"_self\"><img decoding=\"async\" src=\"https:\/\/fgti-distribution.fr\/wp-content\/uploads\/2018\/05\/agrafes-mise-a-la-masse.jpg\" alt=\"Agrafes de mise \u00e0 la masse ARaymond\" title=\"Agrafes de mise \u00e0 la masse ARaymond\" \"><\/a><\/div><div class=\"bt_bb_latest_posts_item_content\"><h5 class=\"bt_bb_latest_posts_item_title\"><a href=\"https:\/\/fgti-distribution.fr\/es\/agrafes-de-mise-a-la-masse\/\" target=\"_self\">Agrafes de mise \u00e0 la masse ARaymond<\/a><\/h5><div class=\"bt_bb_latest_posts_item_excerpt\">Avec les agrafes de mise \u00e0 la masse ARaymond, facilitez le processus de mise \u00e0 la masse des appareils \u00e9lectriques !<\/div><\/div><\/div><div class=\"bt_bb_latest_posts_item\"><div class=\"bt_bb_latest_posts_item_image\"><a href=\"https:\/\/fgti-distribution.fr\/es\/solutions-vos-composants-de-production-pharmaceutique\/\" target=\"_self\"><img decoding=\"async\" src=\"https:\/\/fgti-distribution.fr\/wp-content\/uploads\/2019\/03\/joints-etancheite-industrie-pharmacie-640x427.jpg\" alt=\"Pour l&rsquo;industrie pharmaceutique\" title=\"Pour l&rsquo;industrie pharmaceutique\" \"><\/a><\/div><div class=\"bt_bb_latest_posts_item_content\"><h5 class=\"bt_bb_latest_posts_item_title\"><a href=\"https:\/\/fgti-distribution.fr\/es\/solutions-vos-composants-de-production-pharmaceutique\/\" target=\"_self\">Pour l&rsquo;industrie pharmaceutique<\/a><\/h5><div class=\"bt_bb_latest_posts_item_excerpt\">Des solutions pour divers composants de production pharmaceutique !<\/div><\/div><\/div><div class=\"bt_bb_latest_posts_item\"><div class=\"bt_bb_latest_posts_item_image\"><a href=\"https:\/\/fgti-distribution.fr\/es\/distributeur-composites-gts\/\" target=\"_self\"><img decoding=\"async\" src=\"https:\/\/fgti-distribution.fr\/wp-content\/uploads\/2018\/06\/composites-ptfe.jpg\" alt=\"Composites pour les professionnels\" title=\"Composites pour les professionnels\" \"><\/a><\/div><div class=\"bt_bb_latest_posts_item_content\"><h5 class=\"bt_bb_latest_posts_item_title\"><a href=\"https:\/\/fgti-distribution.fr\/es\/distributeur-composites-gts\/\" target=\"_self\">Composites pour les professionnels<\/a><\/h5><div class=\"bt_bb_latest_posts_item_excerpt\">FGTI Distribution est d\u00e9sormais le distributeur officiel des solutions GTS.<br \/><\/div><\/div><\/div><\/div><\/div><\/div><\/div><\/div><\/div><\/div><!-- cell_inner --><\/div><!-- cell --><\/div><!-- port --><\/section>","protected":false},"excerpt":{"rendered":"<p>Retrouvez ici nos dates de participation aux salons et nos articles th\u00e9matiques.<\/p>","protected":false},"author":1,"featured_media":6426,"parent":0,"menu_order":0,"comment_status":"closed","ping_status":"closed","template":"","meta":{"footnotes":""},"class_list":["post-39","page","type-page","status-publish","has-post-thumbnail","hentry"],"yoast_head":"<!-- This site is optimized with the Yoast SEO plugin v27.3 - https:\/\/yoast.com\/product\/yoast-seo-wordpress\/ -->\n<title>FGTI Distribution - Actualit\u00e9s<\/title>\n<meta name=\"description\" content=\"FGTI Distribution - Pi\u00e8ces techniques et services \u00e0 forte valeur ajout\u00e9e - D\u00e9couvrez nos dates de participation aux salons et nos articles th\u00e9matiques.\" \/>\n<meta name=\"robots\" content=\"index, follow, max-snippet:-1, max-image-preview:large, max-video-preview:-1\" \/>\n<link rel=\"canonical\" href=\"https:\/\/fgti-distribution.fr\/es\/actus\/\" \/>\n<meta property=\"og:locale\" content=\"es_ES\" \/>\n<meta property=\"og:type\" content=\"article\" \/>\n<meta property=\"og:title\" content=\"FGTI Distribution - Actualit\u00e9s\" \/>\n<meta property=\"og:description\" content=\"FGTI Distribution - Pi\u00e8ces techniques et services \u00e0 forte valeur ajout\u00e9e - D\u00e9couvrez nos dates de participation aux salons et nos articles th\u00e9matiques.\" \/>\n<meta property=\"og:url\" content=\"https:\/\/fgti-distribution.fr\/es\/actus\/\" \/>\n<meta property=\"og:site_name\" content=\"FGTI Distribution\" \/>\n<meta property=\"article:modified_time\" content=\"2024-02-07T13:59:34+00:00\" \/>\n<meta property=\"og:image\" content=\"https:\/\/fgti-distribution.fr\/wp-content\/uploads\/2022\/12\/araymond1.jpg\" \/>\n\t<meta property=\"og:image:width\" content=\"1600\" \/>\n\t<meta property=\"og:image:height\" content=\"1477\" \/>\n\t<meta property=\"og:image:type\" content=\"image\/jpeg\" \/>\n<meta name=\"twitter:card\" content=\"summary_large_image\" \/>\n<meta name=\"twitter:label1\" content=\"Est. reading time\" \/>\n\t<meta name=\"twitter:data1\" content=\"1 minuto\" \/>\n<script type=\"application\/ld+json\" class=\"yoast-schema-graph\">{\"@context\":\"https:\\\/\\\/schema.org\",\"@graph\":[{\"@type\":\"WebPage\",\"@id\":\"https:\\\/\\\/fgti-distribution.fr\\\/actus\\\/\",\"url\":\"https:\\\/\\\/fgti-distribution.fr\\\/actus\\\/\",\"name\":\"FGTI Distribution - Actualit\u00e9s\",\"isPartOf\":{\"@id\":\"https:\\\/\\\/fgti-distribution.fr\\\/#website\"},\"primaryImageOfPage\":{\"@id\":\"https:\\\/\\\/fgti-distribution.fr\\\/actus\\\/#primaryimage\"},\"image\":{\"@id\":\"https:\\\/\\\/fgti-distribution.fr\\\/actus\\\/#primaryimage\"},\"thumbnailUrl\":\"https:\\\/\\\/fgti-distribution.fr\\\/wp-content\\\/uploads\\\/2022\\\/12\\\/araymond1.jpg\",\"datePublished\":\"2021-10-12T08:28:40+00:00\",\"dateModified\":\"2024-02-07T13:59:34+00:00\",\"description\":\"FGTI Distribution - Pi\u00e8ces techniques et services \u00e0 forte valeur ajout\u00e9e - D\u00e9couvrez nos dates de participation aux salons et nos articles th\u00e9matiques.\",\"breadcrumb\":{\"@id\":\"https:\\\/\\\/fgti-distribution.fr\\\/actus\\\/#breadcrumb\"},\"inLanguage\":\"es\",\"potentialAction\":[{\"@type\":\"ReadAction\",\"target\":[\"https:\\\/\\\/fgti-distribution.fr\\\/actus\\\/\"]}]},{\"@type\":\"ImageObject\",\"inLanguage\":\"es\",\"@id\":\"https:\\\/\\\/fgti-distribution.fr\\\/actus\\\/#primaryimage\",\"url\":\"https:\\\/\\\/fgti-distribution.fr\\\/wp-content\\\/uploads\\\/2022\\\/12\\\/araymond1.jpg\",\"contentUrl\":\"https:\\\/\\\/fgti-distribution.fr\\\/wp-content\\\/uploads\\\/2022\\\/12\\\/araymond1.jpg\",\"width\":1600,\"height\":1477,\"caption\":\"Fixation Araymond\"},{\"@type\":\"BreadcrumbList\",\"@id\":\"https:\\\/\\\/fgti-distribution.fr\\\/actus\\\/#breadcrumb\",\"itemListElement\":[{\"@type\":\"ListItem\",\"position\":1,\"name\":\"Home\",\"item\":\"https:\\\/\\\/fgti-distribution.fr\\\/\"},{\"@type\":\"ListItem\",\"position\":2,\"name\":\"Actualit\u00e9s\"}]},{\"@type\":\"WebSite\",\"@id\":\"https:\\\/\\\/fgti-distribution.fr\\\/#website\",\"url\":\"https:\\\/\\\/fgti-distribution.fr\\\/\",\"name\":\"FGTI Distribution\",\"description\":\"Pi\u00e8ces techniques et services \u00e0 forte valeur ajout\u00e9e\",\"publisher\":{\"@id\":\"https:\\\/\\\/fgti-distribution.fr\\\/#organization\"},\"alternateName\":\"FGTI Distribution\",\"potentialAction\":[{\"@type\":\"SearchAction\",\"target\":{\"@type\":\"EntryPoint\",\"urlTemplate\":\"https:\\\/\\\/fgti-distribution.fr\\\/?s={search_term_string}\"},\"query-input\":{\"@type\":\"PropertyValueSpecification\",\"valueRequired\":true,\"valueName\":\"search_term_string\"}}],\"inLanguage\":\"es\"},{\"@type\":\"Organization\",\"@id\":\"https:\\\/\\\/fgti-distribution.fr\\\/#organization\",\"name\":\"FGTI Distribution\",\"alternateName\":\"FGTI Distribution\",\"url\":\"https:\\\/\\\/fgti-distribution.fr\\\/\",\"logo\":{\"@type\":\"ImageObject\",\"inLanguage\":\"es\",\"@id\":\"https:\\\/\\\/fgti-distribution.fr\\\/#\\\/schema\\\/logo\\\/image\\\/\",\"url\":\"https:\\\/\\\/fgti-distribution.fr\\\/wp-content\\\/uploads\\\/2022\\\/12\\\/logo.png\",\"contentUrl\":\"https:\\\/\\\/fgti-distribution.fr\\\/wp-content\\\/uploads\\\/2022\\\/12\\\/logo.png\",\"width\":500,\"height\":228,\"caption\":\"FGTI Distribution\"},\"image\":{\"@id\":\"https:\\\/\\\/fgti-distribution.fr\\\/#\\\/schema\\\/logo\\\/image\\\/\"},\"sameAs\":[\"https:\\\/\\\/www.linkedin.com\\\/company\\\/fgti-distribution\\\/\"]}]}<\/script>\n<!-- \/ Yoast SEO plugin. -->","yoast_head_json":{"title":"FGTI Distribution - Actualit\u00e9s","description":"FGTI Distribution - Pi\u00e8ces techniques et services \u00e0 forte valeur ajout\u00e9e - D\u00e9couvrez nos dates de participation aux salons et nos articles th\u00e9matiques.","robots":{"index":"index","follow":"follow","max-snippet":"max-snippet:-1","max-image-preview":"max-image-preview:large","max-video-preview":"max-video-preview:-1"},"canonical":"https:\/\/fgti-distribution.fr\/es\/actus\/","og_locale":"es_ES","og_type":"article","og_title":"FGTI Distribution - Actualit\u00e9s","og_description":"FGTI Distribution - Pi\u00e8ces techniques et services \u00e0 forte valeur ajout\u00e9e - D\u00e9couvrez nos dates de participation aux salons et nos articles th\u00e9matiques.","og_url":"https:\/\/fgti-distribution.fr\/es\/actus\/","og_site_name":"FGTI Distribution","article_modified_time":"2024-02-07T13:59:34+00:00","og_image":[{"width":1600,"height":1477,"url":"https:\/\/fgti-distribution.fr\/wp-content\/uploads\/2022\/12\/araymond1.jpg","type":"image\/jpeg"}],"twitter_card":"summary_large_image","twitter_misc":{"Est. reading time":"1 minuto"},"schema":{"@context":"https:\/\/schema.org","@graph":[{"@type":"WebPage","@id":"https:\/\/fgti-distribution.fr\/actus\/","url":"https:\/\/fgti-distribution.fr\/actus\/","name":"FGTI Distribution - Actualit\u00e9s","isPartOf":{"@id":"https:\/\/fgti-distribution.fr\/#website"},"primaryImageOfPage":{"@id":"https:\/\/fgti-distribution.fr\/actus\/#primaryimage"},"image":{"@id":"https:\/\/fgti-distribution.fr\/actus\/#primaryimage"},"thumbnailUrl":"https:\/\/fgti-distribution.fr\/wp-content\/uploads\/2022\/12\/araymond1.jpg","datePublished":"2021-10-12T08:28:40+00:00","dateModified":"2024-02-07T13:59:34+00:00","description":"FGTI Distribution - Pi\u00e8ces techniques et services \u00e0 forte valeur ajout\u00e9e - D\u00e9couvrez nos dates de participation aux salons et nos articles th\u00e9matiques.","breadcrumb":{"@id":"https:\/\/fgti-distribution.fr\/actus\/#breadcrumb"},"inLanguage":"es","potentialAction":[{"@type":"ReadAction","target":["https:\/\/fgti-distribution.fr\/actus\/"]}]},{"@type":"ImageObject","inLanguage":"es","@id":"https:\/\/fgti-distribution.fr\/actus\/#primaryimage","url":"https:\/\/fgti-distribution.fr\/wp-content\/uploads\/2022\/12\/araymond1.jpg","contentUrl":"https:\/\/fgti-distribution.fr\/wp-content\/uploads\/2022\/12\/araymond1.jpg","width":1600,"height":1477,"caption":"Fixation Araymond"},{"@type":"BreadcrumbList","@id":"https:\/\/fgti-distribution.fr\/actus\/#breadcrumb","itemListElement":[{"@type":"ListItem","position":1,"name":"Home","item":"https:\/\/fgti-distribution.fr\/"},{"@type":"ListItem","position":2,"name":"Actualit\u00e9s"}]},{"@type":"WebSite","@id":"https:\/\/fgti-distribution.fr\/#website","url":"https:\/\/fgti-distribution.fr\/","name":"Distribuci\u00f3n FGTI","description":"Piezas t\u00e9cnicas y servicios de alto valor a\u00f1adido","publisher":{"@id":"https:\/\/fgti-distribution.fr\/#organization"},"alternateName":"FGTI Distribution","potentialAction":[{"@type":"SearchAction","target":{"@type":"EntryPoint","urlTemplate":"https:\/\/fgti-distribution.fr\/?s={search_term_string}"},"query-input":{"@type":"PropertyValueSpecification","valueRequired":true,"valueName":"search_term_string"}}],"inLanguage":"es"},{"@type":"Organization","@id":"https:\/\/fgti-distribution.fr\/#organization","name":"Distribuci\u00f3n FGTI","alternateName":"FGTI Distribution","url":"https:\/\/fgti-distribution.fr\/","logo":{"@type":"ImageObject","inLanguage":"es","@id":"https:\/\/fgti-distribution.fr\/#\/schema\/logo\/image\/","url":"https:\/\/fgti-distribution.fr\/wp-content\/uploads\/2022\/12\/logo.png","contentUrl":"https:\/\/fgti-distribution.fr\/wp-content\/uploads\/2022\/12\/logo.png","width":500,"height":228,"caption":"FGTI Distribution"},"image":{"@id":"https:\/\/fgti-distribution.fr\/#\/schema\/logo\/image\/"},"sameAs":["https:\/\/www.linkedin.com\/company\/fgti-distribution\/"]}]}},"_links":{"self":[{"href":"https:\/\/fgti-distribution.fr\/es\/wp-json\/wp\/v2\/pages\/39","targetHints":{"allow":["GET"]}}],"collection":[{"href":"https:\/\/fgti-distribution.fr\/es\/wp-json\/wp\/v2\/pages"}],"about":[{"href":"https:\/\/fgti-distribution.fr\/es\/wp-json\/wp\/v2\/types\/page"}],"author":[{"embeddable":true,"href":"https:\/\/fgti-distribution.fr\/es\/wp-json\/wp\/v2\/users\/1"}],"replies":[{"embeddable":true,"href":"https:\/\/fgti-distribution.fr\/es\/wp-json\/wp\/v2\/comments?post=39"}],"version-history":[{"count":22,"href":"https:\/\/fgti-distribution.fr\/es\/wp-json\/wp\/v2\/pages\/39\/revisions"}],"predecessor-version":[{"id":9164,"href":"https:\/\/fgti-distribution.fr\/es\/wp-json\/wp\/v2\/pages\/39\/revisions\/9164"}],"wp:featuredmedia":[{"embeddable":true,"href":"https:\/\/fgti-distribution.fr\/es\/wp-json\/wp\/v2\/media\/6426"}],"wp:attachment":[{"href":"https:\/\/fgti-distribution.fr\/es\/wp-json\/wp\/v2\/media?parent=39"}],"curies":[{"name":"wp","href":"https:\/\/api.w.org\/{rel}","templated":true}]}}