{"id":4315,"date":"2018-02-23T10:17:42","date_gmt":"2018-02-23T10:17:42","guid":{"rendered":"https:\/\/fgti-distribution.fr\/?page_id=4315"},"modified":"2024-06-19T15:35:10","modified_gmt":"2024-06-19T15:35:10","slug":"compuestos-de-alto-rendimiento-gts","status":"publish","type":"page","link":"https:\/\/fgti-distribution.fr\/es\/composites-haute-performance\/composites-haute-performance-gts\/","title":{"rendered":"Presentaci\u00f3n de GTS"},"content":{"rendered":"<section id=\"bt_bb_section69f168e97986d\" class=\"bt_bb_section bt_bb_layout_boxed_1200\"  data-bt-override-class=\"null\"><div class=\"bt_bb_port\"><div class=\"bt_bb_cell\"><div class=\"bt_bb_cell_inner\"><div class=\"bt_bb_row\"  data-bt-override-class=\"{}\"><div class=\"bt_bb_row_holder\" ><div  class=\"bt_bb_column col-xxl-12 col-xl-12 col-xs-12 col-sm-12 col-md-12 col-lg-12 bt_bb_vertical_align_top bt_bb_align_left bt_bb_padding_normal\" style=\"; --column-width:12;\" data-width=\"12\" data-bt-override-class=\"{}\"><div class=\"bt_bb_column_content\"><div class=\"bt_bb_column_content_inner\"><div class=\"bt_bb_raw_content\"><div style=\"color: #bababa; font-size: 12px; margin-bottom: 40px;\">FGTI-Distribution &gt; PTFE y Compuestos GTS &gt; Presentaci\u00f3n de GTS<\/div><\/div><\/div><\/div><\/div><\/div><\/div><div class=\"bt_bb_row\"  data-bt-override-class=\"{}\"><div class=\"bt_bb_row_holder\" ><div  class=\"bt_bb_column col-xxl-4 col-xl-4 col-xs-12 col-sm-12 col-md-12 col-lg-4 bt_bb_vertical_align_top bt_bb_align_left bt_bb_padding_normal\" style=\"; --column-width:4;\" data-width=\"4\" data-bt-override-class=\"{}\"><div class=\"bt_bb_column_content\"><div class=\"bt_bb_column_content_inner\"><div class=\"bt_bb_raw_content\"><img decoding=\"async\" src=\"https:\/\/fgti-distribution.fr\/wp-content\/uploads\/2018\/02\/logo.png\" alt=\"Logo GTS\" style=\"width: 100%;\"><\/div><\/div><\/div><\/div><div data-bb-version=\"4.9.1\"  class=\"bt_bb_column col-xxl-8 col-xl-8 col-xs-12 col-sm-12 col-md-12 col-lg-8 bt_bb_vertical_align_top bt_bb_align_left bt_bb_padding_normal\" style=\"; --column-width:8;\" data-width=\"8\" data-bt-override-class=\"{}\"><div class=\"bt_bb_column_content\"><div class=\"bt_bb_column_content_inner\"><div class=\"bt_bb_raw_content\">Con sede en Alemania, la empresa GTS GmbH lleva m\u00e1s de 30 a\u00f1os realizando el mecanizado de piezas de materiales termopl\u00e1sticos y pol\u00edmeros fluorados. Su experiencia es especialmente reconocida en la fabricaci\u00f3n de piezas a medida de PTFE o a base de PTFE.<\/div><\/div><\/div><\/div><\/div><\/div><div class=\"bt_bb_row\"  data-bt-override-class=\"{}\"><div class=\"bt_bb_row_holder\" ><div  class=\"bt_bb_column col-xxl-8 col-xl-8 col-xs-12 col-sm-12 col-md-12 col-lg-8 bt_bb_vertical_align_top bt_bb_align_left bt_bb_padding_normal\" style=\"; --column-width:8;\" data-width=\"8\" data-bt-override-class=\"{}\"><div class=\"bt_bb_column_content\"><div class=\"bt_bb_column_content_inner\"><div class=\"bt_bb_raw_content\"><br \/>\nSus puntos fuertes: GTS domina todo su proceso de fabricaci\u00f3n, en particular porque es capaz de producir materiales a partir de polvos de PTFE. Los polvos de PTFE se utilizan puros (v\u00edrgenes) o mezclados con aditivos (carbono, fibra de vidrio, bronce, grafito, molibdeno, pol\u00edmeros...). Las mezclas resultantes se comprimen en fr\u00edo en moldes. Un ciclo de cocci\u00f3n espec\u00edfico los convertir\u00e1 en piezas en bruto listas para ser mecanizadas. \n<\/div><\/div><\/div><\/div><div data-bb-version=\"4.9.1\"  class=\"bt_bb_column col-xxl-4 col-xl-4 col-xs-12 col-sm-12 col-md-12 col-lg-4 bt_bb_vertical_align_top bt_bb_align_left bt_bb_padding_normal\" style=\"; --column-width:4;\" data-width=\"4\" data-bt-override-class=\"{}\"><div class=\"bt_bb_column_content\"><div class=\"bt_bb_column_content_inner\"><div class=\"bt_bb_raw_content\"><br \/>\n<img decoding=\"async\" src=\"https:\/\/fgti-distribution.fr\/wp-content\/uploads\/2024\/06\/composites-gts1.jpg\" alt=\"GTS Compuesto\" style=\"width: 100%;\"><\/div><\/div><\/div><\/div><\/div><\/div><div class=\"bt_bb_row\"  data-bt-override-class=\"{}\"><div class=\"bt_bb_row_holder\" ><div  class=\"bt_bb_column col-xxl-12 col-xl-12 col-xs-12 col-sm-12 col-md-12 col-lg-12 bt_bb_vertical_align_top bt_bb_align_left bt_bb_padding_normal\" style=\"; --column-width:12;\" data-width=\"12\" data-bt-override-class=\"{}\"><div class=\"bt_bb_column_content\"><div class=\"bt_bb_column_content_inner\"><div class=\"bt_bb_raw_content\"><br \/>\nGTS dispone de equipos de \u00faltima generaci\u00f3n para cada etapa de fabricaci\u00f3n, entre los que se incluyen m\u00e1quinas herramienta CNC multieje de hasta 1400 mm de di\u00e1metro y equipos de laboratorio de vanguardia para el control de materiales y dimensiones.\n<br \/>\nAportador de soluciones, est\u00e1 presente m\u00e1s particularmente en los sectores de la agroalimentaci\u00f3n, la industria qu\u00edmica y farmac\u00e9utica, las t\u00e9cnicas de laboratorio, la fotometr\u00eda y la ingenier\u00eda mec\u00e1nica (construcci\u00f3n de m\u00e1quinas industriales, por ejemplo).\n<br \/><br \/><\/div><\/div><\/div><\/div><\/div><\/div><div class=\"bt_bb_row\"  data-bt-override-class=\"{}\"><div class=\"bt_bb_row_holder\" ><div  class=\"bt_bb_column col-xxl-6 col-xl-6 col-xs-12 col-sm-6 col-md-6 col-lg-6 bt_bb_vertical_align_top bt_bb_align_left bt_bb_padding_normal\" style=\"; --column-width:6;\" data-width=\"6\" data-bt-override-class=\"{}\"><div class=\"bt_bb_column_content\"><div class=\"bt_bb_column_content_inner\"><div data-bb-version=\"4.9.1\" class=\"bt_bb_image bt_bb_shape_square bt_bb_target_self bt_bb_align_inherit bt_bb_hover_style_simple bt_bb_content_display_always bt_bb_content_align_middle bt_bb_remove_padding_yes bt_bb_fill_background_color_full\" data-bt-override-class=\"{&quot;bt_bb_align_&quot;:{&quot;current_class&quot;:&quot;bt_bb_align_inherit&quot;,&quot;def&quot;:&quot;inherit&quot;}}\"><span><img loading=\"lazy\" decoding=\"async\" width=\"1211\" height=\"538\" src=\"https:\/\/fgti-distribution.fr\/wp-content\/uploads\/2024\/06\/composites-gts2.jpg\" class=\"attachment-full size-full\" alt=\"Materiales Compuestos GTS\" data-full_image_src=\"https:\/\/fgti-distribution.fr\/wp-content\/uploads\/2024\/06\/composites-gts2.jpg\" srcset=\"https:\/\/fgti-distribution.fr\/wp-content\/uploads\/2024\/06\/composites-gts2.jpg 1211w, https:\/\/fgti-distribution.fr\/wp-content\/uploads\/2024\/06\/composites-gts2-640x284.jpg 640w, https:\/\/fgti-distribution.fr\/wp-content\/uploads\/2024\/06\/composites-gts2-768x341.jpg 768w, https:\/\/fgti-distribution.fr\/wp-content\/uploads\/2024\/06\/composites-gts2-320x142.jpg 320w\" sizes=\"auto, (max-width: 1211px) 100vw, 1211px\" \/><\/span><\/div><\/div><\/div><\/div><div  class=\"bt_bb_column col-xxl-6 col-xl-6 col-xs-12 col-sm-6 col-md-6 col-lg-6 bt_bb_vertical_align_top bt_bb_align_left bt_bb_padding_normal\" style=\"; --column-width:6;\" data-width=\"6\" data-bt-override-class=\"{}\"><div class=\"bt_bb_column_content\"><div class=\"bt_bb_column_content_inner\"><div data-bb-version=\"4.9.1\" class=\"bt_bb_image bt_bb_shape_square bt_bb_target_self bt_bb_align_inherit bt_bb_hover_style_simple bt_bb_content_display_always bt_bb_content_align_middle bt_bb_remove_padding_yes bt_bb_fill_background_color_full\" data-bt-override-class=\"{&quot;bt_bb_align_&quot;:{&quot;current_class&quot;:&quot;bt_bb_align_inherit&quot;,&quot;def&quot;:&quot;inherit&quot;}}\"><span><img loading=\"lazy\" decoding=\"async\" width=\"1211\" height=\"538\" src=\"https:\/\/fgti-distribution.fr\/wp-content\/uploads\/2024\/06\/composites-gts3.jpg\" class=\"attachment-full size-full\" alt=\"Materiales Compuestos GTS\" data-full_image_src=\"https:\/\/fgti-distribution.fr\/wp-content\/uploads\/2024\/06\/composites-gts3.jpg\" srcset=\"https:\/\/fgti-distribution.fr\/wp-content\/uploads\/2024\/06\/composites-gts3.jpg 1211w, https:\/\/fgti-distribution.fr\/wp-content\/uploads\/2024\/06\/composites-gts3-640x284.jpg 640w, https:\/\/fgti-distribution.fr\/wp-content\/uploads\/2024\/06\/composites-gts3-768x341.jpg 768w, https:\/\/fgti-distribution.fr\/wp-content\/uploads\/2024\/06\/composites-gts3-320x142.jpg 320w\" sizes=\"auto, (max-width: 1211px) 100vw, 1211px\" \/><\/span><\/div><\/div><\/div><\/div><\/div><\/div><\/div><!-- cell_inner --><\/div><!-- cell --><\/div><!-- port --><\/section>","protected":false},"excerpt":{"rendered":"","protected":false},"author":1,"featured_media":7202,"parent":4313,"menu_order":0,"comment_status":"closed","ping_status":"closed","template":"","meta":{"footnotes":""},"class_list":["post-4315","page","type-page","status-publish","has-post-thumbnail","hentry"],"yoast_head":"<!-- This site is optimized with the Yoast SEO plugin v27.3 - https:\/\/yoast.com\/product\/yoast-seo-wordpress\/ -->\n<title>FGTI Distribution - Composites Haute Performance GTS<\/title>\n<meta name=\"description\" content=\"Composites Haute Performance GTS : caract\u00e9ristiques tribologiques exceptionnelles, r\u00e9sistance chimique et thermique. Support technique \u2705\" \/>\n<meta name=\"robots\" content=\"index, follow, max-snippet:-1, max-image-preview:large, max-video-preview:-1\" \/>\n<link rel=\"canonical\" href=\"https:\/\/fgti-distribution.fr\/es\/compuestos-de-alto-rendimiento\/compuestos-de-alto-rendimiento-gts\/\" \/>\n<meta property=\"og:locale\" content=\"es_ES\" \/>\n<meta property=\"og:type\" content=\"article\" \/>\n<meta property=\"og:title\" content=\"FGTI Distribution - Composites Haute Performance GTS\" \/>\n<meta property=\"og:description\" content=\"Composites Haute Performance GTS : caract\u00e9ristiques tribologiques exceptionnelles, r\u00e9sistance chimique et thermique. Support technique \u2705\" \/>\n<meta property=\"og:url\" content=\"https:\/\/fgti-distribution.fr\/es\/compuestos-de-alto-rendimiento\/compuestos-de-alto-rendimiento-gts\/\" \/>\n<meta property=\"og:site_name\" content=\"FGTI Distribution\" \/>\n<meta property=\"article:modified_time\" content=\"2024-06-19T15:35:10+00:00\" \/>\n<meta property=\"og:image\" content=\"https:\/\/fgti-distribution.fr\/wp-content\/uploads\/2023\/02\/soufflet-composite.jpg\" \/>\n\t<meta property=\"og:image:width\" content=\"1600\" \/>\n\t<meta property=\"og:image:height\" content=\"430\" \/>\n\t<meta property=\"og:image:type\" content=\"image\/jpeg\" \/>\n<meta name=\"twitter:card\" content=\"summary_large_image\" \/>\n<meta name=\"twitter:label1\" content=\"Est. reading time\" \/>\n\t<meta name=\"twitter:data1\" content=\"1 minuto\" \/>\n<script type=\"application\/ld+json\" class=\"yoast-schema-graph\">{\"@context\":\"https:\\\/\\\/schema.org\",\"@graph\":[{\"@type\":\"WebPage\",\"@id\":\"https:\\\/\\\/fgti-distribution.fr\\\/composites-haute-performance\\\/composites-haute-performance-gts\\\/\",\"url\":\"https:\\\/\\\/fgti-distribution.fr\\\/composites-haute-performance\\\/composites-haute-performance-gts\\\/\",\"name\":\"FGTI Distribution - Composites Haute Performance GTS\",\"isPartOf\":{\"@id\":\"https:\\\/\\\/fgti-distribution.fr\\\/#website\"},\"primaryImageOfPage\":{\"@id\":\"https:\\\/\\\/fgti-distribution.fr\\\/composites-haute-performance\\\/composites-haute-performance-gts\\\/#primaryimage\"},\"image\":{\"@id\":\"https:\\\/\\\/fgti-distribution.fr\\\/composites-haute-performance\\\/composites-haute-performance-gts\\\/#primaryimage\"},\"thumbnailUrl\":\"https:\\\/\\\/fgti-distribution.fr\\\/wp-content\\\/uploads\\\/2023\\\/02\\\/soufflet-composite.jpg\",\"datePublished\":\"2018-02-23T10:17:42+00:00\",\"dateModified\":\"2024-06-19T15:35:10+00:00\",\"description\":\"Composites Haute Performance GTS : caract\u00e9ristiques tribologiques exceptionnelles, r\u00e9sistance chimique et thermique. Support technique \u2705\",\"breadcrumb\":{\"@id\":\"https:\\\/\\\/fgti-distribution.fr\\\/composites-haute-performance\\\/composites-haute-performance-gts\\\/#breadcrumb\"},\"inLanguage\":\"es\",\"potentialAction\":[{\"@type\":\"ReadAction\",\"target\":[\"https:\\\/\\\/fgti-distribution.fr\\\/composites-haute-performance\\\/composites-haute-performance-gts\\\/\"]}]},{\"@type\":\"ImageObject\",\"inLanguage\":\"es\",\"@id\":\"https:\\\/\\\/fgti-distribution.fr\\\/composites-haute-performance\\\/composites-haute-performance-gts\\\/#primaryimage\",\"url\":\"https:\\\/\\\/fgti-distribution.fr\\\/wp-content\\\/uploads\\\/2023\\\/02\\\/soufflet-composite.jpg\",\"contentUrl\":\"https:\\\/\\\/fgti-distribution.fr\\\/wp-content\\\/uploads\\\/2023\\\/02\\\/soufflet-composite.jpg\",\"width\":1600,\"height\":430,\"caption\":\"soufflet composite\"},{\"@type\":\"BreadcrumbList\",\"@id\":\"https:\\\/\\\/fgti-distribution.fr\\\/composites-haute-performance\\\/composites-haute-performance-gts\\\/#breadcrumb\",\"itemListElement\":[{\"@type\":\"ListItem\",\"position\":1,\"name\":\"Home\",\"item\":\"https:\\\/\\\/fgti-distribution.fr\\\/\"},{\"@type\":\"ListItem\",\"position\":2,\"name\":\"Composites haute performance\",\"item\":\"https:\\\/\\\/fgti-distribution.fr\\\/composites-haute-performance\\\/\"},{\"@type\":\"ListItem\",\"position\":3,\"name\":\"Pr\u00e9sentation de GTS\"}]},{\"@type\":\"WebSite\",\"@id\":\"https:\\\/\\\/fgti-distribution.fr\\\/#website\",\"url\":\"https:\\\/\\\/fgti-distribution.fr\\\/\",\"name\":\"FGTI Distribution\",\"description\":\"Pi\u00e8ces techniques et services \u00e0 forte valeur ajout\u00e9e\",\"publisher\":{\"@id\":\"https:\\\/\\\/fgti-distribution.fr\\\/#organization\"},\"alternateName\":\"FGTI Distribution\",\"potentialAction\":[{\"@type\":\"SearchAction\",\"target\":{\"@type\":\"EntryPoint\",\"urlTemplate\":\"https:\\\/\\\/fgti-distribution.fr\\\/?s={search_term_string}\"},\"query-input\":{\"@type\":\"PropertyValueSpecification\",\"valueRequired\":true,\"valueName\":\"search_term_string\"}}],\"inLanguage\":\"es\"},{\"@type\":\"Organization\",\"@id\":\"https:\\\/\\\/fgti-distribution.fr\\\/#organization\",\"name\":\"FGTI Distribution\",\"alternateName\":\"FGTI Distribution\",\"url\":\"https:\\\/\\\/fgti-distribution.fr\\\/\",\"logo\":{\"@type\":\"ImageObject\",\"inLanguage\":\"es\",\"@id\":\"https:\\\/\\\/fgti-distribution.fr\\\/#\\\/schema\\\/logo\\\/image\\\/\",\"url\":\"https:\\\/\\\/fgti-distribution.fr\\\/wp-content\\\/uploads\\\/2022\\\/12\\\/logo.png\",\"contentUrl\":\"https:\\\/\\\/fgti-distribution.fr\\\/wp-content\\\/uploads\\\/2022\\\/12\\\/logo.png\",\"width\":500,\"height\":228,\"caption\":\"FGTI Distribution\"},\"image\":{\"@id\":\"https:\\\/\\\/fgti-distribution.fr\\\/#\\\/schema\\\/logo\\\/image\\\/\"},\"sameAs\":[\"https:\\\/\\\/www.linkedin.com\\\/company\\\/fgti-distribution\\\/\"]}]}<\/script>\n<!-- \/ Yoast SEO plugin. -->","yoast_head_json":{"title":"FGTI Distribuci\u00f3n - Composites de Alto Rendimiento GTS","description":"Compuestos GTS de Alto Rendimiento: caracter\u00edsticas tribol\u00f3gicas excepcionales, resistencia qu\u00edmica y t\u00e9rmica. Soporte t\u00e9cnico \u2705","robots":{"index":"index","follow":"follow","max-snippet":"max-snippet:-1","max-image-preview":"max-image-preview:large","max-video-preview":"max-video-preview:-1"},"canonical":"https:\/\/fgti-distribution.fr\/es\/compuestos-de-alto-rendimiento\/compuestos-de-alto-rendimiento-gts\/","og_locale":"es_ES","og_type":"article","og_title":"FGTI Distribution - Composites Haute Performance GTS","og_description":"Composites Haute Performance GTS : caract\u00e9ristiques tribologiques exceptionnelles, r\u00e9sistance chimique et thermique. Support technique \u2705","og_url":"https:\/\/fgti-distribution.fr\/es\/compuestos-de-alto-rendimiento\/compuestos-de-alto-rendimiento-gts\/","og_site_name":"FGTI Distribution","article_modified_time":"2024-06-19T15:35:10+00:00","og_image":[{"width":1600,"height":430,"url":"https:\/\/fgti-distribution.fr\/wp-content\/uploads\/2023\/02\/soufflet-composite.jpg","type":"image\/jpeg"}],"twitter_card":"summary_large_image","twitter_misc":{"Est. reading time":"1 minuto"},"schema":{"@context":"https:\/\/schema.org","@graph":[{"@type":"WebPage","@id":"https:\/\/fgti-distribution.fr\/composites-haute-performance\/composites-haute-performance-gts\/","url":"https:\/\/fgti-distribution.fr\/composites-haute-performance\/composites-haute-performance-gts\/","name":"FGTI Distribuci\u00f3n - Composites de Alto Rendimiento GTS","isPartOf":{"@id":"https:\/\/fgti-distribution.fr\/#website"},"primaryImageOfPage":{"@id":"https:\/\/fgti-distribution.fr\/composites-haute-performance\/composites-haute-performance-gts\/#primaryimage"},"image":{"@id":"https:\/\/fgti-distribution.fr\/composites-haute-performance\/composites-haute-performance-gts\/#primaryimage"},"thumbnailUrl":"https:\/\/fgti-distribution.fr\/wp-content\/uploads\/2023\/02\/soufflet-composite.jpg","datePublished":"2018-02-23T10:17:42+00:00","dateModified":"2024-06-19T15:35:10+00:00","description":"Compuestos GTS de Alto Rendimiento: caracter\u00edsticas tribol\u00f3gicas excepcionales, resistencia qu\u00edmica y t\u00e9rmica. Soporte t\u00e9cnico \u2705","breadcrumb":{"@id":"https:\/\/fgti-distribution.fr\/composites-haute-performance\/composites-haute-performance-gts\/#breadcrumb"},"inLanguage":"es","potentialAction":[{"@type":"ReadAction","target":["https:\/\/fgti-distribution.fr\/composites-haute-performance\/composites-haute-performance-gts\/"]}]},{"@type":"ImageObject","inLanguage":"es","@id":"https:\/\/fgti-distribution.fr\/composites-haute-performance\/composites-haute-performance-gts\/#primaryimage","url":"https:\/\/fgti-distribution.fr\/wp-content\/uploads\/2023\/02\/soufflet-composite.jpg","contentUrl":"https:\/\/fgti-distribution.fr\/wp-content\/uploads\/2023\/02\/soufflet-composite.jpg","width":1600,"height":430,"caption":"soufflet composite"},{"@type":"BreadcrumbList","@id":"https:\/\/fgti-distribution.fr\/composites-haute-performance\/composites-haute-performance-gts\/#breadcrumb","itemListElement":[{"@type":"ListItem","position":1,"name":"Home","item":"https:\/\/fgti-distribution.fr\/"},{"@type":"ListItem","position":2,"name":"Composites haute performance","item":"https:\/\/fgti-distribution.fr\/composites-haute-performance\/"},{"@type":"ListItem","position":3,"name":"Pr\u00e9sentation de GTS"}]},{"@type":"WebSite","@id":"https:\/\/fgti-distribution.fr\/#website","url":"https:\/\/fgti-distribution.fr\/","name":"Distribuci\u00f3n FGTI","description":"Piezas t\u00e9cnicas y servicios de alto valor a\u00f1adido","publisher":{"@id":"https:\/\/fgti-distribution.fr\/#organization"},"alternateName":"FGTI Distribution","potentialAction":[{"@type":"SearchAction","target":{"@type":"EntryPoint","urlTemplate":"https:\/\/fgti-distribution.fr\/?s={search_term_string}"},"query-input":{"@type":"PropertyValueSpecification","valueRequired":true,"valueName":"search_term_string"}}],"inLanguage":"es"},{"@type":"Organization","@id":"https:\/\/fgti-distribution.fr\/#organization","name":"Distribuci\u00f3n FGTI","alternateName":"FGTI Distribution","url":"https:\/\/fgti-distribution.fr\/","logo":{"@type":"ImageObject","inLanguage":"es","@id":"https:\/\/fgti-distribution.fr\/#\/schema\/logo\/image\/","url":"https:\/\/fgti-distribution.fr\/wp-content\/uploads\/2022\/12\/logo.png","contentUrl":"https:\/\/fgti-distribution.fr\/wp-content\/uploads\/2022\/12\/logo.png","width":500,"height":228,"caption":"FGTI Distribution"},"image":{"@id":"https:\/\/fgti-distribution.fr\/#\/schema\/logo\/image\/"},"sameAs":["https:\/\/www.linkedin.com\/company\/fgti-distribution\/"]}]}},"_links":{"self":[{"href":"https:\/\/fgti-distribution.fr\/es\/wp-json\/wp\/v2\/pages\/4315","targetHints":{"allow":["GET"]}}],"collection":[{"href":"https:\/\/fgti-distribution.fr\/es\/wp-json\/wp\/v2\/pages"}],"about":[{"href":"https:\/\/fgti-distribution.fr\/es\/wp-json\/wp\/v2\/types\/page"}],"author":[{"embeddable":true,"href":"https:\/\/fgti-distribution.fr\/es\/wp-json\/wp\/v2\/users\/1"}],"replies":[{"embeddable":true,"href":"https:\/\/fgti-distribution.fr\/es\/wp-json\/wp\/v2\/comments?post=4315"}],"version-history":[{"count":28,"href":"https:\/\/fgti-distribution.fr\/es\/wp-json\/wp\/v2\/pages\/4315\/revisions"}],"predecessor-version":[{"id":9803,"href":"https:\/\/fgti-distribution.fr\/es\/wp-json\/wp\/v2\/pages\/4315\/revisions\/9803"}],"up":[{"embeddable":true,"href":"https:\/\/fgti-distribution.fr\/es\/wp-json\/wp\/v2\/pages\/4313"}],"wp:featuredmedia":[{"embeddable":true,"href":"https:\/\/fgti-distribution.fr\/es\/wp-json\/wp\/v2\/media\/7202"}],"wp:attachment":[{"href":"https:\/\/fgti-distribution.fr\/es\/wp-json\/wp\/v2\/media?parent=4315"}],"curies":[{"name":"wp","href":"https:\/\/api.w.org\/{rel}","templated":true}]}}