{"id":4323,"date":"2018-02-23T10:25:00","date_gmt":"2018-02-23T10:25:00","guid":{"rendered":"https:\/\/fgti-distribution.fr\/?page_id=4323"},"modified":"2024-02-05T15:14:07","modified_gmt":"2024-02-05T15:14:07","slug":"loffre-fgti-distribution","status":"publish","type":"page","link":"https:\/\/fgti-distribution.fr\/es\/composites-haute-performance\/loffre-fgti-distribution\/","title":{"rendered":"La oferta FGTI Distribution"},"content":{"rendered":"<section id=\"bt_bb_section69d4b77089ae4\" class=\"bt_bb_section bt_bb_layout_boxed_1200\"  data-bt-override-class=\"null\"><div class=\"bt_bb_port\"><div class=\"bt_bb_cell\"><div class=\"bt_bb_cell_inner\"><div class=\"bt_bb_row\"  data-bt-override-class=\"{}\"><div class=\"bt_bb_row_holder\" ><div  class=\"bt_bb_column col-xxl-9 col-xl-9 col-xs-12 col-sm-12 col-md-12 col-lg-9 bt_bb_vertical_align_top bt_bb_align_left bt_bb_padding_normal\" style=\"; --column-width:9;\" data-width=\"9\" data-bt-override-class=\"{}\"><div class=\"bt_bb_column_content\"><div class=\"bt_bb_column_content_inner\"><div class=\"bt_bb_raw_content\"><div class=\"bt_bb_wrapper\"><div id=\"pl-4323\" class=\"panel-layout\"><div id=\"pg-4323-0\" class=\"panel-grid panel-no-style\"><div id=\"pgc-4323-0-0\" class=\"panel-grid-cell\"><div id=\"panel-4323-0-0-0\" class=\"so-panel widget widget_text panel-first-child panel-last-child\" data-index=\"0\">\t\t\t<div class=\"textwidget\"><div style=\"color: #BABABA; font-size: 12px; margin-bottom: 20px;\">FGTI-Distribution > COMPOSITES GTS > L'offre FGTI<\/div><\/div>\n\t\t<\/div><\/div><\/div><div id=\"pg-4323-1\" class=\"panel-grid panel-no-style\"><div id=\"pgc-4323-1-0\" class=\"panel-grid-cell\"><div id=\"panel-4323-1-0-0\" class=\"so-panel widget widget_text panel-first-child panel-last-child\" data-index=\"1\"><div class=\"panel-widget-style panel-widget-style-for-4323-1-0-0\">\t\t\t<div class=\"textwidget\"><h2 style=\"color: #9F331B;\">Des mat\u00e9riaux \u00e0 haute performance et des composites sp\u00e9cialement d\u00e9velopp\u00e9s<\/h2>\n<ul>\n<li>Soufflets<\/li>\n<li>Membranes<\/li>\n<li>Pi\u00e8ces frais\u00e9es (usinage 5 axes) <\/li>\n<li>Equipement de laboratoire (par exemple \u00e9prouvettes)<\/li>\n<li>PTFE poreux (filtres poreux, membranes, mesure lumineuse, \u2026)<\/li>\n<li>Pi\u00e8ces bi-mati\u00e8re PTFE \/ acier<\/li>\n<li>Activation de surface<\/li>\n<li>Ebauche (\u00d8 25 \u2013 \u00d8 800 mm)<\/li>\n<\/ul>\n<br><br>\n<h3 style=\"color: #9F331B; text-transform: none;font-size: 16px;font-weight: bold;\">Domaines d\u2019application<\/h3>\n<ul>\n<li>Analyse \/ technique de laboratoire<\/li>\n<li>Industrie alimentaire<\/li>\n<li>Industrie m\u00e9dicale<\/li>\n<li>Industrie chimique<\/li>\n<li>P\u00e9trole et gaz<\/li>\n<li>Automobile<\/li>\n<li>M\u00e9canique<\/li>\n<li>Construction de machines<\/li>\n<\/ul>\n<br><br>\n<h3 style=\"color: #9F331B; text-transform: none;font-size: 16px;font-weight: bold;\">Ventajas<\/h3>\n<ul>\n<li>Fabrication en sur mesure int\u00e9gral<\/li>\n<li>Parfaite adaptabilit\u00e9 \u00e0 l\u2019application (mati\u00e8re, design, dimensions)<\/li>\n<li>Grand parc de machines : grande flexibilit\u00e9 de production<\/li>\n<li>Fabrication \u00e0 l\u2019unit\u00e9 par l\u2019usinage (pas de frais de moule)<\/li>\n<\/ul>\n<br><br><\/div>\n\t\t<\/div><\/div><\/div><div id=\"pgc-4323-1-1\" class=\"panel-grid-cell\"><div id=\"panel-4323-1-1-0\" class=\"so-panel widget widget_sow-image panel-first-child panel-last-child\" data-index=\"2\"><div class=\"so-widget-sow-image so-widget-sow-image-default-d6014b76747a-4323\">\n\n\n\n<\/div><\/div><\/div><\/div><\/div><\/div><\/div><\/div><\/div><\/div><div  class=\"bt_bb_column col-xxl-3 col-xl-3 col-xs-12 col-sm-12 col-md-12 col-lg-3 bt_bb_vertical_align_top bt_bb_align_left bt_bb_padding_normal\" style=\"; --column-width:3;\" data-width=\"3\" data-bt-override-class=\"{}\"><div class=\"bt_bb_column_content\"><div class=\"bt_bb_column_content_inner\"><div class=\"bt_bb_image bt_bb_shape_square bt_bb_target_self bt_bb_align_inherit bt_bb_hover_style_simple bt_bb_content_display_always bt_bb_content_align_middle bt_bb_remove_padding_yes bt_bb_fill_background_color_full\" data-bt-override-class=\"{&quot;bt_bb_align_&quot;:{&quot;current_class&quot;:&quot;bt_bb_align_inherit&quot;,&quot;def&quot;:&quot;inherit&quot;,&quot;xl&quot;:&quot;inherit&quot;}}\"><span><img loading=\"lazy\" decoding=\"async\" width=\"200\" height=\"894\" src=\"https:\/\/fgti-distribution.fr\/wp-content\/uploads\/2018\/02\/composites-haute-performance.jpg\" class=\"attachment-full size-full\" alt=\"compuestos de alto rendimiento\" data-full_image_src=\"https:\/\/fgti-distribution.fr\/wp-content\/uploads\/2018\/02\/composites-haute-performance.jpg\" srcset=\"https:\/\/fgti-distribution.fr\/wp-content\/uploads\/2018\/02\/composites-haute-performance.jpg 200w, https:\/\/fgti-distribution.fr\/wp-content\/uploads\/2018\/02\/composites-haute-performance-67x300.jpg 67w\" sizes=\"auto, (max-width: 200px) 100vw, 200px\" \/><\/span><\/div><\/div><\/div><\/div><\/div><\/div><\/div><!-- cell_inner --><\/div><!-- cell --><\/div><!-- port --><\/section>","protected":false},"excerpt":{"rendered":"","protected":false},"author":1,"featured_media":7176,"parent":4313,"menu_order":0,"comment_status":"closed","ping_status":"closed","template":"","meta":{"footnotes":""},"class_list":["post-4323","page","type-page","status-publish","has-post-thumbnail","hentry"],"yoast_head":"<!-- This site is optimized with the Yoast SEO plugin v27.3 - https:\/\/yoast.com\/product\/yoast-seo-wordpress\/ -->\n<title>FGTI Distribution : des composites sp\u00e9cialement d\u00e9velopp\u00e9s<\/title>\n<meta name=\"description\" content=\"L&#039;offre FGTI Distribution : soufflets, membranes, pi\u00e8ces frais\u00e9es, \u00e9quipement de laboratoire, PTFE poreux, pi\u00e8ces bi-mati\u00e8re PTFE \/ acier...\" \/>\n<meta name=\"robots\" content=\"index, follow, max-snippet:-1, max-image-preview:large, max-video-preview:-1\" \/>\n<link rel=\"canonical\" href=\"https:\/\/fgti-distribution.fr\/es\/compuestos-de-alto-rendimiento\/loffre-fgti-distribution\/\" \/>\n<meta property=\"og:locale\" content=\"es_ES\" \/>\n<meta property=\"og:type\" content=\"article\" \/>\n<meta property=\"og:title\" content=\"FGTI Distribution : des composites sp\u00e9cialement d\u00e9velopp\u00e9s\" \/>\n<meta property=\"og:description\" content=\"L&#039;offre FGTI Distribution : soufflets, membranes, pi\u00e8ces frais\u00e9es, \u00e9quipement de laboratoire, PTFE poreux, pi\u00e8ces bi-mati\u00e8re PTFE \/ acier...\" \/>\n<meta property=\"og:url\" content=\"https:\/\/fgti-distribution.fr\/es\/compuestos-de-alto-rendimiento\/loffre-fgti-distribution\/\" \/>\n<meta property=\"og:site_name\" content=\"FGTI Distribution\" \/>\n<meta property=\"article:modified_time\" content=\"2024-02-05T15:14:07+00:00\" \/>\n<meta property=\"og:image\" content=\"https:\/\/fgti-distribution.fr\/wp-content\/uploads\/2023\/02\/composites-ptfe-pro.jpg\" \/>\n\t<meta property=\"og:image:width\" content=\"1600\" \/>\n\t<meta property=\"og:image:height\" content=\"430\" \/>\n\t<meta property=\"og:image:type\" content=\"image\/jpeg\" \/>\n<meta name=\"twitter:card\" content=\"summary_large_image\" \/>\n<meta name=\"twitter:label1\" content=\"Est. reading time\" \/>\n\t<meta name=\"twitter:data1\" content=\"1 minuto\" \/>\n<script type=\"application\/ld+json\" class=\"yoast-schema-graph\">{\"@context\":\"https:\\\/\\\/schema.org\",\"@graph\":[{\"@type\":\"WebPage\",\"@id\":\"https:\\\/\\\/fgti-distribution.fr\\\/composites-haute-performance\\\/loffre-fgti-distribution\\\/\",\"url\":\"https:\\\/\\\/fgti-distribution.fr\\\/composites-haute-performance\\\/loffre-fgti-distribution\\\/\",\"name\":\"FGTI Distribution : des composites sp\u00e9cialement d\u00e9velopp\u00e9s\",\"isPartOf\":{\"@id\":\"https:\\\/\\\/fgti-distribution.fr\\\/#website\"},\"primaryImageOfPage\":{\"@id\":\"https:\\\/\\\/fgti-distribution.fr\\\/composites-haute-performance\\\/loffre-fgti-distribution\\\/#primaryimage\"},\"image\":{\"@id\":\"https:\\\/\\\/fgti-distribution.fr\\\/composites-haute-performance\\\/loffre-fgti-distribution\\\/#primaryimage\"},\"thumbnailUrl\":\"https:\\\/\\\/fgti-distribution.fr\\\/wp-content\\\/uploads\\\/2023\\\/02\\\/composites-ptfe-pro.jpg\",\"datePublished\":\"2018-02-23T10:25:00+00:00\",\"dateModified\":\"2024-02-05T15:14:07+00:00\",\"description\":\"L'offre FGTI Distribution : soufflets, membranes, pi\u00e8ces frais\u00e9es, \u00e9quipement de laboratoire, PTFE poreux, pi\u00e8ces bi-mati\u00e8re PTFE \\\/ acier...\",\"breadcrumb\":{\"@id\":\"https:\\\/\\\/fgti-distribution.fr\\\/composites-haute-performance\\\/loffre-fgti-distribution\\\/#breadcrumb\"},\"inLanguage\":\"es\",\"potentialAction\":[{\"@type\":\"ReadAction\",\"target\":[\"https:\\\/\\\/fgti-distribution.fr\\\/composites-haute-performance\\\/loffre-fgti-distribution\\\/\"]}]},{\"@type\":\"ImageObject\",\"inLanguage\":\"es\",\"@id\":\"https:\\\/\\\/fgti-distribution.fr\\\/composites-haute-performance\\\/loffre-fgti-distribution\\\/#primaryimage\",\"url\":\"https:\\\/\\\/fgti-distribution.fr\\\/wp-content\\\/uploads\\\/2023\\\/02\\\/composites-ptfe-pro.jpg\",\"contentUrl\":\"https:\\\/\\\/fgti-distribution.fr\\\/wp-content\\\/uploads\\\/2023\\\/02\\\/composites-ptfe-pro.jpg\",\"width\":1600,\"height\":430,\"caption\":\"composites ptfe pro\"},{\"@type\":\"BreadcrumbList\",\"@id\":\"https:\\\/\\\/fgti-distribution.fr\\\/composites-haute-performance\\\/loffre-fgti-distribution\\\/#breadcrumb\",\"itemListElement\":[{\"@type\":\"ListItem\",\"position\":1,\"name\":\"Home\",\"item\":\"https:\\\/\\\/fgti-distribution.fr\\\/\"},{\"@type\":\"ListItem\",\"position\":2,\"name\":\"Composites haute performance\",\"item\":\"https:\\\/\\\/fgti-distribution.fr\\\/composites-haute-performance\\\/\"},{\"@type\":\"ListItem\",\"position\":3,\"name\":\"L\u2019offre FGTI Distribution\"}]},{\"@type\":\"WebSite\",\"@id\":\"https:\\\/\\\/fgti-distribution.fr\\\/#website\",\"url\":\"https:\\\/\\\/fgti-distribution.fr\\\/\",\"name\":\"FGTI Distribution\",\"description\":\"Pi\u00e8ces techniques et services \u00e0 forte valeur ajout\u00e9e\",\"publisher\":{\"@id\":\"https:\\\/\\\/fgti-distribution.fr\\\/#organization\"},\"alternateName\":\"FGTI Distribution\",\"potentialAction\":[{\"@type\":\"SearchAction\",\"target\":{\"@type\":\"EntryPoint\",\"urlTemplate\":\"https:\\\/\\\/fgti-distribution.fr\\\/?s={search_term_string}\"},\"query-input\":{\"@type\":\"PropertyValueSpecification\",\"valueRequired\":true,\"valueName\":\"search_term_string\"}}],\"inLanguage\":\"es\"},{\"@type\":\"Organization\",\"@id\":\"https:\\\/\\\/fgti-distribution.fr\\\/#organization\",\"name\":\"FGTI Distribution\",\"alternateName\":\"FGTI Distribution\",\"url\":\"https:\\\/\\\/fgti-distribution.fr\\\/\",\"logo\":{\"@type\":\"ImageObject\",\"inLanguage\":\"es\",\"@id\":\"https:\\\/\\\/fgti-distribution.fr\\\/#\\\/schema\\\/logo\\\/image\\\/\",\"url\":\"https:\\\/\\\/fgti-distribution.fr\\\/wp-content\\\/uploads\\\/2022\\\/12\\\/logo.png\",\"contentUrl\":\"https:\\\/\\\/fgti-distribution.fr\\\/wp-content\\\/uploads\\\/2022\\\/12\\\/logo.png\",\"width\":500,\"height\":228,\"caption\":\"FGTI Distribution\"},\"image\":{\"@id\":\"https:\\\/\\\/fgti-distribution.fr\\\/#\\\/schema\\\/logo\\\/image\\\/\"},\"sameAs\":[\"https:\\\/\\\/www.linkedin.com\\\/company\\\/fgti-distribution\\\/\"]}]}<\/script>\n<!-- \/ Yoast SEO plugin. -->","yoast_head_json":{"title":"FGTI Distribution : des composites sp\u00e9cialement d\u00e9velopp\u00e9s","description":"L'offre FGTI Distribution : soufflets, membranes, pi\u00e8ces frais\u00e9es, \u00e9quipement de laboratoire, PTFE poreux, pi\u00e8ces bi-mati\u00e8re PTFE \/ acier...","robots":{"index":"index","follow":"follow","max-snippet":"max-snippet:-1","max-image-preview":"max-image-preview:large","max-video-preview":"max-video-preview:-1"},"canonical":"https:\/\/fgti-distribution.fr\/es\/compuestos-de-alto-rendimiento\/loffre-fgti-distribution\/","og_locale":"es_ES","og_type":"article","og_title":"FGTI Distribution : des composites sp\u00e9cialement d\u00e9velopp\u00e9s","og_description":"L'offre FGTI Distribution : soufflets, membranes, pi\u00e8ces frais\u00e9es, \u00e9quipement de laboratoire, PTFE poreux, pi\u00e8ces bi-mati\u00e8re PTFE \/ acier...","og_url":"https:\/\/fgti-distribution.fr\/es\/compuestos-de-alto-rendimiento\/loffre-fgti-distribution\/","og_site_name":"FGTI Distribution","article_modified_time":"2024-02-05T15:14:07+00:00","og_image":[{"width":1600,"height":430,"url":"https:\/\/fgti-distribution.fr\/wp-content\/uploads\/2023\/02\/composites-ptfe-pro.jpg","type":"image\/jpeg"}],"twitter_card":"summary_large_image","twitter_misc":{"Est. reading time":"1 minuto"},"schema":{"@context":"https:\/\/schema.org","@graph":[{"@type":"WebPage","@id":"https:\/\/fgti-distribution.fr\/composites-haute-performance\/loffre-fgti-distribution\/","url":"https:\/\/fgti-distribution.fr\/composites-haute-performance\/loffre-fgti-distribution\/","name":"FGTI Distribution : des composites sp\u00e9cialement d\u00e9velopp\u00e9s","isPartOf":{"@id":"https:\/\/fgti-distribution.fr\/#website"},"primaryImageOfPage":{"@id":"https:\/\/fgti-distribution.fr\/composites-haute-performance\/loffre-fgti-distribution\/#primaryimage"},"image":{"@id":"https:\/\/fgti-distribution.fr\/composites-haute-performance\/loffre-fgti-distribution\/#primaryimage"},"thumbnailUrl":"https:\/\/fgti-distribution.fr\/wp-content\/uploads\/2023\/02\/composites-ptfe-pro.jpg","datePublished":"2018-02-23T10:25:00+00:00","dateModified":"2024-02-05T15:14:07+00:00","description":"L'offre FGTI Distribution : soufflets, membranes, pi\u00e8ces frais\u00e9es, \u00e9quipement de laboratoire, PTFE poreux, pi\u00e8ces bi-mati\u00e8re PTFE \/ acier...","breadcrumb":{"@id":"https:\/\/fgti-distribution.fr\/composites-haute-performance\/loffre-fgti-distribution\/#breadcrumb"},"inLanguage":"es","potentialAction":[{"@type":"ReadAction","target":["https:\/\/fgti-distribution.fr\/composites-haute-performance\/loffre-fgti-distribution\/"]}]},{"@type":"ImageObject","inLanguage":"es","@id":"https:\/\/fgti-distribution.fr\/composites-haute-performance\/loffre-fgti-distribution\/#primaryimage","url":"https:\/\/fgti-distribution.fr\/wp-content\/uploads\/2023\/02\/composites-ptfe-pro.jpg","contentUrl":"https:\/\/fgti-distribution.fr\/wp-content\/uploads\/2023\/02\/composites-ptfe-pro.jpg","width":1600,"height":430,"caption":"composites ptfe pro"},{"@type":"BreadcrumbList","@id":"https:\/\/fgti-distribution.fr\/composites-haute-performance\/loffre-fgti-distribution\/#breadcrumb","itemListElement":[{"@type":"ListItem","position":1,"name":"Home","item":"https:\/\/fgti-distribution.fr\/"},{"@type":"ListItem","position":2,"name":"Composites haute performance","item":"https:\/\/fgti-distribution.fr\/composites-haute-performance\/"},{"@type":"ListItem","position":3,"name":"L\u2019offre FGTI Distribution"}]},{"@type":"WebSite","@id":"https:\/\/fgti-distribution.fr\/#website","url":"https:\/\/fgti-distribution.fr\/","name":"Distribuci\u00f3n FGTI","description":"Piezas t\u00e9cnicas y servicios de alto valor a\u00f1adido","publisher":{"@id":"https:\/\/fgti-distribution.fr\/#organization"},"alternateName":"FGTI Distribution","potentialAction":[{"@type":"SearchAction","target":{"@type":"EntryPoint","urlTemplate":"https:\/\/fgti-distribution.fr\/?s={search_term_string}"},"query-input":{"@type":"PropertyValueSpecification","valueRequired":true,"valueName":"search_term_string"}}],"inLanguage":"es"},{"@type":"Organization","@id":"https:\/\/fgti-distribution.fr\/#organization","name":"Distribuci\u00f3n FGTI","alternateName":"FGTI Distribution","url":"https:\/\/fgti-distribution.fr\/","logo":{"@type":"ImageObject","inLanguage":"es","@id":"https:\/\/fgti-distribution.fr\/#\/schema\/logo\/image\/","url":"https:\/\/fgti-distribution.fr\/wp-content\/uploads\/2022\/12\/logo.png","contentUrl":"https:\/\/fgti-distribution.fr\/wp-content\/uploads\/2022\/12\/logo.png","width":500,"height":228,"caption":"FGTI Distribution"},"image":{"@id":"https:\/\/fgti-distribution.fr\/#\/schema\/logo\/image\/"},"sameAs":["https:\/\/www.linkedin.com\/company\/fgti-distribution\/"]}]}},"_links":{"self":[{"href":"https:\/\/fgti-distribution.fr\/es\/wp-json\/wp\/v2\/pages\/4323","targetHints":{"allow":["GET"]}}],"collection":[{"href":"https:\/\/fgti-distribution.fr\/es\/wp-json\/wp\/v2\/pages"}],"about":[{"href":"https:\/\/fgti-distribution.fr\/es\/wp-json\/wp\/v2\/types\/page"}],"author":[{"embeddable":true,"href":"https:\/\/fgti-distribution.fr\/es\/wp-json\/wp\/v2\/users\/1"}],"replies":[{"embeddable":true,"href":"https:\/\/fgti-distribution.fr\/es\/wp-json\/wp\/v2\/comments?post=4323"}],"version-history":[{"count":8,"href":"https:\/\/fgti-distribution.fr\/es\/wp-json\/wp\/v2\/pages\/4323\/revisions"}],"predecessor-version":[{"id":9141,"href":"https:\/\/fgti-distribution.fr\/es\/wp-json\/wp\/v2\/pages\/4323\/revisions\/9141"}],"up":[{"embeddable":true,"href":"https:\/\/fgti-distribution.fr\/es\/wp-json\/wp\/v2\/pages\/4313"}],"wp:featuredmedia":[{"embeddable":true,"href":"https:\/\/fgti-distribution.fr\/es\/wp-json\/wp\/v2\/media\/7176"}],"wp:attachment":[{"href":"https:\/\/fgti-distribution.fr\/es\/wp-json\/wp\/v2\/media?parent=4323"}],"curies":[{"name":"wp","href":"https:\/\/api.w.org\/{rel}","templated":true}]}}