{"id":5186,"date":"2019-04-24T08:40:46","date_gmt":"2019-04-24T08:40:46","guid":{"rendered":"https:\/\/fgti-distribution.fr\/?page_id=5186"},"modified":"2024-04-30T07:53:16","modified_gmt":"2024-04-30T07:53:16","slug":"oferta-distribucion-fgti-idg","status":"publish","type":"page","link":"https:\/\/fgti-distribution.fr\/es\/joints-etancheite-idg\/offre-fgti-distribution-idg\/","title":{"rendered":"La oferta FGTI Distribution"},"content":{"rendered":"<section id=\"bt_bb_section69f0d80fa4c6a\" class=\"bt_bb_section bt_bb_layout_boxed_1200\"  data-bt-override-class=\"null\"><div class=\"bt_bb_port\"><div class=\"bt_bb_cell\"><div class=\"bt_bb_cell_inner\"><div class=\"bt_bb_row\"  data-bt-override-class=\"{}\"><div class=\"bt_bb_row_holder\" ><div  class=\"bt_bb_column col-xxl-12 col-xl-12 col-xs-12 col-sm-12 col-md-12 col-lg-12 bt_bb_vertical_align_top bt_bb_align_left bt_bb_padding_normal\" style=\"; --column-width:12;\" data-width=\"12\" data-bt-override-class=\"{}\"><div class=\"bt_bb_column_content\"><div class=\"bt_bb_column_content_inner\"><div class=\"bt_bb_raw_content\"><div style=\"color: #BABABA; font-size: 12px; margin-bottom: 20px;\">FGTI-Distribution &gt; Juntas de estanqueidad &gt; La oferta FGTI Distribution  <\/div>\n<h2 style=\"font-size: 22px; vertical-align: top; font-weight: bold; border-bottom: 1px solid #58B6FE; border-top-color: white; padding-bottom: 10px; margin-bottom: 20px;\">Juntas de estanqueidad: la oferta de FGTI Distribution<\/h2>\n<span style=\"font-size: 20px; text-transform: uppercase;\">\u00c1reas de aplicaci\u00f3n<\/span>\n<div style=\"margin: 15px 15px 15px;\">\n<h3 style=\"text-transform: none; font-weight: bold; font-size: 16px;\"><i class=\"far fa-hand-point-right\" style=\"font-size: 20px; vertical-align: text-top;\"><\/i> Sistemas de estanqueidad para la industria, mec\u00e1nica y automatismo (por ej. m\u00e1quina herramienta, cilindro, hidr\u00e1ulica, neum\u00e1tica)<\/h3>\nIDG-Dichtungstechnik ofrece una amplia gama de elementos de sellado y sistemas de estanqueidad est\u00e1tica o din\u00e1mica (rotaci\u00f3n o traslaci\u00f3n) de alta calidad. Para cumplir con los requisitos de los constructores de m\u00e1quinas, todos los productos IDG est\u00e1n en constante evoluci\u00f3n. Las adaptaciones de perfiles y materiales permiten afrontar los desaf\u00edos.\n<\/div>\n<img loading=\"lazy\" decoding=\"async\" src=\"https:\/\/fgti-distribution.fr\/wp-content\/uploads\/2019\/04\/fgti-distribution-joints-etancheite-idg.jpg\" width=\"880\" height=\"200\" srcset=\"https:\/\/fgti-distribution.fr\/wp-content\/uploads\/2019\/04\/fgti-distribution-joints-etancheite-idg.jpg 880w, https:\/\/fgti-distribution.fr\/wp-content\/uploads\/2019\/04\/fgti-distribution-joints-etancheite-idg-300x68.jpg 300w, https:\/\/fgti-distribution.fr\/wp-content\/uploads\/2019\/04\/fgti-distribution-joints-etancheite-idg-768x175.jpg 768w\" sizes=\"auto, (max-width: 880px) 100vw, 880px\" alt=\"Accesorios de distribuci\u00f3n FGTI Juntas de estanqueidad IDG\" class=\"so-widget-image\">\n<div style=\"margin: 15px 15px 0;\">\n<h3 style=\"text-transform: none; font-weight: bold; font-size: 16px;\"><i class=\"far fa-hand-point-right\" style=\"font-size: 20px; vertical-align: text-top;\"><\/i> Sistemas de sellado para la industria alimentaria (por ejemplo, manguito de gu\u00eda, pist\u00f3n dosificador monobloque as\u00e9ptico (inventado por IDG))<\/h3>\nEn la industria alimentaria, las juntas se ven sometidas a normas de higiene cada vez m\u00e1s estrictas. Gracias a la colaboraci\u00f3n con los fabricantes de m\u00e1quinas dosificadoras, IDG desarrolla soluciones de estanqueidad innovadoras, asegurando as\u00ed las condiciones ideales de limpieza en cumplimiento de las regulaciones y normas vigentes.\n<\/div>\n<img decoding=\"async\" src=\"https:\/\/fgti-distribution.fr\/wp-content\/uploads\/2019\/04\/fgti-distribution-joints-etancheite-industrie-1.jpg\" width=\"880\" height=\"200\" srcset=\"https:\/\/fgti-distribution.fr\/wp-content\/uploads\/2019\/04\/fgti-distribution-joints-etancheite-industrie-1.jpg 880w, https:\/\/fgti-distribution.fr\/wp-content\/uploads\/2019\/04\/fgti-distribution-joints-etancheite-industrie-1-300x68.jpg 300w, https:\/\/fgti-distribution.fr\/wp-content\/uploads\/2019\/04\/fgti-distribution-joints-etancheite-industrie-1-768x175.jpg 768w\" sizes=\"auto, (max-width: 880px) 100vw, 880px\" alt=\"FGTI Juntas de estanqueidad industria\" loading=\"lazy\" class=\"so-widget-image\">\n<div style=\"margin: 15px 15px 0;\">\n<h3 style=\"text-transform: none; font-weight: bold; font-size: 16px;\"><i class=\"far fa-hand-point-right\" style=\"font-size: 20px; vertical-align: text-top;\"><\/i> Sistemas de sellado para la industria hidroel\u00e9ctrica (por ejemplo, compuertas, anillos m\u00f3viles, \u00e1labes Kaplan, inyectores Pelton) <\/h3>\nLas juntas y los sistemas de sellado IDG desarrollados para las centrales hidr\u00e1ulicas responden a requisitos muy particulares de abrasi\u00f3n, presi\u00f3n, cavitaci\u00f3n, excentricidad\u2026 etc.\n<\/div>\n<img decoding=\"async\" src=\"https:\/\/fgti-distribution.fr\/wp-content\/uploads\/2019\/04\/fgti-distribution-joints-etancheite-industrie-electrique.jpg\" width=\"880\" height=\"200\" srcset=\"https:\/\/fgti-distribution.fr\/wp-content\/uploads\/2019\/04\/fgti-distribution-joints-etancheite-industrie-electrique.jpg 880w, https:\/\/fgti-distribution.fr\/wp-content\/uploads\/2019\/04\/fgti-distribution-joints-etancheite-industrie-electrique-300x68.jpg 300w, https:\/\/fgti-distribution.fr\/wp-content\/uploads\/2019\/04\/fgti-distribution-joints-etancheite-industrie-electrique-768x175.jpg 768w\" sizes=\"auto, (max-width: 880px) 100vw, 880px\" alt=\"FGTI Juntas de estanqueidad industria el\u00e9ctrica\" loading=\"lazy\" class=\"so-widget-image\">\n<div style=\"margin: 15px 15px 35px;\">\n<h3 style=\"text-transform: none; font-weight: bold; font-size: 16px;\"><i class=\"far fa-hand-point-right\" style=\"font-size: 20px; vertical-align: text-top;\"><\/i> Sistemas de sellado para la industria papelera (por ej. sellos de cojinetes)<\/h3>\n<\/div>\n<span style=\"font-size: 20px; text-transform: uppercase; line-height: 40px;\">Materiales y fabricaci\u00f3n<\/span>\n<ul>\n<li class=\"tiret\">Bases de PTFE, Poliuretano \u2013 preesforzadas con elast\u00f3meros<\/li>\n<li class=\"tiret\">Fabricaci\u00f3n \u00aba medida\u00bb a partir de desbastes mecanizados (sin moldes) de la pieza unitaria a la peque\u00f1a serie<\/li>\n<li class=\"tiret\">\u00d8 3 a 3000 mm por mecanizado, di\u00e1metros mayores por soldadura<\/li>\n<li class=\"tiret\">Certificaciones CE, FDA y 3A para materiales y productos desarrollados en la industria alimentaria.<\/li>\n<li class=\"tiret\">Certificaci\u00f3n ISO 9001<\/li>\n<\/ul>\n\n<span style=\"font-size: 20px; text-transform: uppercase; line-height: 40px;\">Alto rendimiento en entornos extremos<\/span>\n<ul>\n<li class=\"tiret\">\u00d8 grandes y muy grandes<\/li>\n<li class=\"tiret\">Entornos agresivos: qu\u00edmicos, aguas cargadas de arena, limo, sarro...<\/li>\n<li class=\"tiret\">Temperaturas muy altas<\/li>\n<li class=\"tiret\">Altas presiones muy altas<\/li>\n<li class=\"tiret\">Funcionamiento en seco<\/li>\n<li class=\"tiret\">Juegos importantes de excentricidad<\/li>\n<\/ul>\n\n<span style=\"font-size: 20px; text-transform: uppercase; line-height: 40px;\">Ventajas <\/span>\n<ul>\n<li class=\"tiret\">Est\u00e1ndar o a medida para adaptarse al entorno: adaptabilidad por material y perfil de junta a las dimensiones de la carcasa y a las condiciones de funcionamiento.<\/li>\n<li class=\"tiret\">Vida \u00fatil extendida, intervalos de mantenimiento mayores, menos paradas de operaci\u00f3n - Resistencia qu\u00edmica y t\u00e9rmica comprobada, coeficiente de fricci\u00f3n extremadamente bajo <\/li>\n<li class=\"tiret\">Material mecanizado, alta precisi\u00f3n de fabricaci\u00f3n, sin costos de molde<\/li>\n<li class=\"tiret\">Impermeabilidad, longevidad, fiabilidad, adaptabilidad, econom\u00eda<\/li>\n<\/ul>\n\n<span style=\"font-size: 20px; text-transform: uppercase; line-height: 40px;\">Tipos de producto:<\/span>\n\n<table  style=\"border: none;\">\n<tr  style=\"border: none;\">\n<td style=\"width:140px; border: none;\">\nJunta de estanqueidad<br \/>\nRotula giratoria<br \/>\nJunta de traslaci\u00f3n\n<\/td>\n<td style=\"width:140px; border: none;\">\n- Articulaci\u00f3n est\u00e1tica<br \/>\nJunta de v\u00e1stago<br \/>\n- Junta del pist\u00f3n\n<\/td>\n<td style=\"width:140px; border: none;\">\nJunta de gato<br \/>\nSellado de pala<br \/>\nJunta de inyector\n<\/td>\n<\/tr>\n<\/table><\/div><\/div><\/div><\/div><\/div><\/div><\/div><!-- cell_inner --><\/div><!-- cell --><\/div><!-- port --><\/section>","protected":false},"excerpt":{"rendered":"","protected":false},"author":1,"featured_media":7136,"parent":5052,"menu_order":0,"comment_status":"closed","ping_status":"closed","template":"","meta":{"footnotes":""},"class_list":["post-5186","page","type-page","status-publish","has-post-thumbnail","hentry"],"yoast_head":"<!-- This site is optimized with the Yoast SEO plugin v27.3 - https:\/\/yoast.com\/product\/yoast-seo-wordpress\/ -->\n<title>Joints d\u2019\u00e9tanch\u00e9it\u00e9 pour les professionnels : l&#039;offre FGTI Distribution<\/title>\n<meta name=\"description\" content=\"Joints d&#039;\u00e9tanch\u00e9it\u00e9 &gt; L&#039;offre FGTI Distribution. D\u00e9couvrez toutes les solutions de joints d&#039;\u00e9tanch\u00e9it\u00e9 : www.fgti-distribution.fr\" \/>\n<meta name=\"robots\" content=\"index, follow, max-snippet:-1, max-image-preview:large, max-video-preview:-1\" \/>\n<link rel=\"canonical\" href=\"https:\/\/fgti-distribution.fr\/es\/juntas-estanqueidad-idg\/oferta-distribucion-fgti-idg\/\" \/>\n<meta property=\"og:locale\" content=\"es_ES\" \/>\n<meta property=\"og:type\" content=\"article\" \/>\n<meta property=\"og:title\" content=\"Joints d\u2019\u00e9tanch\u00e9it\u00e9 pour les professionnels : l&#039;offre FGTI Distribution\" \/>\n<meta property=\"og:description\" content=\"Joints d&#039;\u00e9tanch\u00e9it\u00e9 &gt; L&#039;offre FGTI Distribution. D\u00e9couvrez toutes les solutions de joints d&#039;\u00e9tanch\u00e9it\u00e9 : www.fgti-distribution.fr\" \/>\n<meta property=\"og:url\" content=\"https:\/\/fgti-distribution.fr\/es\/juntas-estanqueidad-idg\/oferta-distribucion-fgti-idg\/\" \/>\n<meta property=\"og:site_name\" content=\"FGTI Distribution\" \/>\n<meta property=\"article:modified_time\" content=\"2024-04-30T07:53:16+00:00\" \/>\n<meta property=\"og:image\" content=\"https:\/\/fgti-distribution.fr\/wp-content\/uploads\/2023\/02\/fgti-distrribution-offre-idg.jpg\" \/>\n\t<meta property=\"og:image:width\" content=\"1600\" \/>\n\t<meta property=\"og:image:height\" content=\"430\" \/>\n\t<meta property=\"og:image:type\" content=\"image\/jpeg\" \/>\n<meta name=\"twitter:card\" content=\"summary_large_image\" \/>\n<meta name=\"twitter:label1\" content=\"Est. reading time\" \/>\n\t<meta name=\"twitter:data1\" content=\"1 minuto\" \/>\n<script type=\"application\/ld+json\" class=\"yoast-schema-graph\">{\"@context\":\"https:\\\/\\\/schema.org\",\"@graph\":[{\"@type\":\"WebPage\",\"@id\":\"https:\\\/\\\/fgti-distribution.fr\\\/joints-etancheite-idg\\\/offre-fgti-distribution-idg\\\/\",\"url\":\"https:\\\/\\\/fgti-distribution.fr\\\/joints-etancheite-idg\\\/offre-fgti-distribution-idg\\\/\",\"name\":\"Joints d\u2019\u00e9tanch\u00e9it\u00e9 pour les professionnels : l'offre FGTI Distribution\",\"isPartOf\":{\"@id\":\"https:\\\/\\\/fgti-distribution.fr\\\/#website\"},\"primaryImageOfPage\":{\"@id\":\"https:\\\/\\\/fgti-distribution.fr\\\/joints-etancheite-idg\\\/offre-fgti-distribution-idg\\\/#primaryimage\"},\"image\":{\"@id\":\"https:\\\/\\\/fgti-distribution.fr\\\/joints-etancheite-idg\\\/offre-fgti-distribution-idg\\\/#primaryimage\"},\"thumbnailUrl\":\"https:\\\/\\\/fgti-distribution.fr\\\/wp-content\\\/uploads\\\/2023\\\/02\\\/fgti-distrribution-offre-idg.jpg\",\"datePublished\":\"2019-04-24T08:40:46+00:00\",\"dateModified\":\"2024-04-30T07:53:16+00:00\",\"description\":\"Joints d'\u00e9tanch\u00e9it\u00e9 > L'offre FGTI Distribution. D\u00e9couvrez toutes les solutions de joints d'\u00e9tanch\u00e9it\u00e9 : www.fgti-distribution.fr\",\"breadcrumb\":{\"@id\":\"https:\\\/\\\/fgti-distribution.fr\\\/joints-etancheite-idg\\\/offre-fgti-distribution-idg\\\/#breadcrumb\"},\"inLanguage\":\"es\",\"potentialAction\":[{\"@type\":\"ReadAction\",\"target\":[\"https:\\\/\\\/fgti-distribution.fr\\\/joints-etancheite-idg\\\/offre-fgti-distribution-idg\\\/\"]}]},{\"@type\":\"ImageObject\",\"inLanguage\":\"es\",\"@id\":\"https:\\\/\\\/fgti-distribution.fr\\\/joints-etancheite-idg\\\/offre-fgti-distribution-idg\\\/#primaryimage\",\"url\":\"https:\\\/\\\/fgti-distribution.fr\\\/wp-content\\\/uploads\\\/2023\\\/02\\\/fgti-distrribution-offre-idg.jpg\",\"contentUrl\":\"https:\\\/\\\/fgti-distribution.fr\\\/wp-content\\\/uploads\\\/2023\\\/02\\\/fgti-distrribution-offre-idg.jpg\",\"width\":1600,\"height\":430,\"caption\":\"fgti distrribution offre idg\"},{\"@type\":\"BreadcrumbList\",\"@id\":\"https:\\\/\\\/fgti-distribution.fr\\\/joints-etancheite-idg\\\/offre-fgti-distribution-idg\\\/#breadcrumb\",\"itemListElement\":[{\"@type\":\"ListItem\",\"position\":1,\"name\":\"Home\",\"item\":\"https:\\\/\\\/fgti-distribution.fr\\\/\"},{\"@type\":\"ListItem\",\"position\":2,\"name\":\"Joints d&rsquo;\u00e9tanch\u00e9it\u00e9 IDG\",\"item\":\"https:\\\/\\\/fgti-distribution.fr\\\/joints-etancheite-idg\\\/\"},{\"@type\":\"ListItem\",\"position\":3,\"name\":\"L&rsquo;offre FGTI Distribution\"}]},{\"@type\":\"WebSite\",\"@id\":\"https:\\\/\\\/fgti-distribution.fr\\\/#website\",\"url\":\"https:\\\/\\\/fgti-distribution.fr\\\/\",\"name\":\"FGTI Distribution\",\"description\":\"Pi\u00e8ces techniques et services \u00e0 forte valeur ajout\u00e9e\",\"publisher\":{\"@id\":\"https:\\\/\\\/fgti-distribution.fr\\\/#organization\"},\"alternateName\":\"FGTI Distribution\",\"potentialAction\":[{\"@type\":\"SearchAction\",\"target\":{\"@type\":\"EntryPoint\",\"urlTemplate\":\"https:\\\/\\\/fgti-distribution.fr\\\/?s={search_term_string}\"},\"query-input\":{\"@type\":\"PropertyValueSpecification\",\"valueRequired\":true,\"valueName\":\"search_term_string\"}}],\"inLanguage\":\"es\"},{\"@type\":\"Organization\",\"@id\":\"https:\\\/\\\/fgti-distribution.fr\\\/#organization\",\"name\":\"FGTI Distribution\",\"alternateName\":\"FGTI Distribution\",\"url\":\"https:\\\/\\\/fgti-distribution.fr\\\/\",\"logo\":{\"@type\":\"ImageObject\",\"inLanguage\":\"es\",\"@id\":\"https:\\\/\\\/fgti-distribution.fr\\\/#\\\/schema\\\/logo\\\/image\\\/\",\"url\":\"https:\\\/\\\/fgti-distribution.fr\\\/wp-content\\\/uploads\\\/2022\\\/12\\\/logo.png\",\"contentUrl\":\"https:\\\/\\\/fgti-distribution.fr\\\/wp-content\\\/uploads\\\/2022\\\/12\\\/logo.png\",\"width\":500,\"height\":228,\"caption\":\"FGTI Distribution\"},\"image\":{\"@id\":\"https:\\\/\\\/fgti-distribution.fr\\\/#\\\/schema\\\/logo\\\/image\\\/\"},\"sameAs\":[\"https:\\\/\\\/www.linkedin.com\\\/company\\\/fgti-distribution\\\/\"]}]}<\/script>\n<!-- \/ Yoast SEO plugin. -->","yoast_head_json":{"title":"Juntas de estanqueidad para profesionales: la oferta de FGTI Distribution","description":"Juntas de sellado &gt; La oferta de FGTI Distribution. Descubra todas las soluciones de juntas de sellado: www.fgti-distribution.fr","robots":{"index":"index","follow":"follow","max-snippet":"max-snippet:-1","max-image-preview":"max-image-preview:large","max-video-preview":"max-video-preview:-1"},"canonical":"https:\/\/fgti-distribution.fr\/es\/juntas-estanqueidad-idg\/oferta-distribucion-fgti-idg\/","og_locale":"es_ES","og_type":"article","og_title":"Joints d\u2019\u00e9tanch\u00e9it\u00e9 pour les professionnels : l'offre FGTI Distribution","og_description":"Joints d'\u00e9tanch\u00e9it\u00e9 > L'offre FGTI Distribution. D\u00e9couvrez toutes les solutions de joints d'\u00e9tanch\u00e9it\u00e9 : www.fgti-distribution.fr","og_url":"https:\/\/fgti-distribution.fr\/es\/juntas-estanqueidad-idg\/oferta-distribucion-fgti-idg\/","og_site_name":"FGTI Distribution","article_modified_time":"2024-04-30T07:53:16+00:00","og_image":[{"width":1600,"height":430,"url":"https:\/\/fgti-distribution.fr\/wp-content\/uploads\/2023\/02\/fgti-distrribution-offre-idg.jpg","type":"image\/jpeg"}],"twitter_card":"summary_large_image","twitter_misc":{"Est. reading time":"1 minuto"},"schema":{"@context":"https:\/\/schema.org","@graph":[{"@type":"WebPage","@id":"https:\/\/fgti-distribution.fr\/joints-etancheite-idg\/offre-fgti-distribution-idg\/","url":"https:\/\/fgti-distribution.fr\/joints-etancheite-idg\/offre-fgti-distribution-idg\/","name":"Juntas de estanqueidad para profesionales: la oferta de FGTI Distribution","isPartOf":{"@id":"https:\/\/fgti-distribution.fr\/#website"},"primaryImageOfPage":{"@id":"https:\/\/fgti-distribution.fr\/joints-etancheite-idg\/offre-fgti-distribution-idg\/#primaryimage"},"image":{"@id":"https:\/\/fgti-distribution.fr\/joints-etancheite-idg\/offre-fgti-distribution-idg\/#primaryimage"},"thumbnailUrl":"https:\/\/fgti-distribution.fr\/wp-content\/uploads\/2023\/02\/fgti-distrribution-offre-idg.jpg","datePublished":"2019-04-24T08:40:46+00:00","dateModified":"2024-04-30T07:53:16+00:00","description":"Juntas de sellado &gt; La oferta de FGTI Distribution. Descubra todas las soluciones de juntas de sellado: www.fgti-distribution.fr","breadcrumb":{"@id":"https:\/\/fgti-distribution.fr\/joints-etancheite-idg\/offre-fgti-distribution-idg\/#breadcrumb"},"inLanguage":"es","potentialAction":[{"@type":"ReadAction","target":["https:\/\/fgti-distribution.fr\/joints-etancheite-idg\/offre-fgti-distribution-idg\/"]}]},{"@type":"ImageObject","inLanguage":"es","@id":"https:\/\/fgti-distribution.fr\/joints-etancheite-idg\/offre-fgti-distribution-idg\/#primaryimage","url":"https:\/\/fgti-distribution.fr\/wp-content\/uploads\/2023\/02\/fgti-distrribution-offre-idg.jpg","contentUrl":"https:\/\/fgti-distribution.fr\/wp-content\/uploads\/2023\/02\/fgti-distrribution-offre-idg.jpg","width":1600,"height":430,"caption":"fgti distrribution offre idg"},{"@type":"BreadcrumbList","@id":"https:\/\/fgti-distribution.fr\/joints-etancheite-idg\/offre-fgti-distribution-idg\/#breadcrumb","itemListElement":[{"@type":"ListItem","position":1,"name":"Home","item":"https:\/\/fgti-distribution.fr\/"},{"@type":"ListItem","position":2,"name":"Joints d&rsquo;\u00e9tanch\u00e9it\u00e9 IDG","item":"https:\/\/fgti-distribution.fr\/joints-etancheite-idg\/"},{"@type":"ListItem","position":3,"name":"L&rsquo;offre FGTI Distribution"}]},{"@type":"WebSite","@id":"https:\/\/fgti-distribution.fr\/#website","url":"https:\/\/fgti-distribution.fr\/","name":"Distribuci\u00f3n FGTI","description":"Piezas t\u00e9cnicas y servicios de alto valor a\u00f1adido","publisher":{"@id":"https:\/\/fgti-distribution.fr\/#organization"},"alternateName":"FGTI Distribution","potentialAction":[{"@type":"SearchAction","target":{"@type":"EntryPoint","urlTemplate":"https:\/\/fgti-distribution.fr\/?s={search_term_string}"},"query-input":{"@type":"PropertyValueSpecification","valueRequired":true,"valueName":"search_term_string"}}],"inLanguage":"es"},{"@type":"Organization","@id":"https:\/\/fgti-distribution.fr\/#organization","name":"Distribuci\u00f3n FGTI","alternateName":"FGTI Distribution","url":"https:\/\/fgti-distribution.fr\/","logo":{"@type":"ImageObject","inLanguage":"es","@id":"https:\/\/fgti-distribution.fr\/#\/schema\/logo\/image\/","url":"https:\/\/fgti-distribution.fr\/wp-content\/uploads\/2022\/12\/logo.png","contentUrl":"https:\/\/fgti-distribution.fr\/wp-content\/uploads\/2022\/12\/logo.png","width":500,"height":228,"caption":"FGTI Distribution"},"image":{"@id":"https:\/\/fgti-distribution.fr\/#\/schema\/logo\/image\/"},"sameAs":["https:\/\/www.linkedin.com\/company\/fgti-distribution\/"]}]}},"_links":{"self":[{"href":"https:\/\/fgti-distribution.fr\/es\/wp-json\/wp\/v2\/pages\/5186","targetHints":{"allow":["GET"]}}],"collection":[{"href":"https:\/\/fgti-distribution.fr\/es\/wp-json\/wp\/v2\/pages"}],"about":[{"href":"https:\/\/fgti-distribution.fr\/es\/wp-json\/wp\/v2\/types\/page"}],"author":[{"embeddable":true,"href":"https:\/\/fgti-distribution.fr\/es\/wp-json\/wp\/v2\/users\/1"}],"replies":[{"embeddable":true,"href":"https:\/\/fgti-distribution.fr\/es\/wp-json\/wp\/v2\/comments?post=5186"}],"version-history":[{"count":50,"href":"https:\/\/fgti-distribution.fr\/es\/wp-json\/wp\/v2\/pages\/5186\/revisions"}],"predecessor-version":[{"id":9437,"href":"https:\/\/fgti-distribution.fr\/es\/wp-json\/wp\/v2\/pages\/5186\/revisions\/9437"}],"up":[{"embeddable":true,"href":"https:\/\/fgti-distribution.fr\/es\/wp-json\/wp\/v2\/pages\/5052"}],"wp:featuredmedia":[{"embeddable":true,"href":"https:\/\/fgti-distribution.fr\/es\/wp-json\/wp\/v2\/media\/7136"}],"wp:attachment":[{"href":"https:\/\/fgti-distribution.fr\/es\/wp-json\/wp\/v2\/media?parent=5186"}],"curies":[{"name":"wp","href":"https:\/\/api.w.org\/{rel}","templated":true}]}}