{"id":5268,"date":"2019-04-25T12:10:09","date_gmt":"2019-04-25T12:10:09","guid":{"rendered":"https:\/\/fgti-distribution.fr\/?page_id=5268"},"modified":"2023-05-15T17:00:21","modified_gmt":"2023-05-15T17:00:21","slug":"gama-especifica-industria-alimentaria","status":"publish","type":"page","link":"https:\/\/fgti-distribution.fr\/es\/joints-etancheite-idg\/gamme-specifique-industrie-alimentaire\/","title":{"rendered":"Gama espec\u00edfica para la industria alimentaria"},"content":{"rendered":"<section id=\"bt_bb_section69d0240c547fa\" class=\"bt_bb_section bt_bb_layout_boxed_1200\"  data-bt-override-class=\"null\"><div class=\"bt_bb_port\"><div class=\"bt_bb_cell\"><div class=\"bt_bb_cell_inner\"><div class=\"bt_bb_row\"  data-bt-override-class=\"{}\"><div class=\"bt_bb_row_holder\" ><div  class=\"bt_bb_column col-xxl-12 col-xl-12 col-xs-12 col-sm-12 col-md-12 col-lg-12 bt_bb_vertical_align_top bt_bb_align_left bt_bb_padding_normal\" style=\"; --column-width:12;\" data-width=\"12\" data-bt-override-class=\"{}\"><div class=\"bt_bb_column_content\"><div class=\"bt_bb_column_content_inner\"><div class=\"bt_bb_raw_content\"><div class=\"textwidget custom-html-widget\"><div style=\"color: #BABABA; font-size: 12px; margin-bottom: 20px;\">FGTI-Distribution > Joints d\u2019\u00e9tanch\u00e9it\u00e9 > Catalogue > Gamme sp\u00e9cifique pour l\u2019industrie alimentaire <\/div>\n\nPour toute demande sp\u00e9cifique ou compl\u00e9ment d'informations, n'h\u00e9sitez pas \u00e0 nous contacter.\n<br \/><br \/>\n<div style=\"color: red; font-size: 18px; line-height: 45px; text-align: left; vertical-align: bottom; width: 100%; margin-top: 20px;\">T\u00e9l\u00e9charger le catalogue et les fiches techniques d\u00e9taill\u00e9es : <a title=\"FGTI Distribution - Catalogue ARaymond\" href=\"https:\/\/fgti-distribution.fr\/fiches_techniques\/Catalogue_FT.pdf\" target=\"_blank\"><img decoding=\"async\" src=\"https:\/\/fgti-distribution.fr\/wp-content\/themes\/twentyeleven\/images\/pdficon_large.png\" alt=\"\"><\/a><\/div>\n<br \/><br \/><br \/><br \/>\n<a href=\"#\"><div style=\"background-color: #172983; padding: 7px; text-align: center; margin: 20px 0px 10px 0px;\"><p class=\"titre1\" style=\"color: white; text-transform: uppercase;font-size: 21px;margin: 0;\">Gama espec\u00edfica para la industria alimentaria<\/p><\/div><\/a><\/div><\/div><\/div><\/div><\/div><\/div><div class=\"bt_bb_row\"  data-bt-override-class=\"{}\"><div class=\"bt_bb_row_holder\" ><div  class=\"bt_bb_column col-xxl-4 col-xl-4 col-xs-12 col-sm-12 col-md-12 col-lg-4 bt_bb_vertical_align_top bt_bb_align_left bt_bb_padding_normal\" style=\"; --column-width:4;\" data-width=\"4\" data-bt-override-class=\"{}\"><div class=\"bt_bb_column_content\"><div class=\"bt_bb_column_content_inner\"><div class=\"bt_bb_raw_content\"><a href=\"\/es\/juntas-estanqueidad-idg\/pistons-de-dosage\/\">\n\t\t\t<img decoding=\"async\" src=\"\/wp-content\/uploads\/2019\/04\/fgti-distribution-Piston-de-dosage.jpg\" alt=\"FGTI Distribution Pistons de dosage\"  style=\"padding: 20px;\">\n\t<\/a>\n<p style=\"text-align: center;\"><strong>Pistones dosificadores<\/strong><\/p><\/div><div class=\"bt_bb_separator bt_bb_top_spacing_normal bt_bb_bottom_spacing_small bt_bb_border_style_none\" data-bt-override-class=\"{&quot;bt_bb_top_spacing_&quot;:{&quot;current_class&quot;:&quot;bt_bb_top_spacing_normal&quot;,&quot;def&quot;:&quot;normal&quot;,&quot;xl&quot;:&quot;normal&quot;},&quot;bt_bb_bottom_spacing_&quot;:{&quot;current_class&quot;:&quot;bt_bb_bottom_spacing_small&quot;,&quot;def&quot;:&quot;small&quot;,&quot;xl&quot;:&quot;small&quot;}}\"><\/div><div class=\"bt_bb_raw_content\"><a href=\"\/es\/juntas-estanqueidad-idg\/gama-especifica-industria-alimentaria\/cartuchos\/\">\n\t\t\t<img decoding=\"async\" src=\"\/wp-content\/uploads\/2019\/04\/fgti-distribution-Douilles.jpg\" alt=\"FGTI Distribution Douilles\"  style=\"padding: 20px;\">\n\t<\/a>\n<p style=\"text-align: center;\"><strong>Cartuchos<\/strong><\/p><\/div><div class=\"bt_bb_separator bt_bb_top_spacing_normal bt_bb_bottom_spacing_small bt_bb_border_style_none\" data-bt-override-class=\"{&quot;bt_bb_top_spacing_&quot;:{&quot;current_class&quot;:&quot;bt_bb_top_spacing_normal&quot;,&quot;def&quot;:&quot;normal&quot;,&quot;xl&quot;:&quot;normal&quot;},&quot;bt_bb_bottom_spacing_&quot;:{&quot;current_class&quot;:&quot;bt_bb_bottom_spacing_small&quot;,&quot;def&quot;:&quot;small&quot;,&quot;xl&quot;:&quot;small&quot;}}\"><\/div><div class=\"bt_bb_raw_content\"><a href=\"\/es\/juntas-estanqueidad-idg\/gama-especifica-industria-alimentaria\/etancheite-statique\/\">\n\t\t\t<img decoding=\"async\" src=\"\/wp-content\/uploads\/2019\/04\/fgti-distribution-etancheites-statiques.jpg\" alt=\"FGTI Distribution Etanch\u00e9it\u00e9 statique\"  style=\"padding: 20px;\">\n\t<\/a>\n<p style=\"text-align: center;\"><strong>Impermeabilizaci\u00f3n est\u00e1tica<\/strong><\/p><\/div><\/div><\/div><\/div><div  class=\"bt_bb_column col-xxl-4 col-xl-4 col-xs-12 col-sm-12 col-md-12 col-lg-4 bt_bb_vertical_align_top bt_bb_align_left bt_bb_padding_normal\" style=\"; --column-width:4;\" data-width=\"4\" data-bt-override-class=\"{}\"><div class=\"bt_bb_column_content\"><div class=\"bt_bb_column_content_inner\"><div class=\"bt_bb_raw_content\"><a href=\"\/es\/juntas-estanqueidad-idg\/joints-de-piston\/\">\n\t\t\t<img decoding=\"async\" src=\"\/wp-content\/uploads\/2019\/04\/fgti-distribution-Joint-de-piston.jpg\" alt=\"FGTI Distribution Joints de piston\"  style=\"padding: 20px;\">\n\t<\/a>\n<p style=\"text-align: center;\"><strong>Juntas de pist\u00f3n<\/strong><\/p><\/div><div class=\"bt_bb_separator bt_bb_top_spacing_normal bt_bb_bottom_spacing_small bt_bb_border_style_none\" data-bt-override-class=\"{&quot;bt_bb_top_spacing_&quot;:{&quot;current_class&quot;:&quot;bt_bb_top_spacing_normal&quot;,&quot;def&quot;:&quot;normal&quot;,&quot;xl&quot;:&quot;normal&quot;},&quot;bt_bb_bottom_spacing_&quot;:{&quot;current_class&quot;:&quot;bt_bb_bottom_spacing_small&quot;,&quot;def&quot;:&quot;small&quot;,&quot;xl&quot;:&quot;small&quot;}}\"><\/div><div class=\"bt_bb_raw_content\"><a href=\"\/es\/juntas-estanqueidad-idg\/gama-especifica-industria-alimentaria\/joints-d-arbre\/\">\n\t\t\t<img decoding=\"async\" src=\"\/wp-content\/uploads\/2019\/04\/fgti-distribution-Joint-arbre.jpg\" alt=\"FGTI Distribution Joints d\u2019arbre\"  style=\"padding: 20px;\">\n\t<\/a>\n<p style=\"text-align: center;\"><strong>Juntas de eje<\/strong><\/p><\/div><div class=\"bt_bb_separator bt_bb_top_spacing_normal bt_bb_bottom_spacing_small bt_bb_border_style_none\" data-bt-override-class=\"{&quot;bt_bb_top_spacing_&quot;:{&quot;current_class&quot;:&quot;bt_bb_top_spacing_normal&quot;,&quot;def&quot;:&quot;normal&quot;,&quot;xl&quot;:&quot;normal&quot;},&quot;bt_bb_bottom_spacing_&quot;:{&quot;current_class&quot;:&quot;bt_bb_bottom_spacing_small&quot;,&quot;def&quot;:&quot;small&quot;,&quot;xl&quot;:&quot;small&quot;}}\"><\/div><div class=\"bt_bb_raw_content\"><a href=\"\/es\/juntas-estanqueidad-idg\/gama-especifica-industria-alimentaria\/matieres-detectables\/\">\n\t\t\t<img decoding=\"async\" src=\"\/wp-content\/uploads\/2019\/04\/fgti-distribution-Matieres.jpg\" alt=\"FGTI Distribution Mati\u00e8res d\u00e9tectables\"  style=\"padding: 20px;\">\n\t<\/a>\n<p style=\"text-align: center;\"><strong>Materias detectables<\/strong><\/p><\/div><\/div><\/div><\/div><div  class=\"bt_bb_column col-xxl-4 col-xl-4 col-xs-12 col-sm-12 col-md-12 col-lg-4 bt_bb_vertical_align_top bt_bb_align_left bt_bb_padding_normal\" style=\"; --column-width:4;\" data-width=\"4\" data-bt-override-class=\"{}\"><div class=\"bt_bb_column_content\"><div class=\"bt_bb_column_content_inner\"><div class=\"bt_bb_raw_content\"><a href=\"\/es\/juntas-estanqueidad-idg\/gama-especifica-industria-alimentaria\/\/juntas-de-vastago\/\">\n\t\t\t<img decoding=\"async\" src=\"\/wp-content\/uploads\/2019\/04\/fgti-distribution-Joint-de-tige.jpg\" alt=\"FGTI Distribution Joints de tige\"  style=\"padding: 20px;\">\n\t<\/a>\n<p style=\"text-align: center;\"><strong>Juntas de v\u00e1stago<\/strong><\/p><\/div><div class=\"bt_bb_separator bt_bb_top_spacing_normal bt_bb_bottom_spacing_small bt_bb_border_style_none\" data-bt-override-class=\"{&quot;bt_bb_top_spacing_&quot;:{&quot;current_class&quot;:&quot;bt_bb_top_spacing_normal&quot;,&quot;def&quot;:&quot;normal&quot;,&quot;xl&quot;:&quot;normal&quot;},&quot;bt_bb_bottom_spacing_&quot;:{&quot;current_class&quot;:&quot;bt_bb_bottom_spacing_small&quot;,&quot;def&quot;:&quot;small&quot;,&quot;xl&quot;:&quot;small&quot;}}\"><\/div><div class=\"bt_bb_raw_content\"><a href=\"\/es\/juntas-estanqueidad-idg\/gama-especifica-industria-alimentaria\/joint-axial\/\">\n\t\t\t<img decoding=\"async\" src=\"\/wp-content\/uploads\/2019\/04\/fgti-distribution-Joint-axial.jpg\" alt=\"FGTI Distribution Joints axial\"  style=\"padding: 20px;\">\n\t<\/a>\n<p style=\"text-align: center;\"><strong>Joints axial<\/strong><\/p><\/div><\/div><\/div><\/div><\/div><\/div><\/div><!-- cell_inner --><\/div><!-- cell --><\/div><!-- port --><\/section>","protected":false},"excerpt":{"rendered":"","protected":false},"author":1,"featured_media":7053,"parent":5052,"menu_order":0,"comment_status":"closed","ping_status":"closed","template":"","meta":{"footnotes":""},"class_list":["post-5268","page","type-page","status-publish","has-post-thumbnail","hentry"],"yoast_head":"<!-- This site is optimized with the Yoast SEO plugin v27.3 - https:\/\/yoast.com\/product\/yoast-seo-wordpress\/ -->\n<title>Joints d&#039;\u00e9tanch\u00e9it\u00e9 &gt; Gamme sp\u00e9cifique pour l\u2019industrie alimentaire<\/title>\n<meta name=\"description\" content=\"Joints d&#039;\u00e9tanch\u00e9it\u00e9 &gt; Gamme sp\u00e9cifique pour l\u2019industrie alimentaire. D\u00e9couvrez toutes les solutions de joints d&#039;\u00e9tanch\u00e9it\u00e9 : www.fgti-distribution.fr\" \/>\n<meta name=\"robots\" content=\"index, follow, max-snippet:-1, max-image-preview:large, max-video-preview:-1\" \/>\n<link rel=\"canonical\" href=\"https:\/\/fgti-distribution.fr\/es\/juntas-estanqueidad-idg\/gama-especifica-industria-alimentaria\/\" \/>\n<meta property=\"og:locale\" content=\"es_ES\" \/>\n<meta property=\"og:type\" content=\"article\" \/>\n<meta property=\"og:title\" content=\"Joints d&#039;\u00e9tanch\u00e9it\u00e9 &gt; Gamme sp\u00e9cifique pour l\u2019industrie alimentaire\" \/>\n<meta property=\"og:description\" content=\"Joints d&#039;\u00e9tanch\u00e9it\u00e9 &gt; Gamme sp\u00e9cifique pour l\u2019industrie alimentaire. D\u00e9couvrez toutes les solutions de joints d&#039;\u00e9tanch\u00e9it\u00e9 : www.fgti-distribution.fr\" \/>\n<meta property=\"og:url\" content=\"https:\/\/fgti-distribution.fr\/es\/juntas-estanqueidad-idg\/gama-especifica-industria-alimentaria\/\" \/>\n<meta property=\"og:site_name\" content=\"FGTI Distribution\" \/>\n<meta property=\"article:modified_time\" content=\"2023-05-15T17:00:21+00:00\" \/>\n<meta property=\"og:image\" content=\"https:\/\/fgti-distribution.fr\/wp-content\/uploads\/2023\/02\/etancheite-machines-agro.jpeg\" \/>\n\t<meta property=\"og:image:width\" content=\"1600\" \/>\n\t<meta property=\"og:image:height\" content=\"430\" \/>\n\t<meta property=\"og:image:type\" content=\"image\/jpeg\" \/>\n<meta name=\"twitter:card\" content=\"summary_large_image\" \/>\n<meta name=\"twitter:label1\" content=\"Est. reading time\" \/>\n\t<meta name=\"twitter:data1\" content=\"1 minuto\" \/>\n<script type=\"application\/ld+json\" class=\"yoast-schema-graph\">{\"@context\":\"https:\\\/\\\/schema.org\",\"@graph\":[{\"@type\":\"WebPage\",\"@id\":\"https:\\\/\\\/fgti-distribution.fr\\\/joints-etancheite-idg\\\/gamme-specifique-industrie-alimentaire\\\/\",\"url\":\"https:\\\/\\\/fgti-distribution.fr\\\/joints-etancheite-idg\\\/gamme-specifique-industrie-alimentaire\\\/\",\"name\":\"Joints d'\u00e9tanch\u00e9it\u00e9 > Gamme sp\u00e9cifique pour l\u2019industrie alimentaire\",\"isPartOf\":{\"@id\":\"https:\\\/\\\/fgti-distribution.fr\\\/#website\"},\"primaryImageOfPage\":{\"@id\":\"https:\\\/\\\/fgti-distribution.fr\\\/joints-etancheite-idg\\\/gamme-specifique-industrie-alimentaire\\\/#primaryimage\"},\"image\":{\"@id\":\"https:\\\/\\\/fgti-distribution.fr\\\/joints-etancheite-idg\\\/gamme-specifique-industrie-alimentaire\\\/#primaryimage\"},\"thumbnailUrl\":\"https:\\\/\\\/fgti-distribution.fr\\\/wp-content\\\/uploads\\\/2023\\\/02\\\/etancheite-machines-agro.jpeg\",\"datePublished\":\"2019-04-25T12:10:09+00:00\",\"dateModified\":\"2023-05-15T17:00:21+00:00\",\"description\":\"Joints d'\u00e9tanch\u00e9it\u00e9 > Gamme sp\u00e9cifique pour l\u2019industrie alimentaire. D\u00e9couvrez toutes les solutions de joints d'\u00e9tanch\u00e9it\u00e9 : www.fgti-distribution.fr\",\"breadcrumb\":{\"@id\":\"https:\\\/\\\/fgti-distribution.fr\\\/joints-etancheite-idg\\\/gamme-specifique-industrie-alimentaire\\\/#breadcrumb\"},\"inLanguage\":\"es\",\"potentialAction\":[{\"@type\":\"ReadAction\",\"target\":[\"https:\\\/\\\/fgti-distribution.fr\\\/joints-etancheite-idg\\\/gamme-specifique-industrie-alimentaire\\\/\"]}]},{\"@type\":\"ImageObject\",\"inLanguage\":\"es\",\"@id\":\"https:\\\/\\\/fgti-distribution.fr\\\/joints-etancheite-idg\\\/gamme-specifique-industrie-alimentaire\\\/#primaryimage\",\"url\":\"https:\\\/\\\/fgti-distribution.fr\\\/wp-content\\\/uploads\\\/2023\\\/02\\\/etancheite-machines-agro.jpeg\",\"contentUrl\":\"https:\\\/\\\/fgti-distribution.fr\\\/wp-content\\\/uploads\\\/2023\\\/02\\\/etancheite-machines-agro.jpeg\",\"width\":1600,\"height\":430,\"caption\":\"\u00e9tanch\u00e9it\u00e9 machines agro\"},{\"@type\":\"BreadcrumbList\",\"@id\":\"https:\\\/\\\/fgti-distribution.fr\\\/joints-etancheite-idg\\\/gamme-specifique-industrie-alimentaire\\\/#breadcrumb\",\"itemListElement\":[{\"@type\":\"ListItem\",\"position\":1,\"name\":\"Home\",\"item\":\"https:\\\/\\\/fgti-distribution.fr\\\/\"},{\"@type\":\"ListItem\",\"position\":2,\"name\":\"Joints d&rsquo;\u00e9tanch\u00e9it\u00e9 IDG\",\"item\":\"https:\\\/\\\/fgti-distribution.fr\\\/joints-etancheite-idg\\\/\"},{\"@type\":\"ListItem\",\"position\":3,\"name\":\"Gamme sp\u00e9cifique pour l\u2019industrie alimentaire\"}]},{\"@type\":\"WebSite\",\"@id\":\"https:\\\/\\\/fgti-distribution.fr\\\/#website\",\"url\":\"https:\\\/\\\/fgti-distribution.fr\\\/\",\"name\":\"FGTI Distribution\",\"description\":\"Pi\u00e8ces techniques et services \u00e0 forte valeur ajout\u00e9e\",\"publisher\":{\"@id\":\"https:\\\/\\\/fgti-distribution.fr\\\/#organization\"},\"alternateName\":\"FGTI Distribution\",\"potentialAction\":[{\"@type\":\"SearchAction\",\"target\":{\"@type\":\"EntryPoint\",\"urlTemplate\":\"https:\\\/\\\/fgti-distribution.fr\\\/?s={search_term_string}\"},\"query-input\":{\"@type\":\"PropertyValueSpecification\",\"valueRequired\":true,\"valueName\":\"search_term_string\"}}],\"inLanguage\":\"es\"},{\"@type\":\"Organization\",\"@id\":\"https:\\\/\\\/fgti-distribution.fr\\\/#organization\",\"name\":\"FGTI Distribution\",\"alternateName\":\"FGTI Distribution\",\"url\":\"https:\\\/\\\/fgti-distribution.fr\\\/\",\"logo\":{\"@type\":\"ImageObject\",\"inLanguage\":\"es\",\"@id\":\"https:\\\/\\\/fgti-distribution.fr\\\/#\\\/schema\\\/logo\\\/image\\\/\",\"url\":\"https:\\\/\\\/fgti-distribution.fr\\\/wp-content\\\/uploads\\\/2022\\\/12\\\/logo.png\",\"contentUrl\":\"https:\\\/\\\/fgti-distribution.fr\\\/wp-content\\\/uploads\\\/2022\\\/12\\\/logo.png\",\"width\":500,\"height\":228,\"caption\":\"FGTI Distribution\"},\"image\":{\"@id\":\"https:\\\/\\\/fgti-distribution.fr\\\/#\\\/schema\\\/logo\\\/image\\\/\"},\"sameAs\":[\"https:\\\/\\\/www.linkedin.com\\\/company\\\/fgti-distribution\\\/\"]}]}<\/script>\n<!-- \/ Yoast SEO plugin. -->","yoast_head_json":{"title":"Joints d'\u00e9tanch\u00e9it\u00e9 > Gamme sp\u00e9cifique pour l\u2019industrie alimentaire","description":"Joints d'\u00e9tanch\u00e9it\u00e9 > Gamme sp\u00e9cifique pour l\u2019industrie alimentaire. D\u00e9couvrez toutes les solutions de joints d'\u00e9tanch\u00e9it\u00e9 : www.fgti-distribution.fr","robots":{"index":"index","follow":"follow","max-snippet":"max-snippet:-1","max-image-preview":"max-image-preview:large","max-video-preview":"max-video-preview:-1"},"canonical":"https:\/\/fgti-distribution.fr\/es\/juntas-estanqueidad-idg\/gama-especifica-industria-alimentaria\/","og_locale":"es_ES","og_type":"article","og_title":"Joints d'\u00e9tanch\u00e9it\u00e9 > Gamme sp\u00e9cifique pour l\u2019industrie alimentaire","og_description":"Joints d'\u00e9tanch\u00e9it\u00e9 > Gamme sp\u00e9cifique pour l\u2019industrie alimentaire. D\u00e9couvrez toutes les solutions de joints d'\u00e9tanch\u00e9it\u00e9 : www.fgti-distribution.fr","og_url":"https:\/\/fgti-distribution.fr\/es\/juntas-estanqueidad-idg\/gama-especifica-industria-alimentaria\/","og_site_name":"FGTI Distribution","article_modified_time":"2023-05-15T17:00:21+00:00","og_image":[{"width":1600,"height":430,"url":"https:\/\/fgti-distribution.fr\/wp-content\/uploads\/2023\/02\/etancheite-machines-agro.jpeg","type":"image\/jpeg"}],"twitter_card":"summary_large_image","twitter_misc":{"Est. reading time":"1 minuto"},"schema":{"@context":"https:\/\/schema.org","@graph":[{"@type":"WebPage","@id":"https:\/\/fgti-distribution.fr\/joints-etancheite-idg\/gamme-specifique-industrie-alimentaire\/","url":"https:\/\/fgti-distribution.fr\/joints-etancheite-idg\/gamme-specifique-industrie-alimentaire\/","name":"Joints d'\u00e9tanch\u00e9it\u00e9 > Gamme sp\u00e9cifique pour l\u2019industrie alimentaire","isPartOf":{"@id":"https:\/\/fgti-distribution.fr\/#website"},"primaryImageOfPage":{"@id":"https:\/\/fgti-distribution.fr\/joints-etancheite-idg\/gamme-specifique-industrie-alimentaire\/#primaryimage"},"image":{"@id":"https:\/\/fgti-distribution.fr\/joints-etancheite-idg\/gamme-specifique-industrie-alimentaire\/#primaryimage"},"thumbnailUrl":"https:\/\/fgti-distribution.fr\/wp-content\/uploads\/2023\/02\/etancheite-machines-agro.jpeg","datePublished":"2019-04-25T12:10:09+00:00","dateModified":"2023-05-15T17:00:21+00:00","description":"Joints d'\u00e9tanch\u00e9it\u00e9 > Gamme sp\u00e9cifique pour l\u2019industrie alimentaire. D\u00e9couvrez toutes les solutions de joints d'\u00e9tanch\u00e9it\u00e9 : www.fgti-distribution.fr","breadcrumb":{"@id":"https:\/\/fgti-distribution.fr\/joints-etancheite-idg\/gamme-specifique-industrie-alimentaire\/#breadcrumb"},"inLanguage":"es","potentialAction":[{"@type":"ReadAction","target":["https:\/\/fgti-distribution.fr\/joints-etancheite-idg\/gamme-specifique-industrie-alimentaire\/"]}]},{"@type":"ImageObject","inLanguage":"es","@id":"https:\/\/fgti-distribution.fr\/joints-etancheite-idg\/gamme-specifique-industrie-alimentaire\/#primaryimage","url":"https:\/\/fgti-distribution.fr\/wp-content\/uploads\/2023\/02\/etancheite-machines-agro.jpeg","contentUrl":"https:\/\/fgti-distribution.fr\/wp-content\/uploads\/2023\/02\/etancheite-machines-agro.jpeg","width":1600,"height":430,"caption":"\u00e9tanch\u00e9it\u00e9 machines agro"},{"@type":"BreadcrumbList","@id":"https:\/\/fgti-distribution.fr\/joints-etancheite-idg\/gamme-specifique-industrie-alimentaire\/#breadcrumb","itemListElement":[{"@type":"ListItem","position":1,"name":"Home","item":"https:\/\/fgti-distribution.fr\/"},{"@type":"ListItem","position":2,"name":"Joints d&rsquo;\u00e9tanch\u00e9it\u00e9 IDG","item":"https:\/\/fgti-distribution.fr\/joints-etancheite-idg\/"},{"@type":"ListItem","position":3,"name":"Gamme sp\u00e9cifique pour l\u2019industrie alimentaire"}]},{"@type":"WebSite","@id":"https:\/\/fgti-distribution.fr\/#website","url":"https:\/\/fgti-distribution.fr\/","name":"Distribuci\u00f3n FGTI","description":"Piezas t\u00e9cnicas y servicios de alto valor a\u00f1adido","publisher":{"@id":"https:\/\/fgti-distribution.fr\/#organization"},"alternateName":"FGTI Distribution","potentialAction":[{"@type":"SearchAction","target":{"@type":"EntryPoint","urlTemplate":"https:\/\/fgti-distribution.fr\/?s={search_term_string}"},"query-input":{"@type":"PropertyValueSpecification","valueRequired":true,"valueName":"search_term_string"}}],"inLanguage":"es"},{"@type":"Organization","@id":"https:\/\/fgti-distribution.fr\/#organization","name":"Distribuci\u00f3n FGTI","alternateName":"FGTI Distribution","url":"https:\/\/fgti-distribution.fr\/","logo":{"@type":"ImageObject","inLanguage":"es","@id":"https:\/\/fgti-distribution.fr\/#\/schema\/logo\/image\/","url":"https:\/\/fgti-distribution.fr\/wp-content\/uploads\/2022\/12\/logo.png","contentUrl":"https:\/\/fgti-distribution.fr\/wp-content\/uploads\/2022\/12\/logo.png","width":500,"height":228,"caption":"FGTI Distribution"},"image":{"@id":"https:\/\/fgti-distribution.fr\/#\/schema\/logo\/image\/"},"sameAs":["https:\/\/www.linkedin.com\/company\/fgti-distribution\/"]}]}},"_links":{"self":[{"href":"https:\/\/fgti-distribution.fr\/es\/wp-json\/wp\/v2\/pages\/5268","targetHints":{"allow":["GET"]}}],"collection":[{"href":"https:\/\/fgti-distribution.fr\/es\/wp-json\/wp\/v2\/pages"}],"about":[{"href":"https:\/\/fgti-distribution.fr\/es\/wp-json\/wp\/v2\/types\/page"}],"author":[{"embeddable":true,"href":"https:\/\/fgti-distribution.fr\/es\/wp-json\/wp\/v2\/users\/1"}],"replies":[{"embeddable":true,"href":"https:\/\/fgti-distribution.fr\/es\/wp-json\/wp\/v2\/comments?post=5268"}],"version-history":[{"count":38,"href":"https:\/\/fgti-distribution.fr\/es\/wp-json\/wp\/v2\/pages\/5268\/revisions"}],"predecessor-version":[{"id":7921,"href":"https:\/\/fgti-distribution.fr\/es\/wp-json\/wp\/v2\/pages\/5268\/revisions\/7921"}],"up":[{"embeddable":true,"href":"https:\/\/fgti-distribution.fr\/es\/wp-json\/wp\/v2\/pages\/5052"}],"wp:featuredmedia":[{"embeddable":true,"href":"https:\/\/fgti-distribution.fr\/es\/wp-json\/wp\/v2\/media\/7053"}],"wp:attachment":[{"href":"https:\/\/fgti-distribution.fr\/es\/wp-json\/wp\/v2\/media?parent=5268"}],"curies":[{"name":"wp","href":"https:\/\/api.w.org\/{rel}","templated":true}]}}