{"id":5270,"date":"2019-04-25T12:10:45","date_gmt":"2019-04-25T12:10:45","guid":{"rendered":"https:\/\/fgti-distribution.fr\/?page_id=5270"},"modified":"2026-04-10T12:13:22","modified_gmt":"2026-04-10T12:13:22","slug":"pistones-dosificadores","status":"publish","type":"page","link":"https:\/\/fgti-distribution.fr\/es\/joints-etancheite-idg\/gamme-specifique-industrie-alimentaire\/pistons-de-dosage\/","title":{"rendered":"Pistones dosificadores"},"content":{"rendered":"<section id=\"bt_bb_section69f30824b40b1\" class=\"bt_bb_section bt_bb_layout_boxed_1200\"  data-bt-override-class=\"null\"><div class=\"bt_bb_port\"><div class=\"bt_bb_cell\"><div class=\"bt_bb_cell_inner\"><div class=\"bt_bb_row\"  data-bt-override-class=\"{}\"><div class=\"bt_bb_row_holder\" ><div  class=\"bt_bb_column col-xxl-12 col-xl-12 col-xs-12 col-sm-12 col-md-12 col-lg-12 bt_bb_vertical_align_top bt_bb_align_left bt_bb_padding_normal\" style=\"; --column-width:12;\" data-width=\"12\" data-bt-override-class=\"{}\"><div class=\"bt_bb_column_content\"><div class=\"bt_bb_column_content_inner\"><div class=\"bt_bb_raw_content\"><table>\n\t<tbody><tr>\n\t\t<td style=\"width: 90%; color: #BABABA; font-size: 12px; border: 0 none;\">\n\t\t\tFGTI-Distribution &gt; Juntas de estanqueidad &gt; Cat\u00e1logo &gt; Gama espec\u00edfica para la industria alimentaria &gt; Pistones dosificadores\n\t\t<\/td>\n\t\t<td style=\"text-align: right; padding: 0; border: 0 none;\">\n\t\t\t<a href=\"https:\/\/fgti-distribution.fr\/fiches_techniques\/IDG-FGTI-Piston-de-dosage.pdf\" target=\"_blank\" rel=\"noopener\">\n\t\t\t\t<img decoding=\"async\" src=\"https:\/\/fgti-distribution.fr\/wp-content\/img\/images\/pdficon_large.png\">\n\t\t\t<\/a>\n\t\t<\/td>\n\t<\/tr>\n<\/tbody><\/table>\n<br><br>\n<h1>Pist\u00f3n dosificador AS MANOY\u00ae con sistema de sellado integrado<\/h1>\n\nGracias a su pared exterior lisa y cerrada, el pist\u00f3n dosificador MANOY\u00ae AS cumple los criterios de higiene.\n<br>\nDise\u00f1ado y adaptado especialmente para una gran variedad de aplicaciones en la industria alimentaria, el pist\u00f3n de dosificaci\u00f3n MANOY\u00ae AS ha demostrado su eficacia durante varias d\u00e9cadas.\n<br>\nSu principio de funcionamiento no est\u00e1 ligado a una forma espec\u00edfica, el pist\u00f3n puede adaptarse a cada cliente en funci\u00f3n de las especificidades de cada dosificador.\n<br>\n\n<img loading=\"lazy\" decoding=\"async\" src=\"https:\/\/fgti-distribution.fr\/wp-content\/uploads\/2019\/05\/piston-de-dosage.jpg\" width=\"374\" height=\"200\" srcset=\"https:\/\/fgti-distribution.fr\/wp-content\/uploads\/2019\/05\/piston-de-dosage.jpg 374w, https:\/\/fgti-distribution.fr\/wp-content\/uploads\/2019\/05\/piston-de-dosage-144x77.jpg 144w\" sizes=\"auto, (max-width: 374px) 100vw, 374px\" alt=\"Pist\u00f3n dosificador\" class=\"so-widget-image\">\n\t\n<span style=\"font-weight: bold; line-height: 35px;\">Aplicaciones y caracter\u00edsticas<\/span><br>\n<ul style=\"padding-left: 30px;\">\n<li class=\"tiret\">Pist\u00f3n dosificador para productos alimentarios l\u00edquidos y pastosos<\/li>\n<li class=\"tiret\">Todas las funciones \u2013 bombeo \/ descarga, raspado y sellado \u2013 agrupadas en una sola pieza<\/li>\n<li class=\"tiret\">La estanqueidad integrada permite una superficie completamente lisa y cerrada<\/li>\n<li class=\"tiret\">Amplia gama de aplicaciones de productos y temperaturas<\/li>\n<li class=\"tiret\">El material a base de PTFE para SIP (esterilizaci\u00f3n in situ) no es adecuado para la dosificaci\u00f3n de productos muy abrasivos.<\/li>\n<li class=\"tiret\">El material H13 para CIP (Limpieza in situ), alta resistencia a la abrasi\u00f3n pero l\u00edmite de temperatura a 80\u00b0C<\/li>\n<li class=\"tiret\">Baja fricci\u00f3n para todos los materiales<\/li>\n<li class=\"tiret\">Rango de di\u00e1metro de 12 mm a 70 mm (di\u00e1metros m\u00e1s grandes bajo pedido)<\/li>\n<\/ul>\n<br>\n<span style=\"font-weight: bold; line-height: 35px;\">Dise\u00f1o de vivienda para limpieza automatizada<\/span><br>\nPara el ciclo de limpieza CIP (Cleaning In Place) o esterilizaci\u00f3n SIP (Sterilization In Place), introducir el pist\u00f3n dosificador MANOY\u00ae AS en su c\u00e1mara de limpieza. La misma debe estar dimensionada para permitir que el pist\u00f3n dosificador MANOY\u00ae AS se expanda sin precarga durante los aumentos de temperatura del ciclo de limpieza (+80 \u00b0C en CIP y +140 \u00b0C en SIP). Despu\u00e9s de la limpieza, reintroducir el pist\u00f3n dosificador MANOY\u00ae AS en la c\u00e1mara de dosificaci\u00f3n a una temperatura cercana a la temperatura de funcionamiento (aprox. +20 \u00b0C). No superar los +80 \u00b0C.\n<br \/><br \/>\nUna chaflana de entrada de 10\u00b0 como m\u00e1ximo es indispensable para un buen regreso a la c\u00e1mara, redondear todos los \u00e1ngulos. <br \/>\nEl respeto de estas precauciones durante la limpieza garantizar\u00e1 el funcionamiento y la vida \u00fatil del pist\u00f3n.\n\n\n<\/div><\/div><\/div><\/div><\/div><\/div><\/div><!-- cell_inner --><\/div><!-- cell --><\/div><!-- port --><\/section>","protected":false},"excerpt":{"rendered":"","protected":false},"author":1,"featured_media":0,"parent":5268,"menu_order":0,"comment_status":"closed","ping_status":"closed","template":"","meta":{"footnotes":""},"class_list":["post-5270","page","type-page","status-publish","hentry"],"yoast_head":"<!-- This site is optimized with the Yoast SEO plugin v27.3 - https:\/\/yoast.com\/product\/yoast-seo-wordpress\/ -->\n<title>FGTI Distribution- Piston de dosage \u00e0 syst\u00e8me d\u2019\u00e9tanch\u00e9it\u00e9 int\u00e9gr\u00e9e<\/title>\n<meta name=\"description\" content=\"Sp\u00e9cialement con\u00e7u et adapt\u00e9 \u00e0 une grande vari\u00e9t\u00e9 d&#039;applications, le piston de dosage MANOY AS a fait ses preuves ! N&#039;h\u00e9sitez pas \u00e0 nous consulter.\" \/>\n<meta name=\"robots\" content=\"index, follow, max-snippet:-1, max-image-preview:large, max-video-preview:-1\" \/>\n<link rel=\"canonical\" href=\"https:\/\/fgti-distribution.fr\/es\/juntas-estanqueidad-idg\/gama-especifica-industria-alimentaria\/pistones-dosificadores\/\" \/>\n<meta property=\"og:locale\" content=\"es_ES\" \/>\n<meta property=\"og:type\" content=\"article\" \/>\n<meta property=\"og:title\" content=\"FGTI Distribution- Piston de dosage \u00e0 syst\u00e8me d\u2019\u00e9tanch\u00e9it\u00e9 int\u00e9gr\u00e9e\" \/>\n<meta property=\"og:description\" content=\"Sp\u00e9cialement con\u00e7u et adapt\u00e9 \u00e0 une grande vari\u00e9t\u00e9 d&#039;applications, le piston de dosage MANOY AS a fait ses preuves ! N&#039;h\u00e9sitez pas \u00e0 nous consulter.\" \/>\n<meta property=\"og:url\" content=\"https:\/\/fgti-distribution.fr\/es\/juntas-estanqueidad-idg\/gama-especifica-industria-alimentaria\/pistones-dosificadores\/\" \/>\n<meta property=\"og:site_name\" content=\"FGTI Distribution\" \/>\n<meta property=\"article:modified_time\" content=\"2026-04-10T12:13:22+00:00\" \/>\n<meta name=\"twitter:card\" content=\"summary_large_image\" \/>\n<meta name=\"twitter:label1\" content=\"Est. reading time\" \/>\n\t<meta name=\"twitter:data1\" content=\"3 minutos\" \/>\n<script type=\"application\/ld+json\" class=\"yoast-schema-graph\">{\"@context\":\"https:\\\/\\\/schema.org\",\"@graph\":[{\"@type\":\"WebPage\",\"@id\":\"https:\\\/\\\/fgti-distribution.fr\\\/joints-etancheite-idg\\\/gamme-specifique-industrie-alimentaire\\\/pistons-de-dosage\\\/\",\"url\":\"https:\\\/\\\/fgti-distribution.fr\\\/joints-etancheite-idg\\\/gamme-specifique-industrie-alimentaire\\\/pistons-de-dosage\\\/\",\"name\":\"FGTI Distribution- Piston de dosage \u00e0 syst\u00e8me d\u2019\u00e9tanch\u00e9it\u00e9 int\u00e9gr\u00e9e\",\"isPartOf\":{\"@id\":\"https:\\\/\\\/fgti-distribution.fr\\\/#website\"},\"datePublished\":\"2019-04-25T12:10:45+00:00\",\"dateModified\":\"2026-04-10T12:13:22+00:00\",\"description\":\"Sp\u00e9cialement con\u00e7u et adapt\u00e9 \u00e0 une grande vari\u00e9t\u00e9 d'applications, le piston de dosage MANOY AS a fait ses preuves ! N'h\u00e9sitez pas \u00e0 nous consulter.\",\"breadcrumb\":{\"@id\":\"https:\\\/\\\/fgti-distribution.fr\\\/joints-etancheite-idg\\\/gamme-specifique-industrie-alimentaire\\\/pistons-de-dosage\\\/#breadcrumb\"},\"inLanguage\":\"es\",\"potentialAction\":[{\"@type\":\"ReadAction\",\"target\":[\"https:\\\/\\\/fgti-distribution.fr\\\/joints-etancheite-idg\\\/gamme-specifique-industrie-alimentaire\\\/pistons-de-dosage\\\/\"]}]},{\"@type\":\"BreadcrumbList\",\"@id\":\"https:\\\/\\\/fgti-distribution.fr\\\/joints-etancheite-idg\\\/gamme-specifique-industrie-alimentaire\\\/pistons-de-dosage\\\/#breadcrumb\",\"itemListElement\":[{\"@type\":\"ListItem\",\"position\":1,\"name\":\"Home\",\"item\":\"https:\\\/\\\/fgti-distribution.fr\\\/\"},{\"@type\":\"ListItem\",\"position\":2,\"name\":\"Joints d&rsquo;\u00e9tanch\u00e9it\u00e9 IDG\",\"item\":\"https:\\\/\\\/fgti-distribution.fr\\\/joints-etancheite-idg\\\/\"},{\"@type\":\"ListItem\",\"position\":3,\"name\":\"Gamme sp\u00e9cifique pour l\u2019industrie alimentaire\",\"item\":\"https:\\\/\\\/fgti-distribution.fr\\\/joints-etancheite-idg\\\/gamme-specifique-industrie-alimentaire\\\/\"},{\"@type\":\"ListItem\",\"position\":4,\"name\":\"Pistons de dosage\"}]},{\"@type\":\"WebSite\",\"@id\":\"https:\\\/\\\/fgti-distribution.fr\\\/#website\",\"url\":\"https:\\\/\\\/fgti-distribution.fr\\\/\",\"name\":\"FGTI Distribution\",\"description\":\"Pi\u00e8ces techniques et services \u00e0 forte valeur ajout\u00e9e\",\"publisher\":{\"@id\":\"https:\\\/\\\/fgti-distribution.fr\\\/#organization\"},\"alternateName\":\"FGTI Distribution\",\"potentialAction\":[{\"@type\":\"SearchAction\",\"target\":{\"@type\":\"EntryPoint\",\"urlTemplate\":\"https:\\\/\\\/fgti-distribution.fr\\\/?s={search_term_string}\"},\"query-input\":{\"@type\":\"PropertyValueSpecification\",\"valueRequired\":true,\"valueName\":\"search_term_string\"}}],\"inLanguage\":\"es\"},{\"@type\":\"Organization\",\"@id\":\"https:\\\/\\\/fgti-distribution.fr\\\/#organization\",\"name\":\"FGTI Distribution\",\"alternateName\":\"FGTI Distribution\",\"url\":\"https:\\\/\\\/fgti-distribution.fr\\\/\",\"logo\":{\"@type\":\"ImageObject\",\"inLanguage\":\"es\",\"@id\":\"https:\\\/\\\/fgti-distribution.fr\\\/#\\\/schema\\\/logo\\\/image\\\/\",\"url\":\"https:\\\/\\\/fgti-distribution.fr\\\/wp-content\\\/uploads\\\/2022\\\/12\\\/logo.png\",\"contentUrl\":\"https:\\\/\\\/fgti-distribution.fr\\\/wp-content\\\/uploads\\\/2022\\\/12\\\/logo.png\",\"width\":500,\"height\":228,\"caption\":\"FGTI Distribution\"},\"image\":{\"@id\":\"https:\\\/\\\/fgti-distribution.fr\\\/#\\\/schema\\\/logo\\\/image\\\/\"},\"sameAs\":[\"https:\\\/\\\/www.linkedin.com\\\/company\\\/fgti-distribution\\\/\"]}]}<\/script>\n<!-- \/ Yoast SEO plugin. -->","yoast_head_json":{"title":"FGTI Distribution - Pist\u00f3n dosificador con sistema de sellado integrado","description":"\u00a1Especialmente dise\u00f1ado y adaptado para una gran variedad de aplicaciones, el pist\u00f3n dosificador MANOY AS ha demostrado su val\u00eda! No dude en consultarnos.","robots":{"index":"index","follow":"follow","max-snippet":"max-snippet:-1","max-image-preview":"max-image-preview:large","max-video-preview":"max-video-preview:-1"},"canonical":"https:\/\/fgti-distribution.fr\/es\/juntas-estanqueidad-idg\/gama-especifica-industria-alimentaria\/pistones-dosificadores\/","og_locale":"es_ES","og_type":"article","og_title":"FGTI Distribution- Piston de dosage \u00e0 syst\u00e8me d\u2019\u00e9tanch\u00e9it\u00e9 int\u00e9gr\u00e9e","og_description":"Sp\u00e9cialement con\u00e7u et adapt\u00e9 \u00e0 une grande vari\u00e9t\u00e9 d'applications, le piston de dosage MANOY AS a fait ses preuves ! N'h\u00e9sitez pas \u00e0 nous consulter.","og_url":"https:\/\/fgti-distribution.fr\/es\/juntas-estanqueidad-idg\/gama-especifica-industria-alimentaria\/pistones-dosificadores\/","og_site_name":"FGTI Distribution","article_modified_time":"2026-04-10T12:13:22+00:00","twitter_card":"summary_large_image","twitter_misc":{"Est. reading time":"3 minutos"},"schema":{"@context":"https:\/\/schema.org","@graph":[{"@type":"WebPage","@id":"https:\/\/fgti-distribution.fr\/joints-etancheite-idg\/gamme-specifique-industrie-alimentaire\/pistons-de-dosage\/","url":"https:\/\/fgti-distribution.fr\/joints-etancheite-idg\/gamme-specifique-industrie-alimentaire\/pistons-de-dosage\/","name":"FGTI Distribution - Pist\u00f3n dosificador con sistema de sellado integrado","isPartOf":{"@id":"https:\/\/fgti-distribution.fr\/#website"},"datePublished":"2019-04-25T12:10:45+00:00","dateModified":"2026-04-10T12:13:22+00:00","description":"\u00a1Especialmente dise\u00f1ado y adaptado para una gran variedad de aplicaciones, el pist\u00f3n dosificador MANOY AS ha demostrado su val\u00eda! No dude en consultarnos.","breadcrumb":{"@id":"https:\/\/fgti-distribution.fr\/joints-etancheite-idg\/gamme-specifique-industrie-alimentaire\/pistons-de-dosage\/#breadcrumb"},"inLanguage":"es","potentialAction":[{"@type":"ReadAction","target":["https:\/\/fgti-distribution.fr\/joints-etancheite-idg\/gamme-specifique-industrie-alimentaire\/pistons-de-dosage\/"]}]},{"@type":"BreadcrumbList","@id":"https:\/\/fgti-distribution.fr\/joints-etancheite-idg\/gamme-specifique-industrie-alimentaire\/pistons-de-dosage\/#breadcrumb","itemListElement":[{"@type":"ListItem","position":1,"name":"Home","item":"https:\/\/fgti-distribution.fr\/"},{"@type":"ListItem","position":2,"name":"Joints d&rsquo;\u00e9tanch\u00e9it\u00e9 IDG","item":"https:\/\/fgti-distribution.fr\/joints-etancheite-idg\/"},{"@type":"ListItem","position":3,"name":"Gamme sp\u00e9cifique pour l\u2019industrie alimentaire","item":"https:\/\/fgti-distribution.fr\/joints-etancheite-idg\/gamme-specifique-industrie-alimentaire\/"},{"@type":"ListItem","position":4,"name":"Pistons de dosage"}]},{"@type":"WebSite","@id":"https:\/\/fgti-distribution.fr\/#website","url":"https:\/\/fgti-distribution.fr\/","name":"Distribuci\u00f3n FGTI","description":"Piezas t\u00e9cnicas y servicios de alto valor a\u00f1adido","publisher":{"@id":"https:\/\/fgti-distribution.fr\/#organization"},"alternateName":"FGTI Distribution","potentialAction":[{"@type":"SearchAction","target":{"@type":"EntryPoint","urlTemplate":"https:\/\/fgti-distribution.fr\/?s={search_term_string}"},"query-input":{"@type":"PropertyValueSpecification","valueRequired":true,"valueName":"search_term_string"}}],"inLanguage":"es"},{"@type":"Organization","@id":"https:\/\/fgti-distribution.fr\/#organization","name":"Distribuci\u00f3n FGTI","alternateName":"FGTI Distribution","url":"https:\/\/fgti-distribution.fr\/","logo":{"@type":"ImageObject","inLanguage":"es","@id":"https:\/\/fgti-distribution.fr\/#\/schema\/logo\/image\/","url":"https:\/\/fgti-distribution.fr\/wp-content\/uploads\/2022\/12\/logo.png","contentUrl":"https:\/\/fgti-distribution.fr\/wp-content\/uploads\/2022\/12\/logo.png","width":500,"height":228,"caption":"FGTI Distribution"},"image":{"@id":"https:\/\/fgti-distribution.fr\/#\/schema\/logo\/image\/"},"sameAs":["https:\/\/www.linkedin.com\/company\/fgti-distribution\/"]}]}},"_links":{"self":[{"href":"https:\/\/fgti-distribution.fr\/es\/wp-json\/wp\/v2\/pages\/5270","targetHints":{"allow":["GET"]}}],"collection":[{"href":"https:\/\/fgti-distribution.fr\/es\/wp-json\/wp\/v2\/pages"}],"about":[{"href":"https:\/\/fgti-distribution.fr\/es\/wp-json\/wp\/v2\/types\/page"}],"author":[{"embeddable":true,"href":"https:\/\/fgti-distribution.fr\/es\/wp-json\/wp\/v2\/users\/1"}],"replies":[{"embeddable":true,"href":"https:\/\/fgti-distribution.fr\/es\/wp-json\/wp\/v2\/comments?post=5270"}],"version-history":[{"count":34,"href":"https:\/\/fgti-distribution.fr\/es\/wp-json\/wp\/v2\/pages\/5270\/revisions"}],"predecessor-version":[{"id":10156,"href":"https:\/\/fgti-distribution.fr\/es\/wp-json\/wp\/v2\/pages\/5270\/revisions\/10156"}],"up":[{"embeddable":true,"href":"https:\/\/fgti-distribution.fr\/es\/wp-json\/wp\/v2\/pages\/5268"}],"wp:attachment":[{"href":"https:\/\/fgti-distribution.fr\/es\/wp-json\/wp\/v2\/media?parent=5270"}],"curies":[{"name":"wp","href":"https:\/\/api.w.org\/{rel}","templated":true}]}}