{"id":5291,"date":"2019-04-25T12:42:21","date_gmt":"2019-04-25T12:42:21","guid":{"rendered":"https:\/\/fgti-distribution.fr\/?page_id=5291"},"modified":"2024-02-02T16:17:39","modified_gmt":"2024-02-02T16:17:39","slug":"juntas-de-vastago","status":"publish","type":"page","link":"https:\/\/fgti-distribution.fr\/es\/joints-etancheite-idg\/gamme-specifique-industrie-alimentaire\/joints-de-tige\/","title":{"rendered":"Juntas de v\u00e1stago"},"content":{"rendered":"<section id=\"bt_bb_section69d0240e96148\" class=\"bt_bb_section bt_bb_layout_boxed_1200\"  data-bt-override-class=\"null\"><div class=\"bt_bb_port\"><div class=\"bt_bb_cell\"><div class=\"bt_bb_cell_inner\"><div class=\"bt_bb_row\"  data-bt-override-class=\"{}\"><div class=\"bt_bb_row_holder\" ><div  class=\"bt_bb_column col-xxl-12 col-xl-12 col-xs-12 col-sm-12 col-md-12 col-lg-12 bt_bb_vertical_align_top bt_bb_align_left bt_bb_padding_normal\" style=\"; --column-width:12;\" data-width=\"12\" data-bt-override-class=\"{}\"><div class=\"bt_bb_column_content\"><div class=\"bt_bb_column_content_inner\"><div class=\"bt_bb_raw_content\"><table>\n\t<tbody><tr>\n\t\t<td style=\"width: 90%; color: #BABABA; font-size: 12px; border: 0 none;\">\n\t\t\tFGTI-Distribution > Joints d'\u00e9tanch\u00e9it\u00e9 > Catalogue > Gamme sp\u00e9cifique pour l\u2019industrie alimentaire > Joints de tige\n\t\t<\/td>\n\t\t<td style=\"text-align: right; padding: 0; border: 0 none;\">\n\t\t\t<a href=\"https:\/\/fgti-distribution.fr\/fiches_techniques\/IDG-FGTI-Joint-de-tige.pdf\" target=\"_blank\" rel=\"noopener\">\n\t\t\t\t<img decoding=\"async\" src=\"https:\/\/fgti-distribution.fr\/wp-content\/themes\/twentyeleven\/images\/pdficon_large.png\">\n\t\t\t<\/a>\n\t\t<\/td>\n\t<\/tr>\n<\/tbody><\/table>\n\n<h1>Joint MANOY\u00ae Etanch\u00e9it\u00e9 int\u00e9rieure, joint de tige<\/h1>\nDiff\u00e9rents profils de joints de tige conviennent pour assurer l\u2019\u00e9tanch\u00e9it\u00e9 int\u00e9rieure.\n<br><br>\nLa d\u00e9finition des logements et plus particuli\u00e8rement les diam\u00e8tres de fond de gorge, respectent les crit\u00e8res d\u2019hygi\u00e8ne. Le joint devant \u00eatre retir\u00e9 pour le nettoyage (WOP), des gorges ouvertes sont pr\u00e9conis\u00e9es.\n<br><br>\nLes joints de profils 545, 547 et 548 utilisent les m\u00eames dimensions de gorges et sont interchangeables. De plus, les joints peuvent \u00eatre adapt\u00e9s aux dimensions de logement existantes. Des profils sp\u00e9ciaux peuvent \u00eatre d\u00e9velopp\u00e9s \u00e9galement pour des cas particuliers.\n<br><br>\n<strong>Pour logement de type DIN ISO 7425-2<\/strong>\n<br>\n\t\t<img loading=\"lazy\" decoding=\"async\" src=\"https:\/\/fgti-distribution.fr\/wp-content\/uploads\/2019\/04\/Joints-de-tige-MANOY.jpg\" srcset=\"https:\/\/fgti-distribution.fr\/wp-content\/uploads\/2019\/04\/Joints-de-tige-MANOY.jpg 880w, https:\/\/fgti-distribution.fr\/wp-content\/uploads\/2019\/04\/Joints-de-tige-MANOY-300x68.jpg 300w, https:\/\/fgti-distribution.fr\/wp-content\/uploads\/2019\/04\/Joints-de-tige-MANOY-768x175.jpg 768w\" sizes=\"auto, (max-width: 880px) 100vw, 880px\" alt=\"Joints de tige MANOY\" class=\"so-widget-image\" width=\"880\" height=\"200\">\n<br>\n<span style=\"font-weight: bold; line-height: 35px;\">Aplicaciones y caracter\u00edsticas<\/span>\n<br>\n<ul style=\"padding-left: 30px;\">\n<li class=\"tiret\">Piston de dosage standard<\/li>\n<li class=\"tiret\">Mouvements lin\u00e9aires<\/li>\n<li class=\"tiret\">Piston pneumatique pour l\u2019industrie alimentaire<\/li>\n<li class=\"tiret\">Profil 547 aux chanfreins accentu\u00e9s pour une entr\u00e9e facile dans la chemise de dosage<\/li>\n<li class=\"tiret\">Profil 548 con\u00e7u pour racler par une contrainte amplifi\u00e9e sur les bords de la bague. Id\u00e9al pour les fromages blancs et les fluides avec des fruits, \u2026<\/li>\n<li class=\"tiret\">Profil 555 pr\u00e9vu pour des logements de faible hauteur. Il est pourvu de notches pour faciliter le nettoyage<\/li>\n<li class=\"tiret\">Dur\u00e9e de vie prolong\u00e9e par une haute r\u00e9sistance \u00e0 l'abrasion<\/li>\n<li class=\"tiret\">Funcionamiento en seco posible<\/li>\n<li class=\"tiret\">Faible force d\u2019arrachement - m\u00eame apr\u00e8s un arr\u00eat prolong\u00e9<\/li>\n<li class=\"tiret\">Version sym\u00e9trique pour un montage facilit\u00e9<\/li>\n<li class=\"tiret\">Profils 545, 547, 548 : de \u00d8 8 mm \u00e0 1000 mm<\/li>\n<li class=\"tiret\">Profil 555 : de \u00d8 8 mm et 200 mm<\/li>\n<\/ul>\n<br><br><\/div><\/div><\/div><\/div><\/div><\/div><\/div><!-- cell_inner --><\/div><!-- cell --><\/div><!-- port --><\/section>","protected":false},"excerpt":{"rendered":"","protected":false},"author":1,"featured_media":0,"parent":5268,"menu_order":0,"comment_status":"closed","ping_status":"closed","template":"","meta":{"footnotes":""},"class_list":["post-5291","page","type-page","status-publish","hentry"],"yoast_head":"<!-- This site is optimized with the Yoast SEO plugin v27.3 - https:\/\/yoast.com\/product\/yoast-seo-wordpress\/ -->\n<title>Etanch\u00e9it\u00e9 - Gamme sp\u00e9cifique pour l\u2019industrie alimentaire &gt; Joints de tige<\/title>\n<meta name=\"description\" content=\"Diff\u00e9rents profils de joints de tige conviennent pour assurer l\u2019\u00e9tanch\u00e9it\u00e9 int\u00e9rieure : d\u00e9couvrez le joint de tige MANOY\u00ae - Etanch\u00e9it\u00e9 int\u00e9rieure\" \/>\n<meta name=\"robots\" content=\"index, follow, max-snippet:-1, max-image-preview:large, max-video-preview:-1\" \/>\n<link rel=\"canonical\" href=\"https:\/\/fgti-distribution.fr\/es\/juntas-estanqueidad-idg\/gama-especifica-industria-alimentaria\/juntas-de-vastago\/\" \/>\n<meta property=\"og:locale\" content=\"es_ES\" \/>\n<meta property=\"og:type\" content=\"article\" \/>\n<meta property=\"og:title\" content=\"Etanch\u00e9it\u00e9 - Gamme sp\u00e9cifique pour l\u2019industrie alimentaire &gt; Joints de tige\" \/>\n<meta property=\"og:description\" content=\"Diff\u00e9rents profils de joints de tige conviennent pour assurer l\u2019\u00e9tanch\u00e9it\u00e9 int\u00e9rieure : d\u00e9couvrez le joint de tige MANOY\u00ae - Etanch\u00e9it\u00e9 int\u00e9rieure\" \/>\n<meta property=\"og:url\" content=\"https:\/\/fgti-distribution.fr\/es\/juntas-estanqueidad-idg\/gama-especifica-industria-alimentaria\/juntas-de-vastago\/\" \/>\n<meta property=\"og:site_name\" content=\"FGTI Distribution\" \/>\n<meta property=\"article:modified_time\" content=\"2024-02-02T16:17:39+00:00\" \/>\n<meta name=\"twitter:card\" content=\"summary_large_image\" \/>\n<meta name=\"twitter:label1\" content=\"Est. reading time\" \/>\n\t<meta name=\"twitter:data1\" content=\"1 minuto\" \/>\n<script type=\"application\/ld+json\" class=\"yoast-schema-graph\">{\"@context\":\"https:\\\/\\\/schema.org\",\"@graph\":[{\"@type\":\"WebPage\",\"@id\":\"https:\\\/\\\/fgti-distribution.fr\\\/joints-etancheite-idg\\\/gamme-specifique-industrie-alimentaire\\\/joints-de-tige\\\/\",\"url\":\"https:\\\/\\\/fgti-distribution.fr\\\/joints-etancheite-idg\\\/gamme-specifique-industrie-alimentaire\\\/joints-de-tige\\\/\",\"name\":\"Etanch\u00e9it\u00e9 - Gamme sp\u00e9cifique pour l\u2019industrie alimentaire > Joints de tige\",\"isPartOf\":{\"@id\":\"https:\\\/\\\/fgti-distribution.fr\\\/#website\"},\"datePublished\":\"2019-04-25T12:42:21+00:00\",\"dateModified\":\"2024-02-02T16:17:39+00:00\",\"description\":\"Diff\u00e9rents profils de joints de tige conviennent pour assurer l\u2019\u00e9tanch\u00e9it\u00e9 int\u00e9rieure : d\u00e9couvrez le joint de tige MANOY\u00ae - Etanch\u00e9it\u00e9 int\u00e9rieure\",\"breadcrumb\":{\"@id\":\"https:\\\/\\\/fgti-distribution.fr\\\/joints-etancheite-idg\\\/gamme-specifique-industrie-alimentaire\\\/joints-de-tige\\\/#breadcrumb\"},\"inLanguage\":\"es\",\"potentialAction\":[{\"@type\":\"ReadAction\",\"target\":[\"https:\\\/\\\/fgti-distribution.fr\\\/joints-etancheite-idg\\\/gamme-specifique-industrie-alimentaire\\\/joints-de-tige\\\/\"]}]},{\"@type\":\"BreadcrumbList\",\"@id\":\"https:\\\/\\\/fgti-distribution.fr\\\/joints-etancheite-idg\\\/gamme-specifique-industrie-alimentaire\\\/joints-de-tige\\\/#breadcrumb\",\"itemListElement\":[{\"@type\":\"ListItem\",\"position\":1,\"name\":\"Home\",\"item\":\"https:\\\/\\\/fgti-distribution.fr\\\/\"},{\"@type\":\"ListItem\",\"position\":2,\"name\":\"Joints d&rsquo;\u00e9tanch\u00e9it\u00e9 IDG\",\"item\":\"https:\\\/\\\/fgti-distribution.fr\\\/joints-etancheite-idg\\\/\"},{\"@type\":\"ListItem\",\"position\":3,\"name\":\"Gamme sp\u00e9cifique pour l\u2019industrie alimentaire\",\"item\":\"https:\\\/\\\/fgti-distribution.fr\\\/joints-etancheite-idg\\\/gamme-specifique-industrie-alimentaire\\\/\"},{\"@type\":\"ListItem\",\"position\":4,\"name\":\"Joints de tige\"}]},{\"@type\":\"WebSite\",\"@id\":\"https:\\\/\\\/fgti-distribution.fr\\\/#website\",\"url\":\"https:\\\/\\\/fgti-distribution.fr\\\/\",\"name\":\"FGTI Distribution\",\"description\":\"Pi\u00e8ces techniques et services \u00e0 forte valeur ajout\u00e9e\",\"publisher\":{\"@id\":\"https:\\\/\\\/fgti-distribution.fr\\\/#organization\"},\"alternateName\":\"FGTI Distribution\",\"potentialAction\":[{\"@type\":\"SearchAction\",\"target\":{\"@type\":\"EntryPoint\",\"urlTemplate\":\"https:\\\/\\\/fgti-distribution.fr\\\/?s={search_term_string}\"},\"query-input\":{\"@type\":\"PropertyValueSpecification\",\"valueRequired\":true,\"valueName\":\"search_term_string\"}}],\"inLanguage\":\"es\"},{\"@type\":\"Organization\",\"@id\":\"https:\\\/\\\/fgti-distribution.fr\\\/#organization\",\"name\":\"FGTI Distribution\",\"alternateName\":\"FGTI Distribution\",\"url\":\"https:\\\/\\\/fgti-distribution.fr\\\/\",\"logo\":{\"@type\":\"ImageObject\",\"inLanguage\":\"es\",\"@id\":\"https:\\\/\\\/fgti-distribution.fr\\\/#\\\/schema\\\/logo\\\/image\\\/\",\"url\":\"https:\\\/\\\/fgti-distribution.fr\\\/wp-content\\\/uploads\\\/2022\\\/12\\\/logo.png\",\"contentUrl\":\"https:\\\/\\\/fgti-distribution.fr\\\/wp-content\\\/uploads\\\/2022\\\/12\\\/logo.png\",\"width\":500,\"height\":228,\"caption\":\"FGTI Distribution\"},\"image\":{\"@id\":\"https:\\\/\\\/fgti-distribution.fr\\\/#\\\/schema\\\/logo\\\/image\\\/\"},\"sameAs\":[\"https:\\\/\\\/www.linkedin.com\\\/company\\\/fgti-distribution\\\/\"]}]}<\/script>\n<!-- \/ Yoast SEO plugin. -->","yoast_head_json":{"title":"Etanch\u00e9it\u00e9 - Gamme sp\u00e9cifique pour l\u2019industrie alimentaire > Joints de tige","description":"Diff\u00e9rents profils de joints de tige conviennent pour assurer l\u2019\u00e9tanch\u00e9it\u00e9 int\u00e9rieure : d\u00e9couvrez le joint de tige MANOY\u00ae - Etanch\u00e9it\u00e9 int\u00e9rieure","robots":{"index":"index","follow":"follow","max-snippet":"max-snippet:-1","max-image-preview":"max-image-preview:large","max-video-preview":"max-video-preview:-1"},"canonical":"https:\/\/fgti-distribution.fr\/es\/juntas-estanqueidad-idg\/gama-especifica-industria-alimentaria\/juntas-de-vastago\/","og_locale":"es_ES","og_type":"article","og_title":"Etanch\u00e9it\u00e9 - Gamme sp\u00e9cifique pour l\u2019industrie alimentaire > Joints de tige","og_description":"Diff\u00e9rents profils de joints de tige conviennent pour assurer l\u2019\u00e9tanch\u00e9it\u00e9 int\u00e9rieure : d\u00e9couvrez le joint de tige MANOY\u00ae - Etanch\u00e9it\u00e9 int\u00e9rieure","og_url":"https:\/\/fgti-distribution.fr\/es\/juntas-estanqueidad-idg\/gama-especifica-industria-alimentaria\/juntas-de-vastago\/","og_site_name":"FGTI Distribution","article_modified_time":"2024-02-02T16:17:39+00:00","twitter_card":"summary_large_image","twitter_misc":{"Est. reading time":"1 minuto"},"schema":{"@context":"https:\/\/schema.org","@graph":[{"@type":"WebPage","@id":"https:\/\/fgti-distribution.fr\/joints-etancheite-idg\/gamme-specifique-industrie-alimentaire\/joints-de-tige\/","url":"https:\/\/fgti-distribution.fr\/joints-etancheite-idg\/gamme-specifique-industrie-alimentaire\/joints-de-tige\/","name":"Etanch\u00e9it\u00e9 - Gamme sp\u00e9cifique pour l\u2019industrie alimentaire > Joints de tige","isPartOf":{"@id":"https:\/\/fgti-distribution.fr\/#website"},"datePublished":"2019-04-25T12:42:21+00:00","dateModified":"2024-02-02T16:17:39+00:00","description":"Diff\u00e9rents profils de joints de tige conviennent pour assurer l\u2019\u00e9tanch\u00e9it\u00e9 int\u00e9rieure : d\u00e9couvrez le joint de tige MANOY\u00ae - Etanch\u00e9it\u00e9 int\u00e9rieure","breadcrumb":{"@id":"https:\/\/fgti-distribution.fr\/joints-etancheite-idg\/gamme-specifique-industrie-alimentaire\/joints-de-tige\/#breadcrumb"},"inLanguage":"es","potentialAction":[{"@type":"ReadAction","target":["https:\/\/fgti-distribution.fr\/joints-etancheite-idg\/gamme-specifique-industrie-alimentaire\/joints-de-tige\/"]}]},{"@type":"BreadcrumbList","@id":"https:\/\/fgti-distribution.fr\/joints-etancheite-idg\/gamme-specifique-industrie-alimentaire\/joints-de-tige\/#breadcrumb","itemListElement":[{"@type":"ListItem","position":1,"name":"Home","item":"https:\/\/fgti-distribution.fr\/"},{"@type":"ListItem","position":2,"name":"Joints d&rsquo;\u00e9tanch\u00e9it\u00e9 IDG","item":"https:\/\/fgti-distribution.fr\/joints-etancheite-idg\/"},{"@type":"ListItem","position":3,"name":"Gamme sp\u00e9cifique pour l\u2019industrie alimentaire","item":"https:\/\/fgti-distribution.fr\/joints-etancheite-idg\/gamme-specifique-industrie-alimentaire\/"},{"@type":"ListItem","position":4,"name":"Joints de tige"}]},{"@type":"WebSite","@id":"https:\/\/fgti-distribution.fr\/#website","url":"https:\/\/fgti-distribution.fr\/","name":"Distribuci\u00f3n FGTI","description":"Piezas t\u00e9cnicas y servicios de alto valor a\u00f1adido","publisher":{"@id":"https:\/\/fgti-distribution.fr\/#organization"},"alternateName":"FGTI Distribution","potentialAction":[{"@type":"SearchAction","target":{"@type":"EntryPoint","urlTemplate":"https:\/\/fgti-distribution.fr\/?s={search_term_string}"},"query-input":{"@type":"PropertyValueSpecification","valueRequired":true,"valueName":"search_term_string"}}],"inLanguage":"es"},{"@type":"Organization","@id":"https:\/\/fgti-distribution.fr\/#organization","name":"Distribuci\u00f3n FGTI","alternateName":"FGTI Distribution","url":"https:\/\/fgti-distribution.fr\/","logo":{"@type":"ImageObject","inLanguage":"es","@id":"https:\/\/fgti-distribution.fr\/#\/schema\/logo\/image\/","url":"https:\/\/fgti-distribution.fr\/wp-content\/uploads\/2022\/12\/logo.png","contentUrl":"https:\/\/fgti-distribution.fr\/wp-content\/uploads\/2022\/12\/logo.png","width":500,"height":228,"caption":"FGTI Distribution"},"image":{"@id":"https:\/\/fgti-distribution.fr\/#\/schema\/logo\/image\/"},"sameAs":["https:\/\/www.linkedin.com\/company\/fgti-distribution\/"]}]}},"_links":{"self":[{"href":"https:\/\/fgti-distribution.fr\/es\/wp-json\/wp\/v2\/pages\/5291","targetHints":{"allow":["GET"]}}],"collection":[{"href":"https:\/\/fgti-distribution.fr\/es\/wp-json\/wp\/v2\/pages"}],"about":[{"href":"https:\/\/fgti-distribution.fr\/es\/wp-json\/wp\/v2\/types\/page"}],"author":[{"embeddable":true,"href":"https:\/\/fgti-distribution.fr\/es\/wp-json\/wp\/v2\/users\/1"}],"replies":[{"embeddable":true,"href":"https:\/\/fgti-distribution.fr\/es\/wp-json\/wp\/v2\/comments?post=5291"}],"version-history":[{"count":18,"href":"https:\/\/fgti-distribution.fr\/es\/wp-json\/wp\/v2\/pages\/5291\/revisions"}],"predecessor-version":[{"id":9068,"href":"https:\/\/fgti-distribution.fr\/es\/wp-json\/wp\/v2\/pages\/5291\/revisions\/9068"}],"up":[{"embeddable":true,"href":"https:\/\/fgti-distribution.fr\/es\/wp-json\/wp\/v2\/pages\/5268"}],"wp:attachment":[{"href":"https:\/\/fgti-distribution.fr\/es\/wp-json\/wp\/v2\/media?parent=5291"}],"curies":[{"name":"wp","href":"https:\/\/api.w.org\/{rel}","templated":true}]}}