{"id":5319,"date":"2019-04-25T13:40:06","date_gmt":"2019-04-25T13:40:06","guid":{"rendered":"https:\/\/fgti-distribution.fr\/?page_id=5319"},"modified":"2024-02-02T16:12:37","modified_gmt":"2024-02-02T16:12:37","slug":"joints-d-arbre","status":"publish","type":"page","link":"https:\/\/fgti-distribution.fr\/es\/joints-etancheite-idg\/gamme-specifique-industrie-alimentaire\/joints-d-arbre\/","title":{"rendered":"Juntas de eje"},"content":{"rendered":"<section id=\"bt_bb_section69d0240e160f3\" class=\"bt_bb_section bt_bb_layout_boxed_1200\"  data-bt-override-class=\"null\"><div class=\"bt_bb_port\"><div class=\"bt_bb_cell\"><div class=\"bt_bb_cell_inner\"><div class=\"bt_bb_row\"  data-bt-override-class=\"{}\"><div class=\"bt_bb_row_holder\" ><div  class=\"bt_bb_column col-xxl-12 col-xl-12 col-xs-12 col-sm-12 col-md-12 col-lg-12 bt_bb_vertical_align_top bt_bb_align_left bt_bb_padding_normal\" style=\"; --column-width:12;\" data-width=\"12\" data-bt-override-class=\"{}\"><div class=\"bt_bb_column_content\"><div class=\"bt_bb_column_content_inner\"><div class=\"bt_bb_raw_content\"><table>\n\t<tbody><tr>\n\t\t<td style=\"width: 90%; color: #BABABA; font-size: 12px; border: 0 none;\">\n\t\t\tFGTI-Distribution > Joints d'\u00e9tanch\u00e9it\u00e9 > Catalogue > Gamme sp\u00e9cifique pour l\u2019industrie alimentaire > Joints d'arbre\n\t\t<\/td>\n\t\t<td style=\"text-align: right; padding: 0; border: 0 none;\">\n\t\t\t<a href=\"https:\/\/fgti-distribution.fr\/fiches_techniques\/IDG-FGTI-Joint-arbre.pdf\" target=\"_blank\" rel=\"noopener\">\n\t\t\t\t<img decoding=\"async\" src=\"https:\/\/fgti-distribution.fr\/wp-content\/themes\/twentyeleven\/images\/pdficon_large.png\">\n\t\t\t<\/a>\n\t\t<\/td>\n\t<\/tr>\n<\/tbody><\/table>\n\n<h1>Joint d\u2019arbre MANOY\u00ae Pour tout process de nettoyage de l\u2019industrie alimentaire<\/h1>\nPour l\u2019\u00e9tanch\u00e9it\u00e9 d\u2019arbre, on pr\u00e9conisera l\u2019utilisation du joint \u00e0 l\u00e8vre de profil 205 ou du joint d\u2019arbre de profil 238 pr\u00e9contraint par un joint torique. Le joint d'\u00e9tanch\u00e9it\u00e9 ext\u00e9rieure de profil 233 est utilis\u00e9 dans certains cas particuliers. \n<br><br>\nLa conception des joints, la d\u00e9finition des logements, et plus particuli\u00e8rement des rayons de fond de gorge offrent les meilleures conditions pour le nettoyage SIP \/ CIP. Le joint devant \u00eatre retir\u00e9 pour le nettoyage (WOP), des gorges ouvertes sont pr\u00e9conis\u00e9es. \n<br><br>\nPour des raisons fonctionnelles, les joints d'arbre avec un \u00e9l\u00e9ment de pr\u00e9contrainte sont fournis pourvus de notches radiaux.\n<br><br>\n<strong>Types :<\/strong><br>\n<span style=\"padding-left: 15px; font-weight: bold;\">Joint d\u2019arbre MANOY\u00ae Type 205<br><i class=\"far fa-hand-point-right\" style=\"font-size: 15px; vertical-align: text-top; padding-left: 15px;\"><\/i> Pour logement de type DIN 3760, ISO 6194 (ou plus \u00e9troit)<\/span>\n<br>\n<br>\n\t\t<img loading=\"lazy\" decoding=\"async\" src=\"https:\/\/fgti-distribution.fr\/wp-content\/uploads\/2019\/04\/joint-arbre-205.jpg\" width=\"300\" height=\"300\" srcset=\"https:\/\/fgti-distribution.fr\/wp-content\/uploads\/2019\/04\/joint-arbre-205.jpg 300w, https:\/\/fgti-distribution.fr\/wp-content\/uploads\/2019\/04\/joint-arbre-205-77x77.jpg 77w, https:\/\/fgti-distribution.fr\/wp-content\/uploads\/2019\/04\/joint-arbre-205-230x230.jpg 230w\" sizes=\"auto, (max-width: 300px) 100vw, 300px\" alt=\"Joint d'arbre 205\" class=\"so-widget-image\">\n<br>\t\n<strong>Joint d\u2019arbre MANOY\u00ae profil 205<\/strong><br>\nEl\u00e9ment d\u2019\u00e9tanch\u00e9it\u00e9 asym\u00e9trique pour pression simple effet<br>\nOptimis\u00e9 pour les nettoyages SIP\/CIP<br>\nProfil compact et \u00e9troit, gain de place<br>\nLogement : gorge ouverte<br>\nVitesse : max. 0 m\/s<br>\nPression de service : max. 4 MPa\n<br>\n\t\t<img decoding=\"async\" src=\"https:\/\/fgti-distribution.fr\/wp-content\/uploads\/2019\/04\/joint-arbre-238.jpg\" width=\"300\" height=\"300\" srcset=\"https:\/\/fgti-distribution.fr\/wp-content\/uploads\/2019\/04\/joint-arbre-238.jpg 300w, https:\/\/fgti-distribution.fr\/wp-content\/uploads\/2019\/04\/joint-arbre-238-77x77.jpg 77w, https:\/\/fgti-distribution.fr\/wp-content\/uploads\/2019\/04\/joint-arbre-238-230x230.jpg 230w\" sizes=\"auto, (max-width: 300px) 100vw, 300px\" alt=\"Joint d'arbre 238\" loading=\"lazy\" class=\"so-widget-image\">\n<br>\n<strong>Joint d\u2019arbre MANOY\u00ae profil 238<\/strong><br>\nEtanch\u00e9it\u00e9 int\u00e9rieure<br>\nProfil sym\u00e9trique pour pression double-effet \u2013 pressions diff\u00e9rentes ou \u00e9quivalentes des deux c\u00f4t\u00e9s<br>\nConforme aux r\u00e8gles d\u2018hygi\u00e8ne<br>\nVitesse :max. 3 m\/s<br>\nPression de service : max. 15 MPa\n<br>\n<br>\n\t\t<img decoding=\"async\" src=\"https:\/\/fgti-distribution.fr\/wp-content\/uploads\/2019\/04\/joint-arbre-233.jpg\" width=\"300\" height=\"300\" srcset=\"https:\/\/fgti-distribution.fr\/wp-content\/uploads\/2019\/04\/joint-arbre-233.jpg 300w, https:\/\/fgti-distribution.fr\/wp-content\/uploads\/2019\/04\/joint-arbre-233-77x77.jpg 77w, https:\/\/fgti-distribution.fr\/wp-content\/uploads\/2019\/04\/joint-arbre-233-230x230.jpg 230w\" sizes=\"auto, (max-width: 300px) 100vw, 300px\" alt=\"Joint d'arbre 233\" loading=\"lazy\" class=\"so-widget-image\">\n\t<br>\n<strong>Joint d\u2019arbre MANOY\u00ae profil 233<\/strong><br>\nEtanch\u00e9it\u00e9 ext\u00e9rieure<br>\nProfil sym\u00e9trique pour pression double-effet \u2013 pressions diff\u00e9rentes ou \u00e9quivalentes des deux c\u00f4t\u00e9s<br>\nConforme aux r\u00e8gles d\u2018hygi\u00e8ne<br>\nVitesse :max. 3 m\/s<br>\nPression de service : max. 15 MPa\n<br>\n<br><span style=\"font-weight: bold; line-height: 35px;\">Aplicaciones y caracter\u00edsticas<\/span>\n<ul style=\"padding-left: 30px;\">\n<li class=\"tiret\">Arbre de moteur<\/li>\n<li class=\"tiret\">Arbre de transmission ou d\u2019entra\u00eenement<\/li>\n<li class=\"tiret\">Adapt\u00e9 aux vitesses \u00e9lev\u00e9es et pressions basses<\/li>\n<li class=\"tiret\">Associ\u00e9 \u00e0 un joint torique pour une \u00e9tanch\u00e9it\u00e9 en fond de gorge<\/li>\n<li class=\"tiret\">Concept hygi\u00e9nique<\/li>\n<li class=\"tiret\">Pas de retenue devant le joint<\/li>\n<li class=\"tiret\">Echauffement diminu\u00e9 par le profil des l\u00e8vres<\/li>\n<li class=\"tiret\">Pr\u00e9contrainte activ\u00e9e par la pression<\/li>\n<li class=\"tiret\">La bague d\u2019appui int\u00e9gr\u00e9e ou usin\u00e9e pour \u00e9viter le basculement de la l\u00e8vre d\u2019\u00e9tanch\u00e9it\u00e9<\/li>\n<li class=\"tiret\">Dur\u00e9e de vie \u00e9lev\u00e9e par une r\u00e9sistance forte \u00e0 l\u2019abrasion<\/li>\n<li class=\"tiret\">Bon coefficient de frottement selon les mati\u00e8res<\/li>\n<li class=\"tiret\">Pas d\u2019adh\u00e9rence \u00e0 la surface oppos\u00e9e m\u00eame en cas d\u2019arr\u00eat prolong\u00e9<\/li>\n<\/ul>\n<br>\n<strong>Joint d\u2019arbre MANOY\u00ae Profil 238<br><i class=\"far fa-hand-point-right\" style=\"font-size: 15px; vertical-align: text-top; padding-left: 15px;\"><\/i> Pour logements de type DIN ISO 7425-2<\/strong>\n<span style=\"font-weight: bold; line-height: 35px;\">Aplicaciones y caracter\u00edsticas<\/span><br>\n<ul style=\"padding-left: 30px;\">\n<li class=\"tiret\">Raccord rotatif<\/li>\n<li class=\"tiret\">Moteur oscillant<\/li>\n<li class=\"tiret\">Cylindre rotatif<\/li>\n<li class=\"tiret\">Pr\u00e9contrainte activ\u00e9e par la pression<\/li>\n<li class=\"tiret\">Dur\u00e9e de vie \u00e9lev\u00e9e par une forte r\u00e9sistance \u00e0 l\u2019abrasion<\/li>\n<li class=\"tiret\">Application \u00e0 basse et moyenne pression et vitesse de rotation faible<\/li>\n<li class=\"tiret\">Pas d\u2019adh\u00e9rence sur la surface oppos\u00e9e en cas d\u2019arr\u00eat prolong\u00e9<\/li>\n<li class=\"tiret\">Du \u00d8 6 mm \u00e0 1.000 mm<\/li>\n<\/ul>\n<br>\n<strong>Joint d\u2019arbre MANOY\u00ae Profil 233<br><i class=\"far fa-hand-point-right\" style=\"font-size: 15px; vertical-align: text-top; padding-left: 15px;\"><\/i> Pour logement de type DIN ISO 7425-1<\/strong>\n<span style=\"font-weight: bold; line-height: 35px;\">Aplicaciones y caracter\u00edsticas<\/span><br>\n<ul style=\"padding-left: 30px;\">\n<li class=\"tiret\">Raccord rotatif<\/li>\n<li class=\"tiret\">Moteur oscillant<\/li>\n<li class=\"tiret\">Cylindre rotatif<\/li>\n<li class=\"tiret\">Pr\u00e9contrainte activ\u00e9e par la pression<\/li>\n<li class=\"tiret\">Dur\u00e9e de vie \u00e9lev\u00e9e par une forte r\u00e9sistance \u00e0 l\u2019abrasion<\/li>\n<li class=\"tiret\">Application \u00e0 moyenne pression et vitesse de rotation faible<\/li>\n<li class=\"tiret\">Pas d\u2019adh\u00e9rence sur la surface oppos\u00e9e en cas d\u2019arr\u00eat prolong\u00e9<\/li>\n<li class=\"tiret\">Du \u00d8 8 mm \u00e0 1.000 mm<\/li>\n<\/ul>\n<br><br><br><\/div><\/div><\/div><\/div><\/div><\/div><\/div><!-- cell_inner --><\/div><!-- cell --><\/div><!-- port --><\/section>","protected":false},"excerpt":{"rendered":"","protected":false},"author":1,"featured_media":0,"parent":5268,"menu_order":0,"comment_status":"closed","ping_status":"closed","template":"","meta":{"footnotes":""},"class_list":["post-5319","page","type-page","status-publish","hentry"],"yoast_head":"<!-- This site is optimized with the Yoast SEO plugin v27.3 - https:\/\/yoast.com\/product\/yoast-seo-wordpress\/ -->\n<title>Etanch\u00e9it\u00e9 - Gamme sp\u00e9cifique pour l\u2019industrie alimentaire &gt; Joints d&#039;arbre<\/title>\n<meta name=\"description\" content=\"FGTI Distribution, sp\u00e9cialiste en solutions d\u2019\u00e9tanch\u00e9it\u00e9 - Joint d\u2019arbre MANOY\u00ae Pour tout process de nettoyage de l\u2019industrie alimentaire.\" \/>\n<meta name=\"robots\" content=\"index, follow, max-snippet:-1, max-image-preview:large, max-video-preview:-1\" \/>\n<link rel=\"canonical\" href=\"https:\/\/fgti-distribution.fr\/es\/juntas-estanqueidad-idg\/gama-especifica-industria-alimentaria\/joints-d-arbre\/\" \/>\n<meta property=\"og:locale\" content=\"es_ES\" \/>\n<meta property=\"og:type\" content=\"article\" \/>\n<meta property=\"og:title\" content=\"Etanch\u00e9it\u00e9 - Gamme sp\u00e9cifique pour l\u2019industrie alimentaire &gt; Joints d&#039;arbre\" \/>\n<meta property=\"og:description\" content=\"FGTI Distribution, sp\u00e9cialiste en solutions d\u2019\u00e9tanch\u00e9it\u00e9 - Joint d\u2019arbre MANOY\u00ae Pour tout process de nettoyage de l\u2019industrie alimentaire.\" \/>\n<meta property=\"og:url\" content=\"https:\/\/fgti-distribution.fr\/es\/juntas-estanqueidad-idg\/gama-especifica-industria-alimentaria\/joints-d-arbre\/\" \/>\n<meta property=\"og:site_name\" content=\"FGTI Distribution\" \/>\n<meta property=\"article:modified_time\" content=\"2024-02-02T16:12:37+00:00\" \/>\n<meta name=\"twitter:card\" content=\"summary_large_image\" \/>\n<meta name=\"twitter:label1\" content=\"Est. reading time\" \/>\n\t<meta name=\"twitter:data1\" content=\"1 minuto\" \/>\n<script type=\"application\/ld+json\" class=\"yoast-schema-graph\">{\"@context\":\"https:\\\/\\\/schema.org\",\"@graph\":[{\"@type\":\"WebPage\",\"@id\":\"https:\\\/\\\/fgti-distribution.fr\\\/joints-etancheite-idg\\\/gamme-specifique-industrie-alimentaire\\\/joints-d-arbre\\\/\",\"url\":\"https:\\\/\\\/fgti-distribution.fr\\\/joints-etancheite-idg\\\/gamme-specifique-industrie-alimentaire\\\/joints-d-arbre\\\/\",\"name\":\"Etanch\u00e9it\u00e9 - Gamme sp\u00e9cifique pour l\u2019industrie alimentaire > Joints d'arbre\",\"isPartOf\":{\"@id\":\"https:\\\/\\\/fgti-distribution.fr\\\/#website\"},\"datePublished\":\"2019-04-25T13:40:06+00:00\",\"dateModified\":\"2024-02-02T16:12:37+00:00\",\"description\":\"FGTI Distribution, sp\u00e9cialiste en solutions d\u2019\u00e9tanch\u00e9it\u00e9 - Joint d\u2019arbre MANOY\u00ae Pour tout process de nettoyage de l\u2019industrie alimentaire.\",\"breadcrumb\":{\"@id\":\"https:\\\/\\\/fgti-distribution.fr\\\/joints-etancheite-idg\\\/gamme-specifique-industrie-alimentaire\\\/joints-d-arbre\\\/#breadcrumb\"},\"inLanguage\":\"es\",\"potentialAction\":[{\"@type\":\"ReadAction\",\"target\":[\"https:\\\/\\\/fgti-distribution.fr\\\/joints-etancheite-idg\\\/gamme-specifique-industrie-alimentaire\\\/joints-d-arbre\\\/\"]}]},{\"@type\":\"BreadcrumbList\",\"@id\":\"https:\\\/\\\/fgti-distribution.fr\\\/joints-etancheite-idg\\\/gamme-specifique-industrie-alimentaire\\\/joints-d-arbre\\\/#breadcrumb\",\"itemListElement\":[{\"@type\":\"ListItem\",\"position\":1,\"name\":\"Home\",\"item\":\"https:\\\/\\\/fgti-distribution.fr\\\/\"},{\"@type\":\"ListItem\",\"position\":2,\"name\":\"Joints d&rsquo;\u00e9tanch\u00e9it\u00e9 IDG\",\"item\":\"https:\\\/\\\/fgti-distribution.fr\\\/joints-etancheite-idg\\\/\"},{\"@type\":\"ListItem\",\"position\":3,\"name\":\"Gamme sp\u00e9cifique pour l\u2019industrie alimentaire\",\"item\":\"https:\\\/\\\/fgti-distribution.fr\\\/joints-etancheite-idg\\\/gamme-specifique-industrie-alimentaire\\\/\"},{\"@type\":\"ListItem\",\"position\":4,\"name\":\"Joints d\u2019arbre\"}]},{\"@type\":\"WebSite\",\"@id\":\"https:\\\/\\\/fgti-distribution.fr\\\/#website\",\"url\":\"https:\\\/\\\/fgti-distribution.fr\\\/\",\"name\":\"FGTI Distribution\",\"description\":\"Pi\u00e8ces techniques et services \u00e0 forte valeur ajout\u00e9e\",\"publisher\":{\"@id\":\"https:\\\/\\\/fgti-distribution.fr\\\/#organization\"},\"alternateName\":\"FGTI Distribution\",\"potentialAction\":[{\"@type\":\"SearchAction\",\"target\":{\"@type\":\"EntryPoint\",\"urlTemplate\":\"https:\\\/\\\/fgti-distribution.fr\\\/?s={search_term_string}\"},\"query-input\":{\"@type\":\"PropertyValueSpecification\",\"valueRequired\":true,\"valueName\":\"search_term_string\"}}],\"inLanguage\":\"es\"},{\"@type\":\"Organization\",\"@id\":\"https:\\\/\\\/fgti-distribution.fr\\\/#organization\",\"name\":\"FGTI Distribution\",\"alternateName\":\"FGTI Distribution\",\"url\":\"https:\\\/\\\/fgti-distribution.fr\\\/\",\"logo\":{\"@type\":\"ImageObject\",\"inLanguage\":\"es\",\"@id\":\"https:\\\/\\\/fgti-distribution.fr\\\/#\\\/schema\\\/logo\\\/image\\\/\",\"url\":\"https:\\\/\\\/fgti-distribution.fr\\\/wp-content\\\/uploads\\\/2022\\\/12\\\/logo.png\",\"contentUrl\":\"https:\\\/\\\/fgti-distribution.fr\\\/wp-content\\\/uploads\\\/2022\\\/12\\\/logo.png\",\"width\":500,\"height\":228,\"caption\":\"FGTI Distribution\"},\"image\":{\"@id\":\"https:\\\/\\\/fgti-distribution.fr\\\/#\\\/schema\\\/logo\\\/image\\\/\"},\"sameAs\":[\"https:\\\/\\\/www.linkedin.com\\\/company\\\/fgti-distribution\\\/\"]}]}<\/script>\n<!-- \/ Yoast SEO plugin. -->","yoast_head_json":{"title":"Etanch\u00e9it\u00e9 - Gamme sp\u00e9cifique pour l\u2019industrie alimentaire > Joints d'arbre","description":"FGTI Distribution, sp\u00e9cialiste en solutions d\u2019\u00e9tanch\u00e9it\u00e9 - Joint d\u2019arbre MANOY\u00ae Pour tout process de nettoyage de l\u2019industrie alimentaire.","robots":{"index":"index","follow":"follow","max-snippet":"max-snippet:-1","max-image-preview":"max-image-preview:large","max-video-preview":"max-video-preview:-1"},"canonical":"https:\/\/fgti-distribution.fr\/es\/juntas-estanqueidad-idg\/gama-especifica-industria-alimentaria\/joints-d-arbre\/","og_locale":"es_ES","og_type":"article","og_title":"Etanch\u00e9it\u00e9 - Gamme sp\u00e9cifique pour l\u2019industrie alimentaire > Joints d'arbre","og_description":"FGTI Distribution, sp\u00e9cialiste en solutions d\u2019\u00e9tanch\u00e9it\u00e9 - Joint d\u2019arbre MANOY\u00ae Pour tout process de nettoyage de l\u2019industrie alimentaire.","og_url":"https:\/\/fgti-distribution.fr\/es\/juntas-estanqueidad-idg\/gama-especifica-industria-alimentaria\/joints-d-arbre\/","og_site_name":"FGTI Distribution","article_modified_time":"2024-02-02T16:12:37+00:00","twitter_card":"summary_large_image","twitter_misc":{"Est. reading time":"1 minuto"},"schema":{"@context":"https:\/\/schema.org","@graph":[{"@type":"WebPage","@id":"https:\/\/fgti-distribution.fr\/joints-etancheite-idg\/gamme-specifique-industrie-alimentaire\/joints-d-arbre\/","url":"https:\/\/fgti-distribution.fr\/joints-etancheite-idg\/gamme-specifique-industrie-alimentaire\/joints-d-arbre\/","name":"Etanch\u00e9it\u00e9 - Gamme sp\u00e9cifique pour l\u2019industrie alimentaire > Joints d'arbre","isPartOf":{"@id":"https:\/\/fgti-distribution.fr\/#website"},"datePublished":"2019-04-25T13:40:06+00:00","dateModified":"2024-02-02T16:12:37+00:00","description":"FGTI Distribution, sp\u00e9cialiste en solutions d\u2019\u00e9tanch\u00e9it\u00e9 - Joint d\u2019arbre MANOY\u00ae Pour tout process de nettoyage de l\u2019industrie alimentaire.","breadcrumb":{"@id":"https:\/\/fgti-distribution.fr\/joints-etancheite-idg\/gamme-specifique-industrie-alimentaire\/joints-d-arbre\/#breadcrumb"},"inLanguage":"es","potentialAction":[{"@type":"ReadAction","target":["https:\/\/fgti-distribution.fr\/joints-etancheite-idg\/gamme-specifique-industrie-alimentaire\/joints-d-arbre\/"]}]},{"@type":"BreadcrumbList","@id":"https:\/\/fgti-distribution.fr\/joints-etancheite-idg\/gamme-specifique-industrie-alimentaire\/joints-d-arbre\/#breadcrumb","itemListElement":[{"@type":"ListItem","position":1,"name":"Home","item":"https:\/\/fgti-distribution.fr\/"},{"@type":"ListItem","position":2,"name":"Joints d&rsquo;\u00e9tanch\u00e9it\u00e9 IDG","item":"https:\/\/fgti-distribution.fr\/joints-etancheite-idg\/"},{"@type":"ListItem","position":3,"name":"Gamme sp\u00e9cifique pour l\u2019industrie alimentaire","item":"https:\/\/fgti-distribution.fr\/joints-etancheite-idg\/gamme-specifique-industrie-alimentaire\/"},{"@type":"ListItem","position":4,"name":"Joints d\u2019arbre"}]},{"@type":"WebSite","@id":"https:\/\/fgti-distribution.fr\/#website","url":"https:\/\/fgti-distribution.fr\/","name":"Distribuci\u00f3n FGTI","description":"Piezas t\u00e9cnicas y servicios de alto valor a\u00f1adido","publisher":{"@id":"https:\/\/fgti-distribution.fr\/#organization"},"alternateName":"FGTI Distribution","potentialAction":[{"@type":"SearchAction","target":{"@type":"EntryPoint","urlTemplate":"https:\/\/fgti-distribution.fr\/?s={search_term_string}"},"query-input":{"@type":"PropertyValueSpecification","valueRequired":true,"valueName":"search_term_string"}}],"inLanguage":"es"},{"@type":"Organization","@id":"https:\/\/fgti-distribution.fr\/#organization","name":"Distribuci\u00f3n FGTI","alternateName":"FGTI Distribution","url":"https:\/\/fgti-distribution.fr\/","logo":{"@type":"ImageObject","inLanguage":"es","@id":"https:\/\/fgti-distribution.fr\/#\/schema\/logo\/image\/","url":"https:\/\/fgti-distribution.fr\/wp-content\/uploads\/2022\/12\/logo.png","contentUrl":"https:\/\/fgti-distribution.fr\/wp-content\/uploads\/2022\/12\/logo.png","width":500,"height":228,"caption":"FGTI Distribution"},"image":{"@id":"https:\/\/fgti-distribution.fr\/#\/schema\/logo\/image\/"},"sameAs":["https:\/\/www.linkedin.com\/company\/fgti-distribution\/"]}]}},"_links":{"self":[{"href":"https:\/\/fgti-distribution.fr\/es\/wp-json\/wp\/v2\/pages\/5319","targetHints":{"allow":["GET"]}}],"collection":[{"href":"https:\/\/fgti-distribution.fr\/es\/wp-json\/wp\/v2\/pages"}],"about":[{"href":"https:\/\/fgti-distribution.fr\/es\/wp-json\/wp\/v2\/types\/page"}],"author":[{"embeddable":true,"href":"https:\/\/fgti-distribution.fr\/es\/wp-json\/wp\/v2\/users\/1"}],"replies":[{"embeddable":true,"href":"https:\/\/fgti-distribution.fr\/es\/wp-json\/wp\/v2\/comments?post=5319"}],"version-history":[{"count":37,"href":"https:\/\/fgti-distribution.fr\/es\/wp-json\/wp\/v2\/pages\/5319\/revisions"}],"predecessor-version":[{"id":9065,"href":"https:\/\/fgti-distribution.fr\/es\/wp-json\/wp\/v2\/pages\/5319\/revisions\/9065"}],"up":[{"embeddable":true,"href":"https:\/\/fgti-distribution.fr\/es\/wp-json\/wp\/v2\/pages\/5268"}],"wp:attachment":[{"href":"https:\/\/fgti-distribution.fr\/es\/wp-json\/wp\/v2\/media?parent=5319"}],"curies":[{"name":"wp","href":"https:\/\/api.w.org\/{rel}","templated":true}]}}