{"id":5353,"date":"2019-04-25T14:19:59","date_gmt":"2019-04-25T14:19:59","guid":{"rendered":"https:\/\/fgti-distribution.fr\/?page_id=5353"},"modified":"2026-04-10T12:15:09","modified_gmt":"2026-04-10T12:15:09","slug":"axial-conjunta","status":"publish","type":"page","link":"https:\/\/fgti-distribution.fr\/es\/joints-etancheite-idg\/gamme-specifique-industrie-alimentaire\/joint-axial\/","title":{"rendered":"Axial conjunta"},"content":{"rendered":"<section id=\"bt_bb_section69f4b165d12c9\" class=\"bt_bb_section bt_bb_layout_boxed_1200\"  data-bt-override-class=\"null\"><div class=\"bt_bb_port\"><div class=\"bt_bb_cell\"><div class=\"bt_bb_cell_inner\"><div class=\"bt_bb_row\"  data-bt-override-class=\"{}\"><div class=\"bt_bb_row_holder\" ><div  class=\"bt_bb_column col-xxl-12 col-xl-12 col-xs-12 col-sm-12 col-md-12 col-lg-12 bt_bb_vertical_align_top bt_bb_align_left bt_bb_padding_normal\" style=\"; --column-width:12;\" data-width=\"12\" data-bt-override-class=\"{}\"><div class=\"bt_bb_column_content\"><div class=\"bt_bb_column_content_inner\"><div class=\"bt_bb_raw_content\"><table>\n\t<tbody><tr>\n\t\t<td style=\"width: 90%; color: #BABABA; font-size: 12px; border: 0 none;\">\n\t\t\tFGTI-Distribution &gt; Juntas de sellado &gt; Cat\u00e1logo &gt; Gama espec\u00edfica para la industria alimentaria &gt; Juntas axiales\n\t\t<\/td>\n\t\t<td style=\"text-align: right; padding: 0; border: 0 none;\">\n\t\t\t<a href=\"https:\/\/fgti-distribution.fr\/fiches_techniques\/IDG-FGTI-Joint-axial.pdf\" target=\"_blank\" rel=\"noopener\">\n\t\t\t\t<img decoding=\"async\" src=\"https:\/\/fgti-distribution.fr\/wp-content\/img\/images\/pdficon_large.png\">\n\t\t\t<\/a>\n\t\t<\/td>\n\t<\/tr>\n<\/tbody><\/table>\n\n<h1>Junta axial de labio MANOY\u00ae<\/h1>\nLas juntas de labio MANOY\u00ae permiten el sellado axial. El problema recurrente de inclusiones de part\u00edculas en resortes de precarga abiertos no se presenta aqu\u00ed, ya que el resorte est\u00e1 insertado en la junta.\n<br><br>\nLa junta de labio de perfil 640 integra el resorte de forma herm\u00e9tica. La soluci\u00f3n adecuada para cumplir los criterios de higiene.\n<br><br>\nLas juntas de labios axiales MANOY\u00ae de los perfiles 640 y 643 aceptan limpiezas SIP\/CIP y WIP\/WOP.\n<br><br>\nSi se presenta el riesgo de introducci\u00f3n de producto desde el exterior en el resorte, se debe privilegiar el perfil 643.\n<br><br>\n<strong>Perfiles:<\/strong><br>\n<br>\n<img loading=\"lazy\" decoding=\"async\" src=\"https:\/\/fgti-distribution.fr\/wp-content\/uploads\/2019\/04\/joint-axial-640.jpg\" srcset=\"https:\/\/fgti-distribution.fr\/wp-content\/uploads\/2019\/04\/joint-axial-640.jpg 300w, https:\/\/fgti-distribution.fr\/wp-content\/uploads\/2019\/04\/joint-axial-640-77x77.jpg 77w, https:\/\/fgti-distribution.fr\/wp-content\/uploads\/2019\/04\/joint-axial-640-230x230.jpg 230w\" sizes=\"auto, (max-width: 300px) 100vw, 300px\" alt=\"Axial conjunto 640\" class=\"so-widget-image\" width=\"300\" height=\"300\">\n<br>\n<strong>Junta axial MANOY\u00ae Perfil 640<\/strong><br>\nJunta axial para rotaci\u00f3n<br>\nPara presi\u00f3n simple efecto \u2013 sellado en el lado interior <br>\nPrecarga por resorte helicoidal integrado<br>\nDise\u00f1ado seg\u00fan las reglas de higiene<br>\nAdaptado a bajas presiones y al vac\u00edo<br>\nVelocidad m\u00e1x. 3 m\/s<br>\nintermitente m\u00e1x. 8 m\/s<br>\nPresi\u00f3n de servicio hasta 3 MPa\n<br>\n\t\t<img decoding=\"async\" src=\"https:\/\/fgti-distribution.fr\/wp-content\/uploads\/2019\/04\/joint-axial-643.jpg\" srcset=\"https:\/\/fgti-distribution.fr\/wp-content\/uploads\/2019\/04\/joint-axial-643.jpg 300w, https:\/\/fgti-distribution.fr\/wp-content\/uploads\/2019\/04\/joint-axial-643-77x77.jpg 77w, https:\/\/fgti-distribution.fr\/wp-content\/uploads\/2019\/04\/joint-axial-643-230x230.jpg 230w\" sizes=\"auto, (max-width: 300px) 100vw, 300px\" alt=\"Eje axial 643\" loading=\"lazy\" class=\"so-widget-image\" width=\"300\" height=\"300\">\n<br>\n<strong>Junta axial MANOY\u00ae Perfil 643<\/strong><br>\nJunta axial para rotaci\u00f3n<br>\nPara presi\u00f3n simple efecto \u2013 sellado en el lado interior <br>\nPretensi\u00f3n por resorte helicoidal integrado herm\u00e9ticamente.<br>\nOptimizado seg\u00fan las reglas de higiene<br>\nAdaptado a bajas presiones y vac\u00edo.<br>\nVelocidad m\u00e1x. 3 m\/s<br>\nPresi\u00f3n de servicio hasta 3 MPa\n<br>\n<span style=\"font-weight: bold; line-height: 35px;\">Aplicaciones y caracter\u00edsticas<\/span>\n<ul style=\"padding-left: 30px;\">\n<li class=\"tiret\">Articulaci\u00f3n posicionada de frente para movimientos rotativos y oscilantes<\/li>\n<li class=\"tiret\">F\u00e1cil limpieza de superficies<\/li>\n<li class=\"tiret\">Uso a bajas y altas presiones a baja velocidad de rotaci\u00f3n<\/li>\n<li class=\"tiret\">Pretensado activado por presi\u00f3n<\/li>\n<li class=\"tiret\">Valores de fricci\u00f3n muy reducidos<\/li>\n<li class=\"tiret\">Para productos l\u00edquidos y gaseosos<\/li>\n<li class=\"tiret\">No adherencia en la superficie opuesta en caso de parada prolongada<\/li>\n<li class=\"tiret\">Funcionamiento en seco posible<\/li>\n<li class=\"tiret\">T\u00fa \u00d8 20 mm a 700 mm<\/li>\n<li class=\"tiret\">Inapropiado para presiones de pulso debido a la garganta abierta.<\/li>\n<\/ul>\n<br>\n<br><\/div><\/div><\/div><\/div><\/div><\/div><\/div><!-- cell_inner --><\/div><!-- cell --><\/div><!-- port --><\/section>","protected":false},"excerpt":{"rendered":"","protected":false},"author":1,"featured_media":0,"parent":5268,"menu_order":0,"comment_status":"closed","ping_status":"closed","template":"","meta":{"footnotes":""},"class_list":["post-5353","page","type-page","status-publish","hentry"],"yoast_head":"<!-- This site is optimized with the Yoast SEO plugin v27.3 - https:\/\/yoast.com\/product\/yoast-seo-wordpress\/ -->\n<title>Etanch\u00e9it\u00e9 - Gamme sp\u00e9cifique pour l\u2019industrie alimentaire &gt; Joints axial<\/title>\n<meta name=\"description\" content=\"Etanch\u00e9it\u00e9 - Gamme sp\u00e9cifique pour l\u2019industrie alimentaire &gt; Joints axial : les joints \u00e0 l\u00e8vres MANOY\u00ae permettent l\u2019\u00e9tanch\u00e9it\u00e9 axiale.\" \/>\n<meta name=\"robots\" content=\"index, follow, max-snippet:-1, max-image-preview:large, max-video-preview:-1\" \/>\n<link rel=\"canonical\" href=\"https:\/\/fgti-distribution.fr\/es\/juntas-estanqueidad-idg\/gama-especifica-industria-alimentaria\/axial-conjunta\/\" \/>\n<meta property=\"og:locale\" content=\"es_ES\" \/>\n<meta property=\"og:type\" content=\"article\" \/>\n<meta property=\"og:title\" content=\"Etanch\u00e9it\u00e9 - Gamme sp\u00e9cifique pour l\u2019industrie alimentaire &gt; Joints axial\" \/>\n<meta property=\"og:description\" content=\"Etanch\u00e9it\u00e9 - Gamme sp\u00e9cifique pour l\u2019industrie alimentaire &gt; Joints axial : les joints \u00e0 l\u00e8vres MANOY\u00ae permettent l\u2019\u00e9tanch\u00e9it\u00e9 axiale.\" \/>\n<meta property=\"og:url\" content=\"https:\/\/fgti-distribution.fr\/es\/juntas-estanqueidad-idg\/gama-especifica-industria-alimentaria\/axial-conjunta\/\" \/>\n<meta property=\"og:site_name\" content=\"FGTI Distribution\" \/>\n<meta property=\"article:modified_time\" content=\"2026-04-10T12:15:09+00:00\" \/>\n<meta name=\"twitter:card\" content=\"summary_large_image\" \/>\n<meta name=\"twitter:label1\" content=\"Est. reading time\" \/>\n\t<meta name=\"twitter:data1\" content=\"3 minutos\" \/>\n<script type=\"application\/ld+json\" class=\"yoast-schema-graph\">{\"@context\":\"https:\\\/\\\/schema.org\",\"@graph\":[{\"@type\":\"WebPage\",\"@id\":\"https:\\\/\\\/fgti-distribution.fr\\\/joints-etancheite-idg\\\/gamme-specifique-industrie-alimentaire\\\/joint-axial\\\/\",\"url\":\"https:\\\/\\\/fgti-distribution.fr\\\/joints-etancheite-idg\\\/gamme-specifique-industrie-alimentaire\\\/joint-axial\\\/\",\"name\":\"Etanch\u00e9it\u00e9 - Gamme sp\u00e9cifique pour l\u2019industrie alimentaire > Joints axial\",\"isPartOf\":{\"@id\":\"https:\\\/\\\/fgti-distribution.fr\\\/#website\"},\"datePublished\":\"2019-04-25T14:19:59+00:00\",\"dateModified\":\"2026-04-10T12:15:09+00:00\",\"description\":\"Etanch\u00e9it\u00e9 - Gamme sp\u00e9cifique pour l\u2019industrie alimentaire > Joints axial : les joints \u00e0 l\u00e8vres MANOY\u00ae permettent l\u2019\u00e9tanch\u00e9it\u00e9 axiale.\",\"breadcrumb\":{\"@id\":\"https:\\\/\\\/fgti-distribution.fr\\\/joints-etancheite-idg\\\/gamme-specifique-industrie-alimentaire\\\/joint-axial\\\/#breadcrumb\"},\"inLanguage\":\"es\",\"potentialAction\":[{\"@type\":\"ReadAction\",\"target\":[\"https:\\\/\\\/fgti-distribution.fr\\\/joints-etancheite-idg\\\/gamme-specifique-industrie-alimentaire\\\/joint-axial\\\/\"]}]},{\"@type\":\"BreadcrumbList\",\"@id\":\"https:\\\/\\\/fgti-distribution.fr\\\/joints-etancheite-idg\\\/gamme-specifique-industrie-alimentaire\\\/joint-axial\\\/#breadcrumb\",\"itemListElement\":[{\"@type\":\"ListItem\",\"position\":1,\"name\":\"Home\",\"item\":\"https:\\\/\\\/fgti-distribution.fr\\\/\"},{\"@type\":\"ListItem\",\"position\":2,\"name\":\"Joints d&rsquo;\u00e9tanch\u00e9it\u00e9 IDG\",\"item\":\"https:\\\/\\\/fgti-distribution.fr\\\/joints-etancheite-idg\\\/\"},{\"@type\":\"ListItem\",\"position\":3,\"name\":\"Gamme sp\u00e9cifique pour l\u2019industrie alimentaire\",\"item\":\"https:\\\/\\\/fgti-distribution.fr\\\/joints-etancheite-idg\\\/gamme-specifique-industrie-alimentaire\\\/\"},{\"@type\":\"ListItem\",\"position\":4,\"name\":\"Joint axial\"}]},{\"@type\":\"WebSite\",\"@id\":\"https:\\\/\\\/fgti-distribution.fr\\\/#website\",\"url\":\"https:\\\/\\\/fgti-distribution.fr\\\/\",\"name\":\"FGTI Distribution\",\"description\":\"Pi\u00e8ces techniques et services \u00e0 forte valeur ajout\u00e9e\",\"publisher\":{\"@id\":\"https:\\\/\\\/fgti-distribution.fr\\\/#organization\"},\"alternateName\":\"FGTI Distribution\",\"potentialAction\":[{\"@type\":\"SearchAction\",\"target\":{\"@type\":\"EntryPoint\",\"urlTemplate\":\"https:\\\/\\\/fgti-distribution.fr\\\/?s={search_term_string}\"},\"query-input\":{\"@type\":\"PropertyValueSpecification\",\"valueRequired\":true,\"valueName\":\"search_term_string\"}}],\"inLanguage\":\"es\"},{\"@type\":\"Organization\",\"@id\":\"https:\\\/\\\/fgti-distribution.fr\\\/#organization\",\"name\":\"FGTI Distribution\",\"alternateName\":\"FGTI Distribution\",\"url\":\"https:\\\/\\\/fgti-distribution.fr\\\/\",\"logo\":{\"@type\":\"ImageObject\",\"inLanguage\":\"es\",\"@id\":\"https:\\\/\\\/fgti-distribution.fr\\\/#\\\/schema\\\/logo\\\/image\\\/\",\"url\":\"https:\\\/\\\/fgti-distribution.fr\\\/wp-content\\\/uploads\\\/2022\\\/12\\\/logo.png\",\"contentUrl\":\"https:\\\/\\\/fgti-distribution.fr\\\/wp-content\\\/uploads\\\/2022\\\/12\\\/logo.png\",\"width\":500,\"height\":228,\"caption\":\"FGTI Distribution\"},\"image\":{\"@id\":\"https:\\\/\\\/fgti-distribution.fr\\\/#\\\/schema\\\/logo\\\/image\\\/\"},\"sameAs\":[\"https:\\\/\\\/www.linkedin.com\\\/company\\\/fgti-distribution\\\/\"]}]}<\/script>\n<!-- \/ Yoast SEO plugin. -->","yoast_head_json":{"title":"Impermeabilizaci\u00f3n - Gama espec\u00edfica para la industria alimentaria &gt; Juntas axiales","description":"Estanqueidad - Gama espec\u00edfica para la industria alimentaria &gt; Juntas axiales: las juntas de labios MANOY\u00ae permiten la estanqueidad axial.","robots":{"index":"index","follow":"follow","max-snippet":"max-snippet:-1","max-image-preview":"max-image-preview:large","max-video-preview":"max-video-preview:-1"},"canonical":"https:\/\/fgti-distribution.fr\/es\/juntas-estanqueidad-idg\/gama-especifica-industria-alimentaria\/axial-conjunta\/","og_locale":"es_ES","og_type":"article","og_title":"Etanch\u00e9it\u00e9 - Gamme sp\u00e9cifique pour l\u2019industrie alimentaire > Joints axial","og_description":"Etanch\u00e9it\u00e9 - Gamme sp\u00e9cifique pour l\u2019industrie alimentaire > Joints axial : les joints \u00e0 l\u00e8vres MANOY\u00ae permettent l\u2019\u00e9tanch\u00e9it\u00e9 axiale.","og_url":"https:\/\/fgti-distribution.fr\/es\/juntas-estanqueidad-idg\/gama-especifica-industria-alimentaria\/axial-conjunta\/","og_site_name":"FGTI Distribution","article_modified_time":"2026-04-10T12:15:09+00:00","twitter_card":"summary_large_image","twitter_misc":{"Est. reading time":"3 minutos"},"schema":{"@context":"https:\/\/schema.org","@graph":[{"@type":"WebPage","@id":"https:\/\/fgti-distribution.fr\/joints-etancheite-idg\/gamme-specifique-industrie-alimentaire\/joint-axial\/","url":"https:\/\/fgti-distribution.fr\/joints-etancheite-idg\/gamme-specifique-industrie-alimentaire\/joint-axial\/","name":"Impermeabilizaci\u00f3n - Gama espec\u00edfica para la industria alimentaria &gt; Juntas axiales","isPartOf":{"@id":"https:\/\/fgti-distribution.fr\/#website"},"datePublished":"2019-04-25T14:19:59+00:00","dateModified":"2026-04-10T12:15:09+00:00","description":"Estanqueidad - Gama espec\u00edfica para la industria alimentaria &gt; Juntas axiales: las juntas de labios MANOY\u00ae permiten la estanqueidad axial.","breadcrumb":{"@id":"https:\/\/fgti-distribution.fr\/joints-etancheite-idg\/gamme-specifique-industrie-alimentaire\/joint-axial\/#breadcrumb"},"inLanguage":"es","potentialAction":[{"@type":"ReadAction","target":["https:\/\/fgti-distribution.fr\/joints-etancheite-idg\/gamme-specifique-industrie-alimentaire\/joint-axial\/"]}]},{"@type":"BreadcrumbList","@id":"https:\/\/fgti-distribution.fr\/joints-etancheite-idg\/gamme-specifique-industrie-alimentaire\/joint-axial\/#breadcrumb","itemListElement":[{"@type":"ListItem","position":1,"name":"Home","item":"https:\/\/fgti-distribution.fr\/"},{"@type":"ListItem","position":2,"name":"Joints d&rsquo;\u00e9tanch\u00e9it\u00e9 IDG","item":"https:\/\/fgti-distribution.fr\/joints-etancheite-idg\/"},{"@type":"ListItem","position":3,"name":"Gamme sp\u00e9cifique pour l\u2019industrie alimentaire","item":"https:\/\/fgti-distribution.fr\/joints-etancheite-idg\/gamme-specifique-industrie-alimentaire\/"},{"@type":"ListItem","position":4,"name":"Joint axial"}]},{"@type":"WebSite","@id":"https:\/\/fgti-distribution.fr\/#website","url":"https:\/\/fgti-distribution.fr\/","name":"Distribuci\u00f3n FGTI","description":"Piezas t\u00e9cnicas y servicios de alto valor a\u00f1adido","publisher":{"@id":"https:\/\/fgti-distribution.fr\/#organization"},"alternateName":"FGTI Distribution","potentialAction":[{"@type":"SearchAction","target":{"@type":"EntryPoint","urlTemplate":"https:\/\/fgti-distribution.fr\/?s={search_term_string}"},"query-input":{"@type":"PropertyValueSpecification","valueRequired":true,"valueName":"search_term_string"}}],"inLanguage":"es"},{"@type":"Organization","@id":"https:\/\/fgti-distribution.fr\/#organization","name":"Distribuci\u00f3n FGTI","alternateName":"FGTI Distribution","url":"https:\/\/fgti-distribution.fr\/","logo":{"@type":"ImageObject","inLanguage":"es","@id":"https:\/\/fgti-distribution.fr\/#\/schema\/logo\/image\/","url":"https:\/\/fgti-distribution.fr\/wp-content\/uploads\/2022\/12\/logo.png","contentUrl":"https:\/\/fgti-distribution.fr\/wp-content\/uploads\/2022\/12\/logo.png","width":500,"height":228,"caption":"FGTI Distribution"},"image":{"@id":"https:\/\/fgti-distribution.fr\/#\/schema\/logo\/image\/"},"sameAs":["https:\/\/www.linkedin.com\/company\/fgti-distribution\/"]}]}},"_links":{"self":[{"href":"https:\/\/fgti-distribution.fr\/es\/wp-json\/wp\/v2\/pages\/5353","targetHints":{"allow":["GET"]}}],"collection":[{"href":"https:\/\/fgti-distribution.fr\/es\/wp-json\/wp\/v2\/pages"}],"about":[{"href":"https:\/\/fgti-distribution.fr\/es\/wp-json\/wp\/v2\/types\/page"}],"author":[{"embeddable":true,"href":"https:\/\/fgti-distribution.fr\/es\/wp-json\/wp\/v2\/users\/1"}],"replies":[{"embeddable":true,"href":"https:\/\/fgti-distribution.fr\/es\/wp-json\/wp\/v2\/comments?post=5353"}],"version-history":[{"count":19,"href":"https:\/\/fgti-distribution.fr\/es\/wp-json\/wp\/v2\/pages\/5353\/revisions"}],"predecessor-version":[{"id":10161,"href":"https:\/\/fgti-distribution.fr\/es\/wp-json\/wp\/v2\/pages\/5353\/revisions\/10161"}],"up":[{"embeddable":true,"href":"https:\/\/fgti-distribution.fr\/es\/wp-json\/wp\/v2\/pages\/5268"}],"wp:attachment":[{"href":"https:\/\/fgti-distribution.fr\/es\/wp-json\/wp\/v2\/media?parent=5353"}],"curies":[{"name":"wp","href":"https:\/\/api.w.org\/{rel}","templated":true}]}}