{"id":5395,"date":"2019-04-25T15:36:38","date_gmt":"2019-04-25T15:36:38","guid":{"rendered":"https:\/\/fgti-distribution.fr\/?page_id=5395"},"modified":"2023-05-16T06:53:29","modified_gmt":"2023-05-16T06:53:29","slug":"anneau-mobile","status":"publish","type":"page","link":"https:\/\/fgti-distribution.fr\/es\/joints-etancheite-idg\/gamme-specifique-centrales-hydrauliques\/anneau-mobile\/","title":{"rendered":"Anillo m\u00f3vil"},"content":{"rendered":"<section id=\"bt_bb_section69d02425ae574\" class=\"bt_bb_section bt_bb_layout_boxed_1200\"  data-bt-override-class=\"null\"><div class=\"bt_bb_port\"><div class=\"bt_bb_cell\"><div class=\"bt_bb_cell_inner\"><div class=\"bt_bb_row\"  data-bt-override-class=\"{}\"><div class=\"bt_bb_row_holder\" ><div  class=\"bt_bb_column col-xxl-12 col-xl-12 col-xs-12 col-sm-12 col-md-12 col-lg-12 bt_bb_vertical_align_top bt_bb_align_left bt_bb_padding_normal\" style=\"; --column-width:12;\" data-width=\"12\" data-bt-override-class=\"{}\"><div class=\"bt_bb_column_content\"><div class=\"bt_bb_column_content_inner\"><div class=\"bt_bb_raw_content\"><div class=\"bt_bb_wrapper\"><div id=\"pl-5395\" class=\"panel-layout\"><div id=\"pg-5395-0\" class=\"panel-grid panel-no-style\"><div id=\"pgc-5395-0-0\" class=\"panel-grid-cell\"><div id=\"panel-5395-0-0-0\" class=\"widget_text so-panel widget widget_custom_html panel-first-child panel-last-child\" data-index=\"0\"><div class=\"textwidget custom-html-widget\"><div style=\"color: #BABABA; font-size: 12px; margin-bottom: 20px;\">FGTI-Distribution > Joints d'\u00e9tanch\u00e9it\u00e9 > Catalogue > Gamme sp\u00e9cifique pour les centrales hydrauliques > Anneau mobile<\/div>\nLes anneaux mobiles sont utilis\u00e9s en fermeture en fin de conduite forc\u00e9e \u00e0 l\u2019avant de la turbine. Ils doivent arr\u00eater le flux d\u2019eau sous haute pression. \n<br><br>\nL\u2019anneau mobile est actionn\u00e9 par des v\u00e9rins hydrauliques.\n<br><br>\nPour l\u2019\u00e9tanch\u00e9it\u00e9 des anneaux mobiles IDG a d\u00e9velopp\u00e9 le syst\u00e8me MANOY\u00ae WP 434 pour l\u2019\u00e9tanch\u00e9it\u00e9 ext\u00e9rieure et le syst\u00e8me MANOY\u00ae WP 439 en \u00e9tanch\u00e9it\u00e9 int\u00e9rieure.\n<br><br>\nPour des r\u00e9visions les cotes peuvent \u00eatre adapt\u00e9es aux dimensions de gorges existantes.\n<br><br><\/div><\/div><\/div><\/div><div id=\"pg-5395-1\" class=\"panel-grid panel-no-style\"><div id=\"pgc-5395-1-0\" class=\"panel-grid-cell\"><div id=\"panel-5395-1-0-0\" class=\"so-panel widget widget_sow-image panel-first-child panel-last-child\" data-index=\"1\"><div class=\"so-widget-sow-image so-widget-sow-image-default-d6014b76747a-5395\">\n\n<div class=\"sow-image-container\">\n\t\t<img loading=\"lazy\" decoding=\"async\" src=\"https:\/\/fgti-distribution.fr\/wp-content\/uploads\/2019\/05\/Anneau-mobile.jpg\" width=\"314\" height=\"147\" srcset=\"https:\/\/fgti-distribution.fr\/wp-content\/uploads\/2019\/05\/Anneau-mobile.jpg 314w, https:\/\/fgti-distribution.fr\/wp-content\/uploads\/2019\/05\/Anneau-mobile-164x77.jpg 164w\" sizes=\"auto, (max-width: 314px) 100vw, 314px\" alt=\"Anillo m\u00f3vil\" class=\"so-widget-image\">\n\t<\/div>\n\n<\/div><\/div><\/div><\/div><div id=\"pg-5395-2\" class=\"panel-grid panel-no-style\"><div id=\"pgc-5395-2-0\" class=\"panel-grid-cell\"><div id=\"panel-5395-2-0-0\" class=\"widget_text so-panel widget widget_custom_html panel-first-child panel-last-child\" data-index=\"2\"><div class=\"textwidget custom-html-widget\"><br><br>\n<span style=\"font-weight: bold; line-height: 35px;\">Caracter\u00edsticas y aplicaciones<\/span><br>\n<ul style=\"padding-left: 30px;\">\n<li class=\"tiret\">Pas de limite de diam\u00e8tre<\/li>\n<li class=\"tiret\">Movimiento lineal<\/li>\n<li class=\"tiret\">Etanch\u00e9it\u00e9 simple ou double effet avec raclage<\/li>\n<li class=\"tiret\">Adaptable a las dimensiones de garganta existentes<\/li>\n<li class=\"tiret\">Presi\u00f3n m\u00e1xima. 40 MPa<\/li>\n<li class=\"tiret\">D\u00e9velopp\u00e9 pour l\u2019\u00e9tanch\u00e9it\u00e9 des anneaux mobiles<\/li>\n<li class=\"tiret\">Adapt\u00e9 \u00e9galement pour les expansions<\/li>\n<li class=\"tiret\">Tient compte des d\u00e9formations \u00e9ventuelles sous pression<\/li>\n<li class=\"tiret\">Fonctionnement optimis\u00e9 par un faible frottement et un profil par zone<\/li>\n<li class=\"tiret\">Forte r\u00e9sistance \u00e0 l\u2019usure accroissant la dur\u00e9e de vie<\/li>\n<li class=\"tiret\">Para revisiones, el sistema es adaptable a las gargantas existentes<\/li>\n<\/ul><\/div><\/div><\/div><\/div><\/div><\/div><\/div><\/div><\/div><\/div><\/div><\/div><\/div><!-- cell_inner --><\/div><!-- cell --><\/div><!-- port --><\/section>","protected":false},"excerpt":{"rendered":"","protected":false},"author":1,"featured_media":0,"parent":5377,"menu_order":0,"comment_status":"closed","ping_status":"closed","template":"","meta":{"footnotes":""},"class_list":["post-5395","page","type-page","status-publish","hentry"],"yoast_head":"<!-- This site is optimized with the Yoast SEO plugin v27.3 - https:\/\/yoast.com\/product\/yoast-seo-wordpress\/ -->\n<title>Gamme sp\u00e9cifique pour les centrales hydrauliques &gt; Anneau mobile<\/title>\n<meta name=\"description\" content=\"Pour l\u2019\u00e9tanch\u00e9it\u00e9 des anneaux mobiles, IDG a d\u00e9velopp\u00e9 le syst\u00e8me MANOY 434 pour l\u2019\u00e9tanch\u00e9it\u00e9 ext\u00e9rieure et le syst\u00e8me MANOY 439 en \u00e9tanch\u00e9it\u00e9 int\u00e9rieure.\" \/>\n<meta name=\"robots\" content=\"index, follow, max-snippet:-1, max-image-preview:large, max-video-preview:-1\" \/>\n<link rel=\"canonical\" href=\"https:\/\/fgti-distribution.fr\/es\/juntas-estanqueidad-idg\/gama-especifica-de-centrales-hidraulicas\/anneau-mobile\/\" \/>\n<meta property=\"og:locale\" content=\"es_ES\" \/>\n<meta property=\"og:type\" content=\"article\" \/>\n<meta property=\"og:title\" content=\"Gamme sp\u00e9cifique pour les centrales hydrauliques &gt; Anneau mobile\" \/>\n<meta property=\"og:description\" content=\"Pour l\u2019\u00e9tanch\u00e9it\u00e9 des anneaux mobiles, IDG a d\u00e9velopp\u00e9 le syst\u00e8me MANOY 434 pour l\u2019\u00e9tanch\u00e9it\u00e9 ext\u00e9rieure et le syst\u00e8me MANOY 439 en \u00e9tanch\u00e9it\u00e9 int\u00e9rieure.\" \/>\n<meta property=\"og:url\" content=\"https:\/\/fgti-distribution.fr\/es\/juntas-estanqueidad-idg\/gama-especifica-de-centrales-hidraulicas\/anneau-mobile\/\" \/>\n<meta property=\"og:site_name\" content=\"FGTI Distribution\" \/>\n<meta property=\"article:modified_time\" content=\"2023-05-16T06:53:29+00:00\" \/>\n<meta name=\"twitter:card\" content=\"summary_large_image\" \/>\n<meta name=\"twitter:label1\" content=\"Est. reading time\" \/>\n\t<meta name=\"twitter:data1\" content=\"1 minuto\" \/>\n<script type=\"application\/ld+json\" class=\"yoast-schema-graph\">{\"@context\":\"https:\\\/\\\/schema.org\",\"@graph\":[{\"@type\":\"WebPage\",\"@id\":\"https:\\\/\\\/fgti-distribution.fr\\\/joints-etancheite-idg\\\/gamme-specifique-centrales-hydrauliques\\\/anneau-mobile\\\/\",\"url\":\"https:\\\/\\\/fgti-distribution.fr\\\/joints-etancheite-idg\\\/gamme-specifique-centrales-hydrauliques\\\/anneau-mobile\\\/\",\"name\":\"Gamme sp\u00e9cifique pour les centrales hydrauliques > Anneau mobile\",\"isPartOf\":{\"@id\":\"https:\\\/\\\/fgti-distribution.fr\\\/#website\"},\"datePublished\":\"2019-04-25T15:36:38+00:00\",\"dateModified\":\"2023-05-16T06:53:29+00:00\",\"description\":\"Pour l\u2019\u00e9tanch\u00e9it\u00e9 des anneaux mobiles, IDG a d\u00e9velopp\u00e9 le syst\u00e8me MANOY 434 pour l\u2019\u00e9tanch\u00e9it\u00e9 ext\u00e9rieure et le syst\u00e8me MANOY 439 en \u00e9tanch\u00e9it\u00e9 int\u00e9rieure.\",\"breadcrumb\":{\"@id\":\"https:\\\/\\\/fgti-distribution.fr\\\/joints-etancheite-idg\\\/gamme-specifique-centrales-hydrauliques\\\/anneau-mobile\\\/#breadcrumb\"},\"inLanguage\":\"es\",\"potentialAction\":[{\"@type\":\"ReadAction\",\"target\":[\"https:\\\/\\\/fgti-distribution.fr\\\/joints-etancheite-idg\\\/gamme-specifique-centrales-hydrauliques\\\/anneau-mobile\\\/\"]}]},{\"@type\":\"BreadcrumbList\",\"@id\":\"https:\\\/\\\/fgti-distribution.fr\\\/joints-etancheite-idg\\\/gamme-specifique-centrales-hydrauliques\\\/anneau-mobile\\\/#breadcrumb\",\"itemListElement\":[{\"@type\":\"ListItem\",\"position\":1,\"name\":\"Home\",\"item\":\"https:\\\/\\\/fgti-distribution.fr\\\/\"},{\"@type\":\"ListItem\",\"position\":2,\"name\":\"Joints d&rsquo;\u00e9tanch\u00e9it\u00e9 IDG\",\"item\":\"https:\\\/\\\/fgti-distribution.fr\\\/joints-etancheite-idg\\\/\"},{\"@type\":\"ListItem\",\"position\":3,\"name\":\"Gamme sp\u00e9cifique pour les centrales hydrauliques\",\"item\":\"https:\\\/\\\/fgti-distribution.fr\\\/joints-etancheite-idg\\\/gamme-specifique-centrales-hydrauliques\\\/\"},{\"@type\":\"ListItem\",\"position\":4,\"name\":\"Anneau mobile\"}]},{\"@type\":\"WebSite\",\"@id\":\"https:\\\/\\\/fgti-distribution.fr\\\/#website\",\"url\":\"https:\\\/\\\/fgti-distribution.fr\\\/\",\"name\":\"FGTI Distribution\",\"description\":\"Pi\u00e8ces techniques et services \u00e0 forte valeur ajout\u00e9e\",\"publisher\":{\"@id\":\"https:\\\/\\\/fgti-distribution.fr\\\/#organization\"},\"alternateName\":\"FGTI Distribution\",\"potentialAction\":[{\"@type\":\"SearchAction\",\"target\":{\"@type\":\"EntryPoint\",\"urlTemplate\":\"https:\\\/\\\/fgti-distribution.fr\\\/?s={search_term_string}\"},\"query-input\":{\"@type\":\"PropertyValueSpecification\",\"valueRequired\":true,\"valueName\":\"search_term_string\"}}],\"inLanguage\":\"es\"},{\"@type\":\"Organization\",\"@id\":\"https:\\\/\\\/fgti-distribution.fr\\\/#organization\",\"name\":\"FGTI Distribution\",\"alternateName\":\"FGTI Distribution\",\"url\":\"https:\\\/\\\/fgti-distribution.fr\\\/\",\"logo\":{\"@type\":\"ImageObject\",\"inLanguage\":\"es\",\"@id\":\"https:\\\/\\\/fgti-distribution.fr\\\/#\\\/schema\\\/logo\\\/image\\\/\",\"url\":\"https:\\\/\\\/fgti-distribution.fr\\\/wp-content\\\/uploads\\\/2022\\\/12\\\/logo.png\",\"contentUrl\":\"https:\\\/\\\/fgti-distribution.fr\\\/wp-content\\\/uploads\\\/2022\\\/12\\\/logo.png\",\"width\":500,\"height\":228,\"caption\":\"FGTI Distribution\"},\"image\":{\"@id\":\"https:\\\/\\\/fgti-distribution.fr\\\/#\\\/schema\\\/logo\\\/image\\\/\"},\"sameAs\":[\"https:\\\/\\\/www.linkedin.com\\\/company\\\/fgti-distribution\\\/\"]}]}<\/script>\n<!-- \/ Yoast SEO plugin. -->","yoast_head_json":{"title":"Gamme sp\u00e9cifique pour les centrales hydrauliques > Anneau mobile","description":"Pour l\u2019\u00e9tanch\u00e9it\u00e9 des anneaux mobiles, IDG a d\u00e9velopp\u00e9 le syst\u00e8me MANOY 434 pour l\u2019\u00e9tanch\u00e9it\u00e9 ext\u00e9rieure et le syst\u00e8me MANOY 439 en \u00e9tanch\u00e9it\u00e9 int\u00e9rieure.","robots":{"index":"index","follow":"follow","max-snippet":"max-snippet:-1","max-image-preview":"max-image-preview:large","max-video-preview":"max-video-preview:-1"},"canonical":"https:\/\/fgti-distribution.fr\/es\/juntas-estanqueidad-idg\/gama-especifica-de-centrales-hidraulicas\/anneau-mobile\/","og_locale":"es_ES","og_type":"article","og_title":"Gamme sp\u00e9cifique pour les centrales hydrauliques > Anneau mobile","og_description":"Pour l\u2019\u00e9tanch\u00e9it\u00e9 des anneaux mobiles, IDG a d\u00e9velopp\u00e9 le syst\u00e8me MANOY 434 pour l\u2019\u00e9tanch\u00e9it\u00e9 ext\u00e9rieure et le syst\u00e8me MANOY 439 en \u00e9tanch\u00e9it\u00e9 int\u00e9rieure.","og_url":"https:\/\/fgti-distribution.fr\/es\/juntas-estanqueidad-idg\/gama-especifica-de-centrales-hidraulicas\/anneau-mobile\/","og_site_name":"FGTI Distribution","article_modified_time":"2023-05-16T06:53:29+00:00","twitter_card":"summary_large_image","twitter_misc":{"Est. reading time":"1 minuto"},"schema":{"@context":"https:\/\/schema.org","@graph":[{"@type":"WebPage","@id":"https:\/\/fgti-distribution.fr\/joints-etancheite-idg\/gamme-specifique-centrales-hydrauliques\/anneau-mobile\/","url":"https:\/\/fgti-distribution.fr\/joints-etancheite-idg\/gamme-specifique-centrales-hydrauliques\/anneau-mobile\/","name":"Gamme sp\u00e9cifique pour les centrales hydrauliques > Anneau mobile","isPartOf":{"@id":"https:\/\/fgti-distribution.fr\/#website"},"datePublished":"2019-04-25T15:36:38+00:00","dateModified":"2023-05-16T06:53:29+00:00","description":"Pour l\u2019\u00e9tanch\u00e9it\u00e9 des anneaux mobiles, IDG a d\u00e9velopp\u00e9 le syst\u00e8me MANOY 434 pour l\u2019\u00e9tanch\u00e9it\u00e9 ext\u00e9rieure et le syst\u00e8me MANOY 439 en \u00e9tanch\u00e9it\u00e9 int\u00e9rieure.","breadcrumb":{"@id":"https:\/\/fgti-distribution.fr\/joints-etancheite-idg\/gamme-specifique-centrales-hydrauliques\/anneau-mobile\/#breadcrumb"},"inLanguage":"es","potentialAction":[{"@type":"ReadAction","target":["https:\/\/fgti-distribution.fr\/joints-etancheite-idg\/gamme-specifique-centrales-hydrauliques\/anneau-mobile\/"]}]},{"@type":"BreadcrumbList","@id":"https:\/\/fgti-distribution.fr\/joints-etancheite-idg\/gamme-specifique-centrales-hydrauliques\/anneau-mobile\/#breadcrumb","itemListElement":[{"@type":"ListItem","position":1,"name":"Home","item":"https:\/\/fgti-distribution.fr\/"},{"@type":"ListItem","position":2,"name":"Joints d&rsquo;\u00e9tanch\u00e9it\u00e9 IDG","item":"https:\/\/fgti-distribution.fr\/joints-etancheite-idg\/"},{"@type":"ListItem","position":3,"name":"Gamme sp\u00e9cifique pour les centrales hydrauliques","item":"https:\/\/fgti-distribution.fr\/joints-etancheite-idg\/gamme-specifique-centrales-hydrauliques\/"},{"@type":"ListItem","position":4,"name":"Anneau mobile"}]},{"@type":"WebSite","@id":"https:\/\/fgti-distribution.fr\/#website","url":"https:\/\/fgti-distribution.fr\/","name":"Distribuci\u00f3n FGTI","description":"Piezas t\u00e9cnicas y servicios de alto valor a\u00f1adido","publisher":{"@id":"https:\/\/fgti-distribution.fr\/#organization"},"alternateName":"FGTI Distribution","potentialAction":[{"@type":"SearchAction","target":{"@type":"EntryPoint","urlTemplate":"https:\/\/fgti-distribution.fr\/?s={search_term_string}"},"query-input":{"@type":"PropertyValueSpecification","valueRequired":true,"valueName":"search_term_string"}}],"inLanguage":"es"},{"@type":"Organization","@id":"https:\/\/fgti-distribution.fr\/#organization","name":"Distribuci\u00f3n FGTI","alternateName":"FGTI Distribution","url":"https:\/\/fgti-distribution.fr\/","logo":{"@type":"ImageObject","inLanguage":"es","@id":"https:\/\/fgti-distribution.fr\/#\/schema\/logo\/image\/","url":"https:\/\/fgti-distribution.fr\/wp-content\/uploads\/2022\/12\/logo.png","contentUrl":"https:\/\/fgti-distribution.fr\/wp-content\/uploads\/2022\/12\/logo.png","width":500,"height":228,"caption":"FGTI Distribution"},"image":{"@id":"https:\/\/fgti-distribution.fr\/#\/schema\/logo\/image\/"},"sameAs":["https:\/\/www.linkedin.com\/company\/fgti-distribution\/"]}]}},"_links":{"self":[{"href":"https:\/\/fgti-distribution.fr\/es\/wp-json\/wp\/v2\/pages\/5395","targetHints":{"allow":["GET"]}}],"collection":[{"href":"https:\/\/fgti-distribution.fr\/es\/wp-json\/wp\/v2\/pages"}],"about":[{"href":"https:\/\/fgti-distribution.fr\/es\/wp-json\/wp\/v2\/types\/page"}],"author":[{"embeddable":true,"href":"https:\/\/fgti-distribution.fr\/es\/wp-json\/wp\/v2\/users\/1"}],"replies":[{"embeddable":true,"href":"https:\/\/fgti-distribution.fr\/es\/wp-json\/wp\/v2\/comments?post=5395"}],"version-history":[{"count":12,"href":"https:\/\/fgti-distribution.fr\/es\/wp-json\/wp\/v2\/pages\/5395\/revisions"}],"predecessor-version":[{"id":7938,"href":"https:\/\/fgti-distribution.fr\/es\/wp-json\/wp\/v2\/pages\/5395\/revisions\/7938"}],"up":[{"embeddable":true,"href":"https:\/\/fgti-distribution.fr\/es\/wp-json\/wp\/v2\/pages\/5377"}],"wp:attachment":[{"href":"https:\/\/fgti-distribution.fr\/es\/wp-json\/wp\/v2\/media?parent=5395"}],"curies":[{"name":"wp","href":"https:\/\/api.w.org\/{rel}","templated":true}]}}